{"id":2887,"date":"2024-07-18T11:05:14","date_gmt":"2024-07-18T11:05:14","guid":{"rendered":"https:\/\/aiartfree.online\/?page_id=2887"},"modified":"2025-03-07T08:20:04","modified_gmt":"2025-03-07T08:20:04","slug":"free-online-midjourney","status":"publish","type":"page","link":"https:\/\/aiartfree.online\/da\/gratis-online-midjourney\/","title":{"rendered":"Gratis online midtvejsrejse"},"content":{"rendered":"<h2 class=\"wp-block-heading has-text-align-center\" id=\"what-our-users-made\">Hvad vores brugere lavede<\/h2>\n\n\n\n<figure class=\"gb-block-image gb-block-image-1822da1f\"><img data-recalc-dims=\"1\" decoding=\"async\" loading=\"lazy\" width=\"1200\" height=\"763\" class=\"gb-image gb-image-1822da1f\" src=\"https:\/\/i0.wp.com\/aiartfree.online\/wp-content\/uploads\/2024\/08\/WX20240802-170918%402x.jpg?resize=1200%2C763&#038;ssl=1\" alt=\"Midjourney er et AI-drevet v\u00e6rkt\u00f8j, der giver brugerne mulighed for at generere billeder ud fra tekstprompter. Det er her, den gratis online Midjourney kommer ind i billedet. Ingen gr\u00e6nse, ingen tilmelding\" title=\"WX20240802-170918@2x\" srcset=\"https:\/\/i0.wp.com\/aiartfree.online\/wp-content\/uploads\/2024\/08\/WX20240802-170918%402x.jpg?w=1918&amp;ssl=1 1918w, https:\/\/i0.wp.com\/aiartfree.online\/wp-content\/uploads\/2024\/08\/WX20240802-170918%402x.jpg?resize=300%2C191&amp;ssl=1 300w, https:\/\/i0.wp.com\/aiartfree.online\/wp-content\/uploads\/2024\/08\/WX20240802-170918%402x.jpg?resize=1024%2C651&amp;ssl=1 1024w, https:\/\/i0.wp.com\/aiartfree.online\/wp-content\/uploads\/2024\/08\/WX20240802-170918%402x.jpg?resize=768%2C489&amp;ssl=1 768w, https:\/\/i0.wp.com\/aiartfree.online\/wp-content\/uploads\/2024\/08\/WX20240802-170918%402x.jpg?resize=1536%2C977&amp;ssl=1 1536w, https:\/\/i0.wp.com\/aiartfree.online\/wp-content\/uploads\/2024\/08\/WX20240802-170918%402x.jpg?resize=18%2C12&amp;ssl=1 18w, https:\/\/i0.wp.com\/aiartfree.online\/wp-content\/uploads\/2024\/08\/WX20240802-170918%402x.jpg?resize=600%2C382&amp;ssl=1 600w\" sizes=\"auto, (max-width: 1200px) 100vw, 1200px\" \/><\/figure>\n\n\n\n<h2 class=\"wp-block-heading\" id=\"how-to-use-the-free-online-midjourney\">S\u00e5dan bruger du den gratis online midjourney<\/h2>\n\n\n\n<ol class=\"wp-block-list\">\n<li class=\"\">Indtast dine instruktioner<\/li>\n\n\n\n<li class=\"\">Klik p\u00e5 \"Generer\"<\/li>\n\n\n\n<li class=\"\">Vent, det er det!<\/li>\n<\/ol>\n\n\n\n<p class=\"\">* Du er velkommen til at pr\u00f8ve vores eksempler nedenfor, hvis du ikke har nogen tanker i hovedet.<\/p>\n\n\n\n<h3 class=\"wp-block-heading\" id=\"prompt-examples\">Eksempler p\u00e5 opfordringer<\/h3>\n\n\n\n<ol style=\"font-size:16px\" class=\"wp-block-list\">\n<li class=\"\">Betagende, meget detaljeret grafisk illustration af Morgan Freeman, der k\u00f8rer p\u00e5 en Harley Davidson-motorcykel, m\u00f8rk og dyster.<\/li>\n\n\n\n<li class=\"\">Betagende grafisk romanillustration Midt i den store stjernet\u00e5ge sv\u00e6ver en ensom astronaut fastsp\u00e6ndt til et lysende rumskib. De str\u00e5lende gasser i stjernet\u00e5gen danser rundt og reflekterer levende farver p\u00e5 dragten og skaber en ballet af lys og bev\u00e6gelse.<\/li>\n\n\n\n<li class=\"\">Betagende grafisk romanillustration af Ved en korsvej i en postapokalyptisk \u00f8demark synger en vandrer med en guitar lavet af metalskrot fort\u00e6llinger om den gamle verden. Mutante v\u00e6sener samles omkring lejrb\u00e5let, deres \u00f8jne er fyldt med l\u00e6ngsel.<\/li>\n\n\n\n<li class=\"\">Betagende grafisk romanillustration af et barn, der jager farverige sommerfugle p\u00e5 en livlig eng.<\/li>\n\n\n\n<li class=\"\">Betagende grafisk romanillustration P\u00e5 en strand, hvor b\u00f8lgerne er v\u00e6vet af historier, skaber en historiefort\u00e6ller med en v\u00e6v af m\u00e5neskin fort\u00e6llinger fra tidevandet. Skaller hvisker legender, og horisonten er et billedt\u00e6ppe af eventyr, der endnu ikke er fortalt.<\/li>\n\n\n\n<li class=\"\">Betagende grafisk romanillustration af en falk, der sv\u00e6ver over en \u00f8rken p\u00e5 jagt efter bytte.<\/li>\n\n\n\n<li class=\"\">Betagende grafisk romanillustration Dybt inde i den arktiske cirkel maler et nordlys himlen med levende nuancer af gr\u00f8n, pink og lilla. Sneen nedenunder reflekterer denne lysdans, og verden er indhyllet i en fascinerende farvesymfoni.<\/li>\n\n\n\n<li class=\"\">Betagende grafisk romanillustration af en tatov\u00f8r, der laver et indviklet design p\u00e5 en kundes ryg.<\/li>\n\n\n\n<li class=\"\">Betagende grafisk romanillustration af en kvinde, draperet i farverig silke, der l\u00e6ser tarotkort i et telt oplyst af stearinlys.<\/li>\n\n\n\n<li class=\"\">Betagende grafisk romanillustration af to sp\u00e9l\u00e9ologer, der kortl\u00e6gger en dyb hule med fakler, der lyser vejen op.<\/li>\n<\/ol>\n\n\n\n<figure class=\"gb-block-image gb-block-image-032aac41\"><a href=\"https:\/\/fas.st\/t\/9U4PYbm7\" target=\"_blank\" rel=\"noopener noreferrer\"><img data-recalc-dims=\"1\" decoding=\"async\" loading=\"lazy\" width=\"1200\" height=\"365\" class=\"gb-image gb-image-032aac41\" src=\"https:\/\/i0.wp.com\/aiartfree.online\/wp-content\/uploads\/2025\/03\/WX20250307-115412%402x.webp?resize=1200%2C365&#038;ssl=1\" alt=\"\" title=\"WX20250307-115412@2x\" srcset=\"https:\/\/i0.wp.com\/aiartfree.online\/wp-content\/uploads\/2025\/03\/WX20250307-115412%402x.webp?w=1942&amp;ssl=1 1942w, https:\/\/i0.wp.com\/aiartfree.online\/wp-content\/uploads\/2025\/03\/WX20250307-115412%402x.webp?resize=300%2C91&amp;ssl=1 300w, https:\/\/i0.wp.com\/aiartfree.online\/wp-content\/uploads\/2025\/03\/WX20250307-115412%402x.webp?resize=1024%2C312&amp;ssl=1 1024w, https:\/\/i0.wp.com\/aiartfree.online\/wp-content\/uploads\/2025\/03\/WX20250307-115412%402x.webp?resize=768%2C234&amp;ssl=1 768w, https:\/\/i0.wp.com\/aiartfree.online\/wp-content\/uploads\/2025\/03\/WX20250307-115412%402x.webp?resize=1536%2C467&amp;ssl=1 1536w, https:\/\/i0.wp.com\/aiartfree.online\/wp-content\/uploads\/2025\/03\/WX20250307-115412%402x.webp?resize=18%2C5&amp;ssl=1 18w, https:\/\/i0.wp.com\/aiartfree.online\/wp-content\/uploads\/2025\/03\/WX20250307-115412%402x.webp?resize=600%2C183&amp;ssl=1 600w\" sizes=\"auto, (max-width: 1200px) 100vw, 1200px\" \/><\/a><\/figure>\n\n\n\n<p class=\"\"><em>* Afh\u00e6ngigt af din internethastighed kan det tage et par sekunder at indl\u00e6se modellen.<br>* Der vil v\u00e6re caching under kontinuerlig generering, og det nye billede vil blive vist efter ca. 3 sekunder.<\/em><\/p>\n\n\n\n<div class=\"iframe-wrapper\" style=\"position: relative; width: 100%; height: 1230px;\">\n  <div class=\"loading\" style=\"position: absolute; top: 50px; left: 50%; transform: translate(-50%, -50%); width: 40px; height: 40px; border: 3px solid #f0f0f0; border-top: 3px solid #db7093; border-radius: 50%; animation: spin 1s linear infinite;\"><\/div>\n  <iframe loading=\"lazy\" src=\"https:\/\/predatortoabuse-realistic-image-generator-model.static.hf.space\" frameborder=\"0\" width=\"100%\" height=\"100%\" style=\"position: absolute; top: 0; left: 0; opacity: 0; transition: opacity 0.3s;\" onload=\"this.style.opacity=1;this.previousElementSibling.style.display='none';\"><\/iframe>\n<\/div>\n\n<style>\n@keyframes spin {\n  0% { transform: translate(-50%, -50%) rotate(0deg); }\n  100% { transform: translate(-50%, -50%) rotate(360deg); }\n}\n<\/style>\n\n\n\n<div style=\"height:100px\" aria-hidden=\"true\" class=\"wp-block-spacer\"><\/div>\n\n\n\n<h2 class=\"wp-block-heading\" id=\"introduction-of-free-online-midjourney\"><strong>Introduktion af gratis online midjourney<\/strong><\/h2>\n\n\n\n<p class=\"\">Midjourney er et AI-drevet v\u00e6rkt\u00f8j, der giver brugerne mulighed for at generere billeder ud fra tekstbeskeder. Med stigningen i AI-genereret kunst er Midjourney blevet et popul\u00e6rt v\u00e6rkt\u00f8j blandt kreative og kunstentusiaster. Det er dog ikke alle, der har r\u00e5d til at betale for tjenesten. Det er her, gratis online Midjourney kommer ind i billedet. I denne artikel vil vi unders\u00f8ge, hvad gratis online Midjourney er, hvorfor du skal bruge det, dets fordele, hvorn\u00e5r du skal bruge det, og hvem der kan f\u00e5 gavn af det. Vi ser ogs\u00e5 p\u00e5 nogle af de bedste gratis online Midjourney-v\u00e6rkt\u00f8jer og -hjemmesider, deres fordele og ulemper og besvarer nogle ofte stillede sp\u00f8rgsm\u00e5l.<\/p>\n\n\n\n<div class=\"wp-block-rank-math-toc-block\" id=\"rank-math-toc\"><h3>Indholdsfortegnelse<\/h3><nav><ul><li><a href=\"#prompt-examples\">Eksempler p\u00e5 opfordringer<\/a><\/li><li><a href=\"#\ufffc-what-is-free-online-midjourney\">\ufffcHvad er gratis online midjourney?<\/a><\/li><li><a href=\"#\ufffc-why-use-free-online-midjourney\">\ufffcHvorfor bruge gratis online midjourney?<\/a><\/li><li><a href=\"#\ufffc-benefits-of-using-free-online-midjourney\">\ufffcFordele ved at bruge gratis online midjourney<\/a><ul><li><a href=\"#\ufffc-1-cost-effective\">\ufffc1. Omkostningseffektiv<\/a><\/li><li><a href=\"#\ufffc-2-experimentation\">\ufffc2. Eksperimentering<\/a><\/li><li><a href=\"#\ufffc-3-accessibility\">\ufffc3. Tilg\u00e6ngelighed<\/a><\/li><\/ul><\/li><li><a href=\"#\ufffc-when-to-use-free-online-midjourney\">\ufffcHvorn\u00e5r skal man bruge gratis online-midtvejsk\u00f8rsel<\/a><\/li><li><a href=\"#\ufffc-who-can-benefit-from-free-online-midjourney\">\ufffcHvem kan f\u00e5 gavn af gratis online-midtvejskirurgi?<\/a><ul><li><a href=\"#\ufffc-1-creatives\">\ufffc1. Kreativitet<\/a><\/li><li><a href=\"#\ufffc-2-students\">\ufffc2. Studerende<\/a><\/li><li><a href=\"#\ufffc-3-hobbyists\">\ufffc3. Hobbyister<\/a><\/li><\/ul><\/li><li><a href=\"#\ufffc-free-online-midjourney-tools-and-websites\">\ufffcGratis online midtvejsv\u00e6rkt\u00f8jer og hjemmesider<\/a><\/li><li><a href=\"#\ufffc-pros-and-cons-of-free-online-midjourney-tools-and-websites\">\ufffcFordele og ulemper ved gratis online midjourney-v\u00e6rkt\u00f8jer og -hjemmesider<\/a><\/li><li><a href=\"#\ufffc-top-recommendation\">\ufffcTop anbefaling<\/a><\/li><li><a href=\"#\ufffcfaq\">\ufffcFAQ<\/a><ul><li><a href=\"#\ufffc-1-is-free-online-midjourney-safe-to-use\">\ufffc1. Er gratis online Midjourney sikkert at bruge?<\/a><\/li><li><a href=\"#\ufffc-2-can-i-use-free-online-midjourney-for-commercial-purposes\">\ufffc2. Kan jeg bruge gratis online Midjourney til kommercielle form\u00e5l?<\/a><\/li><\/ul><\/li><li><a href=\"#\ufffc-3-how-do-i-use-free-online-midjourney\">\ufffc3. Hvordan bruger jeg gratis online Midjourney?<\/a><\/li><\/ul><\/nav><\/div>\n\n\n\n<h3 class=\"wp-block-heading\" id=\"\ufffc-what-is-free-online-midjourney\"><a href=\"https:\/\/dromerosm-groq-llama3.hf.space\/#what-is-free-online-midjourney\" target=\"_blank\" rel=\"noopener\"><\/a><strong>Hvad er gratis online midjourney?<\/strong><\/h3>\n\n\n\n<p class=\"\">Gratis online Midjourney er en webbaseret platform, der giver brugerne gratis adgang til Midjourneys AI-drevne billedgenereringsfunktioner. Disse platforme kr\u00e6ver ikke, at brugerne betaler et abonnementsgebyr eller nogen anden form for betaling for at bruge tjenesten.<\/p>\n\n\n\n<h3 class=\"wp-block-heading\" id=\"\ufffc-why-use-free-online-midjourney\"><a href=\"https:\/\/dromerosm-groq-llama3.hf.space\/#why-use-free-online-midjourney\" target=\"_blank\" rel=\"noopener\"><\/a><strong>Hvorfor bruge gratis online midjourney?<\/strong><\/h3>\n\n\n\n<p class=\"\">Gratis online Midjourney er en god mulighed for dem, der \u00f8nsker at eksperimentere med AI-genereret kunst uden at spr\u00e6nge banken. Det giver brugerne mulighed for at afpr\u00f8ve forskellige tekstprompter, eksperimentere med forskellige stilarter og skabe unikke billeder uden at det koster noget.<\/p>\n\n\n\n<h3 class=\"wp-block-heading\" id=\"\ufffc-benefits-of-using-free-online-midjourney\"><a href=\"https:\/\/dromerosm-groq-llama3.hf.space\/#benefits-of-using-free-online-midjourney\" target=\"_blank\" rel=\"noopener\"><\/a><strong>Fordele ved at bruge gratis online midjourney<\/strong><\/h3>\n\n\n\n<h4 class=\"wp-block-heading\" id=\"\ufffc-1-cost-effective\"><a href=\"https:\/\/dromerosm-groq-llama3.hf.space\/#1-cost-effective\" target=\"_blank\" rel=\"noopener\"><\/a>1. Omkostningseffektiv<\/h4>\n\n\n\n<p class=\"\">Gratis online Midjourney er en omkostningseffektiv mulighed for dem, der \u00f8nsker at f\u00e5 adgang til Midjourneys AI-drevne billedgenereringsfunktioner uden at betale et abonnementsgebyr.<\/p>\n\n\n\n<h4 class=\"wp-block-heading\" id=\"\ufffc-2-experimentation\"><a href=\"https:\/\/dromerosm-groq-llama3.hf.space\/#c8062562\" target=\"_blank\" rel=\"noopener\"><\/a>2. Eksperimentering<\/h4>\n\n\n\n<p class=\"\">Gratis online Midjourney giver brugerne mulighed for at eksperimentere med forskellige tekstprompter, stilarter og billeder uden at det koster noget.<\/p>\n\n\n\n<h4 class=\"wp-block-heading\" id=\"\ufffc-3-accessibility\"><a href=\"https:\/\/dromerosm-groq-llama3.hf.space\/#3-accessibility\" target=\"_blank\" rel=\"noopener\"><\/a>3. Tilg\u00e6ngelighed<\/h4>\n\n\n\n<p class=\"\">Gratis online Midjourney g\u00f8r AI-genereret kunst tilg\u00e6ngelig for alle, uanset deres indkomstniveau eller placering.<\/p>\n\n\n\n<h3 class=\"wp-block-heading\" id=\"\ufffc-when-to-use-free-online-midjourney\"><a href=\"https:\/\/dromerosm-groq-llama3.hf.space\/#when-to-use-free-online-midjourney\" target=\"_blank\" rel=\"noopener\"><\/a><strong>Hvorn\u00e5r skal man bruge gratis online midjourney?<\/strong><\/h3>\n\n\n\n<p class=\"\">Gratis online Midjourney er velegnet til alle, der \u00f8nsker at eksperimentere med AI-genereret kunst, kreative, der \u00f8nsker at afpr\u00f8ve nye ideer, og studerende, der \u00f8nsker at l\u00e6re om AI-drevet billedgenerering.<\/p>\n\n\n\n<h3 class=\"wp-block-heading\" id=\"\ufffc-who-can-benefit-from-free-online-midjourney\"><a href=\"https:\/\/dromerosm-groq-llama3.hf.space\/#who-can-benefit-from-free-online-midjourney\" target=\"_blank\" rel=\"noopener\"><\/a><strong>Hvem kan f\u00e5 gavn af gratis online midjourney?<\/strong><\/h3>\n\n\n\n<p class=\"\">Gratis online Midjourney er velegnet til:<\/p>\n\n\n\n<h4 class=\"wp-block-heading\" id=\"\ufffc-1-creatives\"><a href=\"https:\/\/dromerosm-groq-llama3.hf.space\/#765b3dbc\" target=\"_blank\" rel=\"noopener\"><\/a>1. Kreativitet<\/h4>\n\n\n\n<p class=\"\">Gratis online Midjourney er en god mulighed for kreative, der gerne vil eksperimentere med nye ideer og skabe unikke billeder.<\/p>\n\n\n\n<h4 class=\"wp-block-heading\" id=\"\ufffc-2-students\"><a href=\"https:\/\/dromerosm-groq-llama3.hf.space\/#c65bfb05\" target=\"_blank\" rel=\"noopener\"><\/a>2. Studerende<\/h4>\n\n\n\n<p class=\"\">Studerende, der \u00f8nsker at l\u00e6re om AI-drevet billedgenerering, kan med fordel bruge den gratis online Midjourney.<\/p>\n\n\n\n<h4 class=\"wp-block-heading\" id=\"\ufffc-3-hobbyists\"><a href=\"https:\/\/dromerosm-groq-llama3.hf.space\/#147c273b\" target=\"_blank\" rel=\"noopener\"><\/a>3. Hobbyister<\/h4>\n\n\n\n<p class=\"\">Hobbyister, der vil pr\u00f8ve AI-genereret kunst uden at skulle betale noget, kan med fordel bruge gratis online Midjourney.<\/p>\n\n\n\n<h3 class=\"wp-block-heading\" id=\"\ufffc-free-online-midjourney-tools-and-websites\"><a href=\"https:\/\/dromerosm-groq-llama3.hf.space\/#free-online-midjourney-tools-and-websites\" target=\"_blank\" rel=\"noopener\"><\/a><strong>Gratis online midjourney-v\u00e6rkt\u00f8jer og hjemmesider<\/strong><\/h3>\n\n\n\n<p class=\"\">Her er nogle af de bedste gratis online Midjourney-v\u00e6rkt\u00f8jer og -hjemmesider:<\/p>\n\n\n\n<figure class=\"wp-block-table\"><table class=\"has-fixed-layout\"><thead><tr><th>Hjemmeside<\/th><th>Beskrivelse<\/th><\/tr><\/thead><tbody><tr><td><a href=\"https:\/\/aiartfree.online\/da\/gratis-online-midjourney\/\" target=\"_blank\" rel=\"noreferrer noopener\">AI-kunst gratis online<\/a><\/td><td>AI Art Free Online er et gratis online Midjourney-v\u00e6rkt\u00f8j, der giver brugerne mulighed for at generere billeder ud fra tekstprompter.<\/td><\/tr><tr><td><a href=\"https:\/\/deepdreamgenerator.com\/\" target=\"_blank\" rel=\"noreferrer noopener\">Generator for dybe dr\u00f8mme<\/a><\/td><td>Deep Dream Generator er et gratis online Midjourney-v\u00e6rkt\u00f8j, der bruger et neuralt netv\u00e6rk til at generere billeder ud fra tekstprompter.<\/td><\/tr><tr><td><a href=\"https:\/\/www.artbreeder.com\/\" target=\"_blank\" rel=\"noreferrer noopener\">Kunstopdr\u00e6tter<\/a><\/td><td>Artbreeder er en gratis onlineplatform, der giver brugerne mulighed for at skabe originale kunstv\u00e6rker ved hj\u00e6lp af en kombination af AI og brugerinput.<\/td><\/tr><tr><td><a href=\"https:\/\/prism.app\/\" target=\"_blank\" rel=\"noreferrer noopener\">Prisme<\/a><\/td><td>Prism er et gratis online Midjourney-v\u00e6rkt\u00f8j, der bruger AI til at generere billeder ud fra tekstprompter.<\/td><\/tr><tr><td><a href=\"https:\/\/mydeepart.com\/\" target=\"_blank\" rel=\"noreferrer noopener\">MyDeepArt<\/a><\/td><td>MyDeepArt er et gratis online Midjourney-v\u00e6rkt\u00f8j, der giver brugerne mulighed for at generere billeder ud fra tekstprompter.<\/td><\/tr><\/tbody><\/table><\/figure>\n\n\n\n<h3 class=\"wp-block-heading\" id=\"\ufffc-pros-and-cons-of-free-online-midjourney-tools-and-websites\"><a href=\"https:\/\/dromerosm-groq-llama3.hf.space\/#pros-and-cons-of-free-online-midjourney-tools-and-websites\" target=\"_blank\" rel=\"noopener\"><\/a><strong>Fordele og ulemper ved gratis online midjourney-v\u00e6rkt\u00f8jer og -hjemmesider<\/strong><\/h3>\n\n\n\n<figure class=\"wp-block-table\"><table class=\"has-fixed-layout\"><thead><tr><th>Hjemmeside<\/th><th>Fordele<\/th><th>Ulemper<\/th><\/tr><\/thead><tbody><tr><td>AI-kunst gratis online<\/td><td>Omkostningseffektiv, nem at bruge<\/td><td>Begr\u00e6nsede funktioner<\/td><\/tr><tr><td>Generator for dybe dr\u00f8mme<\/td><td>Genererer billeder i h\u00f8j kvalitet, let at bruge<\/td><td>Begr\u00e6nsede tilpasningsmuligheder<\/td><\/tr><tr><td>Kunstopdr\u00e6tter<\/td><td>Giver mulighed for h\u00f8j grad af tilpasning, genererer unikke billeder<\/td><td>Stejl indl\u00e6ringskurve<\/td><\/tr><tr><td>Prisme<\/td><td>Hurtig behandlingstid, billeder i h\u00f8j kvalitet<\/td><td>Begr\u00e6nsede funktioner<\/td><\/tr><tr><td>MyDeepArt<\/td><td>Genererer billeder i h\u00f8j kvalitet, let at bruge<\/td><td>Begr\u00e6nsede tilpasningsmuligheder<\/td><\/tr><\/tbody><\/table><\/figure>\n\n\n\n<h3 class=\"wp-block-heading\" id=\"\ufffc-top-recommendation\"><a href=\"https:\/\/dromerosm-groq-llama3.hf.space\/#top-recommendation\" target=\"_blank\" rel=\"noopener\"><\/a><strong>Bedste anbefaling<\/strong><\/h3>\n\n\n\n<p class=\"\">Baseret p\u00e5 vores forskning kan vi varmt anbefale&nbsp;<a href=\"https:\/\/aiartfree.online\/da\/gratis-online-midjourney\/\" target=\"_blank\" rel=\"noreferrer noopener\">AI-kunst gratis online<\/a>&nbsp;for sin brugervenlighed, omkostningseffektivitet og billeder af h\u00f8j kvalitet.<\/p>\n\n\n\n<h3 class=\"wp-block-heading\" id=\"\ufffcfaq\"><a href=\"https:\/\/dromerosm-groq-llama3.hf.space\/#faq\" target=\"_blank\" rel=\"noopener\"><\/a><strong>OFTE STILLEDE SP\u00d8RGSM\u00c5L<\/strong><\/h3>\n\n\n\n<p class=\"\">Her er nogle ofte stillede sp\u00f8rgsm\u00e5l om gratis online Midjourney:<\/p>\n\n\n\n<h4 class=\"wp-block-heading\" id=\"\ufffc-1-is-free-online-midjourney-safe-to-use\"><a href=\"https:\/\/dromerosm-groq-llama3.hf.space\/#f3b6b435\" target=\"_blank\" rel=\"noopener\"><\/a>1. Er gratis online Midjourney sikkert at bruge?<\/h4>\n\n\n\n<p class=\"\">Ja, gratis online Midjourney er sikkert at bruge. Det er dog altid en god id\u00e9 at l\u00e6se vilk\u00e5r og betingelser for hver hjemmeside, f\u00f8r du bruger deres tjenester.<\/p>\n\n\n\n<h4 class=\"wp-block-heading\" id=\"\ufffc-2-can-i-use-free-online-midjourney-for-commercial-purposes\"><a href=\"https:\/\/dromerosm-groq-llama3.hf.space\/#a6471d09\" target=\"_blank\" rel=\"noopener\"><\/a>2. Kan jeg bruge gratis online Midjourney til kommercielle form\u00e5l?<\/h4>\n\n\n\n<p class=\"\">Nogle gratis online Midjourney-v\u00e6rkt\u00f8jer og hjemmesider tillader kommerciel brug, mens andre ikke g\u00f8r. S\u00f8rg for at tjekke vilk\u00e5r og betingelser p\u00e5 hver enkelt hjemmeside, f\u00f8r du bruger deres tjenester til kommercielle form\u00e5l.<\/p>\n\n\n\n<h3 class=\"wp-block-heading\" id=\"\ufffc-3-how-do-i-use-free-online-midjourney\"><a href=\"https:\/\/dromerosm-groq-llama3.hf.space\/#e4d0e51e\" target=\"_blank\" rel=\"noopener\"><\/a>3. Hvordan bruger jeg gratis online Midjourney?<\/h3>\n\n\n\n<p class=\"\">Det er nemt at bruge gratis online Midjourney. Bare g\u00e5 ind p\u00e5 hjemmesiden, indtast din tekst og klik p\u00e5 generer. Du kan derefter downloade det genererede billede eller bruge det til dit \u00f8nskede form\u00e5l.<\/p>\n\n\n\n<p class=\"\">Her er 10 hjemmesider, der giver den nyeste information om gratis online Midjourney:<\/p>\n\n\n\n<ol class=\"wp-block-list\">\n<li class=\"\"><a href=\"https:\/\/aiartfree.online\/da\/gratis-online-midjourney\/\" target=\"_blank\" rel=\"noreferrer noopener\">AI-kunst gratis online<\/a>&nbsp;- AI Art Free Online er et gratis online Midjourney-v\u00e6rkt\u00f8j, der genererer billeder ud fra tekstprompter.<\/li>\n\n\n\n<li class=\"\"><a href=\"https:\/\/deepdreamgenerator.com\/\" target=\"_blank\" rel=\"noreferrer noopener\">Generator for dybe dr\u00f8mme<\/a>&nbsp;- Deep Dream Generator bruger et neuralt netv\u00e6rk til at generere billeder ud fra tekstprompter.<\/li>\n\n\n\n<li class=\"\"><a href=\"https:\/\/www.artbreeder.com\/\" target=\"_blank\" rel=\"noreferrer noopener\">Kunstopdr\u00e6tter<\/a>&nbsp;- Artbreeder er en gratis onlineplatform, der giver brugerne mulighed for at skabe originale kunstv\u00e6rker ved hj\u00e6lp af en kombination af AI og brugerinput.<\/li>\n\n\n\n<li class=\"\"><a href=\"https:\/\/prism.app\/\" target=\"_blank\" rel=\"noreferrer noopener\">Prisme<\/a>&nbsp;- Prism er et gratis online Midjourney-v\u00e6rkt\u00f8j, der bruger AI til at generere billeder ud fra tekstprompter.<\/li>\n\n\n\n<li class=\"\"><a href=\"https:\/\/mydeepart.com\/\" target=\"_blank\" rel=\"noreferrer noopener\">MyDeepArt<\/a>&nbsp;- MyDeepArt er et gratis online Midjourney-v\u00e6rkt\u00f8j, der giver brugerne mulighed for at generere billeder ud fra tekstprompter.<\/li>\n\n\n\n<li class=\"\"><a href=\"https:\/\/midjourney.com\/\" target=\"_blank\" rel=\"noreferrer noopener\">Midt p\u00e5 rejsen<\/a>&nbsp;- Midjourney er en AI-drevet billedgenereringsplatform, der tilbyder en gratis pr\u00f8veperiode.<\/li>\n\n\n\n<li class=\"\"><a href=\"https:\/\/techcrunch.com\/\" target=\"_blank\" rel=\"noreferrer noopener\">TechCrunch<\/a>&nbsp;- TechCrunch giver dig de seneste nyheder og opdateringer om AI-genereret kunst og gratis online Midjourney-v\u00e6rkt\u00f8jer.<\/li>\n\n\n\n<li class=\"\"><a href=\"https:\/\/www.theverge.com\/\" target=\"_blank\" rel=\"noreferrer noopener\">The Verge<\/a>&nbsp;- The Verge giver dig de seneste nyheder og opdateringer om AI-genereret kunst og gratis online Midjourney-v\u00e6rkt\u00f8jer.<\/li>\n\n\n\n<li class=\"\"><a href=\"https:\/\/news.artnet.com\/\" target=\"_blank\" rel=\"noreferrer noopener\">Artnet<\/a>&nbsp;- Artnet giver dig de seneste nyheder og opdateringer om AI-genereret kunst og gratis online Midjourney-v\u00e6rkt\u00f8jer.<\/li>\n\n\n\n<li class=\"\"><a href=\"https:\/\/aitimejournal.com\/\" target=\"_blank\" rel=\"noreferrer noopener\">AI-tidsdagbog<\/a>&nbsp;- AI Time Journal indeholder de seneste nyheder og opdateringer om AI-genereret kunst og gratis online Midjourney-v\u00e6rkt\u00f8jer.<\/li>\n<\/ol>","protected":false},"excerpt":{"rendered":"<p>What our users made How to use the Free Online Midjourney * Feel free to try our examples below if you don&#8217;t have any thoughts in your mind Prompt Examples *&nbsp;Depending on your internet speed, loading the model may take a few seconds.* There will be caching during continuous generation, and the new image will &#8230; <a title=\"Gratis online midtvejsrejse\" class=\"read-more\" href=\"https:\/\/aiartfree.online\/da\/gratis-online-midjourney\/\" aria-label=\"Read more about Free Online Midjourney\">L\u00e6s mere <\/a><\/p>","protected":false},"author":1,"featured_media":3528,"parent":0,"menu_order":0,"comment_status":"open","ping_status":"closed","template":"","meta":{"nf_dc_page":"","footnotes":""},"class_list":["post-2887","page","type-page","status-publish","has-post-thumbnail"],"jetpack_sharing_enabled":true,"_links":{"self":[{"href":"https:\/\/aiartfree.online\/da\/wp-json\/wp\/v2\/pages\/2887","targetHints":{"allow":["GET"]}}],"collection":[{"href":"https:\/\/aiartfree.online\/da\/wp-json\/wp\/v2\/pages"}],"about":[{"href":"https:\/\/aiartfree.online\/da\/wp-json\/wp\/v2\/types\/page"}],"author":[{"embeddable":true,"href":"https:\/\/aiartfree.online\/da\/wp-json\/wp\/v2\/users\/1"}],"replies":[{"embeddable":true,"href":"https:\/\/aiartfree.online\/da\/wp-json\/wp\/v2\/comments?post=2887"}],"version-history":[{"count":2,"href":"https:\/\/aiartfree.online\/da\/wp-json\/wp\/v2\/pages\/2887\/revisions"}],"predecessor-version":[{"id":3599,"href":"https:\/\/aiartfree.online\/da\/wp-json\/wp\/v2\/pages\/2887\/revisions\/3599"}],"wp:featuredmedia":[{"embeddable":true,"href":"https:\/\/aiartfree.online\/da\/wp-json\/wp\/v2\/media\/3528"}],"wp:attachment":[{"href":"https:\/\/aiartfree.online\/da\/wp-json\/wp\/v2\/media?parent=2887"}],"curies":[{"name":"wp","href":"https:\/\/api.w.org\/{rel}","templated":true}]}}