{"id":2880,"date":"2024-07-17T14:18:31","date_gmt":"2024-07-17T14:18:31","guid":{"rendered":"https:\/\/aiartfree.online\/?page_id=2880"},"modified":"2024-07-20T10:51:32","modified_gmt":"2024-07-20T10:51:32","slug":"ai-image-enhancer","status":"publish","type":"page","link":"https:\/\/aiartfree.online\/da\/ai-billedforstaerker\/","title":{"rendered":"AI-billedforst\u00e6rker"},"content":{"rendered":"<h2 class=\"wp-block-heading\">S\u00e5dan bruger du AI Image Enhancer<\/h2>\n\n\n\n<ol class=\"wp-block-list\">\n<li class=\"\">Slip eller upload dit billede<\/li>\n\n\n\n<li class=\"\">Klik p\u00e5 \"Send\"<\/li>\n\n\n\n<li class=\"\">Vent, det er det!<\/li>\n<\/ol>\n\n\n\n<p class=\"\"><em>* Afh\u00e6ngigt af din internethastighed kan det tage et par sekunder at indl\u00e6se modellen.<br>* Der vil v\u00e6re caching under kontinuerlig generering, og det nye billede vil blive vist efter ca. 3 sekunder.<\/em><\/p>\n\n\n\n<div style=\"text-align: center;\">\n  <iframe loading=\"lazy\"\n    src=\"https:\/\/sczhou-codeformer.hf.space\"\n    frameborder=\"0\"\n    width=\"1200\"\n    height=\"2500\"\n    style=\"display: inline-block; margin: 0 auto;\"\n  ><\/iframe>\n<\/div>\n\n\n\n<div style=\"height:50px\" aria-hidden=\"true\" class=\"wp-block-spacer\"><\/div>\n\n\n\n<h2 class=\"wp-block-heading\">Introduktion af AI Image Enhancer<\/h2>\n\n\n\n<p class=\"\">Forbedring af billedkvaliteten er afg\u00f8rende for forskellige brancher, fra ejendomshandel til markedsf\u00f8ring p\u00e5 sociale medier. Med fremkomsten af kunstig intelligens har v\u00e6rkt\u00f8jer som AI Image Enhancer revolutioneret den m\u00e5de, vi \u00f8ger billedopl\u00f8sningen p\u00e5 og forbedrer den generelle billedkvalitet. I denne artikel vil vi udforske fordelene ved AI-billedforst\u00e6rkere, de bedste scenarier for deres brug og give en omfattende guide til de bedste v\u00e6rkt\u00f8jer, der er tilg\u00e6ngelige i dag.<\/p>\n\n\n\n<figure class=\"wp-block-image size-large is-resized\"><img data-recalc-dims=\"1\" decoding=\"async\" width=\"1024\" height=\"568\"   loading=\"lazy\" src=\"https:\/\/i0.wp.com\/aiartfree.online\/wp-content\/uploads\/2024\/07\/WX20240717-181127%402x-1-1-1-1-1-1.jpg?resize=1024%2C568&#038;ssl=1\" alt=\"AI-billedforst\u00e6rker\" class=\"wp-image-2881\" style=\"width:591px;height:auto\" srcset=\"https:\/\/i0.wp.com\/aiartfree.online\/wp-content\/uploads\/2024\/07\/WX20240717-181127%402x-1-1-1-1-1-1.jpg?resize=1024%2C568&amp;ssl=1 1024w, https:\/\/i0.wp.com\/aiartfree.online\/wp-content\/uploads\/2024\/07\/WX20240717-181127%402x-1-1-1-1-1-1.jpg?resize=300%2C166&amp;ssl=1 300w, https:\/\/i0.wp.com\/aiartfree.online\/wp-content\/uploads\/2024\/07\/WX20240717-181127%402x-1-1-1-1-1-1.jpg?resize=768%2C426&amp;ssl=1 768w, https:\/\/i0.wp.com\/aiartfree.online\/wp-content\/uploads\/2024\/07\/WX20240717-181127%402x-1-1-1-1-1-1.jpg?resize=1536%2C852&amp;ssl=1 1536w, https:\/\/i0.wp.com\/aiartfree.online\/wp-content\/uploads\/2024\/07\/WX20240717-181127%402x-1-1-1-1-1-1.jpg?resize=2048%2C1136&amp;ssl=1 2048w, https:\/\/i0.wp.com\/aiartfree.online\/wp-content\/uploads\/2024\/07\/WX20240717-181127%402x-1-1-1-1-1-1.jpg?resize=18%2C10&amp;ssl=1 18w, https:\/\/i0.wp.com\/aiartfree.online\/wp-content\/uploads\/2024\/07\/WX20240717-181127%402x-1-1-1-1-1-1.jpg?resize=600%2C333&amp;ssl=1 600w\" sizes=\"auto, (max-width: 1024px) 100vw, 1024px\" \/><\/figure>\n\n\n\n<h2 class=\"wp-block-heading\">Indholdsfortegnelse<\/h2>\n\n\n\n<ol class=\"wp-block-list\">\n<li class=\"\">Hvad er en AI-billedforst\u00e6rker?<\/li>\n\n\n\n<li class=\"\">Hvorfor bruge en AI-billedforst\u00e6rker?<\/li>\n\n\n\n<li class=\"\">Fordele ved at bruge en AI-billedforst\u00e6rker<\/li>\n\n\n\n<li class=\"\">Hvorn\u00e5r skal man bruge en AI-billedforst\u00e6rker?<\/li>\n\n\n\n<li class=\"\">Hvem b\u00f8r bruge en AI-billedforst\u00e6rker?<\/li>\n\n\n\n<li class=\"\">Top 10 AI-billedforbedringsv\u00e6rkt\u00f8jer<\/li>\n\n\n\n<li class=\"\">Det bedste AI-billedforbedringsv\u00e6rkt\u00f8j<\/li>\n\n\n\n<li class=\"\">OFTE STILLEDE SP\u00d8RGSM\u00c5L<\/li>\n<\/ol>\n\n\n\n<h3 class=\"wp-block-heading\">Hvad er en AI-billedforst\u00e6rker?<\/h3>\n\n\n\n<p class=\"\">En AI Image Enhancer er et v\u00e6rkt\u00f8j drevet af kunstig intelligens, der er designet til at forbedre billedkvaliteten. Disse v\u00e6rkt\u00f8jer kan \u00f8ge billedopl\u00f8sningen, forbedre billedets klarhed og opskalere billeder for at g\u00f8re dem skarpere og mere detaljerede. Ved hj\u00e6lp af avancerede algoritmer kan AI-billedforst\u00e6rkere opdage og korrigere ufuldkommenheder, s\u00e5 fotos fremst\u00e5r mere professionelle og visuelt tiltalende.<\/p>\n\n\n\n<h3 class=\"wp-block-heading\">Hvorfor bruge en AI-billedforst\u00e6rker?<\/h3>\n\n\n\n<p class=\"\">At bruge en AI Image Enhancer er afg\u00f8rende for alle, der \u00f8nsker at forbedre kvaliteten af deres billeder hurtigt og effektivt. Uanset om du er grafisk designer, ejendomsm\u00e6gler eller social media manager, kan forbedring af billedkvaliteten g\u00f8re en betydelig forskel i, hvordan dit arbejde opfattes. AI-billedforst\u00e6rkere sparer tid ved at automatisere processen med at forbedre opl\u00f8sning og kvalitet, s\u00e5 du kan fokusere p\u00e5 andre vigtige opgaver.<\/p>\n\n\n\n<h3 class=\"wp-block-heading\">Fordele ved at bruge en AI-billedforst\u00e6rker<\/h3>\n\n\n\n<ol class=\"wp-block-list\">\n<li class=\"\"><strong>\u00d8g fotoopl\u00f8sningen<\/strong>: AI-billedforst\u00e6rkere kan opskalere billeder, s\u00e5 de egner sig til udskrifter i h\u00f8j kvalitet og store sk\u00e6rme.<\/li>\n\n\n\n<li class=\"\"><strong>Forbedr fotoklarheden<\/strong>: Disse v\u00e6rkt\u00f8jer forbedrer billedets skarphed, fjerner uskarphed og g\u00f8r detaljer mere synlige.<\/li>\n\n\n\n<li class=\"\"><strong>Forbedre den overordnede kvalitet<\/strong>: AI-billedforst\u00e6rkere kan justere farver, kontrast og lysstyrke for at producere billeder i h\u00f8j kvalitet.<\/li>\n\n\n\n<li class=\"\"><strong>Spar tid<\/strong>: Automatisering af forbedringsprocessen reducerer den tid, det tager at redigere billeder manuelt.<\/li>\n\n\n\n<li class=\"\"><strong>Omkostningseffektiv<\/strong>: Ved at investere i AI-billedforst\u00e6rkere kan man spare penge i forhold til at hyre professionelle billedredakt\u00f8rer.<\/li>\n<\/ol>\n\n\n\n<h3 class=\"wp-block-heading\">Hvorn\u00e5r skal man bruge en AI-billedforst\u00e6rker?<\/h3>\n\n\n\n<p class=\"\">AI Image Enhancers er velegnede til forskellige scenarier, herunder:<\/p>\n\n\n\n<ul class=\"wp-block-list\">\n<li class=\"\"><strong>Fast ejendom<\/strong>: Forbedring af ejendomsfotos for at tiltr\u00e6kke potentielle k\u00f8bere.<\/li>\n\n\n\n<li class=\"\"><strong>Sociale medier<\/strong>: Skabe billeder af h\u00f8j kvalitet til indl\u00e6g og reklamer.<\/li>\n\n\n\n<li class=\"\"><strong>Grafisk design<\/strong>: Forbedring af billeder til brug i digitale og trykte medier.<\/li>\n\n\n\n<li class=\"\"><strong>E-handel<\/strong>: Forbedring af produktbilleder for at \u00f8ge salget.<\/li>\n\n\n\n<li class=\"\"><strong>Fotografering<\/strong>: Opskalering af billeder til print og portef\u00f8ljer.<\/li>\n<\/ul>\n\n\n\n<h3 class=\"wp-block-heading\">Hvem b\u00f8r bruge en AI-billedforst\u00e6rker?<\/h3>\n\n\n\n<p class=\"\">AI Image Enhancers er gavnlige for:<\/p>\n\n\n\n<ul class=\"wp-block-list\">\n<li class=\"\"><strong>Fotografer<\/strong>: At forbedre og opskalere deres billeder.<\/li>\n\n\n\n<li class=\"\"><strong>Ejendomsm\u00e6glere<\/strong>: At forbedre ejendomsbilleder til annoncer.<\/li>\n\n\n\n<li class=\"\"><strong>Grafiske designere<\/strong>: For at sikre billeder af h\u00f8j kvalitet til deres projekter.<\/li>\n\n\n\n<li class=\"\"><strong>Social Media Managers<\/strong>: At skabe visuelt tiltalende indl\u00e6g.<\/li>\n\n\n\n<li class=\"\"><strong>E-handelsvirksomheder<\/strong>: At forbedre produktbilleder og tiltr\u00e6kke kunder.<\/li>\n<\/ul>\n\n\n\n<h3 class=\"wp-block-heading\">Top 10 AI-billedforbedringsv\u00e6rkt\u00f8jer<\/h3>\n\n\n\n<p class=\"\">Her er en oversigt over de 10 bedste AI-billedforbedringsv\u00e6rkt\u00f8jer, inklusive deres fordele og udfordringer:<\/p>\n\n\n\n<figure class=\"wp-block-table\"><table class=\"has-fixed-layout\"><thead><tr><th>V\u00e6rkt\u00f8jets navn<\/th><th>Sammenfatning<\/th><th>Fordele<\/th><th>Ulemper<\/th><th>Fordele<\/th><th>Udfordringer<\/th><th>Anbefalinger<\/th><\/tr><\/thead><tbody><tr><td><strong><a href=\"https:\/\/aiartfree.online\/da\/ai-billedforstaerker\/\" target=\"_blank\" data-type=\"link\" data-id=\"https:\/\/aiartfree.online\/ai-image-enhancer\" rel=\"noreferrer noopener\">AI-billedforst\u00e6rker<\/a><\/strong><\/td><td>Forbedrer billedkvaliteten hurtigt og nemt<\/td><td>Let at bruge, gratis<\/td><td>Begr\u00e6nsede funktioner<\/td><td>Perfekt til begyndere<\/td><td>Begr\u00e6nsede avancerede muligheder<\/td><td>Ideel til hurtige l\u00f8sninger<\/td><\/tr><tr><td><strong>Lad os forbedre<\/strong><\/td><td>Opskalerer billeder op til 16 gange<\/td><td>Resultater af h\u00f8j kvalitet<\/td><td>Abonnementsbaseret<\/td><td>Professionel kvalitet<\/td><td>Kr\u00e6ver betaling<\/td><td>Bedst til professionel brug<\/td><\/tr><tr><td><strong>Vance AI<\/strong><\/td><td>AI-drevet billedforst\u00e6rker<\/td><td>Flere forbedringsmuligheder<\/td><td>Nogle funktioner er betalte<\/td><td>Alsidigt v\u00e6rkt\u00f8jss\u00e6t<\/td><td>Kr\u00e6ver premium-abonnement<\/td><td>God til alsidig brug<\/td><\/tr><tr><td><strong>Dybt billede<\/strong><\/td><td>Mulighed for batch-behandling<\/td><td>H\u00e5ndterer flere billeder p\u00e5 \u00e9n gang<\/td><td>Kr\u00e6ver ops\u00e6tning af konto<\/td><td>Tidseffektivt<\/td><td>Indledende ops\u00e6tning n\u00f8dvendig<\/td><td>Bedst til masseforbedringer<\/td><\/tr><tr><td><strong>Waifu2x<\/strong><\/td><td>Anime-fokuseret billedforst\u00e6rker<\/td><td>Specialiseret til kunstv\u00e6rker<\/td><td>Begr\u00e6nset til anime-stil<\/td><td>Perfekt til anime-billeder<\/td><td>Begr\u00e6nset anvendelse<\/td><td>Bedst til anime-kunstnere<\/td><\/tr><tr><td><strong><a href=\"https:\/\/www.fotor.com\/\" data-type=\"link\" data-id=\"https:\/\/www.fotor.com\/\" rel=\"nofollow noopener\" target=\"_blank\">Fotor<\/a><\/strong><\/td><td>Online fotoredigeringsprogram med forbedringsfunktioner<\/td><td>Omfattende redigeringsv\u00e6rkt\u00f8jer<\/td><td>Reklamer i den gratis version<\/td><td>Alt-i-en-l\u00f8sning<\/td><td>Reklamefinansieret gratis version<\/td><td>God til afslappet brug<\/td><\/tr><tr><td><strong>ImgLarger<\/strong><\/td><td>AI-opskaleringsv\u00e6rkt\u00f8j<\/td><td>Gode resultater med opskalering<\/td><td>Kr\u00e6ver internetforbindelse<\/td><td>Opskalering i h\u00f8j kvalitet<\/td><td>Afh\u00e6ngig af internethastighed<\/td><td>Bedst til online-brug<\/td><\/tr><tr><td><strong>Eksklusive billeder<\/strong><\/td><td>Online billedforst\u00e6rker<\/td><td>Brugervenlig gr\u00e6nseflade<\/td><td>Begr\u00e6nset gratis brug<\/td><td>Let at bruge<\/td><td>Begr\u00e6nset til online brug<\/td><td>Bedst til lejlighedsvis brug<\/td><\/tr><tr><td><strong>Image Upscaler<\/strong><\/td><td>AI-baseret forbedring<\/td><td>Effektiv behandling<\/td><td>Betalte funktioner<\/td><td>Hurtig og effektiv<\/td><td>Abonnementsbaseret<\/td><td>Bedst til regelm\u00e6ssig brug<\/td><\/tr><tr><td><strong>AI-billedforst\u00f8rrer<\/strong><\/td><td>Specialiseret i billedforst\u00f8rrelse<\/td><td>Udvidelse i h\u00f8j kvalitet<\/td><td>Begr\u00e6nsninger i den gratis version<\/td><td>H\u00f8j forst\u00f8rrelseskvalitet<\/td><td>Begr\u00e6nsede gratis muligheder<\/td><td>Bedst til forst\u00f8rrelser af h\u00f8j kvalitet<\/td><\/tr><\/tbody><\/table><\/figure>\n\n\n\n<h3 class=\"wp-block-heading\">Det bedste AI-billedforbedringsv\u00e6rkt\u00f8j<\/h3>\n\n\n\n<p class=\"\">Blandt de forskellige tilg\u00e6ngelige v\u00e6rkt\u00f8jer er den bedste AI-billedforst\u00e6rker <a href=\"https:\/\/aiartfree.online\/da\/ai-billedforstaerker\/\">AI-billedforst\u00e6rker<\/a>. Den tilbyder en perfekt blanding af avancerede funktioner, brugervenlighed og resultater i h\u00f8j kvalitet, hvilket g\u00f8r den ideel til b\u00e5de professionelle og almindelige brugere.<\/p>\n\n\n\n<h3 class=\"wp-block-heading\">OFTE STILLEDE SP\u00d8RGSM\u00c5L<\/h3>\n\n\n\n<ol class=\"wp-block-list\">\n<li class=\"\"><strong>Hvad er en AI-billedforst\u00e6rker?<\/strong> En AI Image Enhancer er et v\u00e6rkt\u00f8j, der bruger kunstig intelligens til at forbedre kvaliteten og opl\u00f8sningen af billeder.<\/li>\n\n\n\n<li class=\"\"><strong>Hvordan forbedrer AI billedkvaliteten?<\/strong> AI-algoritmer analyserer og forbedrer billeddetaljer, korrigerer ufuldkommenheder og \u00f8ger opl\u00f8sningen.<\/li>\n\n\n\n<li class=\"\"><strong>Er det v\u00e6rd at investere i en AI-billedforst\u00e6rker?<\/strong> Ja, det sparer tid og giver resultater af h\u00f8j kvalitet, hvilket g\u00f8r det til et v\u00e6rdifuldt v\u00e6rkt\u00f8j for mange brugere.<\/li>\n\n\n\n<li class=\"\"><strong>Kan AI-billedforst\u00e6rkere h\u00e5ndtere batch-behandling?<\/strong> Nogle v\u00e6rkt\u00f8jer som Deep Image tilbyder batchbehandling.<\/li>\n\n\n\n<li class=\"\"><strong>Findes der gratis AI-billedforbedringsv\u00e6rkt\u00f8jer?<\/strong> Ja, v\u00e6rkt\u00f8jer som Enhance.Pho.to tilbyder gratis grundl\u00e6ggende forbedringsfunktioner.<\/li>\n\n\n\n<li class=\"\"><strong>Hvad er den bedste AI-billedforst\u00e6rker til professionel brug?<\/strong> AI Image Enhancer anbefales p\u00e5 grund af sine avancerede funktioner og resultater af h\u00f8j kvalitet.<\/li>\n\n\n\n<li class=\"\"><strong>Kan AI-billedforst\u00e6rkere bruges til billeder p\u00e5 sociale medier?<\/strong> Ja, de er ideelle til at skabe billeder af h\u00f8j kvalitet til indl\u00e6g p\u00e5 sociale medier.<\/li>\n\n\n\n<li class=\"\"><strong>Underst\u00f8tter AI-billedforst\u00e6rkere opskalering?<\/strong> Ja, mange AI-billedforst\u00e6rkere kan opskalere billeder til h\u00f8jere opl\u00f8sninger.<\/li>\n\n\n\n<li class=\"\"><strong>Er AI-billedforst\u00e6rkere nemme at bruge?<\/strong> De fleste AI-billedforst\u00e6rkere er brugervenlige og designet til at v\u00e6re nemme at bruge.<\/li>\n\n\n\n<li class=\"\"><strong>Hvilke brancher har gavn af AI-billedforst\u00e6rkere?<\/strong> Brancher som fast ejendom, e-handel, grafisk design og sociale medier kan f\u00e5 stor gavn af at bruge AI-billedforst\u00e6rkere.<\/li>\n<\/ol>","protected":false},"excerpt":{"rendered":"<p>S\u00e5dan bruger du AI Image Enhancer * Afh\u00e6ngigt af din internethastighed kan det tage et par sekunder at indl\u00e6se modellen * Der vil v\u00e6re caching under kontinuerlig generering, og det nye billede vises efter ca. 3 sekunder. Introduktion til AI Image Enhancer Forbedring af billedkvaliteten er afg\u00f8rende for forskellige brancher, fra fast ejendom til sociale medier ... <a title=\"AI-billedforst\u00e6rker\" class=\"read-more\" href=\"https:\/\/aiartfree.online\/da\/ai-billedforstaerker\/\" aria-label=\"Read more about AI Image Enhancer\">L\u00e6s mere <\/a><\/p>","protected":false},"author":1,"featured_media":0,"parent":0,"menu_order":0,"comment_status":"open","ping_status":"closed","template":"","meta":{"nf_dc_page":"","footnotes":""},"class_list":["post-2880","page","type-page","status-publish"],"jetpack_sharing_enabled":true,"_links":{"self":[{"href":"https:\/\/aiartfree.online\/da\/wp-json\/wp\/v2\/pages\/2880","targetHints":{"allow":["GET"]}}],"collection":[{"href":"https:\/\/aiartfree.online\/da\/wp-json\/wp\/v2\/pages"}],"about":[{"href":"https:\/\/aiartfree.online\/da\/wp-json\/wp\/v2\/types\/page"}],"author":[{"embeddable":true,"href":"https:\/\/aiartfree.online\/da\/wp-json\/wp\/v2\/users\/1"}],"replies":[{"embeddable":true,"href":"https:\/\/aiartfree.online\/da\/wp-json\/wp\/v2\/comments?post=2880"}],"version-history":[{"count":0,"href":"https:\/\/aiartfree.online\/da\/wp-json\/wp\/v2\/pages\/2880\/revisions"}],"wp:attachment":[{"href":"https:\/\/aiartfree.online\/da\/wp-json\/wp\/v2\/media?parent=2880"}],"curies":[{"name":"wp","href":"https:\/\/api.w.org\/{rel}","templated":true}]}}