{"id":2876,"date":"2024-07-17T14:02:17","date_gmt":"2024-07-17T14:02:17","guid":{"rendered":"https:\/\/aiartfree.online\/?page_id=2876"},"modified":"2025-03-07T08:07:03","modified_gmt":"2025-03-07T08:07:03","slug":"anime-ai-generator","status":"publish","type":"page","link":"https:\/\/aiartfree.online\/da\/anime-ai-generator\/","title":{"rendered":"Anime AI Generator"},"content":{"rendered":"<h2 class=\"wp-block-heading has-text-align-center\">F\u00f8r vs. efter<\/h2>\n\n\n\n<figure class=\"gb-block-image gb-block-image-1822da1f\"><img data-recalc-dims=\"1\" decoding=\"async\" loading=\"lazy\" width=\"300\" height=\"179\" class=\"gb-image gb-image-1822da1f\" src=\"https:\/\/i0.wp.com\/aiartfree.online\/wp-content\/uploads\/2024\/07\/WX20240719-123748%402x.jpg?resize=300%2C179&#038;ssl=1\" alt=\"anime-ai-generator\/\" title=\"WX20240719-123748@2x\" srcset=\"https:\/\/i0.wp.com\/aiartfree.online\/wp-content\/uploads\/2024\/07\/WX20240719-123748%402x.jpg?resize=300%2C179&amp;ssl=1 300w, https:\/\/i0.wp.com\/aiartfree.online\/wp-content\/uploads\/2024\/07\/WX20240719-123748%402x.jpg?resize=1024%2C613&amp;ssl=1 1024w, https:\/\/i0.wp.com\/aiartfree.online\/wp-content\/uploads\/2024\/07\/WX20240719-123748%402x.jpg?resize=768%2C459&amp;ssl=1 768w, https:\/\/i0.wp.com\/aiartfree.online\/wp-content\/uploads\/2024\/07\/WX20240719-123748%402x.jpg?resize=18%2C12&amp;ssl=1 18w, https:\/\/i0.wp.com\/aiartfree.online\/wp-content\/uploads\/2024\/07\/WX20240719-123748%402x.jpg?resize=600%2C359&amp;ssl=1 600w, https:\/\/i0.wp.com\/aiartfree.online\/wp-content\/uploads\/2024\/07\/WX20240719-123748%402x.jpg?w=1314&amp;ssl=1 1314w\" sizes=\"auto, (max-width: 300px) 100vw, 300px\" \/><\/figure>\n\n\n\n<h2 class=\"wp-block-heading\">S\u00e5dan bruges Anime AI Generator<\/h2>\n\n\n\n<ol class=\"wp-block-list\">\n<li class=\"\">Indtast din prompt, eller v\u00e6lg et af Prompt-eksemplerne<\/li>\n\n\n\n<li class=\"\">Klik p\u00e5 \"Generer\"<\/li>\n\n\n\n<li class=\"\">Vent, det er det!<\/li>\n<\/ol>\n\n\n\n<h3 class=\"wp-block-heading\">Eksempler p\u00e5 opfordringer<\/h3>\n\n\n\n<ul class=\"wp-block-list has-small-font-size\">\n<li class=\"\">smuk kvinde, nat, med stjerner, indviklet, elegant, meget detaljeret, digitalt maleri, artstation, konceptkunst, glat, skarpt fokus, illustration, kunst af ( ( ( artgerm ) ) ) og greg rutkowski! og ( ( alphonse mucha ) ), st\u00e6rkt p\u00e5virket af frank frazetta og boris vallejo, sword and<\/li>\n\n\n\n<li class=\"\">smuk kvinde, nat, sci - fi, fantasy, indviklet, elegant, takato yamamoto, bl\u00e5 kjole, magisk, meget detaljeret, digitalt maleri, artstation, konceptkunst, glat, b skarpt fokus, illustration, kunst af artgerm og greg rutkowski og alphonse mucha<\/li>\n\n\n\n<li class=\"\">smuk kvinde, store bryster p\u00e5 stranden, afslappende, \u00e6terisk, dr\u00f8mmende, baggrundsbelyst, meget detaljeret, realistisk belysning, skarpt fokus, tredjedelsregel, artgerm, wlop, arney freytag, rossdraws, frank frazetta, andrei riabovitchev, hd, octane, 4 k,<\/li>\n\n\n\n<li class=\"\">smuk kvinde,store bryster, domme elskerinde, steampunk, genert smilende, 4k, fantastisk 3d-gengivelse inspireret kunst af Prenz Cushart og WLOP,Mat maleri, mesterv\u00e6rk | Alphonse Mucha,trend p\u00e5 artstation og pixiv,Lille detalje<\/li>\n\n\n\n<li class=\"\">smuk kvinde, nat, med stjerner, indviklet, elegant, meget detaljeret, digitalt maleri, artstation, konceptkunst, glat, skarpt fokus, illustration, kunst af ( ( ( artgerm ) ) ) og greg rutkowski! og ( ( alphonse mucha ) ), st\u00e6rkt p\u00e5virket af frank frazetta og boris vallejo, sv\u00e6rd<\/li>\n<\/ul>\n\n\n\n<figure class=\"gb-block-image gb-block-image-032aac41\"><a href=\"https:\/\/fas.st\/t\/9U4PYbm7\" target=\"_blank\" rel=\"noopener noreferrer\"><img data-recalc-dims=\"1\" decoding=\"async\" loading=\"lazy\" width=\"1200\" height=\"365\" class=\"gb-image gb-image-032aac41\" src=\"https:\/\/i0.wp.com\/aiartfree.online\/wp-content\/uploads\/2025\/03\/WX20250307-115412%402x.webp?resize=1200%2C365&#038;ssl=1\" alt=\"\" title=\"WX20250307-115412@2x\" srcset=\"https:\/\/i0.wp.com\/aiartfree.online\/wp-content\/uploads\/2025\/03\/WX20250307-115412%402x.webp?w=1942&amp;ssl=1 1942w, https:\/\/i0.wp.com\/aiartfree.online\/wp-content\/uploads\/2025\/03\/WX20250307-115412%402x.webp?resize=300%2C91&amp;ssl=1 300w, https:\/\/i0.wp.com\/aiartfree.online\/wp-content\/uploads\/2025\/03\/WX20250307-115412%402x.webp?resize=1024%2C312&amp;ssl=1 1024w, https:\/\/i0.wp.com\/aiartfree.online\/wp-content\/uploads\/2025\/03\/WX20250307-115412%402x.webp?resize=768%2C234&amp;ssl=1 768w, https:\/\/i0.wp.com\/aiartfree.online\/wp-content\/uploads\/2025\/03\/WX20250307-115412%402x.webp?resize=1536%2C467&amp;ssl=1 1536w, https:\/\/i0.wp.com\/aiartfree.online\/wp-content\/uploads\/2025\/03\/WX20250307-115412%402x.webp?resize=18%2C5&amp;ssl=1 18w, https:\/\/i0.wp.com\/aiartfree.online\/wp-content\/uploads\/2025\/03\/WX20250307-115412%402x.webp?resize=600%2C183&amp;ssl=1 600w\" sizes=\"auto, (max-width: 1200px) 100vw, 1200px\" \/><\/a><\/figure>\n\n\n\n<p class=\"\"><em>* Afh\u00e6ngigt af din internethastighed kan det tage et par sekunder at indl\u00e6se modellen.<br>* Der vil v\u00e6re caching under kontinuerlig generering, og det nye billede vil blive vist efter ca. 3 sekunder.<\/em><\/p>\n\n\n\n<div class=\"iframe-wrapper\" style=\"position: relative; width: 100%; height: 1600px;\">\n  <div class=\"loading\" style=\"position: absolute; top: 50px; left: 50%; transform: translate(-50%, -50%); width: 40px; height: 40px; border: 3px solid #f0f0f0; border-top: 3px solid #db7093; border-radius: 50%; animation: spin 1s linear infinite;\"><\/div>\n  <iframe loading=\"lazy\" src=\"https:\/\/cagliostrolab-animagine-xl-3-1.hf.space\" frameborder=\"0\" width=\"100%\" height=\"100%\" style=\"position: absolute; top: 0; left: 0; opacity: 0; transition: opacity 0.3s;\" onload=\"this.style.opacity=1;this.previousElementSibling.style.display='none';\"><\/iframe>\n<\/div>\n\n<style>\n@keyframes spin {\n  0% { transform: translate(-50%, -50%) rotate(0deg); }\n  100% { transform: translate(-50%, -50%) rotate(360deg); }\n}\n<\/style>\n\n\n\n<div style=\"height:50px\" aria-hidden=\"true\" class=\"wp-block-spacer\"><\/div>\n\n\n\n<h2 class=\"wp-block-heading\">Introduktion af Anime AI Generator<\/h2>\n\n\n\n<p class=\"\">Anime AI Generators revolutionerer den m\u00e5de, vi skaber kunst i anime-stil p\u00e5, ved at bruge sofistikerede algoritmer med kunstig intelligens. Disse v\u00e6rkt\u00f8jer kan omdanne fotos til anime-billeder, generere unikke anime-figurer og meget mere. Denne artikel g\u00e5r i dybden med, hvad Anime AI Generators er, deres fordele, og hvordan man bruger dem effektivt.<\/p>\n\n\n\n<figure class=\"wp-block-image size-large is-resized\"><img data-recalc-dims=\"1\" decoding=\"async\" width=\"1024\" height=\"829\"   loading=\"lazy\" src=\"https:\/\/i0.wp.com\/aiartfree.online\/wp-content\/uploads\/2024\/07\/WX120240719-122659%402x-1-1-1.jpg?resize=1024%2C829&#038;ssl=1\" alt=\"Anime AI Generator\" class=\"wp-image-2952\" style=\"width:630px;height:auto\" srcset=\"https:\/\/i0.wp.com\/aiartfree.online\/wp-content\/uploads\/2024\/07\/WX120240719-122659%402x-1-1-1.jpg?resize=1024%2C829&amp;ssl=1 1024w, https:\/\/i0.wp.com\/aiartfree.online\/wp-content\/uploads\/2024\/07\/WX120240719-122659%402x-1-1-1.jpg?resize=300%2C243&amp;ssl=1 300w, https:\/\/i0.wp.com\/aiartfree.online\/wp-content\/uploads\/2024\/07\/WX120240719-122659%402x-1-1-1.jpg?resize=768%2C622&amp;ssl=1 768w, https:\/\/i0.wp.com\/aiartfree.online\/wp-content\/uploads\/2024\/07\/WX120240719-122659%402x-1-1-1.jpg?resize=1536%2C1244&amp;ssl=1 1536w, https:\/\/i0.wp.com\/aiartfree.online\/wp-content\/uploads\/2024\/07\/WX120240719-122659%402x-1-1-1.jpg?resize=2048%2C1659&amp;ssl=1 2048w, https:\/\/i0.wp.com\/aiartfree.online\/wp-content\/uploads\/2024\/07\/WX120240719-122659%402x-1-1-1.jpg?resize=15%2C12&amp;ssl=1 15w, https:\/\/i0.wp.com\/aiartfree.online\/wp-content\/uploads\/2024\/07\/WX120240719-122659%402x-1-1-1.jpg?resize=600%2C486&amp;ssl=1 600w\" sizes=\"auto, (max-width: 1024px) 100vw, 1024px\" \/><\/figure>\n\n\n\n<h3 class=\"wp-block-heading\">Indholdsfortegnelse<\/h3>\n\n\n\n<ol class=\"wp-block-list\">\n<li class=\"\"><a href=\"#what-is-an-anime-ai-generator\">Hvad er en Anime AI Generator?<\/a><\/li>\n\n\n\n<li class=\"\"><a href=\"#why-use-an-anime-ai-generator\">Hvorfor bruge en Anime AI Generator?<\/a><\/li>\n\n\n\n<li class=\"\"><a href=\"#benefits-of-using-an-anime-ai-generator\">Fordele ved at bruge en Anime AI Generator<\/a><\/li>\n\n\n\n<li class=\"\"><a href=\"#when-to-use-an-anime-ai-generator\">Hvorn\u00e5r skal man bruge en Anime AI-generator?<\/a><\/li>\n\n\n\n<li class=\"\"><a href=\"#who-should-use-an-anime-ai-generator\">Hvem b\u00f8r bruge en Anime AI-generator?<\/a><\/li>\n\n\n\n<li class=\"\"><a href=\"#anime-ai-generator-tools-and-information\">Anime AI Generator V\u00e6rkt\u00f8jer og information<\/a><\/li>\n\n\n\n<li class=\"\"><a href=\"#frequently-asked-questions\">Ofte stillede sp\u00f8rgsm\u00e5l<\/a><\/li>\n\n\n\n<li class=\"\"><a href=\"#conclusion\">Konklusion<\/a><\/li>\n<\/ol>\n\n\n\n<h3 class=\"wp-block-heading\">Hvad er en Anime AI Generator?<\/h3>\n\n\n\n<p class=\"\">En Anime AI Generator er et v\u00e6rkt\u00f8j, der bruger avancerede AI-algoritmer til at skabe billeder i anime-stil ud fra forskellige input, f.eks. fotos eller tekstprompter. Ved at udnytte maskinl\u00e6ringsteknikker kan disse generatorer hurtigt og effektivt producere stiliseret anime-kunst i h\u00f8j kvalitet.<\/p>\n\n\n\n<h3 class=\"wp-block-heading\">Hvorfor bruge en Anime AI Generator?<\/h3>\n\n\n\n<p class=\"\">Anime AI-generatorer er vigtige for alle, der \u00f8nsker at skabe kunstv\u00e6rker i anime-stil uden at have brug for avancerede kunstneriske f\u00e6rdigheder. Disse v\u00e6rkt\u00f8jer kan bruges til personlige AI-projekter, til at generere AI-kunst til sociale medier eller endda til professionelle form\u00e5l inden for spildesign og animation.<\/p>\n\n\n\n<h3 class=\"wp-block-heading\">Fordele ved at bruge en Anime AI Generator<\/h3>\n\n\n\n<ul class=\"wp-block-list\">\n<li class=\"\"><strong>Effektivitet<\/strong>: Genererer hurtigt anime-billeder i h\u00f8j kvalitet.<\/li>\n\n\n\n<li class=\"\"><strong>Kreativitet<\/strong>: Giver mulighed for unik og personlig anime-kunst.<\/li>\n\n\n\n<li class=\"\"><strong>Tilg\u00e6ngelighed<\/strong>: G\u00f8r skabelse af anime-kunst tilg\u00e6ngelig for ikke-kunstnere.<\/li>\n\n\n\n<li class=\"\"><strong>Omkostningseffektiv<\/strong>: Reducerer behovet for dyr kunstsoftware eller ans\u00e6ttelse af kunstnere.<\/li>\n\n\n\n<li class=\"\"><strong>Alsidighed<\/strong>: Kan bruges til forskellige form\u00e5l, fra personlige projekter til professionel brug.<\/li>\n<\/ul>\n\n\n\n<h3 class=\"wp-block-heading\">Hvorn\u00e5r skal man bruge en Anime AI-generator?<\/h3>\n\n\n\n<p class=\"\">Anime AI-generatorer er ideelle i flere scenarier:<\/p>\n\n\n\n<ul class=\"wp-block-list\">\n<li class=\"\"><strong>At skabe personlig kunst<\/strong>: For sjov eller som hobby.<\/li>\n\n\n\n<li class=\"\"><strong>Indhold p\u00e5 sociale medier<\/strong>: Generering af unikt indhold til sociale medieplatforme.<\/li>\n\n\n\n<li class=\"\"><strong>Spil-design<\/strong>: Skabe figurer og scener til videospil.<\/li>\n\n\n\n<li class=\"\"><strong>Animationsprojekter<\/strong>: Producerer elementer til animationsprojekter.<\/li>\n\n\n\n<li class=\"\"><strong>Markedsf\u00f8ring<\/strong>: Skabe reklamematerialer og engagerende visuals.<\/li>\n<\/ul>\n\n\n\n<h3 class=\"wp-block-heading\">Hvem skal bruge det?<\/h3>\n\n\n\n<p class=\"\">Velegnet til:<\/p>\n\n\n\n<ul class=\"wp-block-list\">\n<li class=\"\"><strong>Kunstnere<\/strong>: \u00d8nsker at udvide deres v\u00e6rkt\u00f8jskasse.<\/li>\n\n\n\n<li class=\"\"><strong>Ikke-kunstnere<\/strong>: \u00d8nsker at skabe anime-kunst uden omfattende tr\u00e6ning.<\/li>\n\n\n\n<li class=\"\"><strong>Spiludviklere<\/strong>: Har brug for aktiver til spil.<\/li>\n\n\n\n<li class=\"\"><strong>Skabere af indhold<\/strong>: S\u00f8ger engagerende visuelt materiale til deres platforme.<\/li>\n\n\n\n<li class=\"\"><strong>Professionelle inden for marketing<\/strong>: Udarbejdelse af tiltalende salgsfremmende indhold.<\/li>\n<\/ul>\n\n\n\n<h3 class=\"wp-block-heading\">Anime AI Generator V\u00e6rkt\u00f8jer og information<\/h3>\n\n\n\n<p class=\"\">Nedenfor er en tabel, der opsummerer de bedste Anime AI Generator-v\u00e6rkt\u00f8jer, deres fordele, ulemper og meget mere:<\/p>\n\n\n\n<figure class=\"wp-block-table\"><table class=\"has-fixed-layout\"><thead><tr><th>V\u00e6rkt\u00f8j\/websted<\/th><th>Fordele<\/th><th>Ulemper<\/th><th>Fordele<\/th><th>Udfordringer<\/th><th>Anbefalinger<\/th><\/tr><\/thead><tbody><tr><td><a href=\"https:\/\/aiartfree.online\/da\/anime-ai-generator\/\" target=\"_blank\" rel=\"noreferrer noopener\">AIArtFree<\/a><\/td><td>Gratis, nem at bruge<\/td><td>Begr\u00e6nsede funktioner<\/td><td>Perfekt til begyndere<\/td><td>Kr\u00e6ver internet<\/td><td>Bedst til hurtige projekter<\/td><\/tr><tr><td><a href=\"https:\/\/deepart.io\" rel=\"nofollow noopener\" target=\"_blank\">DeepArt<\/a><\/td><td>Output i h\u00f8j kvalitet<\/td><td>Kr\u00e6ver abonnement<\/td><td>Professionelle resultater<\/td><td>Dyrt<\/td><td>Bedst til seri\u00f8se projekter<\/td><\/tr><tr><td><a href=\"https:\/\/artbreeder.com\" rel=\"nofollow noopener\" target=\"_blank\">Kunstopdr\u00e6tter<\/a><\/td><td>Samarbejdsvillig, alsidig<\/td><td>L\u00e6ringskurve<\/td><td>Kreativ fleksibilitet<\/td><td>Kompleks gr\u00e6nseflade<\/td><td>Bedst til kollaborativ kunst<\/td><\/tr><tr><td><a href=\"https:\/\/toonme.com\" rel=\"nofollow noopener\" target=\"_blank\">ToonMe<\/a><\/td><td>Enkelt, sjovt<\/td><td>Reklamer i den gratis version<\/td><td>Perfekt til sociale medier<\/td><td>Begr\u00e6nsede styles<\/td><td>Bedst til afslappet brug<\/td><\/tr><tr><td><a href=\"https:\/\/nudeai.beauty\/en\/nude-anime\/\" data-type=\"link\" data-id=\"https:\/\/nudeai.beauty\/en\/nude-anime\/\" target=\"_blank\" rel=\"noreferrer noopener\">Anime Labs<\/a><\/td><td>Tegn, der kan tilpasses<\/td><td>Begr\u00e6nset til anime-piger<\/td><td>Meget detaljeret<\/td><td>Niche-fokus<\/td><td>Bedst til karakterskabelse<\/td><\/tr><tr><td><a>MalingK\u00e6de<\/a><\/td><td>Gratis, alsidig<\/td><td>Japansk gr\u00e6nseflade<\/td><td>Automatisk indfarvning<\/td><td>Sprogbarriere<\/td><td>Bedst til automatisk indfarvning<\/td><\/tr><tr><td><a href=\"https:\/\/crypko.ai\" rel=\"nofollow noopener\" target=\"_blank\">Krypko<\/a><\/td><td>Professionelle anime-ansigter<\/td><td>Kr\u00e6ver tokens<\/td><td>Detaljerede resultater<\/td><td>Token-system<\/td><td>Bedst til ansigtstr\u00e6k<\/td><\/tr><tr><td><a href=\"https:\/\/pixiv.net\" rel=\"nofollow noopener\" target=\"_blank\">Pixiv<\/a><\/td><td>Stort f\u00e6llesskab<\/td><td>Kr\u00e6ver medlemskab<\/td><td>Omfattende ressourcer<\/td><td>Overv\u00e6ldende<\/td><td>Bedst til kunst i lokalsamfundet<\/td><\/tr><tr><td><a href=\"https:\/\/www.thiswaifudoesnotexist.net\" rel=\"nofollow noopener\" target=\"_blank\">Denne Waifu findes ikke<\/a><\/td><td>Unikke waifus<\/td><td>Begr\u00e6nset tilpasning<\/td><td>Uendelig variation<\/td><td>Specifikt fokus<\/td><td>Bedst til unikke ansigter<\/td><\/tr><tr><td><a href=\"https:\/\/gansketch.com\" rel=\"nofollow noopener\" target=\"_blank\">GanSketch<\/a><\/td><td>Generering i realtid<\/td><td>Beta-version<\/td><td>Hurtige resultater<\/td><td>Udviklingsfase<\/td><td>Bedst til at eksperimentere<\/td><\/tr><\/tbody><\/table><\/figure>\n\n\n\n<p class=\"\"><strong>Bedste v\u00e6rkt\u00f8j: <a href=\"https:\/\/aiartfree.online\/da\/anime-ai-generator\/\">AIArtFree<\/a><\/strong><\/p>\n\n\n\n<h3 class=\"wp-block-heading\">Ofte stillede sp\u00f8rgsm\u00e5l<\/h3>\n\n\n\n<p class=\"\"><strong>Q: Hvad er den bedste Anime AI Generator for begyndere?<\/strong> A: AIArtFree anbefales til begyndere p\u00e5 grund af dets brugervenlighed og gratis adgang.<\/p>\n\n\n\n<p class=\"\"><strong>Q: Kan jeg bruge en Anime AI Generator til kommercielle form\u00e5l?<\/strong> Svar: Ja, mange Anime AI-generatorer kan bruges til kommercielle projekter, men det er vigtigt at tjekke de specifikke servicevilk\u00e5r for hvert v\u00e6rkt\u00f8j.<\/p>\n\n\n\n<p class=\"\"><strong>Q: Hvordan fungerer Anime AI Generators?<\/strong> A: De bruger maskinl\u00e6ringsalgoritmer, der er tr\u00e6net p\u00e5 store datas\u00e6t med anime-kunst, til at generere nye billeder baseret p\u00e5 brugerinput.<\/p>\n\n\n\n<p class=\"\"><strong>Q: Er Anime AI Generators gratis at bruge?<\/strong> Svar: Nogle v\u00e6rkt\u00f8jer er gratis, som AIArtFree, mens andre kan kr\u00e6ve et abonnement eller et k\u00f8b.<\/p>\n\n\n\n<p class=\"\"><strong>Q: Hvilke typer input kan jeg bruge med en Anime AI Generator?<\/strong> A: Almindelige input er fotos, skitser og tekstprompter.<\/p>\n\n\n\n<p class=\"\"><strong>Q: Kan jeg tilpasse de genererede anime-billeder?<\/strong> Svar: Ja, de fleste generatorer tilbyder tilpasningsmuligheder for at justere stilen og funktionerne i den genererede kunst.<\/p>\n\n\n\n<p class=\"\"><strong>Q: Hvad er forskellen mellem en AI-billedgenerator og en Anime AI-generator?<\/strong> A: En Anime AI Generator er specielt designet til at skabe billeder i anime-stil, mens en generel AI-billedgenerator kan producere forskellige stilarter.<\/p>\n\n\n\n<p class=\"\"><strong>Q: Har jeg brug for s\u00e6rlige f\u00e6rdigheder for at bruge en Anime AI Generator?<\/strong> Svar: Nej, disse v\u00e6rkt\u00f8jer er designet til at v\u00e6re brugervenlige og tilg\u00e6ngelige for alle.<\/p>\n\n\n\n<p class=\"\"><strong>Q: Hvor lang tid tager det at generere et anime-billede?<\/strong> Svar: Generationstiden varierer fra v\u00e6rkt\u00f8j til v\u00e6rkt\u00f8j, men ligger generelt mellem nogle f\u00e5 sekunder og et par minutter.<\/p>\n\n\n\n<p class=\"\"><strong>Q: Kan jeg generere anime-figurer til mit spil ved hj\u00e6lp af en Anime AI Generator?<\/strong> Svar: Ja, disse v\u00e6rkt\u00f8jer er fremragende til at skabe figurer og andre aktiver til videospil.<\/p>\n\n\n\n<h3 class=\"wp-block-heading\">Konklusion<\/h3>\n\n\n\n<p class=\"\">Anime AI Generators er kraftfulde v\u00e6rkt\u00f8jer til at skabe kunst i anime-stil uden besv\u00e6r. Uanset om du er en professionel kunstner eller en hobbyist, kan disse generatorer hj\u00e6lpe dig med at bringe dine kreative visioner til live. For at f\u00e5 den bedste oplevelse skal du pr\u00f8ve at bruge <a href=\"https:\/\/aiartfree.online\/da\/anime-ai-generator\/\">AIArtFree<\/a> for at udforske en verden af AI-genereret anime-kunst.<\/p>","protected":false},"excerpt":{"rendered":"<p>Before vs After How to use Anime AI Generator Prompt Examples *&nbsp;Depending on your internet speed, loading the model may take a few seconds.* There will be caching during continuous generation, and the new image will appear after about 3 seconds. Introduction of Anime AI Generator Anime AI Generators are revolutionizing the way we create &#8230; <a title=\"Anime AI Generator\" class=\"read-more\" href=\"https:\/\/aiartfree.online\/da\/anime-ai-generator\/\" aria-label=\"Read more about Anime AI Generator\">L\u00e6s mere <\/a><\/p>","protected":false},"author":1,"featured_media":0,"parent":0,"menu_order":0,"comment_status":"open","ping_status":"closed","template":"","meta":{"nf_dc_page":"","footnotes":""},"class_list":["post-2876","page","type-page","status-publish"],"jetpack_sharing_enabled":true,"_links":{"self":[{"href":"https:\/\/aiartfree.online\/da\/wp-json\/wp\/v2\/pages\/2876","targetHints":{"allow":["GET"]}}],"collection":[{"href":"https:\/\/aiartfree.online\/da\/wp-json\/wp\/v2\/pages"}],"about":[{"href":"https:\/\/aiartfree.online\/da\/wp-json\/wp\/v2\/types\/page"}],"author":[{"embeddable":true,"href":"https:\/\/aiartfree.online\/da\/wp-json\/wp\/v2\/users\/1"}],"replies":[{"embeddable":true,"href":"https:\/\/aiartfree.online\/da\/wp-json\/wp\/v2\/comments?post=2876"}],"version-history":[{"count":1,"href":"https:\/\/aiartfree.online\/da\/wp-json\/wp\/v2\/pages\/2876\/revisions"}],"predecessor-version":[{"id":3595,"href":"https:\/\/aiartfree.online\/da\/wp-json\/wp\/v2\/pages\/2876\/revisions\/3595"}],"wp:attachment":[{"href":"https:\/\/aiartfree.online\/da\/wp-json\/wp\/v2\/media?parent=2876"}],"curies":[{"name":"wp","href":"https:\/\/api.w.org\/{rel}","templated":true}]}}