{"id":78,"date":"2022-05-10T20:33:06","date_gmt":"2022-05-10T19:33:06","guid":{"rendered":"https:\/\/gp-inbound.wordifysites.com\/?page_id=78"},"modified":"2024-07-20T16:28:52","modified_gmt":"2024-07-20T16:28:52","slug":"about-us","status":"publish","type":"page","link":"https:\/\/aiartfree.online\/cs\/o-nas\/","title":{"rendered":"O n\u00e1s"},"content":{"rendered":"<section class=\"gb-container gb-container-8cf8b04f\">\n<div class=\"gb-container gb-container-dfac1555\">\n\n<h2 class=\"gb-headline gb-headline-608020c5 gb-headline-text\">Uvoln\u011bn\u00ed kreativity pomoc\u00ed nejmodern\u011bj\u0161\u00edch um\u011bleck\u00fdch n\u00e1stroj\u016f s um\u011blou inteligenc\u00ed<\/h2>\n\n\n\n<p class=\"gb-headline gb-headline-7330c428 gb-headline-text\">V\u00edtejte na str\u00e1nk\u00e1ch Free AI Art Generator, kde se kreativita setk\u00e1v\u00e1 s nejmodern\u011bj\u0161\u00edmi technologiemi. Na\u0161e platforma vyu\u017e\u00edv\u00e1 s\u00edlu nejmodern\u011bj\u0161\u00edch algoritm\u016f um\u011bl\u00e9 inteligence a generativn\u00ed um\u011bl\u00e9 inteligence k p\u0159em\u011bn\u011b va\u0161ich textov\u00fdch podn\u011bt\u016f na \u00fa\u017easn\u00e1, \u017eiv\u00e1 um\u011bleck\u00e1 d\u00edla. <\/p>\n\n\n\n<p class=\"\">Na\u0161\u00edm posl\u00e1n\u00edm je demokratizovat um\u011bleckou tvorbu t\u00edm, \u017ee nab\u00edz\u00edme sadu bezplatn\u00fdch n\u00e1stroj\u016f s um\u011blou inteligenc\u00ed, kter\u00e9 u\u017eivatel\u016fm umo\u017e\u0148uj\u00ed snadno vytv\u00e1\u0159et obrazy generovan\u00e9 um\u011blou inteligenc\u00ed a zkoumat potenci\u00e1l um\u011bl\u00e9 inteligence v um\u011bn\u00ed. A\u0165 u\u017e jste zku\u0161en\u00fd um\u011blec, nebo zv\u011bdav\u00fd za\u010d\u00e1te\u010dn\u00edk, na\u0161e n\u00e1stroje jsou navr\u017eeny tak, aby vylep\u0161ily v\u00e1\u0161 tv\u016fr\u010d\u00ed proces a poskytovaly vysoce kvalitn\u00ed v\u00fdsledky s bezprobl\u00e9mov\u00fdm u\u017eivatelsk\u00fdm prost\u0159ed\u00edm. <\/p>\n\n\n\n<p class=\"\">P\u0159ipojte se k na\u0161\u00ed komunit\u011b a objevte budoucnost um\u011bn\u00ed s Free AI Art Generator - kde se spojuje p\u0159edstavivost a technologie.<\/p>\n\n<\/div>\n\n<div class=\"gb-container gb-container-49e56edb\">\n\n<figure class=\"gb-block-image gb-block-image-ad6d2ba8\"><img data-recalc-dims=\"1\" decoding=\"async\" loading=\"lazy\" width=\"600\" height=\"430\" class=\"gb-image gb-image-ad6d2ba8\" src=\"https:\/\/i0.wp.com\/aiartfree.online\/wp-content\/uploads\/2024\/07\/work-stay-at-home-illustration-man-with-computer-6VFUTBK-1.png?resize=600%2C430&#038;ssl=1\" alt=\"Gener\u00e1tor um\u011bleck\u00fdch d\u011bl AI zdarma\" title=\"ilustrace &quot;pr\u00e1ce doma&quot; - mu\u017e s po\u010d\u00edta\u010dem-6VFUTBK-1.png\" srcset=\"https:\/\/i0.wp.com\/aiartfree.online\/wp-content\/uploads\/2024\/07\/work-stay-at-home-illustration-man-with-computer-6VFUTBK-1.png?w=600&amp;ssl=1 600w, https:\/\/i0.wp.com\/aiartfree.online\/wp-content\/uploads\/2024\/07\/work-stay-at-home-illustration-man-with-computer-6VFUTBK-1.png?resize=300%2C215&amp;ssl=1 300w, https:\/\/i0.wp.com\/aiartfree.online\/wp-content\/uploads\/2024\/07\/work-stay-at-home-illustration-man-with-computer-6VFUTBK-1.png?resize=18%2C12&amp;ssl=1 18w\" sizes=\"auto, (max-width: 600px) 100vw, 600px\" \/><\/figure>\n\n<\/div>\n<\/section>\n\n<section class=\"gb-container gb-container-e4cc5e2c\">\n<div class=\"gb-container gb-container-3ceba49d\">\n<div class=\"gb-container gb-container-c05d1bd2\">\n\n<p class=\"\"> <\/p>\n\n<\/div>\n\n<div class=\"gb-container gb-container-e687e67e\">\n\n<h2 class=\"gb-headline gb-headline-c10d1bd9 gb-headline-text\">Pro\u010d si vybrat n\u00e1s<\/h2>\n\n\n\n<p class=\"gb-headline gb-headline-3ace5b05 gb-headline-text\">Ve Free AI Art Generator poskytujeme v\u00fdjime\u010dnou kreativn\u00ed platformu pro generov\u00e1n\u00ed vysoce kvalitn\u00edch um\u011bleck\u00fdch d\u011bl AI. Zde je d\u016fvod, pro\u010d na\u0161e slu\u017eba vynik\u00e1:<\/p>\n\n\n<div class=\"gb-container gb-container-2d10fbab\">\n<div class=\"gb-container gb-container-e7e2767f\">\n\n<div class=\"gb-headline gb-headline-4a6740d2\"><span class=\"gb-icon\"><svg xmlns=\"http:\/\/www.w3.org\/2000\/svg\" viewbox=\"0 0 512 512\" width=\"1em\" height=\"1em\" aria-hidden=\"true\"><path d=\"M173.898 439.404l-166.4-166.4c-9.997-9.997-9.997-26.206 0-36.204l36.203-36.204c9.997-9.998 26.207-9.998 36.204 0L192 312.69 432.095 72.596c9.997-9.997 26.207-9.997 36.204 0l36.203 36.204c9.997 9.997 9.997 26.206 0 36.204l-294.4 294.401c-9.998 9.997-26.207 9.997-36.204-.001z\" fill=\"currentColor\"><\/path><\/svg><\/span><\/div>\n\n<\/div>\n\n<div class=\"gb-container gb-container-0304ef5f\">\n\n<p class=\"gb-headline gb-headline-624d17cc gb-headline-text\">Pokro\u010dil\u00e1 technologie AI<\/p>\n\n\n\n<p class=\"gb-headline gb-headline-6875360d gb-headline-text\">Na\u0161e n\u00e1stroje vyu\u017e\u00edvaj\u00ed nejmodern\u011bj\u0161\u00ed algoritmy um\u011bl\u00e9 inteligence a generativn\u00ed um\u011blou inteligenci k p\u0159em\u011bn\u011b textov\u00fdch podn\u011bt\u016f na \u017eiv\u00e9 obr\u00e1zky generovan\u00e9 um\u011blou inteligenc\u00ed. D\u00edky funkc\u00edm, jako je jemn\u00e9 dolad\u011bn\u00ed a stabiln\u00ed rozptyl, m\u016f\u017eete snadno vytv\u00e1\u0159et ohromuj\u00edc\u00ed, detailn\u00ed um\u011bleck\u00e1 d\u00edla.<\/p>\n\n<\/div>\n<\/div>\n\n<div class=\"gb-container gb-container-42092c04\">\n<div class=\"gb-container gb-container-71ee177a\">\n\n<div class=\"gb-headline gb-headline-36fc3e3e\"><span class=\"gb-icon\"><svg xmlns=\"http:\/\/www.w3.org\/2000\/svg\" viewbox=\"0 0 512 512\" width=\"1em\" height=\"1em\" aria-hidden=\"true\"><path d=\"M173.898 439.404l-166.4-166.4c-9.997-9.997-9.997-26.206 0-36.204l36.203-36.204c9.997-9.998 26.207-9.998 36.204 0L192 312.69 432.095 72.596c9.997-9.997 26.207-9.997 36.204 0l36.203 36.204c9.997 9.997 9.997 26.206 0 36.204l-294.4 294.401c-9.998 9.997-26.207 9.997-36.204-.001z\" fill=\"currentColor\"><\/path><\/svg><\/span><\/div>\n\n<\/div>\n\n<div class=\"gb-container gb-container-bb23dd8a\">\n\n<p class=\"gb-headline gb-headline-11e332ea gb-headline-text\">U\u017eivatelsky p\u0159\u00edv\u011btiv\u00e9 prost\u0159ed\u00ed<\/p>\n\n\n\n<p class=\"gb-headline gb-headline-1433451e gb-headline-text\">Na\u0161e platforma je navr\u017eena s ohledem na u\u017eivatelsk\u00fd komfort a zaji\u0161\u0165uje bezprobl\u00e9mov\u00fd proces od zad\u00e1n\u00ed a\u017e po fin\u00e1ln\u00ed obr\u00e1zek. A\u0165 u\u017e jste profesion\u00e1ln\u00ed um\u011blec, nebo za\u010d\u00e1te\u010dn\u00edk, na\u0161e um\u011bleck\u00e9 n\u00e1stroje poh\u00e1n\u011bn\u00e9 um\u011blou inteligenc\u00ed jsou intuitivn\u00ed a p\u0159\u00edstupn\u00e9.<\/p>\n\n<\/div>\n<\/div>\n\n<div class=\"gb-container gb-container-6a2056be\">\n<div class=\"gb-container gb-container-aade45e2\">\n\n<div class=\"gb-headline gb-headline-87d36e38\"><span class=\"gb-icon\"><svg xmlns=\"http:\/\/www.w3.org\/2000\/svg\" viewbox=\"0 0 512 512\" width=\"1em\" height=\"1em\" aria-hidden=\"true\"><path d=\"M173.898 439.404l-166.4-166.4c-9.997-9.997-9.997-26.206 0-36.204l36.203-36.204c9.997-9.998 26.207-9.998 36.204 0L192 312.69 432.095 72.596c9.997-9.997 26.207-9.997 36.204 0l36.203 36.204c9.997 9.997 9.997 26.206 0 36.204l-294.4 294.401c-9.998 9.997-26.207 9.997-36.204-.001z\" fill=\"currentColor\"><\/path><\/svg><\/span><\/div>\n\n<\/div>\n\n<div class=\"gb-container gb-container-07d4fbf6\">\n\n<p class=\"gb-headline gb-headline-d1c00e48 gb-headline-text\">Zdarma a p\u0159\u00edstupn\u00e9<\/p>\n\n\n\n<p class=\"gb-headline gb-headline-3a9ff30b gb-headline-text\">Na\u0161e \u0161pi\u010dkov\u00e9 um\u011bleck\u00e9 n\u00e1stroje nab\u00edz\u00edme zdarma, tak\u017ee m\u016f\u017eete bez jak\u00fdchkoli n\u00e1klad\u016f prozkoumat potenci\u00e1l um\u011bl\u00e9 inteligence v um\u011bn\u00ed. Sd\u00edlejte sv\u00e9 v\u00fdtvory vytvo\u0159en\u00e9 um\u011blou inteligenc\u00ed na soci\u00e1ln\u00edch s\u00edt\u00edch a vyu\u017e\u00edvejte v\u00fdhod vysoce kvalitn\u00edho a bezplatn\u00e9ho um\u011bn\u00ed s um\u011blou inteligenc\u00ed.<\/p>\n\n<\/div>\n<\/div>\n<\/div>\n<\/div>\n<\/section>","protected":false},"excerpt":{"rendered":"<p>Unleashing Creativity with Cutting-Edge AI Art Tools Welcome to Free AI Art Generator, where creativity meets cutting-edge technology. Our platform harnesses the power of state-of-the-art AI algorithms and generative AI to transform your text prompts into stunning, vibrant artworks. Our mission is to democratize art creation by offering a suite of free, AI-powered tools that &#8230; <a title=\"O n\u00e1s\" class=\"read-more\" href=\"https:\/\/aiartfree.online\/cs\/o-nas\/\" aria-label=\"Read more about About Us\">\u010c\u00edst d\u00e1l<\/a><\/p>","protected":false},"author":1,"featured_media":0,"parent":0,"menu_order":0,"comment_status":"open","ping_status":"closed","template":"","meta":{"nf_dc_page":"","footnotes":""},"class_list":["post-78","page","type-page","status-publish"],"jetpack_sharing_enabled":true,"_links":{"self":[{"href":"https:\/\/aiartfree.online\/cs\/wp-json\/wp\/v2\/pages\/78","targetHints":{"allow":["GET"]}}],"collection":[{"href":"https:\/\/aiartfree.online\/cs\/wp-json\/wp\/v2\/pages"}],"about":[{"href":"https:\/\/aiartfree.online\/cs\/wp-json\/wp\/v2\/types\/page"}],"author":[{"embeddable":true,"href":"https:\/\/aiartfree.online\/cs\/wp-json\/wp\/v2\/users\/1"}],"replies":[{"embeddable":true,"href":"https:\/\/aiartfree.online\/cs\/wp-json\/wp\/v2\/comments?post=78"}],"version-history":[{"count":0,"href":"https:\/\/aiartfree.online\/cs\/wp-json\/wp\/v2\/pages\/78\/revisions"}],"wp:attachment":[{"href":"https:\/\/aiartfree.online\/cs\/wp-json\/wp\/v2\/media?parent=78"}],"curies":[{"name":"wp","href":"https:\/\/api.w.org\/{rel}","templated":true}]}}