{"id":3558,"date":"2024-08-05T07:35:25","date_gmt":"2024-08-05T07:35:25","guid":{"rendered":"https:\/\/aiartfree.online\/?page_id=3558"},"modified":"2024-08-16T10:09:07","modified_gmt":"2024-08-16T10:09:07","slug":"flux-ai-image-generator-flux1","status":"publish","type":"page","link":"https:\/\/aiartfree.online\/cs\/generator-obrazku-flux-ai-flux1\/","title":{"rendered":"Flux AI Image Generator | Powered by Flux.1"},"content":{"rendered":"<h2 class=\"wp-block-heading has-text-align-center\">Galerie Flux.1<\/h2>\n\n\n\n<figure class=\"gb-block-image gb-block-image-1822da1f\"><img data-recalc-dims=\"1\" decoding=\"async\" loading=\"lazy\" width=\"1024\" height=\"725\" class=\"gb-image gb-image-1822da1f\" src=\"https:\/\/i0.wp.com\/aiartfree.online\/wp-content\/uploads\/2024\/08\/WX20240803-154751%402x-1024x725.webp?resize=1024%2C725&#038;ssl=1\" alt=\"Gener\u00e1tor obr\u00e1zk\u016f Flux AI od spole\u010dnosti Black Forest Labs s modely Flux.1, Flux.1 Pro, Flux.1 Dev a Flux.1 Schnell. Neomezen\u011b, ve vysok\u00e9 kvalit\u011b, zdarma, bez registrace.\" title=\"WX20240803-154751@2x\" srcset=\"https:\/\/i0.wp.com\/aiartfree.online\/wp-content\/uploads\/2024\/08\/WX20240803-154751%402x.jpg?resize=1024%2C725&amp;ssl=1 1024w, https:\/\/i0.wp.com\/aiartfree.online\/wp-content\/uploads\/2024\/08\/WX20240803-154751%402x.jpg?resize=300%2C212&amp;ssl=1 300w, https:\/\/i0.wp.com\/aiartfree.online\/wp-content\/uploads\/2024\/08\/WX20240803-154751%402x.jpg?resize=768%2C544&amp;ssl=1 768w, https:\/\/i0.wp.com\/aiartfree.online\/wp-content\/uploads\/2024\/08\/WX20240803-154751%402x.jpg?resize=1536%2C1087&amp;ssl=1 1536w, https:\/\/i0.wp.com\/aiartfree.online\/wp-content\/uploads\/2024\/08\/WX20240803-154751%402x.jpg?resize=18%2C12&amp;ssl=1 18w, https:\/\/i0.wp.com\/aiartfree.online\/wp-content\/uploads\/2024\/08\/WX20240803-154751%402x.jpg?resize=600%2C425&amp;ssl=1 600w, https:\/\/i0.wp.com\/aiartfree.online\/wp-content\/uploads\/2024\/08\/WX20240803-154751%402x.jpg?w=2046&amp;ssl=1 2046w\" sizes=\"auto, (max-width: 1024px) 100vw, 1024px\" \/><\/figure>\n\n\n\n<h2 class=\"wp-block-heading\">Jak pou\u017e\u00edvat gener\u00e1tor obr\u00e1zk\u016f Flux AI<\/h2>\n\n\n\n<ol class=\"wp-block-list\">\n<li class=\"\">Zadejte v\u00fdzvu<\/li>\n\n\n\n<li class=\"\">Klikn\u011bte na tla\u010d\u00edtko \"Odeslat\".<\/li>\n\n\n\n<li class=\"\">Po\u010dkat, to je ono!<\/li>\n<\/ol>\n\n\n\n<p class=\"\">* Pokud v\u00e1s nic nenapad\u00e1, sje\u010fte dol\u016f a pod\u00edvejte se na na\u0161e p\u0159\u00edklady.<\/p>\n\n\n\n<p class=\"\"><em>* Pokud tento model pou\u017e\u00edv\u00e1te intenzivn\u011b po kr\u00e1tkou dobu, m\u016f\u017ee zp\u016fsobit nedostatek prost\u0159edk\u016f GPU. P\u0159ed pokra\u010dov\u00e1n\u00edm v pou\u017e\u00edv\u00e1n\u00ed po\u010dkejte n\u011bkolik minut.<\/em><br>* M\u016f\u017ee vr\u00e1tit chybu, pokud se jedn\u00e1 o \u0161pi\u010dku vyu\u017eit\u00ed.&nbsp;<em>P\u0159ed obnoven\u00edm pou\u017e\u00edv\u00e1n\u00ed po\u010dkejte n\u011bkolik minut.<\/em><\/p>\n\n\n\n<p class=\"\"><em>* V z\u00e1vislosti na rychlosti va\u0161eho internetu m\u016f\u017ee na\u010dten\u00ed modelu trvat.&nbsp;<\/em>a\u017e 10 sekund \u2193<\/p>\n\n\n\n<div class=\"iframe-wrapper\" style=\"position: relative; width: 100%; height: 700px;\">\n  <div class=\"loading\" style=\"position: absolute; top: 50px; left: 50%; transform: translate(-50%, -50%); width: 40px; height: 40px; border: 3px solid #f0f0f0; border-top: 3px solid #db7093; border-radius: 50%; animation: spin 1s linear infinite;\"><\/div>\n  <iframe loading=\"lazy\" src=\"https:\/\/rooc-flux-1-dev.hf.space\" frameborder=\"0\" width=\"100%\" height=\"100%\" style=\"position: absolute; top: 0; left: 0; opacity: 0; transition: opacity 0.3s;\" onload=\"this.style.opacity=1;this.previousElementSibling.style.display='none';\"><\/iframe>\n<\/div>\n\n<style>\n@keyframes spin {\n  0% { transform: translate(-50%, -50%) rotate(0deg); }\n  100% { transform: translate(-50%, -50%) rotate(360deg); }\n}\n<\/style>\n\n\n\n<h2 class=\"wp-block-heading\" id=\"maodian\">Podn\u011btn\u00e9 p\u0159\u00edklady Flux.1<\/h2>\n\n\n\n<p class=\"\">Kop\u00edrujte a vkl\u00e1dejte za chodu!<\/p>\n\n\n\n<ol style=\"font-size:15px\" class=\"wp-block-list\">\n<li class=\"\">port\u00e1l do b\u00e1jn\u00e9ho lesa na st\u011bn\u011b m\u00e9 mal\u00e9 u\u0161mudlan\u00e9 lo\u017enice.<\/li>\n\n\n\n<li class=\"\">detailn\u00ed filmov\u00fd dof render star\u00e9ho zapr\u00e1\u0161en\u00e9ho detailn\u00edho CRT monitoru na d\u0159ev\u011bn\u00e9m stole v tmav\u00e9 m\u00edstnosti s p\u0159edm\u011bty kolem, \u0161pinav\u00e1 \u0161pinav\u00e1 m\u00edstnost. Na obrazovce jemn\u011b sv\u00edt\u00ed p\u00edsmena \"FLUX\". Vysoce detailn\u00ed render tvrd\u00e9ho povrchu<\/li>\n\n\n\n<li class=\"\">podvodn\u00ed sc\u00e9na dvou sov sed\u00edc\u00edch u luxusn\u00edho j\u00eddeln\u00edho stolu se zap\u00e1lenou sv\u00ed\u010dkou uprost\u0159ed, ob\u011b sovy spolu kr\u00e1sn\u011b ve\u010de\u0159\u00ed. Lev\u00e1 sova m\u00e1 na sob\u011b smoking, prav\u00e1 sova m\u00e1 na sob\u011b p\u011bkn\u00e9 \u0161aty. V pozad\u00ed proplouv\u00e1 ponorka, na jej\u00edm\u017e boku je namalov\u00e1n n\u00e1pis \"What a Hoot\". Ve spodn\u00ed \u010d\u00e1sti obr\u00e1zku pod stolem plavou mal\u00e9 med\u00fazy, filmov\u011b kr\u00e1sn\u00e9 digit\u00e1ln\u00ed um\u011bleck\u00e9 d\u00edlo.<\/li>\n\n\n\n<li class=\"\">Stroj generuj\u00edc\u00ed nekone\u010dn\u00e9 mno\u017estv\u00ed polaroidov\u00fdch sn\u00edmk\u016f a vyhazuj\u00edc\u00ed je do vzduchu. Realistick\u00e1 fotografie National geographic<\/li>\n\n\n\n<li class=\"\">Typografie, futuristick\u00e9 jemn\u00e9 lasery tracing, futuristick\u00e9 japonsko venkovsk\u00e9 p\u0159\u00edrody turn\u00e9 a keramika, Steven Meisel, kaws, Rolf Armstrong, mondrian, kandinsky, dokonal\u00e1 geometrie abstraktn\u00ed akryl, oktanov\u00fd hyperrealismus fotorealistick\u00fd airbrush kol\u00e1\u017e malba, tmav\u00fd monochromatick\u00fd, fluorescen\u010dn\u00ed barvy, minimalistick\u00e9 pravidlo t\u0159etin, osmdes\u00e1t\u00e1 l\u00e9ta eros<\/li>\n\n\n\n<li class=\"\">star\u00fd klav\u00edr v m\u00e9m ob\u00fdvac\u00edm pokoji<\/li>\n\n\n\n<li class=\"\">Fotografie stodoly na poli<\/li>\n\n\n\n<li class=\"\">kr\u00e1sn\u00e1 anime kresba, roztomil\u00e1 anime ko\u010di\u010dka, kter\u00e1 vypad\u00e1 v depresi a dr\u017e\u00ed kus pap\u00edru s \u00fasm\u011bvem nakreslen\u00fdm p\u0159es \u00fasta, chyst\u00e1 se plakat.<\/li>\n\n\n\n<li class=\"\">kr\u00e1sn\u00e9 anime um\u011bleck\u00e9 d\u00edlo, silueta roztomil\u00e9 anime d\u00edvky, dvojit\u00e1 expozice, duhov\u00e1 mlhovina galaxie, \u010dern\u00e9 pozad\u00ed, \u00e9terick\u00e1 z\u00e1\u0159e, kv\u011bt, hdr<\/li>\n\n\n\n<li class=\"\">abstraktn\u00ed chrom 80. let scifi automat hajime sorayama airbrush strage object, single verital line, generative art, p5js, dithering<\/li>\n\n\n\n<li class=\"\">fotografie kr\u00e1sn\u00e9 kav\u00e1rny ve Freiburgu<\/li>\n\n\n\n<li class=\"\">\u0161\u00edlen\u00fd v\u011bdec stav\u00ed obrovskou neuv\u011b\u0159itelnou frontu, kter\u00e1 sah\u00e1 od kancel\u00e1\u0159sk\u00e9ho stolu a\u017e do vesm\u00edru, kde se dot\u00fdk\u00e1 M\u011bs\u00edce.<\/li>\n\n\n\n<li class=\"\">filmov\u00e1 fotografie skupiny t\u0159\u00ed \u017een na ulici v centru m\u011bsta, dr\u017e\u00ed ruce nad fotoapar\u00e1tem.<\/li>\n\n\n\n<li class=\"\">Skryt\u00fd cenot uprost\u0159ed bujn\u00e9 d\u017eungle l\u00e1k\u00e1 k\u0159i\u0161\u0165\u00e1lov\u011b tyrkysovou vodou. Po zv\u011btral\u00fdch v\u00e1pencov\u00fdch st\u011bn\u00e1ch se kask\u00e1dovit\u011b sva\u017euj\u00ed z\u00e1\u0159iv\u00e9 smaragdov\u00e9 li\u00e1ny, jejich\u017e \u00faponky sotva pol\u00edb\u00ed vodn\u00ed hladinu. P\u0159\u00edrodn\u00edm sv\u011btl\u00edkem nad n\u00ed pronikaj\u00ed paprsky zlatav\u00e9ho slune\u010dn\u00edho sv\u011btla a vytv\u00e1\u0159ej\u00ed na st\u011bn\u00e1ch jeskyn\u011b mystickou hru sv\u011btla a st\u00ednu. Mezi exotick\u00fdmi orchidejemi, kter\u00e9 se dr\u017e\u00ed na skaln\u00edch v\u00fdchozech, poletuj\u00ed duhov\u00ed mot\u00fdli. \u010c\u00e1ste\u010dn\u011b pono\u0159en\u00e1 maysk\u00e1 z\u0159\u00edcenina se slo\u017eit\u00fdmi rytinami, kter\u00e9 zjemnil \u010das, stoj\u00ed jako tich\u00e1 str\u00e1\u017e na okraji vody. V k\u0159i\u0161\u0165\u00e1lov\u011b \u010dist\u00fdch hlubin\u00e1ch se proh\u00e1n\u011bj\u00ed hejna drobn\u00fdch st\u0159\u00edbrn\u00fdch rybek, jejich\u017e \u0161upiny se t\u0159pyt\u00ed jako podvodn\u00ed hv\u011bzdy. Na vzd\u00e1len\u00e9m konci cenotu se do t\u016fn\u011b melodicky val\u00ed mal\u00fd vodop\u00e1d, jeho\u017e mlha vytv\u00e1\u0159\u00ed v mdl\u00e9m sv\u011btle pom\u00edjiv\u00e9 duhy.<\/li>\n\n\n\n<li class=\"\">mal\u00fd astronaut se vyl\u00edhne z vaj\u00ed\u010dka na M\u011bs\u00edci.<\/li>\n\n\n\n<li class=\"\">star\u00fd mu\u017e s br\u00fdlemi portr\u00e9t, fotografie, 50mm, f1.4, p\u0159irozen\u00e9 sv\u011btlo, Path\u00e9chrome<\/li>\n\n\n\n<li class=\"\">kr\u00e1sn\u00e1 anime kresba, roztomil\u00e1 anime d\u00edvka stoj\u00edc\u00ed sama v no\u010dn\u00ed tm\u011b, na sob\u011b m\u00e1 nadm\u011brn\u00fd \u010dern\u00fd pl\u00e1\u0161\u0165 do de\u0161t\u011b s malou ta\u0161kou. dr\u017e\u00ed \u010dern\u00fd de\u0161tn\u00edk, de\u0161tn\u00edk m\u00e1 uvnit\u0159 ukryt\u00e9 r\u016fznobarevn\u00e9 LED diody, kter\u00e9 na ni sv\u00edt\u00ed, vzduchem kolem n\u00ed poletuj\u00ed mal\u00e9 okv\u011btn\u00ed l\u00edstky r\u016f\u017e\u00ed, anime styl screencap, \u010derven\u00e9 o\u010di, st\u0159edn\u011b dlouh\u00e9 vlasy.<\/li>\n\n\n\n<li class=\"\">filmov\u00e9 epick\u00e9 d\u00edlo nekone\u010dn\u00e9ho galaktick\u00e9ho n\u00e1kupn\u00edho centra<\/li>\n\n\n\n<li class=\"\">abstraktn\u00ed chromovan\u00fd automat z 80. let scifi, airbrush<\/li>\n\n\n\n<li class=\"\">hust\u00e1 skvrnit\u00e1 olejomalba s tahy \u0161t\u011btce velk\u00e9 velryby jemn\u011b pluj\u00edc\u00ed na no\u010dn\u00ed obloze vysoko nad m\u011bstem.<\/li>\n<\/ol>\n\n\n\n<div style=\"height:100px\" aria-hidden=\"true\" class=\"wp-block-spacer\"><\/div>\n\n\n\n<h2 class=\"wp-block-heading\">Gener\u00e1tor obr\u00e1zk\u016f Flux AI: Kone\u010dn\u00fd pr\u016fvodce<\/h2>\n\n\n\n<p class=\"\">Flux AI Image Generator je inovativn\u00ed open-source model pro generov\u00e1n\u00ed text\u016f na obr\u00e1zky, kter\u00fd je ur\u010den k vytv\u00e1\u0159en\u00ed vysoce kvalitn\u00edch obr\u00e1zk\u016f z textov\u00fdch popis\u016f. Tento pokro\u010dil\u00fd n\u00e1stroj AI je zn\u00e1m\u00fd svou flexibilitou a r\u016fznorodost\u00ed v\u00fdstupn\u00edch styl\u016f, kter\u00e9 podporuje.<\/p>\n\n\n\n<h3 class=\"wp-block-heading\">\u00davod<\/h3>\n\n\n\n<h4 class=\"wp-block-heading\">Co je Flux AI Image Generator?<\/h4>\n\n\n\n<p class=\"\">Flux AI Image Generator je open-source model ur\u010den\u00fd k p\u0159evodu textu na obr\u00e1zky. Tento n\u00e1stroj je velmi univerz\u00e1ln\u00ed a dok\u00e1\u017ee vytv\u00e1\u0159et vysoce kvalitn\u00ed obr\u00e1zky v r\u016fzn\u00fdch stylech. Jeliko\u017e se jedn\u00e1 o projekt s otev\u0159en\u00fdm zdrojov\u00fdm k\u00f3dem, umo\u017e\u0148uje u\u017eivatel\u016fm upravovat a p\u0159izp\u016fsobovat k\u00f3d sv\u00fdm pot\u0159eb\u00e1m, co\u017e z n\u011bj \u010din\u00ed v\u00fdkonn\u00fd zdroj pro v\u00fdvoj\u00e1\u0159e i um\u011blce.<\/p>\n\n\n\n<h4 class=\"wp-block-heading\">Pozad\u00ed a v\u00fdvoj\u00e1\u0159i<\/h4>\n\n\n\n<p class=\"\">Gener\u00e1tor obr\u00e1zk\u016f Flux AI vyvinula spole\u010dnost Black Forest Labs, p\u0159edn\u00ed subjekt v oblasti um\u011bl\u00e9 inteligence zn\u00e1m\u00fd sv\u00fdmi p\u0159\u00edsp\u011bvky k um\u011bl\u00e9 inteligenci a strojov\u00e9mu u\u010den\u00ed. V\u00fdvoj Flux AI Image Generator je \u00fazce propojen s dal\u0161\u00edmi v\u00fdznamn\u00fdmi projekty, jako je nap\u0159\u00edklad Stable Diffusion, co\u017e d\u00e1le zvy\u0161uje jeho d\u016fv\u011bryhodnost a schopnosti.<\/p>\n\n\n\n<h3 class=\"wp-block-heading\">Funkce a specifikace<\/h3>\n\n\n\n<h4 class=\"wp-block-heading\">Technick\u00e9 specifikace<\/h4>\n\n\n\n<p class=\"\">Model Flux se m\u016f\u017ee pochlubit \u00factyhodn\u00fdmi 1,2 miliardami parametr\u016f, co\u017e z n\u011bj \u010din\u00ed robustn\u00ed n\u00e1stroj pro generov\u00e1n\u00ed obr\u00e1zk\u016f. Je k dispozici ve t\u0159ech verz\u00edch: Flux Dev, Flux Schnell a Flux Pro, z nich\u017e ka\u017ed\u00e1 spl\u0148uje r\u016fzn\u00e9 pot\u0159eby u\u017eivatel\u016f a po\u017eadavky na v\u00fdkon.<\/p>\n\n\n\n<h4 class=\"wp-block-heading\">Z\u00e1kladn\u00ed funkce<\/h4>\n\n\n\n<ul class=\"wp-block-list\">\n<li class=\"\"><strong>Generov\u00e1n\u00ed vysoce kvalitn\u00edch sn\u00edmk\u016f<\/strong>: Flux AI Image Generator vynik\u00e1 p\u0159i vytv\u00e1\u0159en\u00ed detailn\u00edch a estetick\u00fdch obr\u00e1zk\u016f.<\/li>\n\n\n\n<li class=\"\"><strong>V\u0161estrannost v\u00fdstupn\u00edch styl\u016f<\/strong>: U\u017eivatel\u00e9 si mohou vybrat ze \u0161irok\u00e9 \u0161k\u00e1ly styl\u016f, co\u017e zaji\u0161\u0165uje flexibilitu p\u0159i tvorb\u011b projekt\u016f.<\/li>\n\n\n\n<li class=\"\"><strong>Srovn\u00e1n\u00ed s konkurenc\u00ed<\/strong>: Ve srovn\u00e1n\u00ed s jin\u00fdmi gener\u00e1tory obr\u00e1zk\u016f, jako jsou Midjourney a DALL-E 3, nab\u00edz\u00ed Flux vy\u0161\u0161\u00ed flexibilitu a kvalitu.<\/li>\n<\/ul>\n\n\n\n<h4 class=\"wp-block-heading\">V\u00fdkon a optimalizace<\/h4>\n\n\n\n<ul class=\"wp-block-list\">\n<li class=\"\"><strong>Rychl\u00e9 generov\u00e1n\u00ed obr\u00e1zk\u016f<\/strong>: Flux je optimalizov\u00e1n pro rychlost, dok\u00e1\u017ee rychle generovat obr\u00e1zky bez sn\u00ed\u017een\u00ed kvality.<\/li>\n\n\n\n<li class=\"\"><strong>Kompatibilita hardwaru<\/strong>: Dob\u0159e se p\u0159izp\u016fsobuje r\u016fzn\u00fdm hardwarov\u00fdm prost\u0159ed\u00edm a zaji\u0161\u0165uje bezprobl\u00e9mov\u00fd provoz na r\u016fzn\u00fdch platform\u00e1ch.<\/li>\n\n\n\n<li class=\"\"><strong>Integrace platformy<\/strong>: Flux lze integrovat s mnoha platformami, co\u017e z n\u011bj \u010din\u00ed univerz\u00e1ln\u00ed n\u00e1stroj pro v\u00fdvoj\u00e1\u0159e.<\/li>\n<\/ul>\n\n\n\n<h3 class=\"wp-block-heading\">Jak pou\u017e\u00edvat gener\u00e1tor obr\u00e1zk\u016f Flux AI<\/h3>\n\n\n\n<h4 class=\"wp-block-heading\">Za\u010d\u00edn\u00e1me<\/h4>\n\n\n\n<ul class=\"wp-block-list\">\n<li class=\"\"><strong>Instalace a konfigurace<\/strong>: Nastaven\u00ed gener\u00e1toru obr\u00e1zk\u016f Flux AI zahrnuje jednoduch\u00e9 instala\u010dn\u00ed kroky a konfigura\u010dn\u00ed procesy.<\/li>\n\n\n\n<li class=\"\"><strong>Z\u00e1kladn\u00ed n\u00e1vod k pou\u017eit\u00ed<\/strong>: U\u017eivatel\u00e9 mohou postupovat podle jednoduch\u00fdch n\u00e1vod\u016f a rychle za\u010d\u00edt generovat obr\u00e1zky.<\/li>\n<\/ul>\n\n\n\n<h4 class=\"wp-block-heading\">Pokro\u010dil\u00e9 funkce<\/h4>\n\n\n\n<ul class=\"wp-block-list\">\n<li class=\"\"><strong>Pokro\u010dil\u00e9 techniky<\/strong>: Zku\u0161en\u011bj\u0161\u00edm u\u017eivatel\u016fm nab\u00edz\u00ed Flux pokro\u010dil\u00e9 funkce a osv\u011bd\u010den\u00e9 postupy, kter\u00e9 maximalizuj\u00ed jeho potenci\u00e1l.<\/li>\n\n\n\n<li class=\"\"><strong>Integrace s dal\u0161\u00edmi n\u00e1stroji<\/strong>: Flux lze kombinovat s dal\u0161\u00edmi n\u00e1stroji a platformami, jako je ComfyUI, a roz\u0161\u00ed\u0159it tak jeho mo\u017enosti.<\/li>\n<\/ul>\n\n\n\n<h3 class=\"wp-block-heading\">Praktick\u00e9 aplikace<\/h3>\n\n\n\n<h4 class=\"wp-block-heading\">P\u0159\u00edpady pou\u017eit\u00ed<\/h4>\n\n\n\n<ul class=\"wp-block-list\">\n<li class=\"\"><strong>Design a reklama<\/strong>: Flux se hojn\u011b pou\u017e\u00edv\u00e1 v designu a reklam\u011b a pom\u00e1h\u00e1 profesion\u00e1l\u016fm vytv\u00e1\u0159et \u00fa\u017easn\u00e9 vizu\u00e1ly.<\/li>\n\n\n\n<li class=\"\"><strong>Um\u011bleck\u00e1 tvorba<\/strong>: Um\u011blci vyu\u017e\u00edvaj\u00ed technologii Flux k realizaci sv\u00fdch n\u00e1padit\u00fdch koncept\u016f.<\/li>\n\n\n\n<li class=\"\"><strong>\u00dasp\u011b\u0161n\u00e9 p\u0159\u00edb\u011bhy<\/strong>: Mnoho u\u017eivatel\u016f se pod\u011blilo o sv\u00e9 \u00fasp\u011b\u0161n\u00e9 p\u0159\u00edb\u011bhy, kter\u00e9 ukazuj\u00ed rozmanit\u00e9 mo\u017enosti vyu\u017eit\u00ed gener\u00e1toru obr\u00e1zk\u016f Flux AI.<\/li>\n<\/ul>\n\n\n\n<h4 class=\"wp-block-heading\">Komunita a podpora<\/h4>\n\n\n\n<ul class=\"wp-block-list\">\n<li class=\"\"><strong>Komunita u\u017eivatel\u016f<\/strong>: \u017div\u00e1 komunita u\u017eivatel\u016f p\u0159isp\u00edv\u00e1 k neust\u00e1l\u00e9mu v\u00fdvoji a podpo\u0159e syst\u00e9mu Flux.<\/li>\n\n\n\n<li class=\"\"><strong>Zdroje technick\u00e9 podpory<\/strong>: K dispozici jsou rozs\u00e1hl\u00e9 zdroje, kter\u00e9 u\u017eivatel\u016fm pom\u00e1haj\u00ed \u0159e\u0161it probl\u00e9my a optimalizovat pou\u017e\u00edv\u00e1n\u00ed n\u00e1stroje.<\/li>\n<\/ul>\n\n\n\n<h3 class=\"wp-block-heading\">Budouc\u00ed v\u00fdvoj<\/h3>\n\n\n\n<h4 class=\"wp-block-heading\">Aktualizace a pl\u00e1ny<\/h4>\n\n\n\n<ul class=\"wp-block-list\">\n<li class=\"\"><strong>Nov\u00e9 funkce<\/strong>: Nadch\u00e1zej\u00edc\u00ed verze Fluxu p\u0159inesou nov\u00e9 funkce a vylep\u0161en\u00ed.<\/li>\n\n\n\n<li class=\"\"><strong>Dlouhodob\u00e1 vize<\/strong>: V\u00fdvoj\u00e1\u0159i maj\u00ed jasn\u00fd pl\u00e1n dlouhodob\u00e9ho v\u00fdvoje n\u00e1stroje.<\/li>\n<\/ul>\n\n\n\n<h4 class=\"wp-block-heading\">Roz\u0161\u00ed\u0159en\u00ed ekosyst\u00e9mu<\/h4>\n\n\n\n<ul class=\"wp-block-list\">\n<li class=\"\"><strong>Integrace s dal\u0161\u00edmi n\u00e1stroji AI<\/strong>: Pl\u00e1nuje se integrace syst\u00e9mu Flux s dal\u0161\u00edmi n\u00e1stroji a platformami um\u011bl\u00e9 inteligence.<\/li>\n\n\n\n<li class=\"\"><strong>Potenci\u00e1ln\u00ed spolupr\u00e1ce<\/strong>: Zkoumaj\u00ed se mo\u017enosti komer\u010dn\u00edho vyu\u017eit\u00ed a spolupr\u00e1ce.<\/li>\n<\/ul>\n\n\n\n<h3 class=\"wp-block-heading\">10 kl\u00ed\u010dov\u00fdch n\u00e1stroj\u016f a zdroj\u016f pro Flux AI Image Generator<\/h3>\n\n\n\n<figure class=\"wp-block-table\"><table class=\"has-fixed-layout\"><thead><tr><th>N\u00e1stroj\/zdroj<\/th><th>Popis<\/th><th>V\u00fdhody<\/th><th>Nev\u00fdhody<\/th><\/tr><\/thead><tbody><tr><td><a href=\"https:\/\/flux-ai.online\/\" target=\"_blank\" data-type=\"link\" data-id=\"https:\/\/flux-ai.online\/\" rel=\"noreferrer noopener\">Str\u00e1nky Flux AI<\/a><\/td><td>Nejlep\u0161\u00ed str\u00e1nka pro Flux AI.<\/td><td>Komplexn\u00ed zdroje.<\/td><td>\u017d\u00e1dn\u00e9.<\/td><\/tr><tr><td>Flux GitHub<\/td><td>\u00dalo\u017ei\u0161t\u011b s k\u00f3dem a aktualizacemi.<\/td><td>P\u0159\u00edstup ke zdrojov\u00e9mu k\u00f3du.<\/td><td>Vy\u017eaduje technick\u00e9 znalosti.<\/td><\/tr><tr><td><a href=\"https:\/\/aiartfree.online\/cs\/generator-obrazku-flux-ai-flux1\/\" target=\"_blank\" data-type=\"link\" data-id=\"https:\/\/aiartfree.online\/flux-ai-image-generator-flux1\" rel=\"noreferrer noopener\">Um\u011bn\u00ed AI zdarma<\/a><\/td><td>Snadno pou\u017eiteln\u00e9 rozhran\u00ed pro Flux AI.<\/td><td>U\u017eivatelsky p\u0159\u00edv\u011btiv\u00e9, bez nutnosti registrace.<\/td><td>Omezen\u00e9 pokro\u010dil\u00e9 funkce.<\/td><\/tr><tr><td>ComfyUI<\/td><td>Integra\u010dn\u00ed n\u00e1stroj pro Flux.<\/td><td>Zlep\u0161uje funk\u010dnost.<\/td><td>Slo\u017eit\u00e9 nastaven\u00ed.<\/td><\/tr><tr><td>Stabiln\u00ed dif\u00faze<\/td><td>Souvisej\u00edc\u00ed projekt pro generov\u00e1n\u00ed obr\u00e1zk\u016f.<\/td><td>Vysoce kvalitn\u00ed v\u00fdstupy.<\/td><td>Vy\u017eaduje v\u00fdkonn\u00fd hardware.<\/td><\/tr><tr><td>V\u00fdukov\u00e9 programy Flux<\/td><td>N\u00e1vody a tutori\u00e1ly krok za krokem.<\/td><td>Snadn\u00e9 u\u010den\u00ed.<\/td><td>Ne v\u017edy je aktu\u00e1ln\u00ed.<\/td><\/tr><tr><td>De\u0161ifrov\u00e1n\u00ed<\/td><td>Novinky a aktualizace technologi\u00ed um\u011bl\u00e9 inteligence.<\/td><td>Aktu\u00e1ln\u00ed informace.<\/td><td>R\u016fzn\u00e1 hloubka.<\/td><\/tr><tr><td>Zpr\u00e1vy o um\u011bl\u00e9 inteligenci<\/td><td>Nejnov\u011bj\u0161\u00ed zpr\u00e1vy o v\u00fdvoji um\u011bl\u00e9 inteligence.<\/td><td>\u0160irok\u00e9 pokryt\u00ed.<\/td><td>Obecn\u00e9 informace.<\/td><\/tr><tr><td>Tech Crunch<\/td><td>Technologick\u00e9 novinky a aktualizace.<\/td><td>Podrobn\u00e9 \u010dl\u00e1nky.<\/td><td>M\u016f\u017ee b\u00fdt technick\u00e9ho r\u00e1zu.<\/td><\/tr><tr><td>AI Weekly<\/td><td>T\u00fddenn\u00ed aktualizace pokroku v oblasti um\u011bl\u00e9 inteligence.<\/td><td>Pravideln\u00e9 aktualizace.<\/td><td>Pro pln\u00fd p\u0159\u00edstup je nutn\u00e9 p\u0159edplatn\u00e9.<\/td><\/tr><\/tbody><\/table><\/figure>\n\n\n\n<h3 class=\"wp-block-heading\">10 nej\u010dast\u011bj\u0161\u00edch dotaz\u016f o gener\u00e1toru obr\u00e1zk\u016f Flux AI<\/h3>\n\n\n\n<ol class=\"wp-block-list\">\n<li class=\"\"><strong>Co je Flux AI Image Generator?<\/strong>\n<ul class=\"wp-block-list\">\n<li class=\"\">Flux AI Image Generator je open-source model pro p\u0159evod textu na obraz vyvinut\u00fd spole\u010dnost\u00ed Black Forest Labs.<\/li>\n<\/ul>\n<\/li>\n\n\n\n<li class=\"\"><strong>Jak nainstaluji Flux AI Image Generator?<\/strong>\n<ul class=\"wp-block-list\">\n<li class=\"\">Instala\u010dn\u00ed p\u0159\u00edru\u010dky jsou k dispozici v ofici\u00e1ln\u00edm \u00falo\u017ei\u0161ti GitHub.<\/li>\n<\/ul>\n<\/li>\n\n\n\n<li class=\"\"><strong>Jak\u00e9 jsou r\u016fzn\u00e9 verze Fluxu?<\/strong>\n<ul class=\"wp-block-list\">\n<li class=\"\">Flux Dev, Flux Schnell a Flux Pro.<\/li>\n<\/ul>\n<\/li>\n\n\n\n<li class=\"\"><strong>Mohu pou\u017e\u00edvat Flux pro komer\u010dn\u00ed projekty?<\/strong>\n<ul class=\"wp-block-list\">\n<li class=\"\">Ano, Flux lze pou\u017e\u00edvat ke komer\u010dn\u00edm \u00fa\u010del\u016fm.<\/li>\n<\/ul>\n<\/li>\n\n\n\n<li class=\"\"><strong>Jak\u00fd hardware je pro Flux pot\u0159eba?<\/strong>\n<ul class=\"wp-block-list\">\n<li class=\"\">Flux je kompatibiln\u00ed s r\u016fzn\u00fdmi hardwarov\u00fdmi sestavami, ale pro optim\u00e1ln\u00ed v\u00fdkon se doporu\u010duje v\u00fdkonn\u00fd grafick\u00fd procesor.<\/li>\n<\/ul>\n<\/li>\n\n\n\n<li class=\"\"><strong>Jak si Flux vede ve srovn\u00e1n\u00ed s jin\u00fdmi gener\u00e1tory obr\u00e1zk\u016f?<\/strong>\n<ul class=\"wp-block-list\">\n<li class=\"\">V porovn\u00e1n\u00ed s konkuren\u010dn\u00edmi produkty, jako jsou Midjourney a DALL-E 3, nab\u00edz\u00ed Flux vy\u0161\u0161\u00ed flexibilitu a kvalitu.<\/li>\n<\/ul>\n<\/li>\n\n\n\n<li class=\"\"><strong>Kde najdu v\u00fdukov\u00e9 programy pro Flux?<\/strong>\n<ul class=\"wp-block-list\">\n<li class=\"\">V\u00fdukov\u00e9 materi\u00e1ly jsou k dispozici na ofici\u00e1ln\u00edch str\u00e1nk\u00e1ch Flux AI Tutorials.<\/li>\n<\/ul>\n<\/li>\n\n\n\n<li class=\"\"><strong>Jak\u00fd druh podpory je k dispozici u\u017eivatel\u016fm Fluxu?<\/strong>\n<ul class=\"wp-block-list\">\n<li class=\"\">K dispozici je komunita u\u017eivatel\u016f a zdroje technick\u00e9 podpory.<\/li>\n<\/ul>\n<\/li>\n\n\n\n<li class=\"\"><strong>Jak mohu p\u0159isp\u011bt k projektu Flux?<\/strong>\n<ul class=\"wp-block-list\">\n<li class=\"\">P\u0159isp\u00edvat m\u016f\u017eete prost\u0159ednictv\u00edm repozit\u00e1\u0159e GitHub.<\/li>\n<\/ul>\n<\/li>\n\n\n\n<li class=\"\"><strong>Jak\u00e9 jsou pl\u00e1ny spole\u010dnosti Flux do budoucna?<\/strong>\n<ul class=\"wp-block-list\">\n<li class=\"\">V\u00fdvoj\u00e1\u0159i nast\u00ednili pl\u00e1n nov\u00fdch funkc\u00ed a roz\u0161\u00ed\u0159en\u00ed ekosyst\u00e9mu.<\/li>\n<\/ul>\n<\/li>\n<\/ol>\n\n\n\n<h3 class=\"wp-block-heading\">Z\u00e1v\u011br<\/h3>\n\n\n\n<h4 class=\"wp-block-heading\">Hlavn\u00ed v\u00fdhody<\/h4>\n\n\n\n<p class=\"\">Gener\u00e1tor obr\u00e1zk\u016f Flux AI vynik\u00e1 vysokou kvalitou generov\u00e1n\u00ed obr\u00e1zk\u016f, v\u0161estrannost\u00ed v\u00fdstupn\u00edch styl\u016f a robustn\u00edm v\u00fdkonem. Jedn\u00e1 se o p\u0159edn\u00ed n\u00e1stroj v oblasti generov\u00e1n\u00ed obr\u00e1zk\u016f AI, kter\u00fd nab\u00edz\u00ed jedine\u010dn\u00e9 v\u00fdhody oproti sv\u00fdm konkurent\u016fm.<\/p>\n\n\n\n<h4 class=\"wp-block-heading\">Za\u010d\u00edn\u00e1me<\/h4>\n\n\n\n<p class=\"\">Chcete-li za\u010d\u00edt pou\u017e\u00edvat Flux, postupujte podle pr\u016fvodce instalac\u00ed a prozkoumejte dostupn\u00e9 v\u00fdukov\u00e9 programy. Flux AI Image Generator je p\u0159\u00edstupn\u00fd jak za\u010d\u00e1te\u010dn\u00edk\u016fm, tak pokro\u010dil\u00fdm u\u017eivatel\u016fm, co\u017e z n\u011bj \u010din\u00ed univerz\u00e1ln\u00ed n\u00e1stroj pro r\u016fzn\u00e9 aplikace.<\/p>\n\n\n\n<p class=\"\">Dal\u0161\u00ed informace a zdroje naleznete na str\u00e1nk\u00e1ch <a href=\"https:\/\/blackforestlabs.ai\/\" target=\"_blank\" rel=\"noopener\">ofici\u00e1ln\u00ed webov\u00e9 str\u00e1nky spole\u010dnosti Flux<\/a> a <a href=\"https:\/\/github.com\/black-forest-labs\/flux\" target=\"_blank\" rel=\"noopener\">\u00dalo\u017ei\u0161t\u011b GitHub<\/a>.<\/p>","protected":false},"excerpt":{"rendered":"<p>Gallery of Flux.1 How to use the Flux AI Image Generator * Scroll down to check our Prompt Examples below if you don\u2019t have any thoughts in your mind * If you use this model intensively over a short period, it may cause GPU resource shortages. Please wait a few minutes before resuming use.* It &#8230; <a title=\"Flux AI Image Generator | Powered by Flux.1\" class=\"read-more\" href=\"https:\/\/aiartfree.online\/cs\/generator-obrazku-flux-ai-flux1\/\" aria-label=\"Read more about Flux AI Image Generator | Powered by Flux.1\">\u010c\u00edst d\u00e1l<\/a><\/p>","protected":false},"author":1,"featured_media":3559,"parent":0,"menu_order":0,"comment_status":"closed","ping_status":"closed","template":"","meta":{"nf_dc_page":"","footnotes":""},"class_list":["post-3558","page","type-page","status-publish","has-post-thumbnail"],"jetpack_sharing_enabled":true,"_links":{"self":[{"href":"https:\/\/aiartfree.online\/cs\/wp-json\/wp\/v2\/pages\/3558","targetHints":{"allow":["GET"]}}],"collection":[{"href":"https:\/\/aiartfree.online\/cs\/wp-json\/wp\/v2\/pages"}],"about":[{"href":"https:\/\/aiartfree.online\/cs\/wp-json\/wp\/v2\/types\/page"}],"author":[{"embeddable":true,"href":"https:\/\/aiartfree.online\/cs\/wp-json\/wp\/v2\/users\/1"}],"replies":[{"embeddable":true,"href":"https:\/\/aiartfree.online\/cs\/wp-json\/wp\/v2\/comments?post=3558"}],"version-history":[{"count":0,"href":"https:\/\/aiartfree.online\/cs\/wp-json\/wp\/v2\/pages\/3558\/revisions"}],"wp:featuredmedia":[{"embeddable":true,"href":"https:\/\/aiartfree.online\/cs\/wp-json\/wp\/v2\/media\/3559"}],"wp:attachment":[{"href":"https:\/\/aiartfree.online\/cs\/wp-json\/wp\/v2\/media?parent=3558"}],"curies":[{"name":"wp","href":"https:\/\/api.w.org\/{rel}","templated":true}]}}