{"id":3445,"date":"2024-08-01T18:39:36","date_gmt":"2024-08-01T18:39:36","guid":{"rendered":"https:\/\/aiartfree.online\/?page_id=3445"},"modified":"2025-03-07T08:17:45","modified_gmt":"2025-03-07T08:17:45","slug":"unblur-image","status":"publish","type":"page","link":"https:\/\/aiartfree.online\/cs\/rozmazani-obrazku\/","title":{"rendered":"Rozmaz\u00e1n\u00ed obrazu"},"content":{"rendered":"<h2 class=\"wp-block-heading has-text-align-center\" id=\"before-vs-after\">P\u0159ed vs. po<\/h2>\n\n\n\n<figure class=\"gb-block-image gb-block-image-1822da1f\"><img data-recalc-dims=\"1\" decoding=\"async\" loading=\"lazy\" width=\"1200\" height=\"704\" class=\"gb-image gb-image-1822da1f\" src=\"https:\/\/i0.wp.com\/aiartfree.online\/wp-content\/uploads\/2024\/08\/WX20240801-215741%402x-scaled.webp?resize=1200%2C704&#038;ssl=1\" alt=\"Rozost\u0159ete obr\u00e1zek online pomoc\u00ed na\u0161eho n\u00e1stroje AI. 100% zdarma, bez nutnosti registrace a s neomezen\u00fdm pou\u017eit\u00edm. Zlep\u0161ete kvalitu obrazu, odstra\u0148te rozmaz\u00e1n\u00ed a opravte rozmazan\u00e9 fotografie z l\u00e1sky.\" title=\"WX20240801-215741@2x\" srcset=\"https:\/\/i0.wp.com\/aiartfree.online\/wp-content\/uploads\/2024\/08\/WX20240801-215741%402x-scaled.webp?w=2560&amp;ssl=1 2560w, https:\/\/i0.wp.com\/aiartfree.online\/wp-content\/uploads\/2024\/08\/WX20240801-215741%402x-scaled.webp?resize=300%2C176&amp;ssl=1 300w, https:\/\/i0.wp.com\/aiartfree.online\/wp-content\/uploads\/2024\/08\/WX20240801-215741%402x-scaled.webp?resize=1024%2C601&amp;ssl=1 1024w, https:\/\/i0.wp.com\/aiartfree.online\/wp-content\/uploads\/2024\/08\/WX20240801-215741%402x-scaled.webp?resize=768%2C451&amp;ssl=1 768w, https:\/\/i0.wp.com\/aiartfree.online\/wp-content\/uploads\/2024\/08\/WX20240801-215741%402x-scaled.webp?resize=1536%2C901&amp;ssl=1 1536w, https:\/\/i0.wp.com\/aiartfree.online\/wp-content\/uploads\/2024\/08\/WX20240801-215741%402x-scaled.webp?resize=2048%2C1202&amp;ssl=1 2048w, https:\/\/i0.wp.com\/aiartfree.online\/wp-content\/uploads\/2024\/08\/WX20240801-215741%402x-scaled.webp?resize=18%2C12&amp;ssl=1 18w, https:\/\/i0.wp.com\/aiartfree.online\/wp-content\/uploads\/2024\/08\/WX20240801-215741%402x-scaled.webp?resize=600%2C352&amp;ssl=1 600w, https:\/\/i0.wp.com\/aiartfree.online\/wp-content\/uploads\/2024\/08\/WX20240801-215741%402x-scaled.webp?w=2400&amp;ssl=1 2400w\" sizes=\"auto, (max-width: 1200px) 100vw, 1200px\" \/><\/figure>\n\n\n\n<h2 class=\"wp-block-heading\" id=\"how-to-use-the-unblur-image\">Jak pou\u017e\u00edvat funkci Rozmazat obr\u00e1zek<\/h2>\n\n\n\n<ol class=\"wp-block-list\">\n<li class=\"\">Nahrajte sv\u016fj obr\u00e1zek<\/li>\n\n\n\n<li class=\"\">Klikn\u011bte na tla\u010d\u00edtko \"Odeslat\".<\/li>\n\n\n\n<li class=\"\">Po\u010dkat, to je ono!<\/li>\n<\/ol>\n\n\n\n<a class=\"gb-button gb-button-113f8659 gb-button-text\" href=\"https:\/\/www.basedlabs.ai\/apps\/ai-image-upscaler?via=rocnubi\" target=\"_blank\" rel=\"noopener noreferrer\">Try Latest Upscaler AI Now <\/a>\n\n\n\n<p class=\"\"><em>* V z\u00e1vislosti na rychlosti va\u0161eho internetu m\u016f\u017ee na\u010dten\u00ed modelu trvat. <\/em>a\u017e 10 sekund \u2193<\/p>\n\n\n\n<div class=\"iframe-wrapper\" style=\"position: relative; width: 100%; height: 1700px;\">\n  <div class=\"loading\" style=\"position: absolute; top: 50px; left: 50%; transform: translate(-50%, -50%); width: 40px; height: 40px; border: 3px solid #f0f0f0; border-top: 3px solid #db7093; border-radius: 50%; animation: spin 1s linear infinite;\"><\/div>\n  <iframe loading=\"lazy\" src=\"https:\/\/algoworks-image-face-upscale-restoration-gfpgan-pub.hf.space\" frameborder=\"0\" width=\"100%\" height=\"100%\" style=\"position: absolute; top: 0; left: 0; opacity: 0; transition: opacity 0.3s;\" onload=\"this.style.opacity=1;this.previousElementSibling.style.display='none';\"><\/iframe>\n<\/div>\n\n<style>\n@keyframes spin {\n  0% { transform: translate(-50%, -50%) rotate(0deg); }\n  100% { transform: translate(-50%, -50%) rotate(360deg); }\n}\n<\/style>\n\n\n\n<div style=\"height:60px\" aria-hidden=\"true\" class=\"wp-block-spacer\"><\/div>\n\n\n\n<h2 class=\"wp-block-heading\" id=\"unblur-image-the-ultimate-guide-to-ai-powered-photo-blur-removal\">Rozmaz\u00e1n\u00ed obrazu: Kone\u010dn\u00fd pr\u016fvodce odstra\u0148ov\u00e1n\u00edm rozmazan\u00fdch fotografi\u00ed pomoc\u00ed um\u011bl\u00e9 inteligence<\/h2>\n\n\n\n<div class=\"wp-block-rank-math-toc-block\" id=\"rank-math-toc\"><h3>Obsah<\/h3><nav><ul><li><a href=\"#outline\">N\u00e1\u010drt<\/a><\/li><li><a href=\"#what-is-unblur-image\">Co je Unblur Image?<\/a><\/li><li><a href=\"#why-use-unblur-image\">Pro\u010d pou\u017e\u00edvat rozmazan\u00fd obraz?<\/a><\/li><li><a href=\"#main-features-of-unblur-image\">Hlavn\u00ed funkce n\u00e1stroje Unblur Image<\/a><ul><li><a href=\"#ai-powered-unblur-tool\">N\u00e1stroj pro rozmaz\u00e1n\u00ed poh\u00e1n\u011bn\u00fd um\u011blou inteligenc\u00ed<\/a><\/li><li><a href=\"#photo-sharpener\">Ost\u0159i\u010d fotografi\u00ed<\/a><\/li><li><a href=\"#remove-motion-blur\">Odstran\u011bn\u00ed rozmaz\u00e1n\u00ed pohybu<\/a><\/li><li><a href=\"#unblur-text\">Odstran\u011bn\u00ed rozmaz\u00e1n\u00ed textu<\/a><\/li><li><a href=\"#online-accessibility\">Dostupnost online<\/a><\/li><\/ul><\/li><li><a href=\"#target-audience-and-uses\">C\u00edlov\u00e1 skupina a pou\u017eit\u00ed<\/a><\/li><li><a href=\"#industry-applications-and-uses\">Pr\u016fmyslov\u00e9 aplikace a pou\u017eit\u00ed<\/a><\/li><li><a href=\"#how-to-use-unblur-image\">Jak pou\u017e\u00edvat funkci Rozmazat obr\u00e1zek<\/a><\/li><li><a href=\"#unblur-image-usage-cases\">P\u0159\u00edpady pou\u017eit\u00ed rozmazan\u00e9ho obr\u00e1zku<\/a><ul><li><a href=\"#enhance-portraits\">Vylep\u0161en\u00ed portr\u00e9t\u016f<\/a><\/li><li><a href=\"#restore-old-photos\">Obnoven\u00ed star\u00fdch fotografi\u00ed<\/a><\/li><li><a href=\"#improve-product-photos\">Zlep\u0161en\u00ed fotografi\u00ed produkt\u016f<\/a><\/li><li><a href=\"#fix-blurry-text\">Oprava rozmazan\u00e9ho textu<\/a><\/li><li><a href=\"#correct-camera-shake\">Korekce chv\u011bn\u00ed fotoapar\u00e1tu<\/a><\/li><\/ul><\/li><li><a href=\"#comparison-table-of-unblur-image-tools\">Srovn\u00e1vac\u00ed tabulka n\u00e1stroj\u016f pro rozmaz\u00e1n\u00ed obr\u00e1zk\u016f<\/a><\/li><li><a href=\"#advantages-disadvantages-and-challenges-of-the-industry\">V\u00fdhody, nev\u00fdhody a v\u00fdzvy tohoto odv\u011btv\u00ed<\/a><ul><li><a href=\"#advantages\">V\u00fdhody<\/a><\/li><li><a href=\"#disadvantages\">Nev\u00fdhody<\/a><\/li><li><a href=\"#challenges\">V\u00fdzvy<\/a><\/li><\/ul><\/li><li><a href=\"#frequently-asked-questions\">\u010casto kladen\u00e9 ot\u00e1zky<\/a><\/li><li><a href=\"#summary\">Souhrn<\/a><\/li><\/ul><\/nav><\/div>\n\n\n\n<h3 class=\"wp-block-heading\" id=\"outline\">N\u00e1\u010drt<\/h3>\n\n\n\n<p class=\"\">V tomto komplexn\u00edm pr\u016fvodci se sezn\u00e1m\u00edme se sv\u011btem rozost\u0159ov\u00e1n\u00ed obrazu, jeho v\u00fdhodami, funkcemi, c\u00edlovou skupinou a praktick\u00fdm vyu\u017eit\u00edm. Poskytneme tak\u00e9 n\u00e1vod krok za krokem, p\u0159\u00edpady pou\u017eit\u00ed a srovn\u00e1vac\u00ed tabulku nejlep\u0161\u00edch dostupn\u00fdch n\u00e1stroj\u016f. Nakonec se budeme v\u011bnovat \u010dasto kladen\u00fdm ot\u00e1zk\u00e1m a nab\u00eddneme shrnut\u00ed s kl\u00ed\u010dov\u00fdmi v\u00fdhodami a v\u00fdzvou k akci.<\/p>\n\n\n\n<h3 class=\"wp-block-heading\" id=\"what-is-unblur-image\">Co je Unblur Image?<\/h3>\n\n\n\n<p class=\"\">Odstran\u011bn\u00ed rozmaz\u00e1n\u00ed obrazu je proces, p\u0159i kter\u00e9m se pomoc\u00ed n\u00e1stroj\u016f s um\u011blou inteligenc\u00ed odstra\u0148uje rozmaz\u00e1n\u00ed a zvy\u0161uje ostrost sn\u00edmk\u016f. Tyto n\u00e1stroje mohou obnovit kvalitu obrazu, a\u0165 u\u017e je zp\u016fsobena chv\u011bn\u00edm fotoapar\u00e1tu, rozmaz\u00e1n\u00edm p\u0159i pohybu nebo \u0161patn\u00fdm zaost\u0159en\u00edm, a rozmazan\u00e9 fotografie tak budou op\u011bt jasn\u00e9.<\/p>\n\n\n\n<h3 class=\"wp-block-heading\" id=\"why-use-unblur-image\">Pro\u010d pou\u017e\u00edvat rozmazan\u00fd obraz?<\/h3>\n\n\n\n<p class=\"\">Pou\u017eit\u00ed n\u00e1stroje pro rozmaz\u00e1n\u00ed obr\u00e1zku m\u00e1 n\u011bkolik v\u00fdhod:<\/p>\n\n\n\n<ul class=\"wp-block-list\">\n<li class=\"\"><strong>Zlep\u0161en\u00ed kvality obrazu:<\/strong> Zlep\u0161ete \u010distotu a detaily sv\u00fdch fotografi\u00ed.<\/li>\n\n\n\n<li class=\"\"><strong>Obnoven\u00ed star\u00fdch fotografi\u00ed:<\/strong> Vdechn\u011bte nov\u00fd \u017eivot star\u00fdm rozmazan\u00fdm sn\u00edmk\u016fm.<\/li>\n\n\n\n<li class=\"\"><strong>Profesion\u00e1ln\u00ed v\u00fdsledky:<\/strong> Dos\u00e1hn\u011bte vysoce kvalitn\u00edch v\u00fdsledk\u016f, ani\u017e byste pot\u0159ebovali pokro\u010dil\u00e9 dovednosti v \u00faprav\u00e1ch fotografi\u00ed.<\/li>\n\n\n\n<li class=\"\"><strong>Pohodl\u00ed:<\/strong> Snadn\u00e9 rozmaz\u00e1n\u00ed obr\u00e1zk\u016f online bez stahov\u00e1n\u00ed softwaru.<\/li>\n\n\n\n<li class=\"\"><strong>Efektivita:<\/strong> Rychle opravte rozmazan\u00e9 fotografie pomoc\u00ed n\u011bkolika kliknut\u00ed.<\/li>\n<\/ul>\n\n\n\n<p class=\"\">Lid\u00e9 \u010dasto hledaj\u00ed \u0159e\u0161en\u00ed, jak rozmazan\u00fd obr\u00e1zek vy\u010distit, opravit rozmazan\u00e9 fotografie a odstranit rozmaz\u00e1n\u00ed z obr\u00e1zk\u016f. Tyto n\u00e1stroje poskytuj\u00ed odpov\u011bdi na tyto b\u011b\u017en\u00e9 probl\u00e9my.<\/p>\n\n\n\n<h3 class=\"wp-block-heading\" id=\"main-features-of-unblur-image\">Hlavn\u00ed funkce n\u00e1stroje Unblur Image<\/h3>\n\n\n\n<h4 class=\"wp-block-heading\" id=\"ai-powered-unblur-tool\">N\u00e1stroj pro rozmaz\u00e1n\u00ed poh\u00e1n\u011bn\u00fd um\u011blou inteligenc\u00ed<\/h4>\n\n\n\n<p class=\"\">Vyu\u017eijte v\u00fdkon um\u011bl\u00e9 inteligence k p\u0159esn\u00e9mu odstran\u011bn\u00ed rozmaz\u00e1n\u00ed a vylep\u0161en\u00ed detail\u016f obrazu.<\/p>\n\n\n\n<h4 class=\"wp-block-heading\" id=\"photo-sharpener\">Ost\u0159i\u010d fotografi\u00ed<\/h4>\n\n\n\n<p class=\"\">Zaost\u0159en\u00edm sn\u00edmk\u016f obnov\u00edte jemn\u00e9 detaily ztracen\u00e9 v d\u016fsledku rozmaz\u00e1n\u00ed.<\/p>\n\n\n\n<h4 class=\"wp-block-heading\" id=\"remove-motion-blur\">Odstran\u011bn\u00ed rozmaz\u00e1n\u00ed pohybu<\/h4>\n\n\n\n<p class=\"\">Speci\u00e1ln\u011b se zam\u011b\u0159te na pohybovou neostrost zp\u016fsobenou chv\u011bn\u00edm nebo pohybem fotoapar\u00e1tu a omezte ji.<\/p>\n\n\n\n<h4 class=\"wp-block-heading\" id=\"unblur-text\">Odstran\u011bn\u00ed rozmaz\u00e1n\u00ed textu<\/h4>\n\n\n\n<p class=\"\">Zlep\u0161ete \u010ditelnost rozmazan\u00e9ho textu na obr\u00e1zc\u00edch.<\/p>\n\n\n\n<h4 class=\"wp-block-heading\" id=\"online-accessibility\">Dostupnost online<\/h4>\n\n\n\n<p class=\"\">Rozmaz\u00e1vejte obr\u00e1zky p\u0159\u00edmo z prohl\u00ed\u017ee\u010de bez nutnosti registrace a s bezplatn\u00fdm a neomezen\u00fdm p\u0159\u00edstupem 100%.<\/p>\n\n\n\n<h3 class=\"wp-block-heading\" id=\"target-audience-and-uses\">C\u00edlov\u00e1 skupina a pou\u017eit\u00ed<\/h3>\n\n\n\n<p class=\"\">C\u00edlovou skupinou n\u00e1stroj\u016f pro rozmaz\u00e1v\u00e1n\u00ed obr\u00e1zk\u016f jsou:<\/p>\n\n\n\n<ul class=\"wp-block-list\">\n<li class=\"\"><strong>Fotografov\u00e9:<\/strong> Zlep\u0161ete kvalitu fotografi\u00ed po\u0159\u00edzen\u00fdch v m\u00e9n\u011b ne\u017e ide\u00e1ln\u00edch podm\u00ednk\u00e1ch.<\/li>\n\n\n\n<li class=\"\"><strong>Grafi\u010dt\u00ed design\u00e9\u0159i:<\/strong> Vylep\u0161ete obr\u00e1zky pro pou\u017eit\u00ed v r\u016fzn\u00fdch projektech.<\/li>\n\n\n\n<li class=\"\"><strong>U\u017eivatel\u00e9 soci\u00e1ln\u00edch m\u00e9di\u00ed:<\/strong> Ujist\u011bte se, \u017ee fotografie sd\u00edlen\u00e9 online jsou jasn\u00e9 a kvalitn\u00ed.<\/li>\n\n\n\n<li class=\"\"><strong>Rodiny:<\/strong> Obnovte star\u00e9 rodinn\u00e9 fotografie, kter\u00e9 se \u010dasem rozmazaly.<\/li>\n\n\n\n<li class=\"\"><strong>Studenti a odborn\u00edci:<\/strong> Rozmaz\u00e1n\u00ed textu na obr\u00e1zc\u00edch pro lep\u0161\u00ed \u010ditelnost v prezentac\u00edch a dokumentech.<\/li>\n<\/ul>\n\n\n\n<h3 class=\"wp-block-heading\" id=\"industry-applications-and-uses\">Pr\u016fmyslov\u00e9 aplikace a pou\u017eit\u00ed<\/h3>\n\n\n\n<p class=\"\">N\u00e1stroje pro rozost\u0159en\u00ed obrazu se \u0161iroce pou\u017e\u00edvaj\u00ed v n\u011bkolika odv\u011btv\u00edch, v\u010detn\u011b:<\/p>\n\n\n\n<ul class=\"wp-block-list\">\n<li class=\"\"><strong>Fotografov\u00e1n\u00ed:<\/strong> Zlep\u0161ete \u010distotu profesion\u00e1ln\u00edch fotografi\u00ed.<\/li>\n\n\n\n<li class=\"\"><strong>Elektronick\u00e9 obchodov\u00e1n\u00ed:<\/strong> Vylep\u0161ete fotografie produkt\u016f, abyste p\u0159il\u00e1kali z\u00e1kazn\u00edky.<\/li>\n\n\n\n<li class=\"\"><strong>M\u00e9dia a reklama:<\/strong> Zajist\u011bte vysoce kvalitn\u00ed obr\u00e1zky v marketingov\u00fdch materi\u00e1lech.<\/li>\n\n\n\n<li class=\"\"><strong>Zdravotn\u00ed p\u00e9\u010de:<\/strong> Zlep\u0161ete \u010ditelnost naskenovan\u00fdch dokument\u016f a l\u00e9ka\u0159sk\u00fdch sn\u00edmk\u016f.<\/li>\n\n\n\n<li class=\"\"><strong>Vzd\u011bl\u00e1n\u00ed:<\/strong> Zlep\u0161it kvalitu vzd\u011bl\u00e1vac\u00edch materi\u00e1l\u016f a prezentac\u00ed.<\/li>\n<\/ul>\n\n\n\n<h3 class=\"wp-block-heading\" id=\"how-to-use-unblur-image\">Jak pou\u017e\u00edvat funkci Rozmazat obr\u00e1zek<\/h3>\n\n\n\n<p class=\"\">Postupujte podle n\u00e1sleduj\u00edc\u00edch krok\u016f a odstra\u0148te rozmaz\u00e1n\u00ed obr\u00e1zku pomoc\u00ed doporu\u010den\u00e9ho n\u00e1stroje:<\/p>\n\n\n\n<ol class=\"wp-block-list\">\n<li class=\"\"><strong>Otev\u0159ete n\u00e1stroj:<\/strong> P\u0159ej\u00edt na <a href=\"https:\/\/aiartfree.online\/cs\/rozmazani-obrazku\/\">N\u00e1stroj pro rozmaz\u00e1n\u00ed obr\u00e1zku<\/a>.<\/li>\n\n\n\n<li class=\"\"><strong>Nahrajte sv\u016fj obr\u00e1zek:<\/strong> Klikn\u011bte na tla\u010d\u00edtko pro odesl\u00e1n\u00ed a vyberte rozmazan\u00fd obr\u00e1zek, kter\u00fd chcete opravit.<\/li>\n\n\n\n<li class=\"\"><strong>\u00daprava nastaven\u00ed:<\/strong> Pomoc\u00ed dostupn\u00fdch nastaven\u00ed m\u016f\u017eete proces rozost\u0159en\u00ed jemn\u011b doladit.<\/li>\n\n\n\n<li class=\"\"><strong>Pou\u017e\u00edt zm\u011bny:<\/strong> Kliknut\u00edm na tla\u010d\u00edtko Odstranit rozmaz\u00e1n\u00ed obr\u00e1zek zpracujete.<\/li>\n\n\n\n<li class=\"\"><strong>St\u00e1hn\u011bte si v\u00fdsledek:<\/strong> Po dokon\u010den\u00ed procesu st\u00e1hn\u011bte vylep\u0161en\u00fd obr\u00e1zek.<\/li>\n<\/ol>\n\n\n\n<h3 class=\"wp-block-heading\" id=\"unblur-image-usage-cases\">P\u0159\u00edpady pou\u017eit\u00ed rozmazan\u00e9ho obr\u00e1zku<\/h3>\n\n\n\n<h4 class=\"wp-block-heading\" id=\"enhance-portraits\">Vylep\u0161en\u00ed portr\u00e9t\u016f<\/h4>\n\n\n\n<p class=\"\">Rozmaz\u00e1n\u00edm portr\u00e9tn\u00edch fotografi\u00ed zv\u00fdrazn\u00edte rysy obli\u010deje a zlep\u0161\u00edte celkovou kvalitu sn\u00edmku.<\/p>\n\n\n\n<h4 class=\"wp-block-heading\" id=\"restore-old-photos\">Obnoven\u00ed star\u00fdch fotografi\u00ed<\/h4>\n\n\n\n<p class=\"\">Pomoc\u00ed n\u00e1stroj\u016f pro rozmaz\u00e1n\u00ed m\u016f\u017eete star\u00e9 rozmazan\u00e9 rodinn\u00e9 fotografie projasnit a zachovat tak vzpom\u00ednky.<\/p>\n\n\n\n<h4 class=\"wp-block-heading\" id=\"improve-product-photos\">Zlep\u0161en\u00ed fotografi\u00ed produkt\u016f<\/h4>\n\n\n\n<p class=\"\">Zlep\u0161ete kvalitu obr\u00e1zk\u016f produkt\u016f na webov\u00fdch str\u00e1nk\u00e1ch e-shop\u016f, aby byly pro z\u00e1kazn\u00edky atraktivn\u011bj\u0161\u00ed.<\/p>\n\n\n\n<h4 class=\"wp-block-heading\" id=\"fix-blurry-text\">Oprava rozmazan\u00e9ho textu<\/h4>\n\n\n\n<p class=\"\">Odstra\u0148te rozmaz\u00e1n\u00ed textu v naskenovan\u00fdch dokumentech nebo obr\u00e1zc\u00edch, abyste zlep\u0161ili \u010ditelnost.<\/p>\n\n\n\n<h4 class=\"wp-block-heading\" id=\"correct-camera-shake\">Korekce chv\u011bn\u00ed fotoapar\u00e1tu<\/h4>\n\n\n\n<p class=\"\">Odstra\u0148te pohybovou neostrost zp\u016fsobenou chv\u011bn\u00edm fotoapar\u00e1tu na fotografi\u00edch po\u0159\u00edzen\u00fdch na cest\u00e1ch.<\/p>\n\n\n\n<h3 class=\"wp-block-heading\" id=\"comparison-table-of-unblur-image-tools\">Srovn\u00e1vac\u00ed tabulka n\u00e1stroj\u016f pro rozmaz\u00e1n\u00ed obr\u00e1zk\u016f<\/h3>\n\n\n\n<figure class=\"wp-block-table\"><table class=\"has-fixed-layout\"><thead><tr><th>N\u00e1zev n\u00e1stroje<\/th><th>Adresa URL webov\u00e9 str\u00e1nky<\/th><th>V\u00fdhody<\/th><th>Nev\u00fdhody<\/th><\/tr><\/thead><tbody><tr><td>AI Art N\u00e1stroj pro rozmaz\u00e1n\u00ed obr\u00e1zk\u016f zdarma<\/td><td><a href=\"https:\/\/aiartfree.online\/cs\/rozmazani-obrazku\/\">https:\/\/aiartfree.online\/Unblur-Image<\/a><\/td><td>100% Zdarma, bez registrace, neomezen\u011b<\/td><td>Omezen\u00e9 pokro\u010dil\u00e9 funkce<\/td><\/tr><tr><td>Fotor<\/td><td>https:\/\/www.fotor.com<\/td><td>Snadn\u00e9 pou\u017eit\u00ed, v\u00edce n\u00e1stroj\u016f pro \u00fapravy<\/td><td>Pro pln\u00fd p\u0159\u00edstup je vy\u017eadov\u00e1n \u00fa\u010det<\/td><\/tr><tr><td>Vylep\u0161it.Pho.to<\/td><td>https:\/\/enhance.pho.to<\/td><td>Zdarma, jednoduch\u00e9 rozhran\u00ed<\/td><td>Omezen\u00e9 funkce<\/td><\/tr><tr><td>LunaPic<\/td><td>https:\/\/www.lunapic.com<\/td><td>Zdarma, Online n\u00e1stroj<\/td><td>Reklamy na webu<\/td><\/tr><tr><td>PineTools<\/td><td>https:\/\/www.pinetools.com<\/td><td>Zdarma, R\u016fzn\u00e9 n\u00e1stroje<\/td><td>Z\u00e1kladn\u00ed rozhran\u00ed<\/td><\/tr><tr><td>Photopea<\/td><td>https:\/\/www.photopea.com<\/td><td>V\u00fdkonn\u00fd, zdarma<\/td><td>Pro za\u010d\u00e1te\u010dn\u00edky m\u016f\u017ee b\u00fdt slo\u017eit\u00e9<\/td><\/tr><tr><td>Adobe Photoshop Express<\/td><td>https:\/\/www.photoshop.com\/tools<\/td><td>D\u016fv\u011bryhodn\u00e1 zna\u010dka, vysoce kvalitn\u00ed v\u00fdsledky<\/td><td>Omezen\u00e1 bezplatn\u00e1 verze<\/td><\/tr><tr><td>Snapseed<\/td><td>https:\/\/snapseed.online<\/td><td>Snadn\u00e9 pou\u017eit\u00ed, vhodn\u00e9 pro mobiln\u00ed za\u0159\u00edzen\u00ed<\/td><td>Vy\u017eaduje sta\u017een\u00ed<\/td><\/tr><tr><td>GIMP<\/td><td>https:\/\/www.gimp.org<\/td><td>Zdarma, Open-source<\/td><td>Strm\u00e1 k\u0159ivka u\u010den\u00ed<\/td><\/tr><tr><td>VanceAI<\/td><td><a href=\"https:\/\/vanceai.com\" target=\"_blank\" rel=\"noopener\">https:\/\/vanceai.com<\/a><\/td><td>Vysoce kvalitn\u00ed v\u00fdsledky poh\u00e1n\u011bn\u00e9 um\u011blou inteligenc\u00ed<\/td><td>Vy\u017eaduje se placen\u00e9 p\u0159edplatn\u00e9<\/td><\/tr><\/tbody><\/table><\/figure>\n\n\n\n<h3 class=\"wp-block-heading\" id=\"advantages-disadvantages-and-challenges-of-the-industry\">V\u00fdhody, nev\u00fdhody a v\u00fdzvy tohoto odv\u011btv\u00ed<\/h3>\n\n\n\n<h4 class=\"wp-block-heading\" id=\"advantages\">V\u00fdhody<\/h4>\n\n\n\n<ul class=\"wp-block-list\">\n<li class=\"\"><strong>P\u0159\u00edstupnost:<\/strong> V\u011bt\u0161ina n\u00e1stroj\u016f je k dispozici online, co\u017e umo\u017e\u0148uje snadn\u00fd p\u0159\u00edstup.<\/li>\n\n\n\n<li class=\"\"><strong>N\u00e1kladov\u011b efektivn\u00ed:<\/strong> Mnoho n\u00e1stroj\u016f nab\u00edz\u00ed bezplatn\u00e9 verze s v\u00fdkonn\u00fdmi funkcemi.<\/li>\n\n\n\n<li class=\"\"><strong>U\u017eivatelsky p\u0159\u00edv\u011btiv\u00e9:<\/strong> Ur\u010deno pro u\u017eivatele s r\u016fznou \u00farovn\u00ed znalost\u00ed.<\/li>\n<\/ul>\n\n\n\n<h4 class=\"wp-block-heading\" id=\"disadvantages\">Nev\u00fdhody<\/h4>\n\n\n\n<ul class=\"wp-block-list\">\n<li class=\"\"><strong>Odchylka kvality:<\/strong> V\u00fdsledky se mohou li\u0161it v z\u00e1vislosti na pou\u017eit\u00e9m n\u00e1stroji.<\/li>\n\n\n\n<li class=\"\"><strong>K\u0159ivka u\u010den\u00ed:<\/strong> N\u011bkter\u00e9 n\u00e1stroje mohou vy\u017eadovat \u010das na nau\u010den\u00ed a zvl\u00e1dnut\u00ed.<\/li>\n\n\n\n<li class=\"\"><strong>P\u0159edplatn\u00e9:<\/strong> Pokro\u010dil\u00e9 funkce mohou vy\u017eadovat placen\u00e9 p\u0159edplatn\u00e9.<\/li>\n<\/ul>\n\n\n\n<h4 class=\"wp-block-heading\" id=\"challenges\">V\u00fdzvy<\/h4>\n\n\n\n<ul class=\"wp-block-list\">\n<li class=\"\"><strong>Udr\u017eov\u00e1n\u00ed kvality:<\/strong> Zaji\u0161t\u011bn\u00ed konzistentn\u011b kvalitn\u00edch v\u00fdsledk\u016f u r\u016fzn\u00fdch sn\u00edmk\u016f.<\/li>\n\n\n\n<li class=\"\"><strong>Technologick\u00e1 omezen\u00ed:<\/strong> Technologie AI nemus\u00ed dokonale zvl\u00e1dnout v\u0161echny typy rozmaz\u00e1n\u00ed.<\/li>\n\n\n\n<li class=\"\"><strong>O\u010dek\u00e1v\u00e1n\u00ed u\u017eivatel\u016f:<\/strong> Spln\u011bn\u00ed r\u016fzn\u00fdch o\u010dek\u00e1v\u00e1n\u00ed u\u017eivatel\u016f pro r\u016fzn\u00e9 p\u0159\u00edpady pou\u017eit\u00ed.<\/li>\n<\/ul>\n\n\n\n<h3 class=\"wp-block-heading\" id=\"frequently-asked-questions\">\u010casto kladen\u00e9 ot\u00e1zky<\/h3>\n\n\n\n<ol class=\"wp-block-list\">\n<li class=\"\"><strong>Jak zru\u0161it rozmaz\u00e1n\u00ed obr\u00e1zku?<\/strong>\n<ul class=\"wp-block-list\">\n<li class=\"\">Pou\u017eijte online n\u00e1stroj, jako je <a href=\"https:\/\/aiartfree.online\/cs\/rozmazani-obrazku\/\">AI Art N\u00e1stroj pro rozmaz\u00e1n\u00ed obr\u00e1zk\u016f zdarma<\/a> nahr\u00e1t a zpracovat obr\u00e1zek.<\/li>\n<\/ul>\n<\/li>\n\n\n\n<li class=\"\"><strong>Jak rozmazat obr\u00e1zky?<\/strong>\n<ul class=\"wp-block-list\">\n<li class=\"\">Vyberte spolehliv\u00fd n\u00e1stroj, nahrajte obr\u00e1zek, upravte nastaven\u00ed a pou\u017eijte efekt rozmaz\u00e1n\u00ed.<\/li>\n<\/ul>\n<\/li>\n\n\n\n<li class=\"\"><strong>Jak zru\u0161it rozmaz\u00e1n\u00ed obrazu?<\/strong>\n<ul class=\"wp-block-list\">\n<li class=\"\">Postupujte podle v\u00fd\u0161e uveden\u00e9ho pr\u016fvodce krok za krokem pomoc\u00ed n\u00e1stroje s um\u011blou inteligenc\u00ed.<\/li>\n<\/ul>\n<\/li>\n\n\n\n<li class=\"\"><strong>Jak zru\u0161it rozmaz\u00e1n\u00ed obr\u00e1zku v iPhonu?<\/strong>\n<ul class=\"wp-block-list\">\n<li class=\"\">Otev\u0159ete prohl\u00ed\u017ee\u010d a nav\u0161tivte <a href=\"https:\/\/aiartfree.online\/cs\/rozmazani-obrazku\/\">AI Art N\u00e1stroj pro rozmaz\u00e1n\u00ed obr\u00e1zk\u016f zdarma<\/a> k rozmaz\u00e1n\u00ed obrazu.<\/li>\n<\/ul>\n<\/li>\n\n\n\n<li class=\"\"><strong>Jak odstranit rozmaz\u00e1n\u00ed obr\u00e1zku ve Photoshopu?<\/strong>\n<ul class=\"wp-block-list\">\n<li class=\"\">Otev\u0159ete prohl\u00ed\u017ee\u010d a nav\u0161tivte <a href=\"https:\/\/aiartfree.online\/cs\/rozmazani-obrazku\/\">AI Art N\u00e1stroj pro rozmaz\u00e1n\u00ed obr\u00e1zk\u016f zdarma<\/a> pou\u017e\u00edt jednodu\u0161\u0161\u00ed alternativu.<\/li>\n<\/ul>\n<\/li>\n\n\n\n<li class=\"\"><strong>Jak vy\u010distit rozmazan\u00fd obraz?<\/strong>\n<ul class=\"wp-block-list\">\n<li class=\"\">Ke zv\u00fd\u0161en\u00ed \u010distoty sn\u00edmku pou\u017eijte n\u00e1stroj pro ost\u0159en\u00ed fotografi\u00ed.<\/li>\n<\/ul>\n<\/li>\n\n\n\n<li class=\"\"><strong>Jak rozmazat fotografii?<\/strong>\n<ul class=\"wp-block-list\">\n<li class=\"\">Postupujte podle pokyn\u016f v \u010d\u00e1sti \"Jak pou\u017e\u00edt rozmaz\u00e1n\u00ed obr\u00e1zku\" a odstra\u0148te rozmaz\u00e1n\u00ed z fotografie.<\/li>\n<\/ul>\n<\/li>\n\n\n\n<li class=\"\"><strong>Jak opravit rozmazan\u00e9 fotografie?<\/strong>\n<ul class=\"wp-block-list\">\n<li class=\"\">Pou\u017eijte online n\u00e1stroj pro odstran\u011bn\u00ed rozmaz\u00e1n\u00ed a obnovte jasnost rozmazan\u00fdch fotografi\u00ed.<\/li>\n<\/ul>\n<\/li>\n\n\n\n<li class=\"\"><strong>Jak\u00fd je nejlep\u0161\u00ed n\u00e1stroj pro rozmaz\u00e1n\u00ed?<\/strong>\n<ul class=\"wp-block-list\">\n<li class=\"\">Na str\u00e1nk\u00e1ch <a href=\"https:\/\/aiartfree.online\/cs\/rozmazani-obrazku\/\">AI Art N\u00e1stroj pro rozmaz\u00e1n\u00ed obr\u00e1zk\u016f zdarma<\/a> je doporu\u010dov\u00e1n pro sv\u00e9 snadn\u00e9 pou\u017eit\u00ed a v\u00fdkonn\u00e9 funkce.<\/li>\n<\/ul>\n<\/li>\n\n\n\n<li class=\"\"><strong>Jak rozmazat text v obr\u00e1zku?<\/strong>\n<ul class=\"wp-block-list\">\n<li class=\"\">Ke zlep\u0161en\u00ed \u010ditelnosti rozmazan\u00e9ho textu na sn\u00edmc\u00edch pou\u017eijte n\u00e1stroj pro rozmaz\u00e1n\u00ed textu.<\/li>\n<\/ul>\n<\/li>\n<\/ol>\n\n\n\n<h3 class=\"wp-block-heading\" id=\"summary\">Souhrn<\/h3>\n\n\n\n<p class=\"\">Rozmaz\u00e1n\u00ed sn\u00edmk\u016f nebylo nikdy jednodu\u0161\u0161\u00ed d\u00edky dostupnosti v\u00fdkonn\u00fdch n\u00e1stroj\u016f s um\u011blou inteligenc\u00ed. A\u0165 u\u017e chcete vylep\u0161it portr\u00e9tn\u00ed fotografie, obnovit star\u00e9 sn\u00edmky nebo opravit rozmazan\u00fd text, tyto n\u00e1stroje nab\u00edzej\u00ed pohodln\u00e9 a \u00fa\u010dinn\u00e9 \u0159e\u0161en\u00ed. Nav\u0161tivte str\u00e1nku <a href=\"https:\/\/aiartfree.online\/cs\/rozmazani-obrazku\/\">AI Art N\u00e1stroj pro rozmaz\u00e1n\u00ed obr\u00e1zk\u016f zdarma<\/a> a vyzkou\u0161ejte si nejlep\u0161\u00ed dostupn\u00fd n\u00e1stroj pro odmaz\u00e1v\u00e1n\u00ed, 100% zdarma a neomezen\u011b, bez nutnosti registrace. P\u0159em\u011b\u0148te sv\u00e9 rozmazan\u00e9 sn\u00edmky na jasn\u00e9 a kvalitn\u00ed fotografie je\u0161t\u011b dnes!<\/p>","protected":false},"excerpt":{"rendered":"<p>Before vs After How to use the Unblur Image *&nbsp;Depending on your internet speed, loading the model may take up to 10 seconds \u2193 Unblur Image: The Ultimate Guide to AI-Powered Photo Blur Removal Outline In this comprehensive guide, we will explore the world of image unblurring, its advantages, functions, target audience, and practical uses. &#8230; <a title=\"Rozmaz\u00e1n\u00ed obrazu\" class=\"read-more\" href=\"https:\/\/aiartfree.online\/cs\/rozmazani-obrazku\/\" aria-label=\"Read more about Unblur Image\">\u010c\u00edst d\u00e1l<\/a><\/p>","protected":false},"author":1,"featured_media":3450,"parent":0,"menu_order":0,"comment_status":"open","ping_status":"closed","template":"","meta":{"nf_dc_page":"","footnotes":""},"class_list":["post-3445","page","type-page","status-publish","has-post-thumbnail"],"jetpack_sharing_enabled":true,"_links":{"self":[{"href":"https:\/\/aiartfree.online\/cs\/wp-json\/wp\/v2\/pages\/3445","targetHints":{"allow":["GET"]}}],"collection":[{"href":"https:\/\/aiartfree.online\/cs\/wp-json\/wp\/v2\/pages"}],"about":[{"href":"https:\/\/aiartfree.online\/cs\/wp-json\/wp\/v2\/types\/page"}],"author":[{"embeddable":true,"href":"https:\/\/aiartfree.online\/cs\/wp-json\/wp\/v2\/users\/1"}],"replies":[{"embeddable":true,"href":"https:\/\/aiartfree.online\/cs\/wp-json\/wp\/v2\/comments?post=3445"}],"version-history":[{"count":1,"href":"https:\/\/aiartfree.online\/cs\/wp-json\/wp\/v2\/pages\/3445\/revisions"}],"predecessor-version":[{"id":3597,"href":"https:\/\/aiartfree.online\/cs\/wp-json\/wp\/v2\/pages\/3445\/revisions\/3597"}],"wp:featuredmedia":[{"embeddable":true,"href":"https:\/\/aiartfree.online\/cs\/wp-json\/wp\/v2\/media\/3450"}],"wp:attachment":[{"href":"https:\/\/aiartfree.online\/cs\/wp-json\/wp\/v2\/media?parent=3445"}],"curies":[{"name":"wp","href":"https:\/\/api.w.org\/{rel}","templated":true}]}}