{"id":3430,"date":"2024-08-01T13:11:52","date_gmt":"2024-08-01T13:11:52","guid":{"rendered":"https:\/\/aiartfree.online\/?page_id=3430"},"modified":"2024-08-02T11:23:09","modified_gmt":"2024-08-02T11:23:09","slug":"arcane-ai","status":"publish","type":"page","link":"https:\/\/aiartfree.online\/cs\/arcane-ai\/","title":{"rendered":"Um\u011bl\u00e1 inteligence Arcane"},"content":{"rendered":"<h2 class=\"wp-block-heading has-text-align-center\" id=\"before-vs-after\">P\u0159ed vs. po<\/h2>\n\n\n\n<figure class=\"gb-block-image gb-block-image-1822da1f\"><img data-recalc-dims=\"1\" decoding=\"async\" loading=\"lazy\" width=\"1200\" height=\"586\" class=\"gb-image gb-image-1822da1f\" src=\"https:\/\/i0.wp.com\/aiartfree.online\/wp-content\/uploads\/2024\/08\/WX20240801-154423%402x-jpg.webp?resize=1200%2C586&#038;ssl=1\" alt=\"P\u0159em\u011b\u0148te sv\u00e9 fotografie na \u00fa\u017easn\u00e1 um\u011bleck\u00e1 d\u00edla ve stylu Arcane pomoc\u00ed aplikace Arcane AI. U\u017eijte si neomezen\u00e9 konverze zdarma bez nutnosti registrace. Ide\u00e1ln\u00ed pro um\u011blce a soci\u00e1ln\u00ed m\u00e9dia.\" title=\"WX20240801-154423@2x\" srcset=\"https:\/\/i0.wp.com\/aiartfree.online\/wp-content\/uploads\/2024\/08\/WX20240801-154423%402x-jpg.webp?w=1478&amp;ssl=1 1478w, https:\/\/i0.wp.com\/aiartfree.online\/wp-content\/uploads\/2024\/08\/WX20240801-154423%402x-jpg.webp?resize=300%2C147&amp;ssl=1 300w, https:\/\/i0.wp.com\/aiartfree.online\/wp-content\/uploads\/2024\/08\/WX20240801-154423%402x-jpg.webp?resize=1024%2C500&amp;ssl=1 1024w, https:\/\/i0.wp.com\/aiartfree.online\/wp-content\/uploads\/2024\/08\/WX20240801-154423%402x-jpg.webp?resize=768%2C375&amp;ssl=1 768w, https:\/\/i0.wp.com\/aiartfree.online\/wp-content\/uploads\/2024\/08\/WX20240801-154423%402x-jpg.webp?resize=18%2C9&amp;ssl=1 18w, https:\/\/i0.wp.com\/aiartfree.online\/wp-content\/uploads\/2024\/08\/WX20240801-154423%402x-jpg.webp?resize=600%2C293&amp;ssl=1 600w\" sizes=\"auto, (max-width: 1200px) 100vw, 1200px\" \/><\/figure>\n\n\n\n<h2 class=\"wp-block-heading\" id=\"how-to-use-the-arcane-ai\">Jak pou\u017e\u00edvat UI Arcane<\/h2>\n\n\n\n<ol class=\"wp-block-list\">\n<li class=\"\">Upus\u0165te nebo nahrajte sv\u016fj obr\u00e1zek<\/li>\n\n\n\n<li class=\"\">Klikn\u011bte na tla\u010d\u00edtko \"Odeslat\".<\/li>\n\n\n\n<li class=\"\">Po\u010dkat, to je ono!<\/li>\n<\/ol>\n\n\n\n<p class=\"\">* Pokud v\u00e1s nic nenapad\u00e1, m\u016f\u017eete si vyzkou\u0161et na\u0161e p\u0159\u00edklady n\u00ed\u017ee.<\/p>\n\n\n\n<p class=\"\"><em>* V z\u00e1vislosti na rychlosti va\u0161eho internetu m\u016f\u017ee na\u010dten\u00ed modelu trvat. <\/em>a\u017e 10 sekund \u2193<\/p>\n\n\n\n<div class=\"iframe-wrapper\" style=\"position: relative; width: 100%; height: 1200px;\">\n  <div class=\"loading\" style=\"position: absolute; top: 50px; left: 50%; transform: translate(-50%, -50%); width: 40px; height: 40px; border: 3px solid #f0f0f0; border-top: 3px solid #db7093; border-radius: 50%; animation: spin 1s linear infinite;\"><\/div>\n  <iframe loading=\"lazy\" src=\"https:\/\/akhaliq-arcanegan.hf.space\" frameborder=\"0\" width=\"100%\" height=\"100%\" style=\"position: absolute; top: 0; left: 0; opacity: 0; transition: opacity 0.3s;\" onload=\"this.style.opacity=1;this.previousElementSibling.style.display='none';\"><\/iframe>\n<\/div>\n\n<style>\n@keyframes spin {\n  0% { transform: translate(-50%, -50%) rotate(0deg); }\n  100% { transform: translate(-50%, -50%) rotate(360deg); }\n}\n<\/style>\n\n\n\n<div style=\"height:60px\" aria-hidden=\"true\" class=\"wp-block-spacer\"><\/div>\n\n\n\n<h2 class=\"wp-block-heading\" id=\"arcane-ai-transform-your-portraits-into-stunning-arcane-art\">Arcane AI: Prom\u011b\u0148te sv\u00e9 portr\u00e9ty v ohromuj\u00edc\u00ed ark\u00e1dov\u00e9 um\u011bn\u00ed<\/h2>\n\n\n\n<div class=\"wp-block-rank-math-toc-block\" id=\"rank-math-toc\"><h3>Obsah<\/h3><nav><ul><li><a href=\"#outline\">N\u00e1\u010drt<\/a><\/li><li><a href=\"#what-is-arcane-ai\">Co je Arcane AI?<\/a><\/li><li><a href=\"#why-use-arcane-ai\">Pro\u010d pou\u017e\u00edvat Arcane AI?<\/a><\/li><li><a href=\"#main-features-of-arcane-ai\">Hlavn\u00ed funkce Arcane AI<\/a><ul><li><a href=\"#feature-1-high-quality-transformations\">Funkce 1: Vysoce kvalitn\u00ed transformace<\/a><\/li><li><a href=\"#feature-2-user-friendly-interface\">Funkce 2: U\u017eivatelsky p\u0159\u00edv\u011btiv\u00e9 rozhran\u00ed<\/a><\/li><\/ul><\/li><li><a href=\"#target-audience-and-uses\">C\u00edlov\u00e1 skupina a pou\u017eit\u00ed<\/a><\/li><li><a href=\"#how-to-use-arcane-ai\">Jak pou\u017e\u00edvat Arcane AI<\/a><\/li><li><a href=\"#usage-cases\">P\u0159\u00edpady pou\u017eit\u00ed<\/a><ul><li><a href=\"#social-media-content\">Obsah soci\u00e1ln\u00edch m\u00e9di\u00ed<\/a><\/li><li><a href=\"#artistic-projects\">Um\u011bleck\u00e9 projekty<\/a><\/li><li><a href=\"#personal-use\">Osobn\u00ed pou\u017eit\u00ed<\/a><\/li><\/ul><\/li><li><a href=\"#industry-insights\">P\u0159ehled o odv\u011btv\u00ed<\/a><ul><li><a href=\"#advantages\">V\u00fdhody<\/a><\/li><li><a href=\"#disadvantages\">Nev\u00fdhody<\/a><\/li><li><a href=\"#challenges\">V\u00fdzvy<\/a><\/li><li><a href=\"#suggestions\">N\u00e1vrhy<\/a><\/li><\/ul><\/li><li><a href=\"#10-related-information-and-tools\">10 Souvisej\u00edc\u00ed informace a n\u00e1stroje<\/a><\/li><li><a href=\"#faq\">\u010cASTO KLADEN\u00c9 DOTAZY<\/a><ul><li><a href=\"#1-how-do-i-enhance-a-photo\">1. Jak vylep\u0161it fotografii?<\/a><\/li><li><a href=\"#2-can-i-use-arcane-ai-for-free\">2. Mohu pou\u017e\u00edvat Arcane AI zdarma?<\/a><\/li><li><a href=\"#3-do-i-need-to-sign-up-to-use-arcane-ai\">3. Mus\u00edm se zaregistrovat, abych mohl pou\u017e\u00edvat Arcane AI?<\/a><\/li><li><a href=\"#4-what-kind-of-photos-work-best-with-arcane-ai\">4. Jak\u00e9 fotografie se nejl\u00e9pe hod\u00ed pro Arcane AI?<\/a><\/li><li><a href=\"#5-is-there-a-limit-to-how-many-photos-i-can-convert\">5. Je po\u010det fotografi\u00ed, kter\u00e9 mohu p\u0159ev\u00e9st, omezen?<\/a><\/li><li><a href=\"#6-can-i-use-arcane-ai-on-my-phone\">6. Mohu pou\u017e\u00edvat Arcane AI v telefonu?<\/a><\/li><li><a href=\"#7-what-file-formats-are-supported-by-arcane-ai\">7. Jak\u00e9 form\u00e1ty soubor\u016f podporuje Arcane AI?<\/a><\/li><li><a href=\"#8-how-long-does-the-conversion-process-take\">8. Jak dlouho trv\u00e1 proces konverze?<\/a><\/li><li><a href=\"#9-can-i-edit-the-arcane-style-photo-after-conversion\">9. Mohu fotografii ve stylu Arcane po konverzi upravit?<\/a><\/li><li><a href=\"#10-are-there-other-styles-available-besides-arcane\">10. Jsou k dispozici i jin\u00e9 styly ne\u017e Arcane?<\/a><\/li><\/ul><\/li><li><a href=\"#summary\">Souhrn<\/a><\/li><\/ul><\/nav><\/div>\n\n\n\n<h3 class=\"wp-block-heading\" id=\"outline\">N\u00e1\u010drt<\/h3>\n\n\n\n<p class=\"\">Tento \u010dl\u00e1nek se zab\u00fdv\u00e1 n\u00e1strojem Arcane AI, kter\u00fd p\u0159em\u011b\u0148uje fotografie na um\u011bn\u00ed ve stylu Arcane. Probereme jeho definici, v\u00fdhody, hlavn\u00ed funkce, c\u00edlovou skupinu, n\u00e1vod k pou\u017eit\u00ed, re\u00e1ln\u00e9 aplikace a poznatky z oboru a odpov\u00edme na \u010dasto kladen\u00e9 ot\u00e1zky.<\/p>\n\n\n\n<h3 class=\"wp-block-heading\" id=\"what-is-arcane-ai\">Co je Arcane AI?<\/h3>\n\n\n\n<p class=\"\">Arcane AI je pokro\u010dil\u00fd n\u00e1stroj, kter\u00fd u\u017eivatel\u016fm umo\u017e\u0148uje p\u0159ev\u00e9st fotografie na um\u011bleck\u00e1 d\u00edla ve stylu Arcane. Vyu\u017e\u00edv\u00e1 sofistikovan\u00e9 algoritmy k p\u0159em\u011bn\u011b b\u011b\u017en\u00fdch portr\u00e9t\u016f na jedine\u010dn\u00e1, vizu\u00e1ln\u011b podmaniv\u00e1 d\u00edla p\u0159ipom\u00ednaj\u00edc\u00ed estetiku Arcane.<\/p>\n\n\n\n<h3 class=\"wp-block-heading\" id=\"why-use-arcane-ai\">Pro\u010d pou\u017e\u00edvat Arcane AI?<\/h3>\n\n\n\n<p class=\"\">Arcane AI nab\u00edz\u00ed n\u011bkolik p\u00e1dn\u00fdch d\u016fvod\u016f, pro\u010d vyu\u017e\u00edvat jej\u00ed slu\u017eby:<\/p>\n\n\n\n<ul class=\"wp-block-list\">\n<li class=\"\"><strong>100% Zdarma<\/strong>: Za pou\u017eit\u00ed se neplat\u00ed.<\/li>\n\n\n\n<li class=\"\"><strong>Neomezen\u00e9 konverze<\/strong>: P\u0159em\u011b\u0148te tolik fotografi\u00ed, kolik chcete.<\/li>\n\n\n\n<li class=\"\"><strong>\u010c\u00edslo 1 v kvalit\u011b<\/strong>: Vedouc\u00ed postaven\u00ed na trhu v oblasti transformac\u00ed ve stylu Arcane.<\/li>\n\n\n\n<li class=\"\"><strong>Registrace nen\u00ed nutn\u00e1<\/strong>: Okam\u017eit\u00fd p\u0159\u00edstup bez registrace.<\/li>\n<\/ul>\n\n\n\n<h3 class=\"wp-block-heading\" id=\"main-features-of-arcane-ai\">Hlavn\u00ed funkce Arcane AI<\/h3>\n\n\n\n<h4 class=\"wp-block-heading\" id=\"feature-1-high-quality-transformations\">Funkce 1: Vysoce kvalitn\u00ed transformace<\/h4>\n\n\n\n<p class=\"\">Spole\u010dnost Arcane AI poskytuje \u0161pi\u010dkovou kvalitu p\u0159i p\u0159evodu portr\u00e9t\u016f do stylu Arcane. N\u00e1stroj zaji\u0161\u0165uje, \u017ee ka\u017ed\u00fd detail je pe\u010dliv\u011b zachov\u00e1n a um\u011blecky vylep\u0161en.<\/p>\n\n\n\n<h4 class=\"wp-block-heading\" id=\"feature-2-user-friendly-interface\">Funkce 2: U\u017eivatelsky p\u0159\u00edv\u011btiv\u00e9 rozhran\u00ed<\/h4>\n\n\n\n<p class=\"\">Rozhran\u00ed je navr\u017eeno tak, aby bylo intuitivn\u00ed a aby ho mohl snadno pou\u017e\u00edvat ka\u017ed\u00fd bez ohledu na technick\u00e9 znalosti.<\/p>\n\n\n\n<h3 class=\"wp-block-heading\" id=\"target-audience-and-uses\">C\u00edlov\u00e1 skupina a pou\u017eit\u00ed<\/h3>\n\n\n\n<p class=\"\">Arcane AI je ide\u00e1ln\u00ed pro:<\/p>\n\n\n\n<ul class=\"wp-block-list\">\n<li class=\"\"><strong>Um\u011blci<\/strong>: Hled\u00e1te nov\u00e9 styly a inspirace.<\/li>\n\n\n\n<li class=\"\"><strong>Nad\u0161enci do soci\u00e1ln\u00edch m\u00e9di\u00ed<\/strong>: Hled\u00e1te jedine\u010dn\u00fd obsah ke sd\u00edlen\u00ed.<\/li>\n\n\n\n<li class=\"\"><strong>Grafi\u010dt\u00ed design\u00e9\u0159i<\/strong>: Pot\u0159ebujete kreativn\u00ed prost\u0159edky pro projekty.<\/li>\n\n\n\n<li class=\"\"><strong>Obecn\u00ed u\u017eivatel\u00e9<\/strong>: Z\u00e1jem o p\u0159em\u011bnu osobn\u00edch fotografi\u00ed.<\/li>\n<\/ul>\n\n\n\n<h3 class=\"wp-block-heading\" id=\"how-to-use-arcane-ai\">Jak pou\u017e\u00edvat Arcane AI<\/h3>\n\n\n\n<p class=\"\">Postupujte podle t\u011bchto jednoduch\u00fdch krok\u016f a pou\u017eijte n\u00e1stroj Arcane AI:<\/p>\n\n\n\n<ol class=\"wp-block-list\">\n<li class=\"\"><strong>Nav\u0161tivte webov\u00e9 str\u00e1nky<\/strong>: P\u0159ej\u00edt na <a href=\"https:\/\/aiartfree.online\/cs\/arcane-ai\/\">Um\u011bl\u00e1 inteligence Arcane<\/a>.<\/li>\n\n\n\n<li class=\"\"><strong>Nahr\u00e1n\u00ed fotografie<\/strong>: Klikn\u011bte na tla\u010d\u00edtko nahr\u00e1t a vyberte sv\u016fj portr\u00e9t.<\/li>\n\n\n\n<li class=\"\"><strong>Pou\u017e\u00edt styl Arcane<\/strong>: Klepnut\u00edm na tla\u010d\u00edtko mikrofonu spust\u00edte p\u0159evod.<\/li>\n\n\n\n<li class=\"\"><strong>St\u00e1hn\u011bte si um\u011bleck\u00e9 d\u00edlo<\/strong>: Ulo\u017ete transformovan\u00fd obr\u00e1zek do za\u0159\u00edzen\u00ed.<\/li>\n<\/ol>\n\n\n\n<h3 class=\"wp-block-heading\" id=\"usage-cases\">P\u0159\u00edpady pou\u017eit\u00ed<\/h3>\n\n\n\n<h4 class=\"wp-block-heading\" id=\"social-media-content\">Obsah soci\u00e1ln\u00edch m\u00e9di\u00ed<\/h4>\n\n\n\n<p class=\"\">Vylep\u0161ete svou prezentaci na soci\u00e1ln\u00edch s\u00edt\u00edch jedine\u010dn\u00fdmi, poutav\u00fdmi portr\u00e9ty ve stylu Arcane.<\/p>\n\n\n\n<h4 class=\"wp-block-heading\" id=\"artistic-projects\">Um\u011bleck\u00e9 projekty<\/h4>\n\n\n\n<p class=\"\">Za\u0159a\u010fte um\u011bleck\u00e1 d\u00edla Arcane AI do sv\u00fdch um\u011bleck\u00fdch projekt\u016f a dodejte jim osobit\u00fd n\u00e1dech.<\/p>\n\n\n\n<h4 class=\"wp-block-heading\" id=\"personal-use\">Osobn\u00ed pou\u017eit\u00ed<\/h4>\n\n\n\n<p class=\"\">Prom\u011b\u0148te rodinn\u00e9 fotografie nebo osobn\u00ed sn\u00edmky v kr\u00e1sn\u00e1 um\u011bleck\u00e1 d\u00edla.<\/p>\n\n\n\n<h3 class=\"wp-block-heading\" id=\"industry-insights\">P\u0159ehled o odv\u011btv\u00ed<\/h3>\n\n\n\n<h4 class=\"wp-block-heading\" id=\"advantages\">V\u00fdhody<\/h4>\n\n\n\n<ul class=\"wp-block-list\">\n<li class=\"\"><strong>Vysoce kvalitn\u00ed v\u00fdsledky<\/strong>: Zaji\u0161\u0165uje profesion\u00e1ln\u00ed v\u00fdstupy.<\/li>\n\n\n\n<li class=\"\"><strong>Snadn\u00e1 dostupnost<\/strong>: K dispozici online bez mo\u017enosti sta\u017een\u00ed.<\/li>\n\n\n\n<li class=\"\"><strong>\u0160irok\u00e9 pou\u017eit\u00ed<\/strong>: Vhodn\u00e9 pro r\u016fzn\u00e9 tv\u016fr\u010d\u00ed oblasti.<\/li>\n<\/ul>\n\n\n\n<h4 class=\"wp-block-heading\" id=\"disadvantages\">Nev\u00fdhody<\/h4>\n\n\n\n<ul class=\"wp-block-list\">\n<li class=\"\"><strong>Omezen\u00e9 mo\u017enosti styl\u016f<\/strong>: V sou\u010dasn\u00e9 dob\u011b se zam\u011b\u0159uje pouze na styl Arcane.<\/li>\n<\/ul>\n\n\n\n<h4 class=\"wp-block-heading\" id=\"challenges\">V\u00fdzvy<\/h4>\n\n\n\n<ul class=\"wp-block-list\">\n<li class=\"\"><strong>Hluk na pozad\u00ed<\/strong>: Zaji\u0161t\u011bn\u00ed p\u0159esn\u00fdch transformac\u00ed navzdory r\u016fzn\u00fdm kvalit\u00e1m fotografi\u00ed.<\/li>\n<\/ul>\n\n\n\n<h4 class=\"wp-block-heading\" id=\"suggestions\">N\u00e1vrhy<\/h4>\n\n\n\n<ul class=\"wp-block-list\">\n<li class=\"\"><strong>Rozbalit styly<\/strong>: Zaveden\u00ed v\u00edce um\u011bleck\u00fdch styl\u016f pro v\u011bt\u0161\u00ed p\u0159ita\u017elivost.<\/li>\n\n\n\n<li class=\"\"><strong>Vylep\u0161en\u00e9 n\u00e1stroje<\/strong>: V\u00fdvoj dal\u0161\u00edch funkc\u00ed pro v\u011bt\u0161\u00ed p\u0159izp\u016fsoben\u00ed.<\/li>\n<\/ul>\n\n\n\n<h3 class=\"wp-block-heading\" id=\"10-related-information-and-tools\">10 Souvisej\u00edc\u00ed informace a n\u00e1stroje<\/h3>\n\n\n\n<figure class=\"wp-block-table\"><table class=\"has-fixed-layout\"><thead><tr><th>Webov\u00e9 str\u00e1nky<\/th><th>Funkce<\/th><th>V\u00fdhody<\/th><th>Nev\u00fdhody<\/th><th>N\u00e1vrhy<\/th><\/tr><\/thead><tbody><tr><td><a href=\"https:\/\/aiartfree.online\/cs\/arcane-ai\/\" data-type=\"link\" data-id=\"https:\/\/aiartfree.online\/auto-draft\/\">Um\u011bl\u00e1 inteligence Arcane<\/a><\/td><td>Transformace ve stylu Arcane<\/td><td>Vysok\u00e1 kvalita, u\u017eivatelsky p\u0159\u00edv\u011btiv\u00e9<\/td><td>Omezen\u00ed na jeden styl<\/td><td>Rozbalit styly<\/td><\/tr><tr><td>DeepArt.io<\/td><td>R\u016fzn\u00e9 um\u011bleck\u00e9 styly<\/td><td>V\u00edce styl\u016f, snadn\u00e9 pou\u017eit\u00ed<\/td><td>Placen\u00e9 funkce<\/td><td>Dal\u0161\u00ed bezplatn\u00e9 mo\u017enosti<\/td><\/tr><tr><td>Prisma<\/td><td>P\u0159evody fotografi\u00ed na malbu<\/td><td>Mnoho filtr\u016f, sd\u00edlen\u00ed na soci\u00e1ln\u00edch s\u00edt\u00edch<\/td><td>Vy\u017eaduje instalaci aplikace<\/td><td>Webov\u00e1 verze<\/td><\/tr><tr><td>BeFunky<\/td><td>N\u00e1stroje pro \u00fapravu fotografi\u00ed<\/td><td>V\u0161estrann\u00e9 n\u00e1stroje, snadn\u00e9 pou\u017eit\u00ed<\/td><td>N\u011bkter\u00e9 funkce jsou placen\u00e9<\/td><td>Dal\u0161\u00ed bezplatn\u00e9 n\u00e1stroje<\/td><\/tr><tr><td>GoArt<\/td><td>Gener\u00e1tor um\u011bleck\u00fdch fotografi\u00ed AI<\/td><td>R\u016fzn\u00e9 styly, jednoduch\u00e9 u\u017eivatelsk\u00e9 rozhran\u00ed<\/td><td>Omezen\u00e1 bezplatn\u00e1 verze<\/td><td>Zv\u00fd\u0161en\u00ed voln\u00fdch limit\u016f<\/td><\/tr><tr><td>Lunapic<\/td><td>\u00daprava fotografi\u00ed online<\/td><td>Mnoho mo\u017enost\u00ed \u00faprav<\/td><td>Zastaral\u00e9 rozhran\u00ed<\/td><td>Modernizace u\u017eivatelsk\u00e9ho rozhran\u00ed<\/td><\/tr><tr><td>Fotor<\/td><td>Grafick\u00fd design a \u00fapravy<\/td><td>Komplexn\u00ed sada n\u00e1stroj\u016f<\/td><td>Reklamy ve verzi zdarma<\/td><td>Z\u00e1\u017eitek bez reklam<\/td><\/tr><tr><td>Pikazo<\/td><td>Um\u011bleck\u00e9 fotografie poh\u00e1n\u011bn\u00e9 um\u011blou inteligenc\u00ed<\/td><td>Jedine\u010dn\u00e9 styly, snadn\u00e9 pou\u017eit\u00ed<\/td><td>Vy\u017eaduje registraci<\/td><td>\u017d\u00e1dn\u00e1 mo\u017enost registrace<\/td><\/tr><tr><td>AI Painter<\/td><td>Um\u011bleck\u00e1 tvorba \u0159\u00edzen\u00e1 um\u011blou inteligenc\u00ed<\/td><td>Vysoce kvalitn\u00ed v\u00fdsledky, jednoduch\u00e9<\/td><td>N\u011bkolik styl\u016f<\/td><td>Dal\u0161\u00ed mo\u017enosti stylu<\/td><\/tr><tr><td>Artisto<\/td><td>P\u0159evody videa na um\u011bn\u00ed<\/td><td>St\u0159ih videa, r\u016fzn\u00e9 styly<\/td><td>Omezeno na videa<\/td><td>P\u0159id\u00e1n\u00ed mo\u017enost\u00ed fotografov\u00e1n\u00ed<\/td><\/tr><\/tbody><\/table><\/figure>\n\n\n\n<h3 class=\"wp-block-heading\" id=\"faq\">\u010cASTO KLADEN\u00c9 DOTAZY<\/h3>\n\n\n\n<h4 class=\"wp-block-heading\" id=\"1-how-do-i-enhance-a-photo\">1. Jak vylep\u0161it fotografii?<\/h4>\n\n\n\n<p class=\"\">Pro snadn\u00e9 vylep\u0161ov\u00e1n\u00ed pou\u017e\u00edvejte n\u00e1stroje s um\u011blou inteligenc\u00ed, jako je Arcane AI.<\/p>\n\n\n\n<h4 class=\"wp-block-heading\" id=\"2-can-i-use-arcane-ai-for-free\">2. Mohu pou\u017e\u00edvat Arcane AI zdarma?<\/h4>\n\n\n\n<p class=\"\">Ano, Arcane AI je 100% zdarma.<\/p>\n\n\n\n<h4 class=\"wp-block-heading\" id=\"3-do-i-need-to-sign-up-to-use-arcane-ai\">3. Mus\u00edm se zaregistrovat, abych mohl pou\u017e\u00edvat Arcane AI?<\/h4>\n\n\n\n<p class=\"\">Ne, registrace nen\u00ed nutn\u00e1.<\/p>\n\n\n\n<h4 class=\"wp-block-heading\" id=\"4-what-kind-of-photos-work-best-with-arcane-ai\">4. Jak\u00e9 fotografie se nejl\u00e9pe hod\u00ed pro Arcane AI?<\/h4>\n\n\n\n<p class=\"\">Nejlep\u0161\u00edch v\u00fdsledk\u016f dosahuj\u00ed kvalitn\u00ed a dob\u0159e osv\u011btlen\u00e9 portr\u00e9ty.<\/p>\n\n\n\n<h4 class=\"wp-block-heading\" id=\"5-is-there-a-limit-to-how-many-photos-i-can-convert\">5. Je po\u010det fotografi\u00ed, kter\u00e9 mohu p\u0159ev\u00e9st, omezen?<\/h4>\n\n\n\n<p class=\"\">Ne, m\u016f\u017eete p\u0159ev\u00e9st neomezen\u00fd po\u010det fotografi\u00ed.<\/p>\n\n\n\n<h4 class=\"wp-block-heading\" id=\"6-can-i-use-arcane-ai-on-my-phone\">6. Mohu pou\u017e\u00edvat Arcane AI v telefonu?<\/h4>\n\n\n\n<p class=\"\">Ano, n\u00e1stroj je dostupn\u00fd na mobiln\u00edch i stoln\u00edch za\u0159\u00edzen\u00edch.<\/p>\n\n\n\n<h4 class=\"wp-block-heading\" id=\"7-what-file-formats-are-supported-by-arcane-ai\">7. Jak\u00e9 form\u00e1ty soubor\u016f podporuje Arcane AI?<\/h4>\n\n\n\n<p class=\"\">Podporov\u00e1ny jsou b\u011b\u017en\u00e9 form\u00e1ty jako JPG, PNG.<\/p>\n\n\n\n<h4 class=\"wp-block-heading\" id=\"8-how-long-does-the-conversion-process-take\">8. Jak dlouho trv\u00e1 proces konverze?<\/h4>\n\n\n\n<p class=\"\">V z\u00e1vislosti na velikosti fotografie to obvykle trv\u00e1 n\u011bkolik sekund a\u017e minut.<\/p>\n\n\n\n<h4 class=\"wp-block-heading\" id=\"9-can-i-edit-the-arcane-style-photo-after-conversion\">9. Mohu fotografii ve stylu Arcane po konverzi upravit?<\/h4>\n\n\n\n<p class=\"\">Ano, fotografii m\u016f\u017eete d\u00e1le upravovat pomoc\u00ed dal\u0161\u00edch n\u00e1stroj\u016f.<\/p>\n\n\n\n<h4 class=\"wp-block-heading\" id=\"10-are-there-other-styles-available-besides-arcane\">10. Jsou k dispozici i jin\u00e9 styly ne\u017e Arcane?<\/h4>\n\n\n\n<p class=\"\">V sou\u010dasn\u00e9 dob\u011b se Arcane AI zam\u011b\u0159uje na styl Arcane, ale v budoucnu mohou b\u00fdt p\u0159id\u00e1ny dal\u0161\u00ed styly.<\/p>\n\n\n\n<h3 class=\"wp-block-heading\" id=\"summary\">Souhrn<\/h3>\n\n\n\n<p class=\"\">Arcane AI je v\u00fdkonn\u00fd a u\u017eivatelsky p\u0159\u00edv\u011btiv\u00fd n\u00e1stroj pro p\u0159em\u011bnu portr\u00e9t\u016f na \u00fa\u017easn\u00e1 um\u011bleck\u00e1 d\u00edla ve stylu Arcane. D\u00edky bezplatn\u00e9mu a neomezen\u00e9mu pou\u017e\u00edv\u00e1n\u00ed je p\u0159\u00edstupn\u00fd v\u0161em. Za\u010dn\u011bte pou\u017e\u00edvat Arcane AI je\u0161t\u011b dnes a vytv\u00e1\u0159ejte bez n\u00e1mahy jedine\u010dn\u00e9, poutav\u00e9 obr\u00e1zky.<\/p>\n\n\n\n<p class=\"\">Vyzkou\u0161ejte si Arcane AI a p\u0159em\u011b\u0148te sv\u00e9 fotografie na \u00fa\u017easn\u00e1 um\u011bleck\u00e1 d\u00edla ve stylu Arcane na adrese <a href=\"https:\/\/aiartfree.online\/cs\/arcane-ai\/\">Um\u011bl\u00e1 inteligence Arcane<\/a>.<\/p>\n\n\n\n<p class=\"\">Pokud m\u00e1te dal\u0161\u00ed ot\u00e1zky, m\u016f\u017eete se zeptat na tuto ot\u00e1zku. <a href=\"https:\/\/chatgpt4o.space\/\" data-type=\"link\" data-id=\"https:\/\/chatgpt4o.space\/\" target=\"_blank\" rel=\"noreferrer noopener\">online chat zdarma GPT 4o<\/a>.<\/p>","protected":false},"excerpt":{"rendered":"<p>Before vs After How to use the Arcane AI * Feel free to try our examples below if you don&#8217;t have any thoughts in your mind *&nbsp;Depending on your internet speed, loading the model may take up to 10 seconds \u2193 Arcane AI: Transform Your Portraits into Stunning Arcane Art Outline This article explores Arcane &#8230; <a title=\"Um\u011bl\u00e1 inteligence Arcane\" class=\"read-more\" href=\"https:\/\/aiartfree.online\/cs\/arcane-ai\/\" aria-label=\"Read more about Arcane AI\">\u010c\u00edst d\u00e1l<\/a><\/p>","protected":false},"author":1,"featured_media":3434,"parent":0,"menu_order":0,"comment_status":"open","ping_status":"closed","template":"","meta":{"nf_dc_page":"","footnotes":""},"class_list":["post-3430","page","type-page","status-publish","has-post-thumbnail"],"jetpack_sharing_enabled":true,"_links":{"self":[{"href":"https:\/\/aiartfree.online\/cs\/wp-json\/wp\/v2\/pages\/3430","targetHints":{"allow":["GET"]}}],"collection":[{"href":"https:\/\/aiartfree.online\/cs\/wp-json\/wp\/v2\/pages"}],"about":[{"href":"https:\/\/aiartfree.online\/cs\/wp-json\/wp\/v2\/types\/page"}],"author":[{"embeddable":true,"href":"https:\/\/aiartfree.online\/cs\/wp-json\/wp\/v2\/users\/1"}],"replies":[{"embeddable":true,"href":"https:\/\/aiartfree.online\/cs\/wp-json\/wp\/v2\/comments?post=3430"}],"version-history":[{"count":0,"href":"https:\/\/aiartfree.online\/cs\/wp-json\/wp\/v2\/pages\/3430\/revisions"}],"wp:featuredmedia":[{"embeddable":true,"href":"https:\/\/aiartfree.online\/cs\/wp-json\/wp\/v2\/media\/3434"}],"wp:attachment":[{"href":"https:\/\/aiartfree.online\/cs\/wp-json\/wp\/v2\/media?parent=3430"}],"curies":[{"name":"wp","href":"https:\/\/api.w.org\/{rel}","templated":true}]}}