{"id":3416,"date":"2024-08-01T09:41:23","date_gmt":"2024-08-01T09:41:23","guid":{"rendered":"https:\/\/aiartfree.online\/?page_id=3416"},"modified":"2024-08-02T11:15:00","modified_gmt":"2024-08-02T11:15:00","slug":"html-code-generator","status":"publish","type":"page","link":"https:\/\/aiartfree.online\/cs\/generator-html-kodu\/","title":{"rendered":"Gener\u00e1tor k\u00f3du HTML"},"content":{"rendered":"<h2 class=\"wp-block-heading has-text-align-center\">P\u0159ed vs. po<\/h2>\n\n\n\n<figure class=\"gb-block-image gb-block-image-1822da1f\"><img data-recalc-dims=\"1\" decoding=\"async\" loading=\"lazy\" width=\"1200\" height=\"707\" class=\"gb-image gb-image-1822da1f\" src=\"https:\/\/i0.wp.com\/aiartfree.online\/wp-content\/uploads\/2024\/08\/WX20240801-145150%402x-jpg.webp?resize=1200%2C707&#038;ssl=1\" alt=\"Gener\u00e1tor k\u00f3du HTML - Bezplatn\u00e9 online sn\u00edmky obrazovky do k\u00f3d\u016f HTML\" title=\"WX20240801-145150@2x\" srcset=\"https:\/\/i0.wp.com\/aiartfree.online\/wp-content\/uploads\/2024\/08\/WX20240801-145150%402x-jpg.webp?w=1904&amp;ssl=1 1904w, https:\/\/i0.wp.com\/aiartfree.online\/wp-content\/uploads\/2024\/08\/WX20240801-145150%402x-jpg.webp?resize=300%2C177&amp;ssl=1 300w, https:\/\/i0.wp.com\/aiartfree.online\/wp-content\/uploads\/2024\/08\/WX20240801-145150%402x-jpg.webp?resize=1024%2C603&amp;ssl=1 1024w, https:\/\/i0.wp.com\/aiartfree.online\/wp-content\/uploads\/2024\/08\/WX20240801-145150%402x-jpg.webp?resize=768%2C453&amp;ssl=1 768w, https:\/\/i0.wp.com\/aiartfree.online\/wp-content\/uploads\/2024\/08\/WX20240801-145150%402x-jpg.webp?resize=1536%2C905&amp;ssl=1 1536w, https:\/\/i0.wp.com\/aiartfree.online\/wp-content\/uploads\/2024\/08\/WX20240801-145150%402x-jpg.webp?resize=18%2C12&amp;ssl=1 18w, https:\/\/i0.wp.com\/aiartfree.online\/wp-content\/uploads\/2024\/08\/WX20240801-145150%402x-jpg.webp?resize=600%2C354&amp;ssl=1 600w\" sizes=\"auto, (max-width: 1200px) 100vw, 1200px\" \/><\/figure>\n\n\n\n<h2 class=\"wp-block-heading\">Jak pou\u017e\u00edvat gener\u00e1tor k\u00f3du HTML<\/h2>\n\n\n\n<ol class=\"wp-block-list\">\n<li class=\"\">Nahrajte sn\u00edmek obrazovky sv\u00e9ho obl\u00edben\u00e9ho webu<\/li>\n\n\n\n<li class=\"\">Klikn\u011bte na tla\u010d\u00edtko \"Odeslat\".<\/li>\n\n\n\n<li class=\"\">Po\u010dkat, to je ono!<\/li>\n<\/ol>\n\n\n\n<p class=\"\">* Pokud v\u00e1s nic nenapad\u00e1, m\u016f\u017eete si vyzkou\u0161et na\u0161e p\u0159\u00edklady n\u00ed\u017ee.<\/p>\n\n\n\n<p class=\"\"><em>* V z\u00e1vislosti na rychlosti va\u0161eho internetu m\u016f\u017ee na\u010dten\u00ed modelu trvat. <\/em>a\u017e 10 sekund \u2193<\/p>\n\n\n\n<div class=\"iframe-wrapper\" style=\"position: relative; width: 100%; height: 1800px;\">\n  <div class=\"loading\" style=\"position: absolute; top: 50px; left: 50%; transform: translate(-50%, -50%); width: 40px; height: 40px; border: 3px solid #f0f0f0; border-top: 3px solid #db7093; border-radius: 50%; animation: spin 1s linear infinite;\"><\/div>\n  <iframe loading=\"lazy\" src=\"https:\/\/huggingfacem4-screenshot2html.hf.space\" frameborder=\"0\" width=\"100%\" height=\"100%\" style=\"position: absolute; top: 0; left: 0; opacity: 0; transition: opacity 0.3s;\" onload=\"this.style.opacity=1;this.previousElementSibling.style.display='none';\"><\/iframe>\n<\/div>\n\n<style>\n@keyframes spin {\n  0% { transform: translate(-50%, -50%) rotate(0deg); }\n  100% { transform: translate(-50%, -50%) rotate(360deg); }\n}\n<\/style>\n\n\n\n<div style=\"height:80px\" aria-hidden=\"true\" class=\"wp-block-spacer\"><\/div>\n\n\n\n<h2 class=\"wp-block-heading\">Efektivn\u00ed a u\u017eivatelsky p\u0159\u00edv\u011btiv\u00e9 gener\u00e1tory k\u00f3du HTML: Nejdokonalej\u0161\u00ed n\u00e1stroj pro v\u00fdvoj webov\u00fdch str\u00e1nek<\/h2>\n\n\n\n<h3 class=\"wp-block-heading\">Co je gener\u00e1tor k\u00f3du HTML?<\/h3>\n\n\n\n<p class=\"\">Gener\u00e1tor k\u00f3du HTML je n\u00e1stroj ur\u010den\u00fd ke zjednodu\u0161en\u00ed procesu vytv\u00e1\u0159en\u00ed k\u00f3du HTML. Umo\u017e\u0148uje u\u017eivatel\u016fm rychle a efektivn\u011b generovat k\u00f3d HTML, ani\u017e by jej museli ps\u00e1t ru\u010dn\u011b. Tyto n\u00e1stroje jsou u\u017eite\u010dn\u00e9 zejm\u00e9na pro jednotlivce, kte\u0159\u00ed nemus\u00ed m\u00edt rozs\u00e1hl\u00e9 zku\u0161enosti s k\u00f3dov\u00e1n\u00edm, ale pot\u0159ebuj\u00ed vytvo\u0159it k\u00f3d HTML pro r\u016fzn\u00e9 \u00fa\u010dely, jako je v\u00fdvoj webu, e-mailov\u00e9 \u0161ablony nebo vkl\u00e1d\u00e1n\u00ed m\u00e9di\u00ed.<\/p>\n\n\n\n<h3 class=\"wp-block-heading\">Pro\u010d pou\u017e\u00edvat gener\u00e1tor k\u00f3du HTML?<\/h3>\n\n\n\n<h4 class=\"wp-block-heading\">Hlavn\u00ed v\u00fdhody<\/h4>\n\n\n\n<ul class=\"wp-block-list\">\n<li class=\"\"><strong>\u00da\u010dinnost<\/strong>: V\u00fdrazn\u011b urychluje proces k\u00f3dov\u00e1n\u00ed.<\/li>\n\n\n\n<li class=\"\"><strong>U\u017eivatelsky p\u0159\u00edv\u011btiv\u00e9<\/strong>: Nevy\u017eaduje \u017e\u00e1dn\u00e9 p\u0159edchoz\u00ed znalosti k\u00f3dov\u00e1n\u00ed.<\/li>\n\n\n\n<li class=\"\"><strong>Sn\u00ed\u017een\u00ed chyb<\/strong>: Minimalizuje chyby v k\u00f3dov\u00e1n\u00ed a zaji\u0161\u0165uje \u010dist\u0161\u00ed k\u00f3d.<\/li>\n\n\n\n<li class=\"\"><strong>V\u0161estrannost<\/strong>: Dok\u00e1\u017ee generovat r\u016fzn\u00e9 prvky HTML.<\/li>\n\n\n\n<li class=\"\"><strong>P\u0159izp\u016fsoben\u00ed<\/strong>: Umo\u017e\u0148uje u\u017eivatel\u016fm p\u0159izp\u016fsobit generovan\u00fd k\u00f3d podle pot\u0159eby.<\/li>\n<\/ul>\n\n\n\n<h4 class=\"wp-block-heading\">Nej\u010dast\u011bji vyhled\u00e1van\u00e9 dotazy u\u017eivatel\u016f<\/h4>\n\n\n\n<ol class=\"wp-block-list\">\n<li class=\"\"><strong>Jak vygenerovat k\u00f3d HTML ze sn\u00edmk\u016f obrazovky?<\/strong>\n<ul class=\"wp-block-list\">\n<li class=\"\">Pomoc\u00ed na\u0161eho doporu\u010den\u00e9ho n\u00e1stroje: <a href=\"https:\/\/aiartfree.online\/cs\/generator-html-kodu\/\">Gener\u00e1tor k\u00f3du HTML<\/a><\/li>\n<\/ul>\n<\/li>\n\n\n\n<li class=\"\"><strong>Um\u00ed Adobe XD generovat k\u00f3d HTML?<\/strong>\n<ul class=\"wp-block-list\">\n<li class=\"\">Adobe XD je p\u0159edev\u0161\u00edm n\u00e1stroj pro n\u00e1vrh a negeneruje p\u0159\u00edmo k\u00f3d HTML.<\/li>\n<\/ul>\n<\/li>\n\n\n\n<li class=\"\"><strong>Jak automaticky generovat k\u00f3d HTML ve VSCode?<\/strong>\n<ul class=\"wp-block-list\">\n<li class=\"\">K automatick\u00e9mu generov\u00e1n\u00ed k\u00f3du HTML ve VSCode pou\u017eijte roz\u0161\u00ed\u0159en\u00ed, jako je Emmet.<\/li>\n<\/ul>\n<\/li>\n<\/ol>\n\n\n\n<h3 class=\"wp-block-heading\">Hlavn\u00ed funkce gener\u00e1tor\u016f k\u00f3du HTML<\/h3>\n\n\n\n<h4 class=\"wp-block-heading\">Gener\u00e1tor textu HTML<\/h4>\n\n\n\n<p class=\"\">Umo\u017e\u0148uje u\u017eivatel\u016fm zad\u00e1vat text a p\u0159ij\u00edmat odpov\u00eddaj\u00edc\u00ed k\u00f3d HTML.<\/p>\n\n\n\n<h4 class=\"wp-block-heading\">Tabulka HTML Creator<\/h4>\n\n\n\n<p class=\"\">Generuje k\u00f3d HTML pro tabulky, \u010d\u00edm\u017e usnad\u0148uje vytv\u00e1\u0159en\u00ed slo\u017eit\u00fdch struktur tabulek.<\/p>\n\n\n\n<h4 class=\"wp-block-heading\">Gener\u00e1tor AI HTML<\/h4>\n\n\n\n<p class=\"\">Ke generov\u00e1n\u00ed k\u00f3du HTML vyu\u017e\u00edv\u00e1 um\u011blou inteligenci, tak\u017ee je proces rychlej\u0161\u00ed a intuitivn\u011bj\u0161\u00ed.<\/p>\n\n\n\n<h4 class=\"wp-block-heading\">Tvorba tabulek HTML<\/h4>\n\n\n\n<p class=\"\">Zjednodu\u0161uje tvorbu tabulek HTML t\u00edm, \u017ee poskytuje snadno pou\u017eiteln\u00e9 rozhran\u00ed.<\/p>\n\n\n\n<h4 class=\"wp-block-heading\">Generov\u00e1n\u00ed k\u00f3du HTML z textu<\/h4>\n\n\n\n<p class=\"\">Transformuje prost\u00fd text na form\u00e1tovan\u00fd k\u00f3d HTML.<\/p>\n\n\n\n<h4 class=\"wp-block-heading\">Generov\u00e1n\u00ed k\u00f3du HTML z obr\u00e1zku<\/h4>\n\n\n\n<p class=\"\">P\u0159ev\u00e1d\u00ed obr\u00e1zky do k\u00f3du HTML, co\u017e je u\u017eite\u010dn\u00e9 pro vkl\u00e1d\u00e1n\u00ed m\u00e9di\u00ed do webov\u00fdch str\u00e1nek.<\/p>\n\n\n\n<h4 class=\"wp-block-heading\">Registrace nen\u00ed nutn\u00e1<\/h4>\n\n\n\n<p class=\"\">U\u017eivatel\u00e9 mohou generovat k\u00f3d HTML, ani\u017e by si museli vytv\u00e1\u0159et \u00fa\u010det.<\/p>\n\n\n\n<h4 class=\"wp-block-heading\">100% Bezplatn\u00e9 a neomezen\u00e9 pou\u017e\u00edv\u00e1n\u00ed<\/h4>\n\n\n\n<p class=\"\">N\u00e1stroj je zcela zdarma a po\u010det k\u00f3d\u016f, kter\u00e9 lze vygenerovat, nen\u00ed omezen.<\/p>\n\n\n\n<h3 class=\"wp-block-heading\">C\u00edlov\u00e1 skupina a pou\u017eit\u00ed<\/h3>\n\n\n\n<h4 class=\"wp-block-heading\">Vhodn\u00e9 pro:<\/h4>\n\n\n\n<ul class=\"wp-block-list\">\n<li class=\"\"><strong>Webov\u00ed v\u00fdvoj\u00e1\u0159i<\/strong>: Pro rychl\u00e9 vytv\u00e1\u0159en\u00ed a prototypov\u00e1n\u00ed webov\u00fdch str\u00e1nek.<\/li>\n\n\n\n<li class=\"\"><strong>N\u00e1vrh\u00e1\u0159i<\/strong>: Pro vkl\u00e1d\u00e1n\u00ed prvk\u016f designu do HTML.<\/li>\n\n\n\n<li class=\"\"><strong>Tv\u016frci obsahu<\/strong>: Pro form\u00e1tov\u00e1n\u00ed obsahu blog\u016f, e-mail\u016f a webov\u00fdch str\u00e1nek.<\/li>\n\n\n\n<li class=\"\"><strong>Studenti a pedagogov\u00e9<\/strong>: Pro u\u010den\u00ed a v\u00fduku jazyka HTML.<\/li>\n<\/ul>\n\n\n\n<h4 class=\"wp-block-heading\">Pr\u016fmyslov\u00e9 aplikace:<\/h4>\n\n\n\n<ul class=\"wp-block-list\">\n<li class=\"\"><strong>E-commerce<\/strong>: Vytv\u00e1\u0159en\u00ed v\u00fdpis\u016f a popis\u016f produkt\u016f.<\/li>\n\n\n\n<li class=\"\"><strong>Digit\u00e1ln\u00ed marketing<\/strong>: Navrhov\u00e1n\u00ed e-mailov\u00fdch \u0161ablon a vstupn\u00edch str\u00e1nek.<\/li>\n\n\n\n<li class=\"\"><strong>Vzd\u011bl\u00e1v\u00e1n\u00ed<\/strong>: V\u00fduka HTML a tvorby webov\u00fdch str\u00e1nek.<\/li>\n\n\n\n<li class=\"\"><strong>M\u00e9dia a z\u00e1bava<\/strong>: Vkl\u00e1d\u00e1n\u00ed multimedi\u00e1ln\u00edho obsahu na webov\u00e9 str\u00e1nky.<\/li>\n<\/ul>\n\n\n\n<h3 class=\"wp-block-heading\">Jak pou\u017e\u00edvat gener\u00e1tor k\u00f3du HTML<\/h3>\n\n\n\n<ol class=\"wp-block-list\">\n<li class=\"\"><strong>P\u0159\u00edstup k n\u00e1stroji<\/strong>\n<ul class=\"wp-block-list\">\n<li class=\"\">Nav\u0161tivte <a href=\"https:\/\/aiartfree.online\/cs\/generator-html-kodu\/\">Gener\u00e1tor k\u00f3du HTML<\/a>.<\/li>\n<\/ul>\n<\/li>\n\n\n\n<li class=\"\"><strong>Vyberte typ k\u00f3du<\/strong>\n<ul class=\"wp-block-list\">\n<li class=\"\">Vyberte si z mo\u017enost\u00ed, jako je text, tabulka nebo obr\u00e1zek do k\u00f3du.<\/li>\n<\/ul>\n<\/li>\n\n\n\n<li class=\"\"><strong>Zadejte sv\u016fj obsah<\/strong>\n<ul class=\"wp-block-list\">\n<li class=\"\">Zadejte text nebo nahrajte obr\u00e1zek, kter\u00fd chcete p\u0159ev\u00e9st.<\/li>\n<\/ul>\n<\/li>\n\n\n\n<li class=\"\"><strong>Generov\u00e1n\u00ed k\u00f3du<\/strong>\n<ul class=\"wp-block-list\">\n<li class=\"\">Kliknut\u00edm na tla\u010d\u00edtko vygenerovat z\u00edsk\u00e1te k\u00f3d HTML.<\/li>\n<\/ul>\n<\/li>\n\n\n\n<li class=\"\"><strong>Kop\u00edrovat a pou\u017e\u00edvat<\/strong>\n<ul class=\"wp-block-list\">\n<li class=\"\">Zkop\u00edrujte vygenerovan\u00fd k\u00f3d a vlo\u017ete jej do projektu.<\/li>\n<\/ul>\n<\/li>\n<\/ol>\n\n\n\n<h3 class=\"wp-block-heading\">P\u0159\u00edpady pou\u017eit\u00ed gener\u00e1tor\u016f k\u00f3du HTML<\/h3>\n\n\n\n<h4 class=\"wp-block-heading\">V\u00fdvoj webu<\/h4>\n\n\n\n<p class=\"\">Vytv\u00e1\u0159en\u00ed strukturovan\u00fdch webov\u00fdch str\u00e1nek s minim\u00e1ln\u00edm \u00fasil\u00edm.<\/p>\n\n\n\n<h4 class=\"wp-block-heading\">E-mailov\u00fd marketing<\/h4>\n\n\n\n<p class=\"\">Navrhov\u00e1n\u00ed responzivn\u00edch e-mailov\u00fdch \u0161ablon.<\/p>\n\n\n\n<h4 class=\"wp-block-heading\">Blogov\u00e1n\u00ed<\/h4>\n\n\n\n<p class=\"\">Form\u00e1tov\u00e1n\u00ed p\u0159\u00edsp\u011bvk\u016f na blogu pomoc\u00ed HTML pro lep\u0161\u00ed prezentaci.<\/p>\n\n\n\n<h4 class=\"wp-block-heading\">Vzd\u011bl\u00e1v\u00e1n\u00ed online<\/h4>\n\n\n\n<p class=\"\">Pom\u00e1h\u00e1 student\u016fm procvi\u010dit si a pochopit k\u00f3dov\u00e1n\u00ed HTML.<\/p>\n\n\n\n<h4 class=\"wp-block-heading\">Digit\u00e1ln\u00ed reklama<\/h4>\n\n\n\n<p class=\"\">Vytv\u00e1\u0159en\u00ed reklamn\u00edch banner\u016f a vstupn\u00edch str\u00e1nek.<\/p>\n\n\n\n<h3 class=\"wp-block-heading\">Informace z 10 souvisej\u00edc\u00edch webov\u00fdch str\u00e1nek<\/h3>\n\n\n\n<figure class=\"wp-block-table\"><table class=\"has-fixed-layout\"><thead><tr><th>Webov\u00e9 str\u00e1nky<\/th><th>Funkce<\/th><th>V\u00fdhody<\/th><th>V\u00fdzvy<\/th><th>ADRESA URL<\/th><\/tr><\/thead><tbody><tr><td><strong><a href=\"https:\/\/aiartfree.online\/cs\/generator-html-kodu\/\" data-type=\"link\" data-id=\"https:\/\/aiartfree.online\/html-code-generator\">Gener\u00e1tor k\u00f3du HTML ze sn\u00edmk\u016f obrazovky<\/a><\/strong><\/td><td>P\u0159\u00edklady k\u00f3du HTML, V\u00fdukov\u00e9 programy<\/td><td>Komplexn\u00ed, zdarma<\/td><td>Z\u00e1kladn\u00ed funkce<\/td><td><a href=\"https:\/\/aiartfree.online\/cs\/generator-html-kodu\/\">https:\/\/aiartfree.online\/html-code-generator<\/a><\/td><\/tr><tr><td>K\u00f3d Beautify<\/td><td>Prohl\u00ed\u017ee\u010d HTML, Minifik\u00e1tor<\/td><td>Snadn\u00e9 pou\u017eit\u00ed, rychl\u00e9<\/td><td>P\u0159\u00edtomn\u00e9 reklamy<\/td><td>codebeautify.org<\/td><\/tr><tr><td>HTML Online<\/td><td>Editor HTML, \u010cisti\u010d<\/td><td>U\u017eivatelsky p\u0159\u00edv\u011btiv\u00e9, zdarma<\/td><td>Omezen\u00e9 p\u0159izp\u016fsoben\u00ed<\/td><td>html-cleaner.com<\/td><\/tr><tr><td>Gener\u00e1tor k\u00f3du HTML<\/td><td>P\u0159evod textu do HTML, gener\u00e1tor tabulek<\/td><td>Efektivn\u00ed, bez registrace<\/td><td>Z\u00e1kladn\u00ed design<\/td><td>html-code-generator.com<\/td><\/tr><tr><td>Pinegrow<\/td><td>Vizu\u00e1ln\u00ed editor HTML<\/td><td>Profesion\u00e1ln\u00ed funkce<\/td><td>Drah\u00e9<\/td><td>pinegrow.com<\/td><\/tr><tr><td>Editor HTML5<\/td><td>Online editor HTML<\/td><td>Zdarma, bez registrace<\/td><td>P\u0159\u00edtomn\u00e9 reklamy<\/td><td>html5-editor.net<\/td><\/tr><tr><td>Quackit<\/td><td>V\u00fdukov\u00e9 programy k\u00f3du HTML, p\u0159\u00edklady<\/td><td>Vzd\u011bl\u00e1vac\u00ed, Zdarma<\/td><td>Z\u00e1kladn\u00ed funkce<\/td><td>quackit.com<\/td><\/tr><tr><td>FreeFormatter<\/td><td>Form\u00e1tova\u010d HTML, zkr\u00e1\u0161lova\u010d<\/td><td>Rychle, zdarma<\/td><td>P\u0159\u00edtomn\u00e9 reklamy<\/td><td>freeformatter.com<\/td><\/tr><tr><td>JSFiddle<\/td><td>Online editor, HTML, CSS, JS<\/td><td>Spolupr\u00e1ce, v\u0161estrannost<\/td><td>Vy\u017eaduje p\u0159ihl\u00e1\u0161en\u00ed<\/td><td>jsfiddle.net<\/td><\/tr><tr><td>Gener\u00e1tor tabulek HTML<\/td><td>Tv\u016frce tabulek, P\u0159izp\u016fsoben\u00ed<\/td><td>Snadn\u00e9 pou\u017eit\u00ed, zdarma<\/td><td>Omezen\u00e9 funkce<\/td><td>rapidtables.com<\/td><\/tr><\/tbody><\/table><\/figure>\n\n\n\n<h3 class=\"wp-block-heading\">V\u00fdhody a nev\u00fdhody pr\u016fmyslu generov\u00e1n\u00ed k\u00f3du HTML<\/h3>\n\n\n\n<h4 class=\"wp-block-heading\">Klady:<\/h4>\n\n\n\n<ul class=\"wp-block-list\">\n<li class=\"\"><strong>P\u0159\u00edstupnost<\/strong>: N\u00e1stroje jsou k dispozici zdarma online.<\/li>\n\n\n\n<li class=\"\"><strong>\u00daspora \u010dasu<\/strong>: Urychluje proces k\u00f3dov\u00e1n\u00ed.<\/li>\n\n\n\n<li class=\"\"><strong>U\u017eivatelsky p\u0159\u00edv\u011btiv\u00e9<\/strong>: Vhodn\u00e9 pro za\u010d\u00e1te\u010dn\u00edky i profesion\u00e1ly.<\/li>\n<\/ul>\n\n\n\n<h4 class=\"wp-block-heading\">Nev\u00fdhody:<\/h4>\n\n\n\n<ul class=\"wp-block-list\">\n<li class=\"\"><strong>Omezen\u00ed p\u0159izp\u016fsoben\u00ed<\/strong>: N\u011bkter\u00e9 n\u00e1stroje nab\u00edzej\u00ed omezen\u00e9 mo\u017enosti p\u0159izp\u016fsoben\u00ed.<\/li>\n\n\n\n<li class=\"\"><strong>Z\u00e1vislost na internetu<\/strong>: Vy\u017eaduje p\u0159ipojen\u00ed k internetu.<\/li>\n\n\n\n<li class=\"\"><strong>K\u0159ivka u\u010den\u00ed<\/strong>: N\u011bkter\u00e9 pokro\u010dil\u00e9 funkce mohou vy\u017eadovat v\u00fduku.<\/li>\n<\/ul>\n\n\n\n<h4 class=\"wp-block-heading\">V\u00fdhody a v\u00fdzvy:<\/h4>\n\n\n\n<ul class=\"wp-block-list\">\n<li class=\"\"><strong>V\u00fdhody<\/strong>: Efektivita, p\u0159esnost, v\u0161estrannost.<\/li>\n\n\n\n<li class=\"\"><strong>V\u00fdzvy<\/strong>: P\u0159izp\u016fsoben\u00ed, z\u00e1vislost na internetu, po\u017eadavky na u\u010den\u00ed.<\/li>\n<\/ul>\n\n\n\n<h4 class=\"wp-block-heading\">Doporu\u010den\u00ed:<\/h4>\n\n\n\n<ul class=\"wp-block-list\">\n<li class=\"\">Pou\u017e\u00edvejte renomovan\u00e9 n\u00e1stroje se silnou podporou.<\/li>\n\n\n\n<li class=\"\">Pro slo\u017eit\u011bj\u0161\u00ed \u00falohy je m\u016f\u017eete kombinovat s ru\u010dn\u00edm k\u00f3dov\u00e1n\u00edm.<\/li>\n\n\n\n<li class=\"\">Pravideln\u011b aktualizujte sv\u00e9 znalosti nov\u00fdch n\u00e1stroj\u016f a funkc\u00ed.<\/li>\n<\/ul>\n\n\n\n<h3 class=\"wp-block-heading\">\u010cASTO KLADEN\u00c9 DOTAZY<\/h3>\n\n\n\n<ol class=\"wp-block-list\">\n<li class=\"\"><strong>Jak vygenerovat k\u00f3d HTML ze sn\u00edmk\u016f obrazovky?<\/strong>\n<ul class=\"wp-block-list\">\n<li class=\"\">Pou\u017eijte n\u00e1\u0161 doporu\u010den\u00fd n\u00e1stroj: <a href=\"https:\/\/aiartfree.online\/cs\/generator-html-kodu\/\">Gener\u00e1tor k\u00f3du HTML<\/a><\/li>\n<\/ul>\n<\/li>\n\n\n\n<li class=\"\"><strong>Um\u00ed Adobe XD generovat k\u00f3d HTML?<\/strong>\n<ul class=\"wp-block-list\">\n<li class=\"\">Adobe XD nevytv\u00e1\u0159\u00ed p\u0159\u00edmo k\u00f3d HTML.<\/li>\n<\/ul>\n<\/li>\n\n\n\n<li class=\"\"><strong>Jak automaticky generovat k\u00f3d HTML ve VSCode?<\/strong>\n<ul class=\"wp-block-list\">\n<li class=\"\">Pou\u017e\u00edvejte roz\u0161\u00ed\u0159en\u00ed jako Emmet.<\/li>\n<\/ul>\n<\/li>\n\n\n\n<li class=\"\"><strong>Jak vygenerovat k\u00f3d HTML?<\/strong>\n<ul class=\"wp-block-list\">\n<li class=\"\">Pou\u017eijte n\u00e1\u0161 doporu\u010den\u00fd n\u00e1stroj: <a href=\"https:\/\/aiartfree.online\/cs\/generator-html-kodu\/\">Gener\u00e1tor k\u00f3du HTML<\/a><\/li>\n<\/ul>\n<\/li>\n\n\n\n<li class=\"\"><strong>Jak vygenerovat k\u00f3d HTML z obr\u00e1zku?<\/strong>\n<ul class=\"wp-block-list\">\n<li class=\"\">Pou\u017eijte n\u00e1\u0161 doporu\u010den\u00fd n\u00e1stroj: <a href=\"https:\/\/aiartfree.online\/cs\/generator-html-kodu\/\">Gener\u00e1tor k\u00f3du HTML<\/a><\/li>\n<\/ul>\n<\/li>\n\n\n\n<li class=\"\"><strong>Existuje bezplatn\u00fd gener\u00e1tor k\u00f3du HTML?<\/strong>\n<ul class=\"wp-block-list\">\n<li class=\"\">Ano, mnoho n\u00e1stroj\u016f je 100% zdarma a neomezen\u011b.<\/li>\n<\/ul>\n<\/li>\n\n\n\n<li class=\"\"><strong>Mohu generovat k\u00f3d HTML bez registrace?<\/strong>\n<ul class=\"wp-block-list\">\n<li class=\"\">Ano, n\u00e1\u0161 n\u00e1stroj nevy\u017eaduje registraci.<\/li>\n<\/ul>\n<\/li>\n\n\n\n<li class=\"\"><strong>Jak\u00fd je nejlep\u0161\u00ed gener\u00e1tor k\u00f3du HTML?<\/strong>\n<ul class=\"wp-block-list\">\n<li class=\"\">N\u00e1\u0161 n\u00e1stroj doporu\u010dujeme pro jeho funkce a snadn\u00e9 pou\u017eit\u00ed.<\/li>\n<\/ul>\n<\/li>\n\n\n\n<li class=\"\"><strong>Jak snadno vytvo\u0159it tabulku v HTML?<\/strong>\n<ul class=\"wp-block-list\">\n<li class=\"\">Pou\u017eijte n\u00e1stroj pro tvorbu tabulek HTML.<\/li>\n<\/ul>\n<\/li>\n\n\n\n<li class=\"\"><strong>Mohu pro text vygenerovat k\u00f3d HTML?<\/strong><\/li>\n<\/ol>\n\n\n\n<ul class=\"wp-block-list\">\n<li class=\"\">Ano, pou\u017eijte n\u00e1\u0161 gener\u00e1tor textu HTML.<\/li>\n<\/ul>\n\n\n\n<h3 class=\"wp-block-heading\">Souhrn<\/h3>\n\n\n\n<h4 class=\"wp-block-heading\">Hlavn\u00ed v\u00fdhody:<\/h4>\n\n\n\n<ul class=\"wp-block-list\">\n<li class=\"\"><strong>\u00da\u010dinnost<\/strong>: Urychluje proces k\u00f3dov\u00e1n\u00ed.<\/li>\n\n\n\n<li class=\"\"><strong>U\u017eivatelsky p\u0159\u00edv\u011btiv\u00e9<\/strong>: Vhodn\u00e9 pro v\u0161echny \u00farovn\u011b dovednost\u00ed.<\/li>\n\n\n\n<li class=\"\"><strong>V\u0161estrannost<\/strong>: Generuje r\u016fzn\u00e9 prvky HTML.<\/li>\n<\/ul>\n\n\n\n<p class=\"\">Za\u010dn\u011bte pou\u017e\u00edvat na\u0161e <a href=\"https:\/\/aiartfree.online\/cs\/generator-html-kodu\/\">Gener\u00e1tor k\u00f3du HTML<\/a> dnes, abyste mohli snadno vytv\u00e1\u0159et k\u00f3d HTML a vylep\u0161it sv\u00e9 projekty v\u00fdvoje webov\u00fdch str\u00e1nek.<\/p>\n\n\n\n<p class=\"\">Pokud m\u00e1te dal\u0161\u00ed ot\u00e1zky, m\u016f\u017eete se zeptat na tuto ot\u00e1zku. <a href=\"https:\/\/chatgpt4o.space\/\" target=\"_blank\" data-type=\"link\" data-id=\"https:\/\/chatgpt4o.space\/\" rel=\"noreferrer noopener\">online chat zdarma GPT 4o<\/a>.<br><\/p>","protected":false},"excerpt":{"rendered":"<p>Before vs After How to use the HTML Code Generator * Feel free to try our examples below if you don&#8217;t have any thoughts in your mind *&nbsp;Depending on your internet speed, loading the model may take up to 10 seconds \u2193 Efficient and User-Friendly HTML Code Generators: The Ultimate Tool for Web Development What &#8230; <a title=\"Gener\u00e1tor k\u00f3du HTML\" class=\"read-more\" href=\"https:\/\/aiartfree.online\/cs\/generator-html-kodu\/\" aria-label=\"Read more about HTML Code Generator\">\u010c\u00edst d\u00e1l<\/a><\/p>","protected":false},"author":1,"featured_media":3427,"parent":0,"menu_order":0,"comment_status":"open","ping_status":"closed","template":"","meta":{"nf_dc_page":"","footnotes":""},"class_list":["post-3416","page","type-page","status-publish","has-post-thumbnail"],"jetpack_sharing_enabled":true,"_links":{"self":[{"href":"https:\/\/aiartfree.online\/cs\/wp-json\/wp\/v2\/pages\/3416","targetHints":{"allow":["GET"]}}],"collection":[{"href":"https:\/\/aiartfree.online\/cs\/wp-json\/wp\/v2\/pages"}],"about":[{"href":"https:\/\/aiartfree.online\/cs\/wp-json\/wp\/v2\/types\/page"}],"author":[{"embeddable":true,"href":"https:\/\/aiartfree.online\/cs\/wp-json\/wp\/v2\/users\/1"}],"replies":[{"embeddable":true,"href":"https:\/\/aiartfree.online\/cs\/wp-json\/wp\/v2\/comments?post=3416"}],"version-history":[{"count":0,"href":"https:\/\/aiartfree.online\/cs\/wp-json\/wp\/v2\/pages\/3416\/revisions"}],"wp:featuredmedia":[{"embeddable":true,"href":"https:\/\/aiartfree.online\/cs\/wp-json\/wp\/v2\/media\/3427"}],"wp:attachment":[{"href":"https:\/\/aiartfree.online\/cs\/wp-json\/wp\/v2\/media?parent=3416"}],"curies":[{"name":"wp","href":"https:\/\/api.w.org\/{rel}","templated":true}]}}