{"id":3412,"date":"2024-08-01T08:56:22","date_gmt":"2024-08-01T08:56:22","guid":{"rendered":"https:\/\/aiartfree.online\/?page_id=3412"},"modified":"2024-08-01T09:11:21","modified_gmt":"2024-08-01T09:11:21","slug":"speech-to-text","status":"publish","type":"page","link":"https:\/\/aiartfree.online\/cs\/prevod-reci-na-text\/","title":{"rendered":"P\u0159evod \u0159e\u010di na text"},"content":{"rendered":"<h2 class=\"wp-block-heading\">Jak pou\u017e\u00edvat funkci Speech to Text<\/h2>\n\n\n\n<ol class=\"wp-block-list\">\n<li class=\"\">Nahrajte zvukov\u00fd soubor a chv\u00edli po\u010dkejte.<\/li>\n\n\n\n<li class=\"\">Klikn\u011bte na \"P\u0159epsat zvuk\"<\/li>\n\n\n\n<li class=\"\">Po\u010dkat, to je ono!<\/li>\n<\/ol>\n\n\n\n<p class=\"\">* Z\u00e1znam nen\u00ed v sou\u010dasn\u00e9 dob\u011b k dispozici<\/p>\n\n\n\n<p class=\"\"><em>* V z\u00e1vislosti na rychlosti va\u0161eho internetu m\u016f\u017ee na\u010dten\u00ed modelu trvat. <\/em>a\u017e 10 sekund \u2193<\/p>\n\n\n\n<div style=\"text-align: center; border: 2px solid; border-image-source: linear-gradient(to right, #16b86c, #912899); border-image-slice: 1; box-shadow: 0 0 10px rgba(0, 0, 0, 0.1); border-radius: 15px; position: relative;\">\n  <div class=\"loading\" style=\"position: absolute; top: 100px; left: 50%; transform: translate(-50%, -50%); width: 40px; height: 40px; border: 3px solid #f0f0f0; border-top: 3px solid #16b86c; border-radius: 50%; animation: spin 1s linear infinite;\"><\/div>\n  <iframe loading=\"lazy\"\n    src=\"https:\/\/xenova-whisper-web.static.hf.space\"\n    frameborder=\"0\"\n    width=\"100%\"\n    height=\"900\"\n    style=\"display: inline-block; margin: 0 auto; opacity: 0; transition: opacity 0.3s;\"\n    onload=\"this.style.opacity=1;this.previousElementSibling.style.display='none';\"\n  ><\/iframe>\n<\/div>\n<style>\n@keyframes spin {\n  0% { transform: translate(-50%, -50%) rotate(0deg); }\n  100% { transform: translate(-50%, -50%) rotate(360deg); }\n}\n<\/style>\n\n\n\n<div style=\"height:80px\" aria-hidden=\"true\" class=\"wp-block-spacer\"><\/div>\n\n\n\n<h2 class=\"wp-block-heading\">Z\u00e1kladn\u00ed pr\u016fvodce p\u0159evodem \u0159e\u010di na text<\/h2>\n\n\n\n<h3 class=\"wp-block-heading\">Souhrnn\u00e1 osnova<\/h3>\n\n\n\n<p class=\"\">Tento \u010dl\u00e1nek poskytuje ucelen\u00fd p\u0159ehled technologie p\u0159evodu \u0159e\u010di na text, v\u010detn\u011b jej\u00ed definice, v\u00fdhod, hlavn\u00edch funkc\u00ed, c\u00edlov\u00e9 skupiny a n\u00e1vodu k pou\u017eit\u00ed. Zd\u016fraz\u0148uje r\u016fzn\u00e9 p\u0159\u00edpady pou\u017eit\u00ed a nab\u00edz\u00ed podrobn\u00e9 srovn\u00e1n\u00ed nejlep\u0161\u00edch n\u00e1stroj\u016f a informace z 10 souvisej\u00edc\u00edch webov\u00fdch str\u00e1nek. \u010cl\u00e1nek uzav\u00edr\u00e1 diskuse o v\u00fdhod\u00e1ch a nev\u00fdhod\u00e1ch tohoto odv\u011btv\u00ed a odpov\u011bdi na \u010dasto kladen\u00e9 ot\u00e1zky.<\/p>\n\n\n\n<figure class=\"wp-block-image size-large is-resized\"><img data-recalc-dims=\"1\" data-dominant-color=\"f3f5f6\" data-has-transparency=\"false\" decoding=\"async\" width=\"1024\" height=\"616\"   loading=\"lazy\" src=\"https:\/\/i0.wp.com\/aiartfree.online\/wp-content\/uploads\/2024\/08\/WX20240801-130434%402x-1-1024x616.webp?resize=1024%2C616&#038;ssl=1\" alt=\"P\u0159evod \u0159e\u010di na text, zn\u00e1m\u00fd tak\u00e9 jako rozpozn\u00e1v\u00e1n\u00ed hlasu nebo rozpozn\u00e1v\u00e1n\u00ed \u0159e\u010di, je technologie, kter\u00e1 p\u0159ev\u00e1d\u00ed mluven\u00e1 slova na psan\u00fd text. Vyu\u017e\u00edv\u00e1 sofistikovan\u00e9 algoritmy a um\u011blou inteligenci k porozum\u011bn\u00ed a p\u0159episu lidsk\u00e9 \u0159e\u010di v re\u00e1ln\u00e9m \u010dase nebo z nahran\u00fdch zvukov\u00fdch soubor\u016f.\" class=\"wp-image-3418 not-transparent\" style=\"--dominant-color: #f3f5f6; width:691px;height:auto\" srcset=\"https:\/\/i0.wp.com\/aiartfree.online\/wp-content\/uploads\/2024\/08\/WX20240801-130434%402x-1-jpg.webp?resize=1024%2C616&amp;ssl=1 1024w, https:\/\/i0.wp.com\/aiartfree.online\/wp-content\/uploads\/2024\/08\/WX20240801-130434%402x-1-jpg.webp?resize=300%2C180&amp;ssl=1 300w, https:\/\/i0.wp.com\/aiartfree.online\/wp-content\/uploads\/2024\/08\/WX20240801-130434%402x-1-jpg.webp?resize=768%2C462&amp;ssl=1 768w, https:\/\/i0.wp.com\/aiartfree.online\/wp-content\/uploads\/2024\/08\/WX20240801-130434%402x-1-jpg.webp?resize=1536%2C923&amp;ssl=1 1536w, https:\/\/i0.wp.com\/aiartfree.online\/wp-content\/uploads\/2024\/08\/WX20240801-130434%402x-1-jpg.webp?resize=18%2C12&amp;ssl=1 18w, https:\/\/i0.wp.com\/aiartfree.online\/wp-content\/uploads\/2024\/08\/WX20240801-130434%402x-1-jpg.webp?resize=600%2C361&amp;ssl=1 600w, https:\/\/i0.wp.com\/aiartfree.online\/wp-content\/uploads\/2024\/08\/WX20240801-130434%402x-1-jpg.webp?w=1898&amp;ssl=1 1898w\" sizes=\"auto, (max-width: 1024px) 100vw, 1024px\" \/><\/figure>\n\n\n\n<h3 class=\"wp-block-heading\">Obsah<\/h3>\n\n\n\n<ol class=\"wp-block-list\">\n<li class=\"\"><a href=\"#what-is-speech-to-text\">Co je p\u0159evod \u0159e\u010di na text?<\/a><\/li>\n\n\n\n<li class=\"\"><a href=\"#why-use-speech-to-text\">Pro\u010d pou\u017e\u00edvat p\u0159evod \u0159e\u010di na text?<\/a><\/li>\n\n\n\n<li class=\"\"><a href=\"#main-features-of-speech-to-text\">Hlavn\u00ed funkce p\u0159evodu \u0159e\u010di na text<\/a><\/li>\n\n\n\n<li class=\"\"><a href=\"#who-should-use-speech-to-text\">Kdo by m\u011bl pou\u017e\u00edvat p\u0159evod \u0159e\u010di na text?<\/a><\/li>\n\n\n\n<li class=\"\"><a href=\"#how-to-use-speech-to-text\">Jak pou\u017e\u00edvat p\u0159evod \u0159e\u010di na text<\/a><\/li>\n\n\n\n<li class=\"\"><a href=\"#speech-to-text-use-cases\">P\u0159\u00edpady pou\u017eit\u00ed p\u0159evodu \u0159e\u010di na text<\/a><\/li>\n\n\n\n<li class=\"\"><a href=\"#top-10-tools-and-information\">10 nejlep\u0161\u00edch n\u00e1stroj\u016f a informac\u00ed<\/a><\/li>\n\n\n\n<li class=\"\"><a href=\"#industry-pros-and-cons\">V\u00fdhody a nev\u00fdhody odv\u011btv\u00ed<\/a><\/li>\n\n\n\n<li class=\"\"><a href=\"#faq\">\u010cASTO KLADEN\u00c9 DOTAZY<\/a><\/li>\n\n\n\n<li class=\"\"><a href=\"#summary\">Souhrn<\/a><\/li>\n<\/ol>\n\n\n\n<h2 class=\"wp-block-heading\">Co je p\u0159evod \u0159e\u010di na text?<\/h2>\n\n\n\n<p class=\"\">P\u0159evod \u0159e\u010di na text, zn\u00e1m\u00fd tak\u00e9 jako rozpozn\u00e1v\u00e1n\u00ed hlasu nebo rozpozn\u00e1v\u00e1n\u00ed \u0159e\u010di, je technologie, kter\u00e1 p\u0159ev\u00e1d\u00ed mluven\u00e1 slova na psan\u00fd text. Vyu\u017e\u00edv\u00e1 sofistikovan\u00e9 algoritmy a um\u011blou inteligenci k porozum\u011bn\u00ed a p\u0159episu lidsk\u00e9 \u0159e\u010di v re\u00e1ln\u00e9m \u010dase nebo z nahran\u00fdch zvukov\u00fdch soubor\u016f.<\/p>\n\n\n\n<h2 class=\"wp-block-heading\">Pro\u010d pou\u017e\u00edvat p\u0159evod \u0159e\u010di na text?<\/h2>\n\n\n\n<p class=\"\">Technologie p\u0159evodu \u0159e\u010di na text nab\u00edz\u00ed \u0159adu v\u00fdhod, d\u00edky nim\u017e se st\u00e1v\u00e1 nezbytn\u00fdm n\u00e1strojem pro r\u016fzn\u00e9 u\u017eivatele a odv\u011btv\u00ed. Mezi hlavn\u00ed v\u00fdhody pat\u0159\u00ed:<\/p>\n\n\n\n<ul class=\"wp-block-list\">\n<li class=\"\"><strong>\u00da\u010dinnost<\/strong>: Urychluje proces vytv\u00e1\u0159en\u00ed psan\u00e9ho obsahu.<\/li>\n\n\n\n<li class=\"\"><strong>P\u0159\u00edstupnost<\/strong>: Pom\u00e1h\u00e1 osob\u00e1m se zdravotn\u00edm posti\u017een\u00edm nebo t\u011bm, kte\u0159\u00ed up\u0159ednost\u0148uj\u00ed hlasov\u00e9 zad\u00e1v\u00e1n\u00ed.<\/li>\n\n\n\n<li class=\"\"><strong>Pohodl\u00ed<\/strong>: Umo\u017e\u0148uje ovl\u00e1d\u00e1n\u00ed hands-free a multitasking.<\/li>\n\n\n\n<li class=\"\"><strong>P\u0159esnost<\/strong>: Pokro\u010dil\u00e9 algoritmy sni\u017euj\u00ed po\u010det chyb a zlep\u0161uj\u00ed kvalitu p\u0159episu.<\/li>\n\n\n\n<li class=\"\"><strong>V\u0161estrannost<\/strong>: Podporuje v\u00edce jazyk\u016f a lze ji integrovat s dal\u0161\u00edmi n\u00e1stroji, jako jsou Dokumenty Google a Disk Google.<\/li>\n<\/ul>\n\n\n\n<h2 class=\"wp-block-heading\">Hlavn\u00ed funkce p\u0159evodu \u0159e\u010di na text<\/h2>\n\n\n\n<h3 class=\"wp-block-heading\">P\u0159epis v re\u00e1ln\u00e9m \u010dase<\/h3>\n\n\n\n<p class=\"\">Okam\u017eit\u011b p\u0159ev\u00e1d\u00ed mluven\u00e1 slova na text, poskytuje okam\u017eitou zp\u011btnou vazbu a umo\u017e\u0148uje bezprobl\u00e9movou komunikaci a dokumentaci.<\/p>\n\n\n\n<h3 class=\"wp-block-heading\">P\u0159epis zvukov\u00e9ho souboru<\/h3>\n\n\n\n<p class=\"\">Zpracov\u00e1v\u00e1 p\u0159edem nahran\u00e9 zvukov\u00e9 soubory a usnad\u0148uje p\u0159episov\u00e1n\u00ed sch\u016fzek, p\u0159edn\u00e1\u0161ek a rozhovor\u016f.<\/p>\n\n\n\n<h3 class=\"wp-block-heading\">Podpora v\u00edce jazyk\u016f<\/h3>\n\n\n\n<p class=\"\">Rozpozn\u00e1v\u00e1 a p\u0159episuje \u0159e\u010d v r\u016fzn\u00fdch jazyc\u00edch, co\u017e je vhodn\u00e9 pro celosv\u011btov\u00e9 publikum.<\/p>\n\n\n\n<h3 class=\"wp-block-heading\">Hlasov\u00e9 zad\u00e1v\u00e1n\u00ed a ovl\u00e1d\u00e1n\u00ed<\/h3>\n\n\n\n<p class=\"\">Umo\u017e\u0148uje u\u017eivatel\u016fm ps\u00e1t a ovl\u00e1dat za\u0159\u00edzen\u00ed pomoc\u00ed hlasov\u00fdch p\u0159\u00edkaz\u016f, co\u017e zvy\u0161uje produktivitu a dostupnost.<\/p>\n\n\n\n<h3 class=\"wp-block-heading\">Manipulace s hlukem pozad\u00ed<\/h3>\n\n\n\n<p class=\"\">Odfiltruje \u0161um na pozad\u00ed, \u010d\u00edm\u017e zv\u00fd\u0161\u00ed p\u0159esnost p\u0159episu a zajist\u00ed jasn\u00fd a p\u0159esn\u00fd textov\u00fd v\u00fdstup.<\/p>\n\n\n\n<h2 class=\"wp-block-heading\">Kdo by m\u011bl pou\u017e\u00edvat p\u0159evod \u0159e\u010di na text?<\/h2>\n\n\n\n<h3 class=\"wp-block-heading\">Osoby se zdravotn\u00edm posti\u017een\u00edm<\/h3>\n\n\n\n<p class=\"\">Poskytuje cenn\u00fd n\u00e1stroj pro osoby s t\u011blesn\u00fdm omezen\u00edm a umo\u017e\u0148uje jim komunikovat s technologiemi pomoc\u00ed hlasov\u00fdch p\u0159\u00edkaz\u016f.<\/p>\n\n\n\n<h3 class=\"wp-block-heading\">Odborn\u00edci a studenti<\/h3>\n\n\n\n<p class=\"\">Je ide\u00e1ln\u00ed pro rychl\u00e9 a p\u0159esn\u00e9 vytv\u00e1\u0159en\u00ed dokument\u016f, po\u0159izov\u00e1n\u00ed pozn\u00e1mek a p\u0159episov\u00e1n\u00ed sch\u016fzek nebo p\u0159edn\u00e1\u0161ek.<\/p>\n\n\n\n<h3 class=\"wp-block-heading\">Tv\u016frci obsahu<\/h3>\n\n\n\n<p class=\"\">Zvy\u0161uje efektivitu tvorby obsahu t\u00edm, \u017ee p\u0159ev\u00e1d\u00ed mluven\u00e9 my\u0161lenky na text, \u010d\u00edm\u017e \u0161et\u0159\u00ed \u010das a \u00fasil\u00ed.<\/p>\n\n\n\n<h3 class=\"wp-block-heading\">V\u00edcejazy\u010dn\u00ed u\u017eivatel\u00e9<\/h3>\n\n\n\n<p class=\"\">Pom\u00e1h\u00e1 u\u017eivatel\u016fm, kte\u0159\u00ed pot\u0159ebuj\u00ed p\u0159episovat \u0159e\u010d v r\u016fzn\u00fdch jazyc\u00edch, a usnad\u0148uje tak komunikaci a dokumentaci p\u0159es jazykov\u00e9 bari\u00e9ry.<\/p>\n\n\n\n<h2 class=\"wp-block-heading\">Jak pou\u017e\u00edvat p\u0159evod \u0159e\u010di na text<\/h2>\n\n\n\n<h3 class=\"wp-block-heading\">Pokyny krok za krokem<\/h3>\n\n\n\n<ol class=\"wp-block-list\">\n<li class=\"\"><strong>V\u00fdb\u011br n\u00e1stroje<\/strong>: Vyberte si spolehliv\u00fd n\u00e1stroj pro p\u0159evod \u0159e\u010di na text, jako je nap\u0159. <a href=\"https:\/\/aiartfree.online\/cs\/prevod-reci-na-text\/\">aiartfree.online<\/a>.<\/li>\n\n\n\n<li class=\"\"><strong>Otev\u0159en\u00ed aplikace<\/strong>: P\u0159\u00edstup k webov\u00e9 aplikaci v za\u0159\u00edzen\u00ed.<\/li>\n\n\n\n<li class=\"\"><strong>Klepn\u011bte na mikrofon<\/strong>: Povolte mikrofon pro zah\u00e1jen\u00ed nahr\u00e1v\u00e1n\u00ed.<\/li>\n\n\n\n<li class=\"\"><strong>Mluvte srozumiteln\u011b<\/strong>: Dbejte na to, abyste mluvili z\u0159eteln\u011b a vyh\u00fdbali se hluku v pozad\u00ed.<\/li>\n\n\n\n<li class=\"\"><strong>Upravit a ulo\u017eit<\/strong>: Zkontrolujte spr\u00e1vnost p\u0159episu, prove\u010fte pot\u0159ebn\u00e9 \u00fapravy a dokument ulo\u017ete.<\/li>\n<\/ol>\n\n\n\n<h2 class=\"wp-block-heading\">P\u0159\u00edpady pou\u017eit\u00ed p\u0159evodu \u0159e\u010di na text<\/h2>\n\n\n\n<h3 class=\"wp-block-heading\">Akademick\u00fd p\u0159epis<\/h3>\n\n\n\n<p class=\"\">Studenti a pedagogov\u00e9 si mohou p\u0159episovat p\u0159edn\u00e1\u0161ky a v\u00fdzkumn\u00e9 rozhovory pro snadn\u00e9 vyhled\u00e1v\u00e1n\u00ed a studium.<\/p>\n\n\n\n<h3 class=\"wp-block-heading\">Obchodn\u00ed sch\u016fzky<\/h3>\n\n\n\n<p class=\"\">Profesion\u00e1lov\u00e9 mohou p\u0159episovat sch\u016fzky, brainstormingy a konference pro p\u0159esn\u00e9 veden\u00ed z\u00e1znam\u016f a sd\u00edlen\u00ed.<\/p>\n\n\n\n<h3 class=\"wp-block-heading\">Tvorba obsahu<\/h3>\n\n\n\n<p class=\"\">Spisovatel\u00e9 a bloge\u0159i mohou diktovat sv\u00e9 n\u00e1pady a obsah, co\u017e urychluje proces psan\u00ed.<\/p>\n\n\n\n<h3 class=\"wp-block-heading\">P\u0159\u00edstupnost<\/h3>\n\n\n\n<p class=\"\">Osoby se zdravotn\u00edm posti\u017een\u00edm mohou pou\u017e\u00edvat p\u0159evod \u0159e\u010di na text pro snadn\u011bj\u0161\u00ed interakci s technologiemi a vytv\u00e1\u0159en\u00ed dokument\u016f bez psan\u00ed.<\/p>\n\n\n\n<h3 class=\"wp-block-heading\">Z\u00e1kaznick\u00fd servis<\/h3>\n\n\n\n<p class=\"\">Podniky mohou p\u0159episovat hovory z\u00e1kazn\u00edk\u016f pro \u00fa\u010dely kontroly kvality a \u0161kolen\u00ed.<\/p>\n\n\n\n<h2 class=\"wp-block-heading\">10 nejlep\u0161\u00edch n\u00e1stroj\u016f a informac\u00ed<\/h2>\n\n\n\n<figure class=\"wp-block-table\"><table class=\"has-fixed-layout\"><thead><tr><th>N\u00e1stroj \/ webov\u00e1 str\u00e1nka<\/th><th>Funkce<\/th><th>V\u00fdhody<\/th><th>V\u00fdzvy<\/th><th>Doporu\u010den\u00ed<\/th><\/tr><\/thead><tbody><tr><td><a>Hlasov\u00e9 psan\u00ed v Dokumentech Google<\/a><\/td><td>Integrace s Dokumenty Google, p\u0159epis v re\u00e1ln\u00e9m \u010dase<\/td><td>Snadn\u00e9 pou\u017eit\u00ed, bez nutnosti registrace<\/td><td>Vy\u017eaduje p\u0159ipojen\u00ed k internetu<\/td><td>Ide\u00e1ln\u00ed pro u\u017eivatele slu\u017eby Disk Google<\/td><\/tr><tr><td><a href=\"https:\/\/otter.ai\/\" target=\"_blank\" rel=\"noopener\">Otter.ai<\/a><\/td><td>Pokro\u010dil\u00e1 um\u011bl\u00e1 inteligence, p\u0159epis v re\u00e1ln\u00e9m \u010dase<\/td><td>Podpora v\u00edce jazyk\u016f, funkce pro spolupr\u00e1ci<\/td><td>Omezen\u00e1 bezplatn\u00e1 verze<\/td><td>Nejlep\u0161\u00ed pro t\u00fdmovou spolupr\u00e1ci<\/td><\/tr><tr><td><a href=\"https:\/\/www.rev.com\/\" target=\"_blank\" rel=\"noopener\">Rev.com<\/a><\/td><td>Slu\u017eby p\u0159episu lid\u00ed<\/td><td>Vysok\u00e1 p\u0159esnost, rychl\u00e9 zpracov\u00e1n\u00ed<\/td><td>Placen\u00e1 slu\u017eba<\/td><td>Vhodn\u00e9 pro vysoce kvalitn\u00ed p\u0159episy<\/td><\/tr><tr><td><a href=\"https:\/\/www.temi.com\/\" target=\"_blank\" rel=\"noopener\">Temi.com<\/a><\/td><td>Automatizovan\u00fd p\u0159epis<\/td><td>Cenov\u011b dostupn\u00e9, rychl\u00e9<\/td><td>Ni\u017e\u0161\u00ed p\u0159esnost ne\u017e u slu\u017eeb pro lidi<\/td><td>Vhodn\u00e9 pro rychl\u00e9 a levn\u00e9 p\u0159episy<\/td><\/tr><tr><td><a href=\"https:\/\/www.descript.com\/\" target=\"_blank\" rel=\"noopener\">Popis<\/a><\/td><td>P\u0159epis zvuku a videa, edita\u010dn\u00ed funkce<\/td><td>Integruje se s edita\u010dn\u00edm softwarem, p\u0159esn\u00e9<\/td><td>Vy\u017eaduje p\u0159edplatn\u00e9<\/td><td>Skv\u011bl\u00e9 pro podcastery a editory videa<\/td><\/tr><tr><td><a href=\"https:\/\/www.trint.com\/\" target=\"_blank\" rel=\"noopener\">Trint<\/a><\/td><td>AI p\u0159epis, edita\u010dn\u00ed n\u00e1stroje<\/td><td>Vysok\u00e1 p\u0159esnost, snadn\u00e9 pou\u017eit\u00ed<\/td><td>Omezen\u00e1 bezplatn\u00e1 verze<\/td><td>Nejlep\u0161\u00ed pro novin\u00e1\u0159e a v\u00fdzkumn\u00e9 pracovn\u00edky<\/td><\/tr><tr><td><a href=\"https:\/\/sonix.ai\/\" target=\"_blank\" rel=\"noopener\">Sonix.ai<\/a><\/td><td>Automatick\u00fd p\u0159epis, podpora v\u00edce jazyk\u016f<\/td><td>P\u0159esn\u00e9, rychl\u00e9<\/td><td>Vy\u017eaduje se p\u0159edplatn\u00e9<\/td><td>Ide\u00e1ln\u00ed pro v\u00edcejazy\u010dn\u00e9 u\u017eivatele<\/td><\/tr><tr><td><a href=\"https:\/\/www.speechtexter.com\/\" target=\"_blank\" rel=\"noopener\">SpeechTexter<\/a><\/td><td>P\u0159epis v re\u00e1ln\u00e9m \u010dase, podpora mnoha jazyk\u016f<\/td><td>Zdarma, bez nutnosti registrace<\/td><td>Pot\u0159ebn\u00e9 p\u0159ipojen\u00ed k internetu<\/td><td>Nejlep\u0161\u00ed pro p\u0159\u00edle\u017eitostn\u00e9 u\u017eivatele<\/td><\/tr><tr><td><a>Nuance Dragon<\/a><\/td><td>Profesion\u00e1ln\u00ed p\u0159episovac\u00ed software<\/td><td>Vysoce p\u0159esn\u00e9, p\u0159izp\u016fsobiteln\u00e9<\/td><td>Drah\u00e9<\/td><td>Vhodn\u00e9 pro profesion\u00e1ln\u00ed pou\u017eit\u00ed<\/td><\/tr><tr><td><a href=\"https:\/\/azure.microsoft.com\/en-us\/services\/cognitive-services\/speech-to-text\/\" target=\"_blank\" rel=\"noopener\">\u0158e\u010d v Microsoft Azure<\/a><\/td><td>\u0160k\u00e1lovateln\u00fd cloud<\/td><td>Vysok\u00e1 p\u0159esnost, integrace s dal\u0161\u00edmi slu\u017ebami Microsoft<\/td><td>Vy\u017eaduje technick\u00e9 znalosti<\/td><td>Nejlep\u0161\u00ed pro podnikov\u00e1 \u0159e\u0161en\u00ed<\/td><\/tr><\/tbody><\/table><\/figure>\n\n\n\n<h2 class=\"wp-block-heading\">V\u00fdhody a nev\u00fdhody odv\u011btv\u00ed<\/h2>\n\n\n\n<h3 class=\"wp-block-heading\">Klady<\/h3>\n\n\n\n<ul class=\"wp-block-list\">\n<li class=\"\"><strong>\u00da\u010dinnost<\/strong>: Urychluje proces p\u0159episu.<\/li>\n\n\n\n<li class=\"\"><strong>P\u0159\u00edstupnost<\/strong>: Zp\u0159\u00edstup\u0148uje technologie osob\u00e1m se zdravotn\u00edm posti\u017een\u00edm.<\/li>\n\n\n\n<li class=\"\"><strong>V\u00edcejazy\u010dn\u00e1 podpora<\/strong>: Usnad\u0148uje komunikaci ve v\u00edce jazyc\u00edch.<\/li>\n<\/ul>\n\n\n\n<h3 class=\"wp-block-heading\">Nev\u00fdhody<\/h3>\n\n\n\n<ul class=\"wp-block-list\">\n<li class=\"\"><strong>P\u0159esnost<\/strong>: M\u016f\u017ee m\u00edt probl\u00e9my s p\u0159\u00edzvukem a \u0161umem v pozad\u00ed.<\/li>\n\n\n\n<li class=\"\"><strong>Ochrana osobn\u00edch \u00fadaj\u016f<\/strong>: Obavy o bezpe\u010dnost p\u0159episovan\u00fdch \u00fadaj\u016f.<\/li>\n\n\n\n<li class=\"\"><strong>N\u00e1klady<\/strong>: N\u011bkter\u00e9 vysoce kvalitn\u00ed n\u00e1stroje vy\u017eaduj\u00ed p\u0159edplatn\u00e9 nebo poplatky.<\/li>\n<\/ul>\n\n\n\n<h2 class=\"wp-block-heading\">\u010cASTO KLADEN\u00c9 DOTAZY<\/h2>\n\n\n\n<h3 class=\"wp-block-heading\">Jak\u00fd je nejlep\u0161\u00ed bezplatn\u00fd n\u00e1stroj pro p\u0159evod \u0159e\u010di na text?<\/h3>\n\n\n\n<p class=\"\">Nejlep\u0161\u00ed bezplatn\u00fd n\u00e1stroj je <a>Hlasov\u00e9 psan\u00ed v Dokumentech Google<\/a>, kter\u00fd nab\u00edz\u00ed snadnou integraci a nevy\u017eaduje registraci.<\/p>\n\n\n\n<h3 class=\"wp-block-heading\">Jak p\u0159esn\u00fd je software pro p\u0159evod \u0159e\u010di na text?<\/h3>\n\n\n\n<p class=\"\">P\u0159esnost se li\u0161\u00ed podle n\u00e1stroje, ale pokro\u010dil\u00e9 modely um\u011bl\u00e9 inteligence, kter\u00e9 pou\u017e\u00edvaj\u00ed nap\u0159\u00edklad spole\u010dnosti Otter.ai a Rev.com, nab\u00edzej\u00ed vysokou p\u0159esnost.<\/p>\n\n\n\n<h3 class=\"wp-block-heading\">Zvl\u00e1dne p\u0159evod \u0159e\u010di na text v\u00edce jazyk\u016f?<\/h3>\n\n\n\n<p class=\"\">Ano, mnoho n\u00e1stroj\u016f podporuje v\u00edce jazyk\u016f, v\u010detn\u011b Otter.ai a Sonix.ai.<\/p>\n\n\n\n<h3 class=\"wp-block-heading\">Je p\u0159evod \u0159e\u010di na text bezpe\u010dn\u00fd?<\/h3>\n\n\n\n<p class=\"\">V\u011bt\u0161ina renomovan\u00fdch n\u00e1stroj\u016f m\u00e1 siln\u00e1 bezpe\u010dnostn\u00ed opat\u0159en\u00ed, ale v\u017edy si p\u0159e\u010dt\u011bte jejich z\u00e1sady ochrany osobn\u00edch \u00fadaj\u016f.<\/p>\n\n\n\n<h3 class=\"wp-block-heading\">Mohu pou\u017e\u00edvat p\u0159evod \u0159e\u010di na text offline?<\/h3>\n\n\n\n<p class=\"\">N\u011bkter\u00e9 n\u00e1stroje nab\u00edzej\u00ed offline funkce, ale v\u011bt\u0161ina z nich vy\u017eaduje p\u0159ipojen\u00ed k internetu pro zpracov\u00e1n\u00ed v re\u00e1ln\u00e9m \u010dase.<\/p>\n\n\n\n<h3 class=\"wp-block-heading\">Jak mohu zlep\u0161it p\u0159esnost p\u0159episu?<\/h3>\n\n\n\n<p class=\"\">Mluvte z\u0159eteln\u011b, minimalizujte hluk v pozad\u00ed a pou\u017e\u00edvejte kvalitn\u00ed mikrofon.<\/p>\n\n\n\n<h3 class=\"wp-block-heading\">Existuj\u00ed aplikace pro p\u0159evod \u0159e\u010di na text pro mobiln\u00ed za\u0159\u00edzen\u00ed?<\/h3>\n\n\n\n<p class=\"\">Ano, mnoho n\u00e1stroj\u016f, jako nap\u0159\u00edklad Google Docs Voice Typing a Otter.ai, nab\u00edz\u00ed mobiln\u00ed aplikace.<\/p>\n\n\n\n<h3 class=\"wp-block-heading\">Mohu p\u0159epsan\u00fd text upravovat?<\/h3>\n\n\n\n<p class=\"\">Ano, v\u011bt\u0161ina n\u00e1stroj\u016f umo\u017e\u0148uje upravit p\u0159epis tak, aby byl p\u0159esn\u00fd.<\/p>\n\n\n\n<h3 class=\"wp-block-heading\">Jak\u00e9 jsou hlavn\u00ed zp\u016fsoby pou\u017eit\u00ed p\u0159evodu \u0159e\u010di na text?<\/h3>\n\n\n\n<p class=\"\">B\u011b\u017en\u011b se pou\u017e\u00edvaj\u00ed pro p\u0159epis akademick\u00fdch text\u016f, obchodn\u00ed sch\u016fzky, tvorbu obsahu, p\u0159\u00edstupnost a z\u00e1kaznick\u00fd servis.<\/p>\n\n\n\n<h3 class=\"wp-block-heading\">Jak integrovat p\u0159evod \u0159e\u010di na text s jin\u00fdmi n\u00e1stroji?<\/h3>\n\n\n\n<p class=\"\">Mnoho n\u00e1stroj\u016f nab\u00edz\u00ed integraci s platformami, jako je Disk Google, Microsoft Office a r\u016fzn\u00fd edita\u010dn\u00ed software.<\/p>\n\n\n\n<h2 class=\"wp-block-heading\">Souhrn<\/h2>\n\n\n\n<p class=\"\">Technologie p\u0159evodu \u0159e\u010di na text nab\u00edz\u00ed \u0159adu v\u00fdhod, v\u010detn\u011b vy\u0161\u0161\u00ed efektivity, lep\u0161\u00ed p\u0159\u00edstupnosti a v\u0161estrann\u00e9 jazykov\u00e9 podpory. N\u00e1stroje jako nap\u0159. <a href=\"https:\/\/aiartfree.online\/cs\/prevod-reci-na-text\/\">aiartfree.online<\/a> a Google Docs Voice Typing poskytuj\u00ed spolehliv\u00e9 a u\u017eivatelsky p\u0159\u00edv\u011btiv\u00e9 mo\u017enosti. A\u0165 u\u017e se jedn\u00e1 o profesion\u00e1ln\u00ed, akademick\u00e9 nebo osobn\u00ed pou\u017eit\u00ed, pou\u017e\u00edv\u00e1n\u00ed p\u0159evodu \u0159e\u010di na text m\u016f\u017ee zefektivnit \u00fakoly a zv\u00fd\u0161it produktivitu. Vyzkou\u0161ejte tyto n\u00e1stroje je\u0161t\u011b dnes a vyzkou\u0161ejte si snadnost p\u0159evodu mluven\u00fdch slov na psan\u00fd text!<\/p>","protected":false},"excerpt":{"rendered":"<p>How to use the Speech to Text * Record is currently not available *\u00a0Depending on your internet speed, loading the model may take up to 10 seconds \u2193 The Ultimate Guide to Speech to Text Summary Outline This article provides a comprehensive overview of speech-to-text technology, including its definition, advantages, main features, target audience, and &#8230; <a title=\"P\u0159evod \u0159e\u010di na text\" class=\"read-more\" href=\"https:\/\/aiartfree.online\/cs\/prevod-reci-na-text\/\" aria-label=\"Read more about Speech to Text\">\u010c\u00edst d\u00e1l<\/a><\/p>","protected":false},"author":1,"featured_media":3418,"parent":0,"menu_order":0,"comment_status":"closed","ping_status":"closed","template":"","meta":{"nf_dc_page":"","footnotes":""},"class_list":["post-3412","page","type-page","status-publish","has-post-thumbnail"],"jetpack_sharing_enabled":true,"_links":{"self":[{"href":"https:\/\/aiartfree.online\/cs\/wp-json\/wp\/v2\/pages\/3412","targetHints":{"allow":["GET"]}}],"collection":[{"href":"https:\/\/aiartfree.online\/cs\/wp-json\/wp\/v2\/pages"}],"about":[{"href":"https:\/\/aiartfree.online\/cs\/wp-json\/wp\/v2\/types\/page"}],"author":[{"embeddable":true,"href":"https:\/\/aiartfree.online\/cs\/wp-json\/wp\/v2\/users\/1"}],"replies":[{"embeddable":true,"href":"https:\/\/aiartfree.online\/cs\/wp-json\/wp\/v2\/comments?post=3412"}],"version-history":[{"count":0,"href":"https:\/\/aiartfree.online\/cs\/wp-json\/wp\/v2\/pages\/3412\/revisions"}],"wp:featuredmedia":[{"embeddable":true,"href":"https:\/\/aiartfree.online\/cs\/wp-json\/wp\/v2\/media\/3418"}],"wp:attachment":[{"href":"https:\/\/aiartfree.online\/cs\/wp-json\/wp\/v2\/media?parent=3412"}],"curies":[{"name":"wp","href":"https:\/\/api.w.org\/{rel}","templated":true}]}}