{"id":3398,"date":"2024-07-31T13:58:25","date_gmt":"2024-07-31T13:58:25","guid":{"rendered":"https:\/\/aiartfree.online\/?page_id=3398"},"modified":"2024-08-01T11:24:34","modified_gmt":"2024-08-01T11:24:34","slug":"drawing-ideas","status":"publish","type":"page","link":"https:\/\/aiartfree.online\/cs\/obrazek-na-nacrtek\/","title":{"rendered":"N\u00e1pady na kreslen\u00ed | Obr\u00e1zek do n\u00e1\u010drtku"},"content":{"rendered":"<h2 class=\"wp-block-heading has-text-align-center\">P\u0159ed vs. po<\/h2>\n\n\n\n<figure class=\"gb-block-image gb-block-image-1822da1f\"><img data-recalc-dims=\"1\" decoding=\"async\" loading=\"lazy\" width=\"300\" height=\"300\" class=\"gb-image gb-image-1822da1f\" src=\"https:\/\/i0.wp.com\/aiartfree.online\/wp-content\/uploads\/2024\/07\/WX20240719-141958%402x.jpg?resize=300%2C300&#038;ssl=1\" alt=\"N\u00e1pady na kreslen\u00ed | Obr\u00e1zek do n\u00e1\u010drtku\" title=\"WX20240719-141958@2x\" srcset=\"https:\/\/i0.wp.com\/aiartfree.online\/wp-content\/uploads\/2024\/07\/WX20240719-141958%402x.jpg?resize=300%2C300&amp;ssl=1 300w, https:\/\/i0.wp.com\/aiartfree.online\/wp-content\/uploads\/2024\/07\/WX20240719-141958%402x.jpg?resize=1024%2C1024&amp;ssl=1 1024w, https:\/\/i0.wp.com\/aiartfree.online\/wp-content\/uploads\/2024\/07\/WX20240719-141958%402x.jpg?resize=150%2C150&amp;ssl=1 150w, https:\/\/i0.wp.com\/aiartfree.online\/wp-content\/uploads\/2024\/07\/WX20240719-141958%402x.jpg?resize=768%2C768&amp;ssl=1 768w, https:\/\/i0.wp.com\/aiartfree.online\/wp-content\/uploads\/2024\/07\/WX20240719-141958%402x.jpg?resize=12%2C12&amp;ssl=1 12w, https:\/\/i0.wp.com\/aiartfree.online\/wp-content\/uploads\/2024\/07\/WX20240719-141958%402x.jpg?resize=600%2C600&amp;ssl=1 600w, https:\/\/i0.wp.com\/aiartfree.online\/wp-content\/uploads\/2024\/07\/WX20240719-141958%402x.jpg?resize=100%2C100&amp;ssl=1 100w, https:\/\/i0.wp.com\/aiartfree.online\/wp-content\/uploads\/2024\/07\/WX20240719-141958%402x.jpg?w=1414&amp;ssl=1 1414w\" sizes=\"auto, (max-width: 300px) 100vw, 300px\" \/><\/figure>\n\n\n\n<h2 class=\"wp-block-heading\">Jak pou\u017e\u00edvat n\u00e1pady na kreslen\u00ed | Obr\u00e1zek ke skicov\u00e1n\u00ed<\/h2>\n\n\n\n<ol class=\"wp-block-list\">\n<li class=\"\">Upus\u0165te nebo nahrajte sv\u016fj obr\u00e1zek<\/li>\n\n\n\n<li class=\"\">Vyberte verzi, kter\u00e1 se v\u00e1m l\u00edb\u00ed<\/li>\n\n\n\n<li class=\"\">Klikn\u011bte na tla\u010d\u00edtko \"Odeslat\".<\/li>\n\n\n\n<li class=\"\">Po\u010dkat, to je ono!<\/li>\n<\/ol>\n\n\n\n<p class=\"\">* Pokud v\u00e1s nic nenapad\u00e1, m\u016f\u017eete si vyzkou\u0161et na\u0161e p\u0159\u00edklady n\u00ed\u017ee.<\/p>\n\n\n\n<p class=\"\"><em>* V z\u00e1vislosti na rychlosti va\u0161eho internetu m\u016f\u017ee na\u010dten\u00ed modelu trvat. <\/em>a\u017e 10 sekund \u2193<\/p>\n\n\n\n<div class=\"iframe-wrapper\" style=\"position: relative; width: 100%; height: 2000px;\">\n  <div class=\"loading\" style=\"position: absolute; top: 50px; left: 50%; transform: translate(-50%, -50%); width: 40px; height: 40px; border: 3px solid #f0f0f0; border-top: 3px solid #db7093; border-radius: 50%; animation: spin 1s linear infinite;\"><\/div>\n  <iframe loading=\"lazy\" src=\"https:\/\/awacke1-image-to-line-drawings.hf.space\" frameborder=\"0\" width=\"100%\" height=\"100%\" style=\"position: absolute; top: 0; left: 0; opacity: 0; transition: opacity 0.3s;\" onload=\"this.style.opacity=1;this.previousElementSibling.style.display='none';\"><\/iframe>\n<\/div>\n\n<style>\n@keyframes spin {\n  0% { transform: translate(-50%, -50%) rotate(0deg); }\n  100% { transform: translate(-50%, -50%) rotate(360deg); }\n}\n<\/style>\n\n\n\n<div style=\"height:60px\" aria-hidden=\"true\" class=\"wp-block-spacer\"><\/div>\n\n\n\n<h2 class=\"wp-block-heading\">N\u00e1pady na kreslen\u00ed a p\u0159evod obr\u00e1zku na skicu<\/h2>\n\n\n\n<h3 class=\"wp-block-heading\">N\u00e1\u010drt<\/h3>\n\n\n\n<p class=\"\">N\u00e1pady na kreslen\u00ed a p\u0159evod obr\u00e1zku na skicu jsou obl\u00edben\u00fdmi t\u00e9maty um\u011blc\u016f a nad\u0161enc\u016f. Tento \u010dl\u00e1nek se zab\u00fdv\u00e1 definicemi, v\u00fdhodami, hlavn\u00edmi rysy, vhodn\u00fdm publikem a pr\u016fmyslov\u00fdmi odv\u011btv\u00edmi. Poskytne tak\u00e9 n\u00e1vod krok za krokem, p\u0159\u00edpady pou\u017eit\u00ed a tabulku srovn\u00e1vaj\u00edc\u00ed 10 souvisej\u00edc\u00edch webov\u00fdch str\u00e1nek. Krom\u011b toho se bude zab\u00fdvat v\u00fdhodami a nev\u00fdhodami tohoto odv\u011btv\u00ed a odpov\u00ed na \u010dasto kladen\u00e9 ot\u00e1zky.<\/p>\n\n\n\n<h3 class=\"wp-block-heading\">Obsah<\/h3>\n\n\n\n<ol class=\"wp-block-list\">\n<li class=\"\"><a href=\"#what-is-drawing-ideas-and-image-to-sketch-conversion\">Co je konverze n\u00e1pad\u016f na kreslen\u00ed a obr\u00e1zk\u016f na n\u00e1\u010drtky?<\/a><\/li>\n\n\n\n<li class=\"\"><a href=\"#why-use-drawing-ideas-and-image-to-sketch-conversion\">Pro\u010d pou\u017e\u00edvat n\u00e1pady na kreslen\u00ed a p\u0159evod obr\u00e1zk\u016f na n\u00e1\u010drtky?<\/a><\/li>\n\n\n\n<li class=\"\"><a href=\"#main-features-of-drawing-ideas-and-image-to-sketch-conversion\">Hlavn\u00ed funkce p\u0159evodu n\u00e1pad\u016f na kreslen\u00ed a obr\u00e1zk\u016f na n\u00e1\u010drtky<\/a><\/li>\n\n\n\n<li class=\"\"><a href=\"#target-audience-and-uses\">C\u00edlov\u00e1 skupina a pou\u017eit\u00ed<\/a><\/li>\n\n\n\n<li class=\"\"><a href=\"#suitable-industries\">Vhodn\u00e1 odv\u011btv\u00ed<\/a><\/li>\n\n\n\n<li class=\"\"><a href=\"#how-to-use-drawing-ideas-and-image-to-sketch-conversion\">Jak pou\u017e\u00edvat n\u00e1pady na kreslen\u00ed a p\u0159evod obr\u00e1zk\u016f na n\u00e1\u010drtky<\/a><\/li>\n\n\n\n<li class=\"\"><a href=\"#use-cases\">P\u0159\u00edpady pou\u017eit\u00ed<\/a><\/li>\n\n\n\n<li class=\"\"><a href=\"#comparison-table-of-related-websites\">Srovn\u00e1vac\u00ed tabulka souvisej\u00edc\u00edch webov\u00fdch str\u00e1nek<\/a><\/li>\n\n\n\n<li class=\"\"><a href=\"#industry-pros-and-cons\">V\u00fdhody a nev\u00fdhody odv\u011btv\u00ed<\/a><\/li>\n\n\n\n<li class=\"\"><a href=\"#faq\">\u010cASTO KLADEN\u00c9 DOTAZY<\/a><\/li>\n\n\n\n<li class=\"\"><a href=\"#summary\">Souhrn<\/a><\/li>\n<\/ol>\n\n\n\n<h3 class=\"wp-block-heading\">Co je konverze n\u00e1pad\u016f na kreslen\u00ed a obr\u00e1zk\u016f na n\u00e1\u010drtky?<\/h3>\n\n\n\n<p class=\"\">Kresebn\u00e9 n\u00e1pady se vztahuj\u00ed k r\u016fzn\u00fdm koncept\u016fm a inspirac\u00edm, kter\u00e9 mohou um\u011blci vyu\u017e\u00edt p\u0159i tvorb\u011b um\u011bleck\u00fdch d\u011bl. P\u0159evod obr\u00e1zku na skicu je proces, p\u0159i kter\u00e9m se fotografie nebo digit\u00e1ln\u00ed obr\u00e1zek p\u0159em\u011bn\u00ed na skicu, obvykle pomoc\u00ed softwaru nebo online n\u00e1stroj\u016f.<\/p>\n\n\n\n<h3 class=\"wp-block-heading\">Pro\u010d pou\u017e\u00edvat n\u00e1pady na kreslen\u00ed a p\u0159evod obr\u00e1zk\u016f na n\u00e1\u010drtky?<\/h3>\n\n\n\n<p class=\"\"><strong>V\u00fdhody:<\/strong><\/p>\n\n\n\n<ul class=\"wp-block-list\">\n<li class=\"\"><strong>Inspirace:<\/strong> N\u00e1pady na kreslen\u00ed poskytuj\u00ed nekone\u010dn\u00e9 mo\u017enosti kreativity.<\/li>\n\n\n\n<li class=\"\"><strong>Pohodl\u00ed:<\/strong> N\u00e1stroje pro p\u0159evod obr\u00e1zk\u016f na n\u00e1\u010drtky zjednodu\u0161uj\u00ed um\u011bleck\u00fd proces.<\/li>\n\n\n\n<li class=\"\"><strong>P\u0159\u00edstupnost:<\/strong> Mnoho n\u00e1stroj\u016f je k dispozici online, \u010dasto zdarma.<\/li>\n\n\n\n<li class=\"\"><strong>Kvalita:<\/strong> Kvalitn\u00ed n\u00e1\u010drty lze vytvo\u0159it i bez pokro\u010dil\u00fdch dovednost\u00ed.<\/li>\n<\/ul>\n\n\n\n<p class=\"\"><strong>Spole\u010dn\u00e1 vyhled\u00e1v\u00e1n\u00ed:<\/strong><\/p>\n\n\n\n<ul class=\"wp-block-list\">\n<li class=\"\">Jak kreslit n\u00e1pady<\/li>\n\n\n\n<li class=\"\">Co nakreslit 100 n\u00e1pad\u016f<\/li>\n\n\n\n<li class=\"\">N\u00e1pady na snadn\u00e9 kreslen\u00ed<\/li>\n<\/ul>\n\n\n\n<h3 class=\"wp-block-heading\">Hlavn\u00ed funkce p\u0159evodu n\u00e1pad\u016f na kreslen\u00ed a obr\u00e1zk\u016f na n\u00e1\u010drtky<\/h3>\n\n\n\n<h4 class=\"wp-block-heading\">1. <strong>Rozmanitost n\u00e1pad\u016f<\/strong><\/h4>\n\n\n\n<p class=\"\">\u010cetn\u00e9 n\u00e1pady na kreslen\u00ed sahaj\u00ed od jednoduch\u00fdch a\u017e po slo\u017eit\u00e9 koncepty.<\/p>\n\n\n\n<h4 class=\"wp-block-heading\">2. <strong>N\u00e1stroje pro p\u0159evod obr\u00e1zk\u016f na n\u00e1\u010drtky<\/strong><\/h4>\n\n\n\n<p class=\"\">Online n\u00e1stroje dok\u00e1\u017e\u00ed bez n\u00e1mahy p\u0159ev\u00e9st fotografie na n\u00e1\u010drty.<\/p>\n\n\n\n<h4 class=\"wp-block-heading\">3. <strong>P\u0159izp\u016fsoben\u00ed<\/strong><\/h4>\n\n\n\n<p class=\"\">Mo\u017enosti \u00fapravy styl\u016f a detail\u016f n\u00e1\u010drt\u016f.<\/p>\n\n\n\n<h4 class=\"wp-block-heading\">4. <strong>Registrace nen\u00ed nutn\u00e1<\/strong><\/h4>\n\n\n\n<p class=\"\">Mnoho n\u00e1stroj\u016f nab\u00edz\u00ed 100% zdarma a neomezen\u00e9 pou\u017eit\u00ed bez registrace.<\/p>\n\n\n\n<h4 class=\"wp-block-heading\">5. <strong>Integrace um\u011bl\u00e9 inteligence<\/strong><\/h4>\n\n\n\n<p class=\"\">Pokro\u010dil\u00e9 n\u00e1stroje vyu\u017e\u00edvaj\u00ed um\u011blou inteligenci pro vy\u0161\u0161\u00ed p\u0159esnost a kvalitu.<\/p>\n\n\n\n<h3 class=\"wp-block-heading\">C\u00edlov\u00e1 skupina a pou\u017eit\u00ed<\/h3>\n\n\n\n<p class=\"\"><strong>Publikum:<\/strong><\/p>\n\n\n\n<ul class=\"wp-block-list\">\n<li class=\"\"><strong>Um\u011blci:<\/strong> Amat\u00e9rsk\u00e9 i profesion\u00e1ln\u00ed.<\/li>\n\n\n\n<li class=\"\"><strong>N\u00e1vrh\u00e1\u0159i:<\/strong> Grafi\u010dt\u00ed a webov\u00ed design\u00e9\u0159i.<\/li>\n\n\n\n<li class=\"\"><strong>Hobbyist\u00e9:<\/strong> V\u0161ichni z\u00e1jemci o kreslen\u00ed a skicov\u00e1n\u00ed.<\/li>\n<\/ul>\n\n\n\n<p class=\"\"><strong>Pou\u017eit\u00ed:<\/strong><\/p>\n\n\n\n<ul class=\"wp-block-list\">\n<li class=\"\"><strong>Kreativn\u00ed projekty:<\/strong> Osobn\u00ed a profesion\u00e1ln\u00ed um\u011bleck\u00e9 projekty.<\/li>\n\n\n\n<li class=\"\"><strong>Vzd\u011bl\u00e1vac\u00ed \u00fa\u010dely:<\/strong> V\u00fduka a u\u010den\u00ed v\u00fdtvarn\u00fdch technik.<\/li>\n\n\n\n<li class=\"\"><strong>Design v\u00fdrobku:<\/strong> Vytv\u00e1\u0159en\u00ed koncep\u010dn\u00edch n\u00e1\u010drt\u016f produkt\u016f.<\/li>\n<\/ul>\n\n\n\n<h3 class=\"wp-block-heading\">Vhodn\u00e1 odv\u011btv\u00ed<\/h3>\n\n\n\n<ul class=\"wp-block-list\">\n<li class=\"\"><strong>Um\u011bn\u00ed a design:<\/strong> Zv\u00fd\u0161en\u00ed kreativity a produktivity.<\/li>\n\n\n\n<li class=\"\"><strong>Vzd\u011bl\u00e1n\u00ed:<\/strong> Poskytov\u00e1n\u00ed n\u00e1stroj\u016f pro um\u011bleck\u00e9 vzd\u011bl\u00e1v\u00e1n\u00ed.<\/li>\n\n\n\n<li class=\"\"><strong>Marketing:<\/strong> Vytv\u00e1\u0159en\u00ed jedine\u010dn\u00fdch vizu\u00e1l\u016f pro kampan\u011b.<\/li>\n\n\n\n<li class=\"\"><strong>Technologie:<\/strong> Integrace um\u011bl\u00e9 inteligence pro pokro\u010dil\u00e9 funkce.<\/li>\n<\/ul>\n\n\n\n<h3 class=\"wp-block-heading\">Jak pou\u017e\u00edvat n\u00e1pady na kreslen\u00ed a p\u0159evod obr\u00e1zk\u016f na n\u00e1\u010drtky<\/h3>\n\n\n\n<ol class=\"wp-block-list\">\n<li class=\"\"><strong>V\u00fdb\u011br n\u00e1stroje:<\/strong> Vyberte si spolehliv\u00fd online n\u00e1stroj, nap\u0159. <a href=\"https:\/\/aiartfree.online\/cs\/obrazek-na-nacrtek\/\">aiartfree.online\/drawing-ideas<\/a>.<\/li>\n\n\n\n<li class=\"\"><strong>Nahr\u00e1t obr\u00e1zek:<\/strong> Klepn\u011bte na mikrofon nebo nahrajte obr\u00e1zek.<\/li>\n\n\n\n<li class=\"\"><strong>P\u0159izp\u016fsobit nastaven\u00ed:<\/strong> Upravte styl a detaily n\u00e1\u010drtu.<\/li>\n\n\n\n<li class=\"\"><strong>P\u0159ev\u00e9st:<\/strong> Klepnut\u00edm na tla\u010d\u00edtko p\u0159evedete obr\u00e1zek na n\u00e1\u010drtek.<\/li>\n\n\n\n<li class=\"\"><strong>St\u00e1hnout:<\/strong> Ulo\u017ete n\u00e1\u010drt do za\u0159\u00edzen\u00ed.<\/li>\n<\/ol>\n\n\n\n<h3 class=\"wp-block-heading\">P\u0159\u00edpady pou\u017eit\u00ed<\/h3>\n\n\n\n<h4 class=\"wp-block-heading\">1. <strong>Osobn\u00ed projekty<\/strong><\/h4>\n\n\n\n<p class=\"\">Vytv\u00e1\u0159en\u00ed jedine\u010dn\u00fdch um\u011bleck\u00fdch d\u011bl pro dom\u00e1c\u00ed dekoraci.<\/p>\n\n\n\n<h4 class=\"wp-block-heading\">2. <strong>Vzd\u011bl\u00e1vac\u00ed n\u00e1stroje<\/strong><\/h4>\n\n\n\n<p class=\"\">Pou\u017e\u00edv\u00e1n\u00ed skic v hodin\u00e1ch v\u00fdtvarn\u00e9 v\u00fdchovy.<\/p>\n\n\n\n<h4 class=\"wp-block-heading\">3. <strong>Profesion\u00e1ln\u00ed design<\/strong><\/h4>\n\n\n\n<p class=\"\">Vytv\u00e1\u0159en\u00ed koncep\u010dn\u00edch n\u00e1\u010drt\u016f pro prezentace klient\u016fm.<\/p>\n\n\n\n<h3 class=\"wp-block-heading\">Srovn\u00e1vac\u00ed tabulka souvisej\u00edc\u00edch webov\u00fdch str\u00e1nek<\/h3>\n\n\n\n<figure class=\"wp-block-table\"><table class=\"has-fixed-layout\"><thead><tr><th>Webov\u00e9 str\u00e1nky<\/th><th>Zdarma<\/th><th>Nutn\u00e1 registrace<\/th><th>Kl\u00ed\u010dov\u00e9 vlastnosti<\/th><th>ADRESA URL<\/th><\/tr><\/thead><tbody><tr><td>aiartfree.online\/drawing-ideas<\/td><td>Ano<\/td><td>Ne<\/td><td>Integrace AI, neomezen\u00e1, n\u00e1stroj \u010d. 1<\/td><td><a href=\"https:\/\/aiartfree.online\/cs\/obrazek-na-nacrtek\/\">https:\/\/aiartfree.online\/drawing-ideas\/<\/a><\/td><\/tr><tr><td>Fotofunia<\/td><td>Ano<\/td><td>Ne<\/td><td>Z\u00e1bavn\u00e9 efekty, snadn\u00e9 pou\u017eit\u00ed<\/td><td><a href=\"https:\/\/photofunia.com\/\" target=\"_blank\" rel=\"noopener\">https:\/\/photofunia.com\/<\/a><\/td><\/tr><tr><td>BeFunky<\/td><td>Ano<\/td><td>Ne<\/td><td>Editor fotografi\u00ed, r\u016fzn\u00e9 skicovac\u00ed efekty<\/td><td><a href=\"https:\/\/www.befunky.com\/\" target=\"_blank\" rel=\"noopener\">https:\/\/www.befunky.com\/<\/a><\/td><\/tr><tr><td>LunaPic<\/td><td>Ano<\/td><td>Ne<\/td><td>Roz\u0161\u00ed\u0159en\u00e9 mo\u017enosti \u00faprav<\/td><td><a href=\"https:\/\/www.lunapic.com\/\" target=\"_blank\" rel=\"noopener\">https:\/\/www.lunapic.com\/<\/a><\/td><\/tr><tr><td>Fotor<\/td><td>Ano<\/td><td>Ne<\/td><td>Komplexn\u00ed edita\u010dn\u00ed n\u00e1stroje<\/td><td><a href=\"https:\/\/www.fotor.com\/\" target=\"_blank\" rel=\"noopener\">https:\/\/www.fotor.com\/<\/a><\/td><\/tr><tr><td>PicsArt<\/td><td>Ano<\/td><td>Ano<\/td><td>Funkce pro mobiln\u00ed za\u0159\u00edzen\u00ed, komunitn\u00ed funkce<\/td><td><a href=\"https:\/\/picsart.com\/\" target=\"_blank\" rel=\"noopener\">https:\/\/picsart.com\/<\/a><\/td><\/tr><tr><td>Snapstouch<\/td><td>Ano<\/td><td>Ne<\/td><td>Vyhrazen\u00e9 efekty skic<\/td><td><a href=\"https:\/\/www.snapstouch.com\/\" target=\"_blank\" rel=\"noopener\">https:\/\/www.snapstouch.com\/<\/a><\/td><\/tr><tr><td>Sketch My Pic<\/td><td>Ano<\/td><td>Ne<\/td><td>Jednoduch\u00e9, u\u017eivatelsky p\u0159\u00edv\u011btiv\u00e9 rozhran\u00ed<\/td><td><a href=\"https:\/\/www.sketchmypic.com\/\" target=\"_blank\" rel=\"noopener\">https:\/\/www.sketchmypic.com\/<\/a><\/td><\/tr><tr><td>Tuxpi<\/td><td>Ano<\/td><td>Ne<\/td><td>Rychl\u00e9 a snadn\u00e9 skicov\u00e1n\u00ed efekt\u016f<\/td><td><a href=\"https:\/\/www.tuxpi.com\/\" target=\"_blank\" rel=\"noopener\">https:\/\/www.tuxpi.com\/<\/a><\/td><\/tr><tr><td>Painnt<\/td><td>Ano<\/td><td>Ano<\/td><td>Um\u011bleck\u00e9 filtry, zalo\u017een\u00e9 na aplikaci<\/td><td><a href=\"https:\/\/www.painnt.com\/\" target=\"_blank\" rel=\"noopener\">https:\/\/www.painnt.com\/<\/a><\/td><\/tr><\/tbody><\/table><\/figure>\n\n\n\n<h3 class=\"wp-block-heading\">V\u00fdhody a nev\u00fdhody odv\u011btv\u00ed<\/h3>\n\n\n\n<p class=\"\"><strong>Klady:<\/strong><\/p>\n\n\n\n<ul class=\"wp-block-list\">\n<li class=\"\"><strong>P\u0159\u00edstupnost:<\/strong> Snadn\u00fd p\u0159\u00edstup k n\u00e1stroj\u016fm online.<\/li>\n\n\n\n<li class=\"\"><strong>Zv\u00fd\u0161en\u00ed kreativity:<\/strong> Zvy\u0161uje um\u011bleckou kreativitu.<\/li>\n\n\n\n<li class=\"\"><strong>N\u00e1kladov\u011b efektivn\u00ed:<\/strong> K dispozici je mnoho bezplatn\u00fdch mo\u017enost\u00ed.<\/li>\n<\/ul>\n\n\n\n<p class=\"\"><strong>Nev\u00fdhody:<\/strong><\/p>\n\n\n\n<ul class=\"wp-block-list\">\n<li class=\"\"><strong>Odchylka kvality:<\/strong> Kvalita jednotliv\u00fdch n\u00e1stroj\u016f se m\u016f\u017ee li\u0161it.<\/li>\n\n\n\n<li class=\"\"><strong>K\u0159ivka u\u010den\u00ed:<\/strong> N\u011bkter\u00e9 n\u00e1stroje mohou vy\u017eadovat u\u010den\u00ed.<\/li>\n\n\n\n<li class=\"\"><strong>Z\u00e1vislost na technologi\u00edch:<\/strong> Spol\u00e9h\u00e1n\u00ed se na digit\u00e1ln\u00ed n\u00e1stroje.<\/li>\n<\/ul>\n\n\n\n<h3 class=\"wp-block-heading\">\u010cASTO KLADEN\u00c9 DOTAZY<\/h3>\n\n\n\n<ol class=\"wp-block-list\">\n<li class=\"\"><strong>Jak kreslit n\u00e1pady?<\/strong> Prozkoumejte r\u016fzn\u00e1 t\u00e9mata, pou\u017e\u00edvejte odkazy a pravideln\u011b se procvi\u010dujte.<\/li>\n\n\n\n<li class=\"\"><strong>Co nakreslit 100 n\u00e1pad\u016f?<\/strong> Vyhledejte si podn\u011bty na internetu nebo pou\u017eijte gener\u00e1tory n\u00e1pad\u016f.<\/li>\n\n\n\n<li class=\"\"><strong>Kv\u011btnov\u00e9 n\u00e1pady na kreslen\u00ed?<\/strong> Sez\u00f3nn\u00ed t\u00e9mata, jako je jaro nebo ur\u010dit\u00e9 m\u011bs\u00edce.<\/li>\n\n\n\n<li class=\"\"><strong>Jak z\u00edskat n\u00e1pady na kreslen\u00ed?<\/strong> Pozorujte okol\u00ed, vyu\u017e\u00edvejte p\u0159edstavivost a zkoumejte um\u011bleck\u00e9 komunity.<\/li>\n\n\n\n<li class=\"\"><strong>Jak p\u0159ev\u00e9st obr\u00e1zek na n\u00e1\u010drtek?<\/strong> Pou\u017eijte online n\u00e1stroje, jako je aiartfree.online.<\/li>\n\n\n\n<li class=\"\"><strong>Jak z obr\u00e1zku vytvo\u0159it n\u00e1\u010drtek?<\/strong> Nahrajte obr\u00e1zek do konverzn\u00edho n\u00e1stroje a pou\u017eijte efekty skicov\u00e1n\u00ed.<\/li>\n\n\n\n<li class=\"\"><strong>Jak zm\u011bnit obr\u00e1zek na skicu ve Photoshopu?<\/strong> Pou\u017e\u00edvejte filtry a vrstvy \u00faprav.<\/li>\n\n\n\n<li class=\"\"><strong>Jak p\u0159ev\u00e9st obr\u00e1zek na n\u00e1\u010drt?<\/strong> Postupujte podle pokyn\u016f n\u00e1stroje, kter\u00e9 obvykle zahrnuj\u00ed nahr\u00e1v\u00e1n\u00ed a konverzi.<\/li>\n\n\n\n<li class=\"\"><strong>Jak p\u0159ev\u00e9st obr\u00e1zek na skicu?<\/strong> Podobn\u00fd proces nap\u0159\u00ed\u010d r\u016fzn\u00fdmi n\u00e1stroji, \u010dasto poh\u00e1n\u011bn\u00fdmi um\u011blou inteligenc\u00ed.<\/li>\n\n\n\n<li class=\"\"><strong>Jak p\u0159ev\u00e9st obr\u00e1zek na skicu?<\/strong> Pou\u017eijte specializovan\u00fd software nebo online n\u00e1stroje.<\/li>\n<\/ol>\n\n\n\n<h3 class=\"wp-block-heading\">Souhrn<\/h3>\n\n\n\n<p class=\"\">N\u00e1stroje pro p\u0159evod obr\u00e1zk\u016f na n\u00e1\u010drty nab\u00edzej\u00ed \u0159adu v\u00fdhod, v\u010detn\u011b snadn\u00e9ho p\u0159\u00edstupu, v\u011bt\u0161\u00ed kreativity a hospod\u00e1rnosti. S n\u00e1stroji, jako je nap\u0159. <a href=\"https:\/\/aiartfree.online\/cs\/obrazek-na-nacrtek\/\">aiartfree.online\/drawing-ideas<\/a>, u\u017eivatel\u00e9 mohou vyu\u017e\u00edvat 100% zdarma, neomezen\u011b a bez registrace. Prozkoumejte tyto n\u00e1stroje a p\u0159em\u011b\u0148te sv\u00e9 fotografie na n\u00e1\u010drty bez n\u00e1mahy. Za\u010dn\u011bte tvo\u0159it je\u0161t\u011b dnes!<\/p>\n\n\n\n<p class=\"\"><\/p>","protected":false},"excerpt":{"rendered":"<p>Before vs After How to use the Drawing Ideas | Image to Sketch * Feel free to try our examples below if you don&#8217;t have any thoughts in your mind *&nbsp;Depending on your internet speed, loading the model may take up to 10 seconds \u2193 Drawing Ideas and Image to Sketch Conversion Outline Drawing ideas &#8230; <a title=\"N\u00e1pady na kreslen\u00ed | Obr\u00e1zek do n\u00e1\u010drtku\" class=\"read-more\" href=\"https:\/\/aiartfree.online\/cs\/obrazek-na-nacrtek\/\" aria-label=\"Read more about Drawing Ideas | Image to Sketch\">\u010c\u00edst d\u00e1l<\/a><\/p>","protected":false},"author":1,"featured_media":2966,"parent":0,"menu_order":0,"comment_status":"closed","ping_status":"closed","template":"","meta":{"nf_dc_page":"","footnotes":""},"class_list":["post-3398","page","type-page","status-publish","has-post-thumbnail"],"jetpack_sharing_enabled":true,"_links":{"self":[{"href":"https:\/\/aiartfree.online\/cs\/wp-json\/wp\/v2\/pages\/3398","targetHints":{"allow":["GET"]}}],"collection":[{"href":"https:\/\/aiartfree.online\/cs\/wp-json\/wp\/v2\/pages"}],"about":[{"href":"https:\/\/aiartfree.online\/cs\/wp-json\/wp\/v2\/types\/page"}],"author":[{"embeddable":true,"href":"https:\/\/aiartfree.online\/cs\/wp-json\/wp\/v2\/users\/1"}],"replies":[{"embeddable":true,"href":"https:\/\/aiartfree.online\/cs\/wp-json\/wp\/v2\/comments?post=3398"}],"version-history":[{"count":0,"href":"https:\/\/aiartfree.online\/cs\/wp-json\/wp\/v2\/pages\/3398\/revisions"}],"wp:featuredmedia":[{"embeddable":true,"href":"https:\/\/aiartfree.online\/cs\/wp-json\/wp\/v2\/media\/2966"}],"wp:attachment":[{"href":"https:\/\/aiartfree.online\/cs\/wp-json\/wp\/v2\/media?parent=3398"}],"curies":[{"name":"wp","href":"https:\/\/api.w.org\/{rel}","templated":true}]}}