{"id":3366,"date":"2024-07-31T07:54:51","date_gmt":"2024-07-31T07:54:51","guid":{"rendered":"https:\/\/aiartfree.online\/?page_id=3366"},"modified":"2024-08-02T10:41:37","modified_gmt":"2024-08-02T10:41:37","slug":"ai-background-generator","status":"publish","type":"page","link":"https:\/\/aiartfree.online\/cs\/generator-pozadi-ai\/","title":{"rendered":"Gener\u00e1tor pozad\u00ed AI"},"content":{"rendered":"<h2 class=\"wp-block-heading has-text-align-center\" id=\"before-vs-after\">P\u0159ed vs. po<\/h2>\n\n\n\n<figure class=\"gb-block-image gb-block-image-1822da1f\"><img data-recalc-dims=\"1\" decoding=\"async\" loading=\"lazy\" width=\"1200\" height=\"423\" class=\"gb-image gb-image-1822da1f\" src=\"https:\/\/i0.wp.com\/aiartfree.online\/wp-content\/uploads\/2024\/07\/WX20240731-145349%402x-scaled.webp?resize=1200%2C423&#038;ssl=1\" alt=\"AI Background Generator | Free Background Changer, Neomezen\u00e9\" title=\"WX20240731-145349@2x\" srcset=\"https:\/\/i0.wp.com\/aiartfree.online\/wp-content\/uploads\/2024\/07\/WX20240731-145349%402x-scaled.webp?w=2560&amp;ssl=1 2560w, https:\/\/i0.wp.com\/aiartfree.online\/wp-content\/uploads\/2024\/07\/WX20240731-145349%402x-scaled.webp?resize=300%2C106&amp;ssl=1 300w, https:\/\/i0.wp.com\/aiartfree.online\/wp-content\/uploads\/2024\/07\/WX20240731-145349%402x-scaled.webp?resize=1024%2C361&amp;ssl=1 1024w, https:\/\/i0.wp.com\/aiartfree.online\/wp-content\/uploads\/2024\/07\/WX20240731-145349%402x-scaled.webp?resize=768%2C271&amp;ssl=1 768w, https:\/\/i0.wp.com\/aiartfree.online\/wp-content\/uploads\/2024\/07\/WX20240731-145349%402x-scaled.webp?resize=1536%2C541&amp;ssl=1 1536w, https:\/\/i0.wp.com\/aiartfree.online\/wp-content\/uploads\/2024\/07\/WX20240731-145349%402x-scaled.webp?resize=2048%2C721&amp;ssl=1 2048w, https:\/\/i0.wp.com\/aiartfree.online\/wp-content\/uploads\/2024\/07\/WX20240731-145349%402x-scaled.webp?resize=18%2C6&amp;ssl=1 18w, https:\/\/i0.wp.com\/aiartfree.online\/wp-content\/uploads\/2024\/07\/WX20240731-145349%402x-scaled.webp?resize=600%2C211&amp;ssl=1 600w, https:\/\/i0.wp.com\/aiartfree.online\/wp-content\/uploads\/2024\/07\/WX20240731-145349%402x-scaled.webp?w=2400&amp;ssl=1 2400w\" sizes=\"auto, (max-width: 1200px) 100vw, 1200px\" \/><\/figure>\n\n\n\n<h2 class=\"wp-block-heading\" id=\"how-to-use-the-ai-background-generator\">Jak pou\u017e\u00edvat gener\u00e1tor pozad\u00ed AI<\/h2>\n\n\n\n<ol class=\"wp-block-list\">\n<li class=\"\">Upus\u0165te nebo nahrajte sv\u016fj obr\u00e1zek<\/li>\n\n\n\n<li class=\"\">Zadejte v\u00fdzvu (Vyberte <strong>Odstran\u011bn\u00ed pozad\u00ed<\/strong> pokud je v\u00e1\u0161 obr\u00e1zek s pozad\u00edm, abyste dos\u00e1hli lep\u0161\u00edho v\u00fdsledku).<\/li>\n\n\n\n<li class=\"\">Klikn\u011bte na tla\u010d\u00edtko \"Generovat\".<\/li>\n\n\n\n<li class=\"\">Po\u010dkat, to je ono!<\/li>\n<\/ol>\n\n\n\n<p class=\"\">* Pokud v\u00e1s nic nenapad\u00e1, m\u016f\u017eete si vyzkou\u0161et na\u0161e p\u0159\u00edklady n\u00ed\u017ee.<\/p>\n\n\n\n<p class=\"\"><em>* V z\u00e1vislosti na rychlosti va\u0161eho internetu m\u016f\u017ee na\u010d\u00edt\u00e1n\u00ed modelu trvat n\u011bkolik sekund.<br>* B\u011bhem nep\u0159etr\u017eit\u00e9ho generov\u00e1n\u00ed bude prob\u00edhat ukl\u00e1d\u00e1n\u00ed do mezipam\u011bti a nov\u00fd obr\u00e1zek se zobraz\u00ed p\u0159ibli\u017en\u011b po 3 sekund\u00e1ch.<\/em><\/p>\n\n\n<div class=\"gb-container gb-container-968be51b\">\n\n<div class=\"iframe-wrapper\" style=\"position: relative; width: 100%; height: 2650px;\">\n  <div class=\"loading\" style=\"position: absolute; top: 100px; left: 50%; transform: translate(-50%, -50%); width: 40px; height: 40px; border: 3px solid #f0f0f0; border-top: 3px solid #db7093; border-radius: 50%; animation: spin 1s linear infinite;\"><\/div>\n  <iframe loading=\"lazy\" src=\"https:\/\/fotographerai-fai-fuzer.hf.space\" frameborder=\"0\" width=\"100%\" height=\"100%\" style=\"position: absolute; top: 0; left: 0; opacity: 0; transition: opacity 0.3s;\" onload=\"this.style.opacity=1;this.previousElementSibling.style.display='none';\"><\/iframe>\n<\/div>\n\n<style>\n@keyframes spin {\n  0% { transform: translate(-50%, -50%) rotate(0deg); }\n  100% { transform: translate(-50%, -50%) rotate(360deg); }\n}\n<\/style>\n\n<\/div>\n\n\n<div style=\"height:100px\" aria-hidden=\"true\" class=\"wp-block-spacer\"><\/div>\n\n\n\n<h2 class=\"wp-block-heading\" id=\"ai-background-generator-revolutionizing-image-creation\">Gener\u00e1tor pozad\u00ed AI: Revoluce v tvorb\u011b obr\u00e1zk\u016f<\/h2>\n\n\n\n<p class=\"\">Tento \u010dl\u00e1nek se zab\u00fdv\u00e1 sv\u011btem gener\u00e1tor\u016f pozad\u00ed s um\u011blou inteligenc\u00ed, jejich v\u00fdhodami a t\u00edm, jak m\u011bn\u00ed digit\u00e1ln\u00ed zobrazov\u00e1n\u00ed. Probereme v\u0161e od z\u00e1kladn\u00edch pojm\u016f a\u017e po pokro\u010dil\u00e9 aplikace a pom\u016f\u017eeme v\u00e1m pochopit, pro\u010d se tento n\u00e1stroj st\u00e1v\u00e1 nepostradateln\u00fdm pro tv\u016frce i firmy.<\/p>\n\n\n\n<div class=\"wp-block-rank-math-toc-block\" id=\"rank-math-toc\"><h3>Obsah<\/h3><nav><ul><li><a href=\"#what-is-an-ai-background-generator\">Co je to gener\u00e1tor pozad\u00ed um\u011bl\u00e9 inteligence?<\/a><\/li><li><a href=\"#why-use-an-ai-background-generator\">Pro\u010d pou\u017e\u00edvat gener\u00e1tor pozad\u00ed AI?<\/a><\/li><li><a href=\"#main-features-of-ai-background-generators\">Hlavn\u00ed funkce gener\u00e1tor\u016f pozad\u00ed AI<\/a><ul><li><a href=\"#1-image-generation-from-text\">1. Generov\u00e1n\u00ed obr\u00e1zk\u016f z textu<\/a><\/li><li><a href=\"#2-style-transfer\">2. P\u0159enos stylu<\/a><\/li><li><a href=\"#3-background-removal-and-replacement\">3. Odstran\u011bn\u00ed a nahrazen\u00ed pozad\u00ed<\/a><\/li><li><a href=\"#4-resolution-enhancement\">4. Zlep\u0161en\u00ed rozli\u0161en\u00ed<\/a><\/li><\/ul><\/li><li><a href=\"#who-should-use-ai-background-generators\">Kdo by m\u011bl pou\u017e\u00edvat gener\u00e1tory pozad\u00ed s um\u011blou inteligenc\u00ed?<\/a><\/li><li><a href=\"#industries-benefiting-from-ai-background-generators\">Odv\u011btv\u00ed, kter\u00e1 vyu\u017e\u00edvaj\u00ed gener\u00e1tory pozad\u00ed s um\u011blou inteligenc\u00ed<\/a><\/li><li><a href=\"#how-to-use-an-ai-background-generator\">Jak pou\u017e\u00edvat gener\u00e1tor pozad\u00ed AI<\/a><\/li><li><a href=\"#use-cases-for-ai-background-generators\">P\u0159\u00edpady pou\u017eit\u00ed gener\u00e1tor\u016f pozad\u00ed s um\u011blou inteligenc\u00ed<\/a><ul><li><a href=\"#e-commerce-product-images\">Obr\u00e1zky produkt\u016f pro elektronick\u00e9 obchodov\u00e1n\u00ed<\/a><\/li><li><a href=\"#social-media-content\">Obsah soci\u00e1ln\u00edch m\u00e9di\u00ed<\/a><\/li><li><a href=\"#video-production\">V\u00fdroba videa<\/a><\/li><li><a href=\"#website-design\">Design webov\u00fdch str\u00e1nek<\/a><\/li><\/ul><\/li><li><a href=\"#10-ai-background-generator-tools-pros-cons-and-features\">10 N\u00e1stroje pro generov\u00e1n\u00ed pozad\u00ed AI: Pro, proti a funkce<\/a><\/li><li><a href=\"#advantages-challenges-and-recommendations-for-the-ai-background-generation-industry\">V\u00fdhody, v\u00fdzvy a doporu\u010den\u00ed pro pr\u016fmysl generov\u00e1n\u00ed kontextov\u00fdch informac\u00ed s um\u011blou inteligenc\u00ed<\/a><ul><li><a href=\"#advantages\">V\u00fdhody<\/a><\/li><li><a href=\"#challenges\">V\u00fdzvy<\/a><\/li><li><a href=\"#recommendations\">Doporu\u010den\u00ed<\/a><\/li><\/ul><\/li><li><a href=\"#faq\">\u010cASTO KLADEN\u00c9 DOTAZY<\/a><\/li><li><a href=\"#conclusion\">Z\u00e1v\u011br<\/a><\/li><\/ul><\/nav><\/div>\n\n\n\n<h3 class=\"wp-block-heading\" id=\"what-is-an-ai-background-generator\">Co je to gener\u00e1tor pozad\u00ed um\u011bl\u00e9 inteligence?<\/h3>\n\n\n\n<p class=\"\">Gener\u00e1tor pozad\u00ed s um\u011blou inteligenc\u00ed je \u0161pi\u010dkov\u00fd n\u00e1stroj, kter\u00fd vyu\u017e\u00edv\u00e1 um\u011blou inteligenci k vytv\u00e1\u0159en\u00ed \u00fa\u017easn\u00fdch a jedine\u010dn\u00fdch pozad\u00ed pro r\u016fzn\u00e9 digit\u00e1ln\u00ed projekty. Tato technologie \u010d. 1 umo\u017e\u0148uje u\u017eivatel\u016fm vytv\u00e1\u0159et vysoce kvalitn\u00ed obr\u00e1zky bez nutnosti rozs\u00e1hl\u00fdch grafick\u00fdch dovednost\u00ed nebo drah\u00e9ho softwaru.<\/p>\n\n\n\n<h3 class=\"wp-block-heading\" id=\"why-use-an-ai-background-generator\">Pro\u010d pou\u017e\u00edvat gener\u00e1tor pozad\u00ed AI?<\/h3>\n\n\n\n<p class=\"\">Pou\u017eit\u00ed gener\u00e1toru pozad\u00ed um\u011bl\u00e9 inteligence p\u0159in\u00e1\u0161\u00ed \u0159adu v\u00fdhod:<\/p>\n\n\n\n<ol class=\"wp-block-list\">\n<li class=\"\">\u00daspora \u010dasu: Generov\u00e1n\u00ed pozad\u00ed b\u011bhem n\u011bkolika sekund<\/li>\n\n\n\n<li class=\"\">N\u00e1kladov\u011b efektivn\u00ed: Mnoho mo\u017enost\u00ed je 100% zdarma a neomezen\u011b<\/li>\n\n\n\n<li class=\"\">V\u0161estrannost: Vytv\u00e1\u0159ejte pozad\u00ed pro r\u016fzn\u00e9 \u00fa\u010dely<\/li>\n\n\n\n<li class=\"\">Nejsou nutn\u00e9 \u017e\u00e1dn\u00e9 n\u00e1vrh\u00e1\u0159sk\u00e9 dovednosti: Um\u011bl\u00e1 inteligence se postar\u00e1 o t\u011b\u017ekou pr\u00e1ci<\/li>\n\n\n\n<li class=\"\">Mo\u017enost p\u0159izp\u016fsoben\u00ed: P\u0159izp\u016fsobte v\u00fdstupy sv\u00fdm specifick\u00fdm pot\u0159eb\u00e1m<\/li>\n<\/ol>\n\n\n\n<h3 class=\"wp-block-heading\" id=\"main-features-of-ai-background-generators\">Hlavn\u00ed funkce gener\u00e1tor\u016f pozad\u00ed AI<\/h3>\n\n\n\n<h4 class=\"wp-block-heading\" id=\"1-image-generation-from-text\">1. Generov\u00e1n\u00ed obr\u00e1zk\u016f z textu<\/h4>\n\n\n\n<p class=\"\">Gener\u00e1tory pozad\u00ed s um\u011blou inteligenc\u00ed mohou vytv\u00e1\u0159et obr\u00e1zky na z\u00e1klad\u011b textov\u00fdch popis\u016f, co\u017e umo\u017e\u0148uje vytv\u00e1\u0159et neuv\u011b\u0159iteln\u011b specifick\u00e9 a p\u0159izp\u016fsoben\u00e9 v\u00fdstupy.<\/p>\n\n\n\n<h4 class=\"wp-block-heading\" id=\"2-style-transfer\">2. P\u0159enos stylu<\/h4>\n\n\n\n<p class=\"\">Pou\u017eijte um\u011bleck\u00e9 styly na st\u00e1vaj\u00edc\u00ed obr\u00e1zky nebo generujte nov\u00e9 v ur\u010dit\u00fdch stylech, od fotorealistick\u00fdch po abstraktn\u00ed.<\/p>\n\n\n\n<h4 class=\"wp-block-heading\" id=\"3-background-removal-and-replacement\">3. Odstran\u011bn\u00ed a nahrazen\u00ed pozad\u00ed<\/h4>\n\n\n\n<p class=\"\">Snadno odstra\u0148te a zm\u011b\u0148te pozad\u00ed fotografi\u00ed, co\u017e je ide\u00e1ln\u00ed pro sn\u00edmky produkt\u016f nebo portr\u00e9ty.<\/p>\n\n\n\n<h4 class=\"wp-block-heading\" id=\"4-resolution-enhancement\">4. Zlep\u0161en\u00ed rozli\u0161en\u00ed<\/h4>\n\n\n\n<p class=\"\">Zv\u011bt\u0161ete m\u011b\u0159\u00edtko a zlep\u0161ete kvalitu st\u00e1vaj\u00edc\u00edch obr\u00e1zk\u016f nebo vytv\u00e1\u0159ejte pozad\u00ed s vysok\u00fdm rozli\u0161en\u00edm od za\u010d\u00e1tku.<\/p>\n\n\n\n<h3 class=\"wp-block-heading\" id=\"who-should-use-ai-background-generators\">Kdo by m\u011bl pou\u017e\u00edvat gener\u00e1tory pozad\u00ed s um\u011blou inteligenc\u00ed?<\/h3>\n\n\n\n<ul class=\"wp-block-list\">\n<li class=\"\">Grafi\u010dt\u00ed design\u00e9\u0159i<\/li>\n\n\n\n<li class=\"\">Obchodn\u00edci se soci\u00e1ln\u00edmi m\u00e9dii<\/li>\n\n\n\n<li class=\"\">Podniky elektronick\u00e9ho obchodov\u00e1n\u00ed<\/li>\n\n\n\n<li class=\"\">V\u00fdvoj\u00e1\u0159i her (nap\u0159. pro dnd gener\u00e1tor pozad\u00ed ai)<\/li>\n\n\n\n<li class=\"\">Tv\u016frci obsahu<\/li>\n\n\n\n<li class=\"\">Fotografov\u00e9<\/li>\n<\/ul>\n\n\n\n<h3 class=\"wp-block-heading\" id=\"industries-benefiting-from-ai-background-generators\">Odv\u011btv\u00ed, kter\u00e1 vyu\u017e\u00edvaj\u00ed gener\u00e1tory pozad\u00ed s um\u011blou inteligenc\u00ed<\/h3>\n\n\n\n<ul class=\"wp-block-list\">\n<li class=\"\">Reklama a marketing<\/li>\n\n\n\n<li class=\"\">E-commerce a produktov\u00e1 fotografie<\/li>\n\n\n\n<li class=\"\">Hry a z\u00e1bava<\/li>\n\n\n\n<li class=\"\">Nemovitosti<\/li>\n\n\n\n<li class=\"\">M\u00f3da a \u017eivotn\u00ed styl<\/li>\n\n\n\n<li class=\"\">Vzd\u011bl\u00e1v\u00e1n\u00ed a e-learning<\/li>\n<\/ul>\n\n\n\n<h3 class=\"wp-block-heading\" id=\"how-to-use-an-ai-background-generator\">Jak pou\u017e\u00edvat gener\u00e1tor pozad\u00ed AI<\/h3>\n\n\n\n<ol class=\"wp-block-list\">\n<li class=\"\">Vyberte si spolehliv\u00fd n\u00e1stroj pro generov\u00e1n\u00ed pozad\u00ed AI<\/li>\n\n\n\n<li class=\"\">Vyberte po\u017eadovanou funkci (nap\u0159. generov\u00e1n\u00ed nov\u00e9ho obr\u00e1zku, odstran\u011bn\u00ed pozad\u00ed).<\/li>\n\n\n\n<li class=\"\">Zadejte textov\u00fd popis nebo nahrajte obr\u00e1zek<\/li>\n\n\n\n<li class=\"\">Upravte nastaven\u00ed podle pot\u0159eby<\/li>\n\n\n\n<li class=\"\">Generov\u00e1n\u00ed pozad\u00ed<\/li>\n\n\n\n<li class=\"\">St\u00e1hn\u011bte si a pou\u017e\u00edvejte nov\u00e9 pozad\u00ed<\/li>\n<\/ol>\n\n\n\n<h3 class=\"wp-block-heading\" id=\"use-cases-for-ai-background-generators\">P\u0159\u00edpady pou\u017eit\u00ed gener\u00e1tor\u016f pozad\u00ed s um\u011blou inteligenc\u00ed<\/h3>\n\n\n\n<h4 class=\"wp-block-heading\" id=\"e-commerce-product-images\">Obr\u00e1zky produkt\u016f pro elektronick\u00e9 obchodov\u00e1n\u00ed<\/h4>\n\n\n\n<p class=\"\">Vytv\u00e1\u0159ejte profesion\u00e1ln\u011b vypadaj\u00edc\u00ed produktov\u00e9 obr\u00e1zky pomoc\u00ed ai generovan\u00fdch kr\u00e1sn\u00fdch obr\u00e1zk\u016f kv\u011btin s rozost\u0159en\u00fdm pozad\u00edm nebo v jin\u00fdch vhodn\u00fdch souvislostech.<\/p>\n\n\n\n<h4 class=\"wp-block-heading\" id=\"social-media-content\">Obsah soci\u00e1ln\u00edch m\u00e9di\u00ed<\/h4>\n\n\n\n<p class=\"\">Vytv\u00e1\u0159ejte poutav\u00e1 pozad\u00ed pro p\u0159\u00edsp\u011bvky, p\u0159\u00edb\u011bhy a reklamy.<\/p>\n\n\n\n<h4 class=\"wp-block-heading\" id=\"video-production\">V\u00fdroba videa<\/h4>\n\n\n\n<p class=\"\">Vytv\u00e1\u0159ejte jedine\u010dn\u00e9 kulisy pro videoprojekty, virtu\u00e1ln\u00ed sc\u00e9ny nebo n\u00e1hrady zelen\u00e9ho pl\u00e1tna.<\/p>\n\n\n\n<h4 class=\"wp-block-heading\" id=\"website-design\">Design webov\u00fdch str\u00e1nek<\/h4>\n\n\n\n<p class=\"\">Vytv\u00e1\u0159ejte vlastn\u00ed pozad\u00ed pro webov\u00e9 str\u00e1nky, z\u00e1hlav\u00ed a bannery.<\/p>\n\n\n\n<h3 class=\"wp-block-heading\" id=\"10-ai-background-generator-tools-pros-cons-and-features\">10 N\u00e1stroje pro generov\u00e1n\u00ed pozad\u00ed AI: Pro, proti a funkce<\/h3>\n\n\n\n<figure class=\"wp-block-table\"><table class=\"has-fixed-layout\"><thead><tr><th>N\u00e1stroj<\/th><th>Klady<\/th><th>Nev\u00fdhody<\/th><th>Funkce<\/th><th>ADRESA URL<\/th><\/tr><\/thead><tbody><tr><td>AIArtFree<\/td><td>100% Zdarma, bez registrace, neomezen\u00e9 pou\u017eit\u00ed<\/td><td>Omezen\u00e9 pokro\u010dil\u00e9 funkce<\/td><td>Gener\u00e1tor pozad\u00ed AI, Odstran\u011bn\u00ed pozad\u00ed<\/td><td><a href=\"https:\/\/aiartfree.online\/cs\/generator-pozadi-ai\/\">https:\/\/aiartfree.online\/ai-background-generator\/<\/a><\/td><\/tr><tr><td>DALL-E 2<\/td><td>Vysoce kvalitn\u00ed v\u00fdstupy, univerz\u00e1ln\u00ed<\/td><td>Placen\u00e1 slu\u017eba, vy\u017eaduje \u00fa\u010det OpenAI<\/td><td>Generov\u00e1n\u00ed textu na obr\u00e1zek, \u00daprava obr\u00e1zk\u016f<\/td><td><a href=\"https:\/\/openai.com\/dall-e-2\" target=\"_blank\" rel=\"noreferrer noopener\">https:\/\/openai.com\/dall-e-2<\/a><\/td><\/tr><tr><td>V polovin\u011b cesty<\/td><td>Um\u011bleck\u00e9 v\u00fdstupy, \u0158\u00edzen\u00e9 komunitou<\/td><td>Placen\u00e1 slu\u017eba, rozhran\u00ed zalo\u017een\u00e9 na slu\u017eb\u011b Discord<\/td><td>Generov\u00e1n\u00ed textu na obr\u00e1zek, P\u0159izp\u016fsoben\u00ed stylu<\/td><td>https:\/\/www.midjourney.com<\/td><\/tr><tr><td>Stabiln\u00ed dif\u00faze<\/td><td>Otev\u0159en\u00fd zdrojov\u00fd k\u00f3d, mo\u017enost p\u0159izp\u016fsoben\u00ed<\/td><td>Nastaven\u00ed vy\u017eaduje technick\u00e9 znalosti<\/td><td>Generov\u00e1n\u00ed textu na obr\u00e1zek, p\u0159eklad obr\u00e1zku na obr\u00e1zek<\/td><td>https:\/\/stability.ai<\/td><\/tr><tr><td>Canva<\/td><td>U\u017eivatelsky p\u0159\u00edv\u011btiv\u00e9 rozhran\u00ed, integrovan\u00e9 n\u00e1stroje pro n\u00e1vrh<\/td><td>Omezen\u00e9 funkce AI ve verzi zdarma<\/td><td>Odstran\u011bn\u00ed pozad\u00ed, generov\u00e1n\u00ed obr\u00e1zk\u016f (pomoc\u00ed aplikace Magic Studio)<\/td><td>https:\/\/www.canva.com<\/td><\/tr><tr><td>Remove.bg<\/td><td>Specializuje se na odstra\u0148ov\u00e1n\u00ed pozad\u00ed, k dispozici API<\/td><td>Omezeno pouze na odstran\u011bn\u00ed pozad\u00ed<\/td><td>Automatick\u00e9 odstran\u011bn\u00ed pozad\u00ed, detekce osob<\/td><td>https:\/\/www.remove.bg<\/td><\/tr><tr><td>Pixlr<\/td><td>Z\u00e1kladn\u00ed verze zdarma, na webu<\/td><td>Pokro\u010dil\u00e9 funkce vy\u017eaduj\u00ed p\u0159edplatn\u00e9<\/td><td>Odstran\u011bn\u00ed pozad\u00ed AI, N\u00e1stroje pro \u00fapravu obr\u00e1zk\u016f<\/td><td>https:\/\/pixlr.com<\/td><\/tr><tr><td>Fotokomora<\/td><td>Vhodn\u00e9 pro mobiln\u00ed za\u0159\u00edzen\u00ed, Dobr\u00e9 pro produktov\u00e9 fotografie<\/td><td>Pln\u00e9 funkce vy\u017eaduj\u00ed p\u0159edplatn\u00e9<\/td><td>Odstran\u011bn\u00ed pozad\u00ed, Odstran\u011bn\u00ed objekt\u016f, Generov\u00e1n\u00ed obrazu AI<\/td><td>https:\/\/www.photoroom.com<\/td><\/tr><tr><td>Artbreeder<\/td><td>Jedine\u010dn\u00e9 mo\u017enosti prol\u00edn\u00e1n\u00ed obrazu<\/td><td>K\u0159ivka u\u010den\u00ed pro dosa\u017een\u00ed nejlep\u0161\u00edch v\u00fdsledk\u016f<\/td><td>M\u00edch\u00e1n\u00ed obrazu, P\u0159enos stylu<\/td><td>https:\/\/www.artbreeder.com<\/td><\/tr><tr><td>Fotor<\/td><td>Snadn\u00e9 pou\u017eit\u00ed, v\u00edce n\u00e1stroj\u016f AI<\/td><td>N\u011bkter\u00e9 funkce jsou uzam\u010deny za paywallem<\/td><td>Odstran\u011bn\u00ed pozad\u00ed, AI art generator, Fotografick\u00e9 efekty<\/td><td>https:\/\/www.fotor.com<\/td><\/tr><\/tbody><\/table><figcaption class=\"wp-element-caption\">V t\u00e9to tabulce najdete ucelen\u011bj\u0161\u00ed p\u0159ehled r\u016fzn\u00fdch n\u00e1stroj\u016f pro generov\u00e1n\u00ed pozad\u00ed um\u011bl\u00e9 inteligence, v\u010detn\u011b jejich v\u00fdhod, nev\u00fdhod, kl\u00ed\u010dov\u00fdch funkc\u00ed a adres URL.<\/figcaption><\/figure>\n\n\n\n<h3 class=\"wp-block-heading\" id=\"advantages-challenges-and-recommendations-for-the-ai-background-generation-industry\">V\u00fdhody, v\u00fdzvy a doporu\u010den\u00ed pro pr\u016fmysl generov\u00e1n\u00ed kontextov\u00fdch informac\u00ed s um\u011blou inteligenc\u00ed<\/h3>\n\n\n\n<h4 class=\"wp-block-heading\" id=\"advantages\">V\u00fdhody<\/h4>\n\n\n\n<ul class=\"wp-block-list\">\n<li class=\"\">Rychl\u00e9 inovace v oblasti technologi\u00ed um\u011bl\u00e9 inteligence<\/li>\n\n\n\n<li class=\"\">Rostouc\u00ed popt\u00e1vka v r\u016fzn\u00fdch odv\u011btv\u00edch<\/li>\n\n\n\n<li class=\"\">Potenci\u00e1l pro integraci s dal\u0161\u00edmi n\u00e1stroji AI<\/li>\n<\/ul>\n\n\n\n<h4 class=\"wp-block-heading\" id=\"challenges\">V\u00fdzvy<\/h4>\n\n\n\n<ul class=\"wp-block-list\">\n<li class=\"\">Autorsk\u00e1 pr\u00e1va a etick\u00e9 ot\u00e1zky<\/li>\n\n\n\n<li class=\"\">Zaji\u0161t\u011bn\u00ed kvality a konzistence obrazu<\/li>\n\n\n\n<li class=\"\">Vyv\u00e1\u017een\u00ed automatizace a lidsk\u00e9 kreativity<\/li>\n<\/ul>\n\n\n\n<h4 class=\"wp-block-heading\" id=\"recommendations\">Doporu\u010den\u00ed<\/h4>\n\n\n\n<ul class=\"wp-block-list\">\n<li class=\"\">Zam\u011b\u0159en\u00ed na u\u017eivatelsky p\u0159\u00edv\u011btiv\u00e1 rozhran\u00ed<\/li>\n\n\n\n<li class=\"\">V\u00fdvoj funkc\u00ed specifick\u00fdch pro dan\u00e9 odv\u011btv\u00ed<\/li>\n\n\n\n<li class=\"\">Up\u0159ednost\u0148ov\u00e1n\u00ed etick\u00fdch postup\u016f v oblasti um\u011bl\u00e9 inteligence a transparentnosti<\/li>\n<\/ul>\n\n\n\n<h3 class=\"wp-block-heading\" id=\"faq\">\u010cASTO KLADEN\u00c9 DOTAZY<\/h3>\n\n\n\n<ol class=\"wp-block-list\">\n<li class=\"\">Jak vygenerovat pozad\u00ed AI ve Photoshopu?<br>I kdy\u017e Photoshop nab\u00edz\u00ed n\u011bkter\u00e9 funkce um\u011bl\u00e9 inteligence, pou\u017eit\u00ed specializovan\u00e9ho n\u00e1stroje, jako je https:\/\/aiartfree.online\/ai-background-generator\/, je rychlej\u0161\u00ed, jednodu\u0161\u0161\u00ed a zdarma.<\/li>\n\n\n\n<li class=\"\">Jak ve Photoshopu vygenerovat pozad\u00ed pomoc\u00ed um\u011bl\u00e9 inteligence?<br>M\u00edsto pou\u017eit\u00ed Photoshopu vyzkou\u0161ejte n\u00e1\u0161 bezplatn\u00fd gener\u00e1tor pozad\u00ed AI, kter\u00fd v\u00e1m umo\u017en\u00ed rychlej\u0161\u00ed a jednodu\u0161\u0161\u00ed v\u00fdsledky.<\/li>\n\n\n\n<li class=\"\">Jak generovat pozad\u00ed AI?<br>Nav\u0161tivte str\u00e1nku https:\/\/aiartfree.online\/ai-background-generator\/, zadejte po\u017eadovan\u00fd popis nebo nahrajte obr\u00e1zek a nechte um\u011blou inteligenci, aby pro v\u00e1s vytvo\u0159ila pozad\u00ed.<\/li>\n\n\n\n<li class=\"\">Mohu pozad\u00ed vytvo\u0159en\u00e1 um\u011blou inteligenc\u00ed pou\u017e\u00edvat komer\u010dn\u011b?<br>Z\u00e1le\u017e\u00ed na n\u00e1stroji a jeho podm\u00ednk\u00e1ch slu\u017eby. P\u0159ed komer\u010dn\u00edm pou\u017eit\u00edm v\u017edy zkontrolujte licen\u010dn\u00ed ujedn\u00e1n\u00ed.<\/li>\n\n\n\n<li class=\"\">Jsou gener\u00e1tory pozad\u00ed AI zdarma?<br>Mnoho n\u00e1stroj\u016f nab\u00edz\u00ed bezplatn\u00e9 mo\u017enosti, nap\u0159\u00edklad n\u00e1\u0161 bezplatn\u00fd a neomezen\u00fd gener\u00e1tor 100% na adrese https:\/\/aiartfree.online\/ai-background-generator\/.<\/li>\n\n\n\n<li class=\"\">Mohou gener\u00e1tory pozad\u00ed s um\u011blou inteligenc\u00ed vytv\u00e1\u0159et realistick\u00e9 obr\u00e1zky?<br>Ano, mnoho n\u00e1stroj\u016f um\u011bl\u00e9 inteligence dok\u00e1\u017ee vytv\u00e1\u0159et vysoce realistick\u00e1 pozad\u00ed a obr\u00e1zky.<\/li>\n\n\n\n<li class=\"\">Jak odstran\u00edm pozad\u00ed z existuj\u00edc\u00edho obr\u00e1zku?<br>V\u011bt\u0161ina gener\u00e1tor\u016f pozad\u00ed AI nab\u00edz\u00ed funkce pro odstran\u011bn\u00ed pozad\u00ed. Sta\u010d\u00ed nahr\u00e1t obr\u00e1zek a vybrat mo\u017enost odstran\u011bn\u00ed pozad\u00ed.<\/li>\n\n\n\n<li class=\"\">Mohu generovat pozad\u00ed pro specifick\u00e1 t\u00e9mata, jako je fantasy nebo sci-fi?<br>Rozhodn\u011b! Gener\u00e1tory um\u011bl\u00e9 inteligence mohou na z\u00e1klad\u011b va\u0161ich textov\u00fdch popis\u016f vytvo\u0159it pozad\u00ed pro r\u016fzn\u00e1 t\u00e9mata.<\/li>\n\n\n\n<li class=\"\">Existuj\u00ed n\u011bjak\u00e1 omezen\u00ed pozad\u00ed generovan\u00fdch um\u011blou inteligenc\u00ed?<br>Gener\u00e1tory um\u011bl\u00e9 inteligence jsou sice v\u00fdkonn\u00e9, ale n\u011bkdy mohou vytv\u00e1\u0159et nesrovnalosti nebo nere\u00e1ln\u00e9 prvky. V\u00fdsledky v\u017edy zkontrolujte a p\u0159\u00edpadn\u011b upravte.<\/li>\n\n\n\n<li class=\"\">Jak mohu zajistit jedine\u010dnost pozad\u00ed generovan\u00fdch um\u011blou inteligenc\u00ed?<br>Pou\u017eijte konkr\u00e9tn\u00ed v\u00fdzvy, kombinujte v\u00edce generac\u00ed nebo p\u0159idejte osobn\u00ed prvky, aby va\u0161e pozad\u00ed bylo skute\u010dn\u011b jedine\u010dn\u00e9.<\/li>\n<\/ol>\n\n\n\n<h3 class=\"wp-block-heading\" id=\"conclusion\">Z\u00e1v\u011br<\/h3>\n\n\n\n<p class=\"\">Gener\u00e1tory pozad\u00ed s um\u011blou inteligenc\u00ed p\u0159in\u00e1\u0161ej\u00ed revoluci ve zp\u016fsobu vytv\u00e1\u0159en\u00ed digit\u00e1ln\u00edch sn\u00edmk\u016f a manipulace s nimi. D\u00edky n\u00e1stroj\u016fm, jako je https:\/\/aiartfree.online\/ai-background-generator\/, kter\u00e9 nab\u00edzej\u00ed 100% zdarma, neomezen\u011b a bez mo\u017enosti registrace, je vytv\u00e1\u0159en\u00ed \u00fa\u017easn\u00fdch vizu\u00e1l\u016f pro jak\u00fdkoli projekt snaz\u0161\u00ed ne\u017e kdykoli p\u0159edt\u00edm. A\u0165 u\u017e jste profesion\u00e1ln\u00ed design\u00e9r, nebo p\u0159\u00edle\u017eitostn\u00fd tv\u016frce, gener\u00e1tory pozad\u00ed AI p\u0159edstavuj\u00ed dostupn\u00e9, efektivn\u00ed a v\u00fdkonn\u00e9 \u0159e\u0161en\u00ed pro va\u0161e pot\u0159eby v oblasti obr\u00e1zk\u016f. Vyzkou\u0161ejte jeden z nich je\u0161t\u011b dnes a poznejte budoucnost digit\u00e1ln\u00ed kreativity!<\/p>","protected":false},"excerpt":{"rendered":"<p>Before vs After How to use the AI Background Generator * Feel free to try our examples below if you don&#8217;t have any thoughts in your mind *&nbsp;Depending on your internet speed, loading the model may take a few seconds.* There will be caching during continuous generation, and the new image will appear after about &#8230; <a title=\"Gener\u00e1tor pozad\u00ed AI\" class=\"read-more\" href=\"https:\/\/aiartfree.online\/cs\/generator-pozadi-ai\/\" aria-label=\"Read more about AI Background Generator\">\u010c\u00edst d\u00e1l<\/a><\/p>","protected":false},"author":1,"featured_media":3377,"parent":0,"menu_order":0,"comment_status":"open","ping_status":"closed","template":"","meta":{"nf_dc_page":"","footnotes":""},"class_list":["post-3366","page","type-page","status-publish","has-post-thumbnail"],"jetpack_sharing_enabled":true,"_links":{"self":[{"href":"https:\/\/aiartfree.online\/cs\/wp-json\/wp\/v2\/pages\/3366","targetHints":{"allow":["GET"]}}],"collection":[{"href":"https:\/\/aiartfree.online\/cs\/wp-json\/wp\/v2\/pages"}],"about":[{"href":"https:\/\/aiartfree.online\/cs\/wp-json\/wp\/v2\/types\/page"}],"author":[{"embeddable":true,"href":"https:\/\/aiartfree.online\/cs\/wp-json\/wp\/v2\/users\/1"}],"replies":[{"embeddable":true,"href":"https:\/\/aiartfree.online\/cs\/wp-json\/wp\/v2\/comments?post=3366"}],"version-history":[{"count":0,"href":"https:\/\/aiartfree.online\/cs\/wp-json\/wp\/v2\/pages\/3366\/revisions"}],"wp:featuredmedia":[{"embeddable":true,"href":"https:\/\/aiartfree.online\/cs\/wp-json\/wp\/v2\/media\/3377"}],"wp:attachment":[{"href":"https:\/\/aiartfree.online\/cs\/wp-json\/wp\/v2\/media?parent=3366"}],"curies":[{"name":"wp","href":"https:\/\/api.w.org\/{rel}","templated":true}]}}