{"id":3351,"date":"2024-07-30T17:07:44","date_gmt":"2024-07-30T17:07:44","guid":{"rendered":"https:\/\/aiartfree.online\/?page_id=3351"},"modified":"2024-08-16T10:09:07","modified_gmt":"2024-08-16T10:09:07","slug":"ai-voice-generator","status":"publish","type":"page","link":"https:\/\/aiartfree.online\/cs\/generator-hlasu-ai\/","title":{"rendered":"Gener\u00e1tor hlasu AI"},"content":{"rendered":"<h2 class=\"wp-block-heading\" id=\"how-to-use-the-ai-voice-generator\">Jak pou\u017e\u00edvat gener\u00e1tor hlasu AI<\/h2>\n\n\n\n<ol class=\"wp-block-list\">\n<li class=\"\">Zadejte sv\u016fj text<\/li>\n\n\n\n<li class=\"\">V\u00fdb\u011br hlasu<\/li>\n\n\n\n<li class=\"\">Klikn\u011bte na tla\u010d\u00edtko \"Odeslat\".<\/li>\n\n\n\n<li class=\"\">Po\u010dkat, to je ono!<\/li>\n<\/ol>\n\n\n\n<p class=\"\">* Pokud v\u00e1s nic nenapad\u00e1, m\u016f\u017eete si vyzkou\u0161et na\u0161e p\u0159\u00edklady n\u00ed\u017ee.<\/p>\n\n\n\n<p class=\"\"><em>* V z\u00e1vislosti na rychlosti va\u0161eho internetu m\u016f\u017ee na\u010dten\u00ed modelu trvat. <\/em>a\u017e 10 sekund \u2193<\/p>\n\n\n\n<div class=\"iframe-wrapper\" style=\"position: relative; width: 100%; height: 1000px;\">\n  <div class=\"loading\" style=\"position: absolute; top: 50px; left: 50%; transform: translate(-50%, -50%); width: 40px; height: 40px; border: 3px solid #f0f0f0; border-top: 3px solid #db7093; border-radius: 50%; animation: spin 1s linear infinite;\"><\/div>\n  <iframe loading=\"lazy\" src=\"https:\/\/innoai-edge-tts-text-to-speech.hf.space\" frameborder=\"0\" width=\"100%\" height=\"100%\" style=\"position: absolute; top: 0; left: 0; opacity: 0; transition: opacity 0.3s;\" onload=\"this.style.opacity=1;this.previousElementSibling.style.display='none';\"><\/iframe>\n<\/div>\n\n<style>\n@keyframes spin {\n  0% { transform: translate(-50%, -50%) rotate(0deg); }\n  100% { transform: translate(-50%, -50%) rotate(360deg); }\n}\n<\/style>\n\n\n\n<div style=\"height:80px\" aria-hidden=\"true\" class=\"wp-block-spacer\"><\/div>\n\n\n\n<h2 class=\"wp-block-heading\" id=\"the-ultimate-guide-to-ai-voice-generators\">Kone\u010dn\u00fd pr\u016fvodce gener\u00e1tory hlasu s um\u011blou inteligenc\u00ed<\/h2>\n\n\n\n<h3 class=\"wp-block-heading\" id=\"outline\">N\u00e1\u010drt<\/h3>\n\n\n\n<p class=\"\">Gener\u00e1tory hlasu s um\u011blou inteligenc\u00ed zp\u016fsobily revoluci v tvorb\u011b zvukov\u00e9ho obsahu a nab\u00edzej\u00ed vysoce kvalitn\u00ed a velmi realistick\u00e9 hlasy, kter\u00e9 zn\u011bj\u00ed jako lidsk\u00e1 \u0159e\u010d. Tento pr\u016fvodce se zab\u00fdv\u00e1 definic\u00ed, v\u00fdhodami, funkcemi, c\u00edlovou skupinou, pr\u016fmyslov\u00fdm vyu\u017eit\u00edm, n\u00e1vody krok za krokem, p\u0159\u00edpady pou\u017eit\u00ed, n\u00e1stroji, v\u00fdhodami a nev\u00fdhodami v oboru a \u010dasto kladen\u00fdmi ot\u00e1zkami ohledn\u011b gener\u00e1tor\u016f hlasu AI.<\/p>\n\n\n\n<figure class=\"wp-block-image size-large is-resized\"><img data-recalc-dims=\"1\" data-dominant-color=\"52455b\" data-has-transparency=\"false\" decoding=\"async\" width=\"1024\" height=\"585\"   loading=\"lazy\" src=\"https:\/\/i0.wp.com\/aiartfree.online\/wp-content\/uploads\/2024\/08\/out-0-1.webp?resize=1024%2C585&#038;ssl=1\" alt=\"Objevte nejlep\u0161\u00ed AI Voice Generator na AIArtFree. Generujte vysoce kvalitn\u00ed, ultrarealistick\u00e9 hlasy bez n\u00e1mahy pro tvorbu obsahu a voiceovery. \u017d\u00e1dn\u00e9 omezen\u00ed. Nejlep\u0161\u00ed AI Voice Generator - 100% zdarma, neomezen\u011b, bez registrace\" class=\"wp-image-3458 not-transparent\" style=\"--dominant-color: #52455b; width:598px;height:auto\" srcset=\"https:\/\/i0.wp.com\/aiartfree.online\/wp-content\/uploads\/2024\/08\/out-0-1.webp?resize=1024%2C585&amp;ssl=1 1024w, https:\/\/i0.wp.com\/aiartfree.online\/wp-content\/uploads\/2024\/08\/out-0-1.webp?resize=300%2C171&amp;ssl=1 300w, https:\/\/i0.wp.com\/aiartfree.online\/wp-content\/uploads\/2024\/08\/out-0-1.webp?resize=768%2C439&amp;ssl=1 768w, https:\/\/i0.wp.com\/aiartfree.online\/wp-content\/uploads\/2024\/08\/out-0-1.webp?resize=18%2C10&amp;ssl=1 18w, https:\/\/i0.wp.com\/aiartfree.online\/wp-content\/uploads\/2024\/08\/out-0-1.webp?resize=600%2C343&amp;ssl=1 600w, https:\/\/i0.wp.com\/aiartfree.online\/wp-content\/uploads\/2024\/08\/out-0-1.webp?w=1344&amp;ssl=1 1344w\" sizes=\"auto, (max-width: 1024px) 100vw, 1024px\" \/><\/figure>\n\n\n\n<div class=\"wp-block-rank-math-toc-block\" id=\"rank-math-toc\"><h3>Obsah<\/h3><nav><ul><li><a href=\"#outline\">N\u00e1\u010drt<\/a><\/li><li><a href=\"#what-is-an-ai-voice-generator\">Co je gener\u00e1tor hlasu AI<\/a><\/li><li><a href=\"#why-use-an-ai-voice-generator\">Pro\u010d pou\u017e\u00edvat gener\u00e1tor hlasu s um\u011blou inteligenc\u00ed<\/a><\/li><li><a href=\"#main-features-of-ai-voice-generators\">Hlavn\u00ed funkce gener\u00e1tor\u016f hlasu AI<\/a><ul><li><a href=\"#text-to-speech-ai\">Um\u011bl\u00e1 inteligence p\u0159evodu textu na \u0159e\u010d<\/a><\/li><li><a href=\"#ultra-realistic-voices\">Ultrarealistick\u00e9 hlasy<\/a><\/li><li><a href=\"#generative-ai\">Generativn\u00ed um\u011bl\u00e1 inteligence<\/a><\/li><li><a href=\"#multiple-languages-and-accents\">V\u00edce jazyk\u016f a p\u0159\u00edzvuk\u016f<\/a><\/li><li><a href=\"#high-quality-voiceovers\">Vysoce kvalitn\u00ed hlasov\u00e9 z\u00e1znamy<\/a><\/li><\/ul><\/li><li><a href=\"#who-should-use-ai-voice-generators\">Kdo by m\u011bl pou\u017e\u00edvat gener\u00e1tory hlasu s um\u011blou inteligenc\u00ed<\/a><\/li><li><a href=\"#industry-uses-of-ai-voice-generators\">Pr\u016fmyslov\u00e9 vyu\u017eit\u00ed gener\u00e1tor\u016f hlasu s um\u011blou inteligenc\u00ed<\/a><ul><li><a href=\"#media-and-entertainment\">M\u00e9dia a z\u00e1bava<\/a><\/li><li><a href=\"#education\">Vzd\u011bl\u00e1v\u00e1n\u00ed<\/a><\/li><li><a href=\"#customer-service\">Z\u00e1kaznick\u00fd servis<\/a><\/li><li><a href=\"#marketing\">Marketing<\/a><\/li><\/ul><\/li><li><a href=\"#how-to-use-an-ai-voice-generator\">Jak pou\u017e\u00edvat gener\u00e1tor hlasu um\u011bl\u00e9 inteligence<\/a><\/li><li><a href=\"#ai-voice-generator-usage-cases\">P\u0159\u00edpady pou\u017eit\u00ed gener\u00e1toru hlasu AI<\/a><ul><li><a href=\"#content-creation\">Tvorba obsahu<\/a><\/li><li><a href=\"#education-1\">Vzd\u011bl\u00e1v\u00e1n\u00ed<\/a><\/li><li><a href=\"#business-communication\">Obchodn\u00ed komunikace<\/a><\/li><li><a href=\"#marketing-2\">Marketing<\/a><\/li><\/ul><\/li><li><a href=\"#top-10-ai-voice-generator-tools\">10 nejlep\u0161\u00edch n\u00e1stroj\u016f pro generov\u00e1n\u00ed hlasu AI<\/a><\/li><li><a href=\"#industry-pros-and-cons\">V\u00fdhody a nev\u00fdhody odv\u011btv\u00ed<\/a><ul><li><a href=\"#pros\">Klady<\/a><\/li><li><a href=\"#cons\">Nev\u00fdhody<\/a><\/li><li><a href=\"#advantages\">V\u00fdhody<\/a><\/li><li><a href=\"#challenges\">V\u00fdzvy<\/a><\/li><li><a href=\"#suggestions\">N\u00e1vrhy<\/a><\/li><\/ul><\/li><li><a href=\"#frequently-asked-questions\">\u010casto kladen\u00e9 ot\u00e1zky<\/a><\/li><\/ul><\/nav><\/div>\n\n\n\n<h3 class=\"wp-block-heading\" id=\"what-is-an-ai-voice-generator\">Co je gener\u00e1tor hlasu AI<\/h3>\n\n\n\n<p class=\"\">AI Voice Generator je softwarov\u00e1 aplikace, kter\u00e1 vyu\u017e\u00edv\u00e1 um\u011blou inteligenci k p\u0159evodu textu do realistick\u00e9 lidsk\u00e9 \u0159e\u010di. Vyu\u017e\u00edv\u00e1 pokro\u010dil\u00e9 neuronov\u00e9 s\u00edt\u011b a generativn\u00ed um\u011blou inteligenci k vytv\u00e1\u0159en\u00ed vysoce kvalitn\u00edho zvuku, kter\u00fd lze pou\u017e\u00edt v r\u016fzn\u00fdch aplikac\u00edch, od tvorby obsahu po hlasov\u00e9 projevy a dal\u0161\u00ed.<\/p>\n\n\n\n<h3 class=\"wp-block-heading\" id=\"why-use-an-ai-voice-generator\">Pro\u010d pou\u017e\u00edvat gener\u00e1tor hlasu s um\u011blou inteligenc\u00ed<\/h3>\n\n\n\n<p class=\"\">Pou\u017eit\u00ed gener\u00e1toru hlasu s um\u011blou inteligenc\u00ed p\u0159in\u00e1\u0161\u00ed \u0159adu v\u00fdhod:<\/p>\n\n\n\n<ul class=\"wp-block-list\">\n<li class=\"\"><strong>100% Zdarma<\/strong>: Mnoho platforem nab\u00edz\u00ed u\u017eivatel\u016fm bezplatn\u00e9 verze.<\/li>\n\n\n\n<li class=\"\"><strong>Neomezen\u00e9 pou\u017e\u00edv\u00e1n\u00ed<\/strong>: Vytv\u00e1\u0159ejte libovoln\u00fd po\u010det hlasov\u00fdch z\u00e1znam\u016f bez omezen\u00ed.<\/li>\n\n\n\n<li class=\"\"><strong>Registrace nen\u00ed nutn\u00e1<\/strong>: Snadno p\u0159\u00edstupn\u00e9 bez nutnosti m\u00edt \u00fa\u010det.<\/li>\n\n\n\n<li class=\"\"><strong>Vysoce kvalitn\u00ed v\u00fdstup<\/strong>: Vytv\u00e1\u0159\u00ed hlasy, kter\u00e9 zn\u011bj\u00ed t\u00e9m\u011b\u0159 stejn\u011b jako lidsk\u00e1 \u0159e\u010d.<\/li>\n\n\n\n<li class=\"\"><strong>\u0160irok\u00e1 podpora jazyk\u016f a p\u0159\u00edzvuk\u016f<\/strong>: Dok\u00e1\u017ee generovat hlasy ve v\u00edce jazyc\u00edch a s r\u016fzn\u00fdmi p\u0159\u00edzvuky.<\/li>\n\n\n\n<li class=\"\"><strong>Efektivita a rychlost<\/strong>: Rychle generuje zvuk z textu, \u010d\u00edm\u017e \u0161et\u0159\u00ed \u010das a n\u00e1mahu.<\/li>\n\n\n\n<li class=\"\"><strong>Glob\u00e1ln\u00ed dosah publika<\/strong>: Zp\u0159\u00edstup\u0148uje obsah \u0161ir\u0161\u00edmu publiku d\u00edky podpo\u0159e r\u016fzn\u00fdch jazyk\u016f.<\/li>\n<\/ul>\n\n\n\n<h3 class=\"wp-block-heading\" id=\"main-features-of-ai-voice-generators\">Hlavn\u00ed funkce gener\u00e1tor\u016f hlasu AI<\/h3>\n\n\n\n<h4 class=\"wp-block-heading\" id=\"text-to-speech-ai\">Um\u011bl\u00e1 inteligence p\u0159evodu textu na \u0159e\u010d<\/h4>\n\n\n\n<p class=\"\">P\u0159ev\u00e1d\u00ed psan\u00fd text na mluven\u00e1 slova s p\u0159irozen\u011b zn\u011bj\u00edc\u00edmi hlasy.<\/p>\n\n\n\n<h4 class=\"wp-block-heading\" id=\"ultra-realistic-voices\">Ultrarealistick\u00e9 hlasy<\/h4>\n\n\n\n<p class=\"\">Generuje hlasy, kter\u00e9 jsou k nerozezn\u00e1n\u00ed od skute\u010dn\u00fdch lidsk\u00fdch hlas\u016f, co\u017e zvy\u0161uje z\u00e1\u017eitek poslucha\u010de.<\/p>\n\n\n\n<h4 class=\"wp-block-heading\" id=\"generative-ai\">Generativn\u00ed um\u011bl\u00e1 inteligence<\/h4>\n\n\n\n<p class=\"\">Vyu\u017e\u00edv\u00e1 pokro\u010dil\u00e9 modely um\u011bl\u00e9 inteligence k vytv\u00e1\u0159en\u00ed rozmanit\u00fdch a vysoce kvalitn\u00edch zvukov\u00fdch v\u00fdstup\u016f.<\/p>\n\n\n\n<h4 class=\"wp-block-heading\" id=\"multiple-languages-and-accents\">V\u00edce jazyk\u016f a p\u0159\u00edzvuk\u016f<\/h4>\n\n\n\n<p class=\"\">Podporuje \u0161irokou \u0161k\u00e1lu jazyk\u016f a p\u0159\u00edzvuk\u016f, \u010d\u00edm\u017e uspokoj\u00ed glob\u00e1ln\u00ed publikum.<\/p>\n\n\n\n<h4 class=\"wp-block-heading\" id=\"high-quality-voiceovers\">Vysoce kvalitn\u00ed hlasov\u00e9 z\u00e1znamy<\/h4>\n\n\n\n<p class=\"\">Vytv\u00e1\u0159\u00ed profesion\u00e1ln\u00ed hlasov\u00e9 projevy vhodn\u00e9 pro r\u016fzn\u00e9 aplikace v\u010detn\u011b vide\u00ed a prezentac\u00ed.<\/p>\n\n\n\n<h3 class=\"wp-block-heading\" id=\"who-should-use-ai-voice-generators\">Kdo by m\u011bl pou\u017e\u00edvat gener\u00e1tory hlasu s um\u011blou inteligenc\u00ed<\/h3>\n\n\n\n<ul class=\"wp-block-list\">\n<li class=\"\"><strong>Tv\u016frci obsahu<\/strong>: Vylep\u0161uje video, podcast a dal\u0161\u00ed multimedi\u00e1ln\u00ed obsah realistick\u00fdmi hlasov\u00fdmi projevy.<\/li>\n\n\n\n<li class=\"\"><strong>Pedagogov\u00e9<\/strong>: P\u0159ev\u00e1d\u00ed v\u00fdukov\u00e9 materi\u00e1ly do zvukov\u00e9 podoby a zp\u0159\u00edstup\u0148uje tak v\u00fduku.<\/li>\n\n\n\n<li class=\"\"><strong>Podniky<\/strong>: Zlep\u0161uje slu\u017eby z\u00e1kazn\u00edk\u016fm pomoc\u00ed automatizovan\u00fdch odpov\u011bd\u00ed, kter\u00e9 se v\u0161ak podobaj\u00ed lidsk\u00fdm.<\/li>\n\n\n\n<li class=\"\"><strong>Market\u00e9\u0159i<\/strong>: Vytv\u00e1\u0159\u00ed poutav\u00fd zvukov\u00fd obsah pro reklamy a soci\u00e1ln\u00ed m\u00e9dia.<\/li>\n<\/ul>\n\n\n\n<h3 class=\"wp-block-heading\" id=\"industry-uses-of-ai-voice-generators\">Pr\u016fmyslov\u00e9 vyu\u017eit\u00ed gener\u00e1tor\u016f hlasu s um\u011blou inteligenc\u00ed<\/h3>\n\n\n\n<h4 class=\"wp-block-heading\" id=\"media-and-entertainment\">M\u00e9dia a z\u00e1bava<\/h4>\n\n\n\n<p class=\"\">Pou\u017e\u00edv\u00e1 se pro hlasov\u00e9 projevy ve vide\u00edch, filmech a animac\u00edch.<\/p>\n\n\n\n<h4 class=\"wp-block-heading\" id=\"education\">Vzd\u011bl\u00e1v\u00e1n\u00ed<\/h4>\n\n\n\n<p class=\"\">Pom\u00e1h\u00e1 p\u0159i vytv\u00e1\u0159en\u00ed audioknih a e-learningov\u00e9ho obsahu.<\/p>\n\n\n\n<h4 class=\"wp-block-heading\" id=\"customer-service\">Z\u00e1kaznick\u00fd servis<\/h4>\n\n\n\n<p class=\"\">Nap\u00e1j\u00ed hlasov\u00e9 asistenty a automatizovan\u00e9 syst\u00e9my z\u00e1kaznick\u00e9 podpory.<\/p>\n\n\n\n<h4 class=\"wp-block-heading\" id=\"marketing\">Marketing<\/h4>\n\n\n\n<p class=\"\">Generuje zvukov\u00e9 reklamy a propaga\u010dn\u00ed obsah.<\/p>\n\n\n\n<h3 class=\"wp-block-heading\" id=\"how-to-use-an-ai-voice-generator\">Jak pou\u017e\u00edvat gener\u00e1tor hlasu um\u011bl\u00e9 inteligence<\/h3>\n\n\n\n<ol class=\"wp-block-list\">\n<li class=\"\"><strong>V\u00fdb\u011br n\u00e1stroje<\/strong>: Vyberte n\u00e1stroj, jako je&nbsp;<a href=\"https:\/\/aiartfree.online\/cs\/generator-hlasu-ai\/\">Gener\u00e1tor hlasu AI<\/a>.<\/li>\n\n\n\n<li class=\"\"><strong>Vstupn\u00ed text<\/strong>: Zadejte text, kter\u00fd chcete p\u0159ev\u00e9st do \u0159e\u010di.<\/li>\n\n\n\n<li class=\"\"><strong>V\u00fdb\u011br hlasu a jazyka<\/strong>: Zvolte po\u017eadovan\u00e9 nastaven\u00ed hlasu a jazyka.<\/li>\n\n\n\n<li class=\"\"><strong>Generov\u00e1n\u00ed zvuku<\/strong>: Hlasov\u00fd z\u00e1znam vytvo\u0159\u00edte kliknut\u00edm na tla\u010d\u00edtko Generovat.<\/li>\n\n\n\n<li class=\"\"><strong>Sta\u017een\u00ed a pou\u017eit\u00ed<\/strong>: St\u00e1hn\u011bte si vygenerovan\u00fd zvukov\u00fd soubor pro sv\u016fj projekt.<\/li>\n<\/ol>\n\n\n\n<h3 class=\"wp-block-heading\" id=\"ai-voice-generator-usage-cases\">P\u0159\u00edpady pou\u017eit\u00ed gener\u00e1toru hlasu AI<\/h3>\n\n\n\n<h4 class=\"wp-block-heading\" id=\"content-creation\">Tvorba obsahu<\/h4>\n\n\n\n<p class=\"\">Tvorba hlasov\u00fdch projev\u016f pro videa na YouTube, podcasty a dal\u0161\u00ed multimedi\u00e1ln\u00ed obsah.<\/p>\n\n\n\n<h4 class=\"wp-block-heading\" id=\"education-1\">Vzd\u011bl\u00e1v\u00e1n\u00ed<\/h4>\n\n\n\n<p class=\"\">Generov\u00e1n\u00ed zvukov\u00fdch verz\u00ed u\u010debnic a v\u00fdukov\u00fdch materi\u00e1l\u016f.<\/p>\n\n\n\n<h4 class=\"wp-block-heading\" id=\"business-communication\">Obchodn\u00ed komunikace<\/h4>\n\n\n\n<p class=\"\">Vylep\u0161en\u00ed syst\u00e9m\u016f interaktivn\u00ed hlasov\u00e9 odezvy (IVR) realistick\u00fdmi hlasy.<\/p>\n\n\n\n<h4 class=\"wp-block-heading\" id=\"marketing-2\">Marketing<\/h4>\n\n\n\n<p class=\"\">V\u00fdroba zvukov\u00fdch reklam pro r\u016fzn\u00e9 platformy.<\/p>\n\n\n\n<h3 class=\"wp-block-heading\" id=\"top-10-ai-voice-generator-tools\">10 nejlep\u0161\u00edch n\u00e1stroj\u016f pro generov\u00e1n\u00ed hlasu AI<\/h3>\n\n\n\n<figure class=\"wp-block-table\"><table class=\"has-fixed-layout\"><thead><tr><th>N\u00e1stroj<\/th><th>Funkce<\/th><th>V\u00fdhody<\/th><th>V\u00fdzvy<\/th><th>ADRESA URL<\/th><\/tr><\/thead><tbody><tr><td><strong>Gener\u00e1tor hlasu AI<\/strong><\/td><td>100% Zdarma, bez registrace, vysoce kvalitn\u00ed hlasy<\/td><td>Neomezen\u00e9 pou\u017eit\u00ed, snadn\u00e9 pou\u017eit\u00ed<\/td><td>Omezen\u00e9 pokro\u010dil\u00e9 funkce<\/td><td><a href=\"https:\/\/aiartfree.online\/cs\/generator-hlasu-ai\/\">aiartfree.online\/ai-voice-generator<\/a><\/td><\/tr><tr><td><strong>P\u0159evod textu na \u0159e\u010d ve slu\u017eb\u011b Google<\/strong><\/td><td>Podpora v\u00edce jazyk\u016f a p\u0159\u00edzvuk\u016f<\/td><td>Vysoce kvalitn\u00ed v\u00fdstup<\/td><td>Vy\u017eaduje \u00fa\u010det Google<\/td><td>cloud.google.com\/text-to-speech<\/td><\/tr><tr><td><strong>Amazon Polly<\/strong><\/td><td>\u0160irok\u00e1 \u0161k\u00e1la hlas\u016f, zpracov\u00e1n\u00ed v re\u00e1ln\u00e9m \u010dase<\/td><td>\u0160k\u00e1lovatelnost<\/td><td>N\u00e1klady se mohou s\u010d\u00edtat<\/td><td>aws.amazon.com\/polly<\/td><\/tr><tr><td><strong>IBM Watson Text to Speech<\/strong><\/td><td>P\u0159izp\u016fsobiteln\u00e9 hlasy, vysok\u00e1 kvalita<\/td><td>Pokro\u010dil\u00e9 funkce<\/td><td>Struktura cen<\/td><td>ibm.com\/cloud\/watson-text-to-speech<\/td><\/tr><tr><td><strong>Microsoft Azure TTS<\/strong><\/td><td>Neuronov\u00e9 hlasy, rozs\u00e1hl\u00e1 jazykov\u00e1 podpora<\/td><td>Integrace se slu\u017ebami Azure<\/td><td>Stanoven\u00ed cen<\/td><td>azure.microsoft.com\/services\/cognitive-services\/text-to-speech<\/td><\/tr><tr><td><strong>iSpeech<\/strong><\/td><td>Snadn\u00e9 pou\u017eit\u00ed, v\u00edce jazyk\u016f<\/td><td>Omezen\u00e1 bezplatn\u00e1 verze<\/td><td>&#8211;<\/td><td>ispeech.org<\/td><\/tr><tr><td><strong>ResponsiveVoice<\/strong><\/td><td>Webov\u00e1, snadn\u00e1 integrace<\/td><td>Z\u00e1kladn\u00ed hlasy<\/td><td>Omezen\u00e9 funkce ve verzi zdarma<\/td><td>responsivevoice.org<\/td><\/tr><tr><td><strong>NaturalReader<\/strong><\/td><td>Jednoduch\u00e9 rozhran\u00ed, vysoce kvalitn\u00ed hlasy<\/td><td>P\u0159\u00edstup offline<\/td><td>Omezen\u00e9 p\u0159izp\u016fsoben\u00ed<\/td><td>naturalreaders.com<\/td><\/tr><tr><td><strong>Balabolka<\/strong><\/td><td>Zdarma, podporuje r\u016fzn\u00e9 form\u00e1ty<\/td><td>Z\u00e1kladn\u00ed rozhran\u00ed<\/td><td>&#8211;<\/td><td>balabolka.site<\/td><\/tr><tr><td><strong>ReadSpeaker<\/strong><\/td><td>P\u0159izp\u016fsobiteln\u00e9, vysoce kvalitn\u00ed hlasy<\/td><td>Pokro\u010dil\u00e9 funkce<\/td><td>N\u00e1klady<\/td><td><a href=\"https:\/\/readspeaker.com\/\" target=\"_blank\" rel=\"noopener\">readspeaker.com<\/a><\/td><\/tr><\/tbody><\/table><\/figure>\n\n\n\n<h3 class=\"wp-block-heading\" id=\"industry-pros-and-cons\">V\u00fdhody a nev\u00fdhody odv\u011btv\u00ed<\/h3>\n\n\n\n<h4 class=\"wp-block-heading\" id=\"pros\">Klady<\/h4>\n\n\n\n<ul class=\"wp-block-list\">\n<li class=\"\"><strong>P\u0159\u00edstupnost<\/strong>: Zp\u0159\u00edstup\u0148uje obsah zrakov\u011b posti\u017een\u00fdm u\u017eivatel\u016fm.<\/li>\n\n\n\n<li class=\"\"><strong>\u00da\u010dinnost<\/strong>: \u0160et\u0159\u00ed \u010das p\u0159i tvorb\u011b obsahu.<\/li>\n\n\n\n<li class=\"\"><strong>N\u00e1kladov\u011b efektivn\u00ed<\/strong>: Sni\u017euje pot\u0159ebu lidsk\u00fdch hlas\u016f.<\/li>\n\n\n\n<li class=\"\"><strong>\u0160k\u00e1lovatelnost<\/strong>: Snadno se \u0161k\u00e1luje pro velk\u00e9 projekty.<\/li>\n<\/ul>\n\n\n\n<h4 class=\"wp-block-heading\" id=\"cons\">Nev\u00fdhody<\/h4>\n\n\n\n<ul class=\"wp-block-list\">\n<li class=\"\"><strong>Odchylky kvality<\/strong>: Kvalita se m\u016f\u017ee u r\u016fzn\u00fdch n\u00e1stroj\u016f li\u0161it.<\/li>\n\n\n\n<li class=\"\"><strong>P\u0159\u00edzvuk a jazykov\u00e1 omezen\u00ed<\/strong>: Ne v\u0161echny p\u0159\u00edzvuky a jazyky jsou podporov\u00e1ny stejn\u011b.<\/li>\n\n\n\n<li class=\"\"><strong>Po\u010d\u00e1te\u010dn\u00ed nastaven\u00ed<\/strong>: N\u011bkter\u00e9 n\u00e1stroje vy\u017eaduj\u00ed ur\u010ditou dobu u\u010den\u00ed.<\/li>\n<\/ul>\n\n\n\n<h4 class=\"wp-block-heading\" id=\"advantages\">V\u00fdhody<\/h4>\n\n\n\n<ul class=\"wp-block-list\">\n<li class=\"\"><strong>Vysoce kvalitn\u00ed v\u00fdstup<\/strong>: Produkuje zvuk profesion\u00e1ln\u00ed kvality.<\/li>\n\n\n\n<li class=\"\"><strong>P\u0159izp\u016fsoben\u00ed<\/strong>: Umo\u017e\u0148uje p\u0159izp\u016fsoben\u00ed hlasu a jazyka.<\/li>\n\n\n\n<li class=\"\"><strong>Integrace<\/strong>: Lze integrovat s r\u016fzn\u00fdmi aplikacemi.<\/li>\n<\/ul>\n\n\n\n<h4 class=\"wp-block-heading\" id=\"challenges\">V\u00fdzvy<\/h4>\n\n\n\n<ul class=\"wp-block-list\">\n<li class=\"\"><strong>N\u00e1klady<\/strong>: Pokro\u010dil\u00e9 funkce mohou b\u00fdt zpoplatn\u011bny.<\/li>\n\n\n\n<li class=\"\"><strong>Technick\u00e9 po\u017eadavky<\/strong>: N\u011bkter\u00e9 n\u00e1stroje mohou vy\u017eadovat technick\u00e9 znalosti.<\/li>\n\n\n\n<li class=\"\"><strong>P\u0159irozenost hlasu<\/strong>: Dos\u00e1hnout dokonal\u00e9 p\u0159irozenosti m\u016f\u017ee b\u00fdt n\u00e1ro\u010dn\u00e9.<\/li>\n<\/ul>\n\n\n\n<h4 class=\"wp-block-heading\" id=\"suggestions\">N\u00e1vrhy<\/h4>\n\n\n\n<ul class=\"wp-block-list\">\n<li class=\"\"><strong>V\u00fdb\u011br spr\u00e1vn\u00e9ho n\u00e1stroje<\/strong>: Vyberte si n\u00e1stroj, kter\u00fd vyhovuje va\u0161im pot\u0159eb\u00e1m a rozpo\u010dtu.<\/li>\n\n\n\n<li class=\"\"><strong>Experiment<\/strong>: Vyzkou\u0161ejte r\u016fzn\u00e1 nastaven\u00ed, abyste dos\u00e1hli nejlep\u0161\u00edch v\u00fdsledk\u016f.<\/li>\n\n\n\n<li class=\"\"><strong>Z\u016fsta\u0148te aktualizov\u00e1ni<\/strong>: Dr\u017ete krok s nejnov\u011bj\u0161\u00edmi pokroky v hlasov\u00e9 technologii AI.<\/li>\n<\/ul>\n\n\n\n<h3 class=\"wp-block-heading\" id=\"frequently-asked-questions\">\u010casto kladen\u00e9 ot\u00e1zky<\/h3>\n\n\n\n<ol class=\"wp-block-list\">\n<li class=\"\"><strong>Jak\u00fd hlasov\u00fd gener\u00e1tor AI v\u0161ichni pou\u017e\u00edvaj\u00ed?<\/strong><br>V\u011bt\u0161ina lid\u00ed pou\u017e\u00edv\u00e1 n\u00e1stroje jako Google Text-to-Speech a Amazon Polly pro jejich kvalitn\u00ed v\u00fdstup a spolehlivost.<\/li>\n\n\n\n<li class=\"\"><strong>Jak pou\u017e\u00edvat gener\u00e1tor hlasu um\u011bl\u00e9 inteligence?<\/strong><br>Vyberte si n\u00e1stroj, zadejte text, vyberte nastaven\u00ed hlasu a jazyka, vygenerujte zvuk a st\u00e1hn\u011bte jej.<\/li>\n\n\n\n<li class=\"\"><strong>Jak\u00fd je nejlep\u0161\u00ed gener\u00e1tor hlasu AI?<\/strong><br>Nejlep\u0161\u00ed gener\u00e1tor hlasu s um\u011blou inteligenc\u00ed z\u00e1vis\u00ed na va\u0161ich pot\u0159eb\u00e1ch, ale mezi nejlep\u0161\u00ed mo\u017enosti pat\u0159\u00ed AI Voice Generator, Google Text-to-Speech a Amazon Polly.<\/li>\n\n\n\n<li class=\"\"><strong>Jak generovat hlas um\u011bl\u00e9 inteligence?<\/strong><br>Pou\u017eijte n\u00e1stroj pro generov\u00e1n\u00ed hlasu um\u011bl\u00e9 inteligence, zadejte text, vyberte nastaven\u00ed a vygenerujte hlas.<\/li>\n\n\n\n<li class=\"\"><strong>Jak vytvo\u0159it gener\u00e1tor hlasu um\u011bl\u00e9 inteligence?<\/strong><br>Vytvo\u0159en\u00ed gener\u00e1toru hlasu s um\u011blou inteligenc\u00ed vy\u017eaduje pokro\u010dil\u00e9 program\u00e1torsk\u00e9 dovednosti a znalosti strojov\u00e9ho u\u010den\u00ed a neuronov\u00fdch s\u00edt\u00ed.<\/li>\n\n\n\n<li class=\"\"><strong>Jak\u00e9 jsou nejlep\u0161\u00ed bezplatn\u00e9 gener\u00e1tory hlasu AI?<\/strong><br>Obl\u00edben\u00fdmi bezplatn\u00fdmi mo\u017enostmi jsou AI Voice Generator a iSpeech.<\/li>\n\n\n\n<li class=\"\"><strong>Dok\u00e1\u017eou gener\u00e1tory hlasu s um\u011blou inteligenc\u00ed \u010d\u00edst nahlas text?<\/strong><br>Ano, hlasov\u00e9 gener\u00e1tory s um\u011blou inteligenc\u00ed dok\u00e1\u017eou p\u0159ev\u00e1d\u011bt text na \u0159e\u010d a \u010d\u00edst jej nahlas.<\/li>\n<\/ol>","protected":false},"excerpt":{"rendered":"<p>How to use the AI Voice Generator * Feel free to try our examples below if you don&#8217;t have any thoughts in your mind *&nbsp;Depending on your internet speed, loading the model may take up to 10 seconds \u2193 The Ultimate Guide to AI Voice Generators Outline AI Voice Generators have revolutionized the way we &#8230; <a title=\"Gener\u00e1tor hlasu AI\" class=\"read-more\" href=\"https:\/\/aiartfree.online\/cs\/generator-hlasu-ai\/\" aria-label=\"Read more about AI Voice Generator\">\u010c\u00edst d\u00e1l<\/a><\/p>","protected":false},"author":1,"featured_media":3458,"parent":0,"menu_order":0,"comment_status":"open","ping_status":"closed","template":"","meta":{"nf_dc_page":"","footnotes":""},"class_list":["post-3351","page","type-page","status-publish","has-post-thumbnail"],"jetpack_sharing_enabled":true,"_links":{"self":[{"href":"https:\/\/aiartfree.online\/cs\/wp-json\/wp\/v2\/pages\/3351","targetHints":{"allow":["GET"]}}],"collection":[{"href":"https:\/\/aiartfree.online\/cs\/wp-json\/wp\/v2\/pages"}],"about":[{"href":"https:\/\/aiartfree.online\/cs\/wp-json\/wp\/v2\/types\/page"}],"author":[{"embeddable":true,"href":"https:\/\/aiartfree.online\/cs\/wp-json\/wp\/v2\/users\/1"}],"replies":[{"embeddable":true,"href":"https:\/\/aiartfree.online\/cs\/wp-json\/wp\/v2\/comments?post=3351"}],"version-history":[{"count":0,"href":"https:\/\/aiartfree.online\/cs\/wp-json\/wp\/v2\/pages\/3351\/revisions"}],"wp:featuredmedia":[{"embeddable":true,"href":"https:\/\/aiartfree.online\/cs\/wp-json\/wp\/v2\/media\/3458"}],"wp:attachment":[{"href":"https:\/\/aiartfree.online\/cs\/wp-json\/wp\/v2\/media?parent=3351"}],"curies":[{"name":"wp","href":"https:\/\/api.w.org\/{rel}","templated":true}]}}