{"id":3340,"date":"2024-07-30T15:52:48","date_gmt":"2024-07-30T15:52:48","guid":{"rendered":"https:\/\/aiartfree.online\/?page_id=3340"},"modified":"2024-08-02T10:02:12","modified_gmt":"2024-08-02T10:02:12","slug":"transcript","status":"publish","type":"page","link":"https:\/\/aiartfree.online\/cs\/prepis\/","title":{"rendered":"P\u0159epis"},"content":{"rendered":"<h2 class=\"wp-block-heading\" id=\"how-to-use-transcript\" style=\"font-size:23px\">Jak pou\u017e\u00edvat p\u0159epis<\/h2>\n\n\n\n<ol class=\"wp-block-list\">\n<li class=\"\">Vyberte <strong>Mikrofon<\/strong> nebo <strong>Zvukov\u00fd soubor<\/strong> nebo <strong>YouTube<\/strong> z horn\u00ed karty<\/li>\n\n\n\n<li class=\"\">Nahr\u00e1n\u00ed obsahu<\/li>\n\n\n\n<li class=\"\">Vyberte mo\u017enost \"Vr\u00e1tit \u010dasov\u00e1 raz\u00edtka\"<\/li>\n\n\n\n<li class=\"\">Klikn\u011bte na tla\u010d\u00edtko \"Odeslat\".<\/li>\n\n\n\n<li class=\"\">Po\u010dkat, to je ono!<\/li>\n<\/ol>\n\n\n\n<p class=\"\">* <em>V z\u00e1vislosti na rychlosti va\u0161eho internetu m\u016f\u017ee na\u010dten\u00ed modelu trvat n\u011bkolik sekund.<\/em> \u2193<\/p>\n\n\n\n<div class=\"iframe-wrapper\" style=\"position: relative; width: 100%; height: 1400px;\">\n  <div class=\"loading\" style=\"position: absolute; top: 50px; left: 50%; transform: translate(-50%, -50%); width: 40px; height: 40px; border: 3px solid #f0f0f0; border-top: 3px solid #db7093; border-radius: 50%; animation: spin 1s linear infinite;\"><\/div>\n  <iframe loading=\"lazy\" src=\"https:\/\/sanchit-gandhi-whisper-jax.hf.space\" frameborder=\"0\" width=\"100%\" height=\"100%\" style=\"position: absolute; top: 0; left: 0; opacity: 0; transition: opacity 0.3s;\" onload=\"this.style.opacity=1;this.previousElementSibling.style.display='none';\"><\/iframe>\n<\/div>\n\n<style>\n@keyframes spin {\n  0% { transform: translate(-50%, -50%) rotate(0deg); }\n  100% { transform: translate(-50%, -50%) rotate(360deg); }\n}\n<\/style>\n\n\n\n<div style=\"height:60px\" aria-hidden=\"true\" class=\"wp-block-spacer\"><\/div>\n\n\n\n<h2 class=\"wp-block-heading\" id=\"how-to-use-transcript-services-your-ultimate-guide\">Jak pou\u017e\u00edvat slu\u017eby p\u0159episu: Jak na to?<\/h2>\n\n\n\n<h3 class=\"wp-block-heading\" id=\"introduction\">\u00davod<\/h3>\n\n\n\n<p class=\"\">P\u0159episovac\u00ed slu\u017eby zp\u016fsobily revoluci ve zpracov\u00e1n\u00ed audio a video obsahu t\u00edm, \u017ee p\u0159ev\u00e1d\u011bj\u00ed mluven\u00e1 slova do psan\u00e9ho textu. A\u0165 u\u017e jste student, profesion\u00e1l nebo tv\u016frce obsahu, pochopen\u00ed taj\u016f p\u0159episu m\u016f\u017ee v\u00fdrazn\u011b zv\u00fd\u0161it va\u0161i produktivitu a dostupnost.<\/p>\n\n\n\n<figure class=\"wp-block-image size-large is-resized\"><img data-recalc-dims=\"1\" data-dominant-color=\"b7aaa7\" data-has-transparency=\"false\" decoding=\"async\" width=\"1024\" height=\"640\"   loading=\"lazy\" src=\"https:\/\/i0.wp.com\/aiartfree.online\/wp-content\/uploads\/2024\/07\/WX20240730-200353%402x-1024x640.webp?resize=1024%2C640&#038;ssl=1\" alt=\"Bezplatn\u00e1 a neomezen\u00e1 slu\u017eba p\u0159episu \u010d. 1. Bez registrace. P\u0159evod zvuku na text, p\u0159epis vide\u00ed z YouTube, Z\u00edskejte p\u0159episy ze st\u0159edn\u00edch a vysok\u00fdch \u0161kol online.\" class=\"wp-image-3345 not-transparent\" style=\"--dominant-color: #b7aaa7; width:578px;height:auto\" srcset=\"https:\/\/i0.wp.com\/aiartfree.online\/wp-content\/uploads\/2024\/07\/WX20240730-200353%402x.jpg?resize=1024%2C640&amp;ssl=1 1024w, https:\/\/i0.wp.com\/aiartfree.online\/wp-content\/uploads\/2024\/07\/WX20240730-200353%402x.jpg?resize=300%2C188&amp;ssl=1 300w, https:\/\/i0.wp.com\/aiartfree.online\/wp-content\/uploads\/2024\/07\/WX20240730-200353%402x.jpg?resize=768%2C480&amp;ssl=1 768w, https:\/\/i0.wp.com\/aiartfree.online\/wp-content\/uploads\/2024\/07\/WX20240730-200353%402x.jpg?resize=1536%2C960&amp;ssl=1 1536w, https:\/\/i0.wp.com\/aiartfree.online\/wp-content\/uploads\/2024\/07\/WX20240730-200353%402x.jpg?resize=18%2C12&amp;ssl=1 18w, https:\/\/i0.wp.com\/aiartfree.online\/wp-content\/uploads\/2024\/07\/WX20240730-200353%402x.jpg?resize=600%2C375&amp;ssl=1 600w, https:\/\/i0.wp.com\/aiartfree.online\/wp-content\/uploads\/2024\/07\/WX20240730-200353%402x.jpg?w=1808&amp;ssl=1 1808w\" sizes=\"auto, (max-width: 1024px) 100vw, 1024px\" \/><\/figure>\n\n\n\n<div class=\"wp-block-rank-math-toc-block\" id=\"rank-math-toc\"><h3>Obsah<\/h3><nav><ul><li><a href=\"#introduction\">\u00davod<\/a><\/li><li><a href=\"#what-is-transcript\">Co je Transkript?<\/a><\/li><li><a href=\"#why-use-transcript-services\">Pro\u010d pou\u017e\u00edvat slu\u017eby p\u0159episu?<\/a><\/li><li><a href=\"#main-features-of-transcript-services\">Hlavn\u00ed funkce slu\u017eeb p\u0159episu<\/a><ul><li><a href=\"#100-free\">100% Zdarma<\/a><\/li><li><a href=\"#unlimited-transcription\">Neomezen\u00fd p\u0159epis<\/a><\/li><li><a href=\"#no-1-choice\">Volba \u010d. 1<\/a><\/li><li><a href=\"#no-sign-up-required\">Nen\u00ed nutn\u00e1 registrace<\/a><\/li><\/ul><\/li><li><a href=\"#who-should-use-transcription-services\">Kdo by m\u011bl vyu\u017e\u00edvat p\u0159episovatelsk\u00e9 slu\u017eby?<\/a><\/li><li><a href=\"#industries-benefiting-from-transcription-services\">Odv\u011btv\u00ed, kter\u00e1 vyu\u017e\u00edvaj\u00ed p\u0159episovatelsk\u00e9 slu\u017eby<\/a><\/li><li><a href=\"#how-to-use-transcription-services-step-by-step\">Jak pou\u017e\u00edvat p\u0159episovac\u00ed slu\u017eby: Krok za krokem<\/a><\/li><li><a href=\"#use-cases-of-transcription-services\">P\u0159\u00edpady pou\u017eit\u00ed p\u0159episovatelsk\u00fdch slu\u017eeb<\/a><\/li><li><a href=\"#top-10-transcription-tools-and-resources\">10 nejlep\u0161\u00edch n\u00e1stroj\u016f a zdroj\u016f pro p\u0159epis<\/a><\/li><li><a href=\"#advantages-disadvantages-and-challenges-in-the-transcription-industry\">V\u00fdhody, nev\u00fdhody a v\u00fdzvy v oboru p\u0159episu dat<\/a><ul><li><a href=\"#advantages\">V\u00fdhody<\/a><\/li><li><a href=\"#disadvantages\">Nev\u00fdhody<\/a><\/li><li><a href=\"#challenges\">V\u00fdzvy<\/a><\/li><\/ul><\/li><li><a href=\"#frequently-asked-questions-faq\">\u010casto kladen\u00e9 ot\u00e1zky (FAQ)<\/a><\/li><li><a href=\"#conclusion\">Z\u00e1v\u011br<\/a><\/li><\/ul><\/nav><\/div>\n\n\n\n<h3 class=\"wp-block-heading\" id=\"what-is-transcript\">Co je Transkript?<\/h3>\n\n\n\n<p class=\"\">P\u0159epis je proces p\u0159evodu mluven\u00e9 \u0159e\u010di do psan\u00e9ho textu. Tuto slu\u017ebu lze vyu\u017e\u00edt k p\u0159episu r\u016fzn\u00fdch forem zvukov\u00fdch z\u00e1znam\u016f, v\u010detn\u011b rozhovor\u016f, p\u0159edn\u00e1\u0161ek, podcast\u016f a vide\u00ed, do \u010diteln\u00fdch dokument\u016f.<\/p>\n\n\n\n<h3 class=\"wp-block-heading\" id=\"why-use-transcript-services\">Pro\u010d pou\u017e\u00edvat slu\u017eby p\u0159episu?<\/h3>\n\n\n\n<p class=\"\">P\u0159episovatelsk\u00e9 slu\u017eby nab\u00edzej\u00ed \u0159adu v\u00fdhod:<\/p>\n\n\n\n<ul class=\"wp-block-list\">\n<li class=\"\"><strong>P\u0159\u00edstupnost:<\/strong> P\u0159episy zp\u0159\u00edstup\u0148uj\u00ed obsah osob\u00e1m se sluchov\u00fdm posti\u017een\u00edm.<\/li>\n\n\n\n<li class=\"\"><strong>Mo\u017enost vyhled\u00e1v\u00e1n\u00ed:<\/strong> Textov\u00e9 dokumenty lze snadno prohled\u00e1vat, indexovat a odkazovat na n\u011b.<\/li>\n\n\n\n<li class=\"\"><strong>P\u0159esnost:<\/strong> Profesion\u00e1ln\u00ed p\u0159episovatelsk\u00e9 slu\u017eby zaji\u0161\u0165uj\u00ed vysokou p\u0159esnost p\u0159episovan\u00e9ho obsahu.<\/li>\n\n\n\n<li class=\"\"><strong>Efektivita:<\/strong> \u0160et\u0159\u00ed \u010das ve srovn\u00e1n\u00ed s ru\u010dn\u00edm p\u0159episem.<\/li>\n<\/ul>\n\n\n\n<h3 class=\"wp-block-heading\" id=\"main-features-of-transcript-services\">Hlavn\u00ed funkce slu\u017eeb p\u0159episu<\/h3>\n\n\n\n<h4 class=\"wp-block-heading\" id=\"100-free\">100% Zdarma<\/h4>\n\n\n\n<p class=\"\">Mnoho p\u0159episovac\u00edch slu\u017eeb nab\u00edz\u00ed bezplatn\u00e9 pl\u00e1ny, tak\u017ee jsou dostupn\u00e9 v\u0161em bez finan\u010dn\u00edch omezen\u00ed.<\/p>\n\n\n\n<h4 class=\"wp-block-heading\" id=\"unlimited-transcription\">Neomezen\u00fd p\u0159epis<\/h4>\n\n\n\n<p class=\"\">N\u011bkter\u00e9 slu\u017eby poskytuj\u00ed neomezen\u00e9 mo\u017enosti p\u0159episu a umo\u017e\u0148uj\u00ed u\u017eivatel\u016fm p\u0159epsat tolik soubor\u016f, kolik pot\u0159ebuj\u00ed.<\/p>\n\n\n\n<h4 class=\"wp-block-heading\" id=\"no-1-choice\">Volba \u010d. 1<\/h4>\n\n\n\n<p class=\"\">P\u0159edn\u00ed p\u0159episovac\u00ed slu\u017eby jsou \u010dasto hodnoceny jako nejlep\u0161\u00ed volba d\u00edky sv\u00e9 spolehlivosti, p\u0159esnosti a snadn\u00e9mu pou\u017eit\u00ed.<\/p>\n\n\n\n<h4 class=\"wp-block-heading\" id=\"no-sign-up-required\">Nen\u00ed nutn\u00e1 registrace<\/h4>\n\n\n\n<p class=\"\">Kl\u00ed\u010dovou vlastnost\u00ed je pohodl\u00ed, n\u011bkter\u00e9 platformy nab\u00edzej\u00ed p\u0159episovac\u00ed slu\u017eby bez nutnosti registrace.<\/p>\n\n\n\n<h3 class=\"wp-block-heading\" id=\"who-should-use-transcription-services\">Kdo by m\u011bl vyu\u017e\u00edvat p\u0159episovatelsk\u00e9 slu\u017eby?<\/h3>\n\n\n\n<p class=\"\">P\u0159episovatelsk\u00e9 slu\u017eby jsou ide\u00e1ln\u00ed pro:<\/p>\n\n\n\n<ul class=\"wp-block-list\">\n<li class=\"\"><strong>Studenti:<\/strong> P\u0159evod p\u0159edn\u00e1\u0161ek a diskus\u00ed do pozn\u00e1mek.<\/li>\n\n\n\n<li class=\"\"><strong>Profesion\u00e1lov\u00e9:<\/strong> Pro vytv\u00e1\u0159en\u00ed z\u00e1pis\u016f ze sch\u016fzek a p\u0159episov\u00e1n\u00ed rozhovor\u016f.<\/li>\n\n\n\n<li class=\"\"><strong>Tv\u016frci obsahu:<\/strong> Generov\u00e1n\u00ed textov\u00e9ho obsahu z podcast\u016f a vide\u00ed.<\/li>\n\n\n\n<li class=\"\"><strong>V\u00fdzkumn\u00edci:<\/strong> Pro dokumentaci or\u00e1ln\u00ed historie a rozhovor\u016f.<\/li>\n<\/ul>\n\n\n\n<h3 class=\"wp-block-heading\" id=\"industries-benefiting-from-transcription-services\">Odv\u011btv\u00ed, kter\u00e1 vyu\u017e\u00edvaj\u00ed p\u0159episovatelsk\u00e9 slu\u017eby<\/h3>\n\n\n\n<p class=\"\">P\u0159episovatelsk\u00e9 slu\u017eby jsou p\u0159\u00ednosn\u00e9 v r\u016fzn\u00fdch odv\u011btv\u00edch, jako jsou:<\/p>\n\n\n\n<ul class=\"wp-block-list\">\n<li class=\"\"><strong>Vzd\u011bl\u00e1n\u00ed:<\/strong> Pro p\u0159episy p\u0159edn\u00e1\u0161ek a v\u00fdzkumnou dokumentaci.<\/li>\n\n\n\n<li class=\"\"><strong>M\u00e9dia:<\/strong> P\u0159epis rozhovor\u016f a tvorba titulk\u016f.<\/li>\n\n\n\n<li class=\"\"><strong>Pr\u00e1vn\u00ed p\u0159edpisy:<\/strong> Pro soudn\u00ed p\u0159episy a pr\u00e1vn\u00ed dokumentaci.<\/li>\n\n\n\n<li class=\"\"><strong>Zdravotn\u00ed p\u00e9\u010de:<\/strong> Pro p\u0159episov\u00e1n\u00ed l\u00e9ka\u0159sk\u00fdch dikt\u00e1t\u016f a z\u00e1znam\u016f o pacientech.<\/li>\n<\/ul>\n\n\n\n<h3 class=\"wp-block-heading\" id=\"how-to-use-transcription-services-step-by-step\">Jak pou\u017e\u00edvat p\u0159episovac\u00ed slu\u017eby: Krok za krokem<\/h3>\n\n\n\n<ol class=\"wp-block-list\">\n<li class=\"\"><strong>Vyberte si slu\u017ebu:<\/strong> Vyberte si slu\u017ebu p\u0159episu, kter\u00e1 vyhovuje va\u0161im pot\u0159eb\u00e1m. Doporu\u010den\u00fd n\u00e1stroj: <a href=\"https:\/\/aiartfree.online\/cs\/prepis\/\">https:\/\/aiartfree.online\/transcript<\/a>.<\/li>\n\n\n\n<li class=\"\"><strong>Nahr\u00e1t audio\/video soubor:<\/strong> Nahrajte soubor, kter\u00fd pot\u0159ebujete p\u0159epsat.<\/li>\n\n\n\n<li class=\"\"><strong>Nastaven\u00ed p\u0159edvoleb:<\/strong> Zvolte po\u017eadovan\u00e1 nastaven\u00ed, jako je jazyk, form\u00e1t a p\u0159\u00edpadn\u00e9 zvl\u00e1\u0161tn\u00ed po\u017eadavky.<\/li>\n\n\n\n<li class=\"\"><strong>Spus\u0165te p\u0159epis:<\/strong> Zahajte proces p\u0159episu.<\/li>\n\n\n\n<li class=\"\"><strong>P\u0159ezkoum\u00e1n\u00ed a \u00fapravy:<\/strong> Po dokon\u010den\u00ed p\u0159episu jej zkontrolujte a prove\u010fte p\u0159\u00edpadn\u00e9 \u00fapravy.<\/li>\n\n\n\n<li class=\"\"><strong>Sta\u017een\u00ed a pou\u017eit\u00ed:<\/strong> St\u00e1hn\u011bte si z\u00e1v\u011bre\u010dn\u00fd p\u0159epis pro vlastn\u00ed pot\u0159ebu.<\/li>\n<\/ol>\n\n\n\n<h3 class=\"wp-block-heading\" id=\"use-cases-of-transcription-services\">P\u0159\u00edpady pou\u017eit\u00ed p\u0159episovatelsk\u00fdch slu\u017eeb<\/h3>\n\n\n\n<ul class=\"wp-block-list\">\n<li class=\"\"><strong>Akademick\u00fd v\u00fdzkum:<\/strong> P\u0159episov\u00e1n\u00ed rozhovor\u016f pro kvalitativn\u00ed v\u00fdzkum.<\/li>\n\n\n\n<li class=\"\"><strong>Tvorba obsahu:<\/strong> Generov\u00e1n\u00ed p\u0159\u00edsp\u011bvk\u016f na blog a \u010dl\u00e1nk\u016f z podcast\u016f.<\/li>\n\n\n\n<li class=\"\"><strong>Pr\u00e1vn\u00ed dokumentace:<\/strong> P\u0159episov\u00e1n\u00ed v\u00fdpov\u011bd\u00ed a soudn\u00edch jedn\u00e1n\u00ed.<\/li>\n\n\n\n<li class=\"\"><strong>Obchodn\u00ed sch\u016fzky:<\/strong> Vytv\u00e1\u0159en\u00ed podrobn\u00fdch z\u00e1pis\u016f z jedn\u00e1n\u00ed.<\/li>\n<\/ul>\n\n\n\n<h3 class=\"wp-block-heading\" id=\"top-10-transcription-tools-and-resources\">10 nejlep\u0161\u00edch n\u00e1stroj\u016f a zdroj\u016f pro p\u0159epis<\/h3>\n\n\n\n<p class=\"\">Zde je tabulka shrnuj\u00edc\u00ed 10 nejlep\u0161\u00edch n\u00e1stroj\u016f pro p\u0159epis a jejich funkce:<\/p>\n\n\n\n<figure class=\"wp-block-table\"><table class=\"has-fixed-layout\"><thead><tr><th>N\u00e1stroj \/ webov\u00e1 str\u00e1nka<\/th><th>Funkce<\/th><th>Klady<\/th><th>Nev\u00fdhody<\/th><th>ADRESA URL<\/th><\/tr><\/thead><tbody><tr><td><strong>Um\u011bn\u00ed AI zdarma<\/strong><\/td><td>P\u0159epis zvuku do textu, p\u0159epis videa<\/td><td>Zdarma, bez registrace, neomezen\u011b<\/td><td>Omezen\u00e9 p\u0159izp\u016fsoben\u00ed<\/td><td><a href=\"https:\/\/aiartfree.online\/cs\/prepis\/\">Odkaz<\/a><\/td><\/tr><tr><td><strong>TranscribeMe<\/strong><\/td><td>Vysok\u00e1 p\u0159esnost, p\u0159epis lidmi a um\u011blou inteligenc\u00ed<\/td><td>Spolehliv\u00e9, v\u00edce form\u00e1t\u016f<\/td><td>Placen\u00e1 slu\u017eba<\/td><td><a href=\"https:\/\/www.transcribeme.com\" target=\"_blank\" rel=\"noopener\">Odkaz<\/a><\/td><\/tr><tr><td><strong>Otter.ai<\/strong><\/td><td>P\u0159epis v re\u00e1ln\u00e9m \u010dase, n\u00e1stroje pro spolupr\u00e1ci<\/td><td>Snadn\u00e9 pou\u017eit\u00ed, mobiln\u00ed aplikace<\/td><td>Omezen\u00fd bezplatn\u00fd pl\u00e1n<\/td><td><a href=\"https:\/\/otter.ai\" target=\"_blank\" rel=\"noopener\">Odkaz<\/a><\/td><\/tr><tr><td><strong>Sonix<\/strong><\/td><td>Automatick\u00fd p\u0159epis, podpora v\u00edce jazyk\u016f<\/td><td>Rychl\u00e9, p\u0159esn\u00e9<\/td><td>Vy\u017eaduje se p\u0159edplatn\u00e9<\/td><td><a href=\"https:\/\/sonix.ai\" target=\"_blank\" rel=\"noopener\">Odkaz<\/a><\/td><\/tr><tr><td><strong>Rev<\/strong><\/td><td>Lidsk\u00fd p\u0159epis, titulky<\/td><td>Vysok\u00e1 kvalita, rychl\u00e9 zpracov\u00e1n\u00ed<\/td><td>Drah\u00e9<\/td><td><a href=\"https:\/\/www.rev.com\" target=\"_blank\" rel=\"noopener\">Odkaz<\/a><\/td><\/tr><tr><td><strong>Temi<\/strong><\/td><td>Cenov\u011b dostupn\u00fd automatizovan\u00fd p\u0159epis<\/td><td>Rychl\u00e9, u\u017eivatelsky p\u0159\u00edv\u011btiv\u00e9<\/td><td>Ne v\u017edy p\u0159esn\u00e9<\/td><td><a href=\"https:\/\/www.temi.com\" target=\"_blank\" rel=\"noopener\">Odkaz<\/a><\/td><\/tr><tr><td><strong>Popis<\/strong><\/td><td>\u00daprava zvuku a videa, p\u0159epis<\/td><td>V\u0161estrann\u00fd, v\u00fdkonn\u00fd<\/td><td>K\u0159ivka u\u010den\u00ed<\/td><td><a href=\"https:\/\/www.descript.com\" target=\"_blank\" rel=\"noopener\">Odkaz<\/a><\/td><\/tr><tr><td><strong>Trint<\/strong><\/td><td>P\u0159epis a edita\u010dn\u00ed n\u00e1stroje poh\u00e1n\u011bn\u00e9 um\u011blou inteligenc\u00ed<\/td><td>P\u0159esn\u00e9, flexibiln\u00ed<\/td><td>Drah\u00e9<\/td><td><a href=\"https:\/\/trint.com\" target=\"_blank\" rel=\"noopener\">Odkaz<\/a><\/td><\/tr><tr><td><strong>\u0160\u0165astn\u00fd p\u00edsa\u0159<\/strong><\/td><td>V\u00edcejazy\u010dn\u00e9 n\u00e1stroje pro spolupr\u00e1ci<\/td><td>P\u0159esn\u00e9, dobr\u00e1 podpora<\/td><td>Pot\u0159ebn\u00e9 p\u0159edplatn\u00e9<\/td><td><a href=\"https:\/\/www.happyscribe.com\" target=\"_blank\" rel=\"noopener\">Odkaz<\/a><\/td><\/tr><tr><td><strong>Scribie<\/strong><\/td><td>Ru\u010dn\u00ed a automatizovan\u00fd p\u0159epis<\/td><td>Cenov\u011b dostupn\u00e9, p\u0159esn\u00e9<\/td><td>Omezen\u00fd bezplatn\u00fd pl\u00e1n<\/td><td><a href=\"https:\/\/www.scribie.com\" target=\"_blank\" rel=\"noopener\">Odkaz<\/a><\/td><\/tr><\/tbody><\/table><\/figure>\n\n\n\n<h3 class=\"wp-block-heading\" id=\"advantages-disadvantages-and-challenges-in-the-transcription-industry\">V\u00fdhody, nev\u00fdhody a v\u00fdzvy v oboru p\u0159episu dat<\/h3>\n\n\n\n<h4 class=\"wp-block-heading\" id=\"advantages\">V\u00fdhody<\/h4>\n\n\n\n<ul class=\"wp-block-list\">\n<li class=\"\"><strong>Zlep\u0161en\u00e1 dostupnost:<\/strong> Zp\u0159\u00edstup\u0148uje obsah v\u0161em.<\/li>\n\n\n\n<li class=\"\"><strong>Zv\u00fd\u0161en\u00e1 produktivita:<\/strong> \u0160et\u0159\u00ed \u010das a \u00fasil\u00ed p\u0159i p\u0159evodu \u0159e\u010di na text.<\/li>\n\n\n\n<li class=\"\"><strong>Lep\u0161\u00ed dokumentace:<\/strong> P\u0159esn\u00e9 z\u00e1znamy o sch\u016fzk\u00e1ch, rozhovorech a dal\u0161\u00ed.<\/li>\n<\/ul>\n\n\n\n<h4 class=\"wp-block-heading\" id=\"disadvantages\">Nev\u00fdhody<\/h4>\n\n\n\n<ul class=\"wp-block-list\">\n<li class=\"\"><strong>N\u00e1klady:<\/strong> N\u011bkter\u00e9 slu\u017eby mohou b\u00fdt drah\u00e9.<\/li>\n\n\n\n<li class=\"\"><strong>Probl\u00e9my s p\u0159esnost\u00ed:<\/strong> Automatizovan\u00e9 slu\u017eby nemus\u00ed b\u00fdt v\u017edy p\u0159esn\u00e9.<\/li>\n\n\n\n<li class=\"\"><strong>Obavy o ochranu soukrom\u00ed:<\/strong> Probl\u00e9mem m\u016f\u017ee b\u00fdt nakl\u00e1d\u00e1n\u00ed s citliv\u00fdmi informacemi.<\/li>\n<\/ul>\n\n\n\n<h4 class=\"wp-block-heading\" id=\"challenges\">V\u00fdzvy<\/h4>\n\n\n\n<ul class=\"wp-block-list\">\n<li class=\"\"><strong>Variabilita \u0159e\u010di:<\/strong> P\u0159\u00edzvuk, n\u00e1\u0159e\u010d\u00ed a \u0161patn\u00e1 kvalita zvuku mohou ovlivnit p\u0159esnost.<\/li>\n\n\n\n<li class=\"\"><strong>Technick\u00e1 omezen\u00ed:<\/strong> Transkripce s um\u011blou inteligenc\u00ed m\u00e1 st\u00e1le probl\u00e9my s kontextem a homofony.<\/li>\n<\/ul>\n\n\n\n<h3 class=\"wp-block-heading\" id=\"frequently-asked-questions-faq\">\u010casto kladen\u00e9 ot\u00e1zky (FAQ)<\/h3>\n\n\n\n<ol class=\"wp-block-list\">\n<li class=\"\"><strong>Kde doch\u00e1z\u00ed k p\u0159episu?<\/strong> P\u0159epis se prov\u00e1d\u00ed v\u0161ude tam, kde je t\u0159eba p\u0159ev\u00e9st mluvenou \u0159e\u010d do textu, \u010dasto prost\u0159ednictv\u00edm p\u0159episovac\u00edch slu\u017eeb a softwaru.<\/li>\n\n\n\n<li class=\"\"><strong>Jak z\u00edskat v\u00fdpis ze st\u0159edn\u00ed \u0161koly?<\/strong> Vysv\u011bd\u010den\u00ed ze st\u0159edn\u00ed \u0161koly m\u016f\u017eete z\u00edskat na administrativn\u00edm odd\u011blen\u00ed \u0161koly nebo na jej\u00edm online port\u00e1lu.<\/li>\n\n\n\n<li class=\"\"><strong>Co je to p\u0159epis?<\/strong> P\u0159epis je proces p\u0159evodu mluven\u00e9 \u0159e\u010di do psan\u00e9ho textu.<\/li>\n\n\n\n<li class=\"\"><strong>Kde prob\u00edh\u00e1 p\u0159epis?<\/strong> P\u0159episov\u00e1n\u00ed prob\u00edh\u00e1 v r\u016fzn\u00fdch prost\u0159ed\u00edch, v\u010detn\u011b \u0161kol, kancel\u00e1\u0159\u00ed a poskytovatel\u016f p\u0159episovatelsk\u00fdch slu\u017eeb.<\/li>\n\n\n\n<li class=\"\"><strong>Jak z\u00edskat v\u00fdpis z aplikace Aeries?<\/strong> Chcete-li z\u00edskat v\u00fdpis z Aeries, p\u0159ihlaste se ke sv\u00e9mu \u00fa\u010dtu Aeries, p\u0159ejd\u011bte do sekce v\u00fdpis\u016f a podle pokyn\u016f si vy\u017e\u00e1dejte v\u00fdpis.<\/li>\n\n\n\n<li class=\"\"><strong>Jak\u00e9 jsou typy p\u0159epis\u016f?<\/strong> Mezi typy v\u00fdpis\u016f pat\u0159\u00ed akademick\u00e9 v\u00fdpisy, l\u00e9ka\u0159sk\u00e9 v\u00fdpisy, pr\u00e1vn\u00ed v\u00fdpisy a v\u00fdpisy z m\u00e9di\u00ed.<\/li>\n\n\n\n<li class=\"\"><strong>Jak p\u0159episovat videa na YouTube?<\/strong> Pou\u017eijte n\u00e1stroje, jako je <a href=\"https:\/\/aiartfree.online\/cs\/prepis\/\">https:\/\/aiartfree.online\/transcript<\/a> nahr\u00e1vat videa na YouTube a z\u00edsk\u00e1vat p\u0159episy.<\/li>\n\n\n\n<li class=\"\"><strong>Co je to p\u0159epis IRS?<\/strong> V\u00fdpis z da\u0148ov\u00e9ho p\u0159izn\u00e1n\u00ed je shrnut\u00ed informac\u00ed o va\u0161em da\u0148ov\u00e9m p\u0159izn\u00e1n\u00ed, kter\u00e9 poskytuje finan\u010dn\u00ed \u00fa\u0159ad.<\/li>\n\n\n\n<li class=\"\"><strong>Jak z\u00edskat v\u00fdpis z vysok\u00e9 \u0161koly?<\/strong> Vy\u017e\u00e1dejte si v\u00fdpis z vysok\u00e9 \u0161koly od matriky va\u0161\u00ed instituce nebo z jejich online slu\u017eeb.<\/li>\n\n\n\n<li class=\"\"><strong>Co jsou to p\u0159episovatelsk\u00e9 pr\u00e1ce?<\/strong> Pr\u00e1ce p\u0159episovatele zahrnuje poslech zvukov\u00fdch nahr\u00e1vek a p\u0159epis sly\u0161en\u00e9ho do p\u00edsemn\u00e9 podoby.<\/li>\n<\/ol>\n\n\n\n<h3 class=\"wp-block-heading\" id=\"conclusion\">Z\u00e1v\u011br<\/h3>\n\n\n\n<p class=\"\">P\u0159episovatelsk\u00e9 slu\u017eby nab\u00edzej\u00ed nespo\u010det v\u00fdhod, od zlep\u0161en\u00ed dostupnosti a\u017e po zv\u00fd\u0161en\u00ed produktivity. S n\u00e1stroji, jako je nap\u0159. <a href=\"https:\/\/aiartfree.online\/cs\/prepis\/\">https:\/\/aiartfree.online\/transcript<\/a>, m\u016f\u017eete snadno p\u0159ev\u00e1d\u011bt zvukov\u00e9 a video soubory na text. Prozkoumejte nejlep\u0161\u00ed n\u00e1stroje, pochopte jejich funkce a vyberte si tu spr\u00e1vnou slu\u017ebu pro sv\u00e9 pot\u0159eby. Za\u010dn\u011bte p\u0159episovat je\u0161t\u011b dnes a uvoln\u011bte pln\u00fd potenci\u00e1l sv\u00e9ho obsahu!<\/p>\n\n\n\n<p class=\"\">Nav\u0161tivte <a href=\"https:\/\/aiartfree.online\/cs\/prepis\/\">https:\/\/aiartfree.online\/transcript<\/a> nyn\u00ed za\u017e\u00edt nejlep\u0161\u00ed bezplatn\u00e9 a neomezen\u00e9 p\u0159episovac\u00ed slu\u017eby bez pot\u00ed\u017e\u00ed s registrac\u00ed!<\/p>","protected":false},"excerpt":{"rendered":"<p>How to use Transcript * Depending on your internet speed, loading the model may take a few seconds. \u2193 How to Use Transcript Services: Your Ultimate Guide Introduction Transcription services have revolutionized the way we handle audio and video content by converting spoken words into written text. Whether you&#8217;re a student, professional, or content creator, &#8230; <a title=\"P\u0159epis\" class=\"read-more\" href=\"https:\/\/aiartfree.online\/cs\/prepis\/\" aria-label=\"Read more about Transcript\">\u010c\u00edst d\u00e1l<\/a><\/p>","protected":false},"author":1,"featured_media":3345,"parent":0,"menu_order":0,"comment_status":"open","ping_status":"closed","template":"","meta":{"nf_dc_page":"","footnotes":""},"class_list":["post-3340","page","type-page","status-publish","has-post-thumbnail"],"jetpack_sharing_enabled":true,"_links":{"self":[{"href":"https:\/\/aiartfree.online\/cs\/wp-json\/wp\/v2\/pages\/3340","targetHints":{"allow":["GET"]}}],"collection":[{"href":"https:\/\/aiartfree.online\/cs\/wp-json\/wp\/v2\/pages"}],"about":[{"href":"https:\/\/aiartfree.online\/cs\/wp-json\/wp\/v2\/types\/page"}],"author":[{"embeddable":true,"href":"https:\/\/aiartfree.online\/cs\/wp-json\/wp\/v2\/users\/1"}],"replies":[{"embeddable":true,"href":"https:\/\/aiartfree.online\/cs\/wp-json\/wp\/v2\/comments?post=3340"}],"version-history":[{"count":0,"href":"https:\/\/aiartfree.online\/cs\/wp-json\/wp\/v2\/pages\/3340\/revisions"}],"wp:featuredmedia":[{"embeddable":true,"href":"https:\/\/aiartfree.online\/cs\/wp-json\/wp\/v2\/media\/3345"}],"wp:attachment":[{"href":"https:\/\/aiartfree.online\/cs\/wp-json\/wp\/v2\/media?parent=3340"}],"curies":[{"name":"wp","href":"https:\/\/api.w.org\/{rel}","templated":true}]}}