{"id":3319,"date":"2024-07-30T11:47:20","date_gmt":"2024-07-30T11:47:20","guid":{"rendered":"https:\/\/aiartfree.online\/?page_id=3319"},"modified":"2025-03-07T08:27:06","modified_gmt":"2025-03-07T08:27:06","slug":"youtube-transcript","status":"publish","type":"page","link":"https:\/\/aiartfree.online\/cs\/prepis-z-youtube\/","title":{"rendered":"P\u0159epis z YouTube"},"content":{"rendered":"<h2 class=\"wp-block-heading\" style=\"font-size:23px\">Jak pou\u017e\u00edvat p\u0159epis YouTube<\/h2>\n\n\n\n<ol class=\"wp-block-list\">\n<li class=\"\">Vyberte <strong>YouTube<\/strong> z horn\u00ed karty<\/li>\n\n\n\n<li class=\"\">Vlo\u017ete adresu URL YouTube<\/li>\n\n\n\n<li class=\"\">Vyberte mo\u017enost \"Vr\u00e1tit \u010dasov\u00e1 raz\u00edtka\"<\/li>\n\n\n\n<li class=\"\">Klikn\u011bte na tla\u010d\u00edtko \"Odeslat\".<\/li>\n\n\n\n<li class=\"\">Po\u010dkat, to je ono!<\/li>\n<\/ol>\n\n\n\n<figure class=\"gb-block-image gb-block-image-4dfafe81\"><a href=\"https:\/\/fas.st\/t\/XmtmoHSk\" target=\"_blank\" rel=\"noopener noreferrer\"><img data-recalc-dims=\"1\" decoding=\"async\" loading=\"lazy\" width=\"1200\" height=\"368\" class=\"gb-image gb-image-4dfafe81\" src=\"https:\/\/i0.wp.com\/aiartfree.online\/wp-content\/uploads\/2025\/03\/WX20250307-114300%402x.webp?resize=1200%2C368&#038;ssl=1\" alt=\"\" title=\"WX20250307-114300@2x\" srcset=\"https:\/\/i0.wp.com\/aiartfree.online\/wp-content\/uploads\/2025\/03\/WX20250307-114300%402x.webp?w=1900&amp;ssl=1 1900w, https:\/\/i0.wp.com\/aiartfree.online\/wp-content\/uploads\/2025\/03\/WX20250307-114300%402x.webp?resize=300%2C92&amp;ssl=1 300w, https:\/\/i0.wp.com\/aiartfree.online\/wp-content\/uploads\/2025\/03\/WX20250307-114300%402x.webp?resize=1024%2C314&amp;ssl=1 1024w, https:\/\/i0.wp.com\/aiartfree.online\/wp-content\/uploads\/2025\/03\/WX20250307-114300%402x.webp?resize=768%2C235&amp;ssl=1 768w, https:\/\/i0.wp.com\/aiartfree.online\/wp-content\/uploads\/2025\/03\/WX20250307-114300%402x.webp?resize=1536%2C471&amp;ssl=1 1536w, https:\/\/i0.wp.com\/aiartfree.online\/wp-content\/uploads\/2025\/03\/WX20250307-114300%402x.webp?resize=18%2C6&amp;ssl=1 18w, https:\/\/i0.wp.com\/aiartfree.online\/wp-content\/uploads\/2025\/03\/WX20250307-114300%402x.webp?resize=600%2C184&amp;ssl=1 600w\" sizes=\"auto, (max-width: 1200px) 100vw, 1200px\" \/><\/a><\/figure>\n\n\n\n<p class=\"\">* <em>V z\u00e1vislosti na rychlosti va\u0161eho internetu m\u016f\u017ee na\u010dten\u00ed modelu trvat n\u011bkolik sekund.<\/em> \u2193<\/p>\n\n\n\n<style>\n  .iframe-container {\n    text-align: center;\n    border: 2px solid;\n    border-image-source: linear-gradient(to right, #16b86c, #912899);\n    border-image-slice: 1;\n    box-shadow: 0 0 10px rgba(0, 0, 0, 0.1);\n    border-radius: 15px;\n    position: relative; \/* \u4f7f loader \u7edd\u5bf9\u5b9a\u4f4d\u6709\u6548 *\/\n  }\n  .loader {\n    position: absolute;\n    top: 100px;\n    left: 50%;\n    transform: translate(-50%, -50%);\n    width: 40px;\n    height: 40px;\n    border: 4px solid #f3f3f3;\n    border-top: 4px solid #9834db;\n    border-radius: 50%;\n    animation: spin 1s linear infinite;\n  }\n  @keyframes spin {\n    0% { transform: translate(-50%, -50%) rotate(0deg); }\n    100% { transform: translate(-50%, -50%) rotate(360deg); }\n  }\n  iframe {\n    width: 100%;\n    height: 1550px;\n    border: none;\n    display: inline-block;\n    margin: 0 auto;\n    opacity: 0;\n    transition: opacity 0.3s ease;\n  }\n<\/style>\n\n<div class=\"iframe-container\">\n  <div id=\"loader\" class=\"loader\"><\/div>\n  <iframe\n    src=\"https:\/\/sanchit-gandhi-whisper-jax.hf.space\"\n    frameborder=\"0\"\n    onload=\"this.style.opacity=1;document.getElementById('loader').style.display='none';\"\n  ><\/iframe>\n<\/div>\n\n\n\n<div style=\"height:60px\" aria-hidden=\"true\" class=\"wp-block-spacer\"><\/div>\n\n\n\n<h2 class=\"wp-block-heading\">Nejd\u016fle\u017eit\u011bj\u0161\u00ed pr\u016fvodce pro p\u0159epis na YouTube<\/h2>\n\n\n\n<h3 class=\"wp-block-heading\">Obsah<\/h3>\n\n\n\n<ol class=\"wp-block-list\">\n<li class=\"\"><a href=\"#introduction\">\u00davod<\/a><\/li>\n\n\n\n<li class=\"\"><a href=\"#what-is-a-youtube-transcript\">Co je to p\u0159epis YouTube?<\/a><\/li>\n\n\n\n<li class=\"\"><a href=\"#why-use-youtube-transcripts\">Pro\u010d pou\u017e\u00edvat p\u0159episy z YouTube?<\/a><\/li>\n\n\n\n<li class=\"\"><a href=\"#main-features-of-youtube-transcripts\">Hlavn\u00ed funkce p\u0159epis\u016f YouTube<\/a>\n<ul class=\"wp-block-list\">\n<li class=\"\"><a href=\"#transcription-accuracy\">P\u0159esnost p\u0159episu<\/a><\/li>\n\n\n\n<li class=\"\"><a href=\"#time-stamped-transcripts\">P\u0159episy s \u010dasov\u00fdm raz\u00edtkem<\/a><\/li>\n\n\n\n<li class=\"\"><a href=\"#download-options\">Mo\u017enosti sta\u017een\u00ed<\/a><\/li>\n\n\n\n<li class=\"\"><a href=\"#editing-and-customization\">\u00dapravy a p\u0159izp\u016fsoben\u00ed<\/a><\/li>\n<\/ul>\n<\/li>\n\n\n\n<li class=\"\"><a href=\"#who-should-use-youtube-transcripts\">Kdo by m\u011bl pou\u017e\u00edvat p\u0159episy YouTube?<\/a><\/li>\n\n\n\n<li class=\"\"><a href=\"#industries-benefiting-from-youtube-transcripts\">Odv\u011btv\u00ed, kter\u00e1 maj\u00ed prosp\u011bch z p\u0159epis\u016f YouTube<\/a><\/li>\n\n\n\n<li class=\"\"><a href=\"#how-to-use-youtube-transcripts\">Jak pou\u017e\u00edvat p\u0159episy z YouTube<\/a><\/li>\n\n\n\n<li class=\"\"><a href=\"#use-cases-of-youtube-transcripts\">P\u0159\u00edpady pou\u017eit\u00ed p\u0159epis\u016f YouTube<\/a>\n<ul class=\"wp-block-list\">\n<li class=\"\"><a href=\"#content-creators\">Tv\u016frci obsahu<\/a><\/li>\n\n\n\n<li class=\"\"><a href=\"#educators\">Pedagogov\u00e9<\/a><\/li>\n\n\n\n<li class=\"\"><a href=\"#marketers\">Market\u00e9\u0159i<\/a><\/li>\n<\/ul>\n<\/li>\n\n\n\n<li class=\"\"><a href=\"#top-10-youtube-transcript-tools-and-information\">10 nejlep\u0161\u00edch n\u00e1stroj\u016f a informac\u00ed o p\u0159episu YouTube<\/a><\/li>\n\n\n\n<li class=\"\"><a href=\"#advantages-disadvantages-and-challenges-in-the-industry\">V\u00fdhody, nev\u00fdhody a v\u00fdzvy v odv\u011btv\u00ed<\/a><\/li>\n\n\n\n<li class=\"\"><a href=\"#faq\">\u010cASTO KLADEN\u00c9 DOTAZY<\/a><\/li>\n\n\n\n<li class=\"\"><a href=\"#conclusion\">Z\u00e1v\u011br<\/a><\/li>\n<\/ol>\n\n\n\n<h3 class=\"wp-block-heading\">\u00davod<\/h3>\n\n\n\n<p class=\"\">V digit\u00e1ln\u00edm v\u011bku je nejd\u016fle\u017eit\u011bj\u0161\u00ed dostupnost obsahu. Jedn\u00edm z neju\u017eite\u010dn\u011bj\u0161\u00edch n\u00e1stroj\u016f pro zv\u00fd\u0161en\u00ed p\u0159\u00edstupnosti a zapojen\u00ed je p\u0159epis na YouTube. Tento pr\u016fvodce se zab\u00fdv\u00e1 t\u00edm, co je p\u0159epis YouTube, pro\u010d je nezbytn\u00fd a jak jej efektivn\u011b vyu\u017e\u00edvat. Prozkoum\u00e1me tak\u00e9 nejlep\u0161\u00ed dostupn\u00e9 n\u00e1stroje, v\u010detn\u011b na\u0161eho nejlep\u0161\u00edho doporu\u010den\u00ed, <a href=\"https:\/\/aiartfree.online\/cs\/prepis-z-youtube\/\">https:\/\/aiartfree.online\/youtube-transcript\/<\/a>a poskytujeme obs\u00e1hlou sekci nej\u010dast\u011bj\u0161\u00edch dotaz\u016f, kde najdete odpov\u011bdi na nej\u010dast\u011bj\u0161\u00ed ot\u00e1zky.<\/p>\n\n\n\n<figure class=\"wp-block-image size-full is-resized\"><img data-recalc-dims=\"1\" data-dominant-color=\"987d7b\" data-has-transparency=\"false\" decoding=\"async\" width=\"1024\" height=\"710\"   loading=\"lazy\" src=\"https:\/\/i0.wp.com\/aiartfree.online\/wp-content\/uploads\/2024\/07\/image-28-jpg.webp?resize=1024%2C710&#038;ssl=1\" alt=\"P\u0159epis z YouTube\" class=\"wp-image-3337 not-transparent\" style=\"--dominant-color: #987d7b; width:561px;height:auto\" srcset=\"https:\/\/i0.wp.com\/aiartfree.online\/wp-content\/uploads\/2024\/07\/image-28-jpg.webp?w=1024&amp;ssl=1 1024w, https:\/\/i0.wp.com\/aiartfree.online\/wp-content\/uploads\/2024\/07\/image-28-jpg.webp?resize=300%2C208&amp;ssl=1 300w, https:\/\/i0.wp.com\/aiartfree.online\/wp-content\/uploads\/2024\/07\/image-28-jpg.webp?resize=768%2C533&amp;ssl=1 768w, https:\/\/i0.wp.com\/aiartfree.online\/wp-content\/uploads\/2024\/07\/image-28-jpg.webp?resize=18%2C12&amp;ssl=1 18w, https:\/\/i0.wp.com\/aiartfree.online\/wp-content\/uploads\/2024\/07\/image-28-jpg.webp?resize=600%2C416&amp;ssl=1 600w\" sizes=\"auto, (max-width: 1024px) 100vw, 1024px\" \/><\/figure>\n\n\n\n<h3 class=\"wp-block-heading\">Co je to p\u0159epis YouTube?<\/h3>\n\n\n\n<p class=\"\">P\u0159epis YouTube je textov\u00e1 reprezentace mluven\u00e9ho obsahu videa YouTube. Zachycuje ka\u017ed\u00e9 vy\u0159\u010den\u00e9 slovo, \u010dasto s \u010dasov\u00fdmi zna\u010dkami, a usnad\u0148uje tak div\u00e1k\u016fm sledov\u00e1n\u00ed, vyhled\u00e1v\u00e1n\u00ed konkr\u00e9tn\u00edho obsahu a r\u016fzn\u00e9 zp\u016fsoby vyu\u017eit\u00ed informac\u00ed.<\/p>\n\n\n\n<h3 class=\"wp-block-heading\">Pro\u010d pou\u017e\u00edvat p\u0159episy z YouTube?<\/h3>\n\n\n\n<p class=\"\">Pou\u017e\u00edv\u00e1n\u00ed p\u0159epis\u016f z YouTube p\u0159in\u00e1\u0161\u00ed \u0159adu v\u00fdhod:<\/p>\n\n\n\n<ol class=\"wp-block-list\">\n<li class=\"\"><strong>P\u0159\u00edstupnost<\/strong>: P\u0159episy zp\u0159\u00edstup\u0148uj\u00ed obsah osob\u00e1m se sluchov\u00fdm posti\u017een\u00edm.<\/li>\n\n\n\n<li class=\"\"><strong>Mo\u017enost vyhled\u00e1v\u00e1n\u00ed<\/strong>: Textov\u00e9 p\u0159episy zlep\u0161uj\u00ed optimalizaci pro vyhled\u00e1va\u010de (SEO) t\u00edm, \u017ee umo\u017e\u0148uj\u00ed vyhled\u00e1v\u00e1n\u00ed obsahu videa podle kl\u00ed\u010dov\u00fdch slov.<\/li>\n\n\n\n<li class=\"\"><strong>P\u0159epracov\u00e1n\u00ed obsahu<\/strong>: P\u0159episy lze pou\u017e\u00edt jako p\u0159\u00edsp\u011bvky na blog, \u010dl\u00e1nky nebo obsah pro soci\u00e1ln\u00ed m\u00e9dia.<\/li>\n\n\n\n<li class=\"\"><strong>Porozum\u011bn\u00ed<\/strong>: Nerodil\u00ed mluv\u010d\u00ed mohou l\u00e9pe porozum\u011bt obsahu videa, kdy\u017e si ho p\u0159e\u010dtou.<\/li>\n\n\n\n<li class=\"\"><strong>Z\u00e1snuby<\/strong>: P\u0159episy udr\u017euj\u00ed div\u00e1ky v nap\u011bt\u00ed t\u00edm, \u017ee jim umo\u017e\u0148uj\u00ed sledovat video v textov\u00e9 podob\u011b.<\/li>\n<\/ol>\n\n\n\n<h3 class=\"wp-block-heading\">Hlavn\u00ed funkce p\u0159epis\u016f YouTube<\/h3>\n\n\n\n<h4 class=\"wp-block-heading\">P\u0159esnost p\u0159episu<\/h4>\n\n\n\n<p class=\"\">Pro u\u017eite\u010dnost p\u0159episu je z\u00e1sadn\u00ed p\u0159esn\u00fd p\u0159epis. Nejlep\u0161\u00ed n\u00e1stroje nab\u00edzej\u00ed vysokou m\u00edru p\u0159esnosti, co\u017e sni\u017euje pot\u0159ebu rozs\u00e1hl\u00fdch ru\u010dn\u00edch oprav.<\/p>\n\n\n\n<h4 class=\"wp-block-heading\">P\u0159episy s \u010dasov\u00fdm raz\u00edtkem<\/h4>\n\n\n\n<p class=\"\">\u010casov\u00e1 raz\u00edtka umo\u017e\u0148uj\u00ed u\u017eivatel\u016fm snadno proch\u00e1zet videem a podle pot\u0159eby p\u0159ech\u00e1zet na konkr\u00e9tn\u00ed \u010d\u00e1sti obsahu.<\/p>\n\n\n\n<h4 class=\"wp-block-heading\">Mo\u017enosti sta\u017een\u00ed<\/h4>\n\n\n\n<p class=\"\">Nejlep\u0161\u00ed n\u00e1stroje poskytuj\u00ed r\u016fzn\u00e9 form\u00e1ty pro stahov\u00e1n\u00ed (nap\u0159. SRT, TXT), aby byla zaji\u0161t\u011bna kompatibilita s r\u016fzn\u00fdmi platformami a softwarem.<\/p>\n\n\n\n<h4 class=\"wp-block-heading\">\u00dapravy a p\u0159izp\u016fsoben\u00ed<\/h4>\n\n\n\n<p class=\"\">Mo\u017enost upravovat a p\u0159izp\u016fsobovat p\u0159episy zaji\u0161\u0165uje, \u017ee vyhovuj\u00ed specifick\u00fdm pot\u0159eb\u00e1m u\u017eivatel\u016f, nap\u0159\u00edklad p\u0159id\u00e1vat pozn\u00e1mky nebo opravovat nep\u0159esnosti.<\/p>\n\n\n\n<h3 class=\"wp-block-heading\">Kdo by m\u011bl pou\u017e\u00edvat p\u0159episy YouTube?<\/h3>\n\n\n\n<ul class=\"wp-block-list\">\n<li class=\"\"><strong>Tv\u016frci obsahu<\/strong>: Zlep\u0161en\u00ed SEO a zapojen\u00ed.<\/li>\n\n\n\n<li class=\"\"><strong>Pedagogov\u00e9<\/strong>: Poskytovat p\u0159\u00edstupn\u00e9 v\u00fdukov\u00e9 materi\u00e1ly.<\/li>\n\n\n\n<li class=\"\"><strong>Market\u00e9\u0159i<\/strong>: Z\u00edsk\u00e1v\u00e1n\u00ed obsahu pro kampan\u011b a anal\u00fdzy.<\/li>\n\n\n\n<li class=\"\"><strong>V\u00fdzkumn\u00edci<\/strong>: P\u0159epis rozhovor\u016f a prezentac\u00ed pro anal\u00fdzu dat.<\/li>\n\n\n\n<li class=\"\"><strong>Div\u00e1ci<\/strong>: Sledov\u00e1n\u00ed vide\u00ed a zlep\u0161en\u00ed porozum\u011bn\u00ed.<\/li>\n<\/ul>\n\n\n\n<h3 class=\"wp-block-heading\">Odv\u011btv\u00ed, kter\u00e1 maj\u00ed prosp\u011bch z p\u0159epis\u016f YouTube<\/h3>\n\n\n\n<ul class=\"wp-block-list\">\n<li class=\"\"><strong>Vzd\u011bl\u00e1v\u00e1n\u00ed<\/strong>: Zlep\u0161en\u00ed v\u00fdukov\u00fdch zdroj\u016f.<\/li>\n\n\n\n<li class=\"\"><strong>Marketing<\/strong>: Zlep\u0161en\u00ed dosahu a zapojen\u00ed obsahu.<\/li>\n\n\n\n<li class=\"\"><strong>Z\u00e1bava<\/strong>: Zp\u0159\u00edstupn\u011bn\u00ed obsahu \u0161ir\u0161\u00edmu publiku.<\/li>\n\n\n\n<li class=\"\"><strong>V\u00fdzkum<\/strong>: Usnadn\u011bn\u00ed anal\u00fdzy a dokumentace dat.<\/li>\n\n\n\n<li class=\"\"><strong>Zdravotn\u00ed p\u00e9\u010de<\/strong>: P\u0159epis l\u00e9ka\u0159sk\u00fdch p\u0159edn\u00e1\u0161ek a semin\u00e1\u0159\u016f pro profesn\u00ed rozvoj.<\/li>\n<\/ul>\n\n\n\n<h3 class=\"wp-block-heading\">Jak pou\u017e\u00edvat p\u0159episy z YouTube<\/h3>\n\n\n\n<ol class=\"wp-block-list\">\n<li class=\"\"><strong>N\u00e1stroj pro vyhled\u00e1n\u00ed p\u0159episu<\/strong>: Pou\u017eijte spolehliv\u00fd n\u00e1stroj, jako je <a href=\"https:\/\/aiartfree.online\/cs\/prepis-z-youtube\/\">https:\/\/aiartfree.online\/youtube-transcript\/<\/a>.<\/li>\n\n\n\n<li class=\"\"><strong>Nahr\u00e1n\u00ed nebo propojen\u00ed videa<\/strong>: Uve\u010fte odkaz na video na YouTube.<\/li>\n\n\n\n<li class=\"\"><strong>Generov\u00e1n\u00ed p\u0159episu<\/strong>: Umo\u017en\u011bte n\u00e1stroji zpracovat video a vytvo\u0159it p\u0159epis.<\/li>\n\n\n\n<li class=\"\"><strong>Upravit a p\u0159izp\u016fsobit<\/strong>: Prove\u010fte v\u0161echny pot\u0159ebn\u00e9 \u00fapravy p\u0159episu.<\/li>\n\n\n\n<li class=\"\"><strong>St\u00e1hnout<\/strong>: Ulo\u017ete p\u0159epis v preferovan\u00e9m form\u00e1tu.<\/li>\n<\/ol>\n\n\n\n<h3 class=\"wp-block-heading\">P\u0159\u00edpady pou\u017eit\u00ed p\u0159epis\u016f YouTube<\/h3>\n\n\n\n<h4 class=\"wp-block-heading\">Tv\u016frci obsahu<\/h4>\n\n\n\n<p class=\"\">Tv\u016frci obsahu mohou pou\u017e\u00edvat p\u0159episy ke zlep\u0161en\u00ed SEO, aby byla jejich videa l\u00e9pe vyhledateln\u00e1. P\u0159episy lze tak\u00e9 pou\u017e\u00edt v p\u0159\u00edsp\u011bvc\u00edch na blogu nebo v obsahu soci\u00e1ln\u00edch m\u00e9di\u00ed.<\/p>\n\n\n\n<h4 class=\"wp-block-heading\">Pedagogov\u00e9<\/h4>\n\n\n\n<p class=\"\">Pedagogov\u00e9 mohou student\u016fm poskytnout p\u0159episy, aby zlep\u0161ili v\u00fduku a p\u0159\u00edstupnost. P\u0159episy jsou tak\u00e9 u\u017eite\u010dn\u00e9 pro vytv\u00e1\u0159en\u00ed studijn\u00edch materi\u00e1l\u016f a referen\u010dn\u00edch dokument\u016f.<\/p>\n\n\n\n<h4 class=\"wp-block-heading\">Market\u00e9\u0159i<\/h4>\n\n\n\n<p class=\"\">Market\u00e9\u0159i mohou pomoc\u00ed p\u0159epis\u016f z\u00edsk\u00e1vat kl\u00ed\u010dov\u00e9 informace pro kampan\u011b, vytv\u00e1\u0159et p\u0159\u00edsp\u011bvky na blogu a analyzovat chov\u00e1n\u00ed a preference spot\u0159ebitel\u016f.<\/p>\n\n\n\n<h3 class=\"wp-block-heading\">10 nejlep\u0161\u00edch n\u00e1stroj\u016f a informac\u00ed o p\u0159episu YouTube<\/h3>\n\n\n\n<figure class=\"wp-block-table\"><table class=\"has-fixed-layout\"><thead><tr><th>Webov\u00e9 str\u00e1nky<\/th><th>V\u00fdhody<\/th><th>Nev\u00fdhody<\/th><th>V\u00fdzvy<\/th><th>N\u00e1vrhy<\/th><\/tr><\/thead><tbody><tr><td><a href=\"https:\/\/aiartfree.online\/cs\/prepis-z-youtube\/\">P\u0159epis z YouTube<\/a><\/td><td>100% Zdarma, neomezen\u011b, bez registrace, vysok\u00e1 p\u0159esnost<\/td><td>Omezen\u00e1 jazykov\u00e1 podpora<\/td><td>Zaji\u0161t\u011bn\u00ed vysok\u00e9 p\u0159esnosti v\u0161ech vide\u00ed<\/td><td>Roz\u0161\u00ed\u0159en\u00ed jazykov\u00e9 podpory<\/td><\/tr><tr><td>otter.ai<\/td><td>P\u0159esn\u00e9, kolaborativn\u00ed funkce<\/td><td>Vy\u017eaduje se p\u0159edplatn\u00e9<\/td><td>\u0158\u00edzen\u00ed n\u00e1klad\u016f pro velk\u00e9 t\u00fdmy<\/td><td>Nab\u00eddnout cenov\u011b dostupn\u011bj\u0161\u00ed pl\u00e1ny<\/td><\/tr><tr><td>rev.com<\/td><td>Profesion\u00e1ln\u00ed p\u0159esnost, rychl\u00e9 zpracov\u00e1n\u00ed<\/td><td>N\u00e1kladn\u00e9 pro dlouh\u00e1 videa<\/td><td>Zachov\u00e1n\u00ed cenov\u00e9 dostupnosti<\/td><td>Zaveden\u00ed odstup\u0148ovan\u00fdch cen<\/td><\/tr><tr><td>temi.com<\/td><td>Cenov\u011b dostupn\u00fd, u\u017eivatelsky p\u0159\u00edv\u011btiv\u00fd<\/td><td>P\u0159esnost se m\u016f\u017ee li\u0161it<\/td><td>Vyv\u00e1\u017een\u00ed n\u00e1klad\u016f a kvality<\/td><td>Zlep\u0161en\u00ed p\u0159esnosti<\/td><\/tr><tr><td>transcribeme.com<\/td><td>Vysok\u00e1 p\u0159esnost, k dispozici je p\u0159epis od \u010dlov\u011bka<\/td><td>Drah\u00e9<\/td><td>\u0158\u00edzen\u00ed n\u00e1klad\u016f na p\u0159epis<\/td><td>Nab\u00eddka slev pro hromadn\u00e9 objedn\u00e1vky<\/td><\/tr><tr><td>sonix.ai<\/td><td>Rychl\u00fd, Integruje se s edita\u010dn\u00edm softwarem<\/td><td>Vy\u017eaduje se p\u0159edplatn\u00e9<\/td><td>Zd\u016fvodn\u011bn\u00ed n\u00e1klad\u016f na p\u0159edplatn\u00e9<\/td><td>Poskytnout v\u00edce mo\u017enost\u00ed zku\u0161ebn\u00edho provozu<\/td><\/tr><tr><td>scribie.com<\/td><td>Cenov\u011b dostupn\u00fd ru\u010dn\u00ed p\u0159epis<\/td><td>Omezen\u00e9 funkce<\/td><td>Roz\u0161\u00ed\u0159en\u00ed sady funkc\u00ed<\/td><td>Roz\u0161\u00ed\u0159it funkce<\/td><\/tr><tr><td>happyscribe.com<\/td><td>V\u00edcejazy\u010dn\u00e1 podpora, U\u017eivatelsky p\u0159\u00edv\u011btiv\u00e9<\/td><td>Vy\u017eaduje se p\u0159edplatn\u00e9<\/td><td>\u0158\u00edzen\u00ed n\u00e1klad\u016f<\/td><td>Zaveden\u00ed pru\u017en\u011bj\u0161\u00edho stanovov\u00e1n\u00ed cen<\/td><\/tr><tr><td>descript.com<\/td><td>Funkce \u00faprav, vysok\u00e1 p\u0159esnost<\/td><td>Strm\u011bj\u0161\u00ed k\u0159ivka u\u010den\u00ed<\/td><td>U\u017eivatelsky p\u0159\u00edv\u011btiv\u00e9 rozhran\u00ed<\/td><td>Zjednodu\u0161en\u00ed rozhran\u00ed<\/td><\/tr><tr><td><a href=\"https:\/\/trint.com\" target=\"_blank\" rel=\"noopener\">trint.com<\/a><\/td><td>Rychl\u00e9 n\u00e1stroje pro spolupr\u00e1ci<\/td><td>Drah\u00e9 pro individu\u00e1ln\u00ed u\u017eivatele<\/td><td>Efektivita n\u00e1klad\u016f<\/td><td>Nab\u00eddka v\u00edce individu\u00e1ln\u00edch u\u017eivatelsk\u00fdch pl\u00e1n\u016f<\/td><\/tr><\/tbody><\/table><\/figure>\n\n\n\n<h3 class=\"wp-block-heading\">V\u00fdhody, nev\u00fdhody a v\u00fdzvy v odv\u011btv\u00ed<\/h3>\n\n\n\n<h4 class=\"wp-block-heading\">V\u00fdhody<\/h4>\n\n\n\n<ul class=\"wp-block-list\">\n<li class=\"\">Lep\u0161\u00ed dostupnost a zapojen\u00ed.<\/li>\n\n\n\n<li class=\"\">Vylep\u0161en\u00e1 SEO a nalezitelnost.<\/li>\n\n\n\n<li class=\"\">V\u0161estrann\u00e9 opakovan\u00e9 pou\u017eit\u00ed obsahu.<\/li>\n<\/ul>\n\n\n\n<h4 class=\"wp-block-heading\">Nev\u00fdhody<\/h4>\n\n\n\n<ul class=\"wp-block-list\">\n<li class=\"\">R\u016fzn\u00e1 p\u0159esnost r\u016fzn\u00fdch n\u00e1stroj\u016f.<\/li>\n\n\n\n<li class=\"\">N\u00e1klady spojen\u00e9 s vysoce kvalitn\u00edmi slu\u017ebami p\u0159episu.<\/li>\n<\/ul>\n\n\n\n<h4 class=\"wp-block-heading\">V\u00fdzvy<\/h4>\n\n\n\n<ul class=\"wp-block-list\">\n<li class=\"\">Vyv\u00e1\u017een\u00ed n\u00e1klad\u016f a p\u0159esnosti.<\/li>\n\n\n\n<li class=\"\">Zaji\u0161t\u011bn\u00ed v\u00edcejazy\u010dn\u00e9 podpory a mo\u017enost\u00ed p\u0159izp\u016fsoben\u00ed.<\/li>\n<\/ul>\n\n\n\n<h4 class=\"wp-block-heading\">N\u00e1vrhy<\/h4>\n\n\n\n<ul class=\"wp-block-list\">\n<li class=\"\">Roz\u0161\u00ed\u0159en\u00ed jazykov\u00e9 podpory.<\/li>\n\n\n\n<li class=\"\">Nab\u00eddn\u011bte flexibiln\u011bj\u0161\u00ed a cenov\u011b dostupn\u011bj\u0161\u00ed cenov\u00e9 pl\u00e1ny.<\/li>\n\n\n\n<li class=\"\">Vylep\u0161en\u00ed u\u017eivatelsk\u00fdch rozhran\u00ed pro lep\u0161\u00ed pou\u017eitelnost.<\/li>\n<\/ul>\n\n\n\n<h3 class=\"wp-block-heading\">\u010cASTO KLADEN\u00c9 DOTAZY<\/h3>\n\n\n\n<ol class=\"wp-block-list\">\n<li class=\"\"><strong>Jak z\u00edskat p\u0159epis videa na YouTube?<\/strong>\n<ul class=\"wp-block-list\">\n<li class=\"\">Pou\u017eijte n\u00e1stroj, jako je <a href=\"https:\/\/aiartfree.online\/cs\/prepis-z-youtube\/\">https:\/\/aiartfree.online\/youtube-transcript\/<\/a> pro snadn\u00e9 vytv\u00e1\u0159en\u00ed p\u0159epis\u016f.<\/li>\n<\/ul>\n<\/li>\n\n\n\n<li class=\"\"><strong>Jak st\u00e1hnout p\u0159epis na YouTube?<\/strong>\n<ul class=\"wp-block-list\">\n<li class=\"\">Ke sta\u017een\u00ed p\u0159episu pou\u017eijte vestav\u011bnou funkci p\u0159episu YouTube nebo n\u00e1stroj t\u0159et\u00ed strany.<\/li>\n<\/ul>\n<\/li>\n\n\n\n<li class=\"\"><strong>Jak z\u00edskat p\u0159epis videa na YouTube?<\/strong>\n<ul class=\"wp-block-list\">\n<li class=\"\">Zkop\u00edrujte odkaz na video a pomoc\u00ed n\u00e1stroje pro p\u0159epis vygenerujte a st\u00e1hn\u011bte p\u0159epis.<\/li>\n<\/ul>\n<\/li>\n\n\n\n<li class=\"\"><strong>Jak z\u00edskat p\u0159epis videa na YouTube?<\/strong>\n<ul class=\"wp-block-list\">\n<li class=\"\">Vyu\u017eijte online n\u00e1stroje, jako je <a href=\"https:\/\/aiartfree.online\/cs\/\">aiartfree.online<\/a> pro snadn\u00e9 vytv\u00e1\u0159en\u00ed p\u0159epis\u016f.<\/li>\n<\/ul>\n<\/li>\n\n\n\n<li class=\"\"><strong>Jak z\u00edskat p\u0159epis z videa na YouTube?<\/strong>\n<ul class=\"wp-block-list\">\n<li class=\"\">Vlo\u017ete odkaz na video do n\u00e1stroje pro generov\u00e1n\u00ed p\u0159epis\u016f a st\u00e1hn\u011bte si v\u00fdsledek.<\/li>\n<\/ul>\n<\/li>\n\n\n\n<li class=\"\"><strong>Jak st\u00e1hnout p\u0159epis z YouTube?<\/strong>\n<ul class=\"wp-block-list\">\n<li class=\"\">Ke sta\u017een\u00ed p\u0159episu v r\u016fzn\u00fdch form\u00e1tech pou\u017eijte slu\u017eby t\u0159et\u00edch stran.<\/li>\n<\/ul>\n<\/li>\n\n\n\n<li class=\"\"><strong>Jak z\u00edskat p\u0159epis z YouTube?<\/strong>\n<ul class=\"wp-block-list\">\n<li class=\"\">Z\u00edskejte p\u0159\u00edstup k p\u0159episu videa prost\u0159ednictv\u00edm slu\u017eby YouTube nebo pou\u017eijte extern\u00ed n\u00e1stroje pro roz\u0161\u00ed\u0159en\u00ed funkc\u00ed.<\/li>\n<\/ul>\n<\/li>\n\n\n\n<li class=\"\"><strong>Jak vygenerovat p\u0159epis pro videa na YouTube?<\/strong>\n<ul class=\"wp-block-list\">\n<li class=\"\">Pro rychl\u00e9 a p\u0159esn\u00e9 v\u00fdsledky pou\u017e\u00edvejte slu\u017eby automatick\u00e9ho p\u0159episu.<\/li>\n<\/ul>\n<\/li>\n\n\n\n<li class=\"\"><strong>Jak upravit p\u0159epis na YouTube?<\/strong>\n<ul class=\"wp-block-list\">\n<li class=\"\">St\u00e1hn\u011bte si p\u0159epis a pomoc\u00ed softwaru pro \u00fapravu textu prove\u010fte zm\u011bny.<\/li>\n<\/ul>\n<\/li>\n\n\n\n<li class=\"\"><strong>Jak pou\u017e\u00edvat p\u0159epis YouTube?<\/strong>\n<ul class=\"wp-block-list\">\n<li class=\"\">Sledujte video, vyhled\u00e1vejte konkr\u00e9tn\u00ed v\u00fdrazy nebo obsah pou\u017eijte pro jin\u00e9 \u00fa\u010dely.<\/li>\n<\/ul>\n<\/li>\n<\/ol>\n\n\n\n<figure class=\"wp-block-image size-large is-resized\"><img data-recalc-dims=\"1\" data-dominant-color=\"888685\" data-has-transparency=\"false\" decoding=\"async\" width=\"1024\" height=\"490\"   loading=\"lazy\" src=\"https:\/\/i0.wp.com\/aiartfree.online\/wp-content\/uploads\/2024\/07\/WX20240730-201649%402x-1024x490.webp?resize=1024%2C490&#038;ssl=1\" alt=\"\" class=\"wp-image-3349 not-transparent\" style=\"--dominant-color: #888685; width:700px;height:auto\" srcset=\"https:\/\/i0.wp.com\/aiartfree.online\/wp-content\/uploads\/2024\/07\/WX20240730-201649%402x.jpg?resize=1024%2C490&amp;ssl=1 1024w, https:\/\/i0.wp.com\/aiartfree.online\/wp-content\/uploads\/2024\/07\/WX20240730-201649%402x.jpg?resize=300%2C144&amp;ssl=1 300w, https:\/\/i0.wp.com\/aiartfree.online\/wp-content\/uploads\/2024\/07\/WX20240730-201649%402x.jpg?resize=768%2C367&amp;ssl=1 768w, https:\/\/i0.wp.com\/aiartfree.online\/wp-content\/uploads\/2024\/07\/WX20240730-201649%402x.jpg?resize=1536%2C735&amp;ssl=1 1536w, https:\/\/i0.wp.com\/aiartfree.online\/wp-content\/uploads\/2024\/07\/WX20240730-201649%402x.jpg?resize=18%2C9&amp;ssl=1 18w, https:\/\/i0.wp.com\/aiartfree.online\/wp-content\/uploads\/2024\/07\/WX20240730-201649%402x.jpg?resize=600%2C287&amp;ssl=1 600w, https:\/\/i0.wp.com\/aiartfree.online\/wp-content\/uploads\/2024\/07\/WX20240730-201649%402x.jpg?w=1944&amp;ssl=1 1944w\" sizes=\"auto, (max-width: 1024px) 100vw, 1024px\" \/><\/figure>\n\n\n\n<h3 class=\"wp-block-heading\">Z\u00e1v\u011br<\/h3>\n\n\n\n<p class=\"\">P\u0159episy z YouTube jsou neoceniteln\u00e9 pro zlep\u0161en\u00ed p\u0159\u00edstupnosti, SEO a opakovan\u00e9 pou\u017eit\u00ed obsahu. Pomoc\u00ed spolehliv\u00fdch n\u00e1stroj\u016f, jako je nap\u0159. <a href=\"https:\/\/aiartfree.online\/cs\/prepis-z-youtube\/\">https:\/\/aiartfree.online\/youtube-transcript\/<\/a>, m\u016f\u017eete snadno vytv\u00e1\u0159et, upravovat a stahovat p\u0159episy. Vyu\u017eijte s\u00edlu p\u0159epis\u016f k vylep\u0161en\u00ed sv\u00e9ho videoobsahu a oslovte \u0161ir\u0161\u00ed publikum.<\/p>\n\n\n\n<p class=\"\"><\/p>","protected":false},"excerpt":{"rendered":"<p>How to use YouTube Transcript * Depending on your internet speed, loading the model may take a few seconds. \u2193 The Ultimate Guide For YouTube Transcript Table of Contents Introduction In the digital age, content accessibility is paramount. One of the most useful tools for enhancing accessibility and engagement is the YouTube transcript. This guide &#8230; <a title=\"P\u0159epis z YouTube\" class=\"read-more\" href=\"https:\/\/aiartfree.online\/cs\/prepis-z-youtube\/\" aria-label=\"Read more about YouTube Transcript\">\u010c\u00edst d\u00e1l<\/a><\/p>","protected":false},"author":1,"featured_media":3349,"parent":0,"menu_order":0,"comment_status":"open","ping_status":"closed","template":"","meta":{"nf_dc_page":"","footnotes":""},"class_list":["post-3319","page","type-page","status-publish","has-post-thumbnail"],"jetpack_sharing_enabled":true,"_links":{"self":[{"href":"https:\/\/aiartfree.online\/cs\/wp-json\/wp\/v2\/pages\/3319","targetHints":{"allow":["GET"]}}],"collection":[{"href":"https:\/\/aiartfree.online\/cs\/wp-json\/wp\/v2\/pages"}],"about":[{"href":"https:\/\/aiartfree.online\/cs\/wp-json\/wp\/v2\/types\/page"}],"author":[{"embeddable":true,"href":"https:\/\/aiartfree.online\/cs\/wp-json\/wp\/v2\/users\/1"}],"replies":[{"embeddable":true,"href":"https:\/\/aiartfree.online\/cs\/wp-json\/wp\/v2\/comments?post=3319"}],"version-history":[{"count":1,"href":"https:\/\/aiartfree.online\/cs\/wp-json\/wp\/v2\/pages\/3319\/revisions"}],"predecessor-version":[{"id":3604,"href":"https:\/\/aiartfree.online\/cs\/wp-json\/wp\/v2\/pages\/3319\/revisions\/3604"}],"wp:featuredmedia":[{"embeddable":true,"href":"https:\/\/aiartfree.online\/cs\/wp-json\/wp\/v2\/media\/3349"}],"wp:attachment":[{"href":"https:\/\/aiartfree.online\/cs\/wp-json\/wp\/v2\/media?parent=3319"}],"curies":[{"name":"wp","href":"https:\/\/api.w.org\/{rel}","templated":true}]}}