{"id":3307,"date":"2024-07-29T14:15:31","date_gmt":"2024-07-29T14:15:31","guid":{"rendered":"https:\/\/aiartfree.online\/?page_id=3307"},"modified":"2024-08-02T10:02:58","modified_gmt":"2024-08-02T10:02:58","slug":"face-swap","status":"publish","type":"page","link":"https:\/\/aiartfree.online\/cs\/vymena-obliceje\/","title":{"rendered":"V\u00fdm\u011bna tv\u00e1\u0159\u00ed"},"content":{"rendered":"<h2 class=\"wp-block-heading\" id=\"how-to-use-face-swap\">Jak pou\u017e\u00edvat Face Swap<\/h2>\n\n\n\n<ol class=\"wp-block-list\">\n<li class=\"\">Upus\u0165te nebo nahrajte sv\u016fj <strong>C\u00edlov\u00fd obr\u00e1zek<\/strong><\/li>\n\n\n\n<li class=\"\">Upus\u0165te nebo nahrajte sv\u016fj <strong>Zdroj obr\u00e1zku<\/strong><\/li>\n\n\n\n<li class=\"\">Klikn\u011bte na mo\u017enost \"Face Swap\".<\/li>\n\n\n\n<li class=\"\">Po\u010dkat, to je ono!<\/li>\n<\/ol>\n\n\n\n<p class=\"\"><em>* V z\u00e1vislosti na rychlosti va\u0161eho internetu m\u016f\u017ee na\u010d\u00edt\u00e1n\u00ed modelu trvat n\u011bkolik sekund.<br>* B\u011bhem nep\u0159etr\u017eit\u00e9ho generov\u00e1n\u00ed bude prob\u00edhat ukl\u00e1d\u00e1n\u00ed do mezipam\u011bti a nov\u00fd obr\u00e1zek se zobraz\u00ed p\u0159ibli\u017en\u011b po 3 sekund\u00e1ch.<\/em><\/p>\n\n\n\n<div class=\"iframe-wrapper\" style=\"position: relative; width: 100%; height: 1500px;\">\n  <div class=\"loading\" style=\"position: absolute; top: 50px; left: 50%; transform: translate(-50%, -50%); width: 40px; height: 40px; border: 3px solid #f0f0f0; border-top: 3px solid #db7093; border-radius: 50%; animation: spin 1s linear infinite;\"><\/div>\n  <iframe loading=\"lazy\" src=\"https:\/\/felixrosberg-face-swap.hf.space\" frameborder=\"0\" width=\"100%\" height=\"100%\" style=\"position: absolute; top: 0; left: 0; opacity: 0; transition: opacity 0.3s;\" onload=\"this.style.opacity=1;this.previousElementSibling.style.display='none';\"><\/iframe>\n<\/div>\n\n<style>\n@keyframes spin {\n  0% { transform: translate(-50%, -50%) rotate(0deg); }\n  100% { transform: translate(-50%, -50%) rotate(360deg); }\n}\n<\/style>\n\n\n\n<div style=\"height:50px\" aria-hidden=\"true\" class=\"wp-block-spacer\"><\/div>\n\n\n\n<h2 class=\"wp-block-heading\" id=\"face-swap-the-ultimate-guide\">V\u00fdm\u011bna obli\u010deje: kone\u010dn\u00fd pr\u016fvodce<\/h2>\n\n\n\n<div class=\"wp-block-rank-math-toc-block\" id=\"rank-math-toc\"><h3>Obsah<\/h3><nav><ul><li><a href=\"#introduction\">\u00davod<\/a><\/li><li><a href=\"#what-is-face-swap\">Co je Face Swap?<\/a><\/li><li><a href=\"#why-use-face-swap\">Pro\u010d pou\u017e\u00edvat slu\u017ebu Face Swap?<\/a><\/li><li><a href=\"#who-should-use-face-swap\">Kdo by m\u011bl pou\u017e\u00edvat slu\u017ebu Face Swap?<\/a><\/li><li><a href=\"#top-10-face-swap-tools\">10 nejlep\u0161\u00edch n\u00e1stroj\u016f pro v\u00fdm\u011bnu tv\u00e1\u0159\u00ed<\/a><\/li><li><a href=\"#faq\">\u010cASTO KLADEN\u00c9 DOTAZY<\/a><ul><li><a href=\"#1-what-is-face-swapping\">1. Co je to v\u00fdm\u011bna tv\u00e1\u0159\u00ed?<\/a><\/li><li><a href=\"#2-is-face-swapping-safe\">2. Je v\u00fdm\u011bna obli\u010dej\u016f bezpe\u010dn\u00e1?<\/a><\/li><li><a href=\"#3-can-i-use-face-swap-for-free\">3. Mohu pou\u017e\u00edt v\u00fdm\u011bnu obli\u010deje zdarma?<\/a><\/li><li><a href=\"#4-do-i-need-to-sign-up-to-use-face-swap-tools\">4. Mus\u00edm se zaregistrovat, abych mohl pou\u017e\u00edvat n\u00e1stroje pro v\u00fdm\u011bnu obli\u010dej\u016f?<\/a><\/li><li><a href=\"#5-can-i-swap-faces-in-videos\">5. Mohu ve vide\u00edch vym\u011b\u0148ovat obli\u010deje?<\/a><\/li><li><a href=\"#6-what-are-the-best-free-face-swap-tools\">6. Jak\u00e9 jsou nejlep\u0161\u00ed bezplatn\u00e9 n\u00e1stroje pro v\u00fdm\u011bnu obli\u010deje?<\/a><\/li><li><a href=\"#7-how-accurate-are-face-swap-tools\">7. Jak p\u0159esn\u00e9 jsou n\u00e1stroje pro v\u00fdm\u011bnu obli\u010dej\u016f?<\/a><\/li><li><a href=\"#8-can-i-use-face-swap-for-commercial-purposes\">8. Mohu v\u00fdm\u011bnu obli\u010deje pou\u017e\u00edt pro komer\u010dn\u00ed \u00fa\u010dely?<\/a><\/li><li><a href=\"#9-are-there-any-privacy-concerns-with-face-swap\">9. Existuj\u00ed n\u011bjak\u00e9 obavy o soukrom\u00ed p\u0159i v\u00fdm\u011bn\u011b obli\u010deje?<\/a><\/li><li><a href=\"#10-what-are-the-limitations-of-face-swap-technology\">10. Jak\u00e1 jsou omezen\u00ed technologie v\u00fdm\u011bny tv\u00e1\u0159\u00ed?<\/a><\/li><\/ul><\/li><li><a href=\"#conclusion\">Z\u00e1v\u011br<\/a><\/li><\/ul><\/nav><\/div>\n\n\n\n<h3 class=\"wp-block-heading\" id=\"introduction\">\u00davod<\/h3>\n\n\n\n<p class=\"\">Technologie v\u00fdm\u011bny obli\u010dej\u016f zp\u016fsobila revoluci v interakci s digit\u00e1ln\u00edmi m\u00e9dii a nab\u00edz\u00ed nekone\u010dn\u00e9 mno\u017estv\u00ed z\u00e1bavy i praktick\u00fdch vyu\u017eit\u00ed. V tomto pr\u016fvodci se dozv\u00edte, co je to v\u00fdm\u011bna obli\u010dej\u016f, pro\u010d je u\u017eite\u010dn\u00e1, kdo ji m\u016f\u017ee vyu\u017e\u00edt, a projdeme si nejlep\u0161\u00ed n\u00e1stroje, kter\u00e9 jsou dnes k dispozici. Na\u0161\u00edm hlavn\u00edm doporu\u010den\u00edm je <strong>N\u00e1stroj Face Swap na adrese <a href=\"https:\/\/aiartfree.online\/cs\/vymena-obliceje\/\">aiartfree.online\/face-swap<\/a><\/strong>.<\/p>\n\n\n\n<figure class=\"wp-block-image size-large is-resized\"><img data-recalc-dims=\"1\" data-dominant-color=\"8d7d78\" data-has-transparency=\"false\" decoding=\"async\" width=\"1024\" height=\"452\"   loading=\"lazy\" src=\"https:\/\/i0.wp.com\/aiartfree.online\/wp-content\/uploads\/2024\/07\/WX20240729-174607%402x-1024x452.webp?resize=1024%2C452&#038;ssl=1\" alt=\"Objevte nejlep\u0161\u00ed bezplatn\u00e9 n\u00e1stroje pro neomezenou v\u00fdm\u011bnu obli\u010dej\u016f pro bezprobl\u00e9movou v\u00fdm\u011bnu fotografi\u00ed a vide\u00ed, v\u010detn\u011b mo\u017enost\u00ed v\u00fdm\u011bny obli\u010dej\u016f s um\u011blou inteligenc\u00ed a p\u0159ep\u00edn\u00e1n\u00ed obli\u010dej\u016f online.\" class=\"wp-image-3309 not-transparent\" style=\"--dominant-color: #8d7d78; width:744px;height:auto\" srcset=\"https:\/\/i0.wp.com\/aiartfree.online\/wp-content\/uploads\/2024\/07\/WX20240729-174607%402x-scaled.webp?resize=1024%2C452&amp;ssl=1 1024w, https:\/\/i0.wp.com\/aiartfree.online\/wp-content\/uploads\/2024\/07\/WX20240729-174607%402x-scaled.webp?resize=300%2C133&amp;ssl=1 300w, https:\/\/i0.wp.com\/aiartfree.online\/wp-content\/uploads\/2024\/07\/WX20240729-174607%402x-scaled.webp?resize=768%2C339&amp;ssl=1 768w, https:\/\/i0.wp.com\/aiartfree.online\/wp-content\/uploads\/2024\/07\/WX20240729-174607%402x-scaled.webp?resize=1536%2C679&amp;ssl=1 1536w, https:\/\/i0.wp.com\/aiartfree.online\/wp-content\/uploads\/2024\/07\/WX20240729-174607%402x-scaled.webp?resize=2048%2C905&amp;ssl=1 2048w, https:\/\/i0.wp.com\/aiartfree.online\/wp-content\/uploads\/2024\/07\/WX20240729-174607%402x-scaled.webp?resize=18%2C8&amp;ssl=1 18w, https:\/\/i0.wp.com\/aiartfree.online\/wp-content\/uploads\/2024\/07\/WX20240729-174607%402x-scaled.webp?resize=600%2C265&amp;ssl=1 600w, https:\/\/i0.wp.com\/aiartfree.online\/wp-content\/uploads\/2024\/07\/WX20240729-174607%402x-scaled.webp?w=2400&amp;ssl=1 2400w\" sizes=\"auto, (max-width: 1024px) 100vw, 1024px\" \/><\/figure>\n\n\n\n<h3 class=\"wp-block-heading\" id=\"what-is-face-swap\">Co je Face Swap?<\/h3>\n\n\n\n<p class=\"\">V\u00fdm\u011bna obli\u010deje je technologie, kter\u00e1 u\u017eivatel\u016fm umo\u017e\u0148uje digit\u00e1ln\u011b nahradit jeden obli\u010dej jin\u00fdm na fotografi\u00edch nebo vide\u00edch. Vyu\u017e\u00edv\u00e1 pokro\u010dilou um\u011blou inteligenci a algoritmy strojov\u00e9ho u\u010den\u00ed k plynul\u00e9 integraci vym\u011bn\u011bn\u00e9ho obli\u010deje, tak\u017ee vypad\u00e1 p\u0159irozen\u011b a realisticky.<\/p>\n\n\n\n<h3 class=\"wp-block-heading\" id=\"why-use-face-swap\">Pro\u010d pou\u017e\u00edvat slu\u017ebu Face Swap?<\/h3>\n\n\n\n<p class=\"\">Technologie v\u00fdm\u011bny tv\u00e1\u0159\u00ed je nezbytn\u00e1 z n\u011bkolika d\u016fvod\u016f:<\/p>\n\n\n\n<ul class=\"wp-block-list\">\n<li class=\"\"><strong>Z\u00e1bava<\/strong>: Vytv\u00e1\u0159ejte vtipn\u00e9 fotografie a videa pro soci\u00e1ln\u00ed m\u00e9dia.<\/li>\n\n\n\n<li class=\"\"><strong>Marketing<\/strong>: P\u0159izp\u016fsobte propaga\u010dn\u00ed obsah tak, aby se zam\u011b\u0159il na r\u016fzn\u00e9 demografick\u00e9 skupiny.<\/li>\n\n\n\n<li class=\"\"><strong>Vzd\u011bl\u00e1v\u00e1n\u00ed<\/strong>: Pou\u017eit\u00ed ve v\u00fdcvikov\u00fdch simulac\u00edch a v\u00fdukov\u00fdch vide\u00edch.<\/li>\n\n\n\n<li class=\"\"><strong>Ochrana osobn\u00edch \u00fadaj\u016f<\/strong>: Maskov\u00e1n\u00ed identit v citliv\u00e9m obsahu.<\/li>\n\n\n\n<li class=\"\"><strong>Um\u011bn\u00ed a kreativita<\/strong>: Experimentujte s digit\u00e1ln\u00edmi um\u011bleck\u00fdmi projekty.<\/li>\n<\/ul>\n\n\n\n<h3 class=\"wp-block-heading\" id=\"who-should-use-face-swap\">Kdo by m\u011bl pou\u017e\u00edvat slu\u017ebu Face Swap?<\/h3>\n\n\n\n<p class=\"\">Technologie v\u00fdm\u011bny tv\u00e1\u0159\u00ed m\u016f\u017ee b\u00fdt p\u0159\u00ednosn\u00e1 pro r\u016fzn\u00e9 osoby a odv\u011btv\u00ed:<\/p>\n\n\n\n<ul class=\"wp-block-list\">\n<li class=\"\"><strong>Nad\u0161enci do soci\u00e1ln\u00edch m\u00e9di\u00ed<\/strong>: Vytv\u00e1\u0159et poutav\u00fd a z\u00e1bavn\u00fd obsah.<\/li>\n\n\n\n<li class=\"\"><strong>Digit\u00e1ln\u00ed market\u00e9\u0159i<\/strong>: P\u0159izp\u016fsoben\u00ed marketingov\u00fdch kampan\u00ed.<\/li>\n\n\n\n<li class=\"\"><strong>Vzd\u011blavatel\u00e9 a \u0161kolitel\u00e9<\/strong>: Pro tvorbu v\u00fdukov\u00fdch materi\u00e1l\u016f.<\/li>\n\n\n\n<li class=\"\"><strong>Tv\u016frci obsahu<\/strong>: P\u0159idat sv\u00fdm projekt\u016fm jedine\u010dn\u00fd n\u00e1dech.<\/li>\n\n\n\n<li class=\"\"><strong>Jednotlivci hledaj\u00edc\u00ed soukrom\u00ed<\/strong>: Anonymizace obli\u010dej\u016f ve sd\u00edlen\u00fdch m\u00e9di\u00edch.<\/li>\n<\/ul>\n\n\n\n<h3 class=\"wp-block-heading\" id=\"top-10-face-swap-tools\">10 nejlep\u0161\u00edch n\u00e1stroj\u016f pro v\u00fdm\u011bnu tv\u00e1\u0159\u00ed<\/h3>\n\n\n\n<p class=\"\">Zde je srovn\u00e1n\u00ed nejlep\u0161\u00edch n\u00e1stroj\u016f pro v\u00fdm\u011bnu obli\u010deje, kter\u00e9 jsou dnes k dispozici:<\/p>\n\n\n\n<figure class=\"wp-block-table\"><table class=\"has-fixed-layout\"><thead><tr><th>N\u00e1zev n\u00e1stroje<\/th><th>ADRESA URL<\/th><th>V\u00fdhody<\/th><th>Nev\u00fdhody<\/th><th>Siln\u00e9 str\u00e1nky<\/th><th>V\u00fdzvy<\/th><th>Doporu\u010den\u00ed<\/th><\/tr><\/thead><tbody><tr><td>V\u00fdm\u011bna obli\u010deje AI<\/td><td><a href=\"https:\/\/aiartfree.online\/cs\/vymena-obliceje\/\">aiartfree.online\/face-swap<\/a><\/td><td>Zdarma, bez registrace, neomezen\u011b<\/td><td>Vy\u017eaduje internet<\/td><td>Vysoce kvalitn\u00ed v\u00fdm\u011bny<\/td><td>M\u016f\u017ee m\u00edt ob\u010dasn\u00e9 zpo\u017ed\u011bn\u00ed<\/td><td>Nejlep\u0161\u00ed celkov\u011b pro bezplatn\u00e9 pou\u017eit\u00ed<\/td><\/tr><tr><td>FaceApp<\/td><td>faceapp.com<\/td><td>Snadn\u00e9 pou\u017eit\u00ed, v\u00edce funkc\u00ed<\/td><td>Obr\u00e1zky s vodoznakem<\/td><td>Obl\u00edben\u00fd, v\u0161estrann\u00fd<\/td><td>Omezen\u00e1 bezplatn\u00e1 verze<\/td><td>Skv\u011bl\u00e9 pro p\u0159\u00edle\u017eitostn\u00e9 pou\u017eit\u00ed<\/td><\/tr><tr><td>Reface<\/td><td>reface.app<\/td><td>Vysoce kvalitn\u00ed videa<\/td><td>Pro z\u00edsk\u00e1n\u00ed v\u0161ech funkc\u00ed je vy\u017eadov\u00e1no p\u0159edplatn\u00e9<\/td><td>Realistick\u00e9 v\u00fdm\u011bny<\/td><td>Omezen\u00e9 bezplatn\u00e9 pou\u017e\u00edv\u00e1n\u00ed<\/td><td>Ide\u00e1ln\u00ed pro v\u00fdm\u011bnu vide\u00ed<\/td><\/tr><tr><td>Snapchat<\/td><td>snapchat.com<\/td><td>Z\u00e1bavn\u00e9 filtry, Sd\u00edlen\u00ed v soci\u00e1ln\u00edch s\u00edt\u00edch<\/td><td>Vy\u017eaduje \u00fa\u010det Snapchat<\/td><td>Obl\u00edben\u00e9 mezi ml\u00e1de\u017e\u00ed<\/td><td>Omezeno na aplikaci<\/td><td>Nejlep\u0161\u00ed pro soci\u00e1ln\u00ed m\u00e9dia<\/td><\/tr><tr><td>DeepFaceLab<\/td><td><a href=\"https:\/\/github.com\/iperov\/DeepFaceLab\" target=\"_blank\" rel=\"noopener\">github.com\/iperov\/DeepFaceLab<\/a><\/td><td>Pokro\u010dil\u00e9, p\u0159izp\u016fsobiteln\u00e9<\/td><td>Strm\u00e1 k\u0159ivka u\u010den\u00ed<\/td><td>Vysoce p\u0159izp\u016fsobiteln\u00e9<\/td><td>Vy\u017eaduje technick\u00e9 dovednosti<\/td><td>Nejlep\u0161\u00ed pro pokro\u010dil\u00e9 u\u017eivatele<\/td><\/tr><tr><td>ZAO<\/td><td>zaomakeup.com<\/td><td>V\u00fdm\u011bny v re\u00e1ln\u00e9m \u010dase<\/td><td>Obavy o ochranu soukrom\u00ed<\/td><td>Realistick\u00e9 v\u00fdstupy<\/td><td>Ot\u00e1zky ochrany osobn\u00edch \u00fadaj\u016f<\/td><td>Vhodn\u00e9 pro pou\u017eit\u00ed v re\u00e1ln\u00e9m \u010dase<\/td><\/tr><tr><td>B612<\/td><td>b612.snow.me<\/td><td>U\u017eivatelsky p\u0159\u00edv\u011btiv\u00e9, z\u00e1bavn\u00e9 filtry<\/td><td>Omezen\u00e9 funkce<\/td><td>Snadn\u00e9 pou\u017eit\u00ed<\/td><td>Vy\u017eaduje sta\u017een\u00ed aplikace<\/td><td>Skv\u011bl\u00e9 pro za\u010d\u00e1te\u010dn\u00edky<\/td><\/tr><tr><td>V\u00fdm\u011bna tv\u00e1\u0159\u00ed v p\u0159\u00edm\u00e9m p\u0159enosu<\/td><td>faceswaplive.com<\/td><td>V\u00fdm\u011bna v re\u00e1ln\u00e9m \u010dase<\/td><td>Placen\u00e1 aplikace<\/td><td>V\u00fdsledky v re\u00e1ln\u00e9m \u010dase<\/td><td>Omezen\u00e9 bezplatn\u00e9 funkce<\/td><td>Ide\u00e1ln\u00ed pro \u017eiv\u00e9 pou\u017eit\u00ed<\/td><\/tr><tr><td>MSQRD<\/td><td>msqrd.me<\/td><td>Rozmanitost masek<\/td><td>P\u0159eru\u0161eno<\/td><td>Z\u00e1bavn\u00e9 a poutav\u00e9<\/td><td>Ji\u017e nen\u00ed aktualizov\u00e1no<\/td><td>Dobr\u00e9 pro pou\u017eit\u00ed offline<\/td><\/tr><tr><td>St\u00e1nek pro v\u00fdm\u011bnu tv\u00e1\u0159\u00ed<\/td><td>faceswapbooth.com<\/td><td>P\u0159izp\u016fsobiteln\u00e9 v\u00fdm\u011bny<\/td><td>Reklamy ve verzi zdarma<\/td><td>V\u0161estrann\u00fd<\/td><td>Pro pln\u00fd p\u0159\u00edstup je nutn\u00e9 zakoupit<\/td><td>Nejlep\u0161\u00ed pro p\u0159izp\u016fsoben\u00ed<\/td><\/tr><\/tbody><\/table><\/figure>\n\n\n\n<h3 class=\"wp-block-heading\" id=\"faq\">\u010cASTO KLADEN\u00c9 DOTAZY<\/h3>\n\n\n\n<h4 class=\"wp-block-heading\" id=\"1-what-is-face-swapping\">1. Co je to v\u00fdm\u011bna tv\u00e1\u0159\u00ed?<\/h4>\n\n\n\n<p class=\"\">V\u00fdm\u011bna obli\u010dej\u016f je technologie, kter\u00e1 pomoc\u00ed um\u011bl\u00e9 inteligence a strojov\u00e9ho u\u010den\u00ed digit\u00e1ln\u011b nahrazuje jeden obli\u010dej druh\u00fdm na fotografi\u00edch nebo vide\u00edch.<\/p>\n\n\n\n<h4 class=\"wp-block-heading\" id=\"2-is-face-swapping-safe\">2. Je v\u00fdm\u011bna obli\u010dej\u016f bezpe\u010dn\u00e1?<\/h4>\n\n\n\n<p class=\"\">Ano, v\u00fdm\u011bna obli\u010dej\u016f je obecn\u011b bezpe\u010dn\u00e1, pokud pou\u017e\u00edv\u00e1te renomovan\u00e9 n\u00e1stroje a chr\u00e1n\u00edte sv\u00e9 osobn\u00ed \u00fadaje.<\/p>\n\n\n\n<h4 class=\"wp-block-heading\" id=\"3-can-i-use-face-swap-for-free\">3. Mohu pou\u017e\u00edt v\u00fdm\u011bnu obli\u010deje zdarma?<\/h4>\n\n\n\n<p class=\"\">Ano, mnoho n\u00e1stroj\u016f nab\u00edz\u00ed bezplatn\u00e9 verze, v\u010detn\u011b <a href=\"https:\/\/aiartfree.online\/cs\/vymena-obliceje\/\">aiartfree.online\/face-swap<\/a>.<\/p>\n\n\n\n<h4 class=\"wp-block-heading\" id=\"4-do-i-need-to-sign-up-to-use-face-swap-tools\">4. Mus\u00edm se zaregistrovat, abych mohl pou\u017e\u00edvat n\u00e1stroje pro v\u00fdm\u011bnu obli\u010dej\u016f?<\/h4>\n\n\n\n<p class=\"\">Ne, n\u011bkter\u00e9 n\u00e1stroje, jako nap\u0159. <a href=\"https:\/\/aiartfree.online\/cs\/vymena-obliceje\/\">aiartfree.online\/face-swap<\/a> nevy\u017eaduj\u00ed registraci.<\/p>\n\n\n\n<h4 class=\"wp-block-heading\" id=\"5-can-i-swap-faces-in-videos\">5. Mohu ve vide\u00edch vym\u011b\u0148ovat obli\u010deje?<\/h4>\n\n\n\n<p class=\"\">Ano, n\u011bkter\u00e9 pokro\u010dil\u00e9 n\u00e1stroje, jako je Reface, umo\u017e\u0148uj\u00ed ve vide\u00edch vym\u011b\u0148ovat obli\u010deje.<\/p>\n\n\n\n<h4 class=\"wp-block-heading\" id=\"6-what-are-the-best-free-face-swap-tools\">6. Jak\u00e9 jsou nejlep\u0161\u00ed bezplatn\u00e9 n\u00e1stroje pro v\u00fdm\u011bnu obli\u010deje?<\/h4>\n\n\n\n<p class=\"\">Mezi nejlep\u0161\u00ed bezplatn\u00e9 n\u00e1stroje pat\u0159\u00ed <a href=\"https:\/\/aiartfree.online\/cs\/vymena-obliceje\/\">aiartfree.online\/face-swap<\/a> a Snapchat.<\/p>\n\n\n\n<h4 class=\"wp-block-heading\" id=\"7-how-accurate-are-face-swap-tools\">7. Jak p\u0159esn\u00e9 jsou n\u00e1stroje pro v\u00fdm\u011bnu obli\u010dej\u016f?<\/h4>\n\n\n\n<p class=\"\">P\u0159esnost se li\u0161\u00ed, ale pokro\u010dil\u00e9 n\u00e1stroje jako DeepFaceLab nab\u00edzej\u00ed vysokou p\u0159esnost.<\/p>\n\n\n\n<h4 class=\"wp-block-heading\" id=\"8-can-i-use-face-swap-for-commercial-purposes\">8. Mohu v\u00fdm\u011bnu obli\u010deje pou\u017e\u00edt pro komer\u010dn\u00ed \u00fa\u010dely?<\/h4>\n\n\n\n<p class=\"\">Ano, ale ujist\u011bte se, \u017ee m\u00e1te spr\u00e1vn\u00e1 opr\u00e1vn\u011bn\u00ed pro v\u0161echny pou\u017e\u00edvan\u00e9 tv\u00e1\u0159e.<\/p>\n\n\n\n<h4 class=\"wp-block-heading\" id=\"9-are-there-any-privacy-concerns-with-face-swap\">9. Existuj\u00ed n\u011bjak\u00e9 obavy o soukrom\u00ed p\u0159i v\u00fdm\u011bn\u011b obli\u010deje?<\/h4>\n\n\n\n<p class=\"\">N\u011bkter\u00e9 n\u00e1stroje mohou m\u00edt probl\u00e9my s ochranou soukrom\u00ed, proto si vyb\u00edrejte n\u00e1stroje, kter\u00e9 up\u0159ednost\u0148uj\u00ed zabezpe\u010den\u00ed dat.<\/p>\n\n\n\n<h4 class=\"wp-block-heading\" id=\"10-what-are-the-limitations-of-face-swap-technology\">10. Jak\u00e1 jsou omezen\u00ed technologie v\u00fdm\u011bny tv\u00e1\u0159\u00ed?<\/h4>\n\n\n\n<p class=\"\">Mezi omezen\u00ed pat\u0159\u00ed potenci\u00e1ln\u00ed zpo\u017ed\u011bn\u00ed, k\u0159ivka u\u010den\u00ed a r\u016fzn\u00e1 kvalita swap\u016f.<\/p>\n\n\n\n<h3 class=\"wp-block-heading\" id=\"conclusion\">Z\u00e1v\u011br<\/h3>\n\n\n\n<p class=\"\">V\u00fdm\u011bna obli\u010dej\u016f je v\u0161estrann\u00e1 a z\u00e1bavn\u00e1 technologie s \u0161irokou \u0161k\u00e1lou vyu\u017eit\u00ed. A\u0165 u\u017e pro z\u00e1bavu, nebo pro praktick\u00e9 vyu\u017eit\u00ed, ka\u017ed\u00fd si zde najde sv\u016fj n\u00e1stroj. Nezapome\u0148te vyzkou\u0161et doporu\u010den\u00e9 <a href=\"https:\/\/aiartfree.online\/cs\/vymena-obliceje\/\">aiartfree.online\/face-swap<\/a> pro neomezen\u00fd z\u00e1\u017eitek na nejvy\u0161\u0161\u00ed \u00farovni bez registrace.<\/p>","protected":false},"excerpt":{"rendered":"<p>How to use Face Swap *&nbsp;Depending on your internet speed, loading the model may take a few seconds.* There will be caching during continuous generation, and the new image will appear after about 3 seconds. Face Swap: The Ultimate Guide Introduction Face swapping technology has revolutionized how we interact with digital media, providing endless entertainment &#8230; <a title=\"V\u00fdm\u011bna tv\u00e1\u0159\u00ed\" class=\"read-more\" href=\"https:\/\/aiartfree.online\/cs\/vymena-obliceje\/\" aria-label=\"Read more about Face Swap\">\u010c\u00edst d\u00e1l<\/a><\/p>","protected":false},"author":1,"featured_media":3309,"parent":0,"menu_order":0,"comment_status":"open","ping_status":"closed","template":"","meta":{"nf_dc_page":"","footnotes":""},"class_list":["post-3307","page","type-page","status-publish","has-post-thumbnail"],"jetpack_sharing_enabled":true,"_links":{"self":[{"href":"https:\/\/aiartfree.online\/cs\/wp-json\/wp\/v2\/pages\/3307","targetHints":{"allow":["GET"]}}],"collection":[{"href":"https:\/\/aiartfree.online\/cs\/wp-json\/wp\/v2\/pages"}],"about":[{"href":"https:\/\/aiartfree.online\/cs\/wp-json\/wp\/v2\/types\/page"}],"author":[{"embeddable":true,"href":"https:\/\/aiartfree.online\/cs\/wp-json\/wp\/v2\/users\/1"}],"replies":[{"embeddable":true,"href":"https:\/\/aiartfree.online\/cs\/wp-json\/wp\/v2\/comments?post=3307"}],"version-history":[{"count":0,"href":"https:\/\/aiartfree.online\/cs\/wp-json\/wp\/v2\/pages\/3307\/revisions"}],"wp:featuredmedia":[{"embeddable":true,"href":"https:\/\/aiartfree.online\/cs\/wp-json\/wp\/v2\/media\/3309"}],"wp:attachment":[{"href":"https:\/\/aiartfree.online\/cs\/wp-json\/wp\/v2\/media?parent=3307"}],"curies":[{"name":"wp","href":"https:\/\/api.w.org\/{rel}","templated":true}]}}