{"id":3302,"date":"2024-07-29T14:27:33","date_gmt":"2024-07-29T14:27:33","guid":{"rendered":"https:\/\/aiartfree.online\/?page_id=3302"},"modified":"2024-07-31T13:42:45","modified_gmt":"2024-07-31T13:42:45","slug":"deepfake","status":"publish","type":"page","link":"https:\/\/aiartfree.online\/cs\/deepfake\/","title":{"rendered":"Deepfake"},"content":{"rendered":"<h2 class=\"wp-block-heading has-text-align-center\">P\u0159ed vs. po<\/h2>\n\n\n\n<figure class=\"gb-block-image gb-block-image-1822da1f\"><img data-recalc-dims=\"1\" decoding=\"async\" loading=\"lazy\" width=\"1200\" height=\"638\" class=\"gb-image gb-image-1822da1f\" src=\"https:\/\/i0.wp.com\/aiartfree.online\/wp-content\/uploads\/2024\/07\/421722273567_.pic_hd-copy-jpg.webp?resize=1200%2C638&#038;ssl=1\" alt=\"Zjist\u011bte, jak technologie deepfake m\u011bn\u00ed digit\u00e1ln\u00ed m\u00e9dia. Nejlep\u0161\u00ed bezplatn\u00fd n\u00e1stroj pro vytv\u00e1\u0159en\u00ed deepfakes, zkoum\u00e1n\u00ed vym\u011bn\u011bn\u00fdch tv\u00e1\u0159\u00ed a neomezen\u00e9 aplikace um\u011bl\u00e9 inteligence.\" title=\"421722273567_.pic_hd kopie\" srcset=\"https:\/\/i0.wp.com\/aiartfree.online\/wp-content\/uploads\/2024\/07\/421722273567_.pic_hd-copy-jpg.webp?w=1652&amp;ssl=1 1652w, https:\/\/i0.wp.com\/aiartfree.online\/wp-content\/uploads\/2024\/07\/421722273567_.pic_hd-copy-jpg.webp?resize=300%2C159&amp;ssl=1 300w, https:\/\/i0.wp.com\/aiartfree.online\/wp-content\/uploads\/2024\/07\/421722273567_.pic_hd-copy-jpg.webp?resize=1024%2C544&amp;ssl=1 1024w, https:\/\/i0.wp.com\/aiartfree.online\/wp-content\/uploads\/2024\/07\/421722273567_.pic_hd-copy-jpg.webp?resize=768%2C408&amp;ssl=1 768w, https:\/\/i0.wp.com\/aiartfree.online\/wp-content\/uploads\/2024\/07\/421722273567_.pic_hd-copy-jpg.webp?resize=1536%2C816&amp;ssl=1 1536w, https:\/\/i0.wp.com\/aiartfree.online\/wp-content\/uploads\/2024\/07\/421722273567_.pic_hd-copy-jpg.webp?resize=18%2C10&amp;ssl=1 18w, https:\/\/i0.wp.com\/aiartfree.online\/wp-content\/uploads\/2024\/07\/421722273567_.pic_hd-copy-jpg.webp?resize=600%2C319&amp;ssl=1 600w\" sizes=\"auto, (max-width: 1200px) 100vw, 1200px\" \/><\/figure>\n\n\n\n<h2 class=\"wp-block-heading\">Jak pou\u017e\u00edvat Deepfake<\/h2>\n\n\n\n<ol class=\"wp-block-list\">\n<li class=\"\">Upus\u0165te nebo nahrajte sv\u016fj<strong> C\u00edlov\u00fd obr\u00e1zek<\/strong><\/li>\n\n\n\n<li class=\"\">Upus\u0165te nebo nahrajte sv\u016fj<strong> Zdroj obr\u00e1zku<\/strong><\/li>\n\n\n\n<li class=\"\">Klikn\u011bte na tla\u010d\u00edtko \"Odeslat\".<\/li>\n\n\n\n<li class=\"\">Po\u010dkat, to je ono!<\/li>\n<\/ol>\n\n\n\n<p class=\"\"><em>* V z\u00e1vislosti na rychlosti va\u0161eho internetu m\u016f\u017ee na\u010d\u00edt\u00e1n\u00ed modelu trvat n\u011bkolik sekund. \u2193<\/em><\/p>\n\n\n\n<div style=\"text-align: center; border: 2px solid; border-image-source: linear-gradient(to right, #16b86c, #912899); border-image-slice: 1; box-shadow: 0 0 10px rgba(0, 0, 0, 0.1); border-radius: 15px;\">\n  <iframe loading=\"lazy\"\n    src=\"https:\/\/bingbing520-Swap-Face-Model.hf.space\"\n    frameborder=\"0\"\n    width=\"100%\"\n    height=\"1000\"\n    style=\"display: inline-block; margin: 0 auto;\"\n  ><\/iframe>\n<\/div>\n\n\n\n<div style=\"height:50px\" aria-hidden=\"true\" class=\"wp-block-spacer\"><\/div>\n\n\n\n<h2 class=\"wp-block-heading\">Objevov\u00e1n\u00ed sv\u011bta hlubok\u00fdch podvrh\u016f: Definice, pou\u017eit\u00ed a nejlep\u0161\u00ed n\u00e1stroje<\/h2>\n\n\n\n<p class=\"\">Technologie Deepfake zp\u016fsobila revoluci v interakci s digit\u00e1ln\u00edmi m\u00e9dii a nab\u00edz\u00ed nev\u00eddan\u00e9 mo\u017enosti i v\u00fdzvy. Tento \u010dl\u00e1nek se zab\u00fdv\u00e1 definic\u00ed, aplikacemi a nejlep\u0161\u00edmi n\u00e1stroji pro tvorbu a detekci deepfake.<\/p>\n\n\n\n<figure class=\"wp-block-image size-large is-resized\"><img data-recalc-dims=\"1\" data-dominant-color=\"75716f\" data-has-transparency=\"false\" decoding=\"async\" width=\"1024\" height=\"544\"   loading=\"lazy\" src=\"https:\/\/i0.wp.com\/aiartfree.online\/wp-content\/uploads\/2024\/07\/421722273567_.pic_hd-copy-1024x544.webp?resize=1024%2C544&#038;ssl=1\" alt=\"Zjist\u011bte, jak technologie deepfake m\u011bn\u00ed digit\u00e1ln\u00ed m\u00e9dia. Nejlep\u0161\u00ed bezplatn\u00fd n\u00e1stroj pro vytv\u00e1\u0159en\u00ed deepfakes, zkoum\u00e1n\u00ed vym\u011bn\u011bn\u00fdch tv\u00e1\u0159\u00ed a neomezen\u00e9 aplikace um\u011bl\u00e9 inteligence.\" class=\"wp-image-3313 not-transparent\" style=\"--dominant-color: #75716f; width:990px;height:auto\" srcset=\"https:\/\/i0.wp.com\/aiartfree.online\/wp-content\/uploads\/2024\/07\/421722273567_.pic_hd-copy-jpg.webp?resize=1024%2C544&amp;ssl=1 1024w, https:\/\/i0.wp.com\/aiartfree.online\/wp-content\/uploads\/2024\/07\/421722273567_.pic_hd-copy-jpg.webp?resize=300%2C159&amp;ssl=1 300w, https:\/\/i0.wp.com\/aiartfree.online\/wp-content\/uploads\/2024\/07\/421722273567_.pic_hd-copy-jpg.webp?resize=768%2C408&amp;ssl=1 768w, https:\/\/i0.wp.com\/aiartfree.online\/wp-content\/uploads\/2024\/07\/421722273567_.pic_hd-copy-jpg.webp?resize=1536%2C816&amp;ssl=1 1536w, https:\/\/i0.wp.com\/aiartfree.online\/wp-content\/uploads\/2024\/07\/421722273567_.pic_hd-copy-jpg.webp?resize=18%2C10&amp;ssl=1 18w, https:\/\/i0.wp.com\/aiartfree.online\/wp-content\/uploads\/2024\/07\/421722273567_.pic_hd-copy-jpg.webp?resize=600%2C319&amp;ssl=1 600w, https:\/\/i0.wp.com\/aiartfree.online\/wp-content\/uploads\/2024\/07\/421722273567_.pic_hd-copy-jpg.webp?w=1652&amp;ssl=1 1652w\" sizes=\"auto, (max-width: 1024px) 100vw, 1024px\" \/><\/figure>\n\n\n\n<h3 class=\"wp-block-heading\">Obsah<\/h3>\n\n\n\n<ol class=\"wp-block-list\">\n<li class=\"\"><a href=\"#what-is-deepfake\">Co je Deepfake?<\/a><\/li>\n\n\n\n<li class=\"\"><a href=\"#why-use-deepfake\">Pro\u010d pou\u017e\u00edvat Deepfake?<\/a><\/li>\n\n\n\n<li class=\"\"><a href=\"#who-can-benefit-from-deepfake-technology\">Kdo m\u016f\u017ee vyu\u017e\u00edt technologii Deepfake?<\/a><\/li>\n\n\n\n<li class=\"\"><a href=\"#top-10-deepfake-tools\">10 nejlep\u0161\u00edch n\u00e1stroj\u016f Deepfake<\/a><\/li>\n\n\n\n<li class=\"\"><a href=\"#faq\">\u010cASTO KLADEN\u00c9 DOTAZY<\/a><\/li>\n\n\n\n<li class=\"\"><a href=\"#other-relevant-information\">Dal\u0161\u00ed relevantn\u00ed informace<\/a><\/li>\n<\/ol>\n\n\n\n<h3 class=\"wp-block-heading\">Co je Deepfake?<\/h3>\n\n\n\n<p class=\"\">Technologie Deepfake ozna\u010duje syntetick\u00e1 m\u00e9dia, v nich\u017e je osoba na existuj\u00edc\u00edm obr\u00e1zku nebo videu nahrazena podobiznou n\u011bkoho jin\u00e9ho. Toho se dosahuje pomoc\u00ed um\u011bl\u00e9 inteligence, konkr\u00e9tn\u011b generativn\u00edch adverzn\u00edch s\u00edt\u00ed (GAN) a neuronov\u00fdch s\u00edt\u00ed. Term\u00edn \"deepfake\" kombinuje slova \"deep learning\" a \"fake\" a popisuje proces a v\u00fdsledek t\u00e9to technologie.<\/p>\n\n\n\n<h3 class=\"wp-block-heading\">Pro\u010d pou\u017e\u00edvat Deepfake?<\/h3>\n\n\n\n<p class=\"\">Technologie Deepfake nab\u00edz\u00ed \u0159adu aplikac\u00ed:<\/p>\n\n\n\n<ul class=\"wp-block-list\">\n<li class=\"\"><strong>Z\u00e1bava<\/strong>: Vytv\u00e1\u0159en\u00ed realistick\u00fdch speci\u00e1ln\u00edch efekt\u016f a o\u017eivov\u00e1n\u00ed historick\u00fdch postav ve filmech.<\/li>\n\n\n\n<li class=\"\"><strong>Vzd\u011bl\u00e1v\u00e1n\u00ed<\/strong>: Simulov\u00e1n\u00ed sc\u00e9n\u00e1\u0159\u016f pro \u00fa\u010dely \u0161kolen\u00ed nebo vytv\u00e1\u0159en\u00ed poutav\u00e9ho vzd\u011bl\u00e1vac\u00edho obsahu.<\/li>\n\n\n\n<li class=\"\"><strong>Marketing<\/strong>: Personalizovan\u00e9 reklamy, ve kter\u00fdch div\u00e1k vid\u00ed sebe nebo celebritu, jak podporuj\u00ed produkt.<\/li>\n\n\n\n<li class=\"\"><strong>Soci\u00e1ln\u00ed m\u00e9dia<\/strong>: Vytv\u00e1\u0159en\u00ed poutav\u00e9ho a vir\u00e1ln\u00edho obsahu.<\/li>\n<\/ul>\n\n\n\n<p class=\"\">Je v\u0161ak nutn\u00e9 si uv\u011bdomit mo\u017enost zneu\u017eit\u00ed, nap\u0159\u00edklad \u0161\u00ed\u0159en\u00ed dezinformac\u00ed nebo vytv\u00e1\u0159en\u00ed deepfake porna, co\u017e vyvol\u00e1v\u00e1 etick\u00e9 a pr\u00e1vn\u00ed probl\u00e9my.<\/p>\n\n\n\n<h3 class=\"wp-block-heading\">Kdo m\u016f\u017ee vyu\u017e\u00edt technologii Deepfake?<\/h3>\n\n\n\n<ul class=\"wp-block-list\">\n<li class=\"\"><strong>Filmov\u00fd a televizn\u00ed pr\u016fmysl<\/strong>: Pro vytv\u00e1\u0159en\u00ed realistick\u00fdch efekt\u016f a posmrtn\u00fdch p\u0159edstaven\u00ed.<\/li>\n\n\n\n<li class=\"\"><strong>Vzd\u011bl\u00e1vac\u00ed instituce<\/strong>: Pro v\u00fdvoj interaktivn\u00edch v\u00fdukov\u00fdch materi\u00e1l\u016f.<\/li>\n\n\n\n<li class=\"\"><strong>Marketingov\u00e9 agentury<\/strong>: Vytv\u00e1\u0159en\u00ed personalizovan\u00fdch reklamn\u00edch kampan\u00ed.<\/li>\n\n\n\n<li class=\"\"><strong>Vlivn\u00e9 osoby na soci\u00e1ln\u00edch s\u00edt\u00edch<\/strong>: Vytv\u00e1\u0159et poutav\u00fd obsah.<\/li>\n\n\n\n<li class=\"\"><strong>Bezpe\u010dnostn\u00ed agentury<\/strong>: Pro \u00fa\u010dely \u0161kolen\u00ed a v\u00fdvoje detek\u010dn\u00edch mechanism\u016f.<\/li>\n<\/ul>\n\n\n\n<h3 class=\"wp-block-heading\">10 nejlep\u0161\u00edch n\u00e1stroj\u016f Deepfake<\/h3>\n\n\n\n<figure class=\"wp-block-table\"><table class=\"has-fixed-layout\"><thead><tr><th>N\u00e1stroj<\/th><th>Webov\u00e9 str\u00e1nky<\/th><th>V\u00fdhody<\/th><th>Nev\u00fdhody<\/th><th>V\u00fdzvy<\/th><th>Doporu\u010den\u00ed<\/th><\/tr><\/thead><tbody><tr><td>DeepFaceLab<\/td><td><a href=\"https:\/\/github.com\/iperov\/DeepFaceLab\" target=\"_blank\" rel=\"noopener\">https:\/\/github.com\/iperov\/DeepFaceLab<\/a><\/td><td>Otev\u0159en\u00fd zdrojov\u00fd k\u00f3d, vysoce p\u0159izp\u016fsobiteln\u00fd<\/td><td>Strm\u00e1 k\u0159ivka u\u010den\u00ed<\/td><td>Vy\u017eaduje v\u00fdkonn\u00fd hardware<\/td><td>Nejlep\u0161\u00ed pro zku\u0161en\u00e9 u\u017eivatele<\/td><\/tr><tr><td>Deepfake | Online zdarma<\/td><td><a href=\"https:\/\/aiartfree.online\/cs\/deepfake\/\" target=\"_blank\" rel=\"noreferrer noopener\">https:\/\/faceswap.dev\/<\/a><\/td><td>Snadn\u00e9 pou\u017eit\u00ed, rychl\u00e9 v\u00fdsledky<\/td><td>\u017d\u00e1dn\u00e1 mobiln\u00ed aplikace<\/td><td>Omezen\u00e9 p\u0159izp\u016fsoben\u00ed<\/td><td>Vhodn\u00e9 pro za\u010d\u00e1te\u010dn\u00edky s technick\u00fdm z\u00e1jmem<\/td><\/tr><tr><td>Zao<\/td><td><a href=\"https:\/\/apps.apple.com\/cn\/app\/zao\/id1465199127\" target=\"_blank\" rel=\"noopener\">https:\/\/apps.apple.com\/cn\/app\/zao\/id1465199127<\/a><\/td><td>Snadn\u00e9 pou\u017eit\u00ed, rychl\u00e9 v\u00fdsledky<\/td><td>Obavy o ochranu soukrom\u00ed<\/td><td>Omezen\u00e9 p\u0159izp\u016fsoben\u00ed<\/td><td>Ide\u00e1ln\u00ed pro p\u0159\u00edle\u017eitostn\u00e9 u\u017eivatele<\/td><\/tr><tr><td>Reface<\/td><td><a href=\"https:\/\/reface.app\/\" target=\"_blank\" rel=\"noopener\">https:\/\/reface.app\/<\/a><\/td><td>U\u017eivatelsky p\u0159\u00edv\u011btiv\u00e1 mobiln\u00ed aplikace<\/td><td>V\u00fdsledky s vodoznakem<\/td><td>Omezeno na kr\u00e1tk\u00e9 klipy<\/td><td>Skv\u011bl\u00e9 pro u\u017eivatele soci\u00e1ln\u00edch m\u00e9di\u00ed<\/td><\/tr><tr><td>MyHeritage Hlubok\u00e1 nostalgie<\/td><td><a>https:\/\/www.myheritage.com\/deep-nostalgia<\/a><\/td><td>Animuje fotografie, snadn\u00e9 pou\u017eit\u00ed<\/td><td>Omezeno na historick\u00e9 fotografie<\/td><td>P\u0159edplatn\u00e9<\/td><td>Ide\u00e1ln\u00ed pro nad\u0161ence do genealogie<\/td><\/tr><tr><td>Pomst\u011bte je<\/td><td><a href=\"https:\/\/aveng-them.com\/\" target=\"_blank\" rel=\"noopener\">https:\/\/aveng-them.com\/<\/a><\/td><td>Z\u00e1bavn\u00e9 a z\u00e1bavn\u00e9, t\u00e9mata superhrdin\u016f<\/td><td>Omezen\u00e9 pou\u017eit\u00ed<\/td><td>Nen\u00ed re\u00e1ln\u00e9<\/td><td>Dobr\u00e9 pro z\u00e1bavu<\/td><\/tr><tr><td>Hlubok\u00e9 um\u011bleck\u00e9 efekty<\/td><td><a href=\"https:\/\/www.deeparteffects.com\/\" target=\"_blank\" rel=\"noopener\">https:\/\/www.deeparteffects.com\/<\/a><\/td><td>Um\u011bleck\u00e9 prom\u011bny<\/td><td>Ne pro realistick\u00e9 deepfakes<\/td><td>P\u0159edplatn\u00e9<\/td><td>Ide\u00e1ln\u00ed pro um\u011blce<\/td><\/tr><tr><td>Deepfakes Web<\/td><td><a href=\"https:\/\/deepfakesweb.com\/\" target=\"_blank\" rel=\"noopener\">https:\/\/deepfakesweb.com\/<\/a><\/td><td>Webov\u00e9 \u0159e\u0161en\u00ed, bez nutnosti instalace<\/td><td>Vy\u017eaduje se p\u0159edplatn\u00e9<\/td><td>Pomal\u00e9 zpracov\u00e1n\u00ed<\/td><td>Vhodn\u00e9 pro p\u0159\u00edle\u017eitostn\u00e9 pou\u017eit\u00ed<\/td><\/tr><tr><td>Morphin<\/td><td><a href=\"https:\/\/morphinapp.com\/\" target=\"_blank\" rel=\"noopener\">https:\/\/morphinapp.com\/<\/a><\/td><td>Z\u00e1bavn\u00e9, snadno pou\u017eiteln\u00e9<\/td><td>Omezeno na GIFy<\/td><td>Nevhodn\u00e9 pro v\u00e1\u017en\u00e9 aplikace<\/td><td>Nejlep\u0161\u00ed pro p\u0159\u00edle\u017eitostn\u00e9 pou\u017eit\u00ed<\/td><\/tr><\/tbody><\/table><\/figure>\n\n\n\n<h3 class=\"wp-block-heading\">\u010cASTO KLADEN\u00c9 DOTAZY<\/h3>\n\n\n\n<ol class=\"wp-block-list\">\n<li class=\"\"><strong>Co je to deepfake?<\/strong>\n<ul class=\"wp-block-list\">\n<li class=\"\">Deepfake je syntetick\u00e9 m\u00e9dium, v n\u011bm\u017e je podoba osoby nahrazena podobou n\u011bkoho jin\u00e9ho pomoc\u00ed um\u011bl\u00e9 inteligence.<\/li>\n<\/ul>\n<\/li>\n\n\n\n<li class=\"\"><strong>Jak technologie deepfake funguje?<\/strong>\n<ul class=\"wp-block-list\">\n<li class=\"\">Vyu\u017e\u00edv\u00e1 algoritmy hlubok\u00e9ho u\u010den\u00ed a GAN k vytv\u00e1\u0159en\u00ed realistick\u00fdch zm\u011bn ve vide\u00edch nebo obr\u00e1zc\u00edch.<\/li>\n<\/ul>\n<\/li>\n\n\n\n<li class=\"\"><strong>Jsou deepfakes leg\u00e1ln\u00ed?<\/strong>\n<ul class=\"wp-block-list\">\n<li class=\"\">Leg\u00e1lnost deepfakes se li\u0161\u00ed podle jurisdikce a kontextu, zejm\u00e9na v ot\u00e1zk\u00e1ch, jako je souhlas a pomluva.<\/li>\n<\/ul>\n<\/li>\n\n\n\n<li class=\"\"><strong>Jak mohu vytvo\u0159it deepfake?<\/strong>\n<ul class=\"wp-block-list\">\n<li class=\"\">Pou\u017eit\u00ed n\u00e1stroj\u016f, jako je DeepFaceLab nebo FaceSwap, ale m\u011bjte na pam\u011bti etick\u00e9 a pr\u00e1vn\u00ed d\u016fsledky.<\/li>\n<\/ul>\n<\/li>\n\n\n\n<li class=\"\"><strong>Jak\u00e1 jsou nebezpe\u010d\u00ed deepfakes?<\/strong>\n<ul class=\"wp-block-list\">\n<li class=\"\">Mohou b\u00fdt pou\u017eity k \u0161\u00ed\u0159en\u00ed dezinformac\u00ed, vytv\u00e1\u0159en\u00ed nepovolen\u00e9ho explicitn\u00edho obsahu a po\u0161kozov\u00e1n\u00ed pov\u011bsti.<\/li>\n<\/ul>\n<\/li>\n\n\n\n<li class=\"\"><strong>Lze odhalit deepfakes?<\/strong>\n<ul class=\"wp-block-list\">\n<li class=\"\">Ano, prost\u0159ednictv\u00edm r\u016fzn\u00fdch detek\u010dn\u00edch technik a n\u00e1stroj\u016f vyvinut\u00fdch k rozpozn\u00e1v\u00e1n\u00ed syntetick\u00fdch m\u00e9di\u00ed.<\/li>\n<\/ul>\n<\/li>\n\n\n\n<li class=\"\"><strong>Jak\u00e1 je budoucnost technologie deepfake?<\/strong>\n<ul class=\"wp-block-list\">\n<li class=\"\">Bude se d\u00e1le vyv\u00edjet, a to d\u00edky pokroku v technologi\u00edch tvorby i detekce.<\/li>\n<\/ul>\n<\/li>\n\n\n\n<li class=\"\"><strong>Lze deepfakes vyu\u017e\u00edt k dobr\u00fdm \u00fa\u010del\u016fm?<\/strong>\n<ul class=\"wp-block-list\">\n<li class=\"\">Ano, mimo jin\u00e9 v oblasti z\u00e1bavy, vzd\u011bl\u00e1v\u00e1n\u00ed a marketingu.<\/li>\n<\/ul>\n<\/li>\n\n\n\n<li class=\"\"><strong>Jak p\u0159esn\u00e9 jsou deepfakes?<\/strong>\n<ul class=\"wp-block-list\">\n<li class=\"\">P\u0159esnost z\u00e1vis\u00ed na kvalit\u011b vstupn\u00edch dat a na propracovanosti pou\u017eit\u00fdch n\u00e1stroj\u016f.<\/li>\n<\/ul>\n<\/li>\n\n\n\n<li class=\"\"><strong>Jak\u00fd je nejlep\u0161\u00ed n\u00e1stroj pro deepfake?<\/strong>\n<ul class=\"wp-block-list\">\n<li class=\"\">To z\u00e1le\u017e\u00ed na va\u0161ich pot\u0159eb\u00e1ch; pro pokro\u010dil\u00e9 u\u017eivatele se doporu\u010duje DeepFaceLab, zat\u00edmco Reface je skv\u011bl\u00fd pro b\u011b\u017en\u00e9 u\u017eivatele.<\/li>\n<\/ul>\n<\/li>\n<\/ol>\n\n\n\n<h3 class=\"wp-block-heading\">Dal\u0161\u00ed relevantn\u00ed informace<\/h3>\n\n\n\n<p class=\"\">Technologie Deepfake vyu\u017e\u00edvaj\u00edc\u00ed um\u011blou inteligenci a strojov\u00e9 u\u010den\u00ed st\u00e1le posouv\u00e1 hranice mo\u017enost\u00ed digit\u00e1ln\u00edch m\u00e9di\u00ed. Od p\u016fsobiv\u00fdch vizu\u00e1ln\u00edch efekt\u016f, kter\u00e9 m\u016f\u017eeme vid\u011bt ve filmech, a\u017e po etick\u00e9 probl\u00e9my spojen\u00e9 s dezinformacemi - deepfakes p\u0159edstavuj\u00ed dvouse\u010dnou zbra\u0148, kterou se spole\u010dnost mus\u00ed opatrn\u011b \u0159\u00eddit. Kl\u00ed\u010dov\u00e9 osobnosti, jako je zakladatel Facebooku Mark Zuckerberg, a incidenty t\u00fdkaj\u00edc\u00ed se fale\u0161n\u00fdch zpr\u00e1v a vide\u00ed politick\u00fdch osobnost\u00ed, jako je Donald Trump, zd\u016fraz\u0148uj\u00ed trval\u00fd v\u00fdznam a dopad t\u00e9to technologie.<\/p>\n\n\n\n<p class=\"\">Z\u00e1v\u011brem lze \u0159\u00edci, \u017ee technologie deepfake sice nab\u00edz\u00ed zaj\u00edmav\u00e9 mo\u017enosti, ale z\u00e1rove\u0148 s sebou nese i zna\u010dnou odpov\u011bdnost a v\u00fdzvy. S t\u00edm, jak se technologie vyv\u00edj\u00ed, mus\u00ed se vyv\u00edjet i na\u0161e p\u0159\u00edstupy k jej\u00edmu pou\u017e\u00edv\u00e1n\u00ed a regulaci.<\/p>","protected":false},"excerpt":{"rendered":"<p>Before vs After How to use Deepfake *&nbsp;Depending on your internet speed, loading the model may take a few seconds. \u2193 Exploring the World of Deepfakes: Definition, Uses, and Top Tools Deepfake technology has revolutionized the way we interact with digital media, offering unprecedented possibilities and challenges. This article will delve into the definition, applications, &#8230; <a title=\"Deepfake\" class=\"read-more\" href=\"https:\/\/aiartfree.online\/cs\/deepfake\/\" aria-label=\"Read more about Deepfake\">\u010c\u00edst d\u00e1l<\/a><\/p>","protected":false},"author":1,"featured_media":3313,"parent":0,"menu_order":0,"comment_status":"open","ping_status":"closed","template":"","meta":{"nf_dc_page":"","footnotes":""},"class_list":["post-3302","page","type-page","status-publish","has-post-thumbnail"],"jetpack_sharing_enabled":true,"_links":{"self":[{"href":"https:\/\/aiartfree.online\/cs\/wp-json\/wp\/v2\/pages\/3302","targetHints":{"allow":["GET"]}}],"collection":[{"href":"https:\/\/aiartfree.online\/cs\/wp-json\/wp\/v2\/pages"}],"about":[{"href":"https:\/\/aiartfree.online\/cs\/wp-json\/wp\/v2\/types\/page"}],"author":[{"embeddable":true,"href":"https:\/\/aiartfree.online\/cs\/wp-json\/wp\/v2\/users\/1"}],"replies":[{"embeddable":true,"href":"https:\/\/aiartfree.online\/cs\/wp-json\/wp\/v2\/comments?post=3302"}],"version-history":[{"count":0,"href":"https:\/\/aiartfree.online\/cs\/wp-json\/wp\/v2\/pages\/3302\/revisions"}],"wp:featuredmedia":[{"embeddable":true,"href":"https:\/\/aiartfree.online\/cs\/wp-json\/wp\/v2\/media\/3313"}],"wp:attachment":[{"href":"https:\/\/aiartfree.online\/cs\/wp-json\/wp\/v2\/media?parent=3302"}],"curies":[{"name":"wp","href":"https:\/\/api.w.org\/{rel}","templated":true}]}}