{"id":3292,"date":"2024-07-29T12:48:46","date_gmt":"2024-07-29T12:48:46","guid":{"rendered":"https:\/\/aiartfree.online\/?page_id=3292"},"modified":"2024-08-02T10:03:15","modified_gmt":"2024-08-02T10:03:15","slug":"vocal-remover","status":"publish","type":"page","link":"https:\/\/aiartfree.online\/cs\/odstranovac-hlasivek\/","title":{"rendered":"Odstra\u0148ova\u010d hlasivek"},"content":{"rendered":"<h2 class=\"wp-block-heading\" id=\"how-to-use-vocal-remover\">Jak pou\u017e\u00edvat Vocal Remover<\/h2>\n\n\n\n<ol class=\"wp-block-list\">\n<li class=\"\">Zvolte metodu zpracov\u00e1n\u00ed<\/li>\n\n\n\n<li class=\"\">Vyberte si model VR<\/li>\n\n\n\n<li class=\"\">V\u00fdb\u011br velikosti okna<\/li>\n\n\n\n<li class=\"\">Nahrajte nebo upus\u0165te sv\u016fj zvukov\u00fd soubor<\/li>\n\n\n\n<li class=\"\">Klikn\u011bte na tla\u010d\u00edtko \"Spustit zpracov\u00e1n\u00ed\".<\/li>\n\n\n\n<li class=\"\">Po\u010dkat, to je ono!<\/li>\n<\/ol>\n\n\n\n<p class=\"\"><em>* V z\u00e1vislosti na rychlosti va\u0161eho internetu m\u016f\u017ee na\u010d\u00edt\u00e1n\u00ed modelu trvat n\u011bkolik sekund.<br>* B\u011bhem nep\u0159etr\u017eit\u00e9ho generov\u00e1n\u00ed bude prob\u00edhat ukl\u00e1d\u00e1n\u00ed do mezipam\u011bti a nov\u00fd obr\u00e1zek se zobraz\u00ed p\u0159ibli\u017en\u011b po 3 sekund\u00e1ch.<\/em><\/p>\n\n\n\n<div class=\"iframe-wrapper\" style=\"position: relative; width: 100%; height: 1300px;\">\n  <div class=\"loading\" style=\"position: absolute; top: 50px; left: 50%; transform: translate(-50%, -50%); width: 40px; height: 40px; border: 3px solid #f0f0f0; border-top: 3px solid #db7093; border-radius: 50%; animation: spin 1s linear infinite;\"><\/div>\n  <iframe loading=\"lazy\" src=\"https:\/\/r3gm-ultimate-vocal-remover-webui.hf.space\" frameborder=\"0\" width=\"100%\" height=\"100%\" style=\"position: absolute; top: 0; left: 0; opacity: 0; transition: opacity 0.3s;\" onload=\"this.style.opacity=1;this.previousElementSibling.style.display='none';\"><\/iframe>\n<\/div>\n\n<style>\n@keyframes spin {\n  0% { transform: translate(-50%, -50%) rotate(0deg); }\n  100% { transform: translate(-50%, -50%) rotate(360deg); }\n}\n<\/style>\n\n\n\n<div style=\"height:50px\" aria-hidden=\"true\" class=\"wp-block-spacer\"><\/div>\n\n\n\n<h2 class=\"wp-block-heading\" id=\"vocal-remover-the-ultimate-guide-to-removing-vocals-from-songs\">Odstra\u0148ova\u010d hlasivek: Kone\u010dn\u00fd pr\u016fvodce odstra\u0148ov\u00e1n\u00edm vok\u00e1l\u016f z p\u00edsn\u00ed<\/h2>\n\n\n\n<div class=\"wp-block-rank-math-toc-block\" id=\"rank-math-toc\"><h3>Obsah<\/h3><nav><ul><li><a href=\"#introduction\">\u00davod<\/a><\/li><li><a href=\"#what-is-a-vocal-remover\">Co je to odstra\u0148ova\u010d hlasivek?<\/a><\/li><li><a href=\"#why-use-a-vocal-remover\">Pro\u010d pou\u017e\u00edvat odstra\u0148ova\u010d hlasivek?<\/a><\/li><li><a href=\"#who-can-benefit-from-using-a-vocal-remover\">Pro koho je pou\u017eit\u00ed odstra\u0148ova\u010de vok\u00e1l\u016f p\u0159\u00ednosn\u00e9?<\/a><\/li><li><a href=\"#top-10-vocal-remover-tools-pros-cons-advantages-challenges-and-recommendations\">10 nejlep\u0161\u00edch n\u00e1stroj\u016f pro odstra\u0148ov\u00e1n\u00ed vok\u00e1l\u016f: Pro, proti, v\u00fdhody, v\u00fdzvy a doporu\u010den\u00ed<\/a><\/li><li><a href=\"#faq-frequently-asked-questions-about-vocal-removers\">\u010cASTO KLADEN\u00c9 OT\u00c1ZKY: \u010casto kladen\u00e9 ot\u00e1zky o odstra\u0148ova\u010d\u00edch hlasivek<\/a><\/li><li><a href=\"#conclusion\">Z\u00e1v\u011br<\/a><\/li><\/ul><\/nav><\/div>\n\n\n\n<h3 class=\"wp-block-heading\" id=\"introduction\">\u00davod<\/h3>\n\n\n\n<p class=\"\">Odstran\u011bn\u00ed vok\u00e1l\u016f ze skladeb m\u016f\u017ee pro hudebn\u00edky, producenty i amat\u00e9rsk\u00e9 hudebn\u00edky znamenat zm\u011bnu. A\u0165 u\u017e vytv\u00e1\u0159\u00edte karaoke skladby, remixujete p\u00edsn\u011b nebo extrahujete vok\u00e1ly pro vzd\u011bl\u00e1vac\u00ed \u00fa\u010dely, odstra\u0148ova\u010de vok\u00e1l\u016f mohou tento proces zjednodu\u0161it a zefektivnit. V tomto \u010dl\u00e1nku se sezn\u00e1m\u00edte se z\u00e1kout\u00edmi vok\u00e1ln\u00edch odstra\u0148ova\u010d\u016f, probereme nejlep\u0161\u00ed dostupn\u00e9 n\u00e1stroje a uvedeme podrobnou sekci nej\u010dast\u011bj\u0161\u00edch dotaz\u016f, kter\u00e1 zodpov\u00ed nej\u010dast\u011bj\u0161\u00ed dotazy.<\/p>\n\n\n\n<figure class=\"wp-block-image size-full is-resized\"><img data-recalc-dims=\"1\" data-dominant-color=\"58514d\" data-has-transparency=\"false\" decoding=\"async\" width=\"1024\" height=\"1024\"   loading=\"lazy\" src=\"https:\/\/i0.wp.com\/aiartfree.online\/wp-content\/uploads\/2024\/07\/image-31-2.webp?resize=1024%2C1024&#038;ssl=1\" alt=\"Objevte nejlep\u0161\u00ed n\u00e1stroje pro odstran\u011bn\u00ed vok\u00e1l\u016f ze skladby. Prozkoumejte bezplatn\u00e9, neomezen\u00e9 mo\u017enosti bez registrace a n\u00e1stroj AI Vocal Remover poh\u00e1n\u011bn\u00fd um\u011blou inteligenc\u00ed.\" class=\"wp-image-3297 not-transparent\" style=\"--dominant-color: #58514d; width:536px;height:auto\" srcset=\"https:\/\/i0.wp.com\/aiartfree.online\/wp-content\/uploads\/2024\/07\/image-31-2.webp?w=1024&amp;ssl=1 1024w, https:\/\/i0.wp.com\/aiartfree.online\/wp-content\/uploads\/2024\/07\/image-31-2.webp?resize=300%2C300&amp;ssl=1 300w, https:\/\/i0.wp.com\/aiartfree.online\/wp-content\/uploads\/2024\/07\/image-31-2.webp?resize=150%2C150&amp;ssl=1 150w, https:\/\/i0.wp.com\/aiartfree.online\/wp-content\/uploads\/2024\/07\/image-31-2.webp?resize=768%2C768&amp;ssl=1 768w, https:\/\/i0.wp.com\/aiartfree.online\/wp-content\/uploads\/2024\/07\/image-31-2.webp?resize=12%2C12&amp;ssl=1 12w, https:\/\/i0.wp.com\/aiartfree.online\/wp-content\/uploads\/2024\/07\/image-31-2.webp?resize=600%2C600&amp;ssl=1 600w, https:\/\/i0.wp.com\/aiartfree.online\/wp-content\/uploads\/2024\/07\/image-31-2.webp?resize=100%2C100&amp;ssl=1 100w\" sizes=\"auto, (max-width: 1024px) 100vw, 1024px\" \/><\/figure>\n\n\n\n<h3 class=\"wp-block-heading\" id=\"what-is-a-vocal-remover\">Co je to odstra\u0148ova\u010d hlasivek?<\/h3>\n\n\n\n<p class=\"\">Odstra\u0148ova\u010d vok\u00e1l\u016f je software nebo n\u00e1stroj, kter\u00fd pou\u017e\u00edv\u00e1 algoritmy pro zpracov\u00e1n\u00ed zvuku k izolaci a odstran\u011bn\u00ed vok\u00e1l\u016f z hudebn\u00ed stopy. Tento proces obvykle zahrnuje techniky ru\u0161en\u00ed f\u00e1ze a frekven\u010dn\u00edho filtrov\u00e1n\u00ed, kter\u00e9 rozli\u0161uj\u00ed mezi vok\u00e1ln\u00edmi a instrument\u00e1ln\u00edmi slo\u017ekami skladby.<\/p>\n\n\n\n<h3 class=\"wp-block-heading\" id=\"why-use-a-vocal-remover\">Pro\u010d pou\u017e\u00edvat odstra\u0148ova\u010d hlasivek?<\/h3>\n\n\n\n<p class=\"\">Pou\u017eit\u00ed odstra\u0148ova\u010de hlasivek m\u00e1 n\u011bkolik v\u00fdhod:<\/p>\n\n\n\n<ul class=\"wp-block-list\">\n<li class=\"\"><strong>Tv\u016fr\u010d\u00ed svoboda:<\/strong> Umo\u017e\u0148uje hudebn\u00edk\u016fm a producent\u016fm vytv\u00e1\u0159et instrument\u00e1ln\u00ed verze nebo remixy skladeb.<\/li>\n\n\n\n<li class=\"\"><strong>Skladby pro karaoke:<\/strong> Umo\u017e\u0148uje vytv\u00e1\u0159et stopy karaoke odstran\u011bn\u00edm p\u016fvodn\u00edch vok\u00e1l\u016f.<\/li>\n\n\n\n<li class=\"\"><strong>N\u00e1stroj pro u\u010den\u00ed:<\/strong> Pom\u00e1h\u00e1 student\u016fm hudby a zp\u011bv\u00e1k\u016fm cvi\u010dit zp\u011bv spolu s instrument\u00e1ln\u00edmi skladbami.<\/li>\n\n\n\n<li class=\"\"><strong>Tvorba obsahu:<\/strong> U\u017eite\u010dn\u00e9 pro tv\u016frce obsahu, kte\u0159\u00ed pot\u0159ebuj\u00ed hudbu na pozad\u00ed bez vok\u00e1l\u016f.<\/li>\n<\/ul>\n\n\n\n<h3 class=\"wp-block-heading\" id=\"who-can-benefit-from-using-a-vocal-remover\">Pro koho je pou\u017eit\u00ed odstra\u0148ova\u010de vok\u00e1l\u016f p\u0159\u00ednosn\u00e9?<\/h3>\n\n\n\n<p class=\"\">Hlasov\u00e9 odstra\u0148ova\u010de jsou prosp\u011b\u0161n\u00e9 pro r\u016fzn\u00e9 skupiny, v\u010detn\u011b:<\/p>\n\n\n\n<ul class=\"wp-block-list\">\n<li class=\"\"><strong>Hudebn\u00edci a producenti:<\/strong> Pro tvorbu remix\u016f a instrument\u00e1ln\u00edch skladeb.<\/li>\n\n\n\n<li class=\"\"><strong>Nad\u0161enci do karaoke:<\/strong> Vytv\u00e1\u0159en\u00ed skladeb karaoke pro zp\u011bv.<\/li>\n\n\n\n<li class=\"\"><strong>Studenti a u\u010ditel\u00e9 hudby:<\/strong> Pro vzd\u011bl\u00e1vac\u00ed \u00fa\u010dely.<\/li>\n\n\n\n<li class=\"\"><strong>Tv\u016frci obsahu:<\/strong> Pou\u017eit\u00ed hudby na pozad\u00ed ve vide\u00edch nebo prezentac\u00edch.<\/li>\n\n\n\n<li class=\"\"><strong>DJs:<\/strong> Vytv\u00e1\u0159en\u00ed jedine\u010dn\u00fdch mix\u016f a mashup\u016f.<\/li>\n<\/ul>\n\n\n\n<h3 class=\"wp-block-heading\" id=\"top-10-vocal-remover-tools-pros-cons-advantages-challenges-and-recommendations\">10 nejlep\u0161\u00edch n\u00e1stroj\u016f pro odstra\u0148ov\u00e1n\u00ed vok\u00e1l\u016f: Pro, proti, v\u00fdhody, v\u00fdzvy a doporu\u010den\u00ed<\/h3>\n\n\n\n<figure class=\"wp-block-table\"><table class=\"has-fixed-layout\"><thead><tr><th>N\u00e1stroj \/ webov\u00e1 str\u00e1nka<\/th><th>Klady<\/th><th>Nev\u00fdhody<\/th><th>V\u00fdhody<\/th><th>V\u00fdzvy<\/th><th>Doporu\u010den\u00ed<\/th><\/tr><\/thead><tbody><tr><td><a href=\"https:\/\/aiartfree.online\/cs\/odstranovac-hlasivek\/\">AI Art Free Vocal Remover<\/a><\/td><td>Zdarma, Neomezen\u011b, Bez registrace, Vysok\u00e1 kvalita zvuku<\/td><td>Omezen\u00e9 mo\u017enosti p\u0159izp\u016fsoben\u00ed<\/td><td>Snadn\u00e9 pou\u017eit\u00ed, poh\u00e1n\u011bn\u00e9 um\u011blou inteligenc\u00ed<\/td><td>Nemus\u00ed zvl\u00e1dat v\u0161echny zvukov\u00e9 form\u00e1ty<\/td><td>Skv\u011bl\u00e9 pro rychl\u00e9 a kvalitn\u00ed odstran\u011bn\u00ed vok\u00e1l\u016f<\/td><\/tr><tr><td>Noteburner AI Vocal Remover<\/td><td>Vysoce kvalitn\u00ed extrakce hlasu, u\u017eivatelsky p\u0159\u00edv\u011btiv\u00e9 rozhran\u00ed<\/td><td>Po zku\u0161ebn\u00ed dob\u011b je nutn\u00e9 zakoupit<\/td><td>Pokro\u010dil\u00e9 algoritmy AI, dobr\u00e1 z\u00e1kaznick\u00e1 podpora<\/td><td>Vy\u0161\u0161\u00ed n\u00e1klady ve srovn\u00e1n\u00ed s jin\u00fdmi n\u00e1stroji<\/td><td>Ide\u00e1ln\u00ed pro profesion\u00e1ly, kte\u0159\u00ed hledaj\u00ed p\u0159esn\u00e9 odstran\u011bn\u00ed vok\u00e1l\u016f<\/td><\/tr><tr><td>PhonicMind<\/td><td>Podpora r\u016fzn\u00fdch form\u00e1t\u016f, mo\u017enost d\u00e1vkov\u00e9ho zpracov\u00e1n\u00ed<\/td><td>Placen\u00e1 slu\u017eba<\/td><td>P\u0159esn\u00e9 odd\u011blen\u00ed vok\u00e1l\u016f a n\u00e1stroj\u016f<\/td><td>Vy\u017eaduje siln\u00e9 p\u0159ipojen\u00ed k internetu<\/td><td>Nejlep\u0161\u00ed pro d\u00e1vkov\u00e9 zpracov\u00e1n\u00ed a vysokou p\u0159esnost<\/td><\/tr><tr><td>Lalal.ai<\/td><td>Jednoduch\u00e9 kroky, nen\u00ed nutn\u00e1 instalace softwaru<\/td><td>Omezen\u00e9 bezplatn\u00e9 pou\u017e\u00edv\u00e1n\u00ed<\/td><td>Rychl\u00e9 zpracov\u00e1n\u00ed, podpora audio i video soubor\u016f<\/td><td>Omezen\u00ed na kr\u00e1tk\u00e9 skladby v bezplatn\u00e9 verzi<\/td><td>Vhodn\u00e9 pro u\u017eivatele, kte\u0159\u00ed pot\u0159ebuj\u00ed rychle a jednodu\u0161e odstranit vok\u00e1ly.<\/td><\/tr><tr><td>Audacity<\/td><td>Zdarma a s otev\u0159en\u00fdm zdrojov\u00fdm k\u00f3dem, Rozs\u00e1hl\u00e9 mo\u017enosti \u00faprav zvuku<\/td><td>Strm\u011bj\u0161\u00ed k\u0159ivka u\u010den\u00ed, manu\u00e1ln\u00ed proces<\/td><td>P\u0159izp\u016fsobiteln\u00e9, podporuje v\u00edce form\u00e1t\u016f<\/td><td>Vy\u017eaduje ur\u010dit\u00e9 technick\u00e9 znalosti<\/td><td>Skv\u011bl\u00e9 pro u\u017eivatele, kte\u0159\u00ed pot\u0159ebuj\u00ed pokro\u010dil\u00e9 funkce pro \u00fapravu zvuku<\/td><\/tr><tr><td>Spleeter<\/td><td>Otev\u0159en\u00fd zdrojov\u00fd k\u00f3d, zalo\u017een\u00fd na Pythonu, vysoce p\u0159izp\u016fsobiteln\u00fd<\/td><td>Vy\u017eaduje technick\u00e9 znalosti, n\u00e1stroj p\u0159\u00edkazov\u00e9ho \u0159\u00e1dku<\/td><td>V\u00fdkonn\u00e9 algoritmy AI, zdarma<\/td><td>Instalace a nastaven\u00ed mohou b\u00fdt slo\u017eit\u00e9<\/td><td>Nejlep\u0161\u00ed pro technicky zdatn\u00e9 u\u017eivatele a v\u00fdvoj\u00e1\u0159e<\/td><\/tr><tr><td>VocalRemover.org<\/td><td>Bezplatn\u00fd online n\u00e1stroj, u\u017eivatelsky p\u0159\u00edv\u011btiv\u00e9 rozhran\u00ed<\/td><td>Omezeno na online pou\u017eit\u00ed, reklamy mohou b\u00fdt ru\u0161iv\u00e9<\/td><td>Rychl\u00e9 a snadn\u00e9 pou\u017eit\u00ed, nen\u00ed nutn\u00e9 stahovat software<\/td><td>Kvalita zvuku se m\u016f\u017ee li\u0161it v z\u00e1vislosti na skladb\u011b<\/td><td>Ide\u00e1ln\u00ed pro b\u011b\u017en\u00e9 u\u017eivatele a rychl\u00e9 \u00fakoly<\/td><\/tr><tr><td><a href=\"http:\/\/X-Minus.pro\" target=\"_blank\" data-type=\"link\" data-id=\"X-Minus.pro\" rel=\"noreferrer noopener\">X-Minus.pro<\/a><\/td><td>Vysoce kvalitn\u00ed v\u00fdstup, podpora v\u00edce jazyk\u016f<\/td><td>P\u0159edplatn\u00e9<\/td><td>Vysok\u00e1 p\u0159esnost, d\u00e1vkov\u00e9 zpracov\u00e1n\u00ed<\/td><td>Pro z\u00edsk\u00e1n\u00ed v\u0161ech funkc\u00ed je nutn\u00e9 p\u0159edplatn\u00e9<\/td><td>Ide\u00e1ln\u00ed pro \u010dast\u00e9 u\u017eivatele, kte\u0159\u00ed pot\u0159ebuj\u00ed st\u00e1lou kvalitu.<\/td><\/tr><tr><td>Karaoke cokoli<\/td><td>Bezplatn\u00fd software, Jednoduch\u00e9 rozhran\u00ed<\/td><td>Omezen\u00e9 funkce, pouze pro syst\u00e9m Windows<\/td><td>Snadn\u00e9 pou\u017eit\u00ed, \u00fa\u010dinn\u00e9 pro z\u00e1kladn\u00ed odstran\u011bn\u00ed vok\u00e1l\u016f<\/td><td>K dispozici pouze v syst\u00e9mu Windows<\/td><td>Vhodn\u00e9 pro za\u010d\u00e1te\u010dn\u00edky<\/td><\/tr><tr><td>Editor zvuku WavePad<\/td><td>Komplexn\u00ed sada pro \u00fapravu zvuku, Podpora v\u00edce form\u00e1t\u016f<\/td><td>Placen\u00fd software<\/td><td>V\u0161estrann\u00fd, obsahuje mnoho zvukov\u00fdch efekt\u016f<\/td><td>Pro nov\u00e9 u\u017eivatele m\u016f\u017ee b\u00fdt ohromuj\u00edc\u00ed<\/td><td>Vynikaj\u00edc\u00ed pro u\u017eivatele, kte\u0159\u00ed pot\u0159ebuj\u00ed plnohodnotnou sadu pro \u00fapravu zvuku<\/td><\/tr><\/tbody><\/table><\/figure>\n\n\n\n<h3 class=\"wp-block-heading\" id=\"faq-frequently-asked-questions-about-vocal-removers\">\u010cASTO KLADEN\u00c9 OT\u00c1ZKY: \u010casto kladen\u00e9 ot\u00e1zky o odstra\u0148ova\u010d\u00edch hlasivek<\/h3>\n\n\n\n<ol class=\"wp-block-list\">\n<li class=\"\"><strong>Jak odstranit vok\u00e1ly ze skladby?<\/strong>\n<ul class=\"wp-block-list\">\n<li class=\"\">K izolaci a odstran\u011bn\u00ed vok\u00e1l\u016f ze skladby m\u016f\u017eete pou\u017e\u00edt n\u00e1stroje pro odstran\u011bn\u00ed vok\u00e1l\u016f, jako je AI Art Free Vocal Remover nebo Audacity.<\/li>\n<\/ul>\n<\/li>\n\n\n\n<li class=\"\"><strong>Jak ze skladby odstran\u00edte vok\u00e1ly?<\/strong>\n<ul class=\"wp-block-list\">\n<li class=\"\">V\u011bt\u0161ina n\u00e1stroj\u016f pou\u017e\u00edv\u00e1 k odstran\u011bn\u00ed vok\u00e1l\u016f techniky potla\u010den\u00ed f\u00e1ze a frekven\u010dn\u00edho filtrov\u00e1n\u00ed. Sta\u010d\u00ed nahr\u00e1t skladbu a postupovat podle pokyn\u016f n\u00e1stroje.<\/li>\n<\/ul>\n<\/li>\n\n\n\n<li class=\"\"><strong>Jak mohu ze skladby odstranit vok\u00e1ly?<\/strong>\n<ul class=\"wp-block-list\">\n<li class=\"\">Vyberte n\u00e1stroj pro odstran\u011bn\u00ed vok\u00e1l\u016f, nahrajte zvukov\u00fd soubor a nechte jej zpracovat tak, aby odstranil vok\u00e1ly.<\/li>\n<\/ul>\n<\/li>\n\n\n\n<li class=\"\"><strong>Jak odstranit vok\u00e1ly ze skladby?<\/strong>\n<ul class=\"wp-block-list\">\n<li class=\"\">Ke zpracov\u00e1n\u00ed a odstran\u011bn\u00ed vok\u00e1l\u016f ze skladby pou\u017eijte software jako Noteburner AI Vocal Remover nebo online n\u00e1stroje jako Lalal.ai.<\/li>\n<\/ul>\n<\/li>\n\n\n\n<li class=\"\"><strong>Jak odstranit vok\u00e1ly z hudby?<\/strong>\n<ul class=\"wp-block-list\">\n<li class=\"\">N\u00e1stroje jako PhonicMind a VocalRemover.org nab\u00edzej\u00ed snadn\u00e9 online odstran\u011bn\u00ed vok\u00e1l\u016f z hudebn\u00edch skladeb.<\/li>\n<\/ul>\n<\/li>\n\n\n\n<li class=\"\"><strong>Je mo\u017en\u00e9 ze skladby zcela odstranit vok\u00e1ly?<\/strong>\n<ul class=\"wp-block-list\">\n<li class=\"\">\u00dapln\u00e9 odstran\u011bn\u00ed vok\u00e1l\u016f bez ovlivn\u011bn\u00ed kvality zvuku je sice n\u00e1ro\u010dn\u00e9, ale pokro\u010dil\u00e9 n\u00e1stroje mohou dos\u00e1hnout vysok\u00e9 p\u0159esnosti.<\/li>\n<\/ul>\n<\/li>\n\n\n\n<li class=\"\"><strong>Jak\u00fd je nejlep\u0161\u00ed odstra\u0148ova\u010d hlasivek?<\/strong>\n<ul class=\"wp-block-list\">\n<li class=\"\">Nejlep\u0161\u00ed odstra\u0148ova\u010d vok\u00e1l\u016f z\u00e1vis\u00ed na va\u0161ich pot\u0159eb\u00e1ch. AI Art Free Vocal Remover je skv\u011bl\u00fd pro rychl\u00e9 pou\u017eit\u00ed, zat\u00edmco Noteburner AI Vocal Remover je vynikaj\u00edc\u00ed pro profesion\u00e1ly.<\/li>\n<\/ul>\n<\/li>\n\n\n\n<li class=\"\"><strong>Dok\u00e1\u017eou odstra\u0148ova\u010de vok\u00e1l\u016f p\u0159esn\u011b odd\u011blit vok\u00e1ly od hudby na pozad\u00ed?<\/strong>\n<ul class=\"wp-block-list\">\n<li class=\"\">Ano, mnoh\u00e9 odstra\u0148ova\u010de vok\u00e1l\u016f, zejm\u00e9na ty, kter\u00e9 pou\u017e\u00edvaj\u00ed algoritmy um\u011bl\u00e9 inteligence, dok\u00e1\u017e\u00ed p\u0159esn\u011b odd\u011blit vok\u00e1ly od hudby na pozad\u00ed.<\/li>\n<\/ul>\n<\/li>\n\n\n\n<li class=\"\"><strong>Existuj\u00ed n\u011bjak\u00e9 bezplatn\u00e9 n\u00e1stroje pro odstran\u011bn\u00ed hlasivek?<\/strong>\n<ul class=\"wp-block-list\">\n<li class=\"\">Ano, n\u00e1stroje jako VocalRemover.org a Audacity nab\u00edzej\u00ed bezplatn\u00e9 mo\u017enosti odstran\u011bn\u00ed vok\u00e1l\u016f ze skladeb.<\/li>\n<\/ul>\n<\/li>\n\n\n\n<li class=\"\"><strong>Funguj\u00ed odstra\u0148ova\u010de vok\u00e1l\u016f na v\u0161echny zvukov\u00e9 soubory?<\/strong>\n<ul class=\"wp-block-list\">\n<li class=\"\">V\u011bt\u0161ina odstra\u0148ova\u010d\u016f vok\u00e1l\u016f podporuje b\u011b\u017en\u00e9 zvukov\u00e9 form\u00e1ty, ale jejich \u00fa\u010dinnost se m\u016f\u017ee li\u0161it v z\u00e1vislosti na kvalit\u011b a slo\u017eitosti stopy.<\/li>\n<\/ul>\n<\/li>\n<\/ol>\n\n\n\n<h3 class=\"wp-block-heading\" id=\"conclusion\">Z\u00e1v\u011br<\/h3>\n\n\n\n<p class=\"\">Hlasov\u00e9 odstra\u0148ova\u010de jsou neoceniteln\u00fdm n\u00e1strojem pro hudebn\u00edky, producenty a tv\u016frce obsahu. Pomoc\u00ed spr\u00e1vn\u00e9ho n\u00e1stroje m\u016f\u017eete snadno vytv\u00e1\u0159et instrument\u00e1ln\u00ed verze, remixy a karaoke skladby. Tento pr\u016fvodce v\u00e1m poskytl p\u0159ehled nejlep\u0161\u00edch dostupn\u00fdch n\u00e1stroj\u016f pro odstra\u0148ov\u00e1n\u00ed vok\u00e1l\u016f spolu s jejich v\u00fdhodami, nev\u00fdhodami a doporu\u010den\u00edmi, kter\u00e9 v\u00e1m pomohou u\u010dinit informovan\u00fd v\u00fdb\u011br.<\/p>","protected":false},"excerpt":{"rendered":"<p>How to use Vocal Remover *&nbsp;Depending on your internet speed, loading the model may take a few seconds.* There will be caching during continuous generation, and the new image will appear after about 3 seconds. Vocal Remover: The Ultimate Guide to Removing Vocals from Songs Introduction Removing vocals from songs can be a game-changer for &#8230; <a title=\"Odstra\u0148ova\u010d hlasivek\" class=\"read-more\" href=\"https:\/\/aiartfree.online\/cs\/odstranovac-hlasivek\/\" aria-label=\"Read more about Vocal Remover\">\u010c\u00edst d\u00e1l<\/a><\/p>","protected":false},"author":1,"featured_media":3297,"parent":0,"menu_order":0,"comment_status":"closed","ping_status":"closed","template":"","meta":{"nf_dc_page":"","footnotes":""},"class_list":["post-3292","page","type-page","status-publish","has-post-thumbnail"],"jetpack_sharing_enabled":true,"_links":{"self":[{"href":"https:\/\/aiartfree.online\/cs\/wp-json\/wp\/v2\/pages\/3292","targetHints":{"allow":["GET"]}}],"collection":[{"href":"https:\/\/aiartfree.online\/cs\/wp-json\/wp\/v2\/pages"}],"about":[{"href":"https:\/\/aiartfree.online\/cs\/wp-json\/wp\/v2\/types\/page"}],"author":[{"embeddable":true,"href":"https:\/\/aiartfree.online\/cs\/wp-json\/wp\/v2\/users\/1"}],"replies":[{"embeddable":true,"href":"https:\/\/aiartfree.online\/cs\/wp-json\/wp\/v2\/comments?post=3292"}],"version-history":[{"count":0,"href":"https:\/\/aiartfree.online\/cs\/wp-json\/wp\/v2\/pages\/3292\/revisions"}],"wp:featuredmedia":[{"embeddable":true,"href":"https:\/\/aiartfree.online\/cs\/wp-json\/wp\/v2\/media\/3297"}],"wp:attachment":[{"href":"https:\/\/aiartfree.online\/cs\/wp-json\/wp\/v2\/media?parent=3292"}],"curies":[{"name":"wp","href":"https:\/\/api.w.org\/{rel}","templated":true}]}}