{"id":3281,"date":"2024-07-28T12:00:16","date_gmt":"2024-07-28T12:00:16","guid":{"rendered":"https:\/\/aiartfree.online\/?page_id=3281"},"modified":"2024-08-02T11:09:05","modified_gmt":"2024-08-02T11:09:05","slug":"watermark-remover","status":"publish","type":"page","link":"https:\/\/aiartfree.online\/cs\/odstranovac-vodoznaku\/","title":{"rendered":"Odstra\u0148ova\u010d vodoznak\u016f"},"content":{"rendered":"<h2 class=\"wp-block-heading has-text-align-center\" id=\"before-vs-after\">P\u0159ed vs. po<\/h2>\n\n\n\n<figure class=\"gb-block-image gb-block-image-1822da1f\"><img data-recalc-dims=\"1\" decoding=\"async\" loading=\"lazy\" width=\"1024\" height=\"518\" class=\"gb-image gb-image-1822da1f\" src=\"https:\/\/i0.wp.com\/aiartfree.online\/wp-content\/uploads\/2024\/07\/WX20240729-171649%402x-1024x518.webp?resize=1024%2C518&#038;ssl=1\" alt=\"Odstra\u0148ova\u010d vodoznak\u016f pou\u017e\u00edv\u00e1 um\u011blou inteligenci k vymaz\u00e1n\u00ed log, textu nebo grafiky p\u0159ekryt\u00fdch na fotografi\u00edch nebo vide\u00edch a obnovuje p\u016fvodn\u00ed m\u00e9dium odstran\u011bn\u00edm zna\u010dek vlastnictv\u00ed.\" title=\"WX20240729-171649@2x\" srcset=\"https:\/\/i0.wp.com\/aiartfree.online\/wp-content\/uploads\/2024\/07\/WX20240729-171649%402x-scaled.webp?resize=1024%2C518&amp;ssl=1 1024w, https:\/\/i0.wp.com\/aiartfree.online\/wp-content\/uploads\/2024\/07\/WX20240729-171649%402x-scaled.webp?resize=300%2C152&amp;ssl=1 300w, https:\/\/i0.wp.com\/aiartfree.online\/wp-content\/uploads\/2024\/07\/WX20240729-171649%402x-scaled.webp?resize=768%2C388&amp;ssl=1 768w, https:\/\/i0.wp.com\/aiartfree.online\/wp-content\/uploads\/2024\/07\/WX20240729-171649%402x-scaled.webp?resize=1536%2C777&amp;ssl=1 1536w, https:\/\/i0.wp.com\/aiartfree.online\/wp-content\/uploads\/2024\/07\/WX20240729-171649%402x-scaled.webp?resize=2048%2C1036&amp;ssl=1 2048w, https:\/\/i0.wp.com\/aiartfree.online\/wp-content\/uploads\/2024\/07\/WX20240729-171649%402x-scaled.webp?resize=18%2C9&amp;ssl=1 18w, https:\/\/i0.wp.com\/aiartfree.online\/wp-content\/uploads\/2024\/07\/WX20240729-171649%402x-scaled.webp?resize=600%2C303&amp;ssl=1 600w, https:\/\/i0.wp.com\/aiartfree.online\/wp-content\/uploads\/2024\/07\/WX20240729-171649%402x-scaled.webp?w=2400&amp;ssl=1 2400w\" sizes=\"auto, (max-width: 1024px) 100vw, 1024px\" \/><\/figure>\n\n\n\n<h2 class=\"wp-block-heading\" id=\"how-to-use-watermark-remover\">Jak pou\u017e\u00edvat n\u00e1stroj Odstra\u0148ova\u010d vodoznak\u016f<\/h2>\n\n\n\n<ol class=\"wp-block-list\">\n<li class=\"\">Upus\u0165te nebo nahrajte sv\u016fj obr\u00e1zek<\/li>\n\n\n\n<li class=\"\"><strong>Nakreslete (\u0161t\u011btcem) \u010d\u00e1st obr\u00e1zku, kterou chcete odstranit.<\/strong><\/li>\n\n\n\n<li class=\"\">Klikn\u011bte na tla\u010d\u00edtko \"Odeslat\".<\/li>\n\n\n\n<li class=\"\">Po\u010dkat, to je ono!<\/li>\n<\/ol>\n\n\n\n<p class=\"\"><em>* V z\u00e1vislosti na rychlosti va\u0161eho internetu m\u016f\u017ee na\u010d\u00edt\u00e1n\u00ed modelu trvat n\u011bkolik sekund.<br>* B\u011bhem nep\u0159etr\u017eit\u00e9ho generov\u00e1n\u00ed bude prob\u00edhat ukl\u00e1d\u00e1n\u00ed do mezipam\u011bti a nov\u00fd obr\u00e1zek se zobraz\u00ed p\u0159ibli\u017en\u011b po 3 sekund\u00e1ch.<\/em><\/p>\n\n\n\n<div style=\"text-align: center; border: 2px solid; border-image-source: linear-gradient(to right, #16b86c, #912899); border-image-slice: 1; box-shadow: 0 0 10px rgba(0, 0, 0, 0.1); border-radius: 15px; position: relative;\">\n  <div id=\"loading\" style=\"position: absolute; top: 100px; left: 50%; transform: translate(-50%, -50%); z-index: 1000;\">\n    <div style=\"width: 50px; height: 50px; border: 5px solid #f3f3f3; border-top: 5px solid #16b86c; border-radius: 50%; animation: spin 1s linear infinite;\"><\/div>\n  <\/div>\n  <iframe loading=\"lazy\"\n    src=\"https:\/\/rooc-remove-photo-object.hf.space\"\n    frameborder=\"0\"\n    width=\"100%\"\n    height=\"2500\"\n    style=\"display: inline-block; margin: 0 auto;\"\n    onload=\"document.getElementById('loading').style.display='none';\"\n  ><\/iframe>\n<\/div>\n\n<style>\n  @keyframes spin {\n    0% { transform: rotate(0deg); }\n    100% { transform: rotate(360deg); }\n  }\n<\/style>\n\n\n\n<div style=\"height:50px\" aria-hidden=\"true\" class=\"wp-block-spacer\"><\/div>\n\n\n\n<h2 class=\"wp-block-heading\" id=\"introduction-of-watermark-remover\">Zaveden\u00ed n\u00e1stroje pro odstran\u011bn\u00ed vodoznaku<\/h2>\n\n\n\n<div class=\"wp-block-rank-math-toc-block\" id=\"rank-math-toc\"><h3>Obsah<\/h3><nav><ul><li><a href=\"#what-is-a-watermark-remover\">Co je odstra\u0148ova\u010d vodoznak\u016f?<\/a><\/li><li><a href=\"#why-use-a-watermark-remover\">Pro\u010d pou\u017e\u00edvat odstra\u0148ova\u010d vodoznak\u016f?<\/a><\/li><li><a href=\"#who-can-benefit-from-using-a-watermark-remover\">Pro koho je pou\u017eit\u00ed odstra\u0148ova\u010de vodoznak\u016f v\u00fdhodn\u00e9?<\/a><\/li><li><a href=\"#top-10-watermark-remover-tools-features-pros-cons-advantages-challenges-and-suggestions\">10 nejlep\u0161\u00edch n\u00e1stroj\u016f pro odstran\u011bn\u00ed vodoznak\u016f: 10 nejlep\u0161\u00edch vodoznak\u016f: funkce, klady, z\u00e1pory, v\u00fdhody, v\u00fdzvy a n\u00e1vrhy<\/a><\/li><li><a href=\"#frequently-asked-questions-faq\">\u010casto kladen\u00e9 ot\u00e1zky (FAQ)<\/a><\/li><\/ul><\/nav><\/div>\n\n\n\n<h3 class=\"wp-block-heading\" id=\"what-is-a-watermark-remover\">Co je odstra\u0148ova\u010d vodoznak\u016f?<\/h3>\n\n\n\n<p class=\"\">Odstra\u0148ova\u010d vodoznak\u016f je n\u00e1stroj nebo software ur\u010den\u00fd k odstran\u011bn\u00ed vodoznak\u016f z fotografi\u00ed nebo vide\u00ed. Vodoznaky jsou obvykle loga, text nebo jin\u00e1 grafika, kter\u00e9 jsou p\u0159ekryty obr\u00e1zky nebo videi a ozna\u010duj\u00ed vlastnictv\u00ed nebo autorsk\u00e1 pr\u00e1va. Odstra\u0148ova\u010d vodoznak\u016f pou\u017e\u00edv\u00e1 pokro\u010dil\u00e9 algoritmy, \u010dasto poh\u00e1n\u011bn\u00e9 um\u011blou inteligenc\u00ed, k identifikaci a vymaz\u00e1n\u00ed t\u011bchto vodoznak\u016f, p\u0159i\u010dem\u017e p\u016fvodn\u00ed obr\u00e1zek nebo video z\u016fstane nedot\u010deno.<\/p>\n\n\n\n<h3 class=\"wp-block-heading\" id=\"why-use-a-watermark-remover\">Pro\u010d pou\u017e\u00edvat odstra\u0148ova\u010d vodoznak\u016f?<\/h3>\n\n\n\n<p class=\"\">Pou\u017eit\u00ed odstra\u0148ova\u010de vodoznak\u016f m\u016f\u017ee m\u00edt z\u00e1sadn\u00ed v\u00fdznam z n\u011bkolika d\u016fvod\u016f:<\/p>\n\n\n\n<ul class=\"wp-block-list\">\n<li class=\"\"><strong>Restaurov\u00e1n\u00ed<\/strong>: Pom\u00e1h\u00e1 obnovit p\u016fvodn\u00ed m\u00e9dia bez jak\u00fdchkoli p\u0159ek\u00e1\u017eek.<\/li>\n\n\n\n<li class=\"\"><strong>Profesion\u00e1ln\u00ed pou\u017eit\u00ed<\/strong>: Nezbytn\u00e9 pro fotografy, kameramany a design\u00e9ry, kte\u0159\u00ed pro svou pr\u00e1ci pot\u0159ebuj\u00ed \u010dist\u00e9 sn\u00edmky a videa.<\/li>\n\n\n\n<li class=\"\"><strong>\u00daprava obsahu<\/strong>: Umo\u017e\u0148uje u\u017eivatel\u016fm upravovat a pou\u017e\u00edvat m\u00e9dia bez ru\u0161iv\u00fdch vodoznak\u016f.<\/li>\n\n\n\n<li class=\"\"><strong>Leg\u00e1ln\u00ed pou\u017eit\u00ed<\/strong>: D\u016fle\u017eit\u00e9 je odstranit vodoznaky z m\u00e9di\u00ed, na kter\u00e1 m\u00e1te pr\u00e1va, ale byla opat\u0159ena vodoznakem z d\u016fvodu p\u0159edchoz\u00edho pou\u017eit\u00ed nebo distribuce.<\/li>\n<\/ul>\n\n\n\n<h3 class=\"wp-block-heading\" id=\"who-can-benefit-from-using-a-watermark-remover\">Pro koho je pou\u017eit\u00ed odstra\u0148ova\u010de vodoznak\u016f v\u00fdhodn\u00e9?<\/h3>\n\n\n\n<p class=\"\">Odstra\u0148ova\u010d vodoznak\u016f m\u016f\u017ee b\u00fdt u\u017eite\u010dn\u00fd pro r\u016fzn\u00e9 osoby a odv\u011btv\u00ed, v\u010detn\u011b:<\/p>\n\n\n\n<ul class=\"wp-block-list\">\n<li class=\"\"><strong>Fotografov\u00e9<\/strong>: Vy\u010di\u0161t\u011bn\u00ed sn\u00edmk\u016f pro prezentaci portfolia.<\/li>\n\n\n\n<li class=\"\"><strong>Tv\u016frci obsahu<\/strong>: Pro vytv\u00e1\u0159en\u00ed obsahu bez vodoznak\u016f pro soci\u00e1ln\u00ed m\u00e9dia a webov\u00e9 str\u00e1nky.<\/li>\n\n\n\n<li class=\"\"><strong>Marketingov\u00ed odborn\u00edci<\/strong>: Zajistit, aby propaga\u010dn\u00ed materi\u00e1ly vypadaly \u010dist\u011b a profesion\u00e1ln\u011b.<\/li>\n\n\n\n<li class=\"\"><strong>Pedagogov\u00e9<\/strong>: Pro neru\u0161en\u00e9 pou\u017e\u00edv\u00e1n\u00ed obr\u00e1zk\u016f a vide\u00ed v prezentac\u00edch a v\u00fdukov\u00fdch materi\u00e1lech.<\/li>\n\n\n\n<li class=\"\"><strong>Podniky<\/strong>: Udr\u017eovat profesion\u00e1ln\u00ed image v marketingov\u00fdch a zna\u010dkov\u00fdch materi\u00e1lech.<\/li>\n<\/ul>\n\n\n\n<h3 class=\"wp-block-heading\" id=\"top-10-watermark-remover-tools-features-pros-cons-advantages-challenges-and-suggestions\">10 nejlep\u0161\u00edch n\u00e1stroj\u016f pro odstran\u011bn\u00ed vodoznak\u016f: 10 nejlep\u0161\u00edch vodoznak\u016f: funkce, klady, z\u00e1pory, v\u00fdhody, v\u00fdzvy a n\u00e1vrhy<\/h3>\n\n\n\n<figure class=\"wp-block-table\"><table class=\"has-fixed-layout\"><thead><tr><th>N\u00e1zev n\u00e1stroje<\/th><th>ADRESA URL<\/th><th>Funkce<\/th><th>Klady<\/th><th>Nev\u00fdhody<\/th><th>V\u00fdhody<\/th><th>V\u00fdzvy<\/th><th>N\u00e1vrhy<\/th><\/tr><\/thead><tbody><tr><td>AI Art Odstra\u0148ova\u010d vodoznak\u016f zdarma<\/td><td><a href=\"https:\/\/aiartfree.online\/cs\/odstranovac-vodoznaku\/\">Um\u011bn\u00ed AI zdarma<\/a><\/td><td>Zdarma, neomezen\u00e9, bez registrace, s um\u011blou inteligenc\u00ed, u\u017eivatelsky p\u0159\u00edv\u011btiv\u00e9<\/td><td>Snadn\u00e9 pou\u017eit\u00ed, Zdarma, Nen\u00ed nutn\u00e1 registrace, Vysoce kvalitn\u00ed v\u00fdstup<\/td><td>Omezen\u00e9 pokro\u010dil\u00e9 funkce<\/td><td>Vynikaj\u00edc\u00ed pro rychl\u00e9 a snadn\u00e9 odstran\u011bn\u00ed<\/td><td>Nemus\u00ed dob\u0159e fungovat na slo\u017eit\u00fdch pozad\u00edch<\/td><td>Ide\u00e1ln\u00ed pro p\u0159\u00edle\u017eitostn\u00e9 u\u017eivatele, kte\u0159\u00ed pot\u0159ebuj\u00ed rychle odstranit vodoznak.<\/td><\/tr><tr><td>Remove.bg<\/td><td>Remove.bg<\/td><td>Podporuje fotografie s um\u011blou inteligenc\u00ed<\/td><td>Vysok\u00e1 p\u0159esnost, u\u017eivatelsky p\u0159\u00edv\u011btiv\u00e9<\/td><td>Omezeno na fotografie, nen\u00ed zdarma<\/td><td>Skv\u011bl\u00e9 pro fotografy<\/td><td>Pro pr\u00e9miov\u00e9 funkce je vy\u017eadov\u00e1no p\u0159edplatn\u00e9<\/td><td>Ide\u00e1ln\u00ed pro u\u017eivatele zam\u011b\u0159en\u00e9 na fotografie<\/td><\/tr><tr><td>Inpaint<\/td><td>Inpaint<\/td><td>Ru\u010dn\u00ed v\u00fdb\u011br, Podpora r\u016fzn\u00fdch form\u00e1t\u016f<\/td><td>Vysok\u00e1 kontrola, v\u0161estrannost<\/td><td>Manu\u00e1ln\u00ed proces m\u016f\u017ee b\u00fdt \u010dasov\u011b n\u00e1ro\u010dn\u00fd<\/td><td>Ide\u00e1ln\u00ed pro detailn\u00ed pr\u00e1ci<\/td><td>Strm\u00e1 k\u0159ivka u\u010den\u00ed<\/td><td>Doporu\u010deno pro pokro\u010dil\u00e9 u\u017eivatele<\/td><\/tr><tr><td>Apowersoft Odstra\u0148ova\u010d vodoznak\u016f<\/td><td>Apowersoft<\/td><td>D\u00e1vkov\u00e9 zpracov\u00e1n\u00ed, Podpora fotografi\u00ed a vide\u00ed<\/td><td>Efektivn\u00ed, v\u0161estrann\u00fd<\/td><td>Pro z\u00edsk\u00e1n\u00ed v\u0161ech funkc\u00ed je vy\u017eadov\u00e1no p\u0159edplatn\u00e9<\/td><td>Vhodn\u00e9 pro hromadn\u00e9 \u00fakoly<\/td><td>M\u016f\u017ee b\u00fdt n\u00e1kladn\u00e9<\/td><td>Nejlep\u0161\u00ed pro \u010dast\u00e9 u\u017eivatele s hromadn\u00fdmi pot\u0159ebami<\/td><\/tr><tr><td>Odstra\u0148ova\u010d vodoznak\u016f HitPaw<\/td><td>HitPaw<\/td><td>Podporuje fotografie a videa, poh\u00e1n\u011bn\u00e1 um\u011blou inteligenc\u00ed<\/td><td>Vysok\u00e1 kvalita, v\u0161estrannost<\/td><td>Pro z\u00edsk\u00e1n\u00ed v\u0161ech funkc\u00ed je vy\u017eadov\u00e1no p\u0159edplatn\u00e9<\/td><td>Vhodn\u00e9 pro fotografie i videa<\/td><td>M\u016f\u017ee b\u00fdt drah\u00e9<\/td><td>Skv\u011bl\u00e9 pro profesion\u00e1ly<\/td><\/tr><tr><td>SoftOrbits Odstra\u0148ova\u010d fotografick\u00fdch raz\u00edtek<\/td><td>SoftOrbits<\/td><td>s um\u011blou inteligenc\u00ed, podpora d\u00e1vkov\u00e9ho zpracov\u00e1n\u00ed<\/td><td>Efektivn\u00ed, p\u0159esn\u00e9<\/td><td>Pro pr\u00e9miov\u00e9 funkce je vy\u017eadov\u00e1no p\u0159edplatn\u00e9<\/td><td>Ide\u00e1ln\u00ed pro hromadn\u00e9 \u00falohy<\/td><td>N\u00e1kladn\u00e9 pro p\u0159\u00edle\u017eitostn\u00e9 u\u017eivatele<\/td><td>Doporu\u010deno pro \u010dast\u00e9 u\u017eivatele<\/td><\/tr><tr><td>Wondershare Fotophire<\/td><td>Fotophire<\/td><td>Podporuje r\u016fzn\u00e9 form\u00e1ty, snadn\u00e9 pou\u017eit\u00ed<\/td><td>V\u0161estrann\u00fd, u\u017eivatelsky p\u0159\u00edv\u011btiv\u00fd<\/td><td>Pro z\u00edsk\u00e1n\u00ed v\u0161ech funkc\u00ed je vy\u017eadov\u00e1no p\u0159edplatn\u00e9<\/td><td>Skv\u011bl\u00e9 pro za\u010d\u00e1te\u010dn\u00edky<\/td><td>Drah\u00e9<\/td><td>Ide\u00e1ln\u00ed pro nov\u00e9 u\u017eivatele<\/td><\/tr><tr><td>GIMP<\/td><td>GIMP<\/td><td>Zdarma, Open-source, Ru\u010dn\u00ed \u00fapravy<\/td><td>Vysoce p\u0159izp\u016fsobiteln\u00e9, zdarma<\/td><td>Strm\u00e1 k\u0159ivka u\u010den\u00ed<\/td><td>Ide\u00e1ln\u00ed pro detailn\u00ed \u00fapravy<\/td><td>Komplexn\u00ed rozhran\u00ed<\/td><td>Nejlep\u0161\u00ed pro pokro\u010dil\u00e9 u\u017eivatele<\/td><\/tr><tr><td>PhotoWorks<\/td><td>PhotoWorks<\/td><td>Poh\u00e1n\u011bno um\u011blou inteligenc\u00ed, podporuje r\u016fzn\u00e9 form\u00e1ty<\/td><td>P\u0159esn\u00e9, snadn\u00e9 pou\u017eit\u00ed<\/td><td>Pro z\u00edsk\u00e1n\u00ed v\u0161ech funkc\u00ed je vy\u017eadov\u00e1no p\u0159edplatn\u00e9<\/td><td>Skv\u011bl\u00e9 pro b\u011b\u017en\u00e9 i profesion\u00e1ln\u00ed pou\u017eit\u00ed<\/td><td>M\u016f\u017ee b\u00fdt n\u00e1kladn\u00e9<\/td><td>Ide\u00e1ln\u00ed pro v\u0161echny \u00farovn\u011b u\u017eivatel\u016f<\/td><\/tr><tr><td>Pixlr<\/td><td><a href=\"https:\/\/bingimagecreator.online\/\" target=\"_blank\" data-type=\"link\" data-id=\"https:\/\/bingimagecreator.online\/\" rel=\"noreferrer noopener\">Pixlr<\/a><\/td><td>Zdarma, Online n\u00e1stroj, Ru\u010dn\u00ed \u00fapravy<\/td><td>P\u0159\u00edstupn\u00e9, Zdarma<\/td><td>Omezen\u00e9 pokro\u010dil\u00e9 funkce<\/td><td>Dobr\u00e9 pro rychl\u00e9 \u00fapravy<\/td><td>Omezen\u00e9 funkce<\/td><td>Nejlep\u0161\u00ed pro rychl\u00e9 a jednoduch\u00e9 \u00fakoly<\/td><\/tr><\/tbody><\/table><\/figure>\n\n\n\n<h3 class=\"wp-block-heading\" id=\"frequently-asked-questions-faq\">\u010casto kladen\u00e9 ot\u00e1zky (FAQ)<\/h3>\n\n\n\n<ol class=\"wp-block-list\">\n<li class=\"\"><strong>Jak odstranit vodoznak z fotografie?<\/strong>\n<ul class=\"wp-block-list\">\n<li class=\"\">Chcete-li z fotografie odstranit vodoznak, m\u016f\u017eete pou\u017e\u00edt online n\u00e1stroje, jako je nap\u0159\u00edklad AI Art Free Watermark Remover. Sta\u010d\u00ed nahr\u00e1t fotografii, vybrat oblast vodoznaku a n\u00e1stroj jej automaticky odstran\u00ed.<\/li>\n<\/ul>\n<\/li>\n\n\n\n<li class=\"\"><strong>Jak odstranit vodoznak z videa?<\/strong>\n<ul class=\"wp-block-list\">\n<li class=\"\">Pou\u017eijte n\u00e1stroje jako Apowersoft Watermark Remover, kter\u00e9 podporuj\u00ed form\u00e1ty videa. Nahrajte video, vyberte oblast vodoznaku a n\u00e1stroj zpracuje video a odstran\u00ed vodoznak.<\/li>\n<\/ul>\n<\/li>\n\n\n\n<li class=\"\"><strong>Existuje bezplatn\u00fd odstra\u0148ova\u010d vodoznak\u016f?<\/strong>\n<ul class=\"wp-block-list\">\n<li class=\"\">Ano, AI Art Free Watermark Remover je bezplatn\u00fd n\u00e1stroj, kter\u00fd umo\u017e\u0148uje neomezen\u00e9 pou\u017eit\u00ed bez nutnosti registrace.<\/li>\n<\/ul>\n<\/li>\n\n\n\n<li class=\"\"><strong>Um\u00ed AI odstranit vodoznaky?<\/strong>\n<ul class=\"wp-block-list\">\n<li class=\"\">Ano, n\u00e1stroje s um\u011blou inteligenc\u00ed, jako jsou AI Art Free Watermark Remover a Remove.bg, dok\u00e1\u017e\u00ed \u00fa\u010dinn\u011b odstranit vodoznaky z obr\u00e1zk\u016f pomoc\u00ed pokro\u010dil\u00fdch algoritm\u016f.<\/li>\n<\/ul>\n<\/li>\n\n\n\n<li class=\"\"><strong>Jak\u00fd je nejlep\u0161\u00ed odstra\u0148ova\u010d vodoznak\u016f pro fotografie?<\/strong>\n<ul class=\"wp-block-list\">\n<li class=\"\">AI Art Free Watermark Remover a Remove.bg pat\u0159\u00ed d\u00edky sv\u00e9 vysok\u00e9 p\u0159esnosti a snadn\u00e9mu pou\u017eit\u00ed k nejlep\u0161\u00edm n\u00e1stroj\u016fm pro odstra\u0148ov\u00e1n\u00ed vodoznak\u016f z fotografi\u00ed.<\/li>\n<\/ul>\n<\/li>\n\n\n\n<li class=\"\"><strong>Jak\u00fd je nejlep\u0161\u00ed odstra\u0148ova\u010d vodoznak\u016f pro videa?<\/strong>\n<ul class=\"wp-block-list\">\n<li class=\"\">Apowersoft Watermark Remover a HitPaw Watermark Remover jsou vynikaj\u00edc\u00ed volbou pro odstran\u011bn\u00ed vodoznak\u016f z vide\u00ed.<\/li>\n<\/ul>\n<\/li>\n\n\n\n<li class=\"\"><strong>Existuj\u00ed n\u011bjak\u00e9 odstra\u0148ova\u010de vodoznak\u016f s neomezen\u00fdm pou\u017eit\u00edm?<\/strong>\n<ul class=\"wp-block-list\">\n<li class=\"\">Ano, AI Art Free Watermark Remover nab\u00edz\u00ed neomezen\u00e9 pou\u017eit\u00ed bez registrace nebo p\u0159edplatn\u00e9ho.<\/li>\n<\/ul>\n<\/li>\n\n\n\n<li class=\"\"><strong>Jak odstranit ne\u017e\u00e1douc\u00ed objekty z obr\u00e1zk\u016f?<\/strong>\n<ul class=\"wp-block-list\">\n<li class=\"\">N\u00e1stroje jako Inpaint umo\u017e\u0148uj\u00ed ru\u010dn\u00ed v\u00fdb\u011br a odstran\u011bn\u00ed ne\u017e\u00e1douc\u00edch objekt\u016f z obr\u00e1zk\u016f a poskytuj\u00ed p\u0159esnou kontrolu nad procesem \u00faprav.<\/li>\n<\/ul>\n<\/li>\n\n\n\n<li class=\"\"><strong>Existuj\u00ed u\u017eivatelsky p\u0159\u00edv\u011btiv\u00e9 odstra\u0148ova\u010de vodoznak\u016f?<\/strong>\n<ul class=\"wp-block-list\">\n<li class=\"\">Ano, n\u00e1stroje jako AI Art Free Watermark Remover a Wondershare Fotophire jsou zn\u00e1m\u00e9 sv\u00fdm u\u017eivatelsky p\u0159\u00edv\u011btiv\u00fdm rozhran\u00edm.<\/li>\n<\/ul>\n<\/li>\n\n\n\n<li class=\"\"><strong>Dok\u00e1\u017e\u00ed odstra\u0148ova\u010de vodoznak\u016f zachovat p\u016fvodn\u00ed kvalitu?<\/strong>\n<ul class=\"wp-block-list\">\n<li class=\"\">Vysoce kvalitn\u00ed n\u00e1stroje, jako je AI Art Free Watermark Remover a HitPaw Watermark Remover, jsou navr\u017eeny tak, aby po odstran\u011bn\u00ed vodoznak\u016f zachovaly p\u016fvodn\u00ed kvalitu obr\u00e1zk\u016f a vide\u00ed.<\/li>\n<\/ul>\n<\/li>\n<\/ol>","protected":false},"excerpt":{"rendered":"<p>Before vs After How to use Watermark Remover *&nbsp;Depending on your internet speed, loading the model may take a few seconds.* There will be caching during continuous generation, and the new image will appear after about 3 seconds. Introduction of Watermark Remover What is a Watermark Remover? A watermark remover is a tool or software &#8230; <a title=\"Odstra\u0148ova\u010d vodoznak\u016f\" class=\"read-more\" href=\"https:\/\/aiartfree.online\/cs\/odstranovac-vodoznaku\/\" aria-label=\"Read more about Watermark Remover\">\u010c\u00edst d\u00e1l<\/a><\/p>","protected":false},"author":1,"featured_media":3304,"parent":0,"menu_order":0,"comment_status":"open","ping_status":"closed","template":"","meta":{"nf_dc_page":"","footnotes":""},"class_list":["post-3281","page","type-page","status-publish","has-post-thumbnail"],"jetpack_sharing_enabled":true,"_links":{"self":[{"href":"https:\/\/aiartfree.online\/cs\/wp-json\/wp\/v2\/pages\/3281","targetHints":{"allow":["GET"]}}],"collection":[{"href":"https:\/\/aiartfree.online\/cs\/wp-json\/wp\/v2\/pages"}],"about":[{"href":"https:\/\/aiartfree.online\/cs\/wp-json\/wp\/v2\/types\/page"}],"author":[{"embeddable":true,"href":"https:\/\/aiartfree.online\/cs\/wp-json\/wp\/v2\/users\/1"}],"replies":[{"embeddable":true,"href":"https:\/\/aiartfree.online\/cs\/wp-json\/wp\/v2\/comments?post=3281"}],"version-history":[{"count":0,"href":"https:\/\/aiartfree.online\/cs\/wp-json\/wp\/v2\/pages\/3281\/revisions"}],"wp:featuredmedia":[{"embeddable":true,"href":"https:\/\/aiartfree.online\/cs\/wp-json\/wp\/v2\/media\/3304"}],"wp:attachment":[{"href":"https:\/\/aiartfree.online\/cs\/wp-json\/wp\/v2\/media?parent=3281"}],"curies":[{"name":"wp","href":"https:\/\/api.w.org\/{rel}","templated":true}]}}