{"id":3270,"date":"2024-07-28T10:35:14","date_gmt":"2024-07-28T10:35:14","guid":{"rendered":"https:\/\/aiartfree.online\/?page_id=3270"},"modified":"2024-07-31T13:03:11","modified_gmt":"2024-07-31T13:03:11","slug":"ai-photo-generator","status":"publish","type":"page","link":"https:\/\/aiartfree.online\/cs\/generator-fotografii-ai\/","title":{"rendered":"Gener\u00e1tor fotografi\u00ed AI"},"content":{"rendered":"<h2 class=\"wp-block-heading has-text-align-center\">Co vytvo\u0159ili na\u0161i u\u017eivatel\u00e9<\/h2>\n\n\n\n<figure class=\"gb-block-image gb-block-image-1822da1f\"><img data-recalc-dims=\"1\" decoding=\"async\" loading=\"lazy\" width=\"1200\" height=\"823\" class=\"gb-image gb-image-1822da1f\" src=\"https:\/\/i0.wp.com\/aiartfree.online\/wp-content\/uploads\/2024\/07\/WX20240731-165815%402x.jpg?resize=1200%2C823&#038;ssl=1\" alt=\"Gener\u00e1tor fotografi\u00ed AI\" title=\"WX20240731-165815@2x\" srcset=\"https:\/\/i0.wp.com\/aiartfree.online\/wp-content\/uploads\/2024\/07\/WX20240731-165815%402x.jpg?w=1630&amp;ssl=1 1630w, https:\/\/i0.wp.com\/aiartfree.online\/wp-content\/uploads\/2024\/07\/WX20240731-165815%402x.jpg?resize=300%2C206&amp;ssl=1 300w, https:\/\/i0.wp.com\/aiartfree.online\/wp-content\/uploads\/2024\/07\/WX20240731-165815%402x.jpg?resize=1024%2C702&amp;ssl=1 1024w, https:\/\/i0.wp.com\/aiartfree.online\/wp-content\/uploads\/2024\/07\/WX20240731-165815%402x.jpg?resize=768%2C527&amp;ssl=1 768w, https:\/\/i0.wp.com\/aiartfree.online\/wp-content\/uploads\/2024\/07\/WX20240731-165815%402x.jpg?resize=1536%2C1054&amp;ssl=1 1536w, https:\/\/i0.wp.com\/aiartfree.online\/wp-content\/uploads\/2024\/07\/WX20240731-165815%402x.jpg?resize=18%2C12&amp;ssl=1 18w, https:\/\/i0.wp.com\/aiartfree.online\/wp-content\/uploads\/2024\/07\/WX20240731-165815%402x.jpg?resize=600%2C412&amp;ssl=1 600w\" sizes=\"auto, (max-width: 1200px) 100vw, 1200px\" \/><\/figure>\n\n\n\n<h2 class=\"wp-block-heading\">Jak pou\u017e\u00edvat AI Photo Generator<\/h2>\n\n\n\n<ol class=\"wp-block-list\">\n<li class=\"\">Zadejte svou v\u00fdzvu nebo vyberte jeden z p\u0159\u00edklad\u016f v\u00fdzvy<\/li>\n\n\n\n<li class=\"\">Klikn\u011bte na tla\u010d\u00edtko \"Generovat\".<\/li>\n\n\n\n<li class=\"\">Po\u010dkat, to je ono!<\/li>\n<\/ol>\n\n\n\n<h3 class=\"wp-block-heading has-medium-font-size\">P\u0159\u00edklady v\u00fdzev<\/h3>\n\n\n\n<ul class=\"wp-block-list has-small-font-size\">\n<li class=\"\">kr\u00e1sn\u00e1 \u017eena, noc, s hv\u011bzdami, slo\u017eit\u00e9, elegantn\u00ed, velmi detailn\u00ed, hladk\u00e9, ostr\u00e9 zaost\u0159en\u00ed<\/li>\n\n\n\n<li class=\"\">kr\u00e1sn\u00e1 \u017eena, noc, sci-fi, fantasy, slo\u017eit\u00e9, elegantn\u00ed, modr\u00e9 \u0161aty, magick\u00e9, velmi detailn\u00ed, hladk\u00e9, ostr\u00e9, ilustrace<\/li>\n\n\n\n<li class=\"\">kr\u00e1sn\u00e1 \u017eena na pl\u00e1\u017ei, relaxa\u010dn\u00ed, \u00e9terick\u00fd, zasn\u011bn\u00fd, podsv\u00edcen\u00ed, velmi detailn\u00ed, realistick\u00e9 osv\u011btlen\u00ed, ostr\u00e9 zaost\u0159en\u00ed, pravidlo t\u0159etin, hd, oktanov\u00e9, 4k<\/li>\n\n\n\n<li class=\"\">kr\u00e1sn\u00e1 \u017eena, velk\u00e1 prsa, domina milenka, steampunk, plach\u00fd \u00fasm\u011bv, 4k, Mal\u00fd detail<\/li>\n\n\n\n<li class=\"\">kr\u00e1sn\u00e1 \u017eena, noc, s hv\u011bzdami, slo\u017eit\u00e9, elegantn\u00ed, velmi detailn\u00ed, hladk\u00e9, ostr\u00e9 zaost\u0159en\u00ed<\/li>\n<\/ul>\n\n\n\n<p class=\"\">Pou\u017eijte&nbsp;<a href=\"https:\/\/aiartfree.online\/cs\/generator-vyzev\/\" target=\"_blank\" data-type=\"page\" data-id=\"3164\" rel=\"noreferrer noopener\">Gener\u00e1tor v\u00fdzev<\/a>&nbsp;k roz\u0161\u00ed\u0159en\u00ed hranic va\u0161\u00ed p\u0159edstavivosti<\/p>\n\n\n\n<p class=\"\"><em>* V z\u00e1vislosti na rychlosti va\u0161eho internetu m\u016f\u017ee na\u010d\u00edt\u00e1n\u00ed modelu trvat n\u011bkolik sekund.<br>* B\u011bhem nep\u0159etr\u017eit\u00e9ho generov\u00e1n\u00ed bude prob\u00edhat ukl\u00e1d\u00e1n\u00ed do mezipam\u011bti a nov\u00fd obr\u00e1zek se zobraz\u00ed p\u0159ibli\u017en\u011b po 3 sekund\u00e1ch.<\/em><\/p>\n\n\n\n<div class=\"iframe-wrapper\" style=\"position: relative; width: 100%; height: 950px;\">\n  <div class=\"loading\" style=\"position: absolute; top: 50px; left: 50%; transform: translate(-50%, -50%); width: 40px; height: 40px; border: 3px solid #f0f0f0; border-top: 3px solid #db7093; border-radius: 50%; animation: spin 1s linear infinite;\"><\/div>\n  <iframe loading=\"lazy\" src=\"https:\/\/playgroundai-playground-v2-5.hf.space\" frameborder=\"0\" width=\"100%\" height=\"100%\" style=\"position: absolute; top: 0; left: 0; opacity: 0; transition: opacity 0.3s;\" onload=\"this.style.opacity=1;this.previousElementSibling.style.display='none';\"><\/iframe>\n<\/div>\n\n<style>\n@keyframes spin {\n  0% { transform: translate(-50%, -50%) rotate(0deg); }\n  100% { transform: translate(-50%, -50%) rotate(360deg); }\n}\n<\/style>\n\n\n\n<div style=\"height:50px\" aria-hidden=\"true\" class=\"wp-block-spacer\"><\/div>\n\n\n\n<h2 class=\"wp-block-heading\">Zaveden\u00ed gener\u00e1toru AI fotografi\u00ed<\/h2>\n\n\n\n<p class=\"\">V rychl\u00e9m digit\u00e1ln\u00edm sv\u011bt\u011b se gener\u00e1tory fotografi\u00ed s um\u011blou inteligenc\u00ed staly z\u00e1kladn\u00edmi n\u00e1stroji pro um\u011blce, market\u00e9ry a tv\u016frce obsahu. V tomto \u010dl\u00e1nku se dozv\u00edte, co jsou to gener\u00e1tory fotografi\u00ed s um\u011blou inteligenc\u00ed, jak\u00fd maj\u00ed v\u00fdznam a jak je lze vyu\u017e\u00edt v r\u016fzn\u00fdch odv\u011btv\u00edch. Krom\u011b toho prozkoum\u00e1me nejlep\u0161\u00ed gener\u00e1tory AI fotografi\u00ed, kter\u00e9 jsou dnes k dispozici, v\u010detn\u011b velmi doporu\u010dovan\u00e9ho n\u00e1stroje od spole\u010dnosti <a href=\"https:\/\/aiartfree.online\/cs\/generator-fotografii-ai\/\">Um\u011bn\u00ed AI zdarma<\/a>.<\/p>\n\n\n\n<figure class=\"wp-block-image size-full is-resized\"><img data-recalc-dims=\"1\" data-dominant-color=\"70574e\" data-has-transparency=\"false\" decoding=\"async\" width=\"1024\" height=\"1024\"   loading=\"lazy\" src=\"https:\/\/i0.wp.com\/aiartfree.online\/wp-content\/uploads\/2024\/07\/image-30.webp?resize=1024%2C1024&#038;ssl=1\" alt=\"V rychl\u00e9m digit\u00e1ln\u00edm sv\u011bt\u011b se gener\u00e1tory fotografi\u00ed s um\u011blou inteligenc\u00ed staly z\u00e1kladn\u00edmi n\u00e1stroji pro um\u011blce, market\u00e9ry a tv\u016frce obsahu. V tomto \u010dl\u00e1nku se dozv\u00edte, co jsou to gener\u00e1tory fotografi\u00ed s um\u011blou inteligenc\u00ed, jak\u00fd maj\u00ed v\u00fdznam a jak je lze vyu\u017e\u00edt v r\u016fzn\u00fdch odv\u011btv\u00edch. Krom\u011b toho prozkoum\u00e1me nejlep\u0161\u00ed AI gener\u00e1tory fotografi\u00ed, kter\u00e9 jsou dnes k dispozici, v\u010detn\u011b velmi doporu\u010dovan\u00e9ho n\u00e1stroje od spole\u010dnosti AI Art Free.\" class=\"wp-image-3278 not-transparent\" style=\"--dominant-color: #70574e; width:436px;height:auto\" srcset=\"https:\/\/i0.wp.com\/aiartfree.online\/wp-content\/uploads\/2024\/07\/image-30.webp?w=1024&amp;ssl=1 1024w, https:\/\/i0.wp.com\/aiartfree.online\/wp-content\/uploads\/2024\/07\/image-30.webp?resize=300%2C300&amp;ssl=1 300w, https:\/\/i0.wp.com\/aiartfree.online\/wp-content\/uploads\/2024\/07\/image-30.webp?resize=150%2C150&amp;ssl=1 150w, https:\/\/i0.wp.com\/aiartfree.online\/wp-content\/uploads\/2024\/07\/image-30.webp?resize=768%2C768&amp;ssl=1 768w, https:\/\/i0.wp.com\/aiartfree.online\/wp-content\/uploads\/2024\/07\/image-30.webp?resize=12%2C12&amp;ssl=1 12w, https:\/\/i0.wp.com\/aiartfree.online\/wp-content\/uploads\/2024\/07\/image-30.webp?resize=600%2C600&amp;ssl=1 600w, https:\/\/i0.wp.com\/aiartfree.online\/wp-content\/uploads\/2024\/07\/image-30.webp?resize=100%2C100&amp;ssl=1 100w\" sizes=\"auto, (max-width: 1024px) 100vw, 1024px\" \/><\/figure>\n\n\n\n<h3 class=\"wp-block-heading\">Obsah<\/h3>\n\n\n\n<ol class=\"wp-block-list\">\n<li class=\"\"><a href=\"#what-is-an-ai-photo-generator\">Co je to gener\u00e1tor fotografi\u00ed AI?<\/a><\/li>\n\n\n\n<li class=\"\"><a href=\"#why-use-an-ai-photo-generator\">Pro\u010d pou\u017e\u00edvat AI Photo Generator?<\/a><\/li>\n\n\n\n<li class=\"\"><a href=\"#who-can-benefit-from-ai-photo-generators\">Kdo m\u016f\u017ee vyu\u017e\u00edt gener\u00e1tory fotografi\u00ed s um\u011blou inteligenc\u00ed?<\/a><\/li>\n\n\n\n<li class=\"\"><a href=\"#top-10-ai-photo-generators\">10 nejlep\u0161\u00edch gener\u00e1tor\u016f AI fotografi\u00ed<\/a><\/li>\n\n\n\n<li class=\"\"><a href=\"#faq\">\u010cASTO KLADEN\u00c9 DOTAZY<\/a><\/li>\n<\/ol>\n\n\n\n<h3 class=\"wp-block-heading\">Co je to gener\u00e1tor fotografi\u00ed AI?<\/h3>\n\n\n\n<p class=\"\">Gener\u00e1tor fotografi\u00ed s um\u011blou inteligenc\u00ed, zn\u00e1m\u00fd tak\u00e9 jako gener\u00e1tor obr\u00e1zk\u016f s um\u011blou inteligenc\u00ed, je n\u00e1stroj vyu\u017e\u00edvaj\u00edc\u00ed um\u011blou inteligenci a strojov\u00e9 u\u010den\u00ed, kter\u00fd p\u0159ev\u00e1d\u00ed textov\u00e9 podn\u011bty na jedine\u010dn\u00e9 obr\u00e1zky. Tyto n\u00e1stroje vyu\u017e\u00edvaj\u00ed generativn\u00ed um\u011blou inteligenci k vytv\u00e1\u0159en\u00ed \u017eiv\u00fdch a rozmanit\u00fdch obr\u00e1zk\u016f na z\u00e1klad\u011b textov\u00fdch popis\u016f zadan\u00fdch u\u017eivatelem.<\/p>\n\n\n\n<h3 class=\"wp-block-heading\">Pro\u010d pou\u017e\u00edvat AI Photo Generator?<\/h3>\n\n\n\n<p class=\"\">Gener\u00e1tory fotografi\u00ed s um\u011blou inteligenc\u00ed jsou kl\u00ed\u010dov\u00e9 pro rychl\u00e9 a efektivn\u00ed vytv\u00e1\u0159en\u00ed jedine\u010dn\u00fdch obr\u00e1zk\u016f. Nab\u00edzej\u00ed \u0159adu v\u00fdhod:<\/p>\n\n\n\n<ul class=\"wp-block-list\">\n<li class=\"\"><strong>Kreativita:<\/strong> Pom\u00e1haj\u00ed vytv\u00e1\u0159et jedine\u010dn\u00e9 a kreativn\u00ed sn\u00edmky, kter\u00e9 vynikaj\u00ed.<\/li>\n\n\n\n<li class=\"\"><strong>Efektivita:<\/strong> \u0160et\u0159\u00ed \u010das t\u00edm, \u017ee okam\u017eit\u011b vytv\u00e1\u0159ej\u00ed vysoce kvalitn\u00ed sn\u00edmky.<\/li>\n\n\n\n<li class=\"\"><strong>V\u0161estrannost:<\/strong> Lze je pou\u017e\u00edt k r\u016fzn\u00fdm \u00fa\u010del\u016fm, od p\u0159\u00edsp\u011bvk\u016f na soci\u00e1ln\u00edch s\u00edt\u00edch a\u017e po marketingov\u00e9 materi\u00e1ly.<\/li>\n<\/ul>\n\n\n\n<h3 class=\"wp-block-heading\">Kdo m\u016f\u017ee vyu\u017e\u00edt gener\u00e1tory fotografi\u00ed s um\u011blou inteligenc\u00ed?<\/h3>\n\n\n\n<ul class=\"wp-block-list\">\n<li class=\"\"><strong>Um\u011blci:<\/strong> Pro vytv\u00e1\u0159en\u00ed jedine\u010dn\u00fdch digit\u00e1ln\u00edch um\u011bleck\u00fdch d\u011bl.<\/li>\n\n\n\n<li class=\"\"><strong>Market\u00e9\u0159i:<\/strong> Pro generov\u00e1n\u00ed kvalitn\u00edch obr\u00e1zk\u016f pro kampan\u011b.<\/li>\n\n\n\n<li class=\"\"><strong>Tv\u016frci obsahu:<\/strong> Pro vylep\u0161en\u00ed p\u0159\u00edsp\u011bvk\u016f na blogu, obsahu soci\u00e1ln\u00edch m\u00e9di\u00ed a dal\u0161\u00edch.<\/li>\n\n\n\n<li class=\"\"><strong>Podniky:<\/strong> Pro navrhov\u00e1n\u00ed marketingov\u00fdch materi\u00e1l\u016f, webov\u00fdch str\u00e1nek a reklam.<\/li>\n<\/ul>\n\n\n\n<h3 class=\"wp-block-heading\">10 nejlep\u0161\u00edch gener\u00e1tor\u016f AI fotografi\u00ed<\/h3>\n\n\n\n<figure class=\"wp-block-table\"><table class=\"has-fixed-layout\"><thead><tr><th><strong>N\u00e1stroj<\/strong><\/th><th><strong>Webov\u00e9 str\u00e1nky<\/strong><\/th><th><strong>V\u00fdhody<\/strong><\/th><th><strong>Nev\u00fdhody<\/strong><\/th><th><strong>V\u00fdzvy<\/strong><\/th><th><strong>N\u00e1vrhy<\/strong><\/th><\/tr><\/thead><tbody><tr><td><strong>Um\u011bn\u00ed AI zdarma<\/strong><\/td><td><a href=\"https:\/\/aiartfree.online\/cs\/generator-fotografii-ai\/\">aiartfree.online<\/a><\/td><td>Zdarma, snadn\u00e9 pou\u017eit\u00ed, vysoce kvalitn\u00ed sn\u00edmky<\/td><td>Omezen\u00e9 p\u0159izp\u016fsoben\u00ed<\/td><td>Pot\u0159ebuje st\u00e1l\u00e9 p\u0159ipojen\u00ed k internetu<\/td><td>Pravideln\u00e9 aktualizace pro vylep\u0161en\u00ed funkc\u00ed<\/td><\/tr><tr><td><strong>DeepArt<\/strong><\/td><td><a href=\"https:\/\/deepart.io\" target=\"_blank\" rel=\"noopener\">deepart.io<\/a><\/td><td>Skv\u011bl\u00e9 um\u011bleck\u00e9 filtry<\/td><td>Pomal\u00e9 zpracov\u00e1n\u00ed<\/td><td>Ne v\u017edy p\u0159esn\u00e9<\/td><td>Zlep\u0161en\u00ed rychlosti zpracov\u00e1n\u00ed<\/td><\/tr><tr><td><strong>Dr\u00e1ha ML<\/strong><\/td><td><a href=\"https:\/\/runwayml.com\" target=\"_blank\" rel=\"noopener\">runwayml.com<\/a><\/td><td>V\u0161estrann\u00fd, profesion\u00e1ln\u00ed<\/td><td>Drah\u00e9<\/td><td>Strm\u00e1 k\u0159ivka u\u010den\u00ed<\/td><td>Poskytov\u00e1n\u00ed v\u00fdukov\u00fdch program\u016f<\/td><\/tr><tr><td><strong>Artbreeder<\/strong><\/td><td><a href=\"https:\/\/artbreeder.com\" target=\"_blank\" rel=\"noopener\">artbreeder.com<\/a><\/td><td>Spole\u010dn\u00e9, jedine\u010dn\u00e9 v\u00fdstupy<\/td><td>Omezen\u00e1 bezplatn\u00e1 verze<\/td><td>Rozhran\u00ed m\u016f\u017ee b\u00fdt slo\u017eit\u00e9<\/td><td>Zjednodu\u0161en\u00ed u\u017eivatelsk\u00e9ho rozhran\u00ed<\/td><\/tr><tr><td><strong>DALL-E<\/strong><\/td><td><a href=\"https:\/\/aiartfree.online\/cs\/volny-dalle-3\/\" data-type=\"page\" data-id=\"2889\">openai.com\/dall-e<\/a><\/td><td>Vysoce kvalitn\u00ed sn\u00edmky, inovativn\u00ed<\/td><td>Omezen\u00fd p\u0159\u00edstup<\/td><td>Vysok\u00e1 popt\u00e1vka<\/td><td>Zv\u00fd\u0161en\u00ed dostupnosti<\/td><\/tr><tr><td><strong>Gener\u00e1tor hlubok\u00fdch sn\u016f<\/strong><\/td><td><a href=\"https:\/\/deepdreamgenerator.com\" target=\"_blank\" rel=\"noopener\">deepdreamgenerator.com<\/a><\/td><td>Surrealistick\u00e9, um\u011bleck\u00e9 obrazy<\/td><td>M\u016f\u017ee b\u00fdt abstraktn\u00ed<\/td><td>Nevhodn\u00e9 pro v\u0161echny \u00fa\u010dely<\/td><td>Nab\u00eddka v\u00edce styl\u016f<\/td><\/tr><tr><td><strong>NightCafe<\/strong><\/td><td><a href=\"https:\/\/nightcafe.studio\" target=\"_blank\" rel=\"noopener\">nightcafe.studio<\/a><\/td><td>Snadn\u00e9 pou\u017eit\u00ed, komunitn\u00ed funkce<\/td><td>Omezen\u00e9 bezplatn\u00e9 mo\u017enosti<\/td><td>M\u016f\u017ee b\u00fdt drah\u00e9<\/td><td>Dal\u0161\u00ed bezplatn\u00e9 funkce<\/td><\/tr><tr><td><strong>Velk\u00fd sp\u00e1nek<\/strong><\/td><td><a href=\"https:\/\/bigsleep.dev\" target=\"_blank\" rel=\"noopener\">bigsleep.dev<\/a><\/td><td>Otev\u0159en\u00fd zdrojov\u00fd k\u00f3d, mo\u017enost p\u0159izp\u016fsoben\u00ed<\/td><td>Vy\u017eaduje technick\u00e9 znalosti<\/td><td>Komplexn\u00ed nastaven\u00ed<\/td><td>Poskytnout v\u00edce pr\u016fvodc\u016f<\/td><\/tr><tr><td><strong>Ganbreeder<\/strong><\/td><td><a href=\"https:\/\/ganbreeder.app\" target=\"_blank\" rel=\"noopener\">ganbreeder.app<\/a><\/td><td>Spolupr\u00e1ce, kreativita<\/td><td>M\u016f\u017ee b\u00fdt nep\u0159edv\u00eddateln\u00fd<\/td><td>Rozhran\u00ed by mohlo b\u00fdt lep\u0161\u00ed<\/td><td>Zlep\u0161en\u00ed p\u0159edv\u00eddatelnosti<\/td><\/tr><tr><td><strong>StyleGAN2<\/strong><\/td><td><a href=\"https:\/\/github.com\/NVlabs\/stylegan2\" target=\"_blank\" rel=\"noopener\">github.com\/NVlabs\/stylegan2<\/a><\/td><td>Vysoce kvalitn\u00ed v\u00fdsledky<\/td><td>Vy\u017eaduje technick\u00e9 dovednosti<\/td><td>Obt\u00ed\u017en\u00e9 nastaven\u00ed<\/td><td>U\u017eivatelsky p\u0159\u00edv\u011btiv\u011bj\u0161\u00ed v\u00fdukov\u00e9 programy<\/td><\/tr><\/tbody><\/table><\/figure>\n\n\n\n<h3 class=\"wp-block-heading\">\u010cASTO KLADEN\u00c9 DOTAZY<\/h3>\n\n\n\n<h4 class=\"wp-block-heading\">Jak zjistit, zda je fotografie vytvo\u0159en\u00e1 um\u011blou inteligenc\u00ed?<\/h4>\n\n\n\n<p class=\"\">Chcete-li zjistit, zda je fotografie vytvo\u0159en\u00e1 um\u011blou inteligenc\u00ed, hledejte jemn\u00e9 anom\u00e1lie, nep\u0159irozen\u00e9 vzory a nedostatek jemn\u00fdch detail\u016f, kter\u00e9 jsou u sn\u00edmk\u016f vytvo\u0159en\u00fdch um\u011blou inteligenc\u00ed b\u011b\u017en\u00e9.<\/p>\n\n\n\n<h4 class=\"wp-block-heading\">Jak generovat fotografie s um\u011blou inteligenc\u00ed?<\/h4>\n\n\n\n<p class=\"\">Fotografie AI m\u016f\u017eete vygenerovat pomoc\u00ed gener\u00e1toru fotografi\u00ed AI, jako je nap\u0159. <a href=\"https:\/\/aiartfree.online\/cs\/generator-fotografii-ai\/\">Um\u011bn\u00ed AI zdarma<\/a>. Sta\u010d\u00ed zadat textovou v\u00fdzvu a nechat um\u011blou inteligenci vytvo\u0159it obr\u00e1zek.<\/p>\n\n\n\n<h4 class=\"wp-block-heading\">Je tato fotografie generov\u00e1na um\u011blou inteligenc\u00ed?<\/h4>\n\n\n\n<p class=\"\">Chcete-li zkontrolovat, zda je fotografie vytvo\u0159en\u00e1 um\u011blou inteligenc\u00ed, pou\u017eijte n\u00e1stroje ur\u010den\u00e9 k detekci obsahu vytvo\u0159en\u00e9ho um\u011blou inteligenc\u00ed nebo analyzujte obr\u00e1zek z hlediska nesrovnalost\u00ed.<\/p>\n\n\n\n<h4 class=\"wp-block-heading\">Jak\u00fd je nejlep\u0161\u00ed gener\u00e1tor fotografi\u00ed AI?<\/h4>\n\n\n\n<p class=\"\">Nejlep\u0161\u00ed gener\u00e1tor fotografi\u00ed AI se li\u0161\u00ed v z\u00e1vislosti na va\u0161ich pot\u0159eb\u00e1ch, ale <a href=\"https:\/\/aiartfree.online\/cs\/generator-fotografii-ai\/\">Um\u011bn\u00ed AI zdarma<\/a> je doporu\u010dov\u00e1n pro sv\u00e9 snadn\u00e9 pou\u017eit\u00ed a kvalitn\u00ed v\u00fdstup.<\/p>\n\n\n\n<h4 class=\"wp-block-heading\">Jak vytvo\u0159it fotografie generovan\u00e9 um\u011blou inteligenc\u00ed?<\/h4>\n\n\n\n<p class=\"\">Fotografie generovan\u00e9 um\u011blou inteligenc\u00ed m\u016f\u017eete vytvo\u0159it zad\u00e1n\u00edm popisn\u00fdch textov\u00fdch pokyn\u016f do gener\u00e1toru fotografi\u00ed s um\u011blou inteligenc\u00ed, kter\u00fd na z\u00e1klad\u011b va\u0161ich popis\u016f vytvo\u0159\u00ed obr\u00e1zky.<\/p>\n\n\n\n<h3 class=\"wp-block-heading\">Dal\u0161\u00ed moduly<\/h3>\n\n\n\n<h4 class=\"wp-block-heading\">Porozum\u011bn\u00ed generativn\u00ed um\u011bl\u00e9 inteligenci a jej\u00edmu dopadu<\/h4>\n\n\n\n<p class=\"\">Generativn\u00ed um\u011bl\u00e1 inteligence, kter\u00e1 vyu\u017e\u00edv\u00e1 gener\u00e1tory fotografi\u00ed s um\u011blou inteligenc\u00ed, je typ um\u011bl\u00e9 inteligence, kter\u00e1 dok\u00e1\u017ee vytv\u00e1\u0159et nov\u00fd obsah z existuj\u00edc\u00edch dat. Tato technologie p\u0159in\u00e1\u0161\u00ed revoluci do kreativn\u00edch odv\u011btv\u00ed, proto\u017ee umo\u017e\u0148uje vytv\u00e1\u0159et jedine\u010dn\u00e9 obr\u00e1zky, hudbu a texty.<\/p>\n\n\n\n<h4 class=\"wp-block-heading\">V\u00fdhody pou\u017e\u00edv\u00e1n\u00ed gener\u00e1tor\u016f fotografi\u00ed s um\u011blou inteligenc\u00ed pro soci\u00e1ln\u00ed m\u00e9dia<\/h4>\n\n\n\n<p class=\"\">Gener\u00e1tory fotografi\u00ed s um\u011blou inteligenc\u00ed jsou pro soci\u00e1ln\u00ed m\u00e9dia neoceniteln\u00e9, proto\u017ee umo\u017e\u0148uj\u00ed vytv\u00e1\u0159et poutav\u00e9 a jedine\u010dn\u00e9 vizu\u00e1ly, kter\u00e9 upoutaj\u00ed pozornost publika a podpo\u0159\u00ed jeho zapojen\u00ed.<\/p>\n\n\n\n<h4 class=\"wp-block-heading\">\u00daloha strojov\u00e9ho u\u010den\u00ed v gener\u00e1torech fotografi\u00ed s um\u011blou inteligenc\u00ed<\/h4>\n\n\n\n<p class=\"\">Z\u00e1kladem gener\u00e1tor\u016f fotografi\u00ed s um\u011blou inteligenc\u00ed je strojov\u00e9 u\u010den\u00ed. Umo\u017e\u0148uje t\u011bmto n\u00e1stroj\u016fm u\u010dit se z rozs\u00e1hl\u00fdch soubor\u016f dat a postupem \u010dasu zlep\u0161ovat kvalitu a relevanci vytv\u00e1\u0159en\u00fdch sn\u00edmk\u016f.<\/p>\n\n\n\n<h3 class=\"wp-block-heading\">Z\u00e1v\u011br<\/h3>\n\n\n\n<p class=\"\">Gener\u00e1tory fotografi\u00ed s um\u011blou inteligenc\u00ed jsou v\u00fdkonn\u00e9 n\u00e1stroje, kter\u00e9 vyu\u017e\u00edvaj\u00ed schopnosti um\u011bl\u00e9 inteligence a strojov\u00e9ho u\u010den\u00ed k vytv\u00e1\u0159en\u00ed jedine\u010dn\u00fdch a vysoce kvalitn\u00edch sn\u00edmk\u016f. A\u0165 u\u017e jste um\u011blec, market\u00e9r nebo tv\u016frce obsahu, tyto n\u00e1stroje mohou v\u00fdrazn\u011b zlep\u0161it v\u00e1\u0161 tv\u016fr\u010d\u00ed proces a v\u00fdstupy. Pochop\u00edte-li jejich v\u00fdhody a v\u00fdzvy, m\u016f\u017eete tyto inovativn\u00ed n\u00e1stroje maxim\u00e1ln\u011b vyu\u017e\u00edt k tvorb\u011b \u00fa\u017easn\u00fdch vizu\u00e1l\u016f, kter\u00e9 vyniknou v jak\u00e9mkoli m\u00e9diu.<\/p>\n\n\n\n<p class=\"\">Chcete-li z\u00edskat co nejlep\u0161\u00ed zku\u0161enosti, za\u010dn\u011bte <a href=\"https:\/\/aiartfree.online\/cs\/generator-fotografii-ai\/\">Um\u011bn\u00ed AI zdarma<\/a> kter\u00fd nab\u00edz\u00ed snadn\u00fd a bezplatn\u00fd zp\u016fsob generov\u00e1n\u00ed vysoce kvalitn\u00edch fotografi\u00ed AI.<\/p>","protected":false},"excerpt":{"rendered":"<p>What our users created How to use AI Photo Generator Prompt Examples Use&nbsp;Prompt Generator&nbsp;to Expand the Boundaries of Your Imagination *&nbsp;Depending on your internet speed, loading the model may take a few seconds.* There will be caching during continuous generation, and the new image will appear after about 3 seconds. Introduction of AI Photo Generator &#8230; <a title=\"Gener\u00e1tor fotografi\u00ed AI\" class=\"read-more\" href=\"https:\/\/aiartfree.online\/cs\/generator-fotografii-ai\/\" aria-label=\"Read more about AI Photo Generator\">\u010c\u00edst d\u00e1l<\/a><\/p>","protected":false},"author":1,"featured_media":3392,"parent":0,"menu_order":0,"comment_status":"open","ping_status":"closed","template":"","meta":{"nf_dc_page":"","footnotes":""},"class_list":["post-3270","page","type-page","status-publish","has-post-thumbnail"],"jetpack_sharing_enabled":true,"_links":{"self":[{"href":"https:\/\/aiartfree.online\/cs\/wp-json\/wp\/v2\/pages\/3270","targetHints":{"allow":["GET"]}}],"collection":[{"href":"https:\/\/aiartfree.online\/cs\/wp-json\/wp\/v2\/pages"}],"about":[{"href":"https:\/\/aiartfree.online\/cs\/wp-json\/wp\/v2\/types\/page"}],"author":[{"embeddable":true,"href":"https:\/\/aiartfree.online\/cs\/wp-json\/wp\/v2\/users\/1"}],"replies":[{"embeddable":true,"href":"https:\/\/aiartfree.online\/cs\/wp-json\/wp\/v2\/comments?post=3270"}],"version-history":[{"count":0,"href":"https:\/\/aiartfree.online\/cs\/wp-json\/wp\/v2\/pages\/3270\/revisions"}],"wp:featuredmedia":[{"embeddable":true,"href":"https:\/\/aiartfree.online\/cs\/wp-json\/wp\/v2\/media\/3392"}],"wp:attachment":[{"href":"https:\/\/aiartfree.online\/cs\/wp-json\/wp\/v2\/media?parent=3270"}],"curies":[{"name":"wp","href":"https:\/\/api.w.org\/{rel}","templated":true}]}}