{"id":3164,"date":"2024-07-24T07:24:20","date_gmt":"2024-07-24T07:24:20","guid":{"rendered":"https:\/\/aiartfree.online\/?page_id=3164"},"modified":"2024-08-02T11:02:53","modified_gmt":"2024-08-02T11:02:53","slug":"prompt-generator","status":"publish","type":"page","link":"https:\/\/aiartfree.online\/cs\/generator-vyzev\/","title":{"rendered":"Gener\u00e1tor v\u00fdzev"},"content":{"rendered":"<h2 class=\"wp-block-heading has-text-align-center\" id=\"before-prompt-generator-vs-after\">P\u0159ed gener\u00e1torem v\u00fdzev vs. po n\u011bm<\/h2>\n\n\n<div class=\"gb-grid-wrapper gb-grid-wrapper-274aea64\">\n<div class=\"gb-grid-column gb-grid-column-799665f9\"><div class=\"gb-container gb-container-799665f9\">\n\n<figure class=\"gb-block-image gb-block-image-858fbc7e\"><img data-recalc-dims=\"1\" decoding=\"async\" loading=\"lazy\" width=\"1024\" height=\"1024\" class=\"gb-image gb-image-858fbc7e\" src=\"https:\/\/i0.wp.com\/aiartfree.online\/wp-content\/uploads\/2024\/07\/image-25.jpg?resize=1024%2C1024&#038;ssl=1\" alt=\"Na h\u0159bitov\u011b neop\u011btovan\u00e9ho metronomu\" title=\"obr\u00e1zek (25)\" srcset=\"https:\/\/i0.wp.com\/aiartfree.online\/wp-content\/uploads\/2024\/07\/image-25.jpg?w=1024&amp;ssl=1 1024w, https:\/\/i0.wp.com\/aiartfree.online\/wp-content\/uploads\/2024\/07\/image-25.jpg?resize=300%2C300&amp;ssl=1 300w, https:\/\/i0.wp.com\/aiartfree.online\/wp-content\/uploads\/2024\/07\/image-25.jpg?resize=150%2C150&amp;ssl=1 150w, https:\/\/i0.wp.com\/aiartfree.online\/wp-content\/uploads\/2024\/07\/image-25.jpg?resize=768%2C768&amp;ssl=1 768w, https:\/\/i0.wp.com\/aiartfree.online\/wp-content\/uploads\/2024\/07\/image-25.jpg?resize=12%2C12&amp;ssl=1 12w, https:\/\/i0.wp.com\/aiartfree.online\/wp-content\/uploads\/2024\/07\/image-25.jpg?resize=600%2C600&amp;ssl=1 600w, https:\/\/i0.wp.com\/aiartfree.online\/wp-content\/uploads\/2024\/07\/image-25.jpg?resize=100%2C100&amp;ssl=1 100w\" sizes=\"auto, (max-width: 1024px) 100vw, 1024px\" \/><\/figure>\n\n\n\n<h4 class=\"gb-headline gb-headline-7f59b675 gb-headline-text\">V\u00fdzvy p\u0159ed<\/h4>\n\n\n\n<p class=\"gb-headline gb-headline-ec66d865 gb-headline-text\">Na h\u0159bitov\u011b neop\u011btovan\u00e9ho metronomu<\/p>\n\n<\/div><\/div>\n\n<div class=\"gb-grid-column gb-grid-column-b4f9a19c\"><div class=\"gb-container gb-container-b4f9a19c\">\n\n<figure class=\"gb-block-image gb-block-image-c763d41e\"><img data-recalc-dims=\"1\" decoding=\"async\" loading=\"lazy\" width=\"1024\" height=\"1024\" class=\"gb-image gb-image-c763d41e\" src=\"https:\/\/i0.wp.com\/aiartfree.online\/wp-content\/uploads\/2024\/07\/image-26-jpg.webp?resize=1024%2C1024&#038;ssl=1\" alt=\"Na h\u0159bitov\u011b neop\u011btovan\u00e9ho metronomu, osv\u011btlen\u00fd sv\u00ed\u010dkami, digit\u00e1ln\u00ed malba, artstation, concept art, craig mullins, dechberouc\u00ed, rozli\u0161en\u00ed 8 k, extr\u00e9mn\u011b detailn\u00ed, kr\u00e1sn\u00fd, ustavuj\u00edc\u00ed z\u00e1b\u011br, um\u011bleck\u00fd, hyperrealistick\u00fd, oktanov\u00e9 vykreslov\u00e1n\u00ed, filmov\u00e9 osv\u011btlen\u00ed, dramatick\u00e9 osv\u011btlen\u00ed, mistrovsk\u00e9 d\u00edlo, sv\u011btlo bezosty\u0161n\u00e9\" title=\"obr\u00e1zek (26)\" srcset=\"https:\/\/i0.wp.com\/aiartfree.online\/wp-content\/uploads\/2024\/07\/image-26-jpg.webp?w=1024&amp;ssl=1 1024w, https:\/\/i0.wp.com\/aiartfree.online\/wp-content\/uploads\/2024\/07\/image-26-jpg.webp?resize=300%2C300&amp;ssl=1 300w, https:\/\/i0.wp.com\/aiartfree.online\/wp-content\/uploads\/2024\/07\/image-26-jpg.webp?resize=150%2C150&amp;ssl=1 150w, https:\/\/i0.wp.com\/aiartfree.online\/wp-content\/uploads\/2024\/07\/image-26-jpg.webp?resize=768%2C768&amp;ssl=1 768w, https:\/\/i0.wp.com\/aiartfree.online\/wp-content\/uploads\/2024\/07\/image-26-jpg.webp?resize=12%2C12&amp;ssl=1 12w, https:\/\/i0.wp.com\/aiartfree.online\/wp-content\/uploads\/2024\/07\/image-26-jpg.webp?resize=600%2C600&amp;ssl=1 600w, https:\/\/i0.wp.com\/aiartfree.online\/wp-content\/uploads\/2024\/07\/image-26-jpg.webp?resize=100%2C100&amp;ssl=1 100w\" sizes=\"auto, (max-width: 1024px) 100vw, 1024px\" \/><\/figure>\n\n\n\n<h4 class=\"gb-headline gb-headline-21a96621 gb-headline-text\">V\u00fdzvy po<\/h4>\n\n\n\n<p class=\"gb-headline gb-headline-069e038b gb-headline-text\">Na h\u0159bitov\u011b neop\u011btovan\u00e9ho metronomu, osv\u011btlen\u00fd sv\u00ed\u010dkami, digit\u00e1ln\u00ed malba, artstation, concept art, craig mullins, dechberouc\u00ed, rozli\u0161en\u00ed 8 k, extr\u00e9mn\u011b detailn\u00ed, kr\u00e1sn\u00fd, ustavuj\u00edc\u00ed z\u00e1b\u011br, um\u011bleck\u00fd, hyperrealistick\u00fd, oktanov\u00e9 vykreslov\u00e1n\u00ed, filmov\u00e9 osv\u011btlen\u00ed, dramatick\u00e9 osv\u011btlen\u00ed, mistrovsk\u00e9 d\u00edlo, sv\u011btlo bezosty\u0161n\u00e9<\/p>\n\n<\/div><\/div>\n<\/div>\n\n\n<div style=\"height:50px\" aria-hidden=\"true\" class=\"wp-block-spacer\"><\/div>\n\n\n\n<h2 class=\"wp-block-heading\" id=\"how-to-use-prompt-generator\">Jak pou\u017e\u00edvat gener\u00e1tor v\u00fdzev<\/h2>\n\n\n\n<ol class=\"wp-block-list\">\n<li class=\"\">Zadejte sv\u00e9 my\u0161lenky<\/li>\n\n\n\n<li class=\"\">Klikn\u011bte na tla\u010d\u00edtko \"Odeslat\".<\/li>\n\n\n\n<li class=\"\">Po\u010dkejte na revolu\u010dn\u00ed v\u00fdzvy<\/li>\n\n\n\n<li class=\"\">P\u0159ejd\u011bte dol\u016f a vlo\u017ete svou revolu\u010dn\u00ed v\u00fdzvu pro generaci<\/li>\n\n\n\n<li class=\"\">Klikn\u011bte na tla\u010d\u00edtko \"Generovat\".<\/li>\n\n\n\n<li class=\"\">Po\u010dkat, to je ono!<\/li>\n<\/ol>\n\n\n\n<p class=\"\">Pokud nem\u00e1te v hlav\u011b \u017e\u00e1dn\u00e9 my\u0161lenky, <a href=\"#maodian\" data-type=\"internal\" data-id=\"#maodian\">klikn\u011bte pro prohl\u00eddku na\u0161\u00ed galerie Prompt<\/a><\/p>\n\n\n\n<p class=\"\"><em>* V z\u00e1vislosti na rychlosti va\u0161eho internetu m\u016f\u017ee na\u010d\u00edt\u00e1n\u00ed modelu trvat n\u011bkolik sekund.<\/em><\/p>\n\n\n\n<div class=\"iframe-wrapper\" style=\"position: relative; width: 100%; height: 900px;\">\n  <div class=\"loading\" style=\"position: absolute; top: 50px; left: 50%; transform: translate(-50%, -50%); width: 40px; height: 40px; border: 3px solid #f0f0f0; border-top: 3px solid #db7093; border-radius: 50%; animation: spin 1s linear infinite;\"><\/div>\n  <iframe loading=\"lazy\" src=\"https:\/\/doevent-stable-diffusion-prompt-generator.hf.space\" frameborder=\"0\" width=\"100%\" height=\"100%\" style=\"position: absolute; top: 0; left: 0; opacity: 0; transition: opacity 0.3s;\" onload=\"this.style.opacity=1;this.previousElementSibling.style.display='none';\"><\/iframe>\n<\/div>\n\n<style>\n@keyframes spin {\n  0% { transform: translate(-50%, -50%) rotate(0deg); }\n  100% { transform: translate(-50%, -50%) rotate(360deg); }\n}\n<\/style>\n\n\n\n<div style=\"height:10px\" aria-hidden=\"true\" class=\"wp-block-spacer\"><\/div>\n\n\n\n<p class=\"\"><em>* B\u011bhem nep\u0159etr\u017eit\u00e9ho generov\u00e1n\u00ed bude prob\u00edhat ukl\u00e1d\u00e1n\u00ed do mezipam\u011bti a nov\u00fd obr\u00e1zek se zobraz\u00ed p\u0159ibli\u017en\u011b po 5 sekund\u00e1ch.<\/em><\/p>\n\n\n\n<div class=\"iframe-wrapper\" style=\"position: relative; width: 100%; height: 1260px;\">\n  <div class=\"loading\" style=\"position: absolute; top: 50px; left: 50%; transform: translate(-50%, -50%); width: 40px; height: 40px; border: 3px solid #f0f0f0; border-top: 3px solid #db7093; border-radius: 50%; animation: spin 1s linear infinite;\"><\/div>\n  <iframe loading=\"lazy\" src=\"https:\/\/prodia-fast-stable-diffusion.hf.space\" frameborder=\"0\" width=\"100%\" height=\"100%\" style=\"position: absolute; top: 0; left: 0; opacity: 0; transition: opacity 0.3s;\" onload=\"this.style.opacity=1;this.previousElementSibling.style.display='none';\"><\/iframe>\n<\/div>\n\n<style>\n@keyframes spin {\n  0% { transform: translate(-50%, -50%) rotate(0deg); }\n  100% { transform: translate(-50%, -50%) rotate(360deg); }\n}\n<\/style>\n\n\n\n<div style=\"height:50px\" aria-hidden=\"true\" class=\"wp-block-spacer\"><\/div>\n\n\n\n<h2 class=\"wp-block-heading has-text-align-center\" id=\"prompts-gallery\">Galerie v\u00fdzev<\/h2>\n\n\n\n<h3 class=\"wp-block-heading\" id=\"how-to-use-prompts-gallery\">Jak pou\u017e\u00edvat galerii Prompts<\/h3>\n\n\n\n<ol class=\"wp-block-list\">\n<li class=\"\">Kliknut\u00edm na ikonu vpravo naho\u0159e na obr\u00e1zku duplikujete v\u00fdzvu.<\/li>\n\n\n\n<li class=\"\">P\u0159ejd\u011bte nahoru a vlo\u017ete sv\u016fj revolu\u010dn\u00ed podn\u011bt pro generaci<\/li>\n<\/ol>\n\n\n\n<div style=\"text-align: center; border: 2px solid; border-image-source: linear-gradient(to right, #16b86c, #912899); border-image-slice: 1; box-shadow: 0 0 10px rgba(0, 0, 0, 0.1); border-radius: 15px; position: relative;\">\n  <div id=\"loading\" style=\"position: absolute; top: 100px; left: 50%; transform: translate(-50%, -50%); z-index: 1000;\">\n    <div style=\"width: 50px; height: 50px; border: 5px solid #f3f3f3; border-top: 5px solid #16b86c; border-radius: 50%; animation: spin 1s linear infinite;\"><\/div>\n  <\/div>\n  <iframe loading=\"lazy\"\n    src=\"https:\/\/prithivmlmods-top-prompt-collection.static.hf.space\"\n    frameborder=\"0\"\n    width=\"100%\"\n    height=\"2600\"\n    style=\"display: inline-block; margin: 0 auto;\"\n    onload=\"document.getElementById('loading').style.display='none';\"\n  ><\/iframe>\n<\/div>\n\n<style>\n  @keyframes spin {\n    0% { transform: rotate(0deg); }\n    100% { transform: rotate(360deg); }\n  }\n<\/style>\n\n\n\n<div style=\"height:50px\" aria-hidden=\"true\" class=\"wp-block-spacer\"><\/div>\n\n\n\n<h2 class=\"wp-block-heading\" id=\"introduction-of-prompt-generator\">Zaveden\u00ed gener\u00e1toru v\u00fdzev<\/h2>\n\n\n\n<div class=\"wp-block-rank-math-toc-block\" id=\"rank-math-toc\"><h3>Obsah<\/h3><nav><ul><li><a href=\"#what-is-a-prompt-generator\">Co je to gener\u00e1tor v\u00fdzev?<\/a><ul><li><a href=\"#definition\">Definice<\/a><\/li><li><a href=\"#types-of-prompts\">Typy v\u00fdzev<\/a><\/li><\/ul><\/li><li><a href=\"#how-does-a-prompt-generator-work\">Jak funguje gener\u00e1tor v\u00fdzev?<\/a><ul><li><a href=\"#user-inputs\">U\u017eivatelsk\u00e9 vstupy<\/a><\/li><li><a href=\"#ai-analysis\">Anal\u00fdza um\u011bl\u00e9 inteligence<\/a><\/li><li><a href=\"#output\">V\u00fdstup<\/a><\/li><li><a href=\"#example-of-user-inputs-and-ai-analysis\">P\u0159\u00edklad u\u017eivatelsk\u00fdch vstup\u016f a anal\u00fdzy AI<\/a><\/li><\/ul><\/li><li><a href=\"#benefits-of-using-a-prompt-generator\">V\u00fdhody pou\u017e\u00edv\u00e1n\u00ed gener\u00e1toru v\u00fdzev<\/a><ul><li><a href=\"#efficiency\">\u00da\u010dinnost<\/a><\/li><li><a href=\"#creativity-boost\">Zv\u00fd\u0161en\u00ed kreativity<\/a><\/li><li><a href=\"#customization\">P\u0159izp\u016fsoben\u00ed<\/a><\/li><li><a href=\"#keyword-density-table\">Tabulka hustoty kl\u00ed\u010dov\u00fdch slov<\/a><\/li><\/ul><\/li><li><a href=\"#popular-applications-of-prompt-generators\">Obl\u00edben\u00e9 aplikace gener\u00e1tor\u016f v\u00fdzev<\/a><ul><li><a href=\"#content-creation\">Tvorba obsahu<\/a><\/li><li><a href=\"#education\">Vzd\u011bl\u00e1v\u00e1n\u00ed<\/a><\/li><li><a href=\"#business-and-marketing\">Obchod a marketing<\/a><\/li><\/ul><\/li><li><a href=\"#how-to-choose-the-right-prompt-generator\">Jak vybrat spr\u00e1vn\u00fd gener\u00e1tor v\u00fdzev<\/a><ul><li><a href=\"#features-to-look-for\">Funkce, na kter\u00e9 je t\u0159eba se zam\u011b\u0159it<\/a><\/li><li><a href=\"#popular-tools\">Obl\u00edben\u00e9 n\u00e1stroje<\/a><\/li><\/ul><\/li><li><a href=\"#conclusion\">Z\u00e1v\u011br<\/a><\/li><li><a href=\"#additional-resources\">Dal\u0161\u00ed zdroje<\/a><\/li><\/ul><\/nav><\/div>\n\n\n\n<h3 class=\"wp-block-heading\" id=\"introduction\">\u00davod<\/h3>\n\n\n\n<p class=\"\">Gener\u00e1tory podn\u011bt\u016f jsou v\u00fdkonn\u00e9 n\u00e1stroje, kter\u00e9 vyu\u017e\u00edvaj\u00ed um\u011blou inteligenci (AI), aby u\u017eivatel\u016fm pomohly p\u0159ekonat tv\u016fr\u010d\u00ed bloky a generovat inovativn\u00ed n\u00e1pady. Tyto n\u00e1stroje mohou vytv\u00e1\u0159et podn\u011bty k psan\u00ed, kreslen\u00ed a dal\u0161\u00ed kreativn\u00ed n\u00e1vrhy, tak\u017ee jsou neoceniteln\u00e9 pro spisovatele, um\u011blce a tv\u016frce obsahu. V tomto \u010dl\u00e1nku se dozv\u00edte, co jsou to gener\u00e1tory podn\u011bt\u016f, jak funguj\u00ed, jak\u00e9 jsou jejich v\u00fdhody, vyu\u017eit\u00ed a tipy pro v\u00fdb\u011br toho spr\u00e1vn\u00e9ho.<\/p>\n\n\n\n<figure class=\"wp-block-image size-full is-resized\"><img data-recalc-dims=\"1\" decoding=\"async\" width=\"1200\" height=\"600\"   loading=\"lazy\" src=\"https:\/\/i0.wp.com\/aiartfree.online\/wp-content\/uploads\/2024\/07\/WX20240724-132929%402x-scaled.webp?resize=1200%2C600&#038;ssl=1\" alt=\"Gener\u00e1tory podn\u011bt\u016f jsou v\u00fdkonn\u00e9 n\u00e1stroje, kter\u00e9 vyu\u017e\u00edvaj\u00ed um\u011blou inteligenci (AI), aby u\u017eivatel\u016fm pomohly p\u0159ekonat tv\u016fr\u010d\u00ed bloky a generovat inovativn\u00ed n\u00e1pady.\" class=\"wp-image-3185\" style=\"width:819px;height:auto\" srcset=\"https:\/\/i0.wp.com\/aiartfree.online\/wp-content\/uploads\/2024\/07\/WX20240724-132929%402x-scaled.webp?w=2560&amp;ssl=1 2560w, https:\/\/i0.wp.com\/aiartfree.online\/wp-content\/uploads\/2024\/07\/WX20240724-132929%402x-scaled.webp?resize=300%2C150&amp;ssl=1 300w, https:\/\/i0.wp.com\/aiartfree.online\/wp-content\/uploads\/2024\/07\/WX20240724-132929%402x-scaled.webp?resize=1024%2C512&amp;ssl=1 1024w, https:\/\/i0.wp.com\/aiartfree.online\/wp-content\/uploads\/2024\/07\/WX20240724-132929%402x-scaled.webp?resize=768%2C384&amp;ssl=1 768w, https:\/\/i0.wp.com\/aiartfree.online\/wp-content\/uploads\/2024\/07\/WX20240724-132929%402x-scaled.webp?resize=1536%2C768&amp;ssl=1 1536w, https:\/\/i0.wp.com\/aiartfree.online\/wp-content\/uploads\/2024\/07\/WX20240724-132929%402x-scaled.webp?resize=2048%2C1023&amp;ssl=1 2048w, https:\/\/i0.wp.com\/aiartfree.online\/wp-content\/uploads\/2024\/07\/WX20240724-132929%402x-scaled.webp?resize=18%2C9&amp;ssl=1 18w, https:\/\/i0.wp.com\/aiartfree.online\/wp-content\/uploads\/2024\/07\/WX20240724-132929%402x-scaled.webp?resize=600%2C300&amp;ssl=1 600w, https:\/\/i0.wp.com\/aiartfree.online\/wp-content\/uploads\/2024\/07\/WX20240724-132929%402x-scaled.webp?w=2400&amp;ssl=1 2400w\" sizes=\"auto, (max-width: 1200px) 100vw, 1200px\" \/><\/figure>\n\n\n\n<h3 class=\"wp-block-heading\" id=\"what-is-a-prompt-generator\">Co je to gener\u00e1tor v\u00fdzev?<\/h3>\n\n\n\n<h4 class=\"wp-block-heading\" id=\"definition\">Definice<\/h4>\n\n\n\n<p class=\"\">Gener\u00e1tor podn\u011bt\u016f je softwarov\u00e1 aplikace, kter\u00e1 vyu\u017e\u00edv\u00e1 algoritmy a um\u011blou inteligenci k vytv\u00e1\u0159en\u00ed podn\u011bt\u016f nebo n\u00e1vrh\u016f pro tv\u016fr\u010d\u00ed \u00fakoly. Tyto podn\u011bty lze pou\u017e\u00edt pro psan\u00ed, kreslen\u00ed, brainstorming a dal\u0161\u00ed.<\/p>\n\n\n\n<h4 class=\"wp-block-heading\" id=\"types-of-prompts\">Typy v\u00fdzev<\/h4>\n\n\n\n<ul class=\"wp-block-list\">\n<li class=\"\"><strong>Podn\u011bty k psan\u00ed<\/strong>: N\u00e1pady na zah\u00e1jen\u00ed psan\u00ed projekt\u016f, v\u010detn\u011b p\u0159\u00edb\u011bh\u016f, esej\u016f a b\u00e1sn\u00ed.<\/li>\n\n\n\n<li class=\"\"><strong>Podn\u011bty ke kreslen\u00ed<\/strong>: N\u00e1vrhy pro um\u011blce na vytvo\u0159en\u00ed nov\u00fdch d\u011bl.<\/li>\n\n\n\n<li class=\"\"><strong>Podn\u011bty pro tv\u016fr\u010d\u00ed psan\u00ed<\/strong>: Zam\u011b\u0159en\u00e9 podn\u011bty pro inspiraci tv\u016fr\u010d\u00edho psan\u00ed, nap\u0159\u00edklad beletrie a poezie.<\/li>\n\n\n\n<li class=\"\"><strong>V\u00fdzvy v polovin\u011b cesty<\/strong>: Podn\u011bty, kter\u00e9 pom\u00e1haj\u00ed p\u0159i v\u00fdvoji p\u0159\u00edb\u011bhu nebo projektu v polovin\u011b cesty.<\/li>\n\n\n\n<li class=\"\"><strong>Gener\u00e1tor um\u011bleck\u00fdch podn\u011bt\u016f<\/strong>: N\u00e1stroje ur\u010den\u00e9 speci\u00e1ln\u011b k vytv\u00e1\u0159en\u00ed n\u00e1pad\u016f pro v\u00fdtvarn\u00e9 um\u011bn\u00ed.<\/li>\n<\/ul>\n\n\n\n<h3 class=\"wp-block-heading\" id=\"how-does-a-prompt-generator-work\">Jak funguje gener\u00e1tor v\u00fdzev?<\/h3>\n\n\n\n<h4 class=\"wp-block-heading\" id=\"user-inputs\">U\u017eivatelsk\u00e9 vstupy<\/h4>\n\n\n\n<p class=\"\">U\u017eivatel\u00e9 zad\u00e1vaj\u00ed po\u010d\u00e1te\u010dn\u00ed vstupn\u00ed \u00fadaje, jako je typ pot\u0159ebn\u00e9ho podn\u011btu (nap\u0159. psan\u00ed, kreslen\u00ed) a p\u0159\u00edpadn\u00e1 specifick\u00e1 t\u00e9mata nebo omezen\u00ed.<\/p>\n\n\n\n<h4 class=\"wp-block-heading\" id=\"ai-analysis\">Anal\u00fdza um\u011bl\u00e9 inteligence<\/h4>\n\n\n\n<p class=\"\">Um\u011bl\u00e1 inteligence tyto vstupy zpracov\u00e1v\u00e1 pomoc\u00ed datab\u00e1z\u00ed existuj\u00edc\u00edch podn\u011bt\u016f a kreativn\u00edho obsahu a generuje jedine\u010dn\u00e9 a relevantn\u00ed n\u00e1vrhy.<\/p>\n\n\n\n<h4 class=\"wp-block-heading\" id=\"output\">V\u00fdstup<\/h4>\n\n\n\n<p class=\"\">Vygenerovan\u00e9 v\u00fdzvy jsou p\u0159izp\u016fsobeny po\u017eadavk\u016fm u\u017eivatele a poskytuj\u00ed okam\u017eitou inspiraci a n\u00e1vod.<\/p>\n\n\n\n<h4 class=\"wp-block-heading\" id=\"example-of-user-inputs-and-ai-analysis\">P\u0159\u00edklad u\u017eivatelsk\u00fdch vstup\u016f a anal\u00fdzy AI<\/h4>\n\n\n\n<figure class=\"wp-block-table\"><table class=\"has-fixed-layout\"><thead><tr><th>U\u017eivatelsk\u00fd vstup<\/th><th>Anal\u00fdza um\u011bl\u00e9 inteligence<\/th><th>Vygenerovan\u00e1 v\u00fdzva<\/th><\/tr><\/thead><tbody><tr><td>V\u00fdzva k psan\u00ed<\/td><td>Analyzujte t\u00e9mata tajemstv\u00ed a dobrodru\u017estv\u00ed<\/td><td>\"Napi\u0161te p\u0159\u00edb\u011bh o detektivovi ve stra\u0161ideln\u00e9m m\u011bst\u011b.\"<\/td><\/tr><tr><td>V\u00fdzva ke kreslen\u00ed<\/td><td>Zkoum\u00e1n\u00ed obl\u00edben\u00fdch t\u00e9mat ve fantasy um\u011bn\u00ed<\/td><td>\"Nakresli draka, kter\u00fd chr\u00e1n\u00ed ukryt\u00fd poklad.\"<\/td><\/tr><tr><td>Tv\u016fr\u010d\u00ed psan\u00ed<\/td><td>Kombinace prvk\u016f romance a historick\u00e9 fikce<\/td><td>\"Popi\u0161te milostn\u00fd p\u0159\u00edb\u011bh odehr\u00e1vaj\u00edc\u00ed se ve starov\u011bk\u00e9m \u0158\u00edm\u011b.\"<\/td><\/tr><\/tbody><\/table><\/figure>\n\n\n\n<h3 class=\"wp-block-heading\" id=\"benefits-of-using-a-prompt-generator\">V\u00fdhody pou\u017e\u00edv\u00e1n\u00ed gener\u00e1toru v\u00fdzev<\/h3>\n\n\n\n<h4 class=\"wp-block-heading\" id=\"efficiency\">\u00da\u010dinnost<\/h4>\n\n\n\n<p class=\"\">Gener\u00e1tory podn\u011bt\u016f \u0161et\u0159\u00ed \u010das rychlou tvorbou vysoce kvalitn\u00edch podn\u011bt\u016f, tak\u017ee se u\u017eivatel\u00e9 mohou soust\u0159edit na tvorbu, nikoli na brainstorming.<\/p>\n\n\n\n<h4 class=\"wp-block-heading\" id=\"creativity-boost\">Zv\u00fd\u0161en\u00ed kreativity<\/h4>\n\n\n\n<p class=\"\">Tyto n\u00e1stroje pom\u00e1haj\u00ed p\u0159ekonat spisovatelsk\u00fd blok a inspirovat kreativitu pomoc\u00ed jedine\u010dn\u00fdch a rozmanit\u00fdch podn\u011bt\u016f, kter\u00e9 zp\u0159\u00edjem\u0148uj\u00ed tv\u016fr\u010d\u00ed proces.<\/p>\n\n\n\n<h4 class=\"wp-block-heading\" id=\"customization\">P\u0159izp\u016fsoben\u00ed<\/h4>\n\n\n\n<p class=\"\">U\u017eivatel\u00e9 mohou p\u0159izp\u016fsobit v\u00fdzvy konkr\u00e9tn\u00edm pot\u0159eb\u00e1m a preferenc\u00edm, co\u017e zvy\u0161uje relevanci a pou\u017eitelnost generovan\u00e9ho obsahu.<\/p>\n\n\n\n<h4 class=\"wp-block-heading\" id=\"keyword-density-table\">Tabulka hustoty kl\u00ed\u010dov\u00fdch slov<\/h4>\n\n\n\n<figure class=\"wp-block-table\"><table class=\"has-fixed-layout\"><thead><tr><th>Kl\u00ed\u010dov\u00e9 slovo<\/th><th>Hustota v \u010dl\u00e1nku<\/th><\/tr><\/thead><tbody><tr><td>Gener\u00e1tor v\u00fdzev<\/td><td>2%<\/td><\/tr><tr><td>Podn\u011bty k psan\u00ed<\/td><td>1.5%<\/td><\/tr><tr><td>Prompt Engineering<\/td><td>1%<\/td><\/tr><tr><td><a href=\"https:\/\/aiartfree.online\/cs\/galerie-podnetu\/\" target=\"_blank\" data-type=\"page\" data-id=\"3252\" rel=\"noreferrer noopener\">Podn\u011bty ke kreslen\u00ed<\/a><\/td><td>1.5%<\/td><\/tr><tr><td>Podn\u011bty pro tv\u016fr\u010d\u00ed psan\u00ed<\/td><td>1%<\/td><\/tr><tr><td>V\u00fdzvy v polovin\u011b cesty<\/td><td>0.5%<\/td><\/tr><tr><td>Gener\u00e1tor um\u011bleck\u00fdch podn\u011bt\u016f<\/td><td>1%<\/td><\/tr><tr><td>N\u00e1pady na kreslen\u00ed<\/td><td>1%<\/td><\/tr><tr><td>V\u00fdzva ke kreslen\u00ed<\/td><td>1%<\/td><\/tr><\/tbody><\/table><\/figure>\n\n\n\n<h3 class=\"wp-block-heading\" id=\"popular-applications-of-prompt-generators\">Obl\u00edben\u00e9 aplikace gener\u00e1tor\u016f v\u00fdzev<\/h3>\n\n\n\n<h4 class=\"wp-block-heading\" id=\"content-creation\">Tvorba obsahu<\/h4>\n\n\n\n<ul class=\"wp-block-list\">\n<li class=\"\"><strong>Blogov\u00e1n\u00ed<\/strong>: Generov\u00e1n\u00ed n\u00e1pad\u016f na p\u0159\u00edsp\u011bvky na blogu a \u010dl\u00e1nky.<\/li>\n\n\n\n<li class=\"\"><strong>Soci\u00e1ln\u00ed m\u00e9dia<\/strong>: Vytv\u00e1\u0159ejte poutav\u00fd obsah pro platformy soci\u00e1ln\u00edch m\u00e9di\u00ed.<\/li>\n<\/ul>\n\n\n\n<h4 class=\"wp-block-heading\" id=\"education\">Vzd\u011bl\u00e1v\u00e1n\u00ed<\/h4>\n\n\n\n<ul class=\"wp-block-list\">\n<li class=\"\"><strong>V\u00fduka<\/strong>: Pom\u00e1hat u\u010ditel\u016fm p\u0159i tvorb\u011b t\u00e9mat esej\u016f a bod\u016f k diskusi.<\/li>\n\n\n\n<li class=\"\"><strong>Studentsk\u00e9 projekty<\/strong>: Pomozte student\u016fm s n\u00e1pady na psan\u00ed \u00fakol\u016f a tv\u016fr\u010d\u00edch projekt\u016f.<\/li>\n<\/ul>\n\n\n\n<h4 class=\"wp-block-heading\" id=\"business-and-marketing\">Obchod a marketing<\/h4>\n\n\n\n<ul class=\"wp-block-list\">\n<li class=\"\"><strong>Marketingov\u00e1 kopie<\/strong>: Vytv\u00e1\u0159ejte p\u0159esv\u011bd\u010div\u00e9 marketingov\u00e9 texty a popisy produkt\u016f.<\/li>\n\n\n\n<li class=\"\"><strong>Interakce se z\u00e1kazn\u00edky<\/strong>: Vytv\u00e1\u0159ejte sc\u00e9n\u00e1\u0159e pro slu\u017eby z\u00e1kazn\u00edk\u016fm a jejich zapojen\u00ed.<\/li>\n<\/ul>\n\n\n\n<h3 class=\"wp-block-heading\" id=\"how-to-choose-the-right-prompt-generator\">Jak vybrat spr\u00e1vn\u00fd gener\u00e1tor v\u00fdzev<\/h3>\n\n\n\n<h4 class=\"wp-block-heading\" id=\"features-to-look-for\">Funkce, na kter\u00e9 je t\u0159eba se zam\u011b\u0159it<\/h4>\n\n\n\n<ul class=\"wp-block-list\">\n<li class=\"\"><strong>Mo\u017enosti p\u0159izp\u016fsoben\u00ed<\/strong>: Mo\u017enost p\u0159izp\u016fsobit v\u00fdzvy konkr\u00e9tn\u00edm pot\u0159eb\u00e1m.<\/li>\n\n\n\n<li class=\"\"><strong>U\u017eivatelsk\u00e9 rozhran\u00ed<\/strong>: Intuitivn\u00ed a u\u017eivatelsky p\u0159\u00edv\u011btiv\u00e9 rozhran\u00ed.<\/li>\n\n\n\n<li class=\"\"><strong>Schopnosti integrace<\/strong>: Kompatibilita s jin\u00fdmi n\u00e1stroji a platformami.<\/li>\n<\/ul>\n\n\n\n<h4 class=\"wp-block-heading\" id=\"popular-tools\">Obl\u00edben\u00e9 n\u00e1stroje<\/h4>\n\n\n\n<ul class=\"wp-block-list\">\n<li class=\"\"><strong>AI Dungeon<\/strong>: Je zn\u00e1m\u00fd svou v\u0161estrannost\u00ed p\u0159i vytv\u00e1\u0159en\u00ed podn\u011bt\u016f pro tv\u016fr\u010d\u00ed psan\u00ed.<\/li>\n\n\n\n<li class=\"\"><strong>ArtPrompts<\/strong>: Specializuje se na generov\u00e1n\u00ed n\u00e1pad\u016f pro v\u00fdtvarn\u00e9 projekty.<\/li>\n\n\n\n<li class=\"\"><strong>WritingExercises.co.uk<\/strong>: Poskytuje \u0161irokou \u0161k\u00e1lu podn\u011bt\u016f k psan\u00ed pro r\u016fzn\u00e9 \u017e\u00e1nry.<\/li>\n<\/ul>\n\n\n\n<h3 class=\"wp-block-heading\" id=\"conclusion\">Z\u00e1v\u011br<\/h3>\n\n\n\n<p class=\"\">Gener\u00e1tory podn\u011bt\u016f jsou neoceniteln\u00fdm n\u00e1strojem pro ka\u017ed\u00e9ho, kdo se v\u011bnuje tv\u016fr\u010d\u00ed pr\u00e1ci. \u0160et\u0159\u00ed \u010das, podporuj\u00ed kreativitu a poskytuj\u00ed p\u0159izp\u016fsobiteln\u00e1 \u0159e\u0161en\u00ed tv\u016fr\u010d\u00edch blok\u016f. Kdy\u017e pochop\u00edte, jak funguj\u00ed, a jejich pou\u017eit\u00ed, m\u016f\u017eete si vybrat ten spr\u00e1vn\u00fd gener\u00e1tor podn\u011bt\u016f, kter\u00fd zlep\u0161\u00ed v\u00e1\u0161 tv\u016fr\u010d\u00ed proces.<\/p>\n\n\n\n<h3 class=\"wp-block-heading\" id=\"additional-resources\">Dal\u0161\u00ed zdroje<\/h3>\n\n\n\n<ul class=\"wp-block-list\">\n<li class=\"\"><strong><a href=\"https:\/\/www.aidungeon.io\/\" target=\"_blank\" rel=\"noopener\">AI Dungeon<\/a><\/strong>: Prozkoumejte interaktivn\u00ed gener\u00e1tor podn\u011bt\u016f pro tv\u016fr\u010d\u00ed psan\u00ed.<\/li>\n\n\n\n<li class=\"\"><strong><a href=\"https:\/\/artprompts.org\/\" target=\"_blank\" rel=\"noopener\">ArtPrompts<\/a><\/strong>: Najd\u011bte inspiraci pro sv\u016fj dal\u0161\u00ed um\u011bleck\u00fd projekt.<\/li>\n\n\n\n<li class=\"\"><strong><a href=\"https:\/\/www.writingexercises.co.uk\/\" target=\"_blank\" rel=\"noopener\">Cvi\u010den\u00ed na psan\u00ed<\/a><\/strong>: Objevte \u0159adu podn\u011bt\u016f k psan\u00ed pro r\u016fzn\u00e9 \u017e\u00e1nry.<\/li>\n<\/ul>","protected":false},"excerpt":{"rendered":"<p>Before Prompt Generator vs After How to use Prompt Generator If you don&#8217;t have any thoughts in your mind, click to check our Prompt Gallery *&nbsp;Depending on your internet speed, loading the model may take a few seconds. * There will be caching during continuous generation, and the new image will appear after about 5 &#8230; <a title=\"Gener\u00e1tor v\u00fdzev\" class=\"read-more\" href=\"https:\/\/aiartfree.online\/cs\/generator-vyzev\/\" aria-label=\"Read more about Prompt Generator\">\u010c\u00edst d\u00e1l<\/a><\/p>","protected":false},"author":1,"featured_media":3185,"parent":0,"menu_order":0,"comment_status":"open","ping_status":"closed","template":"","meta":{"nf_dc_page":"","footnotes":""},"class_list":["post-3164","page","type-page","status-publish","has-post-thumbnail"],"jetpack_sharing_enabled":true,"_links":{"self":[{"href":"https:\/\/aiartfree.online\/cs\/wp-json\/wp\/v2\/pages\/3164","targetHints":{"allow":["GET"]}}],"collection":[{"href":"https:\/\/aiartfree.online\/cs\/wp-json\/wp\/v2\/pages"}],"about":[{"href":"https:\/\/aiartfree.online\/cs\/wp-json\/wp\/v2\/types\/page"}],"author":[{"embeddable":true,"href":"https:\/\/aiartfree.online\/cs\/wp-json\/wp\/v2\/users\/1"}],"replies":[{"embeddable":true,"href":"https:\/\/aiartfree.online\/cs\/wp-json\/wp\/v2\/comments?post=3164"}],"version-history":[{"count":0,"href":"https:\/\/aiartfree.online\/cs\/wp-json\/wp\/v2\/pages\/3164\/revisions"}],"wp:featuredmedia":[{"embeddable":true,"href":"https:\/\/aiartfree.online\/cs\/wp-json\/wp\/v2\/media\/3185"}],"wp:attachment":[{"href":"https:\/\/aiartfree.online\/cs\/wp-json\/wp\/v2\/media?parent=3164"}],"curies":[{"name":"wp","href":"https:\/\/api.w.org\/{rel}","templated":true}]}}