{"id":3116,"date":"2024-07-21T07:42:22","date_gmt":"2024-07-21T07:42:22","guid":{"rendered":"https:\/\/aiartfree.online\/?page_id=3116"},"modified":"2024-07-21T07:51:46","modified_gmt":"2024-07-21T07:51:46","slug":"free-ai-image-generator","status":"publish","type":"page","link":"https:\/\/aiartfree.online\/cs\/generator-obrazku-ai-zdarma\/","title":{"rendered":"Gener\u00e1tor obr\u00e1zk\u016f AI zdarma"},"content":{"rendered":"<p class=\"has-text-align-center\">Vytv\u00e1\u0159ejte \u017eiv\u00e9 obr\u00e1zky generovan\u00e9 um\u011blou inteligenc\u00ed pomoc\u00ed pokro\u010dil\u00fdch algoritm\u016f um\u011bl\u00e9 inteligence a textov\u00fdch pokyn\u016f.<\/p>\n\n\n<div class=\"gb-grid-wrapper gb-grid-wrapper-060dec2f\">\n<div class=\"gb-grid-column gb-grid-column-04dcb2bb\"><div class=\"gb-container gb-container-04dcb2bb\">\n\n<figure class=\"gb-block-image gb-block-image-2373db5f\"><a href=\"https:\/\/aiartfree.online\/cs\/zdarma-online-midjourney\/\" target=\"_blank\" rel=\"noopener noreferrer\"><img data-recalc-dims=\"1\" decoding=\"async\" loading=\"lazy\" width=\"1024\" height=\"768\" class=\"gb-image gb-image-2373db5f\" src=\"https:\/\/i0.wp.com\/aiartfree.online\/wp-content\/uploads\/2024\/07\/What-Is-Midjourney-AI-and-How-Does-It-Work-1.jpg?resize=1024%2C768&#038;ssl=1\" alt=\"Bezplatn\u00e9 online Midjourney\" title=\"Co je to Midjourney-AI-ajak funguje-1\" srcset=\"https:\/\/i0.wp.com\/aiartfree.online\/wp-content\/uploads\/2024\/07\/What-Is-Midjourney-AI-and-How-Does-It-Work-1.jpg?w=1024&amp;ssl=1 1024w, https:\/\/i0.wp.com\/aiartfree.online\/wp-content\/uploads\/2024\/07\/What-Is-Midjourney-AI-and-How-Does-It-Work-1.jpg?resize=600%2C450&amp;ssl=1 600w, https:\/\/i0.wp.com\/aiartfree.online\/wp-content\/uploads\/2024\/07\/What-Is-Midjourney-AI-and-How-Does-It-Work-1.jpg?resize=300%2C225&amp;ssl=1 300w, https:\/\/i0.wp.com\/aiartfree.online\/wp-content\/uploads\/2024\/07\/What-Is-Midjourney-AI-and-How-Does-It-Work-1.jpg?resize=768%2C576&amp;ssl=1 768w, https:\/\/i0.wp.com\/aiartfree.online\/wp-content\/uploads\/2024\/07\/What-Is-Midjourney-AI-and-How-Does-It-Work-1.jpg?resize=16%2C12&amp;ssl=1 16w\" sizes=\"auto, (max-width: 1024px) 100vw, 1024px\" \/><\/a><\/figure>\n\n\n\n<h3 class=\"gb-headline gb-headline-b94667ce gb-headline-text\">Bezplatn\u00e9 online Midjourney<\/h3>\n\n\n\n<p class=\"gb-headline gb-headline-a433ec01 gb-headline-text\">S aplikac\u00ed Midjourney m\u016f\u017eete snadno vytv\u00e1\u0159et \u00fa\u017easn\u00e1 um\u011bl\u00e1 d\u00edla generovan\u00e1 um\u011blou inteligenc\u00ed.<\/p>\n\n<\/div><\/div>\n\n<div class=\"gb-grid-column gb-grid-column-d389befc\"><div class=\"gb-container gb-container-d389befc\">\n\n<figure class=\"gb-block-image gb-block-image-e89bda53\"><a href=\"https:\/\/aiartfree.online\/cs\/online-zdarma-stabilni-difuze-3\/\" target=\"_blank\" rel=\"noopener noreferrer\"><img data-recalc-dims=\"1\" decoding=\"async\" loading=\"lazy\" width=\"1200\" height=\"686\" class=\"gb-image gb-image-e89bda53\" src=\"https:\/\/i0.wp.com\/aiartfree.online\/wp-content\/uploads\/2024\/07\/image-90.jpg?resize=1200%2C686&#038;ssl=1\" alt=\"Zdarma online Stabiln\u00ed dif\u00faze 3\" title=\"image-90\" srcset=\"https:\/\/i0.wp.com\/aiartfree.online\/wp-content\/uploads\/2024\/07\/image-90.jpg?w=1344&amp;ssl=1 1344w, https:\/\/i0.wp.com\/aiartfree.online\/wp-content\/uploads\/2024\/07\/image-90.jpg?resize=600%2C343&amp;ssl=1 600w, https:\/\/i0.wp.com\/aiartfree.online\/wp-content\/uploads\/2024\/07\/image-90.jpg?resize=300%2C171&amp;ssl=1 300w, https:\/\/i0.wp.com\/aiartfree.online\/wp-content\/uploads\/2024\/07\/image-90.jpg?resize=1024%2C585&amp;ssl=1 1024w, https:\/\/i0.wp.com\/aiartfree.online\/wp-content\/uploads\/2024\/07\/image-90.jpg?resize=768%2C439&amp;ssl=1 768w, https:\/\/i0.wp.com\/aiartfree.online\/wp-content\/uploads\/2024\/07\/image-90.jpg?resize=18%2C10&amp;ssl=1 18w\" sizes=\"auto, (max-width: 1200px) 100vw, 1200px\" \/><\/a><\/figure>\n\n\n\n<h3 class=\"gb-headline gb-headline-adce07b4 gb-headline-text\">Stabiln\u00ed dif\u00faze 3<\/h3>\n\n\n\n<p class=\"gb-headline gb-headline-499da18c gb-headline-text\">Pomoc\u00ed aplikace Stable Diffusion 3 m\u016f\u017eete vytv\u00e1\u0159et sn\u00edmky pomoc\u00ed nejmodern\u011bj\u0161\u00edch algoritm\u016f um\u011bl\u00e9 inteligence.<\/p>\n\n<\/div><\/div>\n\n<div class=\"gb-grid-column gb-grid-column-5c592b98\"><div class=\"gb-container gb-container-5c592b98\">\n\n<figure class=\".wp-block-image {  position: relative; overflow: hidden; } img max-width: 100%; transition: transform 0.3s; .wp-block-image:hover transform: scale(1.2); gb-block-image gb-block-image-357d3677\"><a href=\"https:\/\/aiartfree.online\/cs\/volny-dalle-3\/\" target=\"_blank\" rel=\"noopener noreferrer\"><img data-recalc-dims=\"1\" decoding=\"async\" loading=\"lazy\" width=\"1200\" height=\"1200\" class=\"gb-image gb-image-357d3677 .wp-block-image {     position: relative;     overflow: hidden; } .wp-block-image img {     max-width: 100%;     transition: transform 0.3s; } .wp-block-image:hover img {     transform: scale(1.2); }\" src=\"https:\/\/i0.wp.com\/aiartfree.online\/wp-content\/uploads\/2024\/07\/avocado-square-1-1-1-1-1-1-1-1-1-1-1-1-1.jpg?resize=1200%2C1200&#038;ssl=1\" alt=\"Online zdarma DALL-E 3\" title=\"(1) (1) (1) (1) (1) (1) (1) (1) (1) (1) (1) (1) (1) (1) (1) (1) (1) (1)\" srcset=\"https:\/\/i0.wp.com\/aiartfree.online\/wp-content\/uploads\/2024\/07\/avocado-square-1-1-1-1-1-1-1-1-1-1-1-1-1.jpg?w=1792&amp;ssl=1 1792w, https:\/\/i0.wp.com\/aiartfree.online\/wp-content\/uploads\/2024\/07\/avocado-square-1-1-1-1-1-1-1-1-1-1-1-1-1.jpg?resize=300%2C300&amp;ssl=1 300w, https:\/\/i0.wp.com\/aiartfree.online\/wp-content\/uploads\/2024\/07\/avocado-square-1-1-1-1-1-1-1-1-1-1-1-1-1.jpg?resize=100%2C100&amp;ssl=1 100w, https:\/\/i0.wp.com\/aiartfree.online\/wp-content\/uploads\/2024\/07\/avocado-square-1-1-1-1-1-1-1-1-1-1-1-1-1.jpg?resize=600%2C600&amp;ssl=1 600w, https:\/\/i0.wp.com\/aiartfree.online\/wp-content\/uploads\/2024\/07\/avocado-square-1-1-1-1-1-1-1-1-1-1-1-1-1.jpg?resize=1024%2C1024&amp;ssl=1 1024w, https:\/\/i0.wp.com\/aiartfree.online\/wp-content\/uploads\/2024\/07\/avocado-square-1-1-1-1-1-1-1-1-1-1-1-1-1.jpg?resize=150%2C150&amp;ssl=1 150w, https:\/\/i0.wp.com\/aiartfree.online\/wp-content\/uploads\/2024\/07\/avocado-square-1-1-1-1-1-1-1-1-1-1-1-1-1.jpg?resize=768%2C768&amp;ssl=1 768w, https:\/\/i0.wp.com\/aiartfree.online\/wp-content\/uploads\/2024\/07\/avocado-square-1-1-1-1-1-1-1-1-1-1-1-1-1.jpg?resize=1536%2C1536&amp;ssl=1 1536w, https:\/\/i0.wp.com\/aiartfree.online\/wp-content\/uploads\/2024\/07\/avocado-square-1-1-1-1-1-1-1-1-1-1-1-1-1.jpg?resize=12%2C12&amp;ssl=1 12w\" sizes=\"auto, (max-width: 1200px) 100vw, 1200px\" \/><\/a><\/figure>\n\n\n\n<h3 class=\"gb-headline gb-headline-757b1ea4 gb-headline-text\">DALL-E 3<\/h3>\n\n\n\n<p class=\"gb-headline gb-headline-fe2eab63 gb-headline-text\">Prozkoumejte kreativn\u00ed mo\u017enosti s online hrou DALL-E 3 zdarma.<\/p>\n\n<\/div><\/div>\n\n<div class=\"gb-grid-column gb-grid-column-f814b0e2\"><div class=\"gb-container gb-container-f814b0e2\">\n\n<figure class=\".wp-block-image {  position: relative; overflow: hidden; } img max-width: 100%; transition: transform 0.3s; .wp-block-image:hover transform: scale(1.2); gb-block-image gb-block-image-c52efc8e\"><a href=\"https:\/\/aiartfree.online\/cs\/generator-obrazku-bing-ai\/\" target=\"_blank\" rel=\"noopener noreferrer\"><img data-recalc-dims=\"1\" decoding=\"async\" loading=\"lazy\" width=\"1024\" height=\"1024\" class=\"gb-image gb-image-c52efc8e .wp-block-image {     position: relative;     overflow: hidden; } .wp-block-image img {     max-width: 100%;     transition: transform 0.3s; } .wp-block-image:hover img {     transform: scale(1.2); }\" src=\"https:\/\/i0.wp.com\/aiartfree.online\/wp-content\/uploads\/2024\/07\/b9cb406d-bffd-446e-9f65-c20776dc6cda.jpg?resize=1024%2C1024&#038;ssl=1\" alt=\"\" title=\"b9cb406d-bffd-446e-9f65-c20776dc6cda\" srcset=\"https:\/\/i0.wp.com\/aiartfree.online\/wp-content\/uploads\/2024\/07\/b9cb406d-bffd-446e-9f65-c20776dc6cda.jpg?w=1024&amp;ssl=1 1024w, https:\/\/i0.wp.com\/aiartfree.online\/wp-content\/uploads\/2024\/07\/b9cb406d-bffd-446e-9f65-c20776dc6cda.jpg?resize=300%2C300&amp;ssl=1 300w, https:\/\/i0.wp.com\/aiartfree.online\/wp-content\/uploads\/2024\/07\/b9cb406d-bffd-446e-9f65-c20776dc6cda.jpg?resize=150%2C150&amp;ssl=1 150w, https:\/\/i0.wp.com\/aiartfree.online\/wp-content\/uploads\/2024\/07\/b9cb406d-bffd-446e-9f65-c20776dc6cda.jpg?resize=768%2C768&amp;ssl=1 768w, https:\/\/i0.wp.com\/aiartfree.online\/wp-content\/uploads\/2024\/07\/b9cb406d-bffd-446e-9f65-c20776dc6cda.jpg?resize=12%2C12&amp;ssl=1 12w, https:\/\/i0.wp.com\/aiartfree.online\/wp-content\/uploads\/2024\/07\/b9cb406d-bffd-446e-9f65-c20776dc6cda.jpg?resize=600%2C600&amp;ssl=1 600w, https:\/\/i0.wp.com\/aiartfree.online\/wp-content\/uploads\/2024\/07\/b9cb406d-bffd-446e-9f65-c20776dc6cda.jpg?resize=100%2C100&amp;ssl=1 100w\" sizes=\"auto, (max-width: 1024px) 100vw, 1024px\" \/><\/a><\/figure>\n\n\n\n<h3 class=\"gb-headline gb-headline-44aa6af8 gb-headline-text\">Gener\u00e1tor obr\u00e1zk\u016f Bing AI<\/h3>\n\n\n\n<p class=\"gb-headline gb-headline-27d06265 gb-headline-text\">Pomoc\u00ed aplikace Bing AI Image Generator m\u016f\u017eete vytv\u00e1\u0159et \u00fa\u017easn\u00e9 obr\u00e1zky generovan\u00e9 um\u011blou inteligenc\u00ed pomoc\u00ed jednoduch\u00e9ho textov\u00e9ho pokynu.<\/p>\n\n<\/div><\/div>\n<\/div>\n\n\n<div style=\"height:100px\" aria-hidden=\"true\" class=\"wp-block-spacer\"><\/div>\n\n\n\n<h2 class=\"wp-block-heading has-text-align-center\" id=\"what-is-a-free-ai-image-generator\"><strong>Gener\u00e1tor obr\u00e1zk\u016f AI zdarma: Revoluce v tvorb\u011b vizu\u00e1ln\u00edho obsahu<\/strong><a href=\"https:\/\/dromerosm-groq-llama3.hf.space\/#what-is-a-free-ai-image-generator\" target=\"_blank\" rel=\"noopener\"><\/a><\/h2>\n\n\n\n<h3 class=\"wp-block-heading\" id=\"outline\"><a href=\"https:\/\/dromerosm-groq-llama3.hf.space\/#outline\" target=\"_blank\" rel=\"noopener\"><\/a>Osnova:<\/h3>\n\n\n\n<ul class=\"wp-block-list\">\n<li class=\"\">Co je to gener\u00e1tor obr\u00e1zk\u016f AI zdarma?<\/li>\n\n\n\n<li class=\"\">V\u00fdznam bezplatn\u00fdch gener\u00e1tor\u016f obr\u00e1zk\u016f AI<\/li>\n\n\n\n<li class=\"\">V\u00fdhody pou\u017eit\u00ed bezplatn\u00e9ho gener\u00e1toru obr\u00e1zk\u016f AI<\/li>\n\n\n\n<li class=\"\">Vhodn\u00e9 sc\u00e9n\u00e1\u0159e pro pou\u017eit\u00ed bezplatn\u00e9ho gener\u00e1toru obr\u00e1zk\u016f AI<\/li>\n\n\n\n<li class=\"\">Kdo m\u016f\u017ee pou\u017e\u00edt bezplatn\u00fd gener\u00e1tor obr\u00e1zk\u016f AI?<\/li>\n\n\n\n<li class=\"\">10 nejlep\u0161\u00edch souvisej\u00edc\u00edch n\u00e1stroj\u016f a v\u00fdhody a nev\u00fdhody<\/li>\n\n\n\n<li class=\"\">10 \u010dasto kladen\u00fdch ot\u00e1zek<\/li>\n<\/ul>\n\n\n\n<h3 class=\"wp-block-heading\" id=\"what-is-a-free-ai-image-generator\"><a href=\"https:\/\/dromerosm-groq-llama3.hf.space\/#what-is-a-free-ai-image-generator\" target=\"_blank\" rel=\"noopener\"><\/a><strong>Co je to gener\u00e1tor obr\u00e1zk\u016f AI zdarma?<\/strong><\/h3>\n\n\n\n<p class=\"\">Bezplatn\u00fd gener\u00e1tor obr\u00e1zk\u016f s um\u011blou inteligenc\u00ed je online n\u00e1stroj, kter\u00fd vyu\u017e\u00edv\u00e1 um\u011blou inteligenci ke generov\u00e1n\u00ed vysoce kvalitn\u00edch obr\u00e1zk\u016f na z\u00e1klad\u011b u\u017eivatelsk\u00fdch vstup\u016f, jako jsou textov\u00e9 v\u00fdzvy nebo jednoduch\u00e9 n\u00e1\u010drty. Tyto n\u00e1stroje vyu\u017e\u00edvaj\u00ed algoritmy strojov\u00e9ho u\u010den\u00ed a generativn\u00ed techniky AI, jako je stabiln\u00ed dif\u00faze, k vytv\u00e1\u0159en\u00ed jedine\u010dn\u00fdch a realistick\u00fdch obr\u00e1zk\u016f.<\/p>\n\n\n\n<p class=\"\">Rozvoj bezplatn\u00fdch gener\u00e1tor\u016f obr\u00e1zk\u016f s um\u011blou inteligenc\u00ed zdemokratizoval oblast tvorby vizu\u00e1ln\u00edho obsahu a umo\u017enil ka\u017ed\u00e9mu vytv\u00e1\u0159et obr\u00e1zky na profesion\u00e1ln\u00ed \u00farovni, ani\u017e by k tomu pot\u0159eboval rozs\u00e1hl\u00e9 um\u011bleck\u00e9 dovednosti nebo zku\u0161enosti.<\/p>\n\n\n\n<h3 class=\"wp-block-heading\" id=\"importance-of-free-ai-image-generators\"><a href=\"https:\/\/dromerosm-groq-llama3.hf.space\/#importance-of-free-ai-image-generators\" target=\"_blank\" rel=\"noopener\"><\/a><strong>V\u00fdznam bezplatn\u00fdch gener\u00e1tor\u016f obr\u00e1zk\u016f AI<\/strong><\/h3>\n\n\n\n<p class=\"\">Bezplatn\u00e9 gener\u00e1tory obr\u00e1zk\u016f s um\u011blou inteligenc\u00ed se staly nezbytn\u00fdmi pro r\u016fzn\u00e1 odv\u011btv\u00ed, v\u010detn\u011b soci\u00e1ln\u00edch m\u00e9di\u00ed, reklamy a designu. Nab\u00edzej\u00ed \u0159adu v\u00fdhod, v\u010detn\u011b:<\/p>\n\n\n\n<ul class=\"wp-block-list\">\n<li class=\"\"><strong>\u00daspora \u010dasu<\/strong>: Bezplatn\u00e9 gener\u00e1tory obr\u00e1zk\u016f AI dok\u00e1\u017e\u00ed vytvo\u0159it vysoce kvalitn\u00ed obr\u00e1zky b\u011bhem n\u011bkolika minut a u\u0161et\u0159it tak u\u017eivatel\u016fm hodiny ru\u010dn\u00ed pr\u00e1ce.<\/li>\n\n\n\n<li class=\"\"><strong>N\u00e1kladov\u011b efektivn\u00ed<\/strong>: Tyto n\u00e1stroje eliminuj\u00ed nutnost naj\u00edmat lidsk\u00e9 n\u00e1vrh\u00e1\u0159e nebo nakupovat drah\u00fd software.<\/li>\n\n\n\n<li class=\"\"><strong>Tv\u016fr\u010d\u00ed svoboda<\/strong>: Bezplatn\u00e9 gener\u00e1tory obr\u00e1zk\u016f s um\u011blou inteligenc\u00ed poskytuj\u00ed u\u017eivatel\u016fm mo\u017enost experimentovat s r\u016fzn\u00fdmi styly, t\u00e9maty a n\u00e1pady, \u010d\u00edm\u017e podporuj\u00ed kreativitu a inovace.<\/li>\n<\/ul>\n\n\n\n<h3 class=\"wp-block-heading\" id=\"benefits-of-using-a-free-ai-image-generator\"><a href=\"https:\/\/dromerosm-groq-llama3.hf.space\/#benefits-of-using-a-free-ai-image-generator\" target=\"_blank\" rel=\"noopener\"><\/a><strong>V\u00fdhody pou\u017eit\u00ed bezplatn\u00e9ho gener\u00e1toru obr\u00e1zk\u016f AI<\/strong><\/h3>\n\n\n\n<p class=\"\">Pou\u017eit\u00ed bezplatn\u00e9ho gener\u00e1toru obr\u00e1zk\u016f AI m\u016f\u017ee p\u0159in\u00e9st \u0159adu v\u00fdhod, v\u010detn\u011b:<\/p>\n\n\n\n<ul class=\"wp-block-list\">\n<li class=\"\"><strong>Profesion\u00e1ln\u00ed sn\u00edmky<\/strong>: Bezplatn\u00e9 gener\u00e1tory obr\u00e1zk\u016f s um\u011blou inteligenc\u00ed mohou vytv\u00e1\u0159et obr\u00e1zky, kter\u00e9 se vyrovnaj\u00ed lidsk\u00fdm n\u00e1vrh\u00e1\u0159\u016fm, a poskytuj\u00ed u\u017eivatel\u016fm profesion\u00e1ln\u00ed v\u00fdstup bez vysok\u00e9 ceny.<\/li>\n\n\n\n<li class=\"\"><strong>Zv\u00fd\u0161en\u00e1 produktivita<\/strong>: D\u00edky mo\u017enosti rychl\u00e9ho a efektivn\u00edho generov\u00e1n\u00ed obr\u00e1zk\u016f se u\u017eivatel\u00e9 mohou soust\u0159edit na jin\u00e9 aspekty sv\u00fdch projekt\u016f a zv\u00fd\u0161it tak celkovou produktivitu.<\/li>\n\n\n\n<li class=\"\"><strong>Neomezen\u00e1 kreativita<\/strong>: Bezplatn\u00e9 gener\u00e1tory obr\u00e1zk\u016f AI nab\u00edzej\u00ed \u0161irokou \u0161k\u00e1lu tv\u016fr\u010d\u00edch mo\u017enost\u00ed a umo\u017e\u0148uj\u00ed u\u017eivatel\u016fm experimentovat s r\u016fzn\u00fdmi styly, t\u00e9maty a n\u00e1pady.<\/li>\n<\/ul>\n\n\n\n<h3 class=\"wp-block-heading\" id=\"suitable-scenarios-for-using-a-free-ai-image-generator\"><a href=\"https:\/\/dromerosm-groq-llama3.hf.space\/#suitable-scenarios-for-using-a-free-ai-image-generator\" target=\"_blank\" rel=\"noopener\"><\/a><strong>Vhodn\u00e9 sc\u00e9n\u00e1\u0159e pro pou\u017eit\u00ed bezplatn\u00e9ho gener\u00e1toru obr\u00e1zk\u016f AI<\/strong><\/h3>\n\n\n\n<p class=\"\">Bezplatn\u00e9 gener\u00e1tory obr\u00e1zk\u016f AI jsou vhodn\u00e9 pro r\u016fzn\u00e9 sc\u00e9n\u00e1\u0159e, v\u010detn\u011b:<\/p>\n\n\n\n<ul class=\"wp-block-list\">\n<li class=\"\"><strong>Tvorba obsahu soci\u00e1ln\u00edch m\u00e9di\u00ed<\/strong>: Snadno vytv\u00e1\u0159ejte poutav\u00e9 p\u0159\u00edsp\u011bvky, bannery a reklamy na soci\u00e1ln\u00edch s\u00edt\u00edch.<\/li>\n\n\n\n<li class=\"\"><strong>Reklama a marketing<\/strong>: Pomoc\u00ed bezplatn\u00fdch gener\u00e1tor\u016f obr\u00e1zk\u016f AI m\u016f\u017eete vytv\u00e1\u0159et \u00fa\u017easn\u00e9 reklamy, let\u00e1ky a propaga\u010dn\u00ed materi\u00e1ly.<\/li>\n\n\n\n<li class=\"\"><strong>Design a um\u011bleck\u00e9 projekty<\/strong>: Experimentujte s r\u016fzn\u00fdmi styly a t\u00e9maty a vytv\u00e1\u0159ejte jedine\u010dn\u00e9 kresby, ilustrace a n\u00e1vrhy.<\/li>\n<\/ul>\n\n\n\n<h3 class=\"wp-block-heading\" id=\"who-can-use-a-free-ai-image-generator\"><a href=\"https:\/\/dromerosm-groq-llama3.hf.space\/#who-can-use-a-free-ai-image-generator\" target=\"_blank\" rel=\"noopener\"><\/a><strong>Kdo m\u016f\u017ee pou\u017e\u00edt bezplatn\u00fd gener\u00e1tor obr\u00e1zk\u016f AI?<\/strong><\/h3>\n\n\n\n<p class=\"\">Bezplatn\u00fd gener\u00e1tor obr\u00e1zk\u016f AI m\u016f\u017ee pou\u017e\u00edt kdokoli bez ohledu na sv\u00e9 um\u011bleck\u00e9 dovednosti nebo zku\u0161enosti. Tyto n\u00e1stroje jsou ide\u00e1ln\u00ed pro:<\/p>\n\n\n\n<ul class=\"wp-block-list\">\n<li class=\"\"><strong>Marketingov\u00ed odborn\u00edci<\/strong>: Snadno vytv\u00e1\u0159ejte poutav\u00fd obsah soci\u00e1ln\u00edch m\u00e9di\u00ed a reklamy.<\/li>\n\n\n\n<li class=\"\"><strong>N\u00e1vrh\u00e1\u0159i a um\u011blci<\/strong>: Experimentujte s nov\u00fdmi styly a motivy nebo pou\u017eijte bezplatn\u00e9 gener\u00e1tory obr\u00e1zk\u016f AI jako v\u00fdchoz\u00ed bod pro sv\u00e9 projekty.<\/li>\n\n\n\n<li class=\"\"><strong>Majitel\u00e9 mal\u00fdch podnik\u016f<\/strong>: Vytv\u00e1\u0159ejte sn\u00edmky profesion\u00e1ln\u00ed kvality, ani\u017e byste museli vy\u010derpat pen\u00edze.<\/li>\n<\/ul>\n\n\n\n<h3 class=\"wp-block-heading\" id=\"top-10-related-tools-and-pros-cons\"><a href=\"https:\/\/dromerosm-groq-llama3.hf.space\/#top-10-related-tools-and-pros-cons\" target=\"_blank\" rel=\"noopener\"><\/a><strong>10 nejlep\u0161\u00edch souvisej\u00edc\u00edch n\u00e1stroj\u016f a v\u00fdhody a nev\u00fdhody<\/strong><\/h3>\n\n\n\n<p class=\"\">Zde je 10 nejlep\u0161\u00edch n\u00e1stroj\u016f souvisej\u00edc\u00edch s bezplatn\u00fdmi gener\u00e1tory obr\u00e1zk\u016f AI a jejich v\u00fdhody a nev\u00fdhody:<\/p>\n\n\n\n<figure class=\"wp-block-table\"><table class=\"has-fixed-layout\"><thead><tr><th>N\u00e1stroj<\/th><th>Klady<\/th><th>Nev\u00fdhody<\/th><\/tr><\/thead><tbody><tr><td><a href=\"https:\/\/aiartfree.online\/cs\/generator-obrazku-ai-zdarma\/\" target=\"_blank\" rel=\"noreferrer noopener\">AI Art zdarma online<\/a><\/td><td>U\u017eivatelsky p\u0159\u00edv\u011btiv\u00e9 rozhran\u00ed, vysoce kvalitn\u00ed v\u00fdstup<\/td><td>Omezen\u00e9 mo\u017enosti p\u0159izp\u016fsoben\u00ed<\/td><\/tr><tr><td>Gener\u00e1tor hlubok\u00fdch sn\u016f<\/td><td>Jedine\u010dn\u00e9, snov\u00e9 obrazy<\/td><td>Omezen\u00e1 kontrola nad v\u00fdstupem<\/td><\/tr><tr><td>Prisma<\/td><td>P\u0159ev\u00e1d\u00ed fotografie na um\u011bleck\u00e1 d\u00edla v r\u016fzn\u00fdch stylech<\/td><td>Omezen\u00e9 mo\u017enosti p\u0159izp\u016fsoben\u00ed<\/td><\/tr><tr><td>Artbreeder<\/td><td>Interaktivn\u00ed tvorba obr\u00e1zk\u016f \u0159\u00edzen\u00e1 u\u017eivatelem<\/td><td>Strm\u00e1 k\u0159ivka u\u010den\u00ed<\/td><\/tr><tr><td>Dreamscope<\/td><td>Gener\u00e1tor obr\u00e1zk\u016f s um\u011blou inteligenc\u00ed a r\u016fzn\u00fdmi styly<\/td><td>Omezen\u00e1 kontrola nad v\u00fdstupem<\/td><\/tr><tr><td>AI Painter<\/td><td>Vytv\u00e1\u0159\u00ed realistick\u00e9 obrazy ve stylu olejomalby<\/td><td>Omezen\u00e9 mo\u017enosti p\u0159izp\u016fsoben\u00ed<\/td><\/tr><tr><td>Portr\u00e9ty AI<\/td><td>P\u0159ev\u00e1d\u00ed fotografie na portr\u00e9ty generovan\u00e9 um\u011blou inteligenc\u00ed<\/td><td>Omezen\u00e1 kontrola nad v\u00fdstupem<\/td><\/tr><tr><td>MyDeepArt<\/td><td>U\u017eivatelsky p\u0159\u00edv\u011btiv\u00e9 rozhran\u00ed, vysoce kvalitn\u00ed v\u00fdstup<\/td><td>Omezen\u00e9 mo\u017enosti p\u0159izp\u016fsoben\u00ed<\/td><\/tr><tr><td>AI Art Maker<\/td><td>Vytv\u00e1\u0159\u00ed jedine\u010dn\u00e9 abstraktn\u00ed obrazy<\/td><td>Omezen\u00e1 kontrola nad v\u00fdstupem<\/td><\/tr><tr><td>PaintsChainer<\/td><td>Gener\u00e1tor obraz\u016f s um\u011blou inteligenc\u00ed a r\u016fzn\u00fdmi styly<\/td><td>Strm\u00e1 k\u0159ivka u\u010den\u00ed<\/td><\/tr><\/tbody><\/table><\/figure>\n\n\n\n<h3 class=\"wp-block-heading\" id=\"10-faqs\"><a href=\"https:\/\/dromerosm-groq-llama3.hf.space\/#10-faqs\" target=\"_blank\" rel=\"noopener\"><\/a><strong>10 \u010dasto kladen\u00fdch ot\u00e1zek<\/strong><\/h3>\n\n\n\n<p class=\"\">Zde je 10 nej\u010dast\u011bj\u0161\u00edch ot\u00e1zek t\u00fdkaj\u00edc\u00edch se bezplatn\u00fdch gener\u00e1tor\u016f obr\u00e1zk\u016f AI:<\/p>\n\n\n\n<ol class=\"wp-block-list\">\n<li class=\"\"><strong>Co je to bezplatn\u00fd gener\u00e1tor obr\u00e1zk\u016f AI?<\/strong>\u00a0Bezplatn\u00fd gener\u00e1tor obr\u00e1zk\u016f s um\u011blou inteligenc\u00ed je online n\u00e1stroj, kter\u00fd vyu\u017e\u00edv\u00e1 um\u011blou inteligenci ke generov\u00e1n\u00ed vysoce kvalitn\u00edch obr\u00e1zk\u016f na z\u00e1klad\u011b zad\u00e1n\u00ed u\u017eivatele.<\/li>\n\n\n\n<li class=\"\"><strong>Jak funguj\u00ed bezplatn\u00e9 gener\u00e1tory obr\u00e1zk\u016f AI?<\/strong>\u00a0Bezplatn\u00e9 gener\u00e1tory obr\u00e1zk\u016f s um\u011blou inteligenc\u00ed vyu\u017e\u00edvaj\u00ed algoritmy strojov\u00e9ho u\u010den\u00ed a generativn\u00ed techniky um\u011bl\u00e9 inteligence k vytv\u00e1\u0159en\u00ed jedine\u010dn\u00fdch a realistick\u00fdch obr\u00e1zk\u016f.<\/li>\n\n\n\n<li class=\"\"><strong>Jak\u00e9 jsou v\u00fdhody pou\u017eit\u00ed bezplatn\u00e9ho gener\u00e1toru obr\u00e1zk\u016f AI?<\/strong>\u00a0Bezplatn\u00e9 gener\u00e1tory obr\u00e1zk\u016f AI nab\u00edzej\u00ed v\u00fdhody \u00faspory \u010dasu, efektivity n\u00e1klad\u016f a tv\u016fr\u010d\u00ed svobody.<\/li>\n\n\n\n<li class=\"\"><strong>M\u016f\u017ee n\u011bkdo pou\u017e\u00edt bezplatn\u00fd gener\u00e1tor obr\u00e1zk\u016f AI?<\/strong>\u00a0Ano, bezplatn\u00fd gener\u00e1tor obr\u00e1zk\u016f AI m\u016f\u017ee pou\u017e\u00edt kdokoli bez ohledu na sv\u00e9 um\u011bleck\u00e9 dovednosti nebo zku\u0161enosti.<\/li>\n\n\n\n<li class=\"\"><strong>Jak\u00e9 jsou vhodn\u00e9 sc\u00e9n\u00e1\u0159e pro pou\u017eit\u00ed bezplatn\u00e9ho gener\u00e1toru obr\u00e1zk\u016f AI?<\/strong>\u00a0Bezplatn\u00e9 gener\u00e1tory obr\u00e1zk\u016f AI jsou vhodn\u00e9 pro tvorbu obsahu soci\u00e1ln\u00edch m\u00e9di\u00ed, reklamu, design a um\u011bleck\u00e9 projekty.<\/li>\n\n\n\n<li class=\"\"><strong>Jak pou\u017e\u00edvat bezplatn\u00fd gener\u00e1tor obr\u00e1zk\u016f AI?<\/strong>\u00a0Sta\u010d\u00ed zadat textovou v\u00fdzvu nebo jednoduch\u00fd n\u00e1\u010drt a n\u00e1stroj vygeneruje jedine\u010dn\u00fd obr\u00e1zek.<\/li>\n\n\n\n<li class=\"\"><strong>Jak\u00e1 je kvalita obr\u00e1zk\u016f generovan\u00fdch bezplatn\u00fdmi gener\u00e1tory obr\u00e1zk\u016f AI?<\/strong>\u00a0Bezplatn\u00e9 gener\u00e1tory obr\u00e1zk\u016f AI mohou vytv\u00e1\u0159et obr\u00e1zky profesion\u00e1ln\u00ed kvality, kter\u00e9 se vyrovnaj\u00ed obr\u00e1zk\u016fm vytvo\u0159en\u00fdm lidsk\u00fdmi design\u00e9ry.<\/li>\n\n\n\n<li class=\"\"><strong>Mohu si p\u0159izp\u016fsobit v\u00fdstup bezplatn\u00e9ho gener\u00e1toru obr\u00e1zk\u016f AI?<\/strong>\u00a0N\u011bkter\u00e9 bezplatn\u00e9 gener\u00e1tory obr\u00e1zk\u016f AI nab\u00edzej\u00ed omezen\u00e9 mo\u017enosti p\u0159izp\u016fsoben\u00ed, zat\u00edmco jin\u00e9 poskytuj\u00ed pokro\u010dilej\u0161\u00ed ovl\u00e1d\u00e1n\u00ed.<\/li>\n\n\n\n<li class=\"\"><strong>Je snadn\u00e9 pou\u017e\u00edvat bezplatn\u00e9 gener\u00e1tory obr\u00e1zk\u016f AI?<\/strong>\u00a0Ano, v\u011bt\u0161ina bezplatn\u00fdch gener\u00e1tor\u016f obr\u00e1zk\u016f AI m\u00e1 u\u017eivatelsky p\u0159\u00edv\u011btiv\u00e1 rozhran\u00ed, kter\u00e1 usnad\u0148uj\u00ed generov\u00e1n\u00ed obr\u00e1zk\u016f.<\/li>\n\n\n\n<li class=\"\"><strong>Je pou\u017eit\u00ed bezplatn\u00fdch gener\u00e1tor\u016f obr\u00e1zk\u016f AI zdarma?<\/strong>\u00a0Ano, v\u011bt\u0161ina bezplatn\u00fdch gener\u00e1tor\u016f obr\u00e1zk\u016f AI je k pou\u017eit\u00ed zdarma, n\u011bkter\u00e9 nab\u00edzej\u00ed pr\u00e9miov\u00e9 funkce nebo p\u0159edplatn\u00e9.<\/li>\n<\/ol>","protected":false},"excerpt":{"rendered":"<p>Create vibrant AI-generated images using advanced AI algorithms and text prompts. Free AI Image Generator: Revolutionizing Visual Content Creation Outline: What is a Free AI Image Generator? A free AI image generator is an online tool that uses artificial intelligence (AI) to generate high-quality images based on user input, such as text prompts or simple &#8230; <a title=\"Gener\u00e1tor obr\u00e1zk\u016f AI zdarma\" class=\"read-more\" href=\"https:\/\/aiartfree.online\/cs\/generator-obrazku-ai-zdarma\/\" aria-label=\"Read more about Free AI Image Generator\">\u010c\u00edst d\u00e1l<\/a><\/p>","protected":false},"author":1,"featured_media":0,"parent":0,"menu_order":0,"comment_status":"closed","ping_status":"closed","template":"","meta":{"nf_dc_page":"","footnotes":""},"class_list":["post-3116","page","type-page","status-publish"],"jetpack_sharing_enabled":true,"_links":{"self":[{"href":"https:\/\/aiartfree.online\/cs\/wp-json\/wp\/v2\/pages\/3116","targetHints":{"allow":["GET"]}}],"collection":[{"href":"https:\/\/aiartfree.online\/cs\/wp-json\/wp\/v2\/pages"}],"about":[{"href":"https:\/\/aiartfree.online\/cs\/wp-json\/wp\/v2\/types\/page"}],"author":[{"embeddable":true,"href":"https:\/\/aiartfree.online\/cs\/wp-json\/wp\/v2\/users\/1"}],"replies":[{"embeddable":true,"href":"https:\/\/aiartfree.online\/cs\/wp-json\/wp\/v2\/comments?post=3116"}],"version-history":[{"count":0,"href":"https:\/\/aiartfree.online\/cs\/wp-json\/wp\/v2\/pages\/3116\/revisions"}],"wp:attachment":[{"href":"https:\/\/aiartfree.online\/cs\/wp-json\/wp\/v2\/media?parent=3116"}],"curies":[{"name":"wp","href":"https:\/\/api.w.org\/{rel}","templated":true}]}}