{"id":2993,"date":"2024-07-19T18:13:29","date_gmt":"2024-07-19T18:13:29","guid":{"rendered":"https:\/\/aiartfree.online\/?page_id=2993"},"modified":"2025-03-07T08:22:54","modified_gmt":"2025-03-07T08:22:54","slug":"ai-video-generator","status":"publish","type":"page","link":"https:\/\/aiartfree.online\/cs\/generator-videa-ai\/","title":{"rendered":"Gener\u00e1tor videa AI"},"content":{"rendered":"<h2 class=\"wp-block-heading has-text-align-center\">Co vytvo\u0159ili ostatn\u00ed u\u017eivatel\u00e9 s AI Video Generator<\/h2>\n\n\n\n<p class=\"has-text-align-center\">V\u00fdzva: D\u00edvka, bez ramen, lehk\u00fd \u00fasm\u011bv, leskl\u00e1 ple\u0165 nejlep\u0161\u00ed kvalita, mistrovsk\u00e9 d\u00edlo, fotorealistick\u00e9, oto\u010dit se<\/p>\n\n\n\n<figure class=\"gb-block-image gb-block-image-1822da1f\"><img data-recalc-dims=\"1\" decoding=\"async\" loading=\"lazy\" width=\"512\" height=\"512\" class=\"gb-image gb-image-1822da1f\" src=\"https:\/\/i0.wp.com\/aiartfree.online\/wp-content\/uploads\/2024\/08\/ezgif-3-82e27c0ca1.gif?resize=512%2C512&#038;ssl=1\" alt=\"Pomoc\u00ed na\u0161eho gener\u00e1toru vide\u00ed s um\u011blou inteligenc\u00ed m\u016f\u017eete snadno vytv\u00e1\u0159et \u00fa\u017easn\u00e1 videa. U\u017eijte si 100% zdarma, neomezen\u00e9 pou\u017eit\u00ed bez registrace. Ide\u00e1ln\u00ed pro tv\u016frce obsahu, market\u00e9ry a pedagogy, kte\u0159\u00ed hledaj\u00ed vysoce kvalitn\u00ed video s um\u011blou inteligenc\u00ed.\" title=\"ezgif-3-82e27c0ca1\"\/><\/figure>\n\n\n\n<h2 class=\"wp-block-heading\">3 kroky k pou\u017eit\u00ed AI Video Generator<\/h2>\n\n\n\n<ol class=\"wp-block-list\">\n<li class=\"\">Zadejte v\u00fdzvu<\/li>\n\n\n\n<li class=\"\">Klikn\u011bte na tla\u010d\u00edtko \"Animovat\".<\/li>\n\n\n\n<li class=\"\">Po\u010dkat, to je ono!<\/li>\n<\/ol>\n\n\n\n<figure class=\"gb-block-image gb-block-image-4dfafe81\"><a href=\"https:\/\/fas.st\/t\/XmtmoHSk\" target=\"_blank\" rel=\"noopener noreferrer\"><img data-recalc-dims=\"1\" decoding=\"async\" loading=\"lazy\" width=\"1200\" height=\"368\" class=\"gb-image gb-image-4dfafe81\" src=\"https:\/\/i0.wp.com\/aiartfree.online\/wp-content\/uploads\/2025\/03\/WX20250307-114300%402x.webp?resize=1200%2C368&#038;ssl=1\" alt=\"\" title=\"WX20250307-114300@2x\" srcset=\"https:\/\/i0.wp.com\/aiartfree.online\/wp-content\/uploads\/2025\/03\/WX20250307-114300%402x.webp?w=1900&amp;ssl=1 1900w, https:\/\/i0.wp.com\/aiartfree.online\/wp-content\/uploads\/2025\/03\/WX20250307-114300%402x.webp?resize=300%2C92&amp;ssl=1 300w, https:\/\/i0.wp.com\/aiartfree.online\/wp-content\/uploads\/2025\/03\/WX20250307-114300%402x.webp?resize=1024%2C314&amp;ssl=1 1024w, https:\/\/i0.wp.com\/aiartfree.online\/wp-content\/uploads\/2025\/03\/WX20250307-114300%402x.webp?resize=768%2C235&amp;ssl=1 768w, https:\/\/i0.wp.com\/aiartfree.online\/wp-content\/uploads\/2025\/03\/WX20250307-114300%402x.webp?resize=1536%2C471&amp;ssl=1 1536w, https:\/\/i0.wp.com\/aiartfree.online\/wp-content\/uploads\/2025\/03\/WX20250307-114300%402x.webp?resize=18%2C6&amp;ssl=1 18w, https:\/\/i0.wp.com\/aiartfree.online\/wp-content\/uploads\/2025\/03\/WX20250307-114300%402x.webp?resize=600%2C184&amp;ssl=1 600w\" sizes=\"auto, (max-width: 1200px) 100vw, 1200px\" \/><\/a><\/figure>\n\n\n\n<p class=\"\"><em>* V z\u00e1vislosti na rychlosti va\u0161eho internetu m\u016f\u017ee na\u010dten\u00ed modelu trvat. <\/em>a\u017e 10 sekund \u2193<\/p>\n\n\n\n<div class=\"iframe-wrapper\" style=\"position: relative; width: 100%; height: 2300px;\">\n  <div class=\"loading\" style=\"position: absolute; top: 50px; left: 50%; transform: translate(-50%, -50%); width: 40px; height: 40px; border: 3px solid #f0f0f0; border-top: 3px solid #db7093; border-radius: 50%; animation: spin 1s linear infinite;\"><\/div>\n  <iframe loading=\"lazy\" src=\"https:\/\/guoyww-animatediff.hf.space\" frameborder=\"0\" width=\"100%\" height=\"100%\" style=\"position: absolute; top: 0; left: 0; opacity: 0; transition: opacity 0.3s;\" onload=\"this.style.opacity=1;this.previousElementSibling.style.display='none';\"><\/iframe>\n<\/div>\n\n<style>\n@keyframes spin {\n  0% { transform: translate(-50%, -50%) rotate(0deg); }\n  100% { transform: translate(-50%, -50%) rotate(360deg); }\n}\n<\/style>\n\n\n\n<div style=\"height:50px\" aria-hidden=\"true\" class=\"wp-block-spacer\"><\/div>\n\n\n\n<h2 class=\"wp-block-heading\">P\u0159edstaven\u00ed gener\u00e1toru AI videa<\/h2>\n\n\n\n<p class=\"\">V modern\u00edm digit\u00e1ln\u00edm prost\u0159ed\u00ed p\u0159in\u00e1\u0161ej\u00ed gener\u00e1tory vide\u00ed s um\u011blou inteligenc\u00ed revoluci v tvorb\u011b obsahu. Tyto pokro\u010dil\u00e9 n\u00e1stroje vyu\u017e\u00edvaj\u00ed s\u00edlu um\u011bl\u00e9 inteligence k zefektivn\u011bn\u00ed a zdokonalen\u00ed tvorby vide\u00ed a zp\u0159\u00edstup\u0148uj\u00ed je \u0161ir\u0161\u00edmu publiku. V tomto \u010dl\u00e1nku se budeme zab\u00fdvat konceptem AI video gener\u00e1tor\u016f, jejich v\u00fdznamem a vyu\u017eit\u00edm v r\u016fzn\u00fdch odv\u011btv\u00edch. Poskytneme tak\u00e9 ucelen\u00fd p\u0159ehled nejlep\u0161\u00edch dostupn\u00fdch n\u00e1stroj\u016f se zvl\u00e1\u0161tn\u00edm zam\u011b\u0159en\u00edm na nejl\u00e9pe hodnocen\u00fd gener\u00e1tor videa s um\u011blou inteligenc\u00ed, <a href=\"https:\/\/aiartfree.online\/cs\/generator-videa-ai\/\">Um\u011bn\u00ed AI zdarma<\/a>.<\/p>\n\n\n\n<figure class=\"gb-block-image gb-block-image-94da07aa\"><img data-recalc-dims=\"1\" decoding=\"async\" loading=\"lazy\" width=\"300\" height=\"170\" class=\"gb-image gb-image-94da07aa\" src=\"https:\/\/i0.wp.com\/aiartfree.online\/wp-content\/uploads\/2024\/07\/WX20240720-101347%402x.jpg?resize=300%2C170&#038;ssl=1\" alt=\"Gener\u00e1tor videa s um\u011blou inteligenc\u00ed je sofistikovan\u00e1 softwarov\u00e1 aplikace, kter\u00e1 vyu\u017e\u00edv\u00e1 um\u011blou inteligenci k automatick\u00e9mu vytv\u00e1\u0159en\u00ed vide\u00ed. Tyto n\u00e1stroje dok\u00e1\u017e\u00ed p\u0159em\u011bnit textov\u00e9 podn\u011bty, obr\u00e1zky nebo dokonce nezpracovan\u00e9 videoz\u00e1znamy na vybrou\u0161en\u00e1 videa v profesion\u00e1ln\u00ed kvalit\u011b. Vyu\u017e\u00edvaj\u00ed r\u016fzn\u00e9 technologie um\u011bl\u00e9 inteligence, jako je zpracov\u00e1n\u00ed p\u0159irozen\u00e9ho jazyka (NLP), po\u010d\u00edta\u010dov\u00e9 vid\u011bn\u00ed a strojov\u00e9 u\u010den\u00ed, k anal\u00fdze a interpretaci vstupn\u00edch dat a generov\u00e1n\u00ed poutav\u00e9ho a vizu\u00e1ln\u011b atraktivn\u00edho obsahu.\" title=\"WX20240720-101347@2x\" srcset=\"https:\/\/i0.wp.com\/aiartfree.online\/wp-content\/uploads\/2024\/07\/WX20240720-101347%402x.jpg?resize=300%2C170&amp;ssl=1 300w, https:\/\/i0.wp.com\/aiartfree.online\/wp-content\/uploads\/2024\/07\/WX20240720-101347%402x.jpg?resize=1024%2C579&amp;ssl=1 1024w, https:\/\/i0.wp.com\/aiartfree.online\/wp-content\/uploads\/2024\/07\/WX20240720-101347%402x.jpg?resize=768%2C434&amp;ssl=1 768w, https:\/\/i0.wp.com\/aiartfree.online\/wp-content\/uploads\/2024\/07\/WX20240720-101347%402x.jpg?resize=18%2C10&amp;ssl=1 18w, https:\/\/i0.wp.com\/aiartfree.online\/wp-content\/uploads\/2024\/07\/WX20240720-101347%402x.jpg?resize=600%2C339&amp;ssl=1 600w, https:\/\/i0.wp.com\/aiartfree.online\/wp-content\/uploads\/2024\/07\/WX20240720-101347%402x.jpg?w=1030&amp;ssl=1 1030w\" sizes=\"auto, (max-width: 300px) 100vw, 300px\" \/><\/figure>\n\n\n\n<h3 class=\"wp-block-heading\">Obsah<\/h3>\n\n\n\n<ol class=\"wp-block-list\">\n<li class=\"\"><a href=\"#what-is-an-ai-video-generator\">Co je to gener\u00e1tor videa s um\u011blou inteligenc\u00ed?<\/a><\/li>\n\n\n\n<li class=\"\"><a href=\"#why-use-an-ai-video-generator\">Pro\u010d pou\u017e\u00edvat gener\u00e1tor vide\u00ed s um\u011blou inteligenc\u00ed?<\/a><\/li>\n\n\n\n<li class=\"\"><a href=\"#suitable-industries-and-people\">Vhodn\u00e1 odv\u011btv\u00ed a lid\u00e9<\/a><\/li>\n\n\n\n<li class=\"\"><a href=\"#related-tools-and-information\">Souvisej\u00edc\u00ed n\u00e1stroje a informace<\/a><\/li>\n\n\n\n<li class=\"\"><a href=\"#frequently-asked-questions-faq\">\u010casto kladen\u00e9 ot\u00e1zky (FAQ)<\/a><\/li>\n<\/ol>\n\n\n\n<h3 class=\"wp-block-heading\">Co je to gener\u00e1tor videa s um\u011blou inteligenc\u00ed?<\/h3>\n\n\n\n<p class=\"\">Gener\u00e1tor videa s um\u011blou inteligenc\u00ed je sofistikovan\u00e1 softwarov\u00e1 aplikace, kter\u00e1 vyu\u017e\u00edv\u00e1 um\u011blou inteligenci k automatick\u00e9mu vytv\u00e1\u0159en\u00ed vide\u00ed. Tyto n\u00e1stroje dok\u00e1\u017e\u00ed p\u0159em\u011bnit textov\u00e9 podn\u011bty, obr\u00e1zky nebo dokonce nezpracovan\u00e9 videoz\u00e1znamy na vybrou\u0161en\u00e1 videa v profesion\u00e1ln\u00ed kvalit\u011b. Vyu\u017e\u00edvaj\u00ed r\u016fzn\u00e9 technologie um\u011bl\u00e9 inteligence, jako je zpracov\u00e1n\u00ed p\u0159irozen\u00e9ho jazyka (NLP), po\u010d\u00edta\u010dov\u00e9 vid\u011bn\u00ed a strojov\u00e9 u\u010den\u00ed, k anal\u00fdze a interpretaci vstupn\u00edch dat a generov\u00e1n\u00ed poutav\u00e9ho a vizu\u00e1ln\u011b atraktivn\u00edho obsahu.<\/p>\n\n\n\n<h3 class=\"wp-block-heading\">Pro\u010d pou\u017e\u00edvat gener\u00e1tor vide\u00ed s um\u011blou inteligenc\u00ed?<\/h3>\n\n\n\n<p class=\"\">Gener\u00e1tory vide\u00ed s um\u011blou inteligenc\u00ed nab\u00edzej\u00ed \u0159adu v\u00fdhod, kter\u00e9 z nich \u010din\u00ed nepostradateln\u00e9 n\u00e1stroje pro tvorbu vide\u00ed:<\/p>\n\n\n\n<ul class=\"wp-block-list\">\n<li class=\"\"><strong>\u00da\u010dinnost<\/strong>: Tyto n\u00e1stroje v\u00fdrazn\u011b zkracuj\u00ed \u010das a \u00fasil\u00ed pot\u0159ebn\u00e9 k tvorb\u011b vide\u00ed a umo\u017e\u0148uj\u00ed rychl\u00e9 v\u00fdrobn\u00ed cykly.<\/li>\n\n\n\n<li class=\"\"><strong>N\u00e1kladov\u011b efektivn\u00ed<\/strong>: Automatizac\u00ed mnoha aspekt\u016f tvorby videa mohou gener\u00e1tory videa s um\u011blou inteligenc\u00ed sn\u00ed\u017eit v\u00fdrobn\u00ed n\u00e1klady a zp\u0159\u00edstupnit tak vysoce kvalitn\u00ed video obsah firm\u00e1m i jednotlivc\u016fm s omezen\u00fdm rozpo\u010dtem.<\/li>\n\n\n\n<li class=\"\"><strong>Konzistence<\/strong>: UI zaji\u0161\u0165uje jednotn\u00fd styl a kvalitu a udr\u017euje konzistenci zna\u010dky nap\u0159\u00ed\u010d cel\u00fdm videoobsahem.<\/li>\n\n\n\n<li class=\"\"><strong>P\u0159\u00edstupnost<\/strong>: I ti, kte\u0159\u00ed nemaj\u00ed \u017e\u00e1dn\u00e9 zku\u0161enosti se st\u0159ihem videa, mohou vytv\u00e1\u0159et videa na profesion\u00e1ln\u00ed \u00farovni, co\u017e demokratizuje tvorbu obsahu.<\/li>\n\n\n\n<li class=\"\"><strong>P\u0159izp\u016fsoben\u00ed<\/strong>: Gener\u00e1tory vide\u00ed s um\u011blou inteligenc\u00ed umo\u017e\u0148uj\u00ed snadnou personalizaci, tak\u017ee tv\u016frci mohou videa p\u0159izp\u016fsobit konkr\u00e9tn\u00edmu publiku nebo marketingov\u00fdm kampan\u00edm.<\/li>\n<\/ul>\n\n\n\n<h3 class=\"wp-block-heading\">Vhodn\u00e1 odv\u011btv\u00ed a lid\u00e9<\/h3>\n\n\n\n<p class=\"\">Gener\u00e1tory vide\u00ed s um\u011blou inteligenc\u00ed jsou univerz\u00e1ln\u00ed n\u00e1stroje, kter\u00e9 mohou b\u00fdt p\u0159\u00ednosem pro \u0161irokou \u0161k\u00e1lu u\u017eivatel\u016f v r\u016fzn\u00fdch odv\u011btv\u00edch:<\/p>\n\n\n\n<ul class=\"wp-block-list\">\n<li class=\"\"><strong>Marketingov\u00ed odborn\u00edci<\/strong>: Pro tvorbu poutav\u00fdch propaga\u010dn\u00edch vide\u00ed, reklam a obsahu soci\u00e1ln\u00edch m\u00e9di\u00ed.<\/li>\n\n\n\n<li class=\"\"><strong>Vzd\u011blavatel\u00e9 a \u0161kolitel\u00e9<\/strong>: Pro tvorbu v\u00fdukov\u00fdch vide\u00ed, tutori\u00e1l\u016f a e-learningov\u00e9ho obsahu.<\/li>\n\n\n\n<li class=\"\"><strong>Tv\u016frci obsahu a influence\u0159i<\/strong>: Pro tvorbu vysoce kvalitn\u00edch vide\u00ed na YouTube, vlog\u016f a dal\u0161\u00edho obsahu pro soci\u00e1ln\u00ed m\u00e9dia.<\/li>\n\n\n\n<li class=\"\"><strong>Podniky<\/strong>: Pro firemn\u00ed komunikaci, p\u0159edv\u00e1d\u011bn\u00ed produkt\u016f a intern\u00ed \u0161kolic\u00ed videa.<\/li>\n\n\n\n<li class=\"\"><strong>Filmov\u00e1 a medi\u00e1ln\u00ed produkce<\/strong>: Pro zefektivn\u011bn\u00ed postproduk\u010dn\u00edho procesu a generov\u00e1n\u00ed speci\u00e1ln\u00edch efekt\u016f nebo animovan\u00fdch sekvenc\u00ed.<\/li>\n<\/ul>\n\n\n\n<h3 class=\"wp-block-heading\">Souvisej\u00edc\u00ed n\u00e1stroje a informace<\/h3>\n\n\n\n<p class=\"\">N\u00ed\u017ee je uvedena tabulka, kter\u00e1 shrnuje 10 souvisej\u00edc\u00edch n\u00e1stroj\u016f pro generov\u00e1n\u00ed vide\u00ed s um\u011blou inteligenc\u00ed a poskytuje stru\u010dn\u00fd p\u0159ehled ka\u017ed\u00e9ho z nich spolu s jejich klady, z\u00e1pory, v\u00fdhodami, v\u00fdzvami a doporu\u010den\u00edmi.<\/p>\n\n\n\n<figure class=\"wp-block-table\"><table class=\"has-fixed-layout\"><thead><tr><th>N\u00e1zev n\u00e1stroje<\/th><th>ADRESA URL<\/th><th>Souhrn<\/th><th>Klady<\/th><th>Nev\u00fdhody<\/th><th>V\u00fdhody<\/th><th>V\u00fdzvy<\/th><th>Doporu\u010den\u00ed<\/th><\/tr><\/thead><tbody><tr><td><strong>Obr\u00e1zek<\/strong><\/td><td><a href=\"https:\/\/pictory.ai\" target=\"_blank\" rel=\"noopener\">Obr\u00e1zek<\/a><\/td><td>Vytv\u00e1\u0159en\u00ed videa z textu pomoc\u00ed um\u011bl\u00e9 inteligence<\/td><td>U\u017eivatelsky p\u0159\u00edv\u011btiv\u00e9, rychl\u00e9<\/td><td>Omezen\u00e9 p\u0159izp\u016fsoben\u00ed<\/td><td>Rychl\u00e9 generov\u00e1n\u00ed videa<\/td><td>K\u0159ivka u\u010den\u00ed<\/td><td>Nejlep\u0161\u00ed pro za\u010d\u00e1te\u010dn\u00edky<\/td><\/tr><tr><td><strong>Animoto<\/strong><\/td><td><a href=\"https:\/\/animoto.com\" target=\"_blank\" rel=\"noopener\">Animoto<\/a><\/td><td>Jednoduch\u00fd n\u00e1stroj pro tvorbu videa p\u0159eta\u017een\u00edm<\/td><td>Snadn\u00e9 pou\u017eit\u00ed, \u0161ablony<\/td><td>Men\u0161\u00ed kontrola nad detaily<\/td><td>\u0160ablony \u0161et\u0159\u00edc\u00ed \u010das<\/td><td>Z\u00e1kladn\u00ed funkce<\/td><td>Skv\u011bl\u00e9 pro jednoduch\u00e9 projekty<\/td><\/tr><tr><td><strong>Synthesia<\/strong><\/td><td><a href=\"https:\/\/synthesia.io\" target=\"_blank\" rel=\"noopener\">Synthesia<\/a><\/td><td>Tvorba vide\u00ed s um\u011blou inteligenc\u00ed a avatary<\/td><td>Realistick\u00e9 avatary, V\u00edcejazy\u010dn\u00e9<\/td><td>Vy\u0161\u0161\u00ed n\u00e1klady<\/td><td>P\u0159izp\u016fsobiteln\u00e9 avatary<\/td><td>Vy\u017eaduje skriptov\u00e1n\u00ed<\/td><td>Ide\u00e1ln\u00ed pro firemn\u00ed videa<\/td><\/tr><tr><td><strong>Lumen5<\/strong><\/td><td><a href=\"https:\/\/lumen5.com\" target=\"_blank\" rel=\"noopener\">Lumen5<\/a><\/td><td>Vytv\u00e1\u0159en\u00ed vide\u00ed z \u010dl\u00e1nk\u016f pomoc\u00ed um\u011bl\u00e9 inteligence<\/td><td>Integruje se s blogy, Rychle<\/td><td>Vodoznak na bezplatn\u00e9 verzi<\/td><td>Automatizovan\u00e1 tvorba obsahu<\/td><td>Omezen\u00e9 bezplatn\u00e9 mo\u017enosti<\/td><td>Nejlep\u0161\u00ed pro blogery<\/td><\/tr><tr><td><strong>Magisto<\/strong><\/td><td><a href=\"https:\/\/magisto.com\" target=\"_blank\" rel=\"noopener\">Magisto<\/a><\/td><td>Chytr\u00fd editor videa s um\u011blou inteligenc\u00ed<\/td><td>Chytr\u00e9 \u00fapravy, Hudebn\u00ed knihovna<\/td><td>Vy\u017eaduje se p\u0159edplatn\u00e9<\/td><td>Automatizovan\u00e9 \u00fapravy<\/td><td>Omezen\u00e9 ru\u010dn\u00ed ovl\u00e1d\u00e1n\u00ed<\/td><td>Skv\u011bl\u00e9 pro soci\u00e1ln\u00ed m\u00e9dia<\/td><\/tr><tr><td><strong>Wibbitz<\/strong><\/td><td><a href=\"https:\/\/wibbitz.com\" target=\"_blank\" rel=\"noopener\">Wibbitz<\/a><\/td><td>Platforma pro tvorbu vide\u00ed pro t\u00fdmy<\/td><td>Spolupr\u00e1ce, rychl\u00e1<\/td><td>Drah\u00e9<\/td><td>T\u00fdmov\u00e1 spolupr\u00e1ce<\/td><td>Strm\u00e1 k\u0159ivka u\u010den\u00ed<\/td><td>Nejlep\u0161\u00ed pro marketingov\u00e9 t\u00fdmy<\/td><\/tr><tr><td><strong>FlexClip<\/strong><\/td><td><a href=\"https:\/\/flexclip.com\" target=\"_blank\" rel=\"noopener\">FlexClip<\/a><\/td><td>Online tv\u016frce videa se \u0161ablonami<\/td><td>Snadn\u00e9 pou\u017eit\u00ed, \u0161ablony<\/td><td>Omezen\u00e9 pokro\u010dil\u00e9 funkce<\/td><td>U\u017eivatelsky p\u0159\u00edv\u011btiv\u00e9 str\u00e1nky<\/td><td>Z\u00e1kladn\u00ed funkce<\/td><td>Dobr\u00e9 pro rychl\u00e9 \u00fapravy<\/td><\/tr><tr><td><strong>InVideo<\/strong><\/td><td><a href=\"https:\/\/invideo.io\" target=\"_blank\" rel=\"noopener\">InVideo<\/a><\/td><td>Online editor videa s um\u011blou inteligenc\u00ed<\/td><td>Rozs\u00e1hl\u00e1 knihovna m\u00e9di\u00ed, \u0160ablony<\/td><td>Vodoznak na bezplatn\u00e9 verzi<\/td><td>Mo\u017enosti bohat\u00fdch m\u00e9di\u00ed<\/td><td>N\u00e1klady na p\u0159edplatn\u00e9<\/td><td>Nejlep\u0161\u00ed pro obchodn\u00edky<\/td><\/tr><tr><td><strong>Designs.ai<\/strong><\/td><td><a href=\"https:\/\/designs.ai\" target=\"_blank\" rel=\"noopener\">Designs.ai<\/a><\/td><td>Kreativn\u00ed n\u00e1stroje poh\u00e1n\u011bn\u00e9 um\u011blou inteligenc\u00ed<\/td><td>V\u0161estrann\u00fd, rychl\u00fd<\/td><td>Vy\u017eaduje se p\u0159edplatn\u00e9<\/td><td>V\u00edce kreativn\u00edch n\u00e1stroj\u016f<\/td><td>Vy\u017eaduje internet<\/td><td>Ide\u00e1ln\u00ed pro tv\u016frce obsahu<\/td><\/tr><tr><td><strong>DeepBrain<\/strong><\/td><td><a href=\"https:\/\/deepbrain.io\" target=\"_blank\" rel=\"noopener\">DeepBrain<\/a><\/td><td>Gener\u00e1tor vide\u00ed s um\u011blou inteligenc\u00ed a hlubok\u00fdm u\u010den\u00edm<\/td><td>Vysoce kvalitn\u00ed, p\u0159izp\u016fsobiteln\u00e9<\/td><td>Komplexn\u00ed rozhran\u00ed<\/td><td>Vysoce kvalitn\u00ed v\u00fdstup<\/td><td>Vy\u017eaduje \u0161kolen\u00ed<\/td><td>Nejlep\u0161\u00ed pro pokro\u010dil\u00e9 u\u017eivatele<\/td><\/tr><\/tbody><\/table><\/figure>\n\n\n\n<h3 class=\"wp-block-heading\">\u010casto kladen\u00e9 ot\u00e1zky (FAQ)<\/h3>\n\n\n\n<ol class=\"wp-block-list\">\n<li class=\"\"><strong>Co je to gener\u00e1tor videa s um\u011blou inteligenc\u00ed?<\/strong>\n<ul class=\"wp-block-list\">\n<li class=\"\">Gener\u00e1tor vide\u00ed s um\u011blou inteligenc\u00ed je n\u00e1stroj, kter\u00fd vyu\u017e\u00edv\u00e1 um\u011blou inteligenci k automatick\u00e9mu vytv\u00e1\u0159en\u00ed vide\u00ed z r\u016fzn\u00fdch vstup\u016f, jako je text, obr\u00e1zky nebo nezpracovan\u00e9 z\u00e1b\u011bry.<\/li>\n<\/ul>\n<\/li>\n\n\n\n<li class=\"\"><strong>Jak funguje gener\u00e1tor vide\u00ed s um\u011blou inteligenc\u00ed?<\/strong>\n<ul class=\"wp-block-list\">\n<li class=\"\">K interpretaci vstupn\u00edch dat a generov\u00e1n\u00ed videoobsahu vyu\u017e\u00edv\u00e1 technologie um\u011bl\u00e9 inteligence, jako je zpracov\u00e1n\u00ed p\u0159irozen\u00e9ho jazyka a po\u010d\u00edta\u010dov\u00e9 vid\u011bn\u00ed.<\/li>\n<\/ul>\n<\/li>\n\n\n\n<li class=\"\"><strong>Jak\u00e9 jsou v\u00fdhody pou\u017e\u00edv\u00e1n\u00ed gener\u00e1toru vide\u00ed s um\u011blou inteligenc\u00ed?<\/strong>\n<ul class=\"wp-block-list\">\n<li class=\"\">Mezi v\u00fdhody pat\u0159\u00ed vy\u0161\u0161\u00ed efektivita, \u00faspora n\u00e1klad\u016f, konzistentn\u00ed kvalita, dostupnost a snadn\u00e9 p\u0159izp\u016fsoben\u00ed.<\/li>\n<\/ul>\n<\/li>\n\n\n\n<li class=\"\"><strong>Kdo m\u016f\u017ee m\u00edt z gener\u00e1tor\u016f vide\u00ed s um\u011blou inteligenc\u00ed prosp\u011bch?<\/strong>\n<ul class=\"wp-block-list\">\n<li class=\"\">T\u011b\u017eit z toho mohou marketingov\u00ed odborn\u00edci, pedagogov\u00e9, tv\u016frci obsahu, podniky i medi\u00e1ln\u00ed produk\u010dn\u00ed t\u00fdmy.<\/li>\n<\/ul>\n<\/li>\n\n\n\n<li class=\"\"><strong>Jsou gener\u00e1tory videa s um\u011blou inteligenc\u00ed drah\u00e9?<\/strong>\n<ul class=\"wp-block-list\">\n<li class=\"\">Ceny se li\u0161\u00ed, ale mnoho n\u00e1stroj\u016f nab\u00edz\u00ed n\u00e1kladov\u011b efektivn\u00ed mo\u017enosti, kter\u00e9 jsou levn\u011bj\u0161\u00ed ne\u017e tradi\u010dn\u00ed metody v\u00fdroby videa.<\/li>\n<\/ul>\n<\/li>\n\n\n\n<li class=\"\"><strong>Mohou za\u010d\u00e1te\u010dn\u00edci pou\u017e\u00edvat gener\u00e1tory vide\u00ed s um\u011blou inteligenc\u00ed?<\/strong>\n<ul class=\"wp-block-list\">\n<li class=\"\">Ano, mnoho gener\u00e1tor\u016f vide\u00ed s um\u011blou inteligenc\u00ed je navr\u017eeno tak, aby byly u\u017eivatelsky p\u0159\u00edv\u011btiv\u00e9 a p\u0159\u00edstupn\u00e9 i za\u010d\u00e1te\u010dn\u00edk\u016fm.<\/li>\n<\/ul>\n<\/li>\n\n\n\n<li class=\"\"><strong>Jak\u00fd je nejlep\u0161\u00ed gener\u00e1tor vide\u00ed s um\u011blou inteligenc\u00ed?<\/strong>\n<ul class=\"wp-block-list\">\n<li class=\"\">Nejlep\u0161\u00ed n\u00e1stroj se m\u016f\u017ee li\u0161it v z\u00e1vislosti na pot\u0159eb\u00e1ch, ale <a href=\"https:\/\/aiartfree.online\/cs\/generator-videa-ai\/\">Um\u011bn\u00ed AI zdarma<\/a> je doporu\u010dov\u00e1n pro sv\u00e9 funkce a snadn\u00e9 pou\u017e\u00edv\u00e1n\u00ed.<\/li>\n<\/ul>\n<\/li>\n\n\n\n<li class=\"\"><strong>Vy\u017eaduj\u00ed gener\u00e1tory videa s um\u011blou inteligenc\u00ed n\u011bjak\u00e9 speci\u00e1ln\u00ed dovednosti?<\/strong>\n<ul class=\"wp-block-list\">\n<li class=\"\">V\u011bt\u0161ina z nich nevy\u017eaduje zvl\u00e1\u0161tn\u00ed dovednosti a jsou navr\u017eeny tak, aby byly intuitivn\u00ed, i kdy\u017e znalost st\u0159ihu videa m\u016f\u017ee b\u00fdt u\u017eite\u010dn\u00e1.<\/li>\n<\/ul>\n<\/li>\n\n\n\n<li class=\"\"><strong>Jak vybrat spr\u00e1vn\u00fd gener\u00e1tor videa s um\u011blou inteligenc\u00ed?<\/strong>\n<ul class=\"wp-block-list\">\n<li class=\"\">Zva\u017ete faktory, jako je snadnost pou\u017eit\u00ed, mo\u017enosti p\u0159izp\u016fsoben\u00ed, cena a konkr\u00e9tn\u00ed pot\u0159eby va\u0161eho projektu.<\/li>\n<\/ul>\n<\/li>\n\n\n\n<li class=\"\"><strong>Dok\u00e1\u017eou gener\u00e1tory vide\u00ed s um\u011blou inteligenc\u00ed vytv\u00e1\u0159et vysoce kvalitn\u00ed videa?<\/strong>\n<ul class=\"wp-block-list\">\n<li class=\"\">Ano, mnoho gener\u00e1tor\u016f vide\u00ed s um\u011blou inteligenc\u00ed vytv\u00e1\u0159\u00ed profesion\u00e1ln\u00ed videa, kter\u00e1 jsou vhodn\u00e1 pro r\u016fzn\u00e9 aplikace, od marketingu a\u017e po vzd\u011bl\u00e1v\u00e1n\u00ed.<\/li>\n<\/ul>\n<\/li>\n<\/ol>\n\n\n\n<p class=\"\">Z\u00e1v\u011brem lze \u0159\u00edci, \u017ee gener\u00e1tory vide\u00ed s um\u011blou inteligenc\u00ed m\u011bn\u00ed zp\u016fsob tvorby vide\u00ed, nab\u00edzej\u00ed \u0159adu v\u00fdhod a zp\u0159\u00edstup\u0148uj\u00ed tvorbu vide\u00ed v\u0161em. Pro ty, kte\u0159\u00ed cht\u011bj\u00ed tyto n\u00e1stroje prozkoumat, <a href=\"https:\/\/aiartfree.online\/cs\/generator-videa-ai\/\">Um\u011bn\u00ed AI zdarma<\/a> je nejlep\u0161\u00ed volbou, proto\u017ee nab\u00edz\u00ed robustn\u00ed sadu funkc\u00ed a snadn\u00e9 pou\u017eit\u00ed.<\/p>","protected":false},"excerpt":{"rendered":"<p>What other users made with AI Video Generator Prompt: 1 girl, off-shoulder, light smile, shiny skin best quality, masterpiece, photorealistic, turn around 3 Steps to Use AI Video Generator *&nbsp;Depending on your internet speed, loading the model may take up to 10 seconds \u2193 Introduction of AI Video Generator In the modern digital landscape, AI &#8230; <a title=\"Gener\u00e1tor videa AI\" class=\"read-more\" href=\"https:\/\/aiartfree.online\/cs\/generator-videa-ai\/\" aria-label=\"Read more about AI Video Generator\">\u010c\u00edst d\u00e1l<\/a><\/p>","protected":false},"author":1,"featured_media":3463,"parent":0,"menu_order":0,"comment_status":"open","ping_status":"closed","template":"","meta":{"nf_dc_page":"","footnotes":""},"class_list":["post-2993","page","type-page","status-publish","has-post-thumbnail"],"jetpack_sharing_enabled":true,"_links":{"self":[{"href":"https:\/\/aiartfree.online\/cs\/wp-json\/wp\/v2\/pages\/2993","targetHints":{"allow":["GET"]}}],"collection":[{"href":"https:\/\/aiartfree.online\/cs\/wp-json\/wp\/v2\/pages"}],"about":[{"href":"https:\/\/aiartfree.online\/cs\/wp-json\/wp\/v2\/types\/page"}],"author":[{"embeddable":true,"href":"https:\/\/aiartfree.online\/cs\/wp-json\/wp\/v2\/users\/1"}],"replies":[{"embeddable":true,"href":"https:\/\/aiartfree.online\/cs\/wp-json\/wp\/v2\/comments?post=2993"}],"version-history":[{"count":1,"href":"https:\/\/aiartfree.online\/cs\/wp-json\/wp\/v2\/pages\/2993\/revisions"}],"predecessor-version":[{"id":3601,"href":"https:\/\/aiartfree.online\/cs\/wp-json\/wp\/v2\/pages\/2993\/revisions\/3601"}],"wp:featuredmedia":[{"embeddable":true,"href":"https:\/\/aiartfree.online\/cs\/wp-json\/wp\/v2\/media\/3463"}],"wp:attachment":[{"href":"https:\/\/aiartfree.online\/cs\/wp-json\/wp\/v2\/media?parent=2993"}],"curies":[{"name":"wp","href":"https:\/\/api.w.org\/{rel}","templated":true}]}}