{"id":2986,"date":"2024-07-19T17:43:48","date_gmt":"2024-07-19T17:43:48","guid":{"rendered":"https:\/\/aiartfree.online\/?page_id=2986"},"modified":"2025-03-07T08:22:52","modified_gmt":"2025-03-07T08:22:52","slug":"video-to-gif","status":"publish","type":"page","link":"https:\/\/aiartfree.online\/cs\/video-na-gif\/","title":{"rendered":"Video na GIF zdarma"},"content":{"rendered":"<h2 class=\"wp-block-heading\">Jak pou\u017e\u00edvat p\u0159evod videa na GIF<\/h2>\n\n\n\n<ol class=\"wp-block-list\">\n<li class=\"\">Pus\u0165te nebo nahrajte sv\u00e9 obl\u00edben\u00e9 video<\/li>\n\n\n\n<li class=\"\">P\u0159ejd\u011bte dol\u016f a klikn\u011bte na mo\u017enost \"Generovat animovan\u00fd GIF\".<\/li>\n\n\n\n<li class=\"\">Po\u010dkejte p\u0159ibli\u017en\u011b 9-14 sekund, to je v\u0161e!<\/li>\n\n\n\n<li class=\"\">St\u00e1hn\u011bte si ji pro sd\u00edlen\u00ed s p\u0159\u00e1teli<\/li>\n<\/ol>\n\n\n\n<figure class=\"gb-block-image gb-block-image-4dfafe81\"><a href=\"https:\/\/fas.st\/t\/XmtmoHSk\" target=\"_blank\" rel=\"noopener noreferrer\"><img data-recalc-dims=\"1\" decoding=\"async\" loading=\"lazy\" width=\"1200\" height=\"368\" class=\"gb-image gb-image-4dfafe81\" src=\"https:\/\/i0.wp.com\/aiartfree.online\/wp-content\/uploads\/2025\/03\/WX20250307-114300%402x.webp?resize=1200%2C368&#038;ssl=1\" alt=\"\" title=\"WX20250307-114300@2x\" srcset=\"https:\/\/i0.wp.com\/aiartfree.online\/wp-content\/uploads\/2025\/03\/WX20250307-114300%402x.webp?w=1900&amp;ssl=1 1900w, https:\/\/i0.wp.com\/aiartfree.online\/wp-content\/uploads\/2025\/03\/WX20250307-114300%402x.webp?resize=300%2C92&amp;ssl=1 300w, https:\/\/i0.wp.com\/aiartfree.online\/wp-content\/uploads\/2025\/03\/WX20250307-114300%402x.webp?resize=1024%2C314&amp;ssl=1 1024w, https:\/\/i0.wp.com\/aiartfree.online\/wp-content\/uploads\/2025\/03\/WX20250307-114300%402x.webp?resize=768%2C235&amp;ssl=1 768w, https:\/\/i0.wp.com\/aiartfree.online\/wp-content\/uploads\/2025\/03\/WX20250307-114300%402x.webp?resize=1536%2C471&amp;ssl=1 1536w, https:\/\/i0.wp.com\/aiartfree.online\/wp-content\/uploads\/2025\/03\/WX20250307-114300%402x.webp?resize=18%2C6&amp;ssl=1 18w, https:\/\/i0.wp.com\/aiartfree.online\/wp-content\/uploads\/2025\/03\/WX20250307-114300%402x.webp?resize=600%2C184&amp;ssl=1 600w\" sizes=\"auto, (max-width: 1200px) 100vw, 1200px\" \/><\/a><\/figure>\n\n\n\n<p class=\"\"><em>* V z\u00e1vislosti na rychlosti va\u0161eho internetu m\u016f\u017ee na\u010d\u00edt\u00e1n\u00ed modelu trvat n\u011bkolik sekund.<br>* B\u011bhem nep\u0159etr\u017eit\u00e9ho generov\u00e1n\u00ed bude prob\u00edhat ukl\u00e1d\u00e1n\u00ed do mezipam\u011bti a nov\u00fd obr\u00e1zek se zobraz\u00ed p\u0159ibli\u017en\u011b po 3 sekund\u00e1ch.<\/em><\/p>\n\n\n\n<div style=\"text-align: center;\">\n  <iframe loading=\"lazy\"\n    src=\"https:\/\/fariyan-gif-studio.hf.space\"\n    frameborder=\"0\"\n    width=\"1200\"\n    height=\"2500\"\n    style=\"display: inline-block; margin: 0 auto;\"\n  ><\/iframe>\n<\/div>\n\n\n\n<div style=\"height:50px\" aria-hidden=\"true\" class=\"wp-block-spacer\"><\/div>\n\n\n\n<h2 class=\"wp-block-heading\">Zaveden\u00ed videa do form\u00e1tu GIF<\/h2>\n\n\n\n<p class=\"\">V dob\u011b tvorby digit\u00e1ln\u00edho obsahu se p\u0159em\u011bna vide\u00ed na GIFy stala obl\u00edben\u00fdm zp\u016fsobem, jak sd\u00edlet okam\u017eiky v dynamick\u00e9m a z\u00e1rove\u0148 kompaktn\u00edm form\u00e1tu. V tomto pr\u016fvodci se sezn\u00e1m\u00edte s konceptem p\u0159evodu vide\u00ed na GIFy, v\u00fdznamem tohoto procesu, nejlep\u0161\u00edmi dostupn\u00fdmi n\u00e1stroji a zodpov\u00edme n\u011bkter\u00e9 \u010dasto kladen\u00e9 ot\u00e1zky.<\/p>\n\n\n\n<h3 class=\"wp-block-heading\">Obsah<\/h3>\n\n\n\n<ol class=\"wp-block-list\">\n<li class=\"\">Co je to p\u0159evod videa do GIF?<\/li>\n\n\n\n<li class=\"\">Pro\u010d pou\u017e\u00edvat p\u0159evod videa do GIF?<\/li>\n\n\n\n<li class=\"\">Vhodn\u00ed u\u017eivatel\u00e9 nebo odv\u011btv\u00ed<\/li>\n\n\n\n<li class=\"\">10 nejlep\u0161\u00edch n\u00e1stroj\u016f a informac\u00ed<\/li>\n\n\n\n<li class=\"\">\u010casto kladen\u00e9 ot\u00e1zky<\/li>\n<\/ol>\n\n\n\n<h3 class=\"wp-block-heading\">Co je to p\u0159evod videa do GIF?<\/h3>\n\n\n\n<p class=\"\">Konverze videa do form\u00e1tu GIF zahrnuje p\u0159evod videosouboru na obr\u00e1zek GIF. Obr\u00e1zky GIF, neboli Graphics Interchange Format, se hojn\u011b pou\u017e\u00edvaj\u00ed na soci\u00e1ln\u00edch s\u00edt\u00edch a webov\u00fdch str\u00e1nk\u00e1ch d\u00edky sv\u00e9 schopnosti vytv\u00e1\u0159et animace ve smy\u010dce a relativn\u011b mal\u00e9 velikosti souboru. Tento proces umo\u017e\u0148uje u\u017eivatel\u016fm vz\u00edt \u00fasek videa a p\u0159ev\u00e9st jej na animovan\u00fd obr\u00e1zek, kter\u00fd lze snadno sd\u00edlet a prohl\u00ed\u017eet na r\u016fzn\u00fdch platform\u00e1ch.<\/p>\n\n\n\n<h3 class=\"wp-block-heading\">Pro\u010d pou\u017e\u00edvat p\u0159evod videa do GIF?<\/h3>\n\n\n\n<p class=\"\">P\u0159evod videa do form\u00e1tu GIF p\u0159in\u00e1\u0161\u00ed n\u011bkolik v\u00fdhod:<\/p>\n\n\n\n<ul class=\"wp-block-list\">\n<li class=\"\"><strong>Z\u00e1snuby<\/strong>: GIFy jsou poutav\u00e9 a rychle upoutaj\u00ed pozornost div\u00e1k\u016f.<\/li>\n\n\n\n<li class=\"\"><strong>Kompatibilita<\/strong>: GIFy podporuje v\u011bt\u0161ina platforem soci\u00e1ln\u00edch m\u00e9di\u00ed a aplikac\u00ed pro zas\u00edl\u00e1n\u00ed zpr\u00e1v.<\/li>\n\n\n\n<li class=\"\"><strong>Velikost souboru<\/strong>: V porovn\u00e1n\u00ed s videi maj\u00ed GIFy men\u0161\u00ed velikost, tak\u017ee je lze snadn\u011bji nahr\u00e1vat a sd\u00edlet.<\/li>\n\n\n\n<li class=\"\"><strong>Kreativita<\/strong>: GIFy umo\u017e\u0148uj\u00ed kreativn\u00ed vyj\u00e1d\u0159en\u00ed zv\u00fdrazn\u011bn\u00edm konkr\u00e9tn\u00edch okam\u017eik\u016f nebo p\u0159id\u00e1n\u00edm humoru prost\u0159ednictv\u00edm smy\u010dkov\u00fdch animac\u00ed.<\/li>\n<\/ul>\n\n\n\n<h3 class=\"wp-block-heading\">Vhodn\u00ed u\u017eivatel\u00e9 nebo odv\u011btv\u00ed<\/h3>\n\n\n\n<p class=\"\">P\u0159evod videa do form\u00e1tu GIF je p\u0159\u00ednosn\u00fd pro r\u016fzn\u00e9 u\u017eivatele a odv\u011btv\u00ed, v\u010detn\u011b:<\/p>\n\n\n\n<ul class=\"wp-block-list\">\n<li class=\"\"><strong>Vlivn\u00e9 osoby na soci\u00e1ln\u00edch s\u00edt\u00edch<\/strong>: Vytv\u00e1\u0159et poutav\u00fd obsah, kter\u00fd vynikne.<\/li>\n\n\n\n<li class=\"\"><strong>Market\u00e9\u0159i<\/strong>: Vylep\u0161en\u00ed reklamn\u00edch a propaga\u010dn\u00edch materi\u00e1l\u016f.<\/li>\n\n\n\n<li class=\"\"><strong>Pedagogov\u00e9<\/strong>: Vytv\u00e1\u0159en\u00ed jednoduch\u00fdch v\u00fdukov\u00fdch animac\u00ed ve smy\u010dce.<\/li>\n\n\n\n<li class=\"\"><strong>Tv\u016frci obsahu<\/strong>: Sd\u00edlen\u00ed nejzaj\u00edmav\u011bj\u0161\u00edch moment\u016f nebo vtipn\u00fdch moment\u016f z del\u0161\u00edch vide\u00ed.<\/li>\n\n\n\n<li class=\"\"><strong>Podniky<\/strong>: Vytv\u00e1\u0159en\u00ed poutav\u00fdch vizu\u00e1l\u016f pro webov\u00e9 str\u00e1nky a prezentace.<\/li>\n<\/ul>\n\n\n\n<h3 class=\"wp-block-heading\">10 nejlep\u0161\u00edch n\u00e1stroj\u016f a informac\u00ed<\/h3>\n\n\n\n<p class=\"\">N\u00ed\u017ee je uvedena tabulka shrnuj\u00edc\u00ed 10 nejlep\u0161\u00edch n\u00e1stroj\u016f pro p\u0159evod videa na GIF, v\u010detn\u011b jejich adres URL, v\u00fdhod, nev\u00fdhod, probl\u00e9m\u016f a doporu\u010den\u00ed.<\/p>\n\n\n\n<figure class=\"wp-block-table\"><table class=\"has-fixed-layout\"><thead><tr><th>N\u00e1zev n\u00e1stroje<\/th><th>ADRESA URL<\/th><th>Klady<\/th><th>Nev\u00fdhody<\/th><th>V\u00fdhody<\/th><th>V\u00fdzvy<\/th><th>Doporu\u010den\u00ed<\/th><\/tr><\/thead><tbody><tr><td><strong>Video na GIF zdarma<\/strong><\/td><td><a href=\"https:\/\/aiartfree.online\/cs\/video-na-gif\/\" data-type=\"link\" data-id=\"https:\/\/aiartfree.online\/video-to-gif\/\">aiartfree.online<\/a><\/td><td>Snadn\u00e9 pou\u017eit\u00ed, vysoce kvalitn\u00ed v\u00fdstup<\/td><td>Omezen\u00e9 pokro\u010dil\u00e9 funkce<\/td><td>Nejlep\u0161\u00ed pro rychl\u00e9 konverze<\/td><td>Nemus\u00ed vyhovovat profesion\u00e1ln\u00edm redaktor\u016fm<\/td><td>Nejlep\u0161\u00ed n\u00e1stroj pro b\u011b\u017en\u00e9 u\u017eivatele<\/td><\/tr><tr><td><strong>Giphy<\/strong><\/td><td><a href=\"https:\/\/giphy.com\" rel=\"nofollow noopener\" target=\"_blank\">giphy.com<\/a><\/td><td>Rozs\u00e1hl\u00e1 knihovna, snadn\u00e9 sd\u00edlen\u00ed<\/td><td>Vodoznak na bezplatn\u00e9 verzi<\/td><td>Skv\u011bl\u00e9 pro soci\u00e1ln\u00ed m\u00e9dia<\/td><td>Vy\u017eaduje registraci<\/td><td>Ide\u00e1ln\u00ed pro pou\u017eit\u00ed na soci\u00e1ln\u00edch s\u00edt\u00edch<\/td><\/tr><tr><td><strong>Imgur<\/strong><\/td><td><a href=\"https:\/\/imgur.com\" rel=\"nofollow noopener\" target=\"_blank\">imgur.com<\/a><\/td><td>Bezplatn\u00e9, jednoduch\u00e9 rozhran\u00ed<\/td><td>Omezen\u00e9 mo\u017enosti \u00faprav<\/td><td>Dobr\u00e9 pro rychl\u00e9 \u00fapravy<\/td><td>\u017d\u00e1dn\u00e9 pokro\u010dil\u00e9 funkce<\/td><td>Dobr\u00e9 pro p\u0159\u00edle\u017eitostn\u00e9 u\u017eivatele<\/td><\/tr><tr><td><strong>EZGIF<\/strong><\/td><td><a href=\"https:\/\/ezgif.com\" rel=\"nofollow noopener\" target=\"_blank\">ezgif.com<\/a><\/td><td>Komplexn\u00ed funkce, zdarma<\/td><td>Rozhran\u00ed m\u016f\u017ee b\u00fdt ohromuj\u00edc\u00ed<\/td><td>Vhodn\u00e9 pro detailn\u00ed \u00fapravy<\/td><td>Pro za\u010d\u00e1te\u010dn\u00edky m\u016f\u017ee b\u00fdt slo\u017eit\u00e9<\/td><td>Doporu\u010deno pro detailn\u00ed \u00fapravy<\/td><\/tr><tr><td><strong>Convertio<\/strong><\/td><td><a href=\"https:\/\/convertio.co\" rel=\"nofollow noopener\" target=\"_blank\">convertio.c<\/a><a href=\"https:\/\/convertio.co\" target=\"_blank\" rel=\"noopener\">o<\/a><\/td><td>Podporuje v\u00edce form\u00e1t\u016f<\/td><td>Bezplatn\u00e1 verze m\u00e1 omezen\u00ed<\/td><td>V\u0161estrann\u00fd a flexibiln\u00ed<\/td><td>Omezen\u00ed velikosti bezplatn\u00e9 verze<\/td><td>Vhodn\u00e9 pro r\u016fzn\u00e9 typy soubor\u016f<\/td><\/tr><tr><td><strong>Online-konverze<\/strong><\/td><td><a href=\"https:\/\/online-convert.com\" rel=\"nofollow noopener\" target=\"_blank\">online-convert.com<\/a><\/td><td>\u017d\u00e1dn\u00e1 instalace softwaru<\/td><td>Reklamy ve verzi zdarma<\/td><td>Pohodln\u00e9 a rychl\u00e9<\/td><td>Vy\u017eaduje se p\u0159ipojen\u00ed k internetu<\/td><td>Nejlep\u0161\u00ed pro rychlou online konverzi<\/td><\/tr><tr><td><strong>MakeAGIF<\/strong><\/td><td><a href=\"https:\/\/makeagif.com\" rel=\"nofollow noopener\" target=\"_blank\">makeagif.com<\/a><\/td><td>Snadn\u00e9 pou\u017eit\u00ed, integrace do soci\u00e1ln\u00edch s\u00edt\u00ed<\/td><td>Vodoznak na bezplatn\u00e9 verzi<\/td><td>U\u017eivatelsky p\u0159\u00edv\u011btiv\u00e9 rozhran\u00ed<\/td><td>Omezen\u00e9 mo\u017enosti \u00faprav<\/td><td>Skv\u011bl\u00e9 pro rychl\u00e9 p\u0159\u00edsp\u011bvky na soci\u00e1ln\u00edch s\u00edt\u00edch<\/td><\/tr><tr><td><strong>GIFMaker<\/strong><\/td><td><a href=\"https:\/\/gifmaker.me\" rel=\"nofollow noopener\" target=\"_blank\">gifmaker.me<\/a><\/td><td>Nen\u00ed nutn\u00e1 registrace, zdarma<\/td><td>Omezen\u00e9 funkce<\/td><td>Rychle a snadno<\/td><td>Nevhodn\u00e9 pro slo\u017eit\u00e9 \u00fapravy<\/td><td>Ide\u00e1ln\u00ed pro b\u011b\u017en\u00e9 pou\u017eit\u00ed<\/td><\/tr><tr><td><strong>CloudConvert<\/strong><\/td><td><a href=\"https:\/\/cloudconvert.com\" rel=\"nofollow noopener\" target=\"_blank\">cloudconvert.com<\/a><\/td><td>Vysoce kvalitn\u00ed konverze<\/td><td>Omezen\u00ed bezplatn\u00e9 verze<\/td><td>Vysok\u00e1 m\u00edra p\u0159izp\u016fsoben\u00ed<\/td><td>Pro z\u00edsk\u00e1n\u00ed v\u0161ech funkc\u00ed je nutn\u00e1 registrace<\/td><td>Nejlep\u0161\u00ed pro vysoce kvalitn\u00ed v\u00fdstupy<\/td><\/tr><tr><td><strong>Kapwing<\/strong><\/td><td><a href=\"https:\/\/kapwing.com\" rel=\"nofollow noopener\" target=\"_blank\">kapwing.com<\/a><\/td><td>Modern\u00ed rozhran\u00ed, spolupr\u00e1ce<\/td><td>Vy\u017eaduje \u00fa\u010det<\/td><td>Dobr\u00e9 pro t\u00fdmovou pr\u00e1ci<\/td><td>N\u011bkter\u00e9 funkce za paywallem<\/td><td>Vynikaj\u00edc\u00ed pro t\u00fdmov\u00e9 projekty<\/td><\/tr><\/tbody><\/table><\/figure>\n\n\n\n<h3 class=\"wp-block-heading\">\u010casto kladen\u00e9 ot\u00e1zky<\/h3>\n\n\n\n<ol class=\"wp-block-list\">\n<li class=\"\"><strong>Jak\u00fd je nejlep\u0161\u00ed n\u00e1stroj pro p\u0159evod videa do form\u00e1tu GIF?<\/strong>\n<ul class=\"wp-block-list\">\n<li class=\"\">Nejlep\u0161\u00edm n\u00e1strojem je bezplatn\u00fd online automatick\u00fd n\u00e1vrh. Je u\u017eivatelsky p\u0159\u00edv\u011btiv\u00fd a vytv\u00e1\u0159\u00ed vysoce kvalitn\u00ed GIFy.<\/li>\n<\/ul>\n<\/li>\n\n\n\n<li class=\"\"><strong>Jak mohu p\u0159ev\u00e9st MP4 do GIF?<\/strong>\n<ul class=\"wp-block-list\">\n<li class=\"\">M\u016f\u017eete pou\u017e\u00edt online konvertory, jako je EZGIF nebo Giphy. Sta\u010d\u00ed nahr\u00e1t soubor MP4 a podle pokyn\u016f jej p\u0159ev\u00e9st na GIF.<\/li>\n<\/ul>\n<\/li>\n\n\n\n<li class=\"\"><strong>Mohu z vide\u00ed vytv\u00e1\u0159et vysoce kvalitn\u00ed GIFy?<\/strong>\n<ul class=\"wp-block-list\">\n<li class=\"\">Ano, n\u00e1stroje jako Free Online Auto Draft a CloudConvert nab\u00edzej\u00ed vysoce kvalitn\u00ed konverze.<\/li>\n<\/ul>\n<\/li>\n\n\n\n<li class=\"\"><strong>Co jsou animovan\u00e9 GIFy?<\/strong>\n<ul class=\"wp-block-list\">\n<li class=\"\">Jedn\u00e1 se o n\u00e1stroje, kter\u00e9 umo\u017e\u0148uj\u00ed vytv\u00e1\u0159et GIFy z vide\u00ed nebo s\u00e9ri\u00ed obr\u00e1zk\u016f, \u010dasto s dal\u0161\u00edmi funkcemi \u00faprav.<\/li>\n<\/ul>\n<\/li>\n\n\n\n<li class=\"\"><strong>Existuje bezplatn\u00fd program pro tvorbu vysoce kvalitn\u00edch GIF\u016f?<\/strong>\n<ul class=\"wp-block-list\">\n<li class=\"\">Ano, n\u00e1stroje jako Giphy a EZGIF nab\u00edzej\u00ed bezplatn\u00e9 verze, kter\u00e9 dok\u00e1\u017e\u00ed vytv\u00e1\u0159et vysoce kvalitn\u00ed GIFy.<\/li>\n<\/ul>\n<\/li>\n\n\n\n<li class=\"\"><strong>Jak mohu vytvo\u0159it GIF z videoklipu?<\/strong>\n<ul class=\"wp-block-list\">\n<li class=\"\">Pou\u017eijte n\u00e1stroj, jako je Free Online Auto Draft, nahrajte videoklip, vyberte po\u017eadovan\u00fd \u00fasek a p\u0159eve\u010fte jej do form\u00e1tu GIF.<\/li>\n<\/ul>\n<\/li>\n\n\n\n<li class=\"\"><strong>Jak\u00e9 form\u00e1ty videosoubor\u016f lze p\u0159ev\u00e9st do form\u00e1tu GIF?<\/strong>\n<ul class=\"wp-block-list\">\n<li class=\"\">V\u011bt\u0161ina n\u00e1stroj\u016f podporuje form\u00e1ty MP4, AVI a MOV pro p\u0159evod do form\u00e1tu GIF.<\/li>\n<\/ul>\n<\/li>\n\n\n\n<li class=\"\"><strong>Mohu GIF po konverzi upravit?<\/strong>\n<ul class=\"wp-block-list\">\n<li class=\"\">Ano, mnoho n\u00e1stroj\u016f, jako je EZGIF, nab\u00edz\u00ed funkce pro \u00fapravu GIFu po konverzi.<\/li>\n<\/ul>\n<\/li>\n\n\n\n<li class=\"\"><strong>Jak\u00e1 je maxim\u00e1ln\u00ed d\u00e9lka videa, kter\u00e9 mohu p\u0159ev\u00e9st do form\u00e1tu GIF?<\/strong>\n<ul class=\"wp-block-list\">\n<li class=\"\">To z\u00e1vis\u00ed na n\u00e1stroji. Bezplatn\u00fd online automatick\u00fd n\u00e1vrh podporuje standardn\u00ed d\u00e9lky videa vhodn\u00e9 pro v\u011bt\u0161inu pou\u017eit\u00ed.<\/li>\n<\/ul>\n<\/li>\n\n\n\n<li class=\"\"><strong>Pot\u0159ebuji k p\u0159evodu videa na GIF \u00fa\u010det?<\/strong>\n<ul class=\"wp-block-list\">\n<li class=\"\">N\u011bkter\u00e9 n\u00e1stroje vy\u017eaduj\u00ed \u00fa\u010det, abyste mohli vyu\u017e\u00edvat v\u0161echny funkce, ale mnoh\u00e9 z nich, nap\u0159\u00edklad Free Online Auto Draft a GIFMaker, nevy\u017eaduj\u00ed \u00fa\u010det pro z\u00e1kladn\u00ed pou\u017eit\u00ed.<\/li>\n<\/ul>\n<\/li>\n<\/ol>\n\n\n\n<p class=\"\">Vyu\u017eit\u00edm poskytnut\u00fdch informac\u00ed m\u016f\u017eete efektivn\u011b p\u0159ev\u00e1d\u011bt videa na GIFy, \u010d\u00edm\u017e zv\u00fd\u0161\u00edte sv\u016fj obsah a zapojen\u00ed na r\u016fzn\u00fdch platform\u00e1ch.<\/p>\n\n\n\n<p class=\"\"><\/p>","protected":false},"excerpt":{"rendered":"<p>How to use Video to GIF *&nbsp;Depending on your internet speed, loading the model may take a few seconds.* There will be caching during continuous generation, and the new image will appear after about 3 seconds. Introduction of Video to GIF In the age of digital content creation, transforming videos into GIFs has become a &#8230; <a title=\"Video na GIF zdarma\" class=\"read-more\" href=\"https:\/\/aiartfree.online\/cs\/video-na-gif\/\" aria-label=\"Read more about Free Video to GIF\">\u010c\u00edst d\u00e1l<\/a><\/p>","protected":false},"author":1,"featured_media":0,"parent":0,"menu_order":0,"comment_status":"open","ping_status":"closed","template":"","meta":{"nf_dc_page":"","footnotes":""},"class_list":["post-2986","page","type-page","status-publish"],"jetpack_sharing_enabled":true,"_links":{"self":[{"href":"https:\/\/aiartfree.online\/cs\/wp-json\/wp\/v2\/pages\/2986","targetHints":{"allow":["GET"]}}],"collection":[{"href":"https:\/\/aiartfree.online\/cs\/wp-json\/wp\/v2\/pages"}],"about":[{"href":"https:\/\/aiartfree.online\/cs\/wp-json\/wp\/v2\/types\/page"}],"author":[{"embeddable":true,"href":"https:\/\/aiartfree.online\/cs\/wp-json\/wp\/v2\/users\/1"}],"replies":[{"embeddable":true,"href":"https:\/\/aiartfree.online\/cs\/wp-json\/wp\/v2\/comments?post=2986"}],"version-history":[{"count":1,"href":"https:\/\/aiartfree.online\/cs\/wp-json\/wp\/v2\/pages\/2986\/revisions"}],"predecessor-version":[{"id":3600,"href":"https:\/\/aiartfree.online\/cs\/wp-json\/wp\/v2\/pages\/2986\/revisions\/3600"}],"wp:attachment":[{"href":"https:\/\/aiartfree.online\/cs\/wp-json\/wp\/v2\/media?parent=2986"}],"curies":[{"name":"wp","href":"https:\/\/api.w.org\/{rel}","templated":true}]}}