{"id":2983,"date":"2024-07-19T13:17:41","date_gmt":"2024-07-19T13:17:41","guid":{"rendered":"https:\/\/aiartfree.online\/?page_id=2983"},"modified":"2025-03-07T08:28:23","modified_gmt":"2025-03-07T08:28:23","slug":"free-ai-logo-generator","status":"publish","type":"page","link":"https:\/\/aiartfree.online\/cs\/generator-loga-ai-zdarma\/","title":{"rendered":"Gener\u00e1tor loga AI zdarma"},"content":{"rendered":"<h2 class=\"wp-block-heading\">Jak pou\u017e\u00edvat bezplatn\u00fd gener\u00e1tor loga AI<\/h2>\n\n\n\n<ol class=\"wp-block-list\">\n<li class=\"\">Upus\u0165te nebo nahrajte sv\u016fj obr\u00e1zek<\/li>\n\n\n\n<li class=\"\">Klikn\u011bte na tla\u010d\u00edtko \"Odeslat\".<\/li>\n\n\n\n<li class=\"\">Po\u010dkat, to je ono! <\/li>\n<\/ol>\n\n\n\n<figure class=\"gb-block-image gb-block-image-032aac41\"><a href=\"https:\/\/fas.st\/t\/9U4PYbm7\" target=\"_blank\" rel=\"noopener noreferrer\"><img data-recalc-dims=\"1\" decoding=\"async\" loading=\"lazy\" width=\"1200\" height=\"365\" class=\"gb-image gb-image-032aac41\" src=\"https:\/\/i0.wp.com\/aiartfree.online\/wp-content\/uploads\/2025\/03\/WX20250307-115412%402x.webp?resize=1200%2C365&#038;ssl=1\" alt=\"\" title=\"WX20250307-115412@2x\" srcset=\"https:\/\/i0.wp.com\/aiartfree.online\/wp-content\/uploads\/2025\/03\/WX20250307-115412%402x.webp?w=1942&amp;ssl=1 1942w, https:\/\/i0.wp.com\/aiartfree.online\/wp-content\/uploads\/2025\/03\/WX20250307-115412%402x.webp?resize=300%2C91&amp;ssl=1 300w, https:\/\/i0.wp.com\/aiartfree.online\/wp-content\/uploads\/2025\/03\/WX20250307-115412%402x.webp?resize=1024%2C312&amp;ssl=1 1024w, https:\/\/i0.wp.com\/aiartfree.online\/wp-content\/uploads\/2025\/03\/WX20250307-115412%402x.webp?resize=768%2C234&amp;ssl=1 768w, https:\/\/i0.wp.com\/aiartfree.online\/wp-content\/uploads\/2025\/03\/WX20250307-115412%402x.webp?resize=1536%2C467&amp;ssl=1 1536w, https:\/\/i0.wp.com\/aiartfree.online\/wp-content\/uploads\/2025\/03\/WX20250307-115412%402x.webp?resize=18%2C5&amp;ssl=1 18w, https:\/\/i0.wp.com\/aiartfree.online\/wp-content\/uploads\/2025\/03\/WX20250307-115412%402x.webp?resize=600%2C183&amp;ssl=1 600w\" sizes=\"auto, (max-width: 1200px) 100vw, 1200px\" \/><\/a><\/figure>\n\n\n\n<p class=\"\"><em>* V z\u00e1vislosti na rychlosti va\u0161eho internetu m\u016f\u017ee na\u010d\u00edt\u00e1n\u00ed modelu trvat n\u011bkolik sekund.<br>* B\u011bhem nep\u0159etr\u017eit\u00e9ho generov\u00e1n\u00ed bude prob\u00edhat ukl\u00e1d\u00e1n\u00ed do mezipam\u011bti a nov\u00fd obr\u00e1zek se zobraz\u00ed p\u0159ibli\u017en\u011b po 3 sekund\u00e1ch.<\/em><\/p>\n\n\n\n<div style=\"text-align: center; border: 2px solid; border-image-source: linear-gradient(to right, #16b86c, #912899); border-image-slice: 1; box-shadow: 0 0 10px rgba(0, 0, 0, 0.1); border-radius: 15px;\">\n  <iframe loading=\"lazy\"\n    src=\"https:\/\/artificialguybr-logo-sdxl-lora-free-demo.hf.space\"\n    frameborder=\"0\"\n    width=\"1100\"\n    height=\"800\"\n    style=\"display: inline-block; margin: 0 auto;\"\n  ><\/iframe>\n<\/div>\n\n\n\n<div style=\"height:49px\" aria-hidden=\"true\" class=\"wp-block-spacer\"><\/div>\n\n\n\n<h2 class=\"wp-block-heading\" id=\"introduction-of-free-ai-logo-generator\">Zaveden\u00ed bezplatn\u00e9ho gener\u00e1toru loga AI<\/h2>\n\n\n\n<p class=\"\">Pro majitele firmy je vytvo\u0159en\u00ed profesion\u00e1ln\u00edho loga z\u00e1sadn\u00ed pro vytvo\u0159en\u00ed identity zna\u010dky. S rozvojem um\u011bl\u00e9 inteligence se tvorba loga stala dostupn\u011bj\u0161\u00ed a efektivn\u011bj\u0161\u00ed. V tomto \u010dl\u00e1nku prozkoum\u00e1me z\u00e1zraky bezplatn\u00e9ho gener\u00e1toru loga s um\u011blou inteligenc\u00ed a zjist\u00edme, jak\u00fd p\u0159\u00ednos m\u016f\u017ee m\u00edt pro va\u0161e podnik\u00e1n\u00ed.<\/p>\n\n\n\n<figure class=\"wp-block-image size-large is-resized\"><img data-recalc-dims=\"1\" decoding=\"async\" width=\"1024\" height=\"562\"   loading=\"lazy\" src=\"https:\/\/i0.wp.com\/aiartfree.online\/wp-content\/uploads\/2024\/07\/1_mL5ZQFtjfXkQdHh6qz_13w.jpg?resize=1024%2C562&#038;ssl=1\" alt=\"Gener\u00e1tor loga AI zdarma\" class=\"wp-image-2987\" style=\"width:585px;height:auto\" srcset=\"https:\/\/i0.wp.com\/aiartfree.online\/wp-content\/uploads\/2024\/07\/1_mL5ZQFtjfXkQdHh6qz_13w.jpg?resize=1024%2C562&amp;ssl=1 1024w, https:\/\/i0.wp.com\/aiartfree.online\/wp-content\/uploads\/2024\/07\/1_mL5ZQFtjfXkQdHh6qz_13w.jpg?resize=300%2C165&amp;ssl=1 300w, https:\/\/i0.wp.com\/aiartfree.online\/wp-content\/uploads\/2024\/07\/1_mL5ZQFtjfXkQdHh6qz_13w.jpg?resize=768%2C421&amp;ssl=1 768w, https:\/\/i0.wp.com\/aiartfree.online\/wp-content\/uploads\/2024\/07\/1_mL5ZQFtjfXkQdHh6qz_13w.jpg?resize=18%2C10&amp;ssl=1 18w, https:\/\/i0.wp.com\/aiartfree.online\/wp-content\/uploads\/2024\/07\/1_mL5ZQFtjfXkQdHh6qz_13w.jpg?resize=600%2C329&amp;ssl=1 600w, https:\/\/i0.wp.com\/aiartfree.online\/wp-content\/uploads\/2024\/07\/1_mL5ZQFtjfXkQdHh6qz_13w.jpg?w=1400&amp;ssl=1 1400w\" sizes=\"auto, (max-width: 1024px) 100vw, 1024px\" \/><\/figure>\n\n\n\n<p class=\"\"><strong>Obsah<\/strong><\/p>\n\n\n\n<ul class=\"wp-block-list\">\n<li class=\"\">Zaveden\u00ed bezplatn\u00e9ho gener\u00e1toru loga AI<\/li>\n\n\n\n<li class=\"\">Pro\u010d pou\u017e\u00edvat bezplatn\u00fd gener\u00e1tor loga AI?<\/li>\n\n\n\n<li class=\"\">V\u00fdhody pou\u017eit\u00ed bezplatn\u00e9ho gener\u00e1toru loga AI<\/li>\n\n\n\n<li class=\"\">Kdy pou\u017e\u00edt bezplatn\u00fd gener\u00e1tor loga AI<\/li>\n\n\n\n<li class=\"\">Kdo m\u016f\u017ee pou\u017e\u00edt bezplatn\u00fd gener\u00e1tor loga AI?<\/li>\n\n\n\n<li class=\"\">Porovn\u00e1n\u00ed bezplatn\u00fdch gener\u00e1tor\u016f loga AI<\/li>\n\n\n\n<li class=\"\">\u010cASTO KLADEN\u00c9 DOTAZY<\/li>\n<\/ul>\n\n\n\n<h3 class=\"wp-block-heading\" id=\"what-is-a-free-ai-logo-generator\"><a href=\"https:\/\/dromerosm-groq-llama3.hf.space\/#what-is-a-free-ai-logo-generator\" target=\"_blank\" rel=\"noopener\"><\/a>Co je bezplatn\u00fd gener\u00e1tor loga AI?<\/h3>\n\n\n\n<p class=\"\">Bezplatn\u00fd gener\u00e1tor loga s um\u011blou inteligenc\u00ed je online n\u00e1stroj, kter\u00fd vyu\u017e\u00edv\u00e1 um\u011blou inteligenci k vytvo\u0159en\u00ed vlastn\u00edho loga pro va\u0161i firmu. Tyto n\u00e1stroje vyu\u017e\u00edvaj\u00ed algoritmy strojov\u00e9ho u\u010den\u00ed ke generov\u00e1n\u00ed jedine\u010dn\u00fdch log na z\u00e1klad\u011b va\u0161ich vstupn\u00edch \u00fadaj\u016f, jako je n\u00e1zev firmy, slogan a preferovan\u00e9 barvy a p\u00edsma. Sta\u010d\u00ed n\u011bkolik kliknut\u00ed a b\u011bhem n\u011bkolika minut m\u016f\u017eete vytvo\u0159it profesion\u00e1ln\u011b vypadaj\u00edc\u00ed logo.<\/p>\n\n\n\n<h3 class=\"wp-block-heading\" id=\"why-use-a-free-ai-logo-generator\"><a href=\"https:\/\/dromerosm-groq-llama3.hf.space\/#why-use-a-free-ai-logo-generator\" target=\"_blank\" rel=\"noopener\"><\/a>Pro\u010d pou\u017e\u00edvat bezplatn\u00fd gener\u00e1tor loga AI?<\/h3>\n\n\n\n<p class=\"\">Pou\u017eit\u00ed bezplatn\u00e9ho gener\u00e1toru loga s um\u011blou inteligenc\u00ed v\u00e1m m\u016f\u017ee u\u0161et\u0159it \u010das i pen\u00edze ve srovn\u00e1n\u00ed s naj\u00edm\u00e1n\u00edm profesion\u00e1ln\u00edho n\u00e1vrh\u00e1\u0159e loga. P\u0159i n\u00e1vrhu loga s um\u011blou inteligenc\u00ed sta\u010d\u00ed zadat informace o va\u0161\u00ed firm\u011b a jej\u00ed preference a n\u00e1stroj vygeneruje logo, kter\u00e9 spl\u0148uje va\u0161e pot\u0159eby.<\/p>\n\n\n\n<h3 class=\"wp-block-heading\" id=\"benefits-of-using-a-free-ai-logo-generator\"><a href=\"https:\/\/dromerosm-groq-llama3.hf.space\/#benefits-of-using-a-free-ai-logo-generator\" target=\"_blank\" rel=\"noopener\"><\/a>V\u00fdhody pou\u017eit\u00ed bezplatn\u00e9ho gener\u00e1toru loga AI<\/h3>\n\n\n\n<p class=\"\">Zde jsou n\u011bkter\u00e9 v\u00fdhody pou\u017eit\u00ed bezplatn\u00e9ho gener\u00e1toru loga AI:<\/p>\n\n\n\n<p class=\"\">Rychle a efektivn\u011b Vytvo\u0159te logo b\u011bhem n\u011bkolika minut pomoc\u00ed na\u0161eho gener\u00e1toru loga s um\u011blou inteligenc\u00ed.<\/p>\n\n\n\n<p class=\"\">N\u00e1kladov\u011b efektivn\u00ed U\u0161et\u0159ete pen\u00edze t\u00edm, \u017ee si nebudete muset naj\u00edmat profesion\u00e1ln\u00edho n\u00e1vrh\u00e1\u0159e loga.<\/p>\n\n\n\n<p class=\"\">Jedine\u010dn\u00e9 n\u00e1vrhy Z\u00edskejte jedine\u010dn\u00e1 loga generovan\u00e1 um\u011blou inteligenc\u00ed.<\/p>\n\n\n\n<p class=\"\">Vysok\u00e9 rozli\u0161en\u00ed St\u00e1hn\u011bte si soubory s logem ve vysok\u00e9m rozli\u0161en\u00ed pro r\u016fzn\u00e1 pou\u017eit\u00ed.<\/p>\n\n\n\n<p class=\"\">Snadn\u00e9 pou\u017eit\u00ed Sta\u010d\u00ed zadat informace o firm\u011b a jej\u00ed preference a n\u00e1stroj se postar\u00e1 o zbytek.<\/p>\n\n\n\n<h3 class=\"wp-block-heading\" id=\"when-to-use-a-free-ai-logo-generator\"><a href=\"https:\/\/dromerosm-groq-llama3.hf.space\/#when-to-use-a-free-ai-logo-generator\" target=\"_blank\" rel=\"noopener\"><\/a>Kdy pou\u017e\u00edt bezplatn\u00fd gener\u00e1tor loga AI<\/h3>\n\n\n\n<p class=\"\">Bezplatn\u00fd gener\u00e1tor loga AI je ide\u00e1ln\u00ed pro:<\/p>\n\n\n\n<p class=\"\">Startupy nebo mal\u00e9 podniky s omezen\u00fdm rozpo\u010dtem Podnikatel\u00e9, kte\u0159\u00ed cht\u011bj\u00ed rychle vytvo\u0159it profesion\u00e1ln\u00ed logo Podniky, kter\u00e9 cht\u011bj\u00ed zm\u011bnit zna\u010dku nebo aktualizovat sv\u00e9 logo.<\/p>\n\n\n\n<h3 class=\"wp-block-heading\" id=\"who-can-use-a-free-ai-logo-generator\"><a href=\"https:\/\/dromerosm-groq-llama3.hf.space\/#who-can-use-a-free-ai-logo-generator\" target=\"_blank\" rel=\"noopener\"><\/a>Kdo m\u016f\u017ee pou\u017e\u00edt bezplatn\u00fd gener\u00e1tor loga AI?<\/h3>\n\n\n\n<p class=\"\">Bezplatn\u00fd gener\u00e1tor loga AI m\u016f\u017ee pou\u017e\u00edt kdokoli, v\u010detn\u011b:<\/p>\n\n\n\n<p class=\"\">Podnikatel\u00e9 Majitel\u00e9 mal\u00fdch podnik\u016f Marketingov\u00ed profesion\u00e1lov\u00e9 Grafi\u010dt\u00ed design\u00e9\u0159i<\/p>\n\n\n\n<h3 class=\"wp-block-heading\" id=\"comparison-of-free-ai-logo-generators\"><a href=\"https:\/\/dromerosm-groq-llama3.hf.space\/#comparison-of-free-ai-logo-generators\" target=\"_blank\" rel=\"noopener\"><\/a>Porovn\u00e1n\u00ed bezplatn\u00fdch gener\u00e1tor\u016f loga AI<\/h3>\n\n\n\n<p class=\"\">Zde je n\u011bkolik popul\u00e1rn\u00edch bezplatn\u00fdch gener\u00e1tor\u016f loga AI spolu s jejich funkcemi a v\u00fdhodami:<\/p>\n\n\n\n<figure class=\"wp-block-table\"><table class=\"has-fixed-layout\"><thead><tr><th>N\u00e1stroj<\/th><th>Funkce<\/th><th>V\u00fdhody<\/th><th>Webov\u00e9 str\u00e1nky<\/th><\/tr><\/thead><tbody><tr><td>AI Art zdarma online<\/td><td>N\u00e1vrh loga poh\u00e1n\u011bn\u00fd um\u011blou inteligenc\u00ed, v\u00edce ne\u017e 100 \u0161ablon, \u017eiv\u00e9 barvy<\/td><td>Rychl\u00e9 a efektivn\u00ed, n\u00e1kladov\u011b efektivn\u00ed<\/td><td><a href=\"https:\/\/aiartfree.online\/cs\/generator-loga-ai-zdarma\/\" target=\"_blank\" rel=\"noreferrer noopener\">https:\/\/aiartfree.online\/free-ai-logo-generator<\/a><\/td><\/tr><tr><td>Logojoy<\/td><td>N\u00e1vrh loga s podporou AI, v\u00edce ne\u017e 10 000 \u0161ablon, gener\u00e1tor barevn\u00fdch palet<\/td><td>Jedine\u010dn\u00e9 n\u00e1vrhy, soubory s vysok\u00fdm rozli\u0161en\u00edm<\/td><td><a href=\"https:\/\/logojoy.com\/\" target=\"_blank\" rel=\"noreferrer noopener\">https:\/\/logojoy.com<\/a><\/td><\/tr><tr><td>Zna\u010dky Tailor<\/td><td>N\u00e1vrh loga s um\u011blou inteligenc\u00ed, v\u00edce ne\u017e 10 000 \u0161ablon, sada pro soci\u00e1ln\u00ed m\u00e9dia<\/td><td>Profesion\u00e1ln\u00ed design, snadn\u00e9 pou\u017eit\u00ed<\/td><td><a href=\"https:\/\/tailorbrands.com\/\" target=\"_blank\" rel=\"noreferrer noopener\">https:\/\/tailorbrands.com<\/a><\/td><\/tr><\/tbody><\/table><\/figure>\n\n\n\n<h3 class=\"wp-block-heading\" id=\"advantages-and-disadvantages-of-free-ai-logo-generators\"><a href=\"https:\/\/dromerosm-groq-llama3.hf.space\/#advantages-and-disadvantages-of-free-ai-logo-generators\" target=\"_blank\" rel=\"noopener\"><\/a>V\u00fdhody a nev\u00fdhody bezplatn\u00fdch gener\u00e1tor\u016f loga AI<\/h3>\n\n\n\n<p class=\"\">Zde jsou uvedeny n\u011bkter\u00e9 v\u00fdhody a nev\u00fdhody pou\u017eit\u00ed bezplatn\u00fdch gener\u00e1tor\u016f loga AI:<\/p>\n\n\n\n<p class=\"\"><strong>V\u00fdhody<\/strong>:<\/p>\n\n\n\n<p class=\"\">Rychle a efektivn\u011b N\u00e1kladov\u011b efektivn\u00ed Jedine\u010dn\u00e9 n\u00e1vrhy Soubory s vysok\u00fdm rozli\u0161en\u00edm<\/p>\n\n\n\n<p class=\"\"><strong>Nev\u00fdhody<\/strong>:<\/p>\n\n\n\n<p class=\"\">Omezen\u00e9 mo\u017enosti p\u0159izp\u016fsoben\u00ed Omezen\u00e9 \u0161ablony n\u00e1vrhu Nemus\u00ed spl\u0148ovat komplexn\u00ed po\u017eadavky na n\u00e1vrh<\/p>\n\n\n\n<h3 class=\"wp-block-heading\" id=\"best-free-ai-logo-generator\"><a href=\"https:\/\/dromerosm-groq-llama3.hf.space\/#best-free-ai-logo-generator\" target=\"_blank\" rel=\"noopener\"><\/a>Nejlep\u0161\u00ed bezplatn\u00fd gener\u00e1tor loga AI<\/h3>\n\n\n\n<p class=\"\">Po prozkoum\u00e1n\u00ed a porovn\u00e1n\u00ed r\u016fzn\u00fdch bezplatn\u00fdch gener\u00e1tor\u016f loga AI v\u0159ele doporu\u010dujeme AI Art Free Online. D\u00edky sv\u00e9mu n\u00e1vrhu loga s podporou AI, v\u00edce ne\u017e 100 \u0161ablon\u00e1m a \u017eiv\u00fdm barv\u00e1m je to dokonal\u00fd n\u00e1stroj pro rychl\u00e9 a efektivn\u00ed vytvo\u0159en\u00ed profesion\u00e1ln\u00edho loga.<\/p>\n\n\n\n<h3 class=\"wp-block-heading\" id=\"faq\"><a href=\"https:\/\/dromerosm-groq-llama3.hf.space\/#faq\" target=\"_blank\" rel=\"noopener\"><\/a>\u010cASTO KLADEN\u00c9 DOTAZY<\/h3>\n\n\n<div id=\"rank-math-faq\" class=\"rank-math-block\">\n<div class=\"rank-math-list\">\n<div id=\"faq-question-1721394932020\" class=\"rank-math-list-item\">\n<h3 class=\"rank-math-question\">Mohu pou\u017e\u00edt bezplatn\u00fd gener\u00e1tor loga AI pro komer\u010dn\u00ed pou\u017eit\u00ed?<\/h3>\n<div class=\"rank-math-answer\">\n\n<p>Ano, v\u011bt\u0161ina bezplatn\u00fdch gener\u00e1tor\u016f loga AI umo\u017e\u0148uje komer\u010dn\u00ed vyu\u017eit\u00ed vygenerovan\u00fdch log.<\/p>\n\n<\/div>\n<\/div>\n<div id=\"faq-question-1721394940919\" class=\"rank-math-list-item\">\n<h3 class=\"rank-math-question\">Jsou loga generovan\u00e1 um\u011blou inteligenc\u00ed jedine\u010dn\u00e1?<\/h3>\n<div class=\"rank-math-answer\">\n\n<p>Ano, loga generovan\u00e1 um\u011blou inteligenc\u00ed jsou jedine\u010dn\u00e1 a p\u0159izp\u016fsoben\u00e1 na z\u00e1klad\u011b va\u0161ich \u00fadaj\u016f.<\/p>\n\n<\/div>\n<\/div>\n<div id=\"faq-question-1721394949679\" class=\"rank-math-list-item\">\n<h3 class=\"rank-math-question\">Mohu vygenerovan\u00e9 logo upravit?<\/h3>\n<div class=\"rank-math-answer\">\n\n<p>Ano, v\u011bt\u0161ina bezplatn\u00fdch gener\u00e1tor\u016f loga AI umo\u017e\u0148uje vygenerovan\u00e9 logo upravovat.<\/p>\n\n<\/div>\n<\/div>\n<div id=\"faq-question-1721394962503\" class=\"rank-math-list-item\">\n<h3 class=\"rank-math-question\">Maj\u00ed soubory s logem vysok\u00e9 rozli\u0161en\u00ed?<\/h3>\n<div class=\"rank-math-answer\">\n\n<p>Ano, v\u011bt\u0161ina bezplatn\u00fdch gener\u00e1tor\u016f loga AI poskytuje soubory loga s vysok\u00fdm rozli\u0161en\u00edm pro r\u016fzn\u00e1 pou\u017eit\u00ed.<\/p>\n\n<\/div>\n<\/div>\n<\/div>\n<\/div>","protected":false},"excerpt":{"rendered":"<p>How to use Free AI Logo Generator *&nbsp;Depending on your internet speed, loading the model may take a few seconds.* There will be caching during continuous generation, and the new image will appear after about 3 seconds. Introduction of Free AI Logo Generator As a business owner, creating a professional logo is essential to establish &#8230; <a title=\"Gener\u00e1tor loga AI zdarma\" class=\"read-more\" href=\"https:\/\/aiartfree.online\/cs\/generator-loga-ai-zdarma\/\" aria-label=\"Read more about Free AI Logo Generator\">\u010c\u00edst d\u00e1l<\/a><\/p>","protected":false},"author":1,"featured_media":0,"parent":0,"menu_order":0,"comment_status":"open","ping_status":"closed","template":"","meta":{"nf_dc_page":"","footnotes":""},"class_list":["post-2983","page","type-page","status-publish"],"jetpack_sharing_enabled":true,"_links":{"self":[{"href":"https:\/\/aiartfree.online\/cs\/wp-json\/wp\/v2\/pages\/2983","targetHints":{"allow":["GET"]}}],"collection":[{"href":"https:\/\/aiartfree.online\/cs\/wp-json\/wp\/v2\/pages"}],"about":[{"href":"https:\/\/aiartfree.online\/cs\/wp-json\/wp\/v2\/types\/page"}],"author":[{"embeddable":true,"href":"https:\/\/aiartfree.online\/cs\/wp-json\/wp\/v2\/users\/1"}],"replies":[{"embeddable":true,"href":"https:\/\/aiartfree.online\/cs\/wp-json\/wp\/v2\/comments?post=2983"}],"version-history":[{"count":1,"href":"https:\/\/aiartfree.online\/cs\/wp-json\/wp\/v2\/pages\/2983\/revisions"}],"predecessor-version":[{"id":3605,"href":"https:\/\/aiartfree.online\/cs\/wp-json\/wp\/v2\/pages\/2983\/revisions\/3605"}],"wp:attachment":[{"href":"https:\/\/aiartfree.online\/cs\/wp-json\/wp\/v2\/media?parent=2983"}],"curies":[{"name":"wp","href":"https:\/\/api.w.org\/{rel}","templated":true}]}}