{"id":2974,"date":"2024-07-19T12:49:16","date_gmt":"2024-07-19T12:49:16","guid":{"rendered":"https:\/\/aiartfree.online\/?page_id=2974"},"modified":"2025-03-07T08:02:23","modified_gmt":"2025-03-07T08:02:23","slug":"bing-ai-image-generator","status":"publish","type":"page","link":"https:\/\/aiartfree.online\/cs\/generator-obrazku-bing-ai\/","title":{"rendered":"Gener\u00e1tor obr\u00e1zk\u016f Bing AI"},"content":{"rendered":"<h2 class=\"wp-block-heading\">Jak pou\u017e\u00edvat gener\u00e1tor obr\u00e1zk\u016f Bing AI<\/h2>\n\n\n\n<ol class=\"wp-block-list\">\n<li class=\"\">Zadejte v\u00fdzvu<\/li>\n\n\n\n<li class=\"\">Klikn\u011bte na tla\u010d\u00edtko \"Spustit\"<\/li>\n\n\n\n<li class=\"\">Po\u010dkat, to je ono! <\/li>\n<\/ol>\n\n\n\n<figure class=\"gb-block-image gb-block-image-032aac41\"><a href=\"https:\/\/fas.st\/t\/9U4PYbm7\" target=\"_blank\" rel=\"noopener noreferrer\"><img data-recalc-dims=\"1\" decoding=\"async\" loading=\"lazy\" width=\"1200\" height=\"365\" class=\"gb-image gb-image-032aac41\" src=\"https:\/\/i0.wp.com\/aiartfree.online\/wp-content\/uploads\/2025\/03\/WX20250307-115412%402x.webp?resize=1200%2C365&#038;ssl=1\" alt=\"\" title=\"WX20250307-115412@2x\" srcset=\"https:\/\/i0.wp.com\/aiartfree.online\/wp-content\/uploads\/2025\/03\/WX20250307-115412%402x.webp?w=1942&amp;ssl=1 1942w, https:\/\/i0.wp.com\/aiartfree.online\/wp-content\/uploads\/2025\/03\/WX20250307-115412%402x.webp?resize=300%2C91&amp;ssl=1 300w, https:\/\/i0.wp.com\/aiartfree.online\/wp-content\/uploads\/2025\/03\/WX20250307-115412%402x.webp?resize=1024%2C312&amp;ssl=1 1024w, https:\/\/i0.wp.com\/aiartfree.online\/wp-content\/uploads\/2025\/03\/WX20250307-115412%402x.webp?resize=768%2C234&amp;ssl=1 768w, https:\/\/i0.wp.com\/aiartfree.online\/wp-content\/uploads\/2025\/03\/WX20250307-115412%402x.webp?resize=1536%2C467&amp;ssl=1 1536w, https:\/\/i0.wp.com\/aiartfree.online\/wp-content\/uploads\/2025\/03\/WX20250307-115412%402x.webp?resize=18%2C5&amp;ssl=1 18w, https:\/\/i0.wp.com\/aiartfree.online\/wp-content\/uploads\/2025\/03\/WX20250307-115412%402x.webp?resize=600%2C183&amp;ssl=1 600w\" sizes=\"auto, (max-width: 1200px) 100vw, 1200px\" \/><\/a><\/figure>\n\n\n\n<p class=\"\"><em>* V z\u00e1vislosti na rychlosti va\u0161eho internetu m\u016f\u017ee na\u010d\u00edt\u00e1n\u00ed modelu trvat n\u011bkolik sekund.<br>* B\u011bhem nep\u0159etr\u017eit\u00e9ho generov\u00e1n\u00ed bude prob\u00edhat ukl\u00e1d\u00e1n\u00ed do mezipam\u011bti a nov\u00fd obr\u00e1zek se zobraz\u00ed p\u0159ibli\u017en\u011b po 3 sekund\u00e1ch.<\/em><\/p>\n\n\n\n<div style=\"text-align: center; border: 2px solid; border-image-source: linear-gradient(to right, #16b86c, #912899); border-image-slice: 1; box-shadow: 0 0 10px rgba(0, 0, 0, 0.1); border-radius: 15px;\">\n  <iframe loading=\"lazy\"\n    src=\"https:\/\/mexicanamerican-dalle-3-xl-lora-v2.hf.space\"\n    frameborder=\"0\"\n    width=\"800\"\n    height=\"1050\"\n    style=\"display: inline-block; margin: 0 auto;\"\n  ><\/iframe>\n<\/div>\n\n\n\n<div style=\"height:50px\" aria-hidden=\"true\" class=\"wp-block-spacer\"><\/div>\n\n\n\n<h1 class=\"wp-block-heading\">P\u0159edstaven\u00ed gener\u00e1toru obr\u00e1zk\u016f Bing AI<\/h1>\n\n\n\n<p class=\"\">V dne\u0161n\u00ed digit\u00e1ln\u00ed dob\u011b je vytv\u00e1\u0159en\u00ed vizu\u00e1ln\u011b \u00fa\u017easn\u00fdch sn\u00edmk\u016f d\u016fle\u017eit\u011bj\u0161\u00ed ne\u017e kdykoli p\u0159edt\u00edm. A\u0165 u\u017e jste tv\u016frce obsahu, market\u00e9r nebo jen milovn\u00edk um\u011bn\u00ed, gener\u00e1tor obr\u00e1zk\u016f s um\u011blou inteligenc\u00ed Bing v\u00e1m pom\u016f\u017ee snadno vytv\u00e1\u0159et vysoce kvalitn\u00ed obr\u00e1zky. V tomto \u010dl\u00e1nku v\u00e1m p\u0159edstav\u00edme gener\u00e1tor obr\u00e1zk\u016f Bing AI Image Generator, prozkoum\u00e1me jeho v\u00fdhody a porad\u00edme v\u00e1m, jak tento v\u00fdkonn\u00fd n\u00e1stroj co nejl\u00e9pe vyu\u017e\u00edt.<\/p>\n\n\n\n<figure class=\"wp-block-image size-full is-resized\"><img data-recalc-dims=\"1\" decoding=\"async\" width=\"1024\" height=\"1024\"   loading=\"lazy\" src=\"https:\/\/i0.wp.com\/aiartfree.online\/wp-content\/uploads\/2024\/07\/b9cb406d-bffd-446e-9f65-c20776dc6cda.jpg?resize=1024%2C1024&#038;ssl=1\" alt=\"Gener\u00e1tor obr\u00e1zk\u016f Bing AI\" class=\"wp-image-2980\" style=\"width:359px;height:auto\" srcset=\"https:\/\/i0.wp.com\/aiartfree.online\/wp-content\/uploads\/2024\/07\/b9cb406d-bffd-446e-9f65-c20776dc6cda.jpg?w=1024&amp;ssl=1 1024w, https:\/\/i0.wp.com\/aiartfree.online\/wp-content\/uploads\/2024\/07\/b9cb406d-bffd-446e-9f65-c20776dc6cda.jpg?resize=300%2C300&amp;ssl=1 300w, https:\/\/i0.wp.com\/aiartfree.online\/wp-content\/uploads\/2024\/07\/b9cb406d-bffd-446e-9f65-c20776dc6cda.jpg?resize=150%2C150&amp;ssl=1 150w, https:\/\/i0.wp.com\/aiartfree.online\/wp-content\/uploads\/2024\/07\/b9cb406d-bffd-446e-9f65-c20776dc6cda.jpg?resize=768%2C768&amp;ssl=1 768w, https:\/\/i0.wp.com\/aiartfree.online\/wp-content\/uploads\/2024\/07\/b9cb406d-bffd-446e-9f65-c20776dc6cda.jpg?resize=12%2C12&amp;ssl=1 12w, https:\/\/i0.wp.com\/aiartfree.online\/wp-content\/uploads\/2024\/07\/b9cb406d-bffd-446e-9f65-c20776dc6cda.jpg?resize=600%2C600&amp;ssl=1 600w, https:\/\/i0.wp.com\/aiartfree.online\/wp-content\/uploads\/2024\/07\/b9cb406d-bffd-446e-9f65-c20776dc6cda.jpg?resize=100%2C100&amp;ssl=1 100w\" sizes=\"auto, (max-width: 1024px) 100vw, 1024px\" \/><\/figure>\n\n\n\n<h2 class=\"wp-block-heading\">Obsah<\/h2>\n\n\n\n<ol class=\"wp-block-list\">\n<li class=\"\"><a href=\"#what-is-bing-ai-image-generator\">Co je gener\u00e1tor obr\u00e1zk\u016f Bing AI?<\/a><\/li>\n\n\n\n<li class=\"\"><a href=\"#why-use-bing-ai-image-generator\">Pro\u010d pou\u017e\u00edvat Bing AI Image Generator?<\/a><\/li>\n\n\n\n<li class=\"\"><a href=\"#benefits-of-using-bing-ai-image-generator\">V\u00fdhody pou\u017e\u00edv\u00e1n\u00ed gener\u00e1toru obr\u00e1zk\u016f Bing AI<\/a><\/li>\n\n\n\n<li class=\"\"><a href=\"#when-to-use-bing-ai-image-generator\">Kdy pou\u017e\u00edt gener\u00e1tor obr\u00e1zk\u016f Bing AI<\/a><\/li>\n\n\n\n<li class=\"\"><a href=\"#who-should-use-bing-ai-image-generator\">Kdo by m\u011bl pou\u017e\u00edvat Bing AI Image Generator?<\/a><\/li>\n\n\n\n<li class=\"\"><a href=\"#comparison-of-bing-ai-image-generator-with-other-tools\">Srovn\u00e1n\u00ed gener\u00e1toru obr\u00e1zk\u016f Bing AI s dal\u0161\u00edmi n\u00e1stroji<\/a><\/li>\n\n\n\n<li class=\"\"><a href=\"#frequently-asked-questions\">\u010casto kladen\u00e9 ot\u00e1zky<\/a><\/li>\n<\/ol>\n\n\n\n<h2 class=\"wp-block-heading\">Co je gener\u00e1tor obr\u00e1zk\u016f Bing AI?<\/h2>\n\n\n\n<p class=\"\">Gener\u00e1tor obr\u00e1zk\u016f Bing AI je inovativn\u00ed n\u00e1stroj vyvinut\u00fd spole\u010dnost\u00ed Microsoft, kter\u00fd vyu\u017e\u00edv\u00e1 generativn\u00ed technologii AI k vytv\u00e1\u0159en\u00ed obr\u00e1zk\u016f z textov\u00fdch podn\u011bt\u016f. Tento gener\u00e1tor obr\u00e1zk\u016f s um\u011blou inteligenc\u00ed umo\u017e\u0148uje u\u017eivatel\u016fm zadat popisn\u00fd text a na opl\u00e1tku z\u00edskat vysoce kvalitn\u00ed a jedine\u010dn\u00e9 obr\u00e1zky. Technologie, kter\u00e1 za n\u00edm stoj\u00ed, vyu\u017e\u00edv\u00e1 pokro\u010dil\u00e9 algoritmy um\u011bl\u00e9 inteligence k pochopen\u00ed a vizualizaci zadan\u00e9ho textu a vytv\u00e1\u0159\u00ed obr\u00e1zky, kter\u00e9 p\u0159esn\u011b odpov\u00eddaj\u00ed popisu u\u017eivatele.<\/p>\n\n\n\n<h2 class=\"wp-block-heading\">Pro\u010d<\/h2>\n\n\n\n<p class=\"\">Pou\u017eit\u00ed gener\u00e1toru obr\u00e1zk\u016f Bing AI m\u016f\u017ee v\u00fdrazn\u011b vylep\u0161it va\u0161e kreativn\u00ed projekty. A\u0165 u\u017e navrhujete marketingovou kampa\u0148, vytv\u00e1\u0159\u00edte obsah pro soci\u00e1ln\u00ed m\u00e9dia nebo vyv\u00edj\u00edte webov\u00e9 str\u00e1nky, p\u0159\u00edstup k n\u00e1stroji, kter\u00fd dok\u00e1\u017ee generovat obr\u00e1zky na z\u00e1klad\u011b va\u0161ich konkr\u00e9tn\u00edch pot\u0159eb, je neoceniteln\u00fd. Mo\u017enost rychle vytv\u00e1\u0159et obr\u00e1zky, ani\u017e byste pot\u0159ebovali rozs\u00e1hl\u00e9 dovednosti v oblasti grafick\u00e9ho designu, \u0161et\u0159\u00ed \u010das a zdroje a umo\u017e\u0148uje v\u00e1m soust\u0159edit se na jin\u00e9 d\u016fle\u017eit\u00e9 aspekty projektu.<\/p>\n\n\n\n<h2 class=\"wp-block-heading\">V\u00fdhody<\/h2>\n\n\n\n<ol class=\"wp-block-list\">\n<li class=\"\"><strong>Vysoce kvalitn\u00ed sn\u00edmky<\/strong>: Gener\u00e1tor obr\u00e1zk\u016f Bing AI vytv\u00e1\u0159\u00ed obr\u00e1zky s vysok\u00fdm rozli\u0161en\u00edm, kter\u00e9 lze pou\u017e\u00edt pro r\u016fzn\u00e9 profesion\u00e1ln\u00ed \u00fa\u010dely.<\/li>\n\n\n\n<li class=\"\"><strong>P\u0159izp\u016fsobitelnost<\/strong>: Zad\u00e1n\u00edm podrobn\u00fdch textov\u00fdch pokyn\u016f m\u016f\u017eete generovat obr\u00e1zky p\u0159izp\u016fsoben\u00e9 va\u0161im konkr\u00e9tn\u00edm po\u017eadavk\u016fm.<\/li>\n\n\n\n<li class=\"\"><strong>\u010casov\u00e1 efektivita<\/strong>: Rychl\u00e9 generov\u00e1n\u00ed obr\u00e1zk\u016f bez nutnosti ru\u010dn\u00ed grafick\u00e9 pr\u00e1ce.<\/li>\n\n\n\n<li class=\"\"><strong>N\u00e1kladov\u011b efektivn\u00ed<\/strong>: Sni\u017ete pot\u0159ebu drah\u00e9ho softwaru pro grafick\u00fd design nebo naj\u00edm\u00e1n\u00ed profesion\u00e1ln\u00edch design\u00e9r\u016f.<\/li>\n\n\n\n<li class=\"\"><strong>P\u0159\u00edstupnost<\/strong>: Snadn\u00e9 pou\u017eit\u00ed i pro osoby bez technick\u00fdch dovednost\u00ed.<\/li>\n<\/ol>\n\n\n\n<h2 class=\"wp-block-heading\">Kdy pou\u017e\u00edt<\/h2>\n\n\n\n<p class=\"\">Gener\u00e1tor obr\u00e1zk\u016f Bing AI je ide\u00e1ln\u00ed pro pou\u017eit\u00ed v r\u016fzn\u00fdch sc\u00e9n\u00e1\u0159\u00edch, v\u010detn\u011b:<\/p>\n\n\n\n<ul class=\"wp-block-list\">\n<li class=\"\"><strong>Marketingov\u00e9 kampan\u011b<\/strong>: Vytv\u00e1\u0159ejte vizu\u00e1ln\u011b p\u0159ita\u017eliv\u00e9 obr\u00e1zky pro reklamy a p\u0159\u00edsp\u011bvky na soci\u00e1ln\u00edch s\u00edt\u00edch.<\/li>\n\n\n\n<li class=\"\"><strong>Tvorba obsahu<\/strong>: Vytv\u00e1\u0159ejte jedine\u010dn\u00e9 obr\u00e1zky pro vylep\u0161en\u00ed p\u0159\u00edsp\u011bvk\u016f na blogu, \u010dl\u00e1nk\u016f a obsahu webov\u00fdch str\u00e1nek.<\/li>\n\n\n\n<li class=\"\"><strong>Vzd\u011bl\u00e1vac\u00ed materi\u00e1ly<\/strong>: Vytv\u00e1\u0159ejte ilustra\u010dn\u00ed obr\u00e1zky pro prezentace, zpr\u00e1vy a v\u00fdukov\u00e9 materi\u00e1ly.<\/li>\n\n\n\n<li class=\"\"><strong>Um\u011bleck\u00e9 a designov\u00e9 projekty<\/strong>: Experimentujte s kreativn\u00edmi koncepty a vizu\u00e1ln\u00edmi styly.<\/li>\n<\/ul>\n\n\n\n<h2 class=\"wp-block-heading\">Kdo by m\u011bl pou\u017e\u00edvat?<\/h2>\n\n\n\n<p class=\"\">Gener\u00e1tor obr\u00e1zk\u016f Bing AI je vhodn\u00fd pro \u0161irokou \u0161k\u00e1lu u\u017eivatel\u016f, v\u010detn\u011b:<\/p>\n\n\n\n<ul class=\"wp-block-list\">\n<li class=\"\"><strong>Tv\u016frci obsahu<\/strong>: Bloge\u0159i, vloge\u0159i a influence\u0159i soci\u00e1ln\u00edch m\u00e9di\u00ed.<\/li>\n\n\n\n<li class=\"\"><strong>Market\u00e9\u0159i<\/strong>: Digit\u00e1ln\u00ed market\u00e9\u0159i, inzerenti a mana\u017ee\u0159i zna\u010dek.<\/li>\n\n\n\n<li class=\"\"><strong>Pedagogov\u00e9<\/strong>: U\u010ditel\u00e9, \u0161kolitel\u00e9 a n\u00e1vrh\u00e1\u0159i v\u00fduky.<\/li>\n\n\n\n<li class=\"\"><strong>Um\u011blci a design\u00e9\u0159i<\/strong>: Grafi\u010dt\u00ed design\u00e9\u0159i, ilustr\u00e1to\u0159i a v\u00fdtvarn\u00ed um\u011blci.<\/li>\n\n\n\n<li class=\"\"><strong>Podniky<\/strong>: Majitel\u00e9 mal\u00fdch firem, za\u010d\u00ednaj\u00edc\u00ed podnikatel\u00e9 a velk\u00e9 spole\u010dnosti.<\/li>\n<\/ul>\n\n\n\n<h2 class=\"wp-block-heading\">Srovn\u00e1n\u00ed gener\u00e1toru obr\u00e1zk\u016f Bing AI s dal\u0161\u00edmi n\u00e1stroji<\/h2>\n\n\n\n<p class=\"\">Pokud jde o generov\u00e1n\u00ed obr\u00e1zk\u016f s um\u011blou inteligenc\u00ed, na trhu je k dispozici n\u011bkolik n\u00e1stroj\u016f. Zde porovn\u00e1me Bing AI Image Generator s dal\u0161\u00edmi popul\u00e1rn\u00edmi mo\u017enostmi:<\/p>\n\n\n\n<figure class=\"wp-block-table\"><table class=\"has-fixed-layout\"><thead><tr><th>N\u00e1stroj<\/th><th>Klady<\/th><th>Nev\u00fdhody<\/th><th>V\u00fdhody<\/th><th>V\u00fdzvy<\/th><th>Doporu\u010den\u00ed<\/th><\/tr><\/thead><tbody><tr><td><a href=\"https:\/\/aiartfree.online\/cs\/\" data-type=\"link\" data-id=\"https:\/\/aiartfree.online\/\">Gener\u00e1tor um\u011bleck\u00fdch d\u011bl AI zdarma<\/a><\/td><td>U\u017eivatelsky p\u0159\u00edv\u011btiv\u00e9, bezplatn\u00e9 pou\u017eit\u00ed<\/td><td>Omezen\u00e9 pokro\u010dil\u00e9 funkce<\/td><td>Snadn\u00e9 pro za\u010d\u00e1te\u010dn\u00edky<\/td><td>Z\u00e1kladn\u00ed v\u00fdstup<\/td><td>Skv\u011bl\u00e9 pro p\u0159\u00edle\u017eitostn\u00e9 pou\u017eit\u00ed<\/td><\/tr><tr><td><a href=\"https:\/\/midjourney.com\" rel=\"nofollow noopener\" target=\"_blank\">V polovin\u011b cesty<\/a><\/td><td>Kvalitn\u00ed v\u00fdstupy, kreativn\u00ed styly<\/td><td>Vy\u017eaduje se p\u0159edplatn\u00e9<\/td><td>Profesion\u00e1ln\u00ed sn\u00edmky<\/td><td>N\u00e1kladn\u00e9<\/td><td>Ide\u00e1ln\u00ed pro profesion\u00e1ln\u00ed pou\u017eit\u00ed<\/td><\/tr><tr><td><a href=\"https:\/\/stablediffusion.com\" rel=\"nofollow noopener\" target=\"_blank\">Stabiln\u00ed dif\u00faze<\/a><\/td><td>Podrobn\u00e9 obr\u00e1zky, p\u0159izp\u016fsobiteln\u00e9<\/td><td>Vy\u017eaduje technick\u00e9 znalosti<\/td><td>V\u0161estrann\u00e9 v\u00fdstupy<\/td><td>Strm\u00e1 k\u0159ivka u\u010den\u00ed<\/td><td>Nejlep\u0161\u00ed pro technicky zdatn\u00e9 u\u017eivatele<\/td><\/tr><tr><td><a href=\"https:\/\/aiartfree.online\/cs\/free-online-dall\u00b7e-3\/\" data-type=\"link\" data-id=\"https:\/\/aiartfree.online\/free-online-dall%c2%b7e-3\/\">DALL-E 3<\/a><\/td><td>Inovativn\u00ed, \u0161pi\u010dkov\u00e9<\/td><td>Omezen\u00fd p\u0159\u00edstup<\/td><td>Nejmodern\u011bj\u0161\u00ed um\u011bl\u00e1 inteligence<\/td><td>Omezen\u00e1 dostupnost<\/td><td>Ide\u00e1ln\u00ed pro u\u017eivatele, kte\u0159\u00ed se brzy ujmou<\/td><\/tr><tr><td><a href=\"https:\/\/deepart.io\" rel=\"nofollow noopener\" target=\"_blank\">DeepArt.io<\/a><\/td><td>Um\u011bleck\u00e9 styly, snadn\u00e9 pou\u017eit\u00ed<\/td><td>Doba zpracov\u00e1n\u00ed m\u016f\u017ee b\u00fdt dlouh\u00e1<\/td><td>Jedine\u010dn\u00e9 um\u011bleck\u00e9 v\u00fdstupy<\/td><td>Pomal\u00e1 doba generov\u00e1n\u00ed<\/td><td>Vhodn\u00e9 pro um\u011bleck\u00e9 projekty<\/td><\/tr><tr><td><a href=\"https:\/\/artbreeder.com\" rel=\"nofollow noopener\" target=\"_blank\">Artbreeder<\/a><\/td><td>Spolupr\u00e1ce, r\u016fzn\u00e9 styly<\/td><td>N\u011bkter\u00e9 funkce za paywallem<\/td><td>Tv\u016fr\u010d\u00ed svoboda<\/td><td>M\u016f\u017ee b\u00fdt slo\u017eit\u00fd<\/td><td>Skv\u011bl\u00e9 pro spole\u010dn\u00e9 projekty<\/td><\/tr><tr><td><a href=\"https:\/\/runwayml.com\" rel=\"nofollow noopener\" target=\"_blank\">Dr\u00e1ha ML<\/a><\/td><td>\u0160irok\u00e1 \u0161k\u00e1la n\u00e1stroj\u016f um\u011bl\u00e9 inteligence<\/td><td>Drah\u00e9 pro pln\u00fd p\u0159\u00edstup<\/td><td>Multifunk\u010dn\u00ed<\/td><td>Vysok\u00e9 n\u00e1klady<\/td><td>Vynikaj\u00edc\u00ed pro komplexn\u00ed pou\u017eit\u00ed AI<\/td><\/tr><tr><td><a href=\"https:\/\/deepdreamgenerator.com\" rel=\"nofollow noopener\" target=\"_blank\">Gener\u00e1tor hlubok\u00fdch sn\u016f<\/a><\/td><td>Surrealistick\u00e9 a jedine\u010dn\u00e9 v\u00fdstupy<\/td><td>Men\u0161\u00ed kontrola v\u00fdsledk\u016f<\/td><td>Z\u00e1bavn\u00e9 a experiment\u00e1ln\u00ed<\/td><td>Nep\u0159edv\u00eddateln\u00e9 v\u00fdsledky<\/td><td>Ide\u00e1ln\u00ed pro experiment\u00e1ln\u00ed um\u011bn\u00ed<\/td><\/tr><tr><td><a href=\"https:\/\/nightcafe.studio\" rel=\"nofollow noopener\" target=\"_blank\">NightCafe<\/a><\/td><td>R\u016fzn\u00e9 styly, \u0159\u00edzen\u00e9 komunitou<\/td><td>Omezen\u00e9 bezplatn\u00e9 pou\u017e\u00edv\u00e1n\u00ed<\/td><td>Funkce komunity<\/td><td>Limity pou\u017eit\u00ed<\/td><td>Dobr\u00e9 pro interakci s komunitou<\/td><\/tr><tr><td><a href=\"https:\/\/artisto.com\" rel=\"nofollow noopener\" target=\"_blank\">Artisto<\/a><\/td><td>Snadn\u00e9 pou\u017eit\u00ed pro mobiln\u00ed za\u0159\u00edzen\u00ed<\/td><td>Omezeno na mobiln\u00ed platformu<\/td><td>Pohodln\u00e9<\/td><td>Omezen\u00ed platformy<\/td><td>Nejlep\u0161\u00ed pro mobiln\u00ed u\u017eivatele<\/td><\/tr><\/tbody><\/table><\/figure>\n\n\n\n<p class=\"\">Po porovn\u00e1n\u00ed t\u011bchto n\u00e1stroj\u016f doporu\u010dujeme <a href=\"https:\/\/aiartfree.online\/cs\/generator-obrazku-bing-ai\/\"><strong>Gener\u00e1tor obr\u00e1zk\u016f Bing AI<\/strong><\/a> jako nejlep\u0161\u00ed volbu z hlediska vyv\u00e1\u017eenosti kvality, snadn\u00e9ho pou\u017eit\u00ed a dostupnosti. Dal\u0161\u00ed podrobnosti naleznete na adrese <a href=\"https:\/\/aiartfree.online\/cs\/generator-obrazku-bing-ai\/\">Gener\u00e1tor obr\u00e1zk\u016f Bing AI<\/a>.<\/p>\n\n\n\n<h2 class=\"wp-block-heading\">\u010casto kladen\u00e9 ot\u00e1zky<\/h2>\n\n\n\n<ol class=\"wp-block-list\">\n<li class=\"\"><strong>Co je gener\u00e1tor obr\u00e1zk\u016f Bing AI?<\/strong> Bing AI Image Generator je n\u00e1stroj, kter\u00fd vyu\u017e\u00edv\u00e1 um\u011blou inteligenci k vytv\u00e1\u0159en\u00ed obr\u00e1zk\u016f na z\u00e1klad\u011b textov\u00fdch popis\u016f.<\/li>\n\n\n\n<li class=\"\"><strong>Jak funguje gener\u00e1tor obr\u00e1zk\u016f Bing AI?<\/strong> Vyu\u017e\u00edv\u00e1 generativn\u00ed algoritmy um\u011bl\u00e9 inteligence k interpretaci textov\u00fdch podn\u011bt\u016f a generov\u00e1n\u00ed odpov\u00eddaj\u00edc\u00edch obr\u00e1zk\u016f.<\/li>\n\n\n\n<li class=\"\"><strong>Je pou\u017eit\u00ed gener\u00e1toru obr\u00e1zk\u016f Bing AI zdarma?<\/strong> Ano, je k dispozici zdarma s ur\u010dit\u00fdmi omezen\u00edmi.<\/li>\n\n\n\n<li class=\"\"><strong>Mohu Bing AI Image Generator pou\u017e\u00edvat pro komer\u010dn\u00ed \u00fa\u010dely?<\/strong> Ano, vytvo\u0159en\u00e9 obr\u00e1zky lze pou\u017e\u00edt pro komer\u010dn\u00ed projekty.<\/li>\n\n\n\n<li class=\"\"><strong>Jak\u00e9 jsou v\u00fdhody pou\u017e\u00edv\u00e1n\u00ed gener\u00e1toru obr\u00e1zk\u016f Bing AI?<\/strong> Poskytuje vysoce kvalitn\u00ed sn\u00edmky, je p\u0159izp\u016fsobiteln\u00fd, \u010dasov\u011b nen\u00e1ro\u010dn\u00fd, n\u00e1kladov\u011b efektivn\u00ed a dostupn\u00fd.<\/li>\n\n\n\n<li class=\"\"><strong>Pot\u0159ebuji k pou\u017e\u00edv\u00e1n\u00ed gener\u00e1toru obr\u00e1zk\u016f Bing AI technick\u00e9 dovednosti?<\/strong> Ne, je navr\u017een tak, aby byl u\u017eivatelsky p\u0159\u00edv\u011btiv\u00fd i pro ty, kte\u0159\u00ed nemaj\u00ed technick\u00e9 znalosti.<\/li>\n\n\n\n<li class=\"\"><strong>Jak\u00e9 typy projekt\u016f mohou vyu\u017e\u00edt gener\u00e1tor obr\u00e1zk\u016f Bing AI?<\/strong> Marketingov\u00e9 kampan\u011b, tvorba obsahu, vzd\u011bl\u00e1vac\u00ed materi\u00e1ly, um\u011bleck\u00e9 a designov\u00e9 projekty.<\/li>\n\n\n\n<li class=\"\"><strong>Jak mohu poskytnout zp\u011btnou vazbu k vygenerovan\u00fdm obr\u00e1zk\u016fm?<\/strong> V rozhran\u00ed n\u00e1stroje obvykle najdete mo\u017enost zp\u011btn\u00e9 vazby.<\/li>\n\n\n\n<li class=\"\"><strong>Existuj\u00ed n\u011bjak\u00e1 omezen\u00ed gener\u00e1toru obr\u00e1zk\u016f Bing AI?<\/strong> I kdy\u017e je v\u00fdkonn\u00fd, nemus\u00ed se je\u0161t\u011b vyrovnat kreativit\u011b profesion\u00e1ln\u00edho design\u00e9ra.<\/li>\n\n\n\n<li class=\"\"><strong>Kde lze z\u00edskat p\u0159\u00edstup ke gener\u00e1toru obr\u00e1zk\u016f um\u011bl\u00e9 inteligence Bing?<\/strong> P\u0159\u00edstup k n\u011bmu je na adrese <a href=\"https:\/\/aiartfree.online\/cs\/generator-obrazku-bing-ai\/\">Gener\u00e1tor obr\u00e1zk\u016f Bing AI<\/a>.<\/li>\n<\/ol>\n\n\n\n<p class=\"\">Z\u00e1v\u011brem lze \u0159\u00edci, \u017ee gener\u00e1tor obr\u00e1zk\u016f Bing AI je v\u0161estrann\u00fd a v\u00fdkonn\u00fd n\u00e1stroj, kter\u00fd m\u016f\u017ee obohatit va\u0161e kreativn\u00ed projekty o vysoce kvalitn\u00ed obr\u00e1zky generovan\u00e9 z textov\u00fdch popis\u016f. A\u0165 u\u017e jste tv\u016frce obsahu, market\u00e9r, pedagog nebo um\u011blec, tento n\u00e1stroj v\u00e1m m\u016f\u017ee u\u0161et\u0159it \u010das a zdroje a z\u00e1rove\u0148 p\u0159in\u00e9st p\u016fsobiv\u00e9 v\u00fdsledky.<\/p>","protected":false},"excerpt":{"rendered":"<p>How to use Bing AI Image Generator *&nbsp;Depending on your internet speed, loading the model may take a few seconds.* There will be caching during continuous generation, and the new image will appear after about 3 seconds. Introduction of Bing AI Image Generator In today&#8217;s digital age, creating visually stunning images is more important than &#8230; <a title=\"Gener\u00e1tor obr\u00e1zk\u016f Bing AI\" class=\"read-more\" href=\"https:\/\/aiartfree.online\/cs\/generator-obrazku-bing-ai\/\" aria-label=\"Read more about Bing AI Image Generator\">\u010c\u00edst d\u00e1l<\/a><\/p>","protected":false},"author":1,"featured_media":0,"parent":0,"menu_order":0,"comment_status":"open","ping_status":"closed","template":"","meta":{"nf_dc_page":"","footnotes":""},"class_list":["post-2974","page","type-page","status-publish"],"jetpack_sharing_enabled":true,"_links":{"self":[{"href":"https:\/\/aiartfree.online\/cs\/wp-json\/wp\/v2\/pages\/2974","targetHints":{"allow":["GET"]}}],"collection":[{"href":"https:\/\/aiartfree.online\/cs\/wp-json\/wp\/v2\/pages"}],"about":[{"href":"https:\/\/aiartfree.online\/cs\/wp-json\/wp\/v2\/types\/page"}],"author":[{"embeddable":true,"href":"https:\/\/aiartfree.online\/cs\/wp-json\/wp\/v2\/users\/1"}],"replies":[{"embeddable":true,"href":"https:\/\/aiartfree.online\/cs\/wp-json\/wp\/v2\/comments?post=2974"}],"version-history":[{"count":1,"href":"https:\/\/aiartfree.online\/cs\/wp-json\/wp\/v2\/pages\/2974\/revisions"}],"predecessor-version":[{"id":3593,"href":"https:\/\/aiartfree.online\/cs\/wp-json\/wp\/v2\/pages\/2974\/revisions\/3593"}],"wp:attachment":[{"href":"https:\/\/aiartfree.online\/cs\/wp-json\/wp\/v2\/media?parent=2974"}],"curies":[{"name":"wp","href":"https:\/\/api.w.org\/{rel}","templated":true}]}}