{"id":2968,"date":"2024-07-19T12:42:38","date_gmt":"2024-07-19T12:42:38","guid":{"rendered":"https:\/\/aiartfree.online\/?page_id=2968"},"modified":"2024-08-02T12:10:12","modified_gmt":"2024-08-02T12:10:12","slug":"ai-3d-model-generator","status":"publish","type":"page","link":"https:\/\/aiartfree.online\/cs\/generator-3d-modelu-ai\/","title":{"rendered":"Gener\u00e1tor 3D model\u016f AI"},"content":{"rendered":"<h2 class=\"wp-block-heading has-text-align-center\" id=\"what-our-users-made\">Co vytvo\u0159ili na\u0161i u\u017eivatel\u00e9<\/h2>\n\n\n\n<figure class=\"gb-block-image gb-block-image-1822da1f\"><img data-recalc-dims=\"1\" decoding=\"async\" loading=\"lazy\" width=\"1024\" height=\"672\" class=\"gb-image gb-image-1822da1f\" src=\"https:\/\/i0.wp.com\/aiartfree.online\/wp-content\/uploads\/2024\/07\/WX20240719-153337%402x-1-1.jpg?resize=1024%2C672&#038;ssl=1\" alt=\"Gener\u00e1tor 3D modelu AI\" title=\"WX20240719-153337@2x (1) (1)\" srcset=\"https:\/\/i0.wp.com\/aiartfree.online\/wp-content\/uploads\/2024\/07\/WX20240719-153337%402x-1-1.jpg?resize=1024%2C672&amp;ssl=1 1024w, https:\/\/i0.wp.com\/aiartfree.online\/wp-content\/uploads\/2024\/07\/WX20240719-153337%402x-1-1.jpg?resize=300%2C197&amp;ssl=1 300w, https:\/\/i0.wp.com\/aiartfree.online\/wp-content\/uploads\/2024\/07\/WX20240719-153337%402x-1-1.jpg?resize=768%2C504&amp;ssl=1 768w, https:\/\/i0.wp.com\/aiartfree.online\/wp-content\/uploads\/2024\/07\/WX20240719-153337%402x-1-1.jpg?resize=1536%2C1008&amp;ssl=1 1536w, https:\/\/i0.wp.com\/aiartfree.online\/wp-content\/uploads\/2024\/07\/WX20240719-153337%402x-1-1.jpg?resize=18%2C12&amp;ssl=1 18w, https:\/\/i0.wp.com\/aiartfree.online\/wp-content\/uploads\/2024\/07\/WX20240719-153337%402x-1-1.jpg?resize=600%2C394&amp;ssl=1 600w, https:\/\/i0.wp.com\/aiartfree.online\/wp-content\/uploads\/2024\/07\/WX20240719-153337%402x-1-1.jpg?w=1768&amp;ssl=1 1768w\" sizes=\"auto, (max-width: 1024px) 100vw, 1024px\" \/><\/figure>\n\n\n\n<h2 class=\"wp-block-heading\" id=\"how-to-use-ai-3-d-model-generator\">Jak pou\u017e\u00edvat AI 3d Model Generator<\/h2>\n\n\n\n<ol class=\"wp-block-list\">\n<li class=\"\">Upus\u0165te \/ nahrajte sv\u016fj obr\u00e1zek nebo vyberte jeden z uk\u00e1zkov\u00fdch obr\u00e1zk\u016f.<\/li>\n\n\n\n<li class=\"\">Klikn\u011bte na \"Generovat 4 zobrazen\u00ed\"<\/li>\n\n\n\n<li class=\"\">Klikn\u011bte na \"Generate 3D Mesh\" n\u00ed\u017ee<\/li>\n\n\n\n<li class=\"\">Po\u010dkat, to je ono! V\u00e1\u0161 3D model je t\u00e9m\u011b\u0159 hotov\u00fd!<\/li>\n<\/ol>\n\n\n\n<p class=\"\"><em>* V z\u00e1vislosti na rychlosti va\u0161eho internetu m\u016f\u017ee na\u010d\u00edt\u00e1n\u00ed modelu trvat n\u011bkolik sekund.<br>* B\u011bhem nep\u0159etr\u017eit\u00e9ho generov\u00e1n\u00ed bude prob\u00edhat ukl\u00e1d\u00e1n\u00ed do mezipam\u011bti a nov\u00fd obr\u00e1zek se zobraz\u00ed p\u0159ibli\u017en\u011b po 3 sekund\u00e1ch.<\/em><\/p>\n\n\n\n<div class=\"iframe-wrapper\" style=\"position: relative; width: 100%; height: 2050px;\">\n  <div class=\"loading\" style=\"position: absolute; top: 50px; left: 50%; transform: translate(-50%, -50%); width: 40px; height: 40px; border: 3px solid #f0f0f0; border-top: 3px solid #db7093; border-radius: 50%; animation: spin 1s linear infinite;\"><\/div>\n  <iframe loading=\"lazy\" src=\"https:\/\/vast-ai-charactergen.hf.space\" frameborder=\"0\" width=\"100%\" height=\"100%\" style=\"position: absolute; top: 0; left: 0; opacity: 0; transition: opacity 0.3s;\" onload=\"this.style.opacity=1;this.previousElementSibling.style.display='none';\"><\/iframe>\n<\/div>\n\n<style>\n@keyframes spin {\n  0% { transform: translate(-50%, -50%) rotate(0deg); }\n  100% { transform: translate(-50%, -50%) rotate(360deg); }\n}\n<\/style>\n\n\n\n<div style=\"height:50px\" aria-hidden=\"true\" class=\"wp-block-spacer\"><\/div>\n\n\n\n<h2 class=\"wp-block-heading\" id=\"introduction-of-ai-3-d-model-generator\">P\u0159edstaven\u00ed gener\u00e1toru 3D model\u016f AI<\/h2>\n\n\n\n<p class=\"\">S p\u0159\u00edchodem gener\u00e1tor\u016f 3D model\u016f s um\u011blou inteligenc\u00ed nebylo vytv\u00e1\u0159en\u00ed 3D model\u016f nikdy jednodu\u0161\u0161\u00ed. V tomto \u010dl\u00e1nku najdete komplexn\u00edho pr\u016fvodce gener\u00e1tory 3D model\u016f AI, jejich pou\u017eit\u00ed, v\u00fdhody a nejlep\u0161\u00ed n\u00e1stroje dostupn\u00e9 na trhu. A\u0165 u\u017e p\u0159ev\u00e1d\u00edte 2D obr\u00e1zky na 3D modely, nebo generujete 3D modely z textov\u00fdch podn\u011bt\u016f, porad\u00edme v\u00e1m.<\/p>\n\n\n\n<div class=\"wp-block-rank-math-toc-block\" id=\"rank-math-toc\"><h3>Obsah<\/h3><nav><ul><li><a href=\"#what-is-an-ai-3-d-model-generator\">Co je to gener\u00e1tor 3D model\u016f AI?<\/a><\/li><li><a href=\"#why-use-an-ai-3-d-model-generator\">Pro\u010d pou\u017e\u00edvat gener\u00e1tor 3D model\u016f s um\u011blou inteligenc\u00ed?<\/a><\/li><li><a href=\"#benefits-of-using-an-ai-3-d-model-generator\">V\u00fdhody pou\u017e\u00edv\u00e1n\u00ed gener\u00e1toru 3D model\u016f s um\u011blou inteligenc\u00ed<\/a><\/li><li><a href=\"#when-to-use-an-ai-3-d-model-generator\">Kdy pou\u017e\u00edt gener\u00e1tor 3D model\u016f AI<\/a><\/li><li><a href=\"#who-should-use-an-ai-3-d-model-generator\">Kdo by m\u011bl pou\u017e\u00edvat gener\u00e1tor 3D model\u016f s um\u011blou inteligenc\u00ed?<\/a><\/li><li><a href=\"#comparison-of-ai-3-d-model-generators\">Porovn\u00e1n\u00ed gener\u00e1tor\u016f 3D model\u016f AI<\/a><\/li><li><a href=\"#faq\">\u010cASTO KLADEN\u00c9 DOTAZY<\/a><\/li><\/ul><\/nav><\/div>\n\n\n\n<h3 class=\"wp-block-heading\" id=\"what-is-an-ai-3-d-model-generator\">Co je to gener\u00e1tor 3D model\u016f AI?<\/h3>\n\n\n\n<p class=\"\">Gener\u00e1tor 3D model\u016f s um\u011blou inteligenc\u00ed je softwarov\u00fd n\u00e1stroj, kter\u00fd vyu\u017e\u00edv\u00e1 algoritmy um\u011bl\u00e9 inteligence k vytv\u00e1\u0159en\u00ed trojrozm\u011brn\u00fdch model\u016f z r\u016fzn\u00fdch vstup\u016f, jako jsou 2D obr\u00e1zky, textov\u00e9 podn\u011bty nebo fotografie. Tyto n\u00e1stroje vyu\u017e\u00edvaj\u00ed pokro\u010dil\u00e9 techniky strojov\u00e9ho u\u010den\u00ed k vytv\u00e1\u0159en\u00ed podrobn\u00fdch a p\u0159esn\u00fdch 3D reprezentac\u00ed.<\/p>\n\n\n\n<h3 class=\"wp-block-heading\" id=\"why-use-an-ai-3-d-model-generator\">Pro\u010d pou\u017e\u00edvat gener\u00e1tor 3D model\u016f s um\u011blou inteligenc\u00ed?<\/h3>\n\n\n\n<p class=\"\">Pou\u017eit\u00ed gener\u00e1toru 3D model\u016f s um\u011blou inteligenc\u00ed m\u016f\u017ee v\u00fdrazn\u011b zjednodu\u0161it proces vytv\u00e1\u0159en\u00ed 3D model\u016f. Tyto n\u00e1stroje mohou:<\/p>\n\n\n\n<ul class=\"wp-block-list\">\n<li class=\"\">U\u0161et\u0159\u00edte \u010das a \u00fasil\u00ed ve srovn\u00e1n\u00ed s tradi\u010dn\u00edmi technikami 3D modelov\u00e1n\u00ed.<\/li>\n\n\n\n<li class=\"\">Poskytov\u00e1n\u00ed vysoce kvalitn\u00edch a p\u0159esn\u00fdch model\u016f.<\/li>\n\n\n\n<li class=\"\">Umo\u017e\u0148uje u\u017eivatel\u016fm s mal\u00fdmi nebo \u017e\u00e1dn\u00fdmi zku\u0161enostmi s 3D modelov\u00e1n\u00edm vytv\u00e1\u0159et slo\u017eit\u00e9 modely.<\/li>\n<\/ul>\n\n\n\n<h3 class=\"wp-block-heading\" id=\"benefits-of-using-an-ai-3-d-model-generator\">V\u00fdhody pou\u017e\u00edv\u00e1n\u00ed gener\u00e1toru 3D model\u016f s um\u011blou inteligenc\u00ed<\/h3>\n\n\n\n<ul class=\"wp-block-list\">\n<li class=\"\"><strong>\u00da\u010dinnost<\/strong>: Rychle p\u0159ev\u00e1d\u011bjte 2D obr\u00e1zky na 3D modely nebo generujte 3D modely z textov\u00fdch popis\u016f.<\/li>\n\n\n\n<li class=\"\"><strong>P\u0159\u00edstupnost<\/strong>: Zp\u0159\u00edstupn\u011bte 3D modelov\u00e1n\u00ed i neodborn\u00edk\u016fm.<\/li>\n\n\n\n<li class=\"\"><strong>N\u00e1kladov\u011b efektivn\u00ed<\/strong>: Sni\u017ete pot\u0159ebu drah\u00e9ho softwaru pro 3D modelov\u00e1n\u00ed a kvalifikovan\u00e9 pracovn\u00ed s\u00edly.<\/li>\n\n\n\n<li class=\"\"><strong>V\u0161estrannost<\/strong>: Vytv\u00e1\u0159ejte modely pro r\u016fzn\u00e9 aplikace, od videoher po architektonick\u00e9 n\u00e1vrhy.<\/li>\n<\/ul>\n\n\n\n<h3 class=\"wp-block-heading\" id=\"when-to-use-an-ai-3-d-model-generator\">Kdy pou\u017e\u00edt gener\u00e1tor 3D model\u016f AI<\/h3>\n\n\n\n<p class=\"\">Gener\u00e1tory 3D model\u016f AI jsou ide\u00e1ln\u00ed pro:<\/p>\n\n\n\n<ul class=\"wp-block-list\">\n<li class=\"\">Rychl\u00e9 prototypov\u00e1n\u00ed v designu a v\u00fdrob\u011b.<\/li>\n\n\n\n<li class=\"\">Vytv\u00e1\u0159en\u00ed prost\u0159edk\u016f pro videohry a virtu\u00e1ln\u00ed realitu.<\/li>\n\n\n\n<li class=\"\">Vylep\u0161en\u00ed vizu\u00e1ln\u00edho obsahu pro marketing a soci\u00e1ln\u00ed m\u00e9dia.<\/li>\n\n\n\n<li class=\"\">v\u00fdukov\u00e9 \u00fa\u010dely, nap\u0159\u00edklad vizualizace slo\u017eit\u00fdch pojm\u016f.<\/li>\n<\/ul>\n\n\n\n<h3 class=\"wp-block-heading\" id=\"who-should-use-an-ai-3-d-model-generator\">Kdo by m\u011bl pou\u017e\u00edvat gener\u00e1tor 3D model\u016f s um\u011blou inteligenc\u00ed?<\/h3>\n\n\n\n<p class=\"\">Tyto n\u00e1stroje jsou u\u017eite\u010dn\u00e9 pro:<\/p>\n\n\n\n<ul class=\"wp-block-list\">\n<li class=\"\">N\u00e1vrh\u00e1\u0159i a um\u011blci, kte\u0159\u00ed cht\u011bj\u00ed zefektivnit sv\u00e9 pracovn\u00ed postupy.<\/li>\n\n\n\n<li class=\"\">Pedagogov\u00e9 a studenti obor\u016f, jako je stroj\u00edrenstv\u00ed a architektura.<\/li>\n\n\n\n<li class=\"\">Marketingov\u00ed profesion\u00e1lov\u00e9, kte\u0159\u00ed cht\u011bj\u00ed vytv\u00e1\u0159et poutav\u00fd vizu\u00e1ln\u00ed obsah.<\/li>\n\n\n\n<li class=\"\">Hobbyist\u00e9 a nad\u0161enci, kte\u0159\u00ed se zab\u00fdvaj\u00ed 3D modelov\u00e1n\u00edm.<\/li>\n<\/ul>\n\n\n\n<h3 class=\"wp-block-heading\" id=\"comparison-of-ai-3-d-model-generators\">Porovn\u00e1n\u00ed gener\u00e1tor\u016f 3D model\u016f AI<\/h3>\n\n\n\n<p class=\"\">N\u00ed\u017ee je uvedeno srovn\u00e1n\u00ed popul\u00e1rn\u00edch gener\u00e1tor\u016f 3D model\u016f AI na z\u00e1klad\u011b ned\u00e1vn\u00fdch zji\u0161t\u011bn\u00ed z r\u016fzn\u00fdch zdroj\u016f:<\/p>\n\n\n\n<figure class=\"wp-block-table\"><table class=\"has-fixed-layout\"><thead><tr><th>N\u00e1stroj<\/th><th>Klady<\/th><th>Nev\u00fdhody<\/th><th>V\u00fdhody<\/th><th>V\u00fdzvy<\/th><th>Doporu\u010den\u00ed<\/th><\/tr><\/thead><tbody><tr><td><a href=\"https:\/\/aiartfree.online\/cs\/generator-3d-modelu-ai\/\">Gener\u00e1tor 3D model\u016f AI od Free AI Art Generator<\/a><\/td><td>Vysoce kvalitn\u00ed modely<\/td><td>Omezen\u00e9 p\u0159izp\u016fsoben\u00ed<\/td><td>Snadn\u00e9 pou\u017eit\u00ed<\/td><td>Vy\u017eaduje p\u0159ipojen\u00ed k internetu<\/td><td>Nejlep\u0161\u00ed pro za\u010d\u00e1te\u010dn\u00edky<\/td><\/tr><tr><td><a href=\"https:\/\/www.openai.com\/dall-e-3\" target=\"_blank\" rel=\"noopener\">DALL-E 3<\/a><\/td><td>Vysoce kvalitn\u00ed modely<\/td><td>Omezen\u00e9 p\u0159izp\u016fsoben\u00ed<\/td><td>Snadn\u00e9 pou\u017eit\u00ed<\/td><td>Vy\u017eaduje p\u0159ipojen\u00ed k internetu<\/td><td>Nejlep\u0161\u00ed pro za\u010d\u00e1te\u010dn\u00edky<\/td><\/tr><tr><td><a href=\"https:\/\/www.nvidia.com\/en-us\/research\/ai-playground\/\" target=\"_blank\" rel=\"noopener\">NVIDIA GauGAN<\/a><\/td><td>Rychl\u00e9 zpracov\u00e1n\u00ed<\/td><td>Drah\u00e9<\/td><td>Pokro\u010dil\u00e9 funkce<\/td><td>Strm\u00e1 k\u0159ivka u\u010den\u00ed<\/td><td>Ide\u00e1ln\u00ed pro profesion\u00e1ly<\/td><\/tr><tr><td><a href=\"https:\/\/deepart.io\/\" target=\"_blank\" rel=\"noopener\">DeepArt.io<\/a><\/td><td>K dispozici je bezplatn\u00e1 verze<\/td><td>Reklamy ve verzi zdarma<\/td><td>Velk\u00e1 podpora komunity<\/td><td>Omezen\u00e9 mo\u017enosti v\u00fdvozu<\/td><td>Vhodn\u00e9 pro hobbyisty<\/td><\/tr><tr><td><a href=\"https:\/\/www.artbreeder.com\/\" target=\"_blank\" rel=\"noopener\">Artbreeder<\/a><\/td><td>P\u0159esn\u00e9 modely<\/td><td>Pot\u0159ebn\u00e9 p\u0159edplatn\u00e9<\/td><td>U\u017eivatelsky p\u0159\u00edv\u011btiv\u00e9 rozhran\u00ed<\/td><td>Omezeno na konkr\u00e9tn\u00ed p\u0159\u00edpady pou\u017eit\u00ed<\/td><td>Vhodn\u00e9 pro specifick\u00e1 pr\u016fmyslov\u00e1 odv\u011btv\u00ed<\/td><\/tr><tr><td><a href=\"https:\/\/spline.design\/\" target=\"_blank\" rel=\"noopener\">Dr\u00e1\u017ekov\u00e1n\u00ed<\/a><\/td><td>Robustn\u00ed funkce<\/td><td>Vysok\u00e9 n\u00e1klady<\/td><td>Rozs\u00e1hl\u00e1 knihovna<\/td><td>Vy\u017eaduje v\u00fdkonn\u00fd hardware<\/td><td>Nejlep\u0161\u00ed pro velk\u00e9 projekty<\/td><\/tr><tr><td><a href=\"https:\/\/www.blender.org\/\" target=\"_blank\" rel=\"noopener\">Blender<\/a><\/td><td>Svobodn\u00fd a otev\u0159en\u00fd zdrojov\u00fd k\u00f3d<\/td><td>Strm\u00e1 k\u0159ivka u\u010den\u00ed<\/td><td>Vysoce univerz\u00e1ln\u00ed<\/td><td>Komplexn\u00ed pro za\u010d\u00e1te\u010dn\u00edky<\/td><td>Ide\u00e1ln\u00ed pro pokro\u010dil\u00e9 u\u017eivatele<\/td><\/tr><tr><td><a>Meshroom<\/a><\/td><td>Svobodn\u00fd a otev\u0159en\u00fd zdrojov\u00fd k\u00f3d<\/td><td>Vy\u017eaduje v\u00fdkonn\u00fd hardware<\/td><td>Fotogrammetrie<\/td><td>M\u016f\u017ee b\u00fdt pomal\u00fd<\/td><td>Nejlep\u0161\u00ed pro fotogrammetrick\u00e9 projekty<\/td><\/tr><tr><td><a href=\"https:\/\/pixologic.com\/\" target=\"_blank\" rel=\"noopener\">ZBrush<\/a><\/td><td>Pr\u016fmyslov\u00fd standard<\/td><td>Vysok\u00e9 n\u00e1klady<\/td><td>N\u00e1stroje profesion\u00e1ln\u00ed t\u0159\u00eddy<\/td><td>Vy\u017eaduje \u0161kolen\u00ed<\/td><td>Nejlep\u0161\u00ed pro profesion\u00e1ly<\/td><\/tr><tr><td><a href=\"https:\/\/www.tinkercad.com\/\" target=\"_blank\" rel=\"noopener\">Tinkercad<\/a><\/td><td>Snadn\u00e9 pou\u017eit\u00ed<\/td><td>Omezen\u00e9 pokro\u010dil\u00e9 funkce<\/td><td>Webov\u00e9 str\u00e1nky<\/td><td>Z\u00e1kladn\u00ed funkce<\/td><td>Skv\u011bl\u00e9 pro za\u010d\u00e1te\u010dn\u00edky a pedagogy<\/td><\/tr><\/tbody><\/table><\/figure>\n\n\n\n<p class=\"\"><strong>Doporu\u010den\u00ed nejlep\u0161\u00edho n\u00e1stroje<\/strong>: Nejlep\u0161\u00edm n\u00e1strojem pro generov\u00e1n\u00ed 3D model\u016f s um\u011blou inteligenc\u00ed je <a href=\"https:\/\/aiartfree.online\/cs\/generator-3d-modelu-ai\/\">Gener\u00e1tor 3D model\u016f AI od Free AI Art Generator<\/a>. Nab\u00edz\u00ed vyv\u00e1\u017eenou kombinaci snadn\u00e9ho pou\u017eit\u00ed, vysoce kvalitn\u00edho v\u00fdstupu a robustn\u00edch funkc\u00ed, tak\u017ee je vhodn\u00fd jak pro za\u010d\u00e1te\u010dn\u00edky, tak pro profesion\u00e1ly.<\/p>\n\n\n\n<h3 class=\"wp-block-heading\" id=\"faq\">\u010cASTO KLADEN\u00c9 DOTAZY<\/h3>\n\n\n\n<ol class=\"wp-block-list\">\n<li class=\"\"><strong>Jak\u00fd je nejlep\u0161\u00ed gener\u00e1tor 3D model\u016f AI?<\/strong> Nejlep\u0161\u00ed gener\u00e1tor 3D model\u016f AI je ten, kter\u00fd nab\u00edz\u00ed Free AI Art Generator, k dispozici <a href=\"https:\/\/aiartfree.online\/cs\/generator-3d-modelu-ai\/\">zde<\/a>.<\/li>\n\n\n\n<li class=\"\"><strong>Jak funguj\u00ed gener\u00e1tory 3D model\u016f s um\u011blou inteligenc\u00ed?<\/strong> Pomoc\u00ed algoritm\u016f um\u011bl\u00e9 inteligence zpracov\u00e1vaj\u00ed vstupn\u00ed data (nap\u0159\u00edklad 2D obr\u00e1zky nebo text) a vytv\u00e1\u0159ej\u00ed 3D modely na z\u00e1klad\u011b nau\u010den\u00fdch vzor\u016f.<\/li>\n\n\n\n<li class=\"\"><strong>Mohu p\u0159ev\u00e9st 2D obr\u00e1zek na 3D model?<\/strong> Ano, mnoho gener\u00e1tor\u016f 3D model\u016f um\u011bl\u00e9 inteligence dok\u00e1\u017ee p\u0159ev\u00e1d\u011bt 2D obr\u00e1zky na 3D modely.<\/li>\n\n\n\n<li class=\"\"><strong>Existuje bezplatn\u00fd gener\u00e1tor 3D model\u016f AI?<\/strong> Ano, n\u011bkter\u00e9 n\u00e1stroje nab\u00edzej\u00ed bezplatn\u00e9 verze s omezen\u00fdmi funkcemi.<\/li>\n\n\n\n<li class=\"\"><strong>Jak\u00e9 jsou v\u00fdhody pou\u017e\u00edv\u00e1n\u00ed gener\u00e1toru 3D model\u016f s um\u011blou inteligenc\u00ed?<\/strong> Mezi v\u00fdhody pat\u0159\u00ed efektivita, dostupnost, n\u00e1kladov\u00e1 efektivita a v\u0161estrannost.<\/li>\n\n\n\n<li class=\"\"><strong>Dok\u00e1\u017ee um\u011bl\u00e1 inteligence generovat 3D modely z textov\u00fdch popis\u016f?<\/strong> Ano, n\u011bkter\u00e9 pokro\u010dil\u00e9 n\u00e1stroje um\u011bl\u00e9 inteligence dok\u00e1\u017e\u00ed generovat 3D modely z textov\u00fdch pokyn\u016f.<\/li>\n\n\n\n<li class=\"\"><strong>Jak\u00e1 odv\u011btv\u00ed pou\u017e\u00edvaj\u00ed gener\u00e1tory 3D model\u016f s um\u011blou inteligenc\u00ed?<\/strong> Mezi odv\u011btv\u00ed pat\u0159\u00ed hern\u00ed pr\u016fmysl, architektura, v\u00fdroba a vzd\u011bl\u00e1v\u00e1n\u00ed.<\/li>\n\n\n\n<li class=\"\"><strong>Jsou gener\u00e1tory 3D model\u016f s um\u011blou inteligenc\u00ed p\u0159esn\u00e9?<\/strong> Mohou vytv\u00e1\u0159et velmi p\u0159esn\u00e9 modely, a\u010dkoli kvalita se m\u016f\u017ee li\u0161it v z\u00e1vislosti na n\u00e1stroji.<\/li>\n\n\n\n<li class=\"\"><strong>Pot\u0159ebuji k pou\u017e\u00edv\u00e1n\u00ed gener\u00e1tor\u016f 3D model\u016f AI pokro\u010dil\u00e9 dovednosti?<\/strong> Ne, mnoho n\u00e1stroj\u016f je navr\u017eeno tak, aby se snadno pou\u017e\u00edvaly i neodborn\u00edk\u016fm.<\/li>\n\n\n\n<li class=\"\"><strong>Kde najdu dal\u0161\u00ed informace o gener\u00e1torech 3D model\u016f AI?<\/strong> Dal\u0161\u00ed informace a nejlep\u0161\u00ed n\u00e1stroje najdete na adrese <a href=\"https:\/\/aiartfree.online\/cs\/generator-3d-modelu-ai\/\">Um\u011bn\u00ed AI zdarma<\/a>.<\/li>\n<\/ol>","protected":false},"excerpt":{"rendered":"<p>What our users made How to use AI 3d Model Generator *&nbsp;Depending on your internet speed, loading the model may take a few seconds.* There will be caching during continuous generation, and the new image will appear after about 3 seconds. Introduction of AI 3D Model Generator Creating 3D models has never been easier with &#8230; <a title=\"Gener\u00e1tor 3D model\u016f AI\" class=\"read-more\" href=\"https:\/\/aiartfree.online\/cs\/generator-3d-modelu-ai\/\" aria-label=\"Read more about AI 3d Model Generator\">\u010c\u00edst d\u00e1l<\/a><\/p>","protected":false},"author":1,"featured_media":0,"parent":0,"menu_order":0,"comment_status":"open","ping_status":"closed","template":"","meta":{"nf_dc_page":"","footnotes":""},"class_list":["post-2968","page","type-page","status-publish"],"jetpack_sharing_enabled":true,"_links":{"self":[{"href":"https:\/\/aiartfree.online\/cs\/wp-json\/wp\/v2\/pages\/2968","targetHints":{"allow":["GET"]}}],"collection":[{"href":"https:\/\/aiartfree.online\/cs\/wp-json\/wp\/v2\/pages"}],"about":[{"href":"https:\/\/aiartfree.online\/cs\/wp-json\/wp\/v2\/types\/page"}],"author":[{"embeddable":true,"href":"https:\/\/aiartfree.online\/cs\/wp-json\/wp\/v2\/users\/1"}],"replies":[{"embeddable":true,"href":"https:\/\/aiartfree.online\/cs\/wp-json\/wp\/v2\/comments?post=2968"}],"version-history":[{"count":0,"href":"https:\/\/aiartfree.online\/cs\/wp-json\/wp\/v2\/pages\/2968\/revisions"}],"wp:attachment":[{"href":"https:\/\/aiartfree.online\/cs\/wp-json\/wp\/v2\/media?parent=2968"}],"curies":[{"name":"wp","href":"https:\/\/api.w.org\/{rel}","templated":true}]}}