{"id":2964,"date":"2024-07-19T11:19:39","date_gmt":"2024-07-19T11:19:39","guid":{"rendered":"https:\/\/aiartfree.online\/?page_id=2964"},"modified":"2024-08-02T11:27:30","modified_gmt":"2024-08-02T11:27:30","slug":"ai-drawing-generator","status":"publish","type":"page","link":"https:\/\/aiartfree.online\/cs\/generator-vykresu-ai\/","title":{"rendered":"Gener\u00e1tor v\u00fdkres\u016f AI"},"content":{"rendered":"<h2 class=\"wp-block-heading has-text-align-center\" id=\"before-vs-after\">P\u0159ed vs. po<\/h2>\n\n\n\n<figure class=\"gb-block-image gb-block-image-1822da1f\"><img data-recalc-dims=\"1\" decoding=\"async\" loading=\"lazy\" width=\"1200\" height=\"273\" class=\"gb-image gb-image-1822da1f\" src=\"https:\/\/i0.wp.com\/aiartfree.online\/wp-content\/uploads\/2024\/07\/WX20240731-180407%402x-scaled.webp?resize=1200%2C273&#038;ssl=1\" alt=\"Gener\u00e1tor v\u00fdkres\u016f AI\" title=\"WX20240731-180407@2x\" srcset=\"https:\/\/i0.wp.com\/aiartfree.online\/wp-content\/uploads\/2024\/07\/WX20240731-180407%402x-scaled.webp?w=2560&amp;ssl=1 2560w, https:\/\/i0.wp.com\/aiartfree.online\/wp-content\/uploads\/2024\/07\/WX20240731-180407%402x-scaled.webp?resize=300%2C68&amp;ssl=1 300w, https:\/\/i0.wp.com\/aiartfree.online\/wp-content\/uploads\/2024\/07\/WX20240731-180407%402x-scaled.webp?resize=1024%2C233&amp;ssl=1 1024w, https:\/\/i0.wp.com\/aiartfree.online\/wp-content\/uploads\/2024\/07\/WX20240731-180407%402x-scaled.webp?resize=768%2C175&amp;ssl=1 768w, https:\/\/i0.wp.com\/aiartfree.online\/wp-content\/uploads\/2024\/07\/WX20240731-180407%402x-scaled.webp?resize=1536%2C349&amp;ssl=1 1536w, https:\/\/i0.wp.com\/aiartfree.online\/wp-content\/uploads\/2024\/07\/WX20240731-180407%402x-scaled.webp?resize=2048%2C465&amp;ssl=1 2048w, https:\/\/i0.wp.com\/aiartfree.online\/wp-content\/uploads\/2024\/07\/WX20240731-180407%402x-scaled.webp?resize=18%2C4&amp;ssl=1 18w, https:\/\/i0.wp.com\/aiartfree.online\/wp-content\/uploads\/2024\/07\/WX20240731-180407%402x-scaled.webp?resize=600%2C136&amp;ssl=1 600w, https:\/\/i0.wp.com\/aiartfree.online\/wp-content\/uploads\/2024\/07\/WX20240731-180407%402x-scaled.webp?w=2400&amp;ssl=1 2400w\" sizes=\"auto, (max-width: 1200px) 100vw, 1200px\" \/><\/figure>\n\n\n\n<h2 class=\"wp-block-heading\" id=\"how-to-use-ai-drawing-generator\">Jak pou\u017e\u00edvat AI Drawing Generator<\/h2>\n\n\n\n<ol class=\"wp-block-list\">\n<li class=\"\">Vytvo\u0159te si jednoduchou \u010d\u00e1rovou kresbu<\/li>\n\n\n\n<li class=\"\">Klikn\u011bte na \"rozpt\u00fdlit zbytek\"<\/li>\n\n\n\n<li class=\"\">Po\u010dkejte a pak si vyberte ten, kter\u00fd v\u00e1m vyhovuje.<\/li>\n\n\n\n<li class=\"\">Znovu klikn\u011bte na \"rozpt\u00fdlit zbytek\"!<\/li>\n\n\n\n<li class=\"\">Opakujte 3 a 4, dokud nebudete s v\u00fdsledkem spokojeni.<\/li>\n<\/ol>\n\n\n\n<p class=\"\"><em>* V z\u00e1vislosti na rychlosti va\u0161eho internetu m\u016f\u017ee na\u010d\u00edt\u00e1n\u00ed modelu trvat n\u011bkolik sekund.<\/em><\/p>\n\n\n\n<div class=\"iframe-wrapper\" style=\"position: relative; width: 100%; height: 1200px;\">\n  <div class=\"loading\" style=\"position: absolute; top: 50px; left: 50%; transform: translate(-50%, -50%); width: 40px; height: 40px; border: 3px solid #f0f0f0; border-top: 3px solid #db7093; border-radius: 50%; animation: spin 1s linear infinite;\"><\/div>\n  <iframe loading=\"lazy\" src=\"https:\/\/huggingface-projects-diffuse-the-rest.static.hf.space\" frameborder=\"0\" width=\"100%\" height=\"100%\" style=\"position: absolute; top: 0; left: 0; opacity: 0; transition: opacity 0.3s;\" onload=\"this.style.opacity=1;this.previousElementSibling.style.display='none';\"><\/iframe>\n<\/div>\n\n<style>\n@keyframes spin {\n  0% { transform: translate(-50%, -50%) rotate(0deg); }\n  100% { transform: translate(-50%, -50%) rotate(360deg); }\n}\n<\/style>\n\n\n\n<div style=\"height:50px\" aria-hidden=\"true\" class=\"wp-block-spacer\"><\/div>\n\n\n\n<h2 class=\"wp-block-heading\" id=\"introduction-of-ai-drawing-generator\">P\u0159edstaven\u00ed gener\u00e1toru v\u00fdkres\u016f AI<\/h2>\n\n\n\n<p class=\"\">Gener\u00e1tory kreseb s um\u011blou inteligenc\u00ed zp\u016fsobily revoluci v procesu tvorby um\u011bleck\u00fdch d\u011bl t\u00edm, \u017ee vyu\u017e\u00edvaj\u00ed um\u011blou inteligenci ke generov\u00e1n\u00ed \u00fa\u017easn\u00fdch obr\u00e1zk\u016f na z\u00e1klad\u011b u\u017eivatelsk\u00fdch vstup\u016f. Tato technologie otev\u0159ela nov\u00e9 mo\u017enosti pro um\u011blce, design\u00e9ry a kreativn\u00ed nad\u0161ence.<\/p>\n\n\n\n<div class=\"wp-block-rank-math-toc-block\" id=\"rank-math-toc\"><h3>Obsah<\/h3><nav><ul><li><a href=\"#what-is-an-ai-drawing-generator\">Co je to gener\u00e1tor kreslen\u00ed um\u011bl\u00e9 inteligence?<\/a><\/li><li><a href=\"#why-use-an-ai-drawing-generator\">Pro\u010d pou\u017e\u00edvat gener\u00e1tor v\u00fdkres\u016f um\u011bl\u00e9 inteligence?<\/a><\/li><li><a href=\"#benefits-of-using-an-ai-drawing-generator\">V\u00fdhody pou\u017e\u00edv\u00e1n\u00ed gener\u00e1toru v\u00fdkres\u016f AI<\/a><\/li><li><a href=\"#when-to-use-an-ai-drawing-generator\">Kdy pou\u017e\u00edt gener\u00e1tor v\u00fdkres\u016f AI<\/a><\/li><li><a href=\"#who-should-use-an-ai-drawing-generator\">Kdo by m\u011bl pou\u017e\u00edvat gener\u00e1tor v\u00fdkres\u016f AI<\/a><\/li><li><a href=\"#tools-and-resources-for-ai-drawing-generators\">N\u00e1stroje a zdroje pro gener\u00e1tory v\u00fdkres\u016f AI<\/a><\/li><li><a href=\"#frequently-asked-questions-faq\">\u010casto kladen\u00e9 ot\u00e1zky (FAQ)<\/a><\/li><\/ul><\/nav><\/div>\n\n\n\n<h3 class=\"wp-block-heading\" id=\"what-is-an-ai-drawing-generator\">Co je to gener\u00e1tor kreslen\u00ed um\u011bl\u00e9 inteligence?<\/h3>\n\n\n\n<p class=\"\">Gener\u00e1tor kreseb s um\u011blou inteligenc\u00ed je n\u00e1stroj, kter\u00fd vyu\u017e\u00edv\u00e1 algoritmy um\u011bl\u00e9 inteligence k vytv\u00e1\u0159en\u00ed obr\u00e1zk\u016f na z\u00e1klad\u011b textov\u00fdch pokyn\u016f nebo jin\u00fdch vstup\u016f. Tyto gener\u00e1tory mohou vytv\u00e1\u0159et \u0161irokou \u0161k\u00e1lu um\u011bleck\u00fdch styl\u016f, od abstraktn\u00edch n\u00e1vrh\u016f po realistick\u00e9 obr\u00e1zky, a to na z\u00e1klad\u011b zpracov\u00e1n\u00ed velk\u00fdch soubor\u016f dat existuj\u00edc\u00edch um\u011bleck\u00fdch d\u011bl a u\u010den\u00ed se vzor\u016fm a styl\u016fm.<\/p>\n\n\n\n<h3 class=\"wp-block-heading\" id=\"why-use-an-ai-drawing-generator\">Pro\u010d pou\u017e\u00edvat gener\u00e1tor v\u00fdkres\u016f um\u011bl\u00e9 inteligence?<\/h3>\n\n\n\n<p class=\"\">Gener\u00e1tory kreseb AI nab\u00edzej\u00ed jedine\u010dn\u00fd a efektivn\u00ed zp\u016fsob vytv\u00e1\u0159en\u00ed um\u011bleck\u00fdch d\u011bl. Umo\u017e\u0148uj\u00ed u\u017eivatel\u016fm experimentovat s r\u016fzn\u00fdmi styly a n\u00e1pady, ani\u017e by pot\u0159ebovali pokro\u010dil\u00e9 technick\u00e9 dovednosti. Krom\u011b toho mohou u\u0161et\u0159it \u010das a zdroje t\u00edm, \u017ee automatizuj\u00ed proces tvorby um\u011bleck\u00fdch d\u011bl.<\/p>\n\n\n\n<h3 class=\"wp-block-heading\" id=\"benefits-of-using-an-ai-drawing-generator\">V\u00fdhody pou\u017e\u00edv\u00e1n\u00ed gener\u00e1toru v\u00fdkres\u016f AI<\/h3>\n\n\n\n<ol class=\"wp-block-list\">\n<li class=\"\"><strong>Zlep\u0161en\u00ed kreativity<\/strong>: Gener\u00e1tory um\u011bl\u00e9 inteligence poskytuj\u00ed nov\u00e9 perspektivy a n\u00e1pady a pom\u00e1haj\u00ed zvy\u0161ovat kreativitu.<\/li>\n\n\n\n<li class=\"\"><strong>\u010casov\u00e1 efektivita<\/strong>: Rychle generujte v\u00edce n\u00e1vrh\u016f a koncept\u016f.<\/li>\n\n\n\n<li class=\"\"><strong>N\u00e1kladov\u011b efektivn\u00ed<\/strong>: Sni\u017euje pot\u0159ebu drah\u00fdch v\u00fdtvarn\u00fdch pot\u0159eb nebo naj\u00edm\u00e1n\u00ed profesion\u00e1ln\u00edch um\u011blc\u016f.<\/li>\n\n\n\n<li class=\"\"><strong>V\u0161estrannost<\/strong>: Schopnost vytv\u00e1\u0159et r\u016fzn\u00e9 styly a typy um\u011bleck\u00fdch d\u011bl.<\/li>\n\n\n\n<li class=\"\"><strong>P\u0159\u00edstupnost<\/strong>: Zp\u0159\u00edstup\u0148uje um\u011bleckou tvorbu ka\u017ed\u00e9mu bez ohledu na \u00farove\u0148 jeho dovednost\u00ed.<\/li>\n<\/ol>\n\n\n\n<h3 class=\"wp-block-heading\" id=\"when-to-use-an-ai-drawing-generator\">Kdy pou\u017e\u00edt gener\u00e1tor v\u00fdkres\u016f AI<\/h3>\n\n\n\n<p class=\"\">Gener\u00e1tory kreslen\u00ed AI jsou vhodn\u00e9 pro r\u016fzn\u00e9 sc\u00e9n\u00e1\u0159e:<\/p>\n\n\n\n<ul class=\"wp-block-list\">\n<li class=\"\"><strong>Kreativn\u00ed projekty<\/strong>: Pro vytv\u00e1\u0159en\u00ed jedine\u010dn\u00fdch um\u011bleck\u00fdch d\u011bl pro osobn\u00ed nebo profesion\u00e1ln\u00ed projekty.<\/li>\n\n\n\n<li class=\"\"><strong>Marketing a reklama<\/strong>: Vytv\u00e1\u0159en\u00ed poutav\u00fdch vizu\u00e1l\u016f pro kampan\u011b.<\/li>\n\n\n\n<li class=\"\"><strong>Obsah soci\u00e1ln\u00edch m\u00e9di\u00ed<\/strong>: Vytv\u00e1\u0159en\u00ed poutav\u00fdch a sd\u00edlen\u00fdch obr\u00e1zk\u016f.<\/li>\n\n\n\n<li class=\"\"><strong>Vzd\u011bl\u00e1vac\u00ed \u00fa\u010dely<\/strong>: V\u00fduka a demonstrace koncept\u016f um\u011bl\u00e9 inteligence a um\u011bn\u00ed.<\/li>\n\n\n\n<li class=\"\"><strong>N\u00e1vrh prototypu<\/strong>: Rychl\u00e1 vizualizace pojm\u016f a my\u0161lenek.<\/li>\n<\/ul>\n\n\n\n<h3 class=\"wp-block-heading\" id=\"who-should-use-an-ai-drawing-generator\">Kdo by m\u011bl pou\u017e\u00edvat gener\u00e1tor v\u00fdkres\u016f AI<\/h3>\n\n\n\n<ul class=\"wp-block-list\">\n<li class=\"\"><strong>Um\u011blci<\/strong>: Pro objevov\u00e1n\u00ed nov\u00fdch styl\u016f a n\u00e1pad\u016f.<\/li>\n\n\n\n<li class=\"\"><strong>N\u00e1vrh\u00e1\u0159i<\/strong>: Zefektivn\u011bn\u00ed procesu n\u00e1vrhu.<\/li>\n\n\n\n<li class=\"\"><strong>Market\u00e9\u0159i<\/strong>: Pro vytv\u00e1\u0159en\u00ed p\u0159esv\u011bd\u010div\u00fdch vizu\u00e1l\u016f.<\/li>\n\n\n\n<li class=\"\"><strong>Pedagogov\u00e9<\/strong>: Ilustrovat t\u00e9mata um\u011bl\u00e9 inteligence a um\u011bn\u00ed.<\/li>\n\n\n\n<li class=\"\"><strong>Hobbyist\u00e9<\/strong>: Ka\u017ed\u00fd, kdo m\u00e1 z\u00e1jem o um\u011bleckou tvorbu, ani\u017e by pot\u0159eboval pokro\u010dil\u00e9 dovednosti.<\/li>\n<\/ul>\n\n\n\n<h3 class=\"wp-block-heading\" id=\"tools-and-resources-for-ai-drawing-generators\">N\u00e1stroje a zdroje pro gener\u00e1tory v\u00fdkres\u016f AI<\/h3>\n\n\n\n<p class=\"\">Abychom v\u00e1m poskytli komplexn\u00ed informace, prozkoumali jsme nejnov\u011bj\u0161\u00ed gener\u00e1tory v\u00fdkres\u016f AI dostupn\u00e9 online. N\u00ed\u017ee uv\u00e1d\u00edme 10 nejlep\u0161\u00edch n\u00e1stroj\u016f spolu se shrnut\u00edm jejich siln\u00fdch a slab\u00fdch str\u00e1nek:<\/p>\n\n\n\n<figure class=\"wp-block-table\"><table class=\"has-fixed-layout\"><thead><tr><th>N\u00e1stroj<\/th><th>ADRESA URL<\/th><th>V\u00fdhody<\/th><th>Nev\u00fdhody<\/th><\/tr><\/thead><tbody><tr><td>DeepArt<\/td><td><a href=\"https:\/\/deepart.io\" target=\"_blank\" rel=\"noopener\">deepart.io<\/a><\/td><td>Vysoce kvalitn\u00ed v\u00fdsledky, rozmanit\u00e9 styly<\/td><td>Doba zpracov\u00e1n\u00ed m\u016f\u017ee b\u00fdt pomal\u00e1<\/td><\/tr><tr><td>Artbreeder<\/td><td><a href=\"https:\/\/artbreeder.com\" target=\"_blank\" rel=\"noopener\">artbreeder.com<\/a><\/td><td>Platforma pro spolupr\u00e1ci, snadn\u00e9 pou\u017eit\u00ed<\/td><td>Omezen\u00e9 mo\u017enosti p\u0159izp\u016fsoben\u00ed<\/td><\/tr><tr><td>RunwayML<\/td><td><a href=\"https:\/\/runwayml.com\" target=\"_blank\" rel=\"noopener\">runwayml.com<\/a><\/td><td>Integrace s r\u016fzn\u00fdmi modely AI, u\u017eivatelsky p\u0159\u00edv\u011btiv\u00e9<\/td><td>Pro z\u00edsk\u00e1n\u00ed v\u0161ech funkc\u00ed je nutn\u00e9 p\u0159edplatn\u00e9<\/td><\/tr><tr><td>DALL-E 2<\/td><td><a href=\"https:\/\/openai.com\/dall-e-2\" target=\"_blank\" rel=\"noopener\">openai.com\/dall-e-2<\/a><\/td><td>Generuje sn\u00edmky s vysok\u00fdm rozli\u0161en\u00edm<\/td><td>Omezen\u00e1 dostupnost, vysok\u00e9 n\u00e1klady<\/td><\/tr><tr><td>Gener\u00e1tor hlubok\u00fdch sn\u016f<\/td><td><a href=\"https:\/\/deepdreamgenerator.com\" target=\"_blank\" rel=\"noopener\">deepdreamgenerator.com<\/a><\/td><td>Kreativn\u00ed a surrealistick\u00e9 efekty<\/td><td>V\u00fdsledky mohou b\u00fdt nep\u0159edv\u00eddateln\u00e9<\/td><\/tr><tr><td>PaintsChainer<\/td><td><a>paintschainer.preferred.tech<\/a><\/td><td>Snadn\u00e9 pou\u017eit\u00ed, automatick\u00e9 barven\u00ed<\/td><td>Omezeno na um\u011bn\u00ed ve stylu anime<\/td><\/tr><tr><td>Studio NightCafe<\/td><td><a href=\"https:\/\/nightcafe.studio\" target=\"_blank\" rel=\"noopener\">nightcafe.studio<\/a><\/td><td>U\u017eivatelsky p\u0159\u00edv\u011btiv\u00e9 komunitn\u00ed funkce<\/td><td>N\u011bkter\u00e9 funkce vy\u017eaduj\u00ed platbu<\/td><\/tr><tr><td>VQ-VAE-2<\/td><td><a href=\"https:\/\/github.com\/deepmind\/vq-vae-2\" target=\"_blank\" rel=\"noopener\">github.com\/deepmind\/vq-vae-2<\/a><\/td><td>Vysoce kvalitn\u00ed generativn\u00ed model<\/td><td>Vy\u017eaduje technick\u00e9 znalosti pro pou\u017eit\u00ed<\/td><\/tr><tr><td>GANPaint Studio<\/td><td><a href=\"https:\/\/ganpaint.io\" target=\"_blank\" rel=\"noopener\">ganpaint.io<\/a><\/td><td>Interaktivn\u00ed \u00fapravy, realistick\u00e9 obr\u00e1zky<\/td><td>Omezeno na ur\u010dit\u00e9 typy obr\u00e1zk\u016f<\/td><\/tr><tr><td><a href=\"https:\/\/aiartfree.online\/cs\/generator-vykresu-ai\/\">https:\/\/aiartfree.online\/ai-drawing-generator<\/a><\/td><td><a href=\"https:\/\/aiartfree.online\/cs\/generator-vykresu-ai\/\">aiartfree.online<\/a><\/td><td>Zdarma, snadn\u00e9 pou\u017eit\u00ed, v\u0161estrann\u00e9 pou\u017eit\u00ed<\/td><td>Omezen\u00e9 pokro\u010dil\u00e9 funkce<\/td><\/tr><\/tbody><\/table><\/figure>\n\n\n\n<p class=\"\"><strong>Doporu\u010den\u00ed nejlep\u0161\u00edho n\u00e1stroje<\/strong>: Nejlep\u0161\u00edm n\u00e1strojem pro v\u011bt\u0161inu u\u017eivatel\u016f je <a href=\"https:\/\/aiartfree.online\/cs\/generator-vykresu-ai\/\">Gener\u00e1tor kresby AI Art Free<\/a> d\u00edky kombinaci p\u0159\u00edstupnosti, snadn\u00e9ho pou\u017eit\u00ed a v\u0161estrann\u00fdch funkc\u00ed.<\/p>\n\n\n\n<h3 class=\"wp-block-heading\" id=\"frequently-asked-questions-faq\">\u010casto kladen\u00e9 ot\u00e1zky (FAQ)<\/h3>\n\n\n\n<ol class=\"wp-block-list\">\n<li class=\"\"><strong>Co je to gener\u00e1tor kreslen\u00ed um\u011bl\u00e9 inteligence?<\/strong> Gener\u00e1tor kreseb s um\u011blou inteligenc\u00ed je n\u00e1stroj, kter\u00fd vytv\u00e1\u0159\u00ed obr\u00e1zky na z\u00e1klad\u011b u\u017eivatelsk\u00fdch vstup\u016f pomoc\u00ed algoritm\u016f um\u011bl\u00e9 inteligence.<\/li>\n\n\n\n<li class=\"\"><strong>Jak funguje gener\u00e1tor kreslen\u00ed um\u011bl\u00e9 inteligence?<\/strong> Zpracov\u00e1v\u00e1 rozs\u00e1hl\u00e9 soubory dat existuj\u00edc\u00edch um\u011bleck\u00fdch d\u011bl, aby se nau\u010dil vzory a styly, a pot\u00e9 tyto znalosti vyu\u017e\u00edv\u00e1 k vytv\u00e1\u0159en\u00ed nov\u00fdch obr\u00e1zk\u016f.<\/li>\n\n\n\n<li class=\"\"><strong>Jsou gener\u00e1tory kreslen\u00ed um\u011blou inteligenc\u00ed zdarma?<\/strong> N\u011bkter\u00e9 jsou zdarma, jako nap\u0159. <a href=\"https:\/\/aiartfree.online\/cs\/generator-vykresu-ai\/\">Gener\u00e1tor kresby AI Art Free<\/a>, zat\u00edmco jin\u00e9 mohou vy\u017eadovat p\u0159edplatn\u00e9 nebo jednor\u00e1zovou platbu.<\/li>\n\n\n\n<li class=\"\"><strong>Mohou gener\u00e1tory kreseb s um\u011blou inteligenc\u00ed vytv\u00e1\u0159et realistick\u00e9 obr\u00e1zky?<\/strong> Ano, mnoho gener\u00e1tor\u016f kreslen\u00ed um\u011blou inteligenc\u00ed dok\u00e1\u017ee vytvo\u0159it velmi realistick\u00e9 obr\u00e1zky v z\u00e1vislosti na modelu a zadan\u00fdch vstupn\u00edch \u00fadaj\u00edch.<\/li>\n\n\n\n<li class=\"\"><strong>Mus\u00edm um\u011bt kreslit, abych mohl pou\u017e\u00edvat gener\u00e1tor kreslen\u00ed AI?<\/strong> Ne, tyto n\u00e1stroje jsou navr\u017eeny tak, aby byly u\u017eivatelsky p\u0159\u00edv\u011btiv\u00e9 a p\u0159\u00edstupn\u00e9 v\u0161em bez ohledu na jejich um\u011bleck\u00e9 schopnosti.<\/li>\n\n\n\n<li class=\"\"><strong>Jak\u00e9 typy obr\u00e1zk\u016f lze vytv\u00e1\u0159et pomoc\u00ed gener\u00e1toru kreseb AI?<\/strong> M\u016f\u017eete vytv\u00e1\u0159et \u0161irokou \u0161k\u00e1lu obr\u00e1zk\u016f, v\u010detn\u011b abstraktn\u00edho um\u011bn\u00ed, portr\u00e9t\u016f, krajin a dal\u0161\u00edch.<\/li>\n\n\n\n<li class=\"\"><strong>Jak mohou gener\u00e1tory kreslen\u00ed AI prosp\u011bt m\u00e9mu podnik\u00e1n\u00ed?<\/strong> Mohou u\u0161et\u0159it \u010das a zdroje p\u0159i vytv\u00e1\u0159en\u00ed vizu\u00e1ln\u00edho obsahu, zv\u00fd\u0161it kreativitu a poskytnout jedine\u010dn\u00e9 marketingov\u00e9 materi\u00e1ly.<\/li>\n\n\n\n<li class=\"\"><strong>Jsou obr\u00e1zky vygenerovan\u00e9 pomoc\u00ed AI Drawing Generators chr\u00e1n\u011bny autorsk\u00fdmi pr\u00e1vy?<\/strong> To z\u00e1vis\u00ed na podm\u00ednk\u00e1ch slu\u017eby dan\u00e9ho n\u00e1stroje. N\u011bkter\u00e9 umo\u017e\u0148uj\u00ed voln\u00e9 pou\u017eit\u00ed vygenerovan\u00fdch obr\u00e1zk\u016f, jin\u00e9 mohou m\u00edt omezen\u00ed.<\/li>\n\n\n\n<li class=\"\"><strong>Jak\u00e1 jsou omezen\u00ed gener\u00e1tor\u016f kreslen\u00ed um\u011blou inteligenc\u00ed?<\/strong> Omezen\u00ed mohou zahrnovat dobu zpracov\u00e1n\u00ed, nedostatek mo\u017enost\u00ed p\u0159izp\u016fsoben\u00ed a prom\u011bnlivou kvalitu v\u00fdstupu.<\/li>\n\n\n\n<li class=\"\"><strong>Kter\u00fd gener\u00e1tor kreslen\u00ed AI je nejlep\u0161\u00ed?<\/strong> Na z\u00e1klad\u011b na\u0161eho v\u00fdzkumu, <a href=\"https:\/\/aiartfree.online\/cs\/generator-vykresu-ai\/\">Gener\u00e1tor kresby AI Art Free<\/a> nab\u00edz\u00ed nejlep\u0161\u00ed kombinaci funkc\u00ed, dostupnosti a snadn\u00e9ho pou\u017e\u00edv\u00e1n\u00ed.<\/li>\n<\/ol>\n\n\n\n<p class=\"\">S vyu\u017eit\u00edm gener\u00e1tor\u016f kreslen\u00ed AI m\u016f\u017eete vytv\u00e1\u0159et \u00fa\u017easn\u00e9 kresby s minim\u00e1ln\u00edm \u00fasil\u00edm, tak\u017ee tyto n\u00e1stroje jsou neoceniteln\u00e9 pro \u0161irokou \u0161k\u00e1lu aplikac\u00ed.<\/p>","protected":false},"excerpt":{"rendered":"<p>Before vs After How to use AI Drawing Generator *&nbsp;Depending on your internet speed, loading the model may take a few seconds. Introduction of AI Drawing Generator AI Drawing Generators have revolutionized the art creation process by leveraging artificial intelligence to generate stunning images based on user inputs. This technology has opened new possibilities for &#8230; <a title=\"Gener\u00e1tor v\u00fdkres\u016f AI\" class=\"read-more\" href=\"https:\/\/aiartfree.online\/cs\/generator-vykresu-ai\/\" aria-label=\"Read more about AI Drawing Generator\">\u010c\u00edst d\u00e1l<\/a><\/p>","protected":false},"author":1,"featured_media":3408,"parent":0,"menu_order":0,"comment_status":"open","ping_status":"closed","template":"","meta":{"nf_dc_page":"","footnotes":""},"class_list":["post-2964","page","type-page","status-publish","has-post-thumbnail"],"jetpack_sharing_enabled":true,"_links":{"self":[{"href":"https:\/\/aiartfree.online\/cs\/wp-json\/wp\/v2\/pages\/2964","targetHints":{"allow":["GET"]}}],"collection":[{"href":"https:\/\/aiartfree.online\/cs\/wp-json\/wp\/v2\/pages"}],"about":[{"href":"https:\/\/aiartfree.online\/cs\/wp-json\/wp\/v2\/types\/page"}],"author":[{"embeddable":true,"href":"https:\/\/aiartfree.online\/cs\/wp-json\/wp\/v2\/users\/1"}],"replies":[{"embeddable":true,"href":"https:\/\/aiartfree.online\/cs\/wp-json\/wp\/v2\/comments?post=2964"}],"version-history":[{"count":0,"href":"https:\/\/aiartfree.online\/cs\/wp-json\/wp\/v2\/pages\/2964\/revisions"}],"wp:featuredmedia":[{"embeddable":true,"href":"https:\/\/aiartfree.online\/cs\/wp-json\/wp\/v2\/media\/3408"}],"wp:attachment":[{"href":"https:\/\/aiartfree.online\/cs\/wp-json\/wp\/v2\/media?parent=2964"}],"curies":[{"name":"wp","href":"https:\/\/api.w.org\/{rel}","templated":true}]}}