{"id":2958,"date":"2024-07-19T10:33:37","date_gmt":"2024-07-19T10:33:37","guid":{"rendered":"https:\/\/aiartfree.online\/?page_id=2958"},"modified":"2025-03-07T08:07:42","modified_gmt":"2025-03-07T08:07:42","slug":"ai-character-generator","status":"publish","type":"page","link":"https:\/\/aiartfree.online\/cs\/generator-znaku-ai\/","title":{"rendered":"Gener\u00e1tor postav AI"},"content":{"rendered":"<h2 class=\"wp-block-heading has-text-align-center\" id=\"what-our-users-made\">Co vytvo\u0159ili na\u0161i u\u017eivatel\u00e9<\/h2>\n\n\n\n<figure class=\"gb-block-image gb-block-image-1822da1f\"><img data-recalc-dims=\"1\" decoding=\"async\" loading=\"lazy\" width=\"1200\" height=\"1190\" class=\"gb-image gb-image-1822da1f\" src=\"https:\/\/i0.wp.com\/aiartfree.online\/wp-content\/uploads\/2024\/07\/WX20240719-144752%402x.jpg?resize=1200%2C1190&#038;ssl=1\" alt=\"Gener\u00e1tory postav s um\u011blou inteligenc\u00ed vyu\u017e\u00edvaj\u00ed pokro\u010dil\u00e9 algoritmy k o\u017eiven\u00ed va\u0161\u00ed p\u0159edstavivosti a poskytuj\u00ed nekone\u010dn\u00e9 mo\u017enosti tvorby postav.\" title=\"WX20240719-144752@2x\" srcset=\"https:\/\/i0.wp.com\/aiartfree.online\/wp-content\/uploads\/2024\/07\/WX20240719-144752%402x.jpg?w=1632&amp;ssl=1 1632w, https:\/\/i0.wp.com\/aiartfree.online\/wp-content\/uploads\/2024\/07\/WX20240719-144752%402x.jpg?resize=300%2C297&amp;ssl=1 300w, https:\/\/i0.wp.com\/aiartfree.online\/wp-content\/uploads\/2024\/07\/WX20240719-144752%402x.jpg?resize=1024%2C1015&amp;ssl=1 1024w, https:\/\/i0.wp.com\/aiartfree.online\/wp-content\/uploads\/2024\/07\/WX20240719-144752%402x.jpg?resize=150%2C150&amp;ssl=1 150w, https:\/\/i0.wp.com\/aiartfree.online\/wp-content\/uploads\/2024\/07\/WX20240719-144752%402x.jpg?resize=768%2C761&amp;ssl=1 768w, https:\/\/i0.wp.com\/aiartfree.online\/wp-content\/uploads\/2024\/07\/WX20240719-144752%402x.jpg?resize=1536%2C1523&amp;ssl=1 1536w, https:\/\/i0.wp.com\/aiartfree.online\/wp-content\/uploads\/2024\/07\/WX20240719-144752%402x.jpg?resize=12%2C12&amp;ssl=1 12w, https:\/\/i0.wp.com\/aiartfree.online\/wp-content\/uploads\/2024\/07\/WX20240719-144752%402x.jpg?resize=600%2C595&amp;ssl=1 600w, https:\/\/i0.wp.com\/aiartfree.online\/wp-content\/uploads\/2024\/07\/WX20240719-144752%402x.jpg?resize=100%2C100&amp;ssl=1 100w\" sizes=\"auto, (max-width: 1200px) 100vw, 1200px\" \/><\/figure>\n\n\n\n<h2 class=\"wp-block-heading\" id=\"3-steps-to-use\">3 kroky k pou\u017eit\u00ed AI Character Generator<\/h2>\n\n\n\n<ol class=\"wp-block-list\">\n<li class=\"\">Zadejte v\u00fdzvu<\/li>\n\n\n\n<li class=\"\">Klikn\u011bte na tla\u010d\u00edtko \"Generovat\".<\/li>\n\n\n\n<li class=\"\">Po\u010dkat, to je ono!<\/li>\n<\/ol>\n\n\n\n<figure class=\"gb-block-image gb-block-image-032aac41\"><a href=\"https:\/\/fas.st\/t\/9U4PYbm7\" target=\"_blank\" rel=\"noopener noreferrer\"><img data-recalc-dims=\"1\" decoding=\"async\" loading=\"lazy\" width=\"1200\" height=\"365\" class=\"gb-image gb-image-032aac41\" src=\"https:\/\/i0.wp.com\/aiartfree.online\/wp-content\/uploads\/2025\/03\/WX20250307-115412%402x.webp?resize=1200%2C365&#038;ssl=1\" alt=\"\" title=\"WX20250307-115412@2x\" srcset=\"https:\/\/i0.wp.com\/aiartfree.online\/wp-content\/uploads\/2025\/03\/WX20250307-115412%402x.webp?w=1942&amp;ssl=1 1942w, https:\/\/i0.wp.com\/aiartfree.online\/wp-content\/uploads\/2025\/03\/WX20250307-115412%402x.webp?resize=300%2C91&amp;ssl=1 300w, https:\/\/i0.wp.com\/aiartfree.online\/wp-content\/uploads\/2025\/03\/WX20250307-115412%402x.webp?resize=1024%2C312&amp;ssl=1 1024w, https:\/\/i0.wp.com\/aiartfree.online\/wp-content\/uploads\/2025\/03\/WX20250307-115412%402x.webp?resize=768%2C234&amp;ssl=1 768w, https:\/\/i0.wp.com\/aiartfree.online\/wp-content\/uploads\/2025\/03\/WX20250307-115412%402x.webp?resize=1536%2C467&amp;ssl=1 1536w, https:\/\/i0.wp.com\/aiartfree.online\/wp-content\/uploads\/2025\/03\/WX20250307-115412%402x.webp?resize=18%2C5&amp;ssl=1 18w, https:\/\/i0.wp.com\/aiartfree.online\/wp-content\/uploads\/2025\/03\/WX20250307-115412%402x.webp?resize=600%2C183&amp;ssl=1 600w\" sizes=\"auto, (max-width: 1200px) 100vw, 1200px\" \/><\/a><\/figure>\n\n\n\n<p class=\"\"><em>* V z\u00e1vislosti na rychlosti va\u0161eho internetu m\u016f\u017ee na\u010d\u00edt\u00e1n\u00ed modelu trvat n\u011bkolik sekund.<br>* B\u011bhem nep\u0159etr\u017eit\u00e9ho generov\u00e1n\u00ed bude prob\u00edhat ukl\u00e1d\u00e1n\u00ed do mezipam\u011bti a nov\u00fd obr\u00e1zek se zobraz\u00ed p\u0159ibli\u017en\u011b po 3 sekund\u00e1ch.<\/em><\/p>\n\n\n\n<div style=\"text-align: center; border: 2px solid; border-image-source: linear-gradient(to right, #16b86c, #912899); border-image-slice: 1; box-shadow: 0 0 10px rgba(0, 0, 0, 0.1); border-radius: 15px; position: relative;\">\n  <div id=\"loading\" style=\"position: absolute; top: 100px; left: 50%; transform: translate(-50%, -50%); z-index: 1000;\">\n    <div style=\"width: 50px; height: 50px; border: 5px solid #f3f3f3; border-top: 5px solid #16b86c; border-radius: 50%; animation: spin 1s linear infinite;\"><\/div>\n  <\/div>\n  <iframe loading=\"lazy\"\n    src=\"https:\/\/cagliostrolab-animagine-xl-3-1.hf.space\"\n    frameborder=\"0\"\n    width=\"100%\"\n    height=\"1600\"\n    style=\"display: inline-block; margin: 0 auto;\"\n    onload=\"document.getElementById('loading').style.display='none';\"\n  ><\/iframe>\n<\/div>\n\n<style>\n  @keyframes spin {\n    0% { transform: rotate(0deg); }\n    100% { transform: rotate(360deg); }\n  }\n<\/style>\n\n\n\n<div style=\"height:50px\" aria-hidden=\"true\" class=\"wp-block-spacer\"><\/div>\n\n\n\n<h2 class=\"wp-block-heading\">P\u0159\u00edklady v\u00fdzev<\/h2>\n\n\n\n<ol style=\"font-size:16px\" class=\"wp-block-list\">\n<li class=\"\">dechberouc\u00ed vysoce detailn\u00ed grafick\u00e1 rom\u00e1nov\u00e1 ilustrace morgana freemana jedouc\u00edho na motocyklu harley davidson , temn\u00e1 a drsn\u00e1.<\/li>\n\n\n\n<li class=\"\">\u00fachvatn\u00e1 ilustrace grafick\u00e9ho rom\u00e1nu Uprost\u0159ed obrovsk\u00e9 mlhoviny se vzn\u00e1\u0161\u00ed osam\u011bl\u00fd astronaut, p\u0159ipoutan\u00fd ke sv\u011bteln\u00e9 hv\u011bzdn\u00e9 lodi. Z\u00e1\u0159iv\u00e9 plyny mlhoviny tan\u010d\u00ed kolem, odr\u00e1\u017eej\u00ed na skafandru z\u00e1\u0159iv\u00e9 barvy a vytv\u00e1\u0159ej\u00ed balet sv\u011btla a pohybu.<\/li>\n\n\n\n<li class=\"\">dechberouc\u00ed ilustrace grafick\u00e9ho rom\u00e1nu Na rozcest\u00ed v postapokalyptick\u00e9 pustin\u011b zp\u00edv\u00e1 poutn\u00edk s kytarou vyrobenou z kovov\u00e9ho \u0161rotu p\u0159\u00edb\u011bhy star\u00e9ho sv\u011bta. Kolem ohni\u0161t\u011b se shroma\u017e\u010fuj\u00ed zmutovan\u00e9 bytosti s o\u010dima pln\u00fdma touhy.<\/li>\n\n\n\n<li class=\"\">\u00fachvatn\u00e1 ilustrace grafick\u00e9ho rom\u00e1nu D\u00edt\u011b hon\u00ed barevn\u00e9 mot\u00fdly na \u017eiv\u00e9 louce.<\/li>\n\n\n\n<li class=\"\">\u00fachvatn\u00e1 grafick\u00e1 ilustrace Na pl\u00e1\u017ei, kde jsou vlny protkan\u00e9 p\u0159\u00edb\u011bhy, vyprav\u011b\u010d s krosnou z m\u011bs\u00ed\u010dn\u00edho sv\u011btla vytv\u00e1\u0159\u00ed p\u0159\u00edb\u011bhy z p\u0159\u00edlivu a odlivu. Mu\u0161le \u0161eptaj\u00ed legendy a obzor je tapiseri\u00ed dobrodru\u017estv\u00ed, kter\u00e1 se teprve budou vypr\u00e1v\u011bt.<\/li>\n\n\n\n<li class=\"\">dechberouc\u00ed grafick\u00e1 ilustrace sokola vzn\u00e1\u0161ej\u00edc\u00edho se nad pou\u0161t\u00ed a hledaj\u00edc\u00edho ko\u0159ist.<\/li>\n\n\n\n<li class=\"\">dechberouc\u00ed ilustrace grafick\u00e9ho rom\u00e1nu Hluboko za pol\u00e1rn\u00edm kruhem pol\u00e1rn\u00ed z\u00e1\u0159e zbarvuje oblohu z\u00e1\u0159iv\u00fdmi odst\u00edny zelen\u00e9, r\u016f\u017eov\u00e9 a fialov\u00e9. Sn\u00edh pod nimi odr\u00e1\u017e\u00ed tento tanec sv\u011btel a sv\u011bt je zahalen do fascinuj\u00edc\u00ed symfonie barev.<\/li>\n\n\n\n<li class=\"\">dechberouc\u00ed ilustrace grafick\u00e9ho rom\u00e1nu Tetovac\u00ed um\u011blec detailn\u011b popisuje slo\u017eit\u00fd design na z\u00e1dech klienta.<\/li>\n\n\n\n<li class=\"\">\u00fachvatn\u00e1 ilustrace grafick\u00e9ho rom\u00e1nu \u017dena zahalen\u00e1 do barevn\u00e9ho hedv\u00e1b\u00ed vykl\u00e1d\u00e1 tarotov\u00e9 karty ve stanu osv\u011btlen\u00e9m sv\u00ed\u010dkami.<\/li>\n\n\n\n<li class=\"\">\u00fachvatn\u00e1 ilustrace grafick\u00e9ho rom\u00e1nu Dva hleda\u010di, kte\u0159\u00ed mapuj\u00ed hlubokou jeskyni a osv\u011btluj\u00ed si cestu lou\u010demi.<\/li>\n<\/ol>\n\n\n\n<div style=\"height:50px\" aria-hidden=\"true\" class=\"wp-block-spacer\"><\/div>\n\n\n\n<h2 class=\"wp-block-heading\" id=\"introduction-to-ai-character-generator\">\u00davod do gener\u00e1toru postav AI<\/h2>\n\n\n\n<p class=\"\">V digit\u00e1ln\u00edm v\u011bku je vytv\u00e1\u0159en\u00ed jedine\u010dn\u00fdch a zaj\u00edmav\u00fdch postav pro p\u0159\u00edb\u011bhy, hry nebo osobn\u00ed projekty d\u00edky gener\u00e1tor\u016fm postav s um\u011blou inteligenc\u00ed mnohem dostupn\u011bj\u0161\u00ed. Tyto n\u00e1stroje vyu\u017e\u00edvaj\u00ed pokro\u010dil\u00e9 algoritmy k o\u017eiven\u00ed va\u0161\u00ed p\u0159edstavivosti a poskytuj\u00ed nekone\u010dn\u00e9 mo\u017enosti tvorby postav. Tento \u010dl\u00e1nek se zab\u00fdv\u00e1 sv\u011btem gener\u00e1tor\u016f postav s um\u011blou inteligenc\u00ed, jejich v\u00fdhodami a t\u00edm, jak je co nejl\u00e9pe vyu\u017e\u00edt.<\/p>\n\n\n\n<div class=\"wp-block-rank-math-toc-block\" id=\"rank-math-toc\"><h3>Obsah<\/h3><nav><ul><li><a href=\"#what-is-an-ai-character-generator\">Co je to gener\u00e1tor znak\u016f um\u011bl\u00e9 inteligence?<\/a><\/li><li><a href=\"#why-use-an-ai-character-generator\">Pro\u010d pou\u017e\u00edvat gener\u00e1tor postav s um\u011blou inteligenc\u00ed?<\/a><\/li><li><a href=\"#benefits-of-using-ai-character-generators\">V\u00fdhody pou\u017e\u00edv\u00e1n\u00ed gener\u00e1tor\u016f postav s um\u011blou inteligenc\u00ed<\/a><\/li><li><a href=\"#when-to-use-it\">Kdy ji pou\u017e\u00edt<\/a><\/li><li><a href=\"#who-should-use-it\">Kdo by ji m\u011bl pou\u017e\u00edvat?<\/a><\/li><li><a href=\"#comparison-of-ai-character-generators\">Porovn\u00e1n\u00ed gener\u00e1tor\u016f znak\u016f um\u011bl\u00e9 inteligence<\/a><\/li><li><a href=\"#faq\">\u010cASTO KLADEN\u00c9 DOTAZY<\/a><\/li><\/ul><\/nav><\/div>\n\n\n\n<h3 class=\"wp-block-heading\" id=\"what-is-an-ai-character-generator\">Co je to gener\u00e1tor znak\u016f um\u011bl\u00e9 inteligence?<\/h3>\n\n\n\n<p class=\"\">Gener\u00e1tor znak\u016f s um\u011blou inteligenc\u00ed je digit\u00e1ln\u00ed n\u00e1stroj, kter\u00fd vyu\u017e\u00edv\u00e1 um\u011blou inteligenci k vytv\u00e1\u0159en\u00ed znak\u016f na z\u00e1klad\u011b u\u017eivatelsk\u00fdch vstup\u016f. Tyto gener\u00e1tory mohou vytv\u00e1\u0159et detailn\u00ed n\u00e1vrhy postav, p\u0159\u00edb\u011bhy a osobnostn\u00ed rysy, co\u017e je cenn\u00e9 pro spisovatele, v\u00fdvoj\u00e1\u0159e her a um\u011blce.<\/p>\n\n\n\n<h3 class=\"wp-block-heading\" id=\"why-use-an-ai-character-generator\">Pro\u010d pou\u017e\u00edvat gener\u00e1tor postav s um\u011blou inteligenc\u00ed?<\/h3>\n\n\n\n<p class=\"\">Gener\u00e1tory postav s um\u011blou inteligenc\u00ed nab\u00edzej\u00ed n\u011bkolik v\u00fdhod, mezi n\u011b\u017e pat\u0159\u00ed:<\/p>\n\n\n\n<ul class=\"wp-block-list\">\n<li class=\"\"><strong>\u00da\u010dinnost<\/strong>: Rychl\u00e9 generov\u00e1n\u00ed znak\u016f bez rozs\u00e1hl\u00e9 ru\u010dn\u00ed pr\u00e1ce.<\/li>\n\n\n\n<li class=\"\"><strong>Zv\u00fd\u0161en\u00ed kreativity<\/strong>: Prozkoumejte nov\u00e9 n\u00e1pady a n\u00e1vrhy postav, o kter\u00fdch jste mo\u017en\u00e1 dosud neuva\u017eovali.<\/li>\n\n\n\n<li class=\"\"><strong>Konzistence<\/strong>: Udr\u017eujte konzistenci charakter\u016f a p\u0159\u00edb\u011bh\u016f postav v r\u016fzn\u00fdch projektech.<\/li>\n\n\n\n<li class=\"\"><strong>Inspirace<\/strong>: P\u0159ekonejte tv\u016fr\u010d\u00ed bloky pomoc\u00ed nov\u00fdch n\u00e1pad\u016f z n\u00e1vrh\u016f um\u011bl\u00e9 inteligence.<\/li>\n<\/ul>\n\n\n\n<h3 class=\"wp-block-heading\" id=\"benefits-of-using-ai-character-generators\">V\u00fdhody pou\u017e\u00edv\u00e1n\u00ed gener\u00e1tor\u016f postav s um\u011blou inteligenc\u00ed<\/h3>\n\n\n\n<p class=\"\">Pou\u017eit\u00ed gener\u00e1tor\u016f znak\u016f um\u011bl\u00e9 inteligence p\u0159in\u00e1\u0161\u00ed \u0159adu v\u00fdhod:<\/p>\n\n\n\n<ul class=\"wp-block-list\">\n<li class=\"\"><strong>Character Creator Zdarma<\/strong>: Mnoho gener\u00e1tor\u016f postav s um\u011blou inteligenc\u00ed je k dispozici zdarma, tak\u017ee jsou p\u0159\u00edstupn\u00e9 v\u0161em.<\/li>\n\n\n\n<li class=\"\"><strong>Gener\u00e1tor um\u011bl\u00e9 inteligence postav<\/strong>: Tyto n\u00e1stroje vyu\u017e\u00edvaj\u00ed sofistikovan\u00e9 algoritmy um\u011bl\u00e9 inteligence k vytv\u00e1\u0159en\u00ed realistick\u00fdch a r\u016fznorod\u00fdch postav.<\/li>\n\n\n\n<li class=\"\"><strong>Vytvo\u0159it postavu<\/strong>: Snadno vytv\u00e1\u0159ejte postavy pro r\u016fzn\u00e1 m\u00e9dia, v\u010detn\u011b p\u0159\u00edb\u011bh\u016f, her a um\u011bleck\u00fdch d\u011bl.<\/li>\n\n\n\n<li class=\"\"><strong>Gener\u00e1tor p\u0159\u00edb\u011bhu postavy<\/strong>: Vytv\u00e1\u0159ejte p\u0159esv\u011bd\u010div\u00e9 p\u0159\u00edb\u011bhy, kter\u00e9 postav\u00e1m dodaj\u00ed hloubku.<\/li>\n\n\n\n<li class=\"\"><strong>Gener\u00e1tor n\u00e1hodn\u00e9ho designu postav<\/strong>: Z\u00edskejte n\u00e1hodn\u00e9 n\u00e1vrhy postav, abyste podn\u00edtili kreativitu a objevili nov\u00e9 mo\u017enosti.<\/li>\n<\/ul>\n\n\n\n<h3 class=\"wp-block-heading\" id=\"when-to-use-it\">Kdy ji pou\u017e\u00edt<\/h3>\n\n\n\n<p class=\"\">Gener\u00e1tory postav s um\u011blou inteligenc\u00ed jsou ide\u00e1ln\u00ed pro n\u00e1sleduj\u00edc\u00ed sc\u00e9n\u00e1\u0159e:<\/p>\n\n\n\n<ul class=\"wp-block-list\">\n<li class=\"\"><strong>V\u00fdvoj her<\/strong>: Rychle vytv\u00e1\u0159ejte NPC nebo hlavn\u00ed postavy s jedine\u010dn\u00fdmi vlastnostmi.<\/li>\n\n\n\n<li class=\"\"><strong>Psan\u00ed p\u0159\u00edb\u011bh\u016f<\/strong>: Vypracujte detailn\u00ed postavy s bohat\u00fdmi p\u0159\u00edb\u011bhy pro sv\u00e1 vypr\u00e1v\u011bn\u00ed.<\/li>\n\n\n\n<li class=\"\"><strong>Um\u011bleck\u00e9 projekty<\/strong>: Generujte n\u00e1vrhy postav pro ilustrace nebo komiksy.<\/li>\n\n\n\n<li class=\"\"><strong>Hry na hrdiny<\/strong>: Vytv\u00e1\u0159ejte postavy se slo\u017eit\u00fdmi osobnostmi pro stoln\u00ed nebo online RPG.<\/li>\n<\/ul>\n\n\n\n<h3 class=\"wp-block-heading\" id=\"who-should-use-it\">Kdo by ji m\u011bl pou\u017e\u00edvat?<\/h3>\n\n\n\n<p class=\"\">Gener\u00e1tory znak\u016f AI jsou vhodn\u00e9 pro \u0161irokou \u0161k\u00e1lu u\u017eivatel\u016f, v\u010detn\u011b:<\/p>\n\n\n\n<ul class=\"wp-block-list\">\n<li class=\"\"><strong>Spisovatel\u00e9<\/strong>: Oboha\u0165te sv\u00e9 p\u0159\u00edb\u011bhy o dob\u0159e propracovan\u00e9 postavy.<\/li>\n\n\n\n<li class=\"\"><strong>V\u00fdvoj\u00e1\u0159i her<\/strong>: U\u0161et\u0159ete \u010das p\u0159i tvorb\u011b postavy pro sv\u00e9 hry.<\/li>\n\n\n\n<li class=\"\"><strong>Um\u011blci<\/strong>: Prozkoumejte nov\u00e9 designy a styly postav.<\/li>\n\n\n\n<li class=\"\"><strong>Nad\u0161enci do RPG<\/strong>: Vytv\u00e1\u0159ejte komplexn\u00ed postavy pro sv\u00e9 hry.<\/li>\n\n\n\n<li class=\"\"><strong>Pedagogov\u00e9<\/strong>: Pou\u017eijte gener\u00e1tory postav jako n\u00e1stroj pro cvi\u010den\u00ed tv\u016fr\u010d\u00edho psan\u00ed.<\/li>\n<\/ul>\n\n\n\n<h3 class=\"wp-block-heading\" id=\"comparison-of-ai-character-generators\">Porovn\u00e1n\u00ed gener\u00e1tor\u016f znak\u016f um\u011bl\u00e9 inteligence<\/h3>\n\n\n\n<p class=\"\">N\u00ed\u017ee je uvedeno srovn\u00e1n\u00ed r\u016fzn\u00fdch gener\u00e1tor\u016f postav s um\u011blou inteligenc\u00ed, jejich v\u00fdhody a nev\u00fdhody, v\u00fdhody, probl\u00e9my a doporu\u010den\u00ed.<\/p>\n\n\n\n<figure class=\"wp-block-table\"><table class=\"has-fixed-layout\"><thead><tr><th>N\u00e1zev n\u00e1stroje<\/th><th>Klady<\/th><th>Nev\u00fdhody<\/th><th>V\u00fdhody<\/th><th>V\u00fdzvy<\/th><th>Doporu\u010den\u00ed<\/th><\/tr><\/thead><tbody><tr><td><a href=\"https:\/\/aiartfree.online\/cs\/generator-znaku-ai\/\" data-type=\"link\" data-id=\"https:\/\/aiartfree.online\/ai-character-generator\">Gener\u00e1tor postav AI<\/a><\/td><td>Snadn\u00e9 pou\u017eit\u00ed, zdarma<\/td><td>Omezen\u00e9 p\u0159izp\u016fsoben\u00ed<\/td><td>Rychl\u00e9 vytvo\u0159en\u00ed postavy<\/td><td>M\u016f\u017ee vy\u017eadovat p\u0159ipojen\u00ed k internetu<\/td><td>Nejlep\u0161\u00ed pro za\u010d\u00e1te\u010dn\u00edky<\/td><\/tr><tr><td>Tv\u016frce postavy<\/td><td>Vysoce p\u0159izp\u016fsobiteln\u00e9<\/td><td>Strm\u011bj\u0161\u00ed k\u0159ivka u\u010den\u00ed<\/td><td>Podrobn\u00e9 n\u00e1vrhy<\/td><td>M\u016f\u017ee b\u00fdt \u010dasov\u011b n\u00e1ro\u010dn\u00e9<\/td><td>Ide\u00e1ln\u00ed pro zku\u0161en\u00e9 u\u017eivatele<\/td><\/tr><tr><td>Gener\u00e1tor n\u00e1hodn\u00fdch postav<\/td><td>Z\u00e1bavn\u00e9 a kreativn\u00ed<\/td><td>N\u00e1hodnost nemus\u00ed vyhovovat v\u0161em<\/td><td>Skv\u011bl\u00e9 pro inspiraci<\/td><td>Men\u0161\u00ed kontrola nad v\u00fdstupem<\/td><td>Pou\u017eit\u00ed pro brainstorming<\/td><\/tr><tr><td>Gener\u00e1tor p\u0159\u00edb\u011bhu<\/td><td>Bohat\u00e9 p\u0159\u00edb\u011bhy<\/td><td>Omezen\u00fd vizu\u00e1ln\u00ed design<\/td><td>Zvy\u0161uje hloubku postavy<\/td><td>M\u016f\u017ee postr\u00e1dat vizu\u00e1ln\u00ed prvky<\/td><td>Kombinace s vizu\u00e1ln\u00edmi n\u00e1stroji<\/td><\/tr><tr><td>Stabiln\u00ed dif\u00faze<\/td><td>Vysoce kvalitn\u00ed sn\u00edmky<\/td><td>Vy\u017eaduje technick\u00e9 dovednosti<\/td><td>Nejmodern\u011bj\u0161\u00ed um\u011bl\u00e1 inteligence<\/td><td>M\u016f\u017ee b\u00fdt slo\u017eit\u00fd<\/td><td>Nejlep\u0161\u00ed pro pokro\u010dil\u00e9 u\u017eivatele<\/td><\/tr><tr><td>Um\u011bleck\u00e9 n\u00e1stroje online<\/td><td>V\u0161estrann\u00e9 n\u00e1stroje<\/td><td>M\u016f\u017ee b\u00fdt ohromuj\u00edc\u00ed<\/td><td>\u0160irok\u00e1 \u0161k\u00e1la funkc\u00ed<\/td><td>M\u016f\u017ee vy\u017eadovat u\u010den\u00ed<\/td><td>Nejlep\u0161\u00ed pro komplexn\u00ed projekty<\/td><\/tr><tr><td>N\u00e1vrh postavy s um\u011blou inteligenc\u00ed<\/td><td>Rychle a efektivn\u011b<\/td><td>M\u016f\u017ee postr\u00e1dat jedine\u010dnost<\/td><td>Ide\u00e1ln\u00ed pro rychl\u00e9 projekty<\/td><td>Omezen\u00e1 personalizace<\/td><td>Pou\u017eit\u00ed pro rychl\u00e9 prototypov\u00e1n\u00ed<\/td><\/tr><tr><td>Vytv\u00e1\u0159en\u00ed um\u011bn\u00ed generovan\u00e9ho um\u011blou inteligenc\u00ed<\/td><td>Kreativn\u00ed v\u00fdstupy<\/td><td>Vy\u017eaduje v\u00fdzvy<\/td><td>Poutav\u00e9 a interaktivn\u00ed<\/td><td>M\u016f\u017ee b\u00fdt pot\u0159eba pokus\u016f a omyl\u016f<\/td><td>Nejlep\u0161\u00ed pro kreativn\u00ed zkoum\u00e1n\u00ed<\/td><\/tr><tr><td>Um\u011bleck\u00e1 d\u00edla generovan\u00e1 um\u011blou inteligenc\u00ed<\/td><td>Vysok\u00e1 realisti\u010dnost<\/td><td>M\u016f\u017ee b\u00fdt n\u00e1ro\u010dn\u00fd na zdroje<\/td><td>Fotorealistick\u00e9 postavy<\/td><td>Vy\u017eaduje v\u00fdkonn\u00fd hardware<\/td><td>Nejlep\u0161\u00ed pro \u0161pi\u010dkov\u00e9 projekty<\/td><\/tr><tr><td>AI Art Generator<\/td><td>Snadn\u00fd p\u0159\u00edstup<\/td><td>Omezen\u00e9 bezplatn\u00e9 mo\u017enosti<\/td><td>Skv\u011bl\u00e9 pro za\u010d\u00e1te\u010dn\u00edky<\/td><td>M\u016f\u017ee pot\u0159ebovat p\u0159edplatn\u00e9<\/td><td>Nejlep\u0161\u00ed pro za\u010d\u00e1te\u010dn\u00edky<\/td><\/tr><\/tbody><\/table><\/figure>\n\n\n\n<p class=\"\">Nejlep\u0161\u00ed gener\u00e1tor znak\u016f AI je <a href=\"https:\/\/aiartfree.online\/cs\/generator-znaku-ai\/\">Gener\u00e1tor postav AI<\/a>, kter\u00fd nab\u00edz\u00ed u\u017eivatelsky p\u0159\u00edv\u011btiv\u00e9 rozhran\u00ed a robustn\u00ed funkce pro vytv\u00e1\u0159en\u00ed detailn\u00edch a jedine\u010dn\u00fdch postav.<\/p>\n\n\n\n<h3 class=\"wp-block-heading\" id=\"faq\">\u010cASTO KLADEN\u00c9 DOTAZY<\/h3>\n\n\n\n<p class=\"\"><strong>Ot\u00e1zka 1: Co je to gener\u00e1tor znak\u016f um\u011bl\u00e9 inteligence?<\/strong> Gener\u00e1tor postav s um\u011blou inteligenc\u00ed je n\u00e1stroj, kter\u00fd vyu\u017e\u00edv\u00e1 um\u011blou inteligenci k vytv\u00e1\u0159en\u00ed postav na z\u00e1klad\u011b u\u017eivatelsk\u00fdch vstup\u016f, v\u010detn\u011b designu, vlastnost\u00ed a p\u0159\u00edb\u011bh\u016f.<\/p>\n\n\n\n<p class=\"\"><strong>Ot\u00e1zka 2: Jak funguj\u00ed gener\u00e1tory postav s um\u011blou inteligenc\u00ed?<\/strong> Tyto gener\u00e1tory vyu\u017e\u00edvaj\u00ed algoritmy strojov\u00e9ho u\u010den\u00ed k anal\u00fdze u\u017eivatelsk\u00fdch vstup\u016f a generov\u00e1n\u00ed postav se zadan\u00fdmi vlastnostmi a designem.<\/p>\n\n\n\n<p class=\"\"><strong>Ot\u00e1zka 3: Jsou gener\u00e1tory postav s um\u011blou inteligenc\u00ed zdarma?<\/strong> Mnoho gener\u00e1tor\u016f postav s um\u011blou inteligenc\u00ed nab\u00edz\u00ed bezplatn\u00e9 verze, n\u011bkter\u00e9 v\u0161ak mohou m\u00edt pr\u00e9miov\u00e9 funkce, kter\u00e9 vy\u017eaduj\u00ed platbu.<\/p>\n\n\n\n<p class=\"\"><strong>Ot\u00e1zka 4: Mohu si v gener\u00e1torech postav AI upravit postavy?<\/strong> Ano, v\u011bt\u0161ina gener\u00e1tor\u016f postav s um\u011blou inteligenc\u00ed umo\u017e\u0148uje r\u016fzn\u00e9 \u00farovn\u011b p\u0159izp\u016fsoben\u00ed podle va\u0161ich pot\u0159eb.<\/p>\n\n\n\n<p class=\"\"><strong>Ot\u00e1zka 5: Jak\u00e9 jsou nejlep\u0161\u00ed gener\u00e1tory postav s um\u011blou inteligenc\u00ed?<\/strong> Mezi nejlep\u0161\u00ed gener\u00e1tory postav s um\u011blou inteligenc\u00ed pat\u0159\u00ed <a href=\"https:\/\/aiartfree.online\/cs\/generator-znaku-ai\/\">Gener\u00e1tor postav AI<\/a>, tv\u016frce postav a gener\u00e1tor n\u00e1hodn\u00fdch postav.<\/p>\n\n\n\n<p class=\"\"><strong>Ot\u00e1zka 6: Jak mohu p\u0159i psan\u00ed pou\u017e\u00edvat gener\u00e1tory znak\u016f um\u011bl\u00e9 inteligence?<\/strong> Spisovatel\u00e9 mohou tyto n\u00e1stroje vyu\u017e\u00edt k vytvo\u0159en\u00ed podrobn\u00fdch postav a p\u0159\u00edb\u011bh\u016f, a t\u00edm vylep\u0161it sv\u00e9 vypr\u00e1v\u011bn\u00ed.<\/p>\n\n\n\n<p class=\"\"><strong>Ot\u00e1zka 7: Jsou gener\u00e1tory postav s um\u011blou inteligenc\u00ed u\u017eite\u010dn\u00e9 pro v\u00fdvoj her?<\/strong> Rozhodn\u011b. Tyto n\u00e1stroje umo\u017e\u0148uj\u00ed rychle vytv\u00e1\u0159et rozmanit\u00e9 a komplexn\u00ed postavy pro hry, co\u017e \u0161et\u0159\u00ed \u010das a zdroje.<\/p>\n\n\n\n<p class=\"\"><strong>Ot\u00e1zka 8: Mohou gener\u00e1tory postav s um\u011blou inteligenc\u00ed vytv\u00e1\u0159et realistick\u00e9 postavy?<\/strong> Ano, n\u011bkter\u00e9 pokro\u010dil\u00e9 gener\u00e1tory, jako je stabiln\u00ed dif\u00faze a um\u011bl\u00e1 inteligence, vytv\u00e1\u0159ej\u00ed velmi realistick\u00e9 postavy.<\/p>\n\n\n\n<p class=\"\"><strong>Ot\u00e1zka 9: Co bych m\u011bl zv\u00e1\u017eit p\u0159i v\u00fdb\u011bru gener\u00e1toru postav um\u011bl\u00e9 inteligence?<\/strong> Zva\u017ete faktory, jako je snadnost pou\u017eit\u00ed, mo\u017enosti p\u0159izp\u016fsoben\u00ed, kvalita v\u00fdstupu a to, zda spl\u0148uje va\u0161e konkr\u00e9tn\u00ed pot\u0159eby.<\/p>\n\n\n\n<p class=\"\"><strong>Q10: Kde najdu nejlep\u0161\u00ed gener\u00e1tor postav s um\u011blou inteligenc\u00ed?<\/strong> Nejlep\u0161\u00ed gener\u00e1tor postav s um\u011blou inteligenc\u00ed najdete na adrese <a href=\"https:\/\/aiartfree.online\/cs\/generator-znaku-ai\/\">Gener\u00e1tor postav AI<\/a>, kter\u00fd nab\u00edz\u00ed komplexn\u00ed sadu funkc\u00ed pro tvorbu postavy.<\/p>\n\n\n\n<p class=\"\">Vyu\u017eit\u00edm s\u00edly gener\u00e1tor\u016f postav s um\u011blou inteligenc\u00ed m\u016f\u017eete zjednodu\u0161it proces tvorby postav, zv\u00fd\u0161it kreativitu a snadno p\u0159iv\u00e9st sv\u00e9 postavy k \u017eivotu.<\/p>\n\n\n\n<p class=\"\">Pokud m\u00e1te dal\u0161\u00ed ot\u00e1zky, zeptejte se pros\u00edm <a href=\"https:\/\/chatgpt4o.space\/\" target=\"_blank\" data-type=\"link\" data-id=\"https:\/\/chatgpt4o.space\/\" rel=\"noreferrer noopener\">online zdarma ChatGPT 4o mini<\/a><\/p>","protected":false},"excerpt":{"rendered":"<p>What our users made 3 Steps to Use AI Character Generator *&nbsp;Depending on your internet speed, loading the model may take a few seconds.* There will be caching during continuous generation, and the new image will appear after about 3 seconds. Prompt Examples Introduction to AI Character Generator In the digital age, creating unique and &#8230; <a title=\"Gener\u00e1tor postav AI\" class=\"read-more\" href=\"https:\/\/aiartfree.online\/cs\/generator-znaku-ai\/\" aria-label=\"Read more about AI Character Generator\">\u010c\u00edst d\u00e1l<\/a><\/p>","protected":false},"author":1,"featured_media":2961,"parent":0,"menu_order":0,"comment_status":"open","ping_status":"closed","template":"","meta":{"nf_dc_page":"","footnotes":""},"class_list":["post-2958","page","type-page","status-publish","has-post-thumbnail"],"jetpack_sharing_enabled":true,"_links":{"self":[{"href":"https:\/\/aiartfree.online\/cs\/wp-json\/wp\/v2\/pages\/2958","targetHints":{"allow":["GET"]}}],"collection":[{"href":"https:\/\/aiartfree.online\/cs\/wp-json\/wp\/v2\/pages"}],"about":[{"href":"https:\/\/aiartfree.online\/cs\/wp-json\/wp\/v2\/types\/page"}],"author":[{"embeddable":true,"href":"https:\/\/aiartfree.online\/cs\/wp-json\/wp\/v2\/users\/1"}],"replies":[{"embeddable":true,"href":"https:\/\/aiartfree.online\/cs\/wp-json\/wp\/v2\/comments?post=2958"}],"version-history":[{"count":1,"href":"https:\/\/aiartfree.online\/cs\/wp-json\/wp\/v2\/pages\/2958\/revisions"}],"predecessor-version":[{"id":3596,"href":"https:\/\/aiartfree.online\/cs\/wp-json\/wp\/v2\/pages\/2958\/revisions\/3596"}],"wp:featuredmedia":[{"embeddable":true,"href":"https:\/\/aiartfree.online\/cs\/wp-json\/wp\/v2\/media\/2961"}],"wp:attachment":[{"href":"https:\/\/aiartfree.online\/cs\/wp-json\/wp\/v2\/media?parent=2958"}],"curies":[{"name":"wp","href":"https:\/\/api.w.org\/{rel}","templated":true}]}}