{"id":2941,"date":"2024-07-18T13:56:58","date_gmt":"2024-07-18T13:56:58","guid":{"rendered":"https:\/\/aiartfree.online\/?page_id=2941"},"modified":"2024-08-02T12:30:47","modified_gmt":"2024-08-02T12:30:47","slug":"ai-cartoon-generator","status":"publish","type":"page","link":"https:\/\/aiartfree.online\/cs\/generator-karikatur-ai\/","title":{"rendered":"Gener\u00e1tor karikatur AI"},"content":{"rendered":"<h2 class=\"wp-block-heading has-text-align-center\" id=\"before-vs-after\">P\u0159ed vs. po<\/h2>\n\n\n\n<figure class=\"gb-block-image gb-block-image-1822da1f\"><img data-recalc-dims=\"1\" decoding=\"async\" loading=\"lazy\" width=\"1024\" height=\"508\" class=\"gb-image gb-image-1822da1f\" src=\"https:\/\/i0.wp.com\/aiartfree.online\/wp-content\/uploads\/2024\/07\/WX20240717-175407%402x-1-1-1.jpg?resize=1024%2C508&#038;ssl=1\" alt=\"Gener\u00e1tor karikatur AI\" title=\"WX20240717-175407@2x (1) (1) (1)\" srcset=\"https:\/\/i0.wp.com\/aiartfree.online\/wp-content\/uploads\/2024\/07\/WX20240717-175407%402x-1-1-1-scaled.jpg?resize=1024%2C508&amp;ssl=1 1024w, https:\/\/i0.wp.com\/aiartfree.online\/wp-content\/uploads\/2024\/07\/WX20240717-175407%402x-1-1-1-scaled.jpg?resize=300%2C149&amp;ssl=1 300w, https:\/\/i0.wp.com\/aiartfree.online\/wp-content\/uploads\/2024\/07\/WX20240717-175407%402x-1-1-1-scaled.jpg?resize=768%2C381&amp;ssl=1 768w, https:\/\/i0.wp.com\/aiartfree.online\/wp-content\/uploads\/2024\/07\/WX20240717-175407%402x-1-1-1-scaled.jpg?resize=1536%2C763&amp;ssl=1 1536w, https:\/\/i0.wp.com\/aiartfree.online\/wp-content\/uploads\/2024\/07\/WX20240717-175407%402x-1-1-1-scaled.jpg?resize=2048%2C1017&amp;ssl=1 2048w, https:\/\/i0.wp.com\/aiartfree.online\/wp-content\/uploads\/2024\/07\/WX20240717-175407%402x-1-1-1-scaled.jpg?resize=18%2C9&amp;ssl=1 18w, https:\/\/i0.wp.com\/aiartfree.online\/wp-content\/uploads\/2024\/07\/WX20240717-175407%402x-1-1-1-scaled.jpg?resize=600%2C298&amp;ssl=1 600w, https:\/\/i0.wp.com\/aiartfree.online\/wp-content\/uploads\/2024\/07\/WX20240717-175407%402x-1-1-1-scaled.jpg?w=2400&amp;ssl=1 2400w\" sizes=\"auto, (max-width: 1024px) 100vw, 1024px\" \/><\/figure>\n\n\n\n<h2 class=\"wp-block-heading\" id=\"how-to-use-ai-cartoon-generator\">Jak pou\u017e\u00edvat AI Cartoon Generator<\/h2>\n\n\n\n<ol class=\"wp-block-list\">\n<li class=\"\">Upus\u0165te nebo nahrajte svou fotografii nebo libovoln\u00fd obr\u00e1zek, kter\u00fd se v\u00e1m l\u00edb\u00ed.<\/li>\n\n\n\n<li class=\"\">Klikn\u011bte na tla\u010d\u00edtko \"Odeslat\".<\/li>\n\n\n\n<li class=\"\">Po\u010dkat, to je ono!<\/li>\n<\/ol>\n\n\n\n<p class=\"\"><em>* V z\u00e1vislosti na rychlosti va\u0161eho internetu m\u016f\u017ee na\u010d\u00edt\u00e1n\u00ed modelu trvat n\u011bkolik sekund.<br>* B\u011bhem nep\u0159etr\u017eit\u00e9ho generov\u00e1n\u00ed bude prob\u00edhat ukl\u00e1d\u00e1n\u00ed do mezipam\u011bti a nov\u00fd obr\u00e1zek se zobraz\u00ed p\u0159ibli\u017en\u011b po 3 sekund\u00e1ch.<\/em><\/p>\n\n\n\n<div class=\"iframe-wrapper\" style=\"position: relative; width: 100%; height: 1800px;\">\n  <div class=\"loading\" style=\"position: absolute; top: 50px; left: 50%; transform: translate(-50%, -50%); width: 40px; height: 40px; border: 3px solid #f0f0f0; border-top: 3px solid #db7093; border-radius: 50%; animation: spin 1s linear infinite;\"><\/div>\n  <iframe loading=\"lazy\" src=\"https:\/\/akhaliq-animeganv2.hf.space\" frameborder=\"0\" width=\"100%\" height=\"100%\" style=\"position: absolute; top: 0; left: 0; opacity: 0; transition: opacity 0.3s;\" onload=\"this.style.opacity=1;this.previousElementSibling.style.display='none';\"><\/iframe>\n<\/div>\n\n<style>\n@keyframes spin {\n  0% { transform: translate(-50%, -50%) rotate(0deg); }\n  100% { transform: translate(-50%, -50%) rotate(360deg); }\n}\n<\/style>\n\n\n\n<div style=\"height:50px\" aria-hidden=\"true\" class=\"wp-block-spacer\"><\/div>\n\n\n\n<h2 class=\"wp-block-heading\" id=\"introduction-of-ai-cartoon-generator\">P\u0159edstaven\u00ed gener\u00e1toru kreslen\u00fdch obr\u00e1zk\u016f AI<\/h2>\n\n\n\n<p class=\"\">Vytv\u00e1\u0159en\u00ed kreslen\u00fdch verz\u00ed fotografi\u00ed se v posledn\u00edch letech stalo obl\u00edben\u00fdm trendem. Gener\u00e1tor kreslen\u00fdch obr\u00e1zk\u016f s um\u011blou inteligenc\u00ed umo\u017e\u0148uje u\u017eivatel\u016fm snadno a rychle prom\u011bnit sv\u00e9 fotografie v kreslen\u00e9 obr\u00e1zky. V tomto \u010dl\u00e1nku prozkoum\u00e1me, co je to gener\u00e1tor karikatur AI, pro\u010d je p\u0159\u00ednosn\u00fd, jak jej pou\u017e\u00edvat a kdo jej m\u016f\u017ee vyu\u017e\u00edt. Krom\u011b toho poskytneme komplexn\u00ed srovn\u00e1n\u00ed r\u016fzn\u00fdch gener\u00e1tor\u016f AI karikatur dostupn\u00fdch online.<\/p>\n\n\n\n<div class=\"wp-block-rank-math-toc-block\" id=\"rank-math-toc\"><h3>Obsah<\/h3><nav><ul><li><a href=\"#what-is-an-ai-cartoon-generator\">Co je to gener\u00e1tor kreslen\u00fdch obr\u00e1zk\u016f s um\u011blou inteligenc\u00ed?<\/a><\/li><li><a href=\"#why-use-an-ai-cartoon-generator\">Pro\u010d pou\u017e\u00edvat gener\u00e1tor karikatur AI?<\/a><\/li><li><a href=\"#benefits-of-using-an-ai-cartoon-generator\">V\u00fdhody pou\u017e\u00edv\u00e1n\u00ed gener\u00e1toru karikatur AI<\/a><\/li><li><a href=\"#when-to-use-an-ai-cartoon-generator\">Kdy pou\u017e\u00edt gener\u00e1tor karikatur AI<\/a><\/li><li><a href=\"#who-should-use-an-ai-cartoon-generator\">Kdo by m\u011bl pou\u017e\u00edvat gener\u00e1tor karikatur AI?<\/a><\/li><li><a href=\"#comparison-of-ai-cartoon-generators\">Srovn\u00e1n\u00ed gener\u00e1tor\u016f kreslen\u00fdch obr\u00e1zk\u016f s um\u011blou inteligenc\u00ed<\/a><\/li><li><a href=\"#faq\">\u010cASTO KLADEN\u00c9 DOTAZY<\/a><\/li><\/ul><\/nav><\/div>\n\n\n\n<h3 class=\"wp-block-heading\" id=\"what-is-an-ai-cartoon-generator\">Co je to gener\u00e1tor kreslen\u00fdch obr\u00e1zk\u016f s um\u011blou inteligenc\u00ed?<\/h3>\n\n\n\n<p class=\"\">Gener\u00e1tor kreslen\u00fdch obr\u00e1zk\u016f s um\u011blou inteligenc\u00ed je softwarov\u00fd n\u00e1stroj, kter\u00fd vyu\u017e\u00edv\u00e1 um\u011blou inteligenci k p\u0159em\u011bn\u011b fotografie na kreslen\u00fd obr\u00e1zek. Pomoc\u00ed pokro\u010dil\u00fdch algoritm\u016f a strojov\u00e9ho u\u010den\u00ed mohou tyto n\u00e1stroje obr\u00e1zek karikovat a vytvo\u0159it z va\u0161ich fotografi\u00ed jedine\u010dn\u00e9 a personalizovan\u00e9 kreslen\u00e9 postavi\u010dky nebo avatary.<\/p>\n\n\n\n<h3 class=\"wp-block-heading\" id=\"why-use-an-ai-cartoon-generator\">Pro\u010d pou\u017e\u00edvat gener\u00e1tor karikatur AI?<\/h3>\n\n\n\n<p class=\"\">Gener\u00e1tory kreslen\u00fdch obr\u00e1zk\u016f s um\u011blou inteligenc\u00ed si z\u00edskaly oblibu d\u00edky sv\u00e9 schopnosti rychle a s minim\u00e1ln\u00edm \u00fasil\u00edm p\u0159em\u011bnit obr\u00e1zky na kreslen\u00e9 obr\u00e1zky. Nab\u00edzej\u00ed z\u00e1bavn\u00fd zp\u016fsob vytv\u00e1\u0159en\u00ed kreslen\u00fdch obr\u00e1zk\u016f pro soci\u00e1ln\u00ed m\u00e9dia, profilov\u00e9 obr\u00e1zky nebo jen pro osobn\u00ed pot\u011b\u0161en\u00ed.<\/p>\n\n\n\n<h3 class=\"wp-block-heading\" id=\"benefits-of-using-an-ai-cartoon-generator\">V\u00fdhody pou\u017e\u00edv\u00e1n\u00ed gener\u00e1toru karikatur AI<\/h3>\n\n\n\n<ol class=\"wp-block-list\">\n<li class=\"\"><strong>Snadn\u00e9 pou\u017eit\u00ed:<\/strong> V\u011bt\u0161ina gener\u00e1tor\u016f kreslen\u00fdch obr\u00e1zk\u016f s um\u011blou inteligenc\u00ed pot\u0159ebuje k p\u0159em\u011bn\u011b fotografie na kreslen\u00fd obr\u00e1zek jen n\u011bkolik kliknut\u00ed.<\/li>\n\n\n\n<li class=\"\"><strong>Rychl\u00e9 zpracov\u00e1n\u00ed:<\/strong> Algoritmy um\u011bl\u00e9 inteligence dok\u00e1\u017e\u00ed rychle zpracov\u00e1vat obr\u00e1zky a poskytuj\u00ed t\u00e9m\u011b\u0159 okam\u017eit\u00e9 v\u00fdsledky.<\/li>\n\n\n\n<li class=\"\"><strong>Vysok\u00e1 kvalita:<\/strong> Vygenerovan\u00e9 kreslen\u00e9 obr\u00e1zky jsou \u010dasto vysoce kvalitn\u00ed a vhodn\u00e9 pro r\u016fzn\u00e1 pou\u017eit\u00ed.<\/li>\n\n\n\n<li class=\"\"><strong>P\u0159izp\u016fsoben\u00ed:<\/strong> Mnoho n\u00e1stroj\u016f umo\u017e\u0148uje p\u0159izp\u016fsoben\u00ed styl\u016f karikatur, tak\u017ee ka\u017ed\u00fd obr\u00e1zek je jedine\u010dn\u00fd.<\/li>\n\n\n\n<li class=\"\"><strong>Voln\u00e9 mo\u017enosti:<\/strong> \u0158ada online n\u00e1stroj\u016f nab\u00edz\u00ed bezplatn\u00e9 slu\u017eby pro p\u0159evod fotografi\u00ed na karikatury.<\/li>\n<\/ol>\n\n\n\n<h3 class=\"wp-block-heading\" id=\"when-to-use-an-ai-cartoon-generator\">Kdy pou\u017e\u00edt gener\u00e1tor karikatur AI<\/h3>\n\n\n\n<p class=\"\">Gener\u00e1tory karikatur AI jsou ide\u00e1ln\u00ed pro:<\/p>\n\n\n\n<ul class=\"wp-block-list\">\n<li class=\"\"><strong>Vytv\u00e1\u0159en\u00ed obsahu soci\u00e1ln\u00edch m\u00e9di\u00ed:<\/strong> Poutav\u00e9 a jedine\u010dn\u00e9 kreslen\u00e9 obr\u00e1zky mohou vylep\u0161it p\u0159\u00edsp\u011bvky v soci\u00e1ln\u00edch m\u00e9di\u00edch.<\/li>\n\n\n\n<li class=\"\"><strong>Vytv\u00e1\u0159en\u00ed profilov\u00fdch obr\u00e1zk\u016f:<\/strong> Kreslen\u00e9 profily vyniknou a dodaj\u00ed osobn\u00ed n\u00e1dech.<\/li>\n\n\n\n<li class=\"\"><strong>Z\u00e1bavn\u00e9 projekty:<\/strong> P\u0159em\u011bna sebe sama v karikaturu pro z\u00e1bavu nebo kreativn\u00ed projekty.<\/li>\n\n\n\n<li class=\"\"><strong>Profesion\u00e1ln\u00ed pou\u017eit\u00ed:<\/strong> Ilustr\u00e1to\u0159i a n\u00e1vrh\u00e1\u0159i mohou tyto n\u00e1stroje pou\u017e\u00edvat k rychl\u00e9mu vytv\u00e1\u0159en\u00ed kreslen\u00fdch obr\u00e1zk\u016f.<\/li>\n<\/ul>\n\n\n\n<h3 class=\"wp-block-heading\" id=\"who-should-use-an-ai-cartoon-generator\">Kdo by m\u011bl pou\u017e\u00edvat gener\u00e1tor karikatur AI?<\/h3>\n\n\n\n<p class=\"\">Gener\u00e1tory karikatur AI jsou vhodn\u00e9 pro:<\/p>\n\n\n\n<ul class=\"wp-block-list\">\n<li class=\"\"><strong>Jednotlivci:<\/strong> Ka\u017ed\u00fd, kdo chce vytvo\u0159it kreslenou verzi sv\u00e9 fotografie.<\/li>\n\n\n\n<li class=\"\"><strong>Vlivn\u00e9 osoby na soci\u00e1ln\u00edch s\u00edt\u00edch:<\/strong> Vytv\u00e1\u0159et poutav\u00fd obsah.<\/li>\n\n\n\n<li class=\"\"><strong>Podniky:<\/strong> Pro jedine\u010dn\u00e9 marketingov\u00e9 materi\u00e1ly.<\/li>\n\n\n\n<li class=\"\"><strong>Um\u011blci a design\u00e9\u0159i:<\/strong> Rychl\u00e9 generov\u00e1n\u00ed n\u00e1pad\u016f na karikatury.<\/li>\n\n\n\n<li class=\"\"><strong>Tv\u016frci obsahu:<\/strong> Za p\u0159id\u00e1n\u00ed z\u00e1bavn\u00e9ho prvku do jejich obsahu.<\/li>\n<\/ul>\n\n\n\n<h3 class=\"wp-block-heading\" id=\"comparison-of-ai-cartoon-generators\">Srovn\u00e1n\u00ed gener\u00e1tor\u016f kreslen\u00fdch obr\u00e1zk\u016f s um\u011blou inteligenc\u00ed<\/h3>\n\n\n\n<figure class=\"wp-block-table\"><table class=\"has-fixed-layout\"><thead><tr><th>N\u00e1stroj<\/th><th>Klady<\/th><th>Nev\u00fdhody<\/th><th>Funkce<\/th><th>Doporu\u010den\u00ed<\/th><\/tr><\/thead><tbody><tr><td><a href=\"https:\/\/aiartfree.online\/cs\/generator-karikatur-ai\/\" target=\"_blank\" data-type=\"link\" data-id=\"https:\/\/aiartfree.online\/ai-cartoon-generator\/\" rel=\"noreferrer noopener\">Gener\u00e1tor karikatur AI<\/a><\/td><td>Snadn\u00e9 pou\u017eit\u00ed, zdarma<\/td><td>Omezen\u00e9 p\u0159izp\u016fsoben\u00ed<\/td><td>Fotografie do karikatury, r\u016fzn\u00e9 styly<\/td><td>Dobr\u00e9 pro z\u00e1kladn\u00ed pou\u017eit\u00ed<\/td><\/tr><tr><td>ToonMe<\/td><td>Vysok\u00e1 kvalita, rychlost<\/td><td>Vodoznak na bezplatn\u00e9 verzi<\/td><td>R\u016fzn\u00e9 kreslen\u00e9 styly, rychl\u00e9 zpracov\u00e1n\u00ed<\/td><td>Nejlep\u0161\u00ed pro vysoce kvalitn\u00ed sn\u00edmky<\/td><\/tr><tr><td>Fotolaborato\u0159<\/td><td>Mnoho \u00fa\u010dink\u016f<\/td><td>Reklamy ve verzi zdarma<\/td><td>V\u00edce efekt\u016f a filtr\u016f<\/td><td>Skv\u011bl\u00e9 pro r\u016fzn\u00e9 efekty<\/td><\/tr><tr><td>PicsArt<\/td><td>V\u0161estrann\u00fd, spousta n\u00e1stroj\u016f<\/td><td>Vy\u017eaduje p\u0159ihl\u00e1\u0161en\u00ed<\/td><td>\u00daprava fotografi\u00ed, kreslen\u00e9 efekty<\/td><td>Nejlep\u0161\u00ed pro pokro\u010dil\u00e9 u\u017eivatele<\/td><\/tr><tr><td>BeFunky<\/td><td>Snadn\u00e9 pou\u017eit\u00ed<\/td><td>Omezen\u00e9 bezplatn\u00e9 funkce<\/td><td>Jednoduch\u00e9 \u00fapravy, kreslen\u00e9 efekty<\/td><td>Vhodn\u00e9 pro za\u010d\u00e1te\u010dn\u00edky<\/td><\/tr><tr><td>Hlubok\u00e9 um\u011bleck\u00e9 efekty<\/td><td>Vysok\u00e1 kvalita<\/td><td>Vy\u017eaduje platbu za HD<\/td><td>Um\u011bleck\u00e9 styly generovan\u00e9 um\u011blou inteligenc\u00ed<\/td><td>Nejlep\u0161\u00ed pro vysoce kvalitn\u00ed v\u00fdsledky<\/td><\/tr><tr><td>Prisma<\/td><td>Stylov\u00e9 v\u00fdsledky<\/td><td>Omezen\u00fd po\u010det voln\u00fdch styl\u016f<\/td><td>R\u016fzn\u00e9 um\u011bleck\u00e9 filtry<\/td><td>Skv\u011bl\u00e9 pro um\u011bleck\u00e9 styly<\/td><\/tr><tr><td>Painnt<\/td><td>Mnoho styl\u016f<\/td><td>Vodoznak na bezplatn\u00e9 verzi<\/td><td>Um\u011bleck\u00e9 filtry a styly<\/td><td>Nejlep\u0161\u00ed pro um\u011bleckou rozmanitost<\/td><\/tr><tr><td>LunaPic<\/td><td>Zdarma, v\u0161estrann\u00fd<\/td><td>Zastaral\u00e9 rozhran\u00ed<\/td><td>Mnoho efekt\u016f a n\u00e1stroj\u016f<\/td><td>Nejlep\u0161\u00ed pro bezplatn\u00e9 pou\u017eit\u00ed<\/td><\/tr><tr><td>Fotor<\/td><td>Snadn\u00e9 pou\u017eit\u00ed, v\u0161estrann\u00e9 pou\u017eit\u00ed<\/td><td>Omezen\u00e9 bezplatn\u00e9 funkce<\/td><td>N\u00e1stroje pro \u00fapravy, kreslen\u00e9 efekty<\/td><td>Nejlep\u0161\u00ed pro v\u0161eobecn\u00e9 pou\u017eit\u00ed<\/td><\/tr><\/tbody><\/table><\/figure>\n\n\n\n<h3 class=\"wp-block-heading\" id=\"faq\">\u010cASTO KLADEN\u00c9 DOTAZY<\/h3>\n\n\n\n<p class=\"\"><strong>1. Co je to gener\u00e1tor kreslen\u00fdch film\u016f s um\u011blou inteligenc\u00ed?<\/strong><br>Gener\u00e1tor kreslen\u00fdch obr\u00e1zk\u016f s um\u011blou inteligenc\u00ed je n\u00e1stroj, kter\u00fd vyu\u017e\u00edv\u00e1 um\u011blou inteligenci k p\u0159em\u011bn\u011b fotografi\u00ed na kreslen\u00e9 obr\u00e1zky.<\/p>\n\n\n\n<p class=\"\"><strong>2. Jak funguje gener\u00e1tor karikatur um\u011bl\u00e9 inteligence?<\/strong><br>Vyu\u017e\u00edv\u00e1 algoritmy strojov\u00e9ho u\u010den\u00ed k anal\u00fdze a p\u0159evodu vlastnost\u00ed fotografi\u00ed do podoby kreslen\u00fdch obr\u00e1zk\u016f.<\/p>\n\n\n\n<p class=\"\"><strong>3. Jsou gener\u00e1tory karikatur AI zdarma?<\/strong><br>Mnoho n\u00e1stroj\u016f nab\u00edz\u00ed bezplatn\u00e9 verze se z\u00e1kladn\u00edmi funkcemi, n\u011bkter\u00e9 v\u0161ak mohou m\u00edt i pr\u00e9miov\u00e9 mo\u017enosti.<\/p>\n\n\n\n<p class=\"\"><strong>4. Jak\u00e9 jsou nejlep\u0161\u00ed gener\u00e1tory karikatur um\u011bl\u00e9 inteligence?<\/strong><br>Mezi nejlep\u0161\u00ed n\u00e1stroje pat\u0159\u00ed ToonMe, Photo Lab a Prisma.<\/p>\n\n\n\n<p class=\"\"><strong>5. Mohu si p\u0159izp\u016fsobit kreslen\u00e9 styly?<\/strong><br>Ano, mnoho n\u00e1stroj\u016f umo\u017e\u0148uje p\u0159izp\u016fsoben\u00ed styl\u016f karikatur.<\/p>\n\n\n\n<p class=\"\"><strong>6. Je bezpe\u010dn\u00e9 pou\u017e\u00edvat online gener\u00e1tory karikatur um\u011bl\u00e9 inteligence?<\/strong><br>V\u011bt\u0161ina renomovan\u00fdch n\u00e1stroj\u016f je bezpe\u010dn\u00e1, ale v\u017edy si ov\u011b\u0159te z\u00e1sady zabezpe\u010den\u00ed a ochrany osobn\u00edch \u00fadaj\u016f.<\/p>\n\n\n\n<p class=\"\"><strong>7. Mohu gener\u00e1tory kreslen\u00fdch obr\u00e1zk\u016f AI pou\u017e\u00edvat ke komer\u010dn\u00edm \u00fa\u010del\u016fm?<\/strong><br>Z\u00e1le\u017e\u00ed na podm\u00ednk\u00e1ch pou\u017eit\u00ed dan\u00e9ho n\u00e1stroje; n\u011bkter\u00e9 umo\u017e\u0148uj\u00ed komer\u010dn\u00ed pou\u017eit\u00ed, jin\u00e9 nikoli.<\/p>\n\n\n\n<p class=\"\"><strong>8. Jak dlouho trv\u00e1 karikatura fotografie?<\/strong><br>Doba zpracov\u00e1n\u00ed se li\u0161\u00ed, ale obecn\u011b je rychl\u00e1, \u010dasto jen n\u011bkolik sekund.<\/p>\n\n\n\n<p class=\"\"><strong>9. Mohou gener\u00e1tory kreslen\u00fdch obr\u00e1zk\u016f s um\u011blou inteligenc\u00ed pracovat s jakoukoli fotografi\u00ed?<\/strong><br>Nejl\u00e9pe funguj\u00ed na jasn\u00fdch a kvalitn\u00edch fotografi\u00edch.<\/p>\n\n\n\n<p class=\"\"><strong>10. Jak\u00fd je nejlep\u0161\u00ed gener\u00e1tor karikatur AI pro za\u010d\u00e1te\u010dn\u00edky?<\/strong><br>BeFunky a Cartoonify jsou d\u00edky sv\u00e9 jednoduchosti a snadn\u00e9mu pou\u017e\u00edv\u00e1n\u00ed skv\u011blou volbou pro za\u010d\u00e1te\u010dn\u00edky.<\/p>\n\n\n\n<p class=\"\">Pou\u017eit\u00ed gener\u00e1toru kreslen\u00fdch obr\u00e1zk\u016f AI je z\u00e1bavn\u00fd a snadn\u00fd zp\u016fsob, jak z fotografi\u00ed vytvo\u0159it jedine\u010dn\u00e9 a poutav\u00e9 kreslen\u00e9 obr\u00e1zky. A\u0165 u\u017e chcete vytvo\u0159it obsah pro soci\u00e1ln\u00ed m\u00e9dia, jedine\u010dn\u00fd profilov\u00fd obr\u00e1zek nebo se jen pobavit, tyto n\u00e1stroje nab\u00edzej\u00ed \u0159adu funkc\u00ed, kter\u00e9 spln\u00ed va\u0161e pot\u0159eby. <\/p>\n\n\n\n<p class=\"\">Pokud m\u00e1te dal\u0161\u00ed ot\u00e1zky, zeptejte se pros\u00edm <a href=\"https:\/\/chatgpt4o.space\/\" data-type=\"link\" data-id=\"https:\/\/chatgpt4o.space\/\" target=\"_blank\" rel=\"noreferrer noopener\">online zdarma ChatGPT 4o mini<\/a><\/p>","protected":false},"excerpt":{"rendered":"<p>Before vs After How to use AI Cartoon Generator *&nbsp;Depending on your internet speed, loading the model may take a few seconds.* There will be caching during continuous generation, and the new image will appear after about 3 seconds. Introduction of AI Cartoon Generator Creating cartoon versions of photos has become a popular trend in &#8230; <a title=\"Gener\u00e1tor karikatur AI\" class=\"read-more\" href=\"https:\/\/aiartfree.online\/cs\/generator-karikatur-ai\/\" aria-label=\"Read more about AI Cartoon Generator\">\u010c\u00edst d\u00e1l<\/a><\/p>","protected":false},"author":1,"featured_media":2875,"parent":0,"menu_order":0,"comment_status":"open","ping_status":"closed","template":"","meta":{"nf_dc_page":"","footnotes":""},"class_list":["post-2941","page","type-page","status-publish","has-post-thumbnail"],"jetpack_sharing_enabled":true,"_links":{"self":[{"href":"https:\/\/aiartfree.online\/cs\/wp-json\/wp\/v2\/pages\/2941","targetHints":{"allow":["GET"]}}],"collection":[{"href":"https:\/\/aiartfree.online\/cs\/wp-json\/wp\/v2\/pages"}],"about":[{"href":"https:\/\/aiartfree.online\/cs\/wp-json\/wp\/v2\/types\/page"}],"author":[{"embeddable":true,"href":"https:\/\/aiartfree.online\/cs\/wp-json\/wp\/v2\/users\/1"}],"replies":[{"embeddable":true,"href":"https:\/\/aiartfree.online\/cs\/wp-json\/wp\/v2\/comments?post=2941"}],"version-history":[{"count":0,"href":"https:\/\/aiartfree.online\/cs\/wp-json\/wp\/v2\/pages\/2941\/revisions"}],"wp:featuredmedia":[{"embeddable":true,"href":"https:\/\/aiartfree.online\/cs\/wp-json\/wp\/v2\/media\/2875"}],"wp:attachment":[{"href":"https:\/\/aiartfree.online\/cs\/wp-json\/wp\/v2\/media?parent=2941"}],"curies":[{"name":"wp","href":"https:\/\/api.w.org\/{rel}","templated":true}]}}