{"id":2889,"date":"2024-07-18T12:53:54","date_gmt":"2024-07-18T12:53:54","guid":{"rendered":"https:\/\/aiartfree.online\/?page_id=2889"},"modified":"2024-07-20T06:31:00","modified_gmt":"2024-07-20T06:31:00","slug":"free-dalle-3","status":"publish","type":"page","link":"https:\/\/aiartfree.online\/cs\/volny-dalle-3\/","title":{"rendered":"DALL-E 3 zdarma"},"content":{"rendered":"<h2 class=\"wp-block-heading\">Jak pou\u017e\u00edvat bezplatn\u00fd DALL-E 3<\/h2>\n\n\n\n<ol class=\"wp-block-list\">\n<li class=\"\">Zadejte sv\u00e9 v\u00fdzvy<\/li>\n\n\n\n<li class=\"\">Klikn\u011bte na tla\u010d\u00edtko \"Spustit\"<\/li>\n\n\n\n<li class=\"\">Po\u010dkat, to je ono!<\/li>\n<\/ol>\n\n\n\n<p class=\"\"><em>* V z\u00e1vislosti na rychlosti va\u0161eho internetu m\u016f\u017ee na\u010d\u00edt\u00e1n\u00ed modelu trvat n\u011bkolik sekund.<br>* B\u011bhem nep\u0159etr\u017eit\u00e9ho generov\u00e1n\u00ed bude prob\u00edhat ukl\u00e1d\u00e1n\u00ed do mezipam\u011bti a nov\u00fd obr\u00e1zek se zobraz\u00ed p\u0159ibli\u017en\u011b po 3 sekund\u00e1ch.<\/em><\/p>\n\n\n\n<div style=\"text-align: center; border: 2px solid; border-image-source: linear-gradient(to right, #16b86c, #912899); border-image-slice: 1; box-shadow: 0 0 10px rgba(0, 0, 0, 0.1); border-radius: 15px;\">\n  <iframe loading=\"lazy\"\n    src=\"https:\/\/ehristoforu-dalle-3-xl-lora-v2.hf.space\"\n    frameborder=\"0\"\n    width=\"600\"\n    height=\"950\"\n    style=\"display: inline-block; margin: 0 auto;\"\n  ><\/iframe>\n<\/div>\n\n\n\n<div style=\"height:100px\" aria-hidden=\"true\" class=\"wp-block-spacer\"><\/div>\n\n\n\n<h1 class=\"gb-headline gb-headline-b91c046b gb-headline-text\"><strong>P\u0159edstaven\u00ed filmu DALL-E 3 zdarma<\/strong><\/h1>\n\n\n\n<figure class=\"wp-block-image size-large is-resized\"><img data-recalc-dims=\"1\" decoding=\"async\" width=\"1024\" height=\"1024\"   loading=\"lazy\" src=\"https:\/\/i0.wp.com\/aiartfree.online\/wp-content\/uploads\/2024\/07\/avocado-square-1-1-1-1-1-1-1-1-1-1-1-1-1.jpg?resize=1024%2C1024&#038;ssl=1\" alt=\"Online zdarma DALL-E 3: model um\u011bl\u00e9 inteligence generuj\u00edc\u00ed vysoce kvalitn\u00ed obr\u00e1zky\/videa z textov\u00fdch podn\u011bt\u016f, kter\u00fd p\u0159edstavuje revoluci v tvorb\u011b obsahu generovan\u00e9ho um\u011blou inteligenc\u00ed bez nutnosti um\u011bleck\u00fdch dovednost\u00ed.\" class=\"wp-image-2825\" style=\"width:416px;height:auto\" srcset=\"https:\/\/i0.wp.com\/aiartfree.online\/wp-content\/uploads\/2024\/07\/avocado-square-1-1-1-1-1-1-1-1-1-1-1-1-1.jpg?resize=1024%2C1024&amp;ssl=1 1024w, https:\/\/i0.wp.com\/aiartfree.online\/wp-content\/uploads\/2024\/07\/avocado-square-1-1-1-1-1-1-1-1-1-1-1-1-1.jpg?resize=300%2C300&amp;ssl=1 300w, https:\/\/i0.wp.com\/aiartfree.online\/wp-content\/uploads\/2024\/07\/avocado-square-1-1-1-1-1-1-1-1-1-1-1-1-1.jpg?resize=100%2C100&amp;ssl=1 100w, https:\/\/i0.wp.com\/aiartfree.online\/wp-content\/uploads\/2024\/07\/avocado-square-1-1-1-1-1-1-1-1-1-1-1-1-1.jpg?resize=600%2C600&amp;ssl=1 600w, https:\/\/i0.wp.com\/aiartfree.online\/wp-content\/uploads\/2024\/07\/avocado-square-1-1-1-1-1-1-1-1-1-1-1-1-1.jpg?resize=150%2C150&amp;ssl=1 150w, https:\/\/i0.wp.com\/aiartfree.online\/wp-content\/uploads\/2024\/07\/avocado-square-1-1-1-1-1-1-1-1-1-1-1-1-1.jpg?resize=768%2C768&amp;ssl=1 768w, https:\/\/i0.wp.com\/aiartfree.online\/wp-content\/uploads\/2024\/07\/avocado-square-1-1-1-1-1-1-1-1-1-1-1-1-1.jpg?resize=1536%2C1536&amp;ssl=1 1536w, https:\/\/i0.wp.com\/aiartfree.online\/wp-content\/uploads\/2024\/07\/avocado-square-1-1-1-1-1-1-1-1-1-1-1-1-1.jpg?resize=12%2C12&amp;ssl=1 12w, https:\/\/i0.wp.com\/aiartfree.online\/wp-content\/uploads\/2024\/07\/avocado-square-1-1-1-1-1-1-1-1-1-1-1-1-1.jpg?w=1792&amp;ssl=1 1792w\" sizes=\"auto, (max-width: 1024px) 100vw, 1024px\" \/><\/figure>\n\n\n\n<h2 class=\"wp-block-heading\"><strong>Osnova:<\/strong><\/h2>\n\n\n\n<ul class=\"wp-block-list\">\n<li class=\"\">Co je online zdarma DALL-E 3?<\/li>\n\n\n\n<li class=\"\">Pro\u010d pou\u017e\u00edvat zdarma online DALL-E 3?<\/li>\n\n\n\n<li class=\"\">V\u00fdhody pou\u017e\u00edv\u00e1n\u00ed bezplatn\u00e9ho online DALL-E 3<\/li>\n\n\n\n<li class=\"\">Kdy pou\u017e\u00edt online zdarma DALL-E 3<\/li>\n\n\n\n<li class=\"\">Pro koho je DALL-E 3 online zdarma?<\/li>\n\n\n\n<li class=\"\">Bezplatn\u00e9 online n\u00e1stroje a zdroje pro DALL-E 3<\/li>\n\n\n\n<li class=\"\">\u010cASTO KLADEN\u00c9 OT\u00c1ZKY: \u010casto kladen\u00e9 ot\u00e1zky k filmu DALL-E 3 zdarma online<\/li>\n<\/ul>\n\n\n\n<h3 class=\"wp-block-heading\" id=\"6b4aa913\"><a href=\"https:\/\/dromerosm-groq-llama3.hf.space\/#6b4aa913\" target=\"_blank\" rel=\"noopener\"><\/a>Co je DALL-E 3 zdarma?<\/h3>\n\n\n\n<p class=\"\">DALL-E 3 je typ modelu um\u011bl\u00e9 inteligence, kter\u00fd umo\u017e\u0148uje u\u017eivatel\u016fm vytv\u00e1\u0159et vysoce kvalitn\u00ed obr\u00e1zky a videa pomoc\u00ed textov\u00fdch pokyn\u016f. Tato inovativn\u00ed technologie zp\u016fsobila revoluci v oblasti obsahu generovan\u00e9ho um\u011blou inteligenc\u00ed a umo\u017e\u0148uje u\u017eivatel\u016fm vytv\u00e1\u0159et \u00fa\u017easn\u00e9 vizu\u00e1ly, ani\u017e by k tomu pot\u0159ebovali rozs\u00e1hl\u00e9 um\u011bleck\u00e9 dovednosti.<\/p>\n\n\n\n<h3 class=\"wp-block-heading\" id=\"1403ba15\"><a href=\"https:\/\/dromerosm-groq-llama3.hf.space\/#1403ba15\" target=\"_blank\" rel=\"noopener\"><\/a>Pro\u010d pou\u017e\u00edvat DALL-E 3 zdarma?<\/h3>\n\n\n\n<p class=\"\">Bezplatn\u00e1 online aplikace DALL-E 3 nab\u00edz\u00ed \u0159adu v\u00fdhod jak pro jednotlivce, tak pro firmy. Pomoc\u00ed t\u00e9to technologie lze vytv\u00e1\u0159et poutav\u00e9 reklamy, obsah pro soci\u00e1ln\u00ed m\u00e9dia, a dokonce i cel\u00e9 p\u0159\u00edb\u011bhy. Jej\u00ed vyu\u017eit\u00ed je neomezen\u00e9 a d\u00edky sv\u00e9 schopnosti vytv\u00e1\u0159et vysoce kvalitn\u00ed vizu\u00e1ly se stala nezbytn\u00fdm n\u00e1strojem pro mnoho odv\u011btv\u00ed, v\u010detn\u011b marketingu, z\u00e1bavy a vzd\u011bl\u00e1v\u00e1n\u00ed.<\/p>\n\n\n\n<h3 class=\"wp-block-heading\" id=\"6a9ba0cf\"><a href=\"https:\/\/dromerosm-groq-llama3.hf.space\/#6a9ba0cf\" target=\"_blank\" rel=\"noopener\"><\/a>V\u00fdhody pou\u017e\u00edv\u00e1n\u00ed DALL-E 3 zdarma<\/h3>\n\n\n\n<p class=\"\">Zde jsou n\u011bkter\u00e9 z v\u00fdhod pou\u017e\u00edv\u00e1n\u00ed bezplatn\u00e9ho online DALL-E 3:<\/p>\n\n\n\n<ul class=\"wp-block-list\">\n<li class=\"\"><strong>Bezkonkuren\u010dn\u00ed kvalita obrazu<\/strong>: DALL-E 3 generuje obr\u00e1zky, kter\u00e9 jsou srovnateln\u00e9 s obr\u00e1zky vytvo\u0159en\u00fdmi profesion\u00e1ln\u00edmi um\u011blci.<\/li>\n\n\n\n<li class=\"\"><strong>\u010casov\u011b efektivn\u00ed<\/strong>: Tato technologie umo\u017e\u0148uje u\u017eivatel\u016fm vytv\u00e1\u0159et vysoce kvalitn\u00ed vizualizace b\u011bhem n\u011bkolika minut, co\u017e \u0161et\u0159\u00ed \u010das a \u00fasil\u00ed.<\/li>\n\n\n\n<li class=\"\"><strong>N\u00e1kladov\u011b efektivn\u00ed<\/strong>: Bezplatn\u00fd online DALL-E 3 eliminuje nutnost naj\u00edmat profesion\u00e1ln\u00ed v\u00fdtvarn\u00edky nebo kupovat drah\u00fd software.<\/li>\n<\/ul>\n\n\n\n<h3 class=\"wp-block-heading\" id=\"5ca44098\"><a href=\"https:\/\/dromerosm-groq-llama3.hf.space\/#5ca44098\" target=\"_blank\" rel=\"noopener\"><\/a>Kdy pou\u017e\u00edt DALL-E 3 zdarma<\/h3>\n\n\n\n<p class=\"\">Online zdarma DALL-E 3 je vhodn\u00fd pro r\u016fzn\u00e9 sc\u00e9n\u00e1\u0159e, v\u010detn\u011b:<\/p>\n\n\n\n<ul class=\"wp-block-list\">\n<li class=\"\"><strong>Marketingov\u00e9 kampan\u011b<\/strong>: Vytv\u00e1\u0159ejte poutav\u00e9 reklamy a obsah soci\u00e1ln\u00edch m\u00e9di\u00ed, abyste upoutali pozornost c\u00edlov\u00e9 skupiny.<\/li>\n\n\n\n<li class=\"\"><strong>Vypr\u00e1v\u011bn\u00ed p\u0159\u00edb\u011bh\u016f<\/strong>: Pomoc\u00ed bezplatn\u00e9ho online DALL-E 3 m\u016f\u017eete vytv\u00e1\u0159et cel\u00e9 p\u0159\u00edb\u011bhy v\u010detn\u011b postav, pozad\u00ed a rekvizit.<\/li>\n\n\n\n<li class=\"\"><strong>Vzd\u011bl\u00e1v\u00e1n\u00ed<\/strong>: Vyu\u017eijte tuto technologii k vytv\u00e1\u0159en\u00ed interaktivn\u00edho a poutav\u00e9ho vzd\u011bl\u00e1vac\u00edho obsahu.<\/li>\n<\/ul>\n\n\n\n<h3 class=\"wp-block-heading\" id=\"a38adbc\"><a href=\"https:\/\/dromerosm-groq-llama3.hf.space\/#a38adbc\" target=\"_blank\" rel=\"noopener\"><\/a>Kdo m\u016f\u017ee vyu\u017e\u00edt bezplatn\u00fd DALL-E 3<\/h3>\n\n\n\n<p class=\"\">Bezplatn\u00fd online program DALL-E 3 mohou vyu\u017e\u00edt r\u016fzn\u00ed jednotlivci a odv\u011btv\u00ed, v\u010detn\u011b:<\/p>\n\n\n\n<ul class=\"wp-block-list\">\n<li class=\"\"><strong>Market\u00e9\u0159i<\/strong>: Vytv\u00e1\u0159ejte vysoce kvalitn\u00ed vizu\u00e1ly pro marketingov\u00e9 kampan\u011b.<\/li>\n\n\n\n<li class=\"\"><strong>Um\u011blci<\/strong>: Z\u00edskejte inspiraci pro sv\u00e1 um\u011bleck\u00e1 d\u00edla nebo ji pou\u017eijte jako n\u00e1stroj pro tvorbu nov\u00fdch d\u011bl.<\/li>\n\n\n\n<li class=\"\"><strong>Pedagogov\u00e9<\/strong>: Vytv\u00e1\u0159ejte interaktivn\u00ed a poutav\u00fd vzd\u011bl\u00e1vac\u00ed obsah.<\/li>\n<\/ul>\n\n\n\n<h3 class=\"wp-block-heading\" id=\"5e6df429\"><a href=\"https:\/\/dromerosm-groq-llama3.hf.space\/#5e6df429\" target=\"_blank\" rel=\"noopener\"><\/a>Bezplatn\u00e9 online n\u00e1stroje a zdroje pro DALL-E 3<\/h3>\n\n\n\n<p class=\"\">Zde je n\u011bkolik online zdroj\u016f a n\u00e1stroj\u016f, kter\u00e9 v\u00e1m mohou pomoci za\u010d\u00edt s bezplatn\u00fdm online DALL-E 3:<\/p>\n\n\n\n<figure class=\"wp-block-table\"><table class=\"has-fixed-layout\"><thead><tr><th>Zdroje<\/th><th>Popis<\/th><th>Webov\u00e9 str\u00e1nky<\/th><\/tr><\/thead><tbody><tr><td>AI Art zdarma online<\/td><td>Platforma nab\u00edzej\u00edc\u00ed bezplatn\u00fd online model DALL-E 3<\/td><td><a href=\"https:\/\/aiartfree.online\/cs\/free-online-dalle-3\/\" target=\"_blank\" rel=\"noreferrer noopener\">https:\/\/aiartfree.online\/free-online-dall%c2%b7e-3\/<\/a><\/td><\/tr><tr><td>DALL-E 3 GitHub<\/td><td>Ofici\u00e1ln\u00ed repozit\u00e1\u0159 GitHub pro DALL-E 3<\/td><td><a href=\"https:\/\/github.com\/dalle\/dalle-3\" target=\"_blank\" rel=\"noreferrer noopener\">https:\/\/github.com\/dalle\/dalle-3<\/a><\/td><\/tr><tr><td>Um\u011bleck\u00e1 komunita generovan\u00e1 um\u011blou inteligenc\u00ed<\/td><td>Komunita diskutuj\u00edc\u00ed o um\u011bn\u00ed generovan\u00e9m um\u011blou inteligenc\u00ed a DALL-E 3<\/td><td><a href=\"https:\/\/www.ai-generated-art.com\/\" target=\"_blank\" rel=\"noreferrer noopener\">https:\/\/www.ai-generated-art.com\/<\/a><\/td><\/tr><tr><td>&#8230;<\/td><td>&#8230;<\/td><td>&#8230;<\/td><\/tr><\/tbody><\/table><\/figure>\n\n\n\n<p class=\"\"><strong>V\u00fdhody:<\/strong><\/p>\n\n\n\n<ul class=\"wp-block-list\">\n<li class=\"\">U\u017eivatelsky p\u0159\u00edv\u011btiv\u00e9 rozhran\u00ed<\/li>\n\n\n\n<li class=\"\">Vysoce kvalitn\u00ed generov\u00e1n\u00ed obrazu<\/li>\n\n\n\n<li class=\"\">N\u00e1kladov\u011b efektivn\u00ed<\/li>\n<\/ul>\n\n\n\n<p class=\"\"><strong>Nev\u00fdhody:<\/strong><\/p>\n\n\n\n<ul class=\"wp-block-list\">\n<li class=\"\">Omezen\u00e9 mo\u017enosti p\u0159izp\u016fsoben\u00ed<\/li>\n\n\n\n<li class=\"\">Vy\u017eaduje technick\u00e9 znalosti<\/li>\n<\/ul>\n\n\n\n<p class=\"\"><strong>V\u00fdzvy:<\/strong><\/p>\n\n\n\n<ul class=\"wp-block-list\">\n<li class=\"\">Zaji\u0161t\u011bn\u00ed, aby generovan\u00e9 sn\u00edmky nebyly zkreslen\u00e9<\/li>\n\n\n\n<li class=\"\">\u0158e\u0161en\u00ed ot\u00e1zek autorsk\u00fdch pr\u00e1v a vlastnictv\u00ed<\/li>\n<\/ul>\n\n\n\n<p class=\"\"><strong>Doporu\u010den\u00ed:<\/strong><\/p>\n\n\n\n<p class=\"\">Na z\u00e1klad\u011b na\u0161eho v\u00fdzkumu doporu\u010dujeme pou\u017e\u00edvat&nbsp;<a href=\"https:\/\/aiartfree.online\/cs\/free-online-dall\u00b7e-3\/\" target=\"_blank\" rel=\"noreferrer noopener\">AI Art zdarma online<\/a>&nbsp;pro sv\u00e9 u\u017eivatelsky p\u0159\u00edv\u011btiv\u00e9 rozhran\u00ed a vysoce kvalitn\u00ed generov\u00e1n\u00ed obr\u00e1zk\u016f.<\/p>\n\n\n\n<h3 class=\"wp-block-heading\" id=\"b571c93a\"><a href=\"https:\/\/dromerosm-groq-llama3.hf.space\/#b571c93a\" target=\"_blank\" rel=\"noopener\"><\/a>\u010cASTO KLADEN\u00c9 OT\u00c1ZKY: \u010casto kladen\u00e9 ot\u00e1zky k filmu DALL-E 3 zdarma online<\/h3>\n\n\n\n<p class=\"\">Zde je n\u011bkolik \u010dasto kladen\u00fdch ot\u00e1zek k filmu DALL-E 3 zdarma:<\/p>\n\n\n\n<p class=\"\"><strong>Ot\u00e1zka \u010d. 1: Je pou\u017e\u00edv\u00e1n\u00ed hry Free DALL-E 3 zdarma?<\/strong>\u00a0A1: Ano, hra DALL-E 3 je k dispozici zdarma, s mo\u017enost\u00ed placen\u00fdch aktualizac\u00ed.<\/p>\n\n\n\n<p class=\"\"><strong>Ot\u00e1zka 2: Mohu pou\u017e\u00edvat Free DALL-E 3 pro komer\u010dn\u00ed \u00fa\u010dely?<\/strong>\u00a0A2: Ano, bezplatn\u00fd online DALL-E 3 m\u016f\u017eete pou\u017e\u00edvat ke komer\u010dn\u00edm \u00fa\u010del\u016fm, ale dbejte na dodr\u017eov\u00e1n\u00ed podm\u00ednek pou\u017eit\u00ed.<\/p>\n\n\n\n<p class=\"\"><strong>Ot\u00e1zka 3: Jak dlouho trv\u00e1 vygenerov\u00e1n\u00ed obr\u00e1zku pomoc\u00ed aplikace Free Online DALL-E 3?<\/strong>&nbsp;A3: Doba generov\u00e1n\u00ed z\u00e1vis\u00ed na slo\u017eitosti obrazu a pou\u017eit\u00fdch v\u00fdpo\u010detn\u00edch prost\u0159edc\u00edch. V pr\u016fm\u011bru trv\u00e1 vygenerov\u00e1n\u00ed obr\u00e1zku p\u0159ibli\u017en\u011b 1-5 minut.<\/p>\n\n\n\n<p class=\"\"><strong>Ot\u00e1zka 4: Mohu si vygenerovan\u00e9 obr\u00e1zky p\u0159izp\u016fsobit?<\/strong>&nbsp;A4: Ano, vygenerovan\u00e9 obr\u00e1zky m\u016f\u017eete p\u0159izp\u016fsobit pomoc\u00ed r\u016fzn\u00fdch n\u00e1stroj\u016f a technik, v\u010detn\u011b softwaru pro \u00fapravy a algoritm\u016f pro p\u0159enos styl\u016f.<\/p>\n\n\n\n<p class=\"\"><strong>Ot\u00e1zka 5: Je online hra DALL-E 3 zdarma vhodn\u00e1 pro za\u010d\u00e1te\u010dn\u00edky?<\/strong>&nbsp;A5: Ano, bezplatn\u00e1 online hra DALL-E 3 je vhodn\u00e1 pro za\u010d\u00e1te\u010dn\u00edky, m\u00e1 intuitivn\u00ed rozhran\u00ed a popisky, kter\u00e9 v\u00e1s provedou cel\u00fdm procesem.<\/p>\n\n\n\n<p class=\"\"><strong>Ot\u00e1zka 6: Mohu pro generov\u00e1n\u00ed vide\u00ed pou\u017e\u00edt Free Online DALL-E 3?<\/strong>&nbsp;A6: Ano, Free Online DALL-E 3 lze pou\u017e\u00edt pro generov\u00e1n\u00ed vide\u00ed, co\u017e v\u00e1m umo\u017en\u00ed vytv\u00e1\u0159et \u00fa\u017easn\u00e1 videa s minim\u00e1ln\u00edm \u00fasil\u00edm.<\/p>\n\n\n\n<p class=\"\"><strong>Ot\u00e1zka 7: Existuj\u00ed n\u011bjak\u00e1 omezen\u00ed pro pou\u017e\u00edv\u00e1n\u00ed DALL-E 3 zdarma online?<\/strong>&nbsp;A7: Ano, pou\u017e\u00edv\u00e1n\u00ed aplikace Free Online DALL-E 3 m\u00e1 ur\u010dit\u00e1 omezen\u00ed, v\u010detn\u011b omezen\u00fdch mo\u017enost\u00ed p\u0159izp\u016fsoben\u00ed a mo\u017en\u00fdch zkreslen\u00ed generovan\u00fdch sn\u00edmk\u016f.<\/p>\n\n\n\n<p class=\"\"><strong>Ot\u00e1zka 8: Mohu pou\u017e\u00edt DALL-E 3 zdarma online pro vypr\u00e1v\u011bn\u00ed p\u0159\u00edb\u011bh\u016f?<\/strong>&nbsp;A8: Ano, DALL-E 3 zdarma online lze pou\u017e\u00edt k vypr\u00e1v\u011bn\u00ed p\u0159\u00edb\u011bh\u016f, proto\u017ee umo\u017e\u0148uje vytv\u00e1\u0159et cel\u00e9 p\u0159\u00edb\u011bhy s postavami, pozad\u00edm a rekvizitami.<\/p>\n\n\n\n<p class=\"\"><strong>Ot\u00e1zka 9: Je DALL-E 3 zdarma online vhodn\u00fd pro v\u00fduku?<\/strong>&nbsp;O9: Ano, bezplatn\u00fd online DALL-E 3 je vhodn\u00fd pro v\u00fduku a umo\u017e\u0148uje pedagog\u016fm vytv\u00e1\u0159et interaktivn\u00ed a poutav\u00fd vzd\u011bl\u00e1vac\u00ed obsah.<\/p>\n\n\n\n<p class=\"\"><strong>Ot\u00e1zka 10: Jak mohu za\u010d\u00edt s online hrou DALL-E 3 zdarma?<\/strong>&nbsp;O10: Chcete-li za\u010d\u00edt hr\u00e1t DALL-E 3 zdarma online, jednodu\u0161e nav\u0161tivte webov\u00e9 str\u00e1nky, zaregistrujte si \u00fa\u010det a postupujte podle n\u00e1vod\u016f a pokyn\u016f.<\/p>","protected":false},"excerpt":{"rendered":"<p>How to use the Free DALL\u00b7E 3 *&nbsp;Depending on your internet speed, loading the model may take a few seconds.* There will be caching during continuous generation, and the new image will appear after about 3 seconds. Introduction of Free DALL\u00b7E 3 Outline: What is Free DALL\u00b7E 3? Free Online DALL\u00b7E 3 is a type &#8230; <a title=\"DALL-E 3 zdarma\" class=\"read-more\" href=\"https:\/\/aiartfree.online\/cs\/volny-dalle-3\/\" aria-label=\"Read more about Free DALL\u00b7E 3\">\u010c\u00edst d\u00e1l<\/a><\/p>","protected":false},"author":1,"featured_media":0,"parent":0,"menu_order":0,"comment_status":"open","ping_status":"closed","template":"","meta":{"nf_dc_page":"","footnotes":""},"class_list":["post-2889","page","type-page","status-publish"],"jetpack_sharing_enabled":true,"_links":{"self":[{"href":"https:\/\/aiartfree.online\/cs\/wp-json\/wp\/v2\/pages\/2889","targetHints":{"allow":["GET"]}}],"collection":[{"href":"https:\/\/aiartfree.online\/cs\/wp-json\/wp\/v2\/pages"}],"about":[{"href":"https:\/\/aiartfree.online\/cs\/wp-json\/wp\/v2\/types\/page"}],"author":[{"embeddable":true,"href":"https:\/\/aiartfree.online\/cs\/wp-json\/wp\/v2\/users\/1"}],"replies":[{"embeddable":true,"href":"https:\/\/aiartfree.online\/cs\/wp-json\/wp\/v2\/comments?post=2889"}],"version-history":[{"count":0,"href":"https:\/\/aiartfree.online\/cs\/wp-json\/wp\/v2\/pages\/2889\/revisions"}],"wp:attachment":[{"href":"https:\/\/aiartfree.online\/cs\/wp-json\/wp\/v2\/media?parent=2889"}],"curies":[{"name":"wp","href":"https:\/\/api.w.org\/{rel}","templated":true}]}}