{"id":2888,"date":"2024-07-18T11:45:49","date_gmt":"2024-07-18T11:45:49","guid":{"rendered":"https:\/\/aiartfree.online\/?page_id=2888"},"modified":"2025-03-07T08:01:42","modified_gmt":"2025-03-07T08:01:42","slug":"free-online-stable-diffusion-3","status":"publish","type":"page","link":"https:\/\/aiartfree.online\/cs\/online-zdarma-stabilni-difuze-3\/","title":{"rendered":"Zdarma online Stabiln\u00ed dif\u00faze 3"},"content":{"rendered":"<h2 class=\"wp-block-heading has-text-align-center\" id=\"what-our-users-made\">Co vytvo\u0159ili na\u0161i u\u017eivatel\u00e9<\/h2>\n\n\n\n<figure class=\"gb-block-image gb-block-image-1822da1f\"><img data-recalc-dims=\"1\" decoding=\"async\" loading=\"lazy\" width=\"1200\" height=\"199\" class=\"gb-image gb-image-1822da1f\" src=\"https:\/\/i0.wp.com\/aiartfree.online\/wp-content\/uploads\/2024\/08\/WX20240802-163255%402x-scaled.webp?resize=1200%2C199&#038;ssl=1\" alt=\"Stable Diffusion 3 je model um\u011bl\u00e9 inteligence, kter\u00fd umo\u017e\u0148uje u\u017eivatel\u016fm vytv\u00e1\u0159et vysoce kvalitn\u00ed obr\u00e1zky pomoc\u00ed textov\u00fdch pokyn\u016f, co\u017e u\u017eivatel\u016fm umo\u017e\u0148uje vytv\u00e1\u0159et vizu\u00e1ln\u00ed materi\u00e1ly bez um\u011bleck\u00fdch dovednost\u00ed.\" title=\"WX20240802-163255@2x\" srcset=\"https:\/\/i0.wp.com\/aiartfree.online\/wp-content\/uploads\/2024\/08\/WX20240802-163255%402x-scaled.webp?w=2560&amp;ssl=1 2560w, https:\/\/i0.wp.com\/aiartfree.online\/wp-content\/uploads\/2024\/08\/WX20240802-163255%402x-scaled.webp?resize=300%2C50&amp;ssl=1 300w, https:\/\/i0.wp.com\/aiartfree.online\/wp-content\/uploads\/2024\/08\/WX20240802-163255%402x-scaled.webp?resize=1024%2C170&amp;ssl=1 1024w, https:\/\/i0.wp.com\/aiartfree.online\/wp-content\/uploads\/2024\/08\/WX20240802-163255%402x-scaled.webp?resize=768%2C127&amp;ssl=1 768w, https:\/\/i0.wp.com\/aiartfree.online\/wp-content\/uploads\/2024\/08\/WX20240802-163255%402x-scaled.webp?resize=1536%2C254&amp;ssl=1 1536w, https:\/\/i0.wp.com\/aiartfree.online\/wp-content\/uploads\/2024\/08\/WX20240802-163255%402x-scaled.webp?resize=2048%2C339&amp;ssl=1 2048w, https:\/\/i0.wp.com\/aiartfree.online\/wp-content\/uploads\/2024\/08\/WX20240802-163255%402x-scaled.webp?resize=18%2C3&amp;ssl=1 18w, https:\/\/i0.wp.com\/aiartfree.online\/wp-content\/uploads\/2024\/08\/WX20240802-163255%402x-scaled.webp?resize=600%2C99&amp;ssl=1 600w, https:\/\/i0.wp.com\/aiartfree.online\/wp-content\/uploads\/2024\/08\/WX20240802-163255%402x-scaled.webp?w=2400&amp;ssl=1 2400w\" sizes=\"auto, (max-width: 1200px) 100vw, 1200px\" \/><\/figure>\n\n\n\n<h2 class=\"wp-block-heading\" id=\"how-to-use-the-free-free-online-stable-diffusion-3\">Jak pou\u017e\u00edvat bezplatnou online stabiln\u00ed dif\u00fazi 3<\/h2>\n\n\n\n<ol class=\"wp-block-list\">\n<li class=\"\">Zadejte sv\u00e9 v\u00fdzvy<\/li>\n\n\n\n<li class=\"\">Klikn\u011bte na tla\u010d\u00edtko \"Spustit\"<\/li>\n\n\n\n<li class=\"\">Po\u010dkat, to je ono!<\/li>\n\n\n\n<li class=\"\">Nejste spokojeni s v\u00fdsledkem? <br>\u017d\u00e1dn\u00fd probl\u00e9m! pou\u017eijte n\u00ed\u017ee uveden\u00fd gener\u00e1tor v\u00fdzev k z\u00edsk\u00e1n\u00ed revolu\u010dn\u00edch v\u00fdzev\uff5e<\/li>\n\n\n\n<li class=\"\">Nem\u00e1te v hlav\u011b \u017e\u00e1dn\u00e9 my\u0161lenky?<br>\u017d\u00e1dn\u00fd probl\u00e9m! <a href=\"#maodian\" data-type=\"internal\" data-id=\"#maodian\">Kliknut\u00edm se pod\u00edvejte do na\u0161\u00ed galerie Prompt<\/a><\/li>\n<\/ol>\n\n\n\n<p class=\"\">* Pokud v\u00e1s nic nenapad\u00e1, m\u016f\u017eete si vyzkou\u0161et na\u0161e p\u0159\u00edklady n\u00ed\u017ee.<\/p>\n\n\n\n<h3 class=\"wp-block-heading\" id=\"prompt-examples\">P\u0159\u00edklady v\u00fdzev<\/h3>\n\n\n\n<ol style=\"font-size:16px\" class=\"wp-block-list\">\n<li class=\"\">dechberouc\u00ed vysoce detailn\u00ed grafick\u00e1 rom\u00e1nov\u00e1 ilustrace morgana freemana jedouc\u00edho na motocyklu harley davidson , temn\u00e1 a drsn\u00e1.<\/li>\n\n\n\n<li class=\"\">\u00fachvatn\u00e1 ilustrace grafick\u00e9ho rom\u00e1nu Uprost\u0159ed obrovsk\u00e9 mlhoviny se vzn\u00e1\u0161\u00ed osam\u011bl\u00fd astronaut, p\u0159ipoutan\u00fd ke sv\u011bteln\u00e9 hv\u011bzdn\u00e9 lodi. Z\u00e1\u0159iv\u00e9 plyny mlhoviny tan\u010d\u00ed kolem, odr\u00e1\u017eej\u00ed na skafandru z\u00e1\u0159iv\u00e9 barvy a vytv\u00e1\u0159ej\u00ed balet sv\u011btla a pohybu.<\/li>\n\n\n\n<li class=\"\">dechberouc\u00ed ilustrace grafick\u00e9ho rom\u00e1nu Na rozcest\u00ed v postapokalyptick\u00e9 pustin\u011b zp\u00edv\u00e1 poutn\u00edk s kytarou vyrobenou z kovov\u00e9ho \u0161rotu p\u0159\u00edb\u011bhy star\u00e9ho sv\u011bta. Kolem ohni\u0161t\u011b se shroma\u017e\u010fuj\u00ed zmutovan\u00e9 bytosti s o\u010dima pln\u00fdma touhy.<\/li>\n\n\n\n<li class=\"\">\u00fachvatn\u00e1 ilustrace grafick\u00e9ho rom\u00e1nu D\u00edt\u011b hon\u00ed barevn\u00e9 mot\u00fdly na \u017eiv\u00e9 louce.<\/li>\n\n\n\n<li class=\"\">\u00fachvatn\u00e1 grafick\u00e1 ilustrace Na pl\u00e1\u017ei, kde jsou vlny protkan\u00e9 p\u0159\u00edb\u011bhy, vyprav\u011b\u010d s krosnou z m\u011bs\u00ed\u010dn\u00edho sv\u011btla vytv\u00e1\u0159\u00ed p\u0159\u00edb\u011bhy z p\u0159\u00edlivu a odlivu. Mu\u0161le \u0161eptaj\u00ed legendy a obzor je tapiseri\u00ed dobrodru\u017estv\u00ed, kter\u00e1 se teprve budou vypr\u00e1v\u011bt.<\/li>\n\n\n\n<li class=\"\">dechberouc\u00ed grafick\u00e1 ilustrace sokola vzn\u00e1\u0161ej\u00edc\u00edho se nad pou\u0161t\u00ed a hledaj\u00edc\u00edho ko\u0159ist.<\/li>\n\n\n\n<li class=\"\">dechberouc\u00ed ilustrace grafick\u00e9ho rom\u00e1nu Hluboko za pol\u00e1rn\u00edm kruhem pol\u00e1rn\u00ed z\u00e1\u0159e zbarvuje oblohu z\u00e1\u0159iv\u00fdmi odst\u00edny zelen\u00e9, r\u016f\u017eov\u00e9 a fialov\u00e9. Sn\u00edh pod nimi odr\u00e1\u017e\u00ed tento tanec sv\u011btel a sv\u011bt je zahalen do fascinuj\u00edc\u00ed symfonie barev.<\/li>\n\n\n\n<li class=\"\">dechberouc\u00ed ilustrace grafick\u00e9ho rom\u00e1nu Tetovac\u00ed um\u011blec detailn\u011b popisuje slo\u017eit\u00fd design na z\u00e1dech klienta.<\/li>\n\n\n\n<li class=\"\">\u00fachvatn\u00e1 ilustrace grafick\u00e9ho rom\u00e1nu \u017dena zahalen\u00e1 do barevn\u00e9ho hedv\u00e1b\u00ed vykl\u00e1d\u00e1 tarotov\u00e9 karty ve stanu osv\u011btlen\u00e9m sv\u00ed\u010dkami.<\/li>\n\n\n\n<li class=\"\">\u00fachvatn\u00e1 ilustrace grafick\u00e9ho rom\u00e1nu Dva hleda\u010di, kte\u0159\u00ed mapuj\u00ed hlubokou jeskyni a osv\u011btluj\u00ed si cestu lou\u010demi.<\/li>\n<\/ol>\n\n\n\n<figure class=\"gb-block-image gb-block-image-032aac41\"><a href=\"https:\/\/fas.st\/t\/9U4PYbm7\" target=\"_blank\" rel=\"noopener noreferrer\"><img data-recalc-dims=\"1\" decoding=\"async\" loading=\"lazy\" width=\"1200\" height=\"365\" class=\"gb-image gb-image-032aac41\" src=\"https:\/\/i0.wp.com\/aiartfree.online\/wp-content\/uploads\/2025\/03\/WX20250307-115412%402x.webp?resize=1200%2C365&#038;ssl=1\" alt=\"\" title=\"WX20250307-115412@2x\" srcset=\"https:\/\/i0.wp.com\/aiartfree.online\/wp-content\/uploads\/2025\/03\/WX20250307-115412%402x.webp?w=1942&amp;ssl=1 1942w, https:\/\/i0.wp.com\/aiartfree.online\/wp-content\/uploads\/2025\/03\/WX20250307-115412%402x.webp?resize=300%2C91&amp;ssl=1 300w, https:\/\/i0.wp.com\/aiartfree.online\/wp-content\/uploads\/2025\/03\/WX20250307-115412%402x.webp?resize=1024%2C312&amp;ssl=1 1024w, https:\/\/i0.wp.com\/aiartfree.online\/wp-content\/uploads\/2025\/03\/WX20250307-115412%402x.webp?resize=768%2C234&amp;ssl=1 768w, https:\/\/i0.wp.com\/aiartfree.online\/wp-content\/uploads\/2025\/03\/WX20250307-115412%402x.webp?resize=1536%2C467&amp;ssl=1 1536w, https:\/\/i0.wp.com\/aiartfree.online\/wp-content\/uploads\/2025\/03\/WX20250307-115412%402x.webp?resize=18%2C5&amp;ssl=1 18w, https:\/\/i0.wp.com\/aiartfree.online\/wp-content\/uploads\/2025\/03\/WX20250307-115412%402x.webp?resize=600%2C183&amp;ssl=1 600w\" sizes=\"auto, (max-width: 1200px) 100vw, 1200px\" \/><\/a><\/figure>\n\n\n\n<p class=\"\"><em>* V z\u00e1vislosti na rychlosti va\u0161eho internetu m\u016f\u017ee na\u010d\u00edt\u00e1n\u00ed modelu trvat n\u011bkolik sekund.<br>* B\u011bhem nep\u0159etr\u017eit\u00e9ho generov\u00e1n\u00ed bude prob\u00edhat ukl\u00e1d\u00e1n\u00ed do mezipam\u011bti a nov\u00fd obr\u00e1zek se zobraz\u00ed p\u0159ibli\u017en\u011b po 3 sekund\u00e1ch.<\/em><\/p>\n\n\n\n<div class=\"iframe-wrapper\" style=\"position: relative; width: 100%; height: 1260px;\">\n  <div class=\"loading\" style=\"position: absolute; top: 50px; left: 50%; transform: translate(-50%, -50%); width: 40px; height: 40px; border: 3px solid #f0f0f0; border-top: 3px solid #db7093; border-radius: 50%; animation: spin 1s linear infinite;\"><\/div>\n  <iframe loading=\"lazy\" src=\"https:\/\/prodia-fast-stable-diffusion.hf.space\" frameborder=\"0\" width=\"100%\" height=\"100%\" style=\"position: absolute; top: 0; left: 0; opacity: 0; transition: opacity 0.3s;\" onload=\"this.style.opacity=1;this.previousElementSibling.style.display='none';\"><\/iframe>\n<\/div>\n\n<style>\n@keyframes spin {\n  0% { transform: translate(-50%, -50%) rotate(0deg); }\n  100% { transform: translate(-50%, -50%) rotate(360deg); }\n}\n<\/style>\n\n\n\n<div style=\"text-align: center; border: 2px solid; border-image-source: linear-gradient(to right, #16b86c, #912899); border-image-slice: 1; box-shadow: 0 0 10px rgba(0, 0, 0, 0.1); border-radius: 15px;\">\n  <iframe loading=\"lazy\"\n    src=\"https:\/\/doevent-stable-diffusion-prompt-generator.hf.space\"\n    frameborder=\"0\"\n    width=\"100%\"\n    height=\"900\"\n    style=\"display: inline-block; margin: 0 auto;\"\n  ><\/iframe>\n<\/div>\n\n\n\n<div style=\"height:50px\" aria-hidden=\"true\" class=\"wp-block-spacer\"><\/div>\n\n\n\n<h2 class=\"wp-block-heading has-text-align-center\" id=\"drawing-prompts-gallery-of-stable-diffusion\">Kresebn\u00e9 podn\u011bty Galerie stabiln\u00ed dif\u00faze<\/h2>\n\n\n\n<h3 class=\"wp-block-heading\" id=\"how-to-use-it\">Jak ji pou\u017e\u00edvat?<\/h3>\n\n\n\n<ol class=\"wp-block-list\">\n<li class=\"\">Kliknut\u00edm na ikonu vpravo naho\u0159e na obr\u00e1zku duplikujete v\u00fdzvu.<\/li>\n\n\n\n<li class=\"\">P\u0159ejd\u011bte nahoru a vlo\u017ete sv\u016fj revolu\u010dn\u00ed podn\u011bt pro generaci<\/li>\n<\/ol>\n\n\n\n<div style=\"text-align: center; border: 2px solid; border-image-source: linear-gradient(to right, #16b86c, #912899); border-image-slice: 1; box-shadow: 0 0 10px rgba(0, 0, 0, 0.1); border-radius: 15px; position: relative;\">\n  <div id=\"loading\" style=\"position: absolute; top: 100px; left: 50%; transform: translate(-50%, -50%); z-index: 1000;\">\n    <div style=\"width: 50px; height: 50px; border: 5px solid #f3f3f3; border-top: 5px solid #16b86c; border-radius: 50%; animation: spin 1s linear infinite;\"><\/div>\n  <\/div>\n  <iframe loading=\"lazy\"\n    src=\"https:\/\/prithivmlmods-top-prompt-collection.static.hf.space\"\n    frameborder=\"0\"\n    width=\"100%\"\n    height=\"2600\"\n    style=\"display: inline-block; margin: 0 auto;\"\n    onload=\"document.getElementById('loading').style.display='none';\"\n  ><\/iframe>\n<\/div>\n\n<style>\n  @keyframes spin {\n    0% { transform: rotate(0deg); }\n    100% { transform: rotate(360deg); }\n  }\n<\/style>\n\n\n\n<div style=\"height:50px\" aria-hidden=\"true\" class=\"wp-block-spacer\"><\/div>\n\n\n\n<h2 class=\"wp-block-heading\" id=\"introduction-of-free-online-stable-diffusion-3\">Zaveden\u00ed bezplatn\u00e9 stabiln\u00ed online dif\u00faze 3<\/h2>\n\n\n\n<p class=\"\">Zjist\u011bte, jak Free Online Stable Diffusion 3 m\u011bn\u00ed sv\u011bt um\u011bn\u00ed generovan\u00e9ho um\u011blou inteligenc\u00ed. V t\u00e9to p\u0159\u00edru\u010dce najdete v\u0161e, co pot\u0159ebujete v\u011bd\u011bt o tomto v\u00fdkonn\u00e9m n\u00e1stroji, od jeho definice a v\u00fdhod a\u017e po ide\u00e1ln\u00ed u\u017eivatele a \u010dasto kladen\u00e9 ot\u00e1zky.<\/p>\n\n\n\n<div class=\"wp-block-rank-math-toc-block\" id=\"rank-math-toc\"><h3>Obsah<\/h3><nav><ul><li><a href=\"#how-to-use-it\">Jak ji pou\u017e\u00edvat?<\/a><\/li><li><a href=\"#\ufffc-what-is-free-online-stable-diffusion-3\">\ufffcCo je Free Online Stable Diffusion 3?<\/a><\/li><li><a href=\"#\ufffc-why-use-free-online-stable-diffusion-3\">\ufffcPro\u010d pou\u017e\u00edvat bezplatnou online stabiln\u00ed dif\u00fazi 3?<\/a><\/li><li><a href=\"#\ufffc-benefits-of-using-free-online-stable-diffusion-3\">\ufffcP\u0159\u00ednosy pou\u017e\u00edv\u00e1n\u00ed bezplatn\u00e9 stabiln\u00ed online dif\u00faze 3<\/a><\/li><li><a href=\"#\ufffc-when-to-use-free-online-stable-diffusion-3\">\ufffcKdy pou\u017e\u00edvat bezplatnou stabiln\u00ed online dif\u00fazi 3<\/a><\/li><li><a href=\"#\ufffc-who-can-benefit-from-free-online-stable-diffusion-3\">\ufffcKdo m\u016f\u017ee vyu\u017e\u00edvat bezplatnou stabiln\u00ed online dif\u00fazi 3<\/a><\/li><li><a href=\"#\ufffc-free-online-stable-diffusion-3-tools-and-resources\">\ufffcFree Online n\u00e1stroje a zdroje pro stabiln\u00ed dif\u00fazi 3<\/a><\/li><li><a href=\"#\ufffcfaq-frequently-asked-questions-about-free-online-stable-diffusion-3\">\ufffcFAQ: \u010casto kladen\u00e9 dotazy o bezplatn\u00e9 online stabiln\u00ed dif\u00fazi 3<\/a><\/li><\/ul><\/nav><\/div>\n\n\n\n<h3 class=\"wp-block-heading\" id=\"\ufffc-what-is-free-online-stable-diffusion-3\"><a href=\"https:\/\/dromerosm-groq-llama3.hf.space\/#57aaf246\" target=\"_blank\" rel=\"noopener\"><\/a>Co je Free Online Stable Diffusion 3?<\/h3>\n\n\n\n<p class=\"\">Free Online Stable Diffusion 3 je typ modelu um\u011bl\u00e9 inteligence (AI), kter\u00fd umo\u017e\u0148uje u\u017eivatel\u016fm vytv\u00e1\u0159et vysoce kvalitn\u00ed obr\u00e1zky a videa pomoc\u00ed textov\u00fdch pokyn\u016f. Tato inovativn\u00ed technologie zp\u016fsobila revoluci v oblasti obsahu generovan\u00e9ho um\u011blou inteligenc\u00ed a umo\u017e\u0148uje u\u017eivatel\u016fm vytv\u00e1\u0159et \u00fa\u017easn\u00e9 vizu\u00e1ly, ani\u017e by k tomu pot\u0159ebovali rozs\u00e1hl\u00e9 um\u011bleck\u00e9 dovednosti.<\/p>\n\n\n\n<h3 class=\"wp-block-heading\" id=\"\ufffc-why-use-free-online-stable-diffusion-3\"><a href=\"https:\/\/dromerosm-groq-llama3.hf.space\/#1b6e5ba1\" target=\"_blank\" rel=\"noopener\"><\/a>Pro\u010d pou\u017e\u00edvat bezplatnou online stabiln\u00ed dif\u00fazi 3?<\/h3>\n\n\n\n<p class=\"\">Bezplatn\u00e1 online stabiln\u00ed difuze 3 nab\u00edz\u00ed \u0159adu v\u00fdhod pro jednotlivce i firmy. Tuto technologii lze pou\u017e\u00edt k vytv\u00e1\u0159en\u00ed poutav\u00fdch reklam, obsahu soci\u00e1ln\u00edch m\u00e9di\u00ed, a dokonce i cel\u00fdch p\u0159\u00edb\u011bh\u016f. Jej\u00ed vyu\u017eit\u00ed je neomezen\u00e9 a d\u00edky sv\u00e9 schopnosti vytv\u00e1\u0159et vysoce kvalitn\u00ed vizu\u00e1ly se stala nezbytn\u00fdm n\u00e1strojem pro mnoho odv\u011btv\u00ed, v\u010detn\u011b marketingu, z\u00e1bavy a vzd\u011bl\u00e1v\u00e1n\u00ed.<\/p>\n\n\n\n<h3 class=\"wp-block-heading\" id=\"\ufffc-benefits-of-using-free-online-stable-diffusion-3\"><a href=\"https:\/\/dromerosm-groq-llama3.hf.space\/#10ad74a\" target=\"_blank\" rel=\"noopener\"><\/a>V\u00fdhody pou\u017e\u00edv\u00e1n\u00ed bezplatn\u00e9 online stabiln\u00ed dif\u00faze 3<\/h3>\n\n\n\n<p class=\"\">Zde jsou n\u011bkter\u00e9 z v\u00fdhod pou\u017e\u00edv\u00e1n\u00ed bezplatn\u00e9 online stabiln\u00ed dif\u00faze 3:<\/p>\n\n\n\n<ul class=\"wp-block-list\">\n<li class=\"\"><strong>Bezkonkuren\u010dn\u00ed kvalita obrazu<\/strong>: Stable Diffusion 3 zdarma online generuje obr\u00e1zky, kter\u00e9 jsou srovnateln\u00e9 s t\u011bmi, kter\u00e9 vytv\u00e1\u0159ej\u00ed profesion\u00e1ln\u00ed um\u011blci.<\/li>\n\n\n\n<li class=\"\"><strong>\u010casov\u011b efektivn\u00ed<\/strong>: Tato technologie umo\u017e\u0148uje u\u017eivatel\u016fm vytv\u00e1\u0159et vysoce kvalitn\u00ed vizualizace b\u011bhem n\u011bkolika minut, co\u017e \u0161et\u0159\u00ed \u010das a \u00fasil\u00ed.<\/li>\n\n\n\n<li class=\"\"><strong>N\u00e1kladov\u011b efektivn\u00ed<\/strong>: Bezplatn\u00e1 online aplikace Stable Diffusion 3 eliminuje nutnost naj\u00edmat profesion\u00e1ln\u00ed um\u011blce nebo kupovat drah\u00fd software.<\/li>\n<\/ul>\n\n\n\n<h3 class=\"wp-block-heading\" id=\"\ufffc-when-to-use-free-online-stable-diffusion-3\"><a href=\"https:\/\/dromerosm-groq-llama3.hf.space\/#fa570b08\" target=\"_blank\" rel=\"noopener\"><\/a>Kdy pou\u017e\u00edt bezplatnou stabiln\u00ed online dif\u00fazi 3<\/h3>\n\n\n\n<p class=\"\">Free Online Stable Diffusion 3 je vhodn\u00fd pro r\u016fzn\u00e9 sc\u00e9n\u00e1\u0159e, v\u010detn\u011b:<\/p>\n\n\n\n<ul class=\"wp-block-list\">\n<li class=\"\"><strong>Marketingov\u00e9 kampan\u011b<\/strong>: Vytv\u00e1\u0159ejte poutav\u00e9 reklamy a obsah soci\u00e1ln\u00edch m\u00e9di\u00ed, abyste upoutali pozornost c\u00edlov\u00e9 skupiny.<\/li>\n\n\n\n<li class=\"\"><strong>Vypr\u00e1v\u011bn\u00ed p\u0159\u00edb\u011bh\u016f<\/strong>: Pomoc\u00ed bezplatn\u00e9 online stabiln\u00ed dif\u00faze 3 m\u016f\u017eete vytv\u00e1\u0159et cel\u00e9 p\u0159\u00edb\u011bhy v\u010detn\u011b postav, pozad\u00ed a rekvizit.<\/li>\n\n\n\n<li class=\"\"><strong>Vzd\u011bl\u00e1v\u00e1n\u00ed<\/strong>: Vyu\u017eijte tuto technologii k vytv\u00e1\u0159en\u00ed interaktivn\u00edho a poutav\u00e9ho vzd\u011bl\u00e1vac\u00edho obsahu.<\/li>\n<\/ul>\n\n\n\n<h3 class=\"wp-block-heading\" id=\"\ufffc-who-can-benefit-from-free-online-stable-diffusion-3\"><a href=\"https:\/\/dromerosm-groq-llama3.hf.space\/#8a0a08f4\" target=\"_blank\" rel=\"noopener\"><\/a>Kdo m\u016f\u017ee vyu\u017e\u00edt bezplatnou online stabiln\u00ed dif\u00fazi 3<\/h3>\n\n\n\n<p class=\"\">Bezplatn\u00e1 online stabiln\u00ed dif\u00faze 3 m\u016f\u017ee b\u00fdt p\u0159\u00ednosem pro r\u016fzn\u00e9 osoby a odv\u011btv\u00ed, v\u010detn\u011b:<\/p>\n\n\n\n<ul class=\"wp-block-list\">\n<li class=\"\"><strong>Market\u00e9\u0159i<\/strong>: Vytv\u00e1\u0159ejte vysoce kvalitn\u00ed vizu\u00e1ly pro marketingov\u00e9 kampan\u011b.<\/li>\n\n\n\n<li class=\"\"><strong>Um\u011blci<\/strong>: Z\u00edskejte inspiraci pro sv\u00e1 um\u011bleck\u00e1 d\u00edla nebo ji pou\u017eijte jako n\u00e1stroj pro tvorbu nov\u00fdch d\u011bl.<\/li>\n\n\n\n<li class=\"\"><strong>Pedagogov\u00e9<\/strong>: Vytv\u00e1\u0159ejte interaktivn\u00ed a poutav\u00fd vzd\u011bl\u00e1vac\u00ed obsah.<\/li>\n<\/ul>\n\n\n\n<h3 class=\"wp-block-heading\" id=\"\ufffc-free-online-stable-diffusion-3-tools-and-resources\"><a href=\"https:\/\/dromerosm-groq-llama3.hf.space\/#d1f9532f\" target=\"_blank\" rel=\"noopener\"><\/a>Bezplatn\u00e9 online n\u00e1stroje a zdroje pro stabiln\u00ed dif\u00fazi 3<\/h3>\n\n\n\n<p class=\"\">Zde je n\u011bkolik online zdroj\u016f a n\u00e1stroj\u016f, kter\u00e9 v\u00e1m mohou pomoci za\u010d\u00edt s bezplatnou stabiln\u00ed difuz\u00ed online 3:<\/p>\n\n\n\n<figure class=\"wp-block-table\"><table class=\"has-fixed-layout\"><thead><tr><th>Zdroje<\/th><th>Popis<\/th><th>Webov\u00e9 str\u00e1nky<\/th><\/tr><\/thead><tbody><tr><td>AI Art zdarma online<\/td><td>Platforma nab\u00edzej\u00edc\u00ed bezplatn\u00fd online model stabiln\u00ed dif\u00faze 3<\/td><td><a href=\"https:\/\/aiartfree.online\/cs\/online-zdarma-stabilni-difuze-3\/\" target=\"_blank\" rel=\"noreferrer noopener\">https:\/\/aiartfree.online\/free-online-stable-diffusion-3<\/a><\/td><\/tr><tr><td>Stabiln\u00ed difuze 3 GitHub<\/td><td>Ofici\u00e1ln\u00ed repozit\u00e1\u0159 GitHub pro stabiln\u00ed Diffusion 3<\/td><td><a href=\"https:\/\/github.com\/stablediffusion\/stablediffusion-3\" target=\"_blank\" rel=\"noreferrer noopener\">https:\/\/github.com\/stablediffusion\/stablediffusion-3<\/a><\/td><\/tr><tr><td>Um\u011bleck\u00e1 komunita generovan\u00e1 um\u011blou inteligenc\u00ed<\/td><td>Komunita diskutuj\u00edc\u00ed o um\u011bn\u00ed generovan\u00e9m um\u011blou inteligenc\u00ed a stabiln\u00ed dif\u00fazi 3<\/td><td><a href=\"https:\/\/www.ai-generated-art.com\/\" target=\"_blank\" rel=\"noreferrer noopener\">https:\/\/www.ai-generated-art.com\/<\/a><\/td><\/tr><tr><td>&#8230;<\/td><td>&#8230;<\/td><td>&#8230;<\/td><\/tr><\/tbody><\/table><\/figure>\n\n\n\n<p class=\"\"><strong>V\u00fdhody:<\/strong><\/p>\n\n\n\n<ul class=\"wp-block-list\">\n<li class=\"\">U\u017eivatelsky p\u0159\u00edv\u011btiv\u00e9 rozhran\u00ed<\/li>\n\n\n\n<li class=\"\">Vysoce kvalitn\u00ed generov\u00e1n\u00ed obrazu<\/li>\n\n\n\n<li class=\"\">N\u00e1kladov\u011b efektivn\u00ed<\/li>\n<\/ul>\n\n\n\n<p class=\"\"><strong>Nev\u00fdhody:<\/strong><\/p>\n\n\n\n<ul class=\"wp-block-list\">\n<li class=\"\">Omezen\u00e9 mo\u017enosti p\u0159izp\u016fsoben\u00ed<\/li>\n\n\n\n<li class=\"\">Vy\u017eaduje technick\u00e9 znalosti<\/li>\n<\/ul>\n\n\n\n<p class=\"\"><strong>V\u00fdzvy:<\/strong><\/p>\n\n\n\n<ul class=\"wp-block-list\">\n<li class=\"\">Zaji\u0161t\u011bn\u00ed, aby generovan\u00e9 sn\u00edmky nebyly zkreslen\u00e9<\/li>\n\n\n\n<li class=\"\">\u0158e\u0161en\u00ed ot\u00e1zek autorsk\u00fdch pr\u00e1v a vlastnictv\u00ed<\/li>\n<\/ul>\n\n\n\n<p class=\"\"><strong>Doporu\u010den\u00ed:<\/strong><\/p>\n\n\n\n<p class=\"\">Na z\u00e1klad\u011b na\u0161eho v\u00fdzkumu doporu\u010dujeme pou\u017e\u00edvat&nbsp;<a href=\"https:\/\/aiartfree.online\/cs\/online-zdarma-stabilni-difuze-3\/\" target=\"_blank\" rel=\"noreferrer noopener\">AI Art zdarma online<\/a>&nbsp;pro sv\u00e9 u\u017eivatelsky p\u0159\u00edv\u011btiv\u00e9 rozhran\u00ed a vysoce kvalitn\u00ed generov\u00e1n\u00ed obr\u00e1zk\u016f.<\/p>\n\n\n\n<h3 class=\"wp-block-heading\" id=\"\ufffcfaq-frequently-asked-questions-about-free-online-stable-diffusion-3\"><a href=\"https:\/\/dromerosm-groq-llama3.hf.space\/#5a006b1f\" target=\"_blank\" rel=\"noopener\"><\/a>\u010cASTO KLADEN\u00c9 OT\u00c1ZKY: \u010casto kladen\u00e9 ot\u00e1zky o bezplatn\u00e9 online stabiln\u00ed dif\u00fazi 3<\/h3>\n\n\n\n<p class=\"\">Zde je n\u011bkolik \u010dasto kladen\u00fdch ot\u00e1zek t\u00fdkaj\u00edc\u00edch se bezplatn\u00e9 online stabiln\u00ed dif\u00faze 3:<\/p>\n\n\n\n<p class=\"\"><strong>Ot\u00e1zka \u010d. 1: Je pou\u017eit\u00ed hry Free Online Stable Diffusion 3 zdarma?<\/strong>&nbsp;A1: Ano, aplikace Free Online Stable Diffusion 3 je k dispozici zdarma, s voliteln\u00fdmi placen\u00fdmi upgrady.<\/p>\n\n\n\n<p class=\"\"><strong>Ot\u00e1zka \u010d. 2: Mohu pou\u017e\u00edvat Free Online Stable Diffusion 3 pro komer\u010dn\u00ed \u00fa\u010dely?<\/strong>&nbsp;A2: Ano, Free Online Stable Diffusion 3 m\u016f\u017eete pou\u017e\u00edvat ke komer\u010dn\u00edm \u00fa\u010del\u016fm, ale dbejte na dodr\u017eov\u00e1n\u00ed podm\u00ednek pou\u017eit\u00ed.<\/p>\n\n\n\n<p class=\"\"><strong>Ot\u00e1zka 3: Jak dlouho trv\u00e1 vygenerov\u00e1n\u00ed obr\u00e1zku pomoc\u00ed funkce Free Online Stable Diffusion 3?<\/strong>&nbsp;A3: Doba generov\u00e1n\u00ed z\u00e1vis\u00ed na slo\u017eitosti obrazu a pou\u017eit\u00fdch v\u00fdpo\u010detn\u00edch prost\u0159edc\u00edch. V pr\u016fm\u011bru trv\u00e1 vygenerov\u00e1n\u00ed obr\u00e1zku p\u0159ibli\u017en\u011b 1-5 minut.<\/p>\n\n\n\n<p class=\"\"><strong>Ot\u00e1zka 4: Mohu si vygenerovan\u00e9 obr\u00e1zky p\u0159izp\u016fsobit?<\/strong>&nbsp;A4: Ano, vygenerovan\u00e9 obr\u00e1zky m\u016f\u017eete p\u0159izp\u016fsobit pomoc\u00ed r\u016fzn\u00fdch n\u00e1stroj\u016f a technik, v\u010detn\u011b softwaru pro \u00fapravy a algoritm\u016f pro p\u0159enos styl\u016f.<\/p>\n\n\n\n<p class=\"\"><strong>Ot\u00e1zka 5: Je hra Free Online Stable Diffusion 3 vhodn\u00e1 pro za\u010d\u00e1te\u010dn\u00edky?<\/strong>&nbsp;A5: Ano, Free Online Stable Diffusion 3 je vhodn\u00e1 pro za\u010d\u00e1te\u010dn\u00edky, m\u00e1 intuitivn\u00ed rozhran\u00ed a popisky, kter\u00e9 v\u00e1s provedou cel\u00fdm procesem.<\/p>\n\n\n\n<p class=\"\"><strong>Ot\u00e1zka 6: Mohu pro generov\u00e1n\u00ed vide\u00ed pou\u017e\u00edt Free Online Stable Diffusion 3?<\/strong>&nbsp;A6: Ano, Free Online Stable Diffusion 3 lze pou\u017e\u00edt pro generov\u00e1n\u00ed videa, co\u017e v\u00e1m umo\u017en\u00ed vytv\u00e1\u0159et \u00fa\u017easn\u00e1 videa s minim\u00e1ln\u00edm \u00fasil\u00edm.<\/p>\n\n\n\n<p class=\"\"><strong>Ot\u00e1zka 7: Existuj\u00ed n\u011bjak\u00e1 omezen\u00ed p\u0159i pou\u017e\u00edv\u00e1n\u00ed bezplatn\u00e9 online stabiln\u00ed dif\u00faze 3?<\/strong>&nbsp;A7: Ano, pou\u017e\u00edv\u00e1n\u00ed aplikace Free Online Stable Diffusion 3 m\u00e1 ur\u010dit\u00e1 omezen\u00ed, v\u010detn\u011b omezen\u00fdch mo\u017enost\u00ed p\u0159izp\u016fsoben\u00ed a mo\u017en\u00fdch zkreslen\u00ed generovan\u00fdch sn\u00edmk\u016f.<\/p>\n\n\n\n<p class=\"\"><strong>Ot\u00e1zka 8: Mohu pou\u017e\u00edt Free Online Stable Diffusion 3 pro vypr\u00e1v\u011bn\u00ed p\u0159\u00edb\u011bh\u016f?<\/strong>&nbsp;A8: Ano, Free Online Stable Diffusion 3 lze pou\u017e\u00edt k vypr\u00e1v\u011bn\u00ed p\u0159\u00edb\u011bh\u016f, proto\u017ee umo\u017e\u0148uje vytv\u00e1\u0159et cel\u00e9 p\u0159\u00edb\u011bhy s postavami, pozad\u00edm a rekvizitami.<\/p>\n\n\n\n<p class=\"\"><strong>Ot\u00e1zka 9: Je Free Online Stable Diffusion 3 vhodn\u00fd pro vzd\u011bl\u00e1v\u00e1n\u00ed?<\/strong>&nbsp;O9: Ano, Free Online Stable Diffusion 3 je vhodn\u00fd pro v\u00fduku a umo\u017e\u0148uje pedagog\u016fm vytv\u00e1\u0159et interaktivn\u00ed a poutav\u00fd vzd\u011bl\u00e1vac\u00ed obsah.<\/p>\n\n\n\n<p class=\"\"><strong>Ot\u00e1zka 10: Jak mohu za\u010d\u00edt s bezplatnou online stabiln\u00ed difuz\u00ed 3?<\/strong>&nbsp;A10: Chcete-li za\u010d\u00edt pou\u017e\u00edvat bezplatnou online stabiln\u00ed dif\u00fazi 3, jednodu\u0161e nav\u0161tivte webov\u00e9 str\u00e1nky, zaregistrujte si \u00fa\u010det a postupujte podle uveden\u00fdch n\u00e1vod\u016f a pokyn\u016f.<\/p>","protected":false},"excerpt":{"rendered":"<p>What our users made How to use the Free Free Online Stable Diffusion 3 * Feel free to try our examples below if you don&#8217;t have any thoughts in your mind Prompt Examples *&nbsp;Depending on your internet speed, loading the model may take a few seconds.* There will be caching during continuous generation, and the &#8230; <a title=\"Zdarma online Stabiln\u00ed dif\u00faze 3\" class=\"read-more\" href=\"https:\/\/aiartfree.online\/cs\/online-zdarma-stabilni-difuze-3\/\" aria-label=\"Read more about Free Online Stable Diffusion 3\">\u010c\u00edst d\u00e1l<\/a><\/p>","protected":false},"author":1,"featured_media":0,"parent":0,"menu_order":0,"comment_status":"open","ping_status":"closed","template":"","meta":{"nf_dc_page":"","footnotes":""},"class_list":["post-2888","page","type-page","status-publish"],"jetpack_sharing_enabled":true,"_links":{"self":[{"href":"https:\/\/aiartfree.online\/cs\/wp-json\/wp\/v2\/pages\/2888","targetHints":{"allow":["GET"]}}],"collection":[{"href":"https:\/\/aiartfree.online\/cs\/wp-json\/wp\/v2\/pages"}],"about":[{"href":"https:\/\/aiartfree.online\/cs\/wp-json\/wp\/v2\/types\/page"}],"author":[{"embeddable":true,"href":"https:\/\/aiartfree.online\/cs\/wp-json\/wp\/v2\/users\/1"}],"replies":[{"embeddable":true,"href":"https:\/\/aiartfree.online\/cs\/wp-json\/wp\/v2\/comments?post=2888"}],"version-history":[{"count":1,"href":"https:\/\/aiartfree.online\/cs\/wp-json\/wp\/v2\/pages\/2888\/revisions"}],"predecessor-version":[{"id":3592,"href":"https:\/\/aiartfree.online\/cs\/wp-json\/wp\/v2\/pages\/2888\/revisions\/3592"}],"wp:attachment":[{"href":"https:\/\/aiartfree.online\/cs\/wp-json\/wp\/v2\/media?parent=2888"}],"curies":[{"name":"wp","href":"https:\/\/api.w.org\/{rel}","templated":true}]}}