{"id":2880,"date":"2024-07-17T14:18:31","date_gmt":"2024-07-17T14:18:31","guid":{"rendered":"https:\/\/aiartfree.online\/?page_id=2880"},"modified":"2024-07-20T10:51:32","modified_gmt":"2024-07-20T10:51:32","slug":"ai-image-enhancer","status":"publish","type":"page","link":"https:\/\/aiartfree.online\/cs\/ai-image-enhancer\/","title":{"rendered":"AI Image Enhancer"},"content":{"rendered":"<h2 class=\"wp-block-heading\">Jak pou\u017e\u00edvat AI Image Enhancer<\/h2>\n\n\n\n<ol class=\"wp-block-list\">\n<li class=\"\">Vlo\u017ete nebo nahrajte sv\u016fj obr\u00e1zek<\/li>\n\n\n\n<li class=\"\">Klikn\u011bte na tla\u010d\u00edtko \"Odeslat\".<\/li>\n\n\n\n<li class=\"\">Po\u010dkat, to je ono!<\/li>\n<\/ol>\n\n\n\n<p class=\"\"><em>* V z\u00e1vislosti na rychlosti va\u0161eho internetu m\u016f\u017ee na\u010d\u00edt\u00e1n\u00ed modelu trvat n\u011bkolik sekund.<br>* B\u011bhem nep\u0159etr\u017eit\u00e9ho generov\u00e1n\u00ed bude prob\u00edhat ukl\u00e1d\u00e1n\u00ed do mezipam\u011bti a nov\u00fd obr\u00e1zek se zobraz\u00ed p\u0159ibli\u017en\u011b po 3 sekund\u00e1ch.<\/em><\/p>\n\n\n\n<div style=\"text-align: center;\">\n  <iframe loading=\"lazy\"\n    src=\"https:\/\/sczhou-codeformer.hf.space\"\n    frameborder=\"0\"\n    width=\"1200\"\n    height=\"2500\"\n    style=\"display: inline-block; margin: 0 auto;\"\n  ><\/iframe>\n<\/div>\n\n\n\n<div style=\"height:50px\" aria-hidden=\"true\" class=\"wp-block-spacer\"><\/div>\n\n\n\n<h2 class=\"wp-block-heading\">P\u0159edstaven\u00ed n\u00e1stroje AI Image Enhancer<\/h2>\n\n\n\n<p class=\"\">Zlep\u0161en\u00ed kvality obrazu je kl\u00ed\u010dov\u00e9 pro r\u016fzn\u00e1 odv\u011btv\u00ed, od realit a\u017e po marketing na soci\u00e1ln\u00edch s\u00edt\u00edch. S rozvojem um\u011bl\u00e9 inteligence p\u0159inesly n\u00e1stroje jako AI Image Enhancer revoluci ve zp\u016fsobu, jak\u00fdm zvy\u0161ujeme rozli\u0161en\u00ed fotografi\u00ed a zlep\u0161ujeme celkovou kvalitu obrazu. V tomto \u010dl\u00e1nku se budeme zab\u00fdvat v\u00fdhodami n\u00e1stroj\u016f pro vylep\u0161en\u00ed obrazu s um\u011blou inteligenc\u00ed, nejlep\u0161\u00edmi sc\u00e9n\u00e1\u0159i pro jejich pou\u017eit\u00ed a poskytneme komplexn\u00edho pr\u016fvodce nejlep\u0161\u00edmi n\u00e1stroji, kter\u00e9 jsou dnes k dispozici.<\/p>\n\n\n\n<figure class=\"wp-block-image size-large is-resized\"><img data-recalc-dims=\"1\" decoding=\"async\" width=\"1024\" height=\"568\"   loading=\"lazy\" src=\"https:\/\/i0.wp.com\/aiartfree.online\/wp-content\/uploads\/2024\/07\/WX20240717-181127%402x-1-1-1-1-1-1.jpg?resize=1024%2C568&#038;ssl=1\" alt=\"AI Image Enhancer\" class=\"wp-image-2881\" style=\"width:591px;height:auto\" srcset=\"https:\/\/i0.wp.com\/aiartfree.online\/wp-content\/uploads\/2024\/07\/WX20240717-181127%402x-1-1-1-1-1-1.jpg?resize=1024%2C568&amp;ssl=1 1024w, https:\/\/i0.wp.com\/aiartfree.online\/wp-content\/uploads\/2024\/07\/WX20240717-181127%402x-1-1-1-1-1-1.jpg?resize=300%2C166&amp;ssl=1 300w, https:\/\/i0.wp.com\/aiartfree.online\/wp-content\/uploads\/2024\/07\/WX20240717-181127%402x-1-1-1-1-1-1.jpg?resize=768%2C426&amp;ssl=1 768w, https:\/\/i0.wp.com\/aiartfree.online\/wp-content\/uploads\/2024\/07\/WX20240717-181127%402x-1-1-1-1-1-1.jpg?resize=1536%2C852&amp;ssl=1 1536w, https:\/\/i0.wp.com\/aiartfree.online\/wp-content\/uploads\/2024\/07\/WX20240717-181127%402x-1-1-1-1-1-1.jpg?resize=2048%2C1136&amp;ssl=1 2048w, https:\/\/i0.wp.com\/aiartfree.online\/wp-content\/uploads\/2024\/07\/WX20240717-181127%402x-1-1-1-1-1-1.jpg?resize=18%2C10&amp;ssl=1 18w, https:\/\/i0.wp.com\/aiartfree.online\/wp-content\/uploads\/2024\/07\/WX20240717-181127%402x-1-1-1-1-1-1.jpg?resize=600%2C333&amp;ssl=1 600w\" sizes=\"auto, (max-width: 1024px) 100vw, 1024px\" \/><\/figure>\n\n\n\n<h2 class=\"wp-block-heading\">Obsah<\/h2>\n\n\n\n<ol class=\"wp-block-list\">\n<li class=\"\">Co je AI Image Enhancer?<\/li>\n\n\n\n<li class=\"\">Pro\u010d pou\u017e\u00edvat AI Image Enhancer?<\/li>\n\n\n\n<li class=\"\">V\u00fdhody pou\u017e\u00edv\u00e1n\u00ed AI Image Enhancer<\/li>\n\n\n\n<li class=\"\">Kdy pou\u017e\u00edt AI Image Enhancer<\/li>\n\n\n\n<li class=\"\">Kdo by m\u011bl pou\u017e\u00edvat AI Image Enhancer?<\/li>\n\n\n\n<li class=\"\">10 nejlep\u0161\u00edch n\u00e1stroj\u016f pro vylep\u0161en\u00ed obrazu AI<\/li>\n\n\n\n<li class=\"\">Nejlep\u0161\u00ed n\u00e1stroj pro vylep\u0161en\u00ed obrazu AI<\/li>\n\n\n\n<li class=\"\">\u010cASTO KLADEN\u00c9 DOTAZY<\/li>\n<\/ol>\n\n\n\n<h3 class=\"wp-block-heading\">Co je AI Image Enhancer?<\/h3>\n\n\n\n<p class=\"\">AI Image Enhancer je n\u00e1stroj vyu\u017e\u00edvaj\u00edc\u00ed um\u011blou inteligenci, kter\u00fd je ur\u010den ke zlep\u0161en\u00ed kvality obr\u00e1zk\u016f. Tyto n\u00e1stroje dok\u00e1\u017e\u00ed zv\u00fd\u0161it rozli\u0161en\u00ed fotografi\u00ed, zlep\u0161it jejich \u010distotu a zv\u011bt\u0161it m\u011b\u0159\u00edtko sn\u00edmk\u016f, aby byly ost\u0159ej\u0161\u00ed a detailn\u011bj\u0161\u00ed. Pomoc\u00ed pokro\u010dil\u00fdch algoritm\u016f dok\u00e1\u017e\u00ed n\u00e1stroje pro vylep\u0161en\u00ed obrazu AI odhalit a opravit nedokonalosti, tak\u017ee fotografie vypadaj\u00ed profesion\u00e1ln\u011bji a vizu\u00e1ln\u011b p\u0159ita\u017eliv\u011bji.<\/p>\n\n\n\n<h3 class=\"wp-block-heading\">Pro\u010d pou\u017e\u00edvat AI Image Enhancer?<\/h3>\n\n\n\n<p class=\"\">Pou\u017eit\u00ed n\u00e1stroje AI Image Enhancer je nezbytn\u00e9 pro ka\u017ed\u00e9ho, kdo chce rychle a efektivn\u011b zlep\u0161it kvalitu sv\u00fdch sn\u00edmk\u016f. A\u0165 u\u017e jste grafik, realitn\u00ed makl\u00e9\u0159 nebo spr\u00e1vce soci\u00e1ln\u00edch m\u00e9di\u00ed, zlep\u0161en\u00ed kvality obr\u00e1zk\u016f m\u016f\u017ee v\u00fdrazn\u011b ovlivnit vn\u00edm\u00e1n\u00ed va\u0161\u00ed pr\u00e1ce. Vylep\u0161ova\u010de obr\u00e1zk\u016f s um\u011blou inteligenc\u00ed \u0161et\u0159\u00ed \u010das t\u00edm, \u017ee automatizuj\u00ed proces zlep\u0161ov\u00e1n\u00ed rozli\u0161en\u00ed a kvality, co\u017e v\u00e1m umo\u017en\u00ed soust\u0159edit se na jin\u00e9 d\u016fle\u017eit\u00e9 \u00fakoly.<\/p>\n\n\n\n<h3 class=\"wp-block-heading\">V\u00fdhody pou\u017e\u00edv\u00e1n\u00ed AI Image Enhancer<\/h3>\n\n\n\n<ol class=\"wp-block-list\">\n<li class=\"\"><strong>Zv\u00fd\u0161en\u00ed rozli\u0161en\u00ed fotografi\u00ed<\/strong>: Vylep\u0161ova\u010de obrazu s um\u011blou inteligenc\u00ed mohou zv\u011bt\u0161it m\u011b\u0159\u00edtko obr\u00e1zk\u016f, tak\u017ee jsou vhodn\u00e9 pro vysoce kvalitn\u00ed v\u00fdtisky a velk\u00e9 displeje.<\/li>\n\n\n\n<li class=\"\"><strong>Zv\u00fd\u0161en\u00ed \u010distoty fotografi\u00ed<\/strong>: Tyto n\u00e1stroje zlep\u0161uj\u00ed ostrost obrazu, odstra\u0148uj\u00ed rozmaz\u00e1n\u00ed a zviditel\u0148uj\u00ed detaily.<\/li>\n\n\n\n<li class=\"\"><strong>Zlep\u0161en\u00ed celkov\u00e9 kvality<\/strong>: Vylep\u0161ova\u010de obrazu s um\u011blou inteligenc\u00ed dok\u00e1\u017e\u00ed upravit barvy, kontrast a jas a vytv\u00e1\u0159et vysoce kvalitn\u00ed sn\u00edmky.<\/li>\n\n\n\n<li class=\"\"><strong>U\u0161et\u0159ete \u010das<\/strong>: Automatizace procesu vylep\u0161ov\u00e1n\u00ed zkracuje \u010das pot\u0159ebn\u00fd k ru\u010dn\u00edm \u00faprav\u00e1m sn\u00edmk\u016f.<\/li>\n\n\n\n<li class=\"\"><strong>N\u00e1kladov\u011b efektivn\u00ed<\/strong>: Investice do n\u00e1stroj\u016f pro vylep\u0161en\u00ed obrazu s um\u011blou inteligenc\u00ed m\u016f\u017ee u\u0161et\u0159it pen\u00edze ve srovn\u00e1n\u00ed s naj\u00edm\u00e1n\u00edm profesion\u00e1ln\u00edch editor\u016f fotografi\u00ed.<\/li>\n<\/ol>\n\n\n\n<h3 class=\"wp-block-heading\">Kdy pou\u017e\u00edt AI Image Enhancer<\/h3>\n\n\n\n<p class=\"\">Vylep\u0161ova\u010de obrazu AI jsou vhodn\u00e9 pro r\u016fzn\u00e9 sc\u00e9n\u00e1\u0159e, v\u010detn\u011b:<\/p>\n\n\n\n<ul class=\"wp-block-list\">\n<li class=\"\"><strong>Nemovitosti<\/strong>: Vylep\u0161en\u00ed fotografi\u00ed nemovitost\u00ed, kter\u00e9 p\u0159il\u00e1kaj\u00ed potenci\u00e1ln\u00ed kupce.<\/li>\n\n\n\n<li class=\"\"><strong>Soci\u00e1ln\u00ed m\u00e9dia<\/strong>: Vytv\u00e1\u0159en\u00ed vysoce kvalitn\u00edch obr\u00e1zk\u016f pro p\u0159\u00edsp\u011bvky a reklamy.<\/li>\n\n\n\n<li class=\"\"><strong>Grafick\u00fd design<\/strong>: Zlep\u0161ov\u00e1n\u00ed obr\u00e1zk\u016f pro pou\u017eit\u00ed v digit\u00e1ln\u00edch a ti\u0161t\u011bn\u00fdch m\u00e9di\u00edch.<\/li>\n\n\n\n<li class=\"\"><strong>E-commerce<\/strong>: Vylep\u0161ov\u00e1n\u00ed fotografi\u00ed produkt\u016f za \u00fa\u010delem zv\u00fd\u0161en\u00ed prodeje.<\/li>\n\n\n\n<li class=\"\"><strong>Fotografie<\/strong>: Zv\u011bt\u0161ov\u00e1n\u00ed rozm\u011br\u016f sn\u00edmk\u016f pro tisky a portfolia.<\/li>\n<\/ul>\n\n\n\n<h3 class=\"wp-block-heading\">Kdo by m\u011bl pou\u017e\u00edvat AI Image Enhancer?<\/h3>\n\n\n\n<p class=\"\">Vylep\u0161ova\u010de obrazu AI jsou p\u0159\u00ednosn\u00e9 pro:<\/p>\n\n\n\n<ul class=\"wp-block-list\">\n<li class=\"\"><strong>Fotografov\u00e9<\/strong>: Vylep\u0161ovat a zv\u011bt\u0161ovat jejich sn\u00edmky.<\/li>\n\n\n\n<li class=\"\"><strong>Realitn\u00ed kancel\u00e1\u0159e<\/strong>: Vylep\u0161en\u00ed obr\u00e1zk\u016f nemovitost\u00ed pro nab\u00eddky.<\/li>\n\n\n\n<li class=\"\"><strong>Grafi\u010dt\u00ed design\u00e9\u0159i<\/strong>: Zajistit vysoce kvalitn\u00ed sn\u00edmky pro sv\u00e9 projekty.<\/li>\n\n\n\n<li class=\"\"><strong>Mana\u017ee\u0159i soci\u00e1ln\u00edch m\u00e9di\u00ed<\/strong>: Vytv\u00e1\u0159en\u00ed vizu\u00e1ln\u011b atraktivn\u00edch p\u0159\u00edsp\u011bvk\u016f.<\/li>\n\n\n\n<li class=\"\"><strong>Podniky elektronick\u00e9ho obchodov\u00e1n\u00ed<\/strong>: Zlep\u0161en\u00ed image produktu a p\u0159il\u00e1k\u00e1n\u00ed z\u00e1kazn\u00edk\u016f.<\/li>\n<\/ul>\n\n\n\n<h3 class=\"wp-block-heading\">10 nejlep\u0161\u00edch n\u00e1stroj\u016f pro vylep\u0161en\u00ed obrazu AI<\/h3>\n\n\n\n<p class=\"\">Zde je shrnut\u00ed 10 nejlep\u0161\u00edch n\u00e1stroj\u016f pro vylep\u0161en\u00ed obrazu pomoc\u00ed um\u011bl\u00e9 inteligence, v\u010detn\u011b jejich v\u00fdhod a probl\u00e9m\u016f:<\/p>\n\n\n\n<figure class=\"wp-block-table\"><table class=\"has-fixed-layout\"><thead><tr><th>N\u00e1zev n\u00e1stroje<\/th><th>Souhrn<\/th><th>Klady<\/th><th>Nev\u00fdhody<\/th><th>V\u00fdhody<\/th><th>V\u00fdzvy<\/th><th>Doporu\u010den\u00ed<\/th><\/tr><\/thead><tbody><tr><td><strong><a href=\"https:\/\/aiartfree.online\/cs\/ai-image-enhancer\/\" target=\"_blank\" data-type=\"link\" data-id=\"https:\/\/aiartfree.online\/ai-image-enhancer\" rel=\"noreferrer noopener\">AI Image Enhancer<\/a><\/strong><\/td><td>Rychl\u00e9 a snadn\u00e9 zlep\u0161en\u00ed kvality obrazu<\/td><td>Snadn\u00e9 pou\u017eit\u00ed, zdarma<\/td><td>Omezen\u00e9 funkce<\/td><td>Skv\u011bl\u00e9 pro za\u010d\u00e1te\u010dn\u00edky<\/td><td>Omezen\u00e9 pokro\u010dil\u00e9 mo\u017enosti<\/td><td>Ide\u00e1ln\u00ed pro rychl\u00e9 opravy<\/td><\/tr><tr><td><strong>Zlep\u0161eme<\/strong><\/td><td>Zv\u011bt\u0161uje obr\u00e1zky a\u017e 16x<\/td><td>Vysoce kvalitn\u00ed v\u00fdsledky<\/td><td>P\u0159edplatn\u00e9<\/td><td>Profesion\u00e1ln\u00ed kvalita<\/td><td>Vy\u017eaduje platbu<\/td><td>Nejlep\u0161\u00ed pro profesion\u00e1ln\u00ed pou\u017eit\u00ed<\/td><\/tr><tr><td><strong>Vance AI<\/strong><\/td><td>Vylep\u0161en\u00ed obrazu pomoc\u00ed um\u011bl\u00e9 inteligence<\/td><td>V\u00edce mo\u017enost\u00ed vylep\u0161en\u00ed<\/td><td>N\u011bkter\u00e9 funkce jsou placen\u00e9<\/td><td>V\u0161estrann\u00e1 sada n\u00e1stroj\u016f<\/td><td>Vy\u017eaduje pr\u00e9miov\u00e9 p\u0159edplatn\u00e9<\/td><td>Vhodn\u00e9 pro v\u0161estrann\u00e9 pou\u017eit\u00ed<\/td><\/tr><tr><td><strong>Hlubok\u00fd obraz<\/strong><\/td><td>Mo\u017enost d\u00e1vkov\u00e9ho zpracov\u00e1n\u00ed<\/td><td>Zpracov\u00e1v\u00e1 v\u00edce obr\u00e1zk\u016f najednou<\/td><td>Vy\u017eaduje nastaven\u00ed \u00fa\u010dtu<\/td><td>\u010casov\u011b efektivn\u00ed<\/td><td>Pot\u0159ebn\u00e9 po\u010d\u00e1te\u010dn\u00ed nastaven\u00ed<\/td><td>Nejlep\u0161\u00ed pro hromadn\u00e1 vylep\u0161en\u00ed<\/td><\/tr><tr><td><strong>Waifu2x<\/strong><\/td><td>Vylep\u0161en\u00ed obrazu se zam\u011b\u0159en\u00edm na animace<\/td><td>Specializovan\u00e9 na um\u011bleck\u00e1 d\u00edla<\/td><td>Omezeno na styl anime<\/td><td>Skv\u011bl\u00e9 pro obr\u00e1zky anime<\/td><td>Omezen\u00e9 pou\u017eit\u00ed<\/td><td>Nejlep\u0161\u00ed pro um\u011blce anime<\/td><\/tr><tr><td><strong><a href=\"https:\/\/www.fotor.com\/\" data-type=\"link\" data-id=\"https:\/\/www.fotor.com\/\" rel=\"nofollow noopener\" target=\"_blank\">Fotor<\/a><\/strong><\/td><td>Online editor fotografi\u00ed s funkcemi pro vylep\u0161en\u00ed<\/td><td>Komplexn\u00ed edita\u010dn\u00ed n\u00e1stroje<\/td><td>Reklamy ve verzi zdarma<\/td><td>\u0158e\u0161en\u00ed \"v\u0161e v jednom<\/td><td>Bezplatn\u00e1 verze podporovan\u00e1 reklamou<\/td><td>Dobr\u00e9 pro p\u0159\u00edle\u017eitostn\u00e9 pou\u017eit\u00ed<\/td><\/tr><tr><td><strong>ImgLarger<\/strong><\/td><td>N\u00e1stroj pro roz\u0161i\u0159ov\u00e1n\u00ed um\u011bl\u00e9 inteligence<\/td><td>Dobr\u00e9 v\u00fdsledky upscalingu<\/td><td>Vy\u017eaduje p\u0159ipojen\u00ed k internetu<\/td><td>Vysoce kvalitn\u00ed upscaling<\/td><td>Z\u00e1vis\u00ed na rychlosti internetu<\/td><td>Nejlep\u0161\u00ed pro online pou\u017eit\u00ed<\/td><\/tr><tr><td><strong>Upscale Pics<\/strong><\/td><td>Online vylep\u0161en\u00ed obrazu<\/td><td>U\u017eivatelsky p\u0159\u00edv\u011btiv\u00e9 rozhran\u00ed<\/td><td>Omezen\u00e9 bezplatn\u00e9 pou\u017e\u00edv\u00e1n\u00ed<\/td><td>Snadn\u00e9 pou\u017eit\u00ed<\/td><td>Omezeno na online pou\u017eit\u00ed<\/td><td>Nejlep\u0161\u00ed pro p\u0159\u00edle\u017eitostn\u00e9 pou\u017eit\u00ed<\/td><\/tr><tr><td><strong>Image Upscaler<\/strong><\/td><td>Vylep\u0161en\u00ed na b\u00e1zi um\u011bl\u00e9 inteligence<\/td><td>Efektivn\u00ed zpracov\u00e1n\u00ed<\/td><td>Placen\u00e9 funkce<\/td><td>Rychle a efektivn\u011b<\/td><td>P\u0159edplatn\u00e9<\/td><td>Nejlep\u0161\u00ed pro pravideln\u00e9 pou\u017e\u00edv\u00e1n\u00ed<\/td><\/tr><tr><td><strong>Zv\u011bt\u0161ova\u010d obr\u00e1zk\u016f AI<\/strong><\/td><td>Specializuje se na zv\u011bt\u0161ov\u00e1n\u00ed obrazu<\/td><td>Vysoce kvalitn\u00ed zv\u011bt\u0161en\u00ed<\/td><td>Omezen\u00ed bezplatn\u00e9 verze<\/td><td>Vysok\u00e1 kvalita zv\u011bt\u0161en\u00ed<\/td><td>Omezen\u00e9 bezplatn\u00e9 mo\u017enosti<\/td><td>Nejlep\u0161\u00ed pro vysoce kvalitn\u00ed zv\u011bt\u0161en\u00ed<\/td><\/tr><\/tbody><\/table><\/figure>\n\n\n\n<h3 class=\"wp-block-heading\">Nejlep\u0161\u00ed n\u00e1stroj pro vylep\u0161en\u00ed obrazu AI<\/h3>\n\n\n\n<p class=\"\">Mezi r\u016fzn\u00fdmi dostupn\u00fdmi n\u00e1stroji je nejlep\u0161\u00edm n\u00e1strojem pro vylep\u0161en\u00ed obrazu AI <a href=\"https:\/\/aiartfree.online\/cs\/ai-image-enhancer\/\">AI Image Enhancer<\/a>. Nab\u00edz\u00ed dokonalou kombinaci pokro\u010dil\u00fdch funkc\u00ed, snadn\u00e9ho pou\u017eit\u00ed a vysoce kvalitn\u00edch v\u00fdsledk\u016f, tak\u017ee je ide\u00e1ln\u00ed jak pro profesion\u00e1ly, tak pro b\u011b\u017en\u00e9 u\u017eivatele.<\/p>\n\n\n\n<h3 class=\"wp-block-heading\">\u010cASTO KLADEN\u00c9 DOTAZY<\/h3>\n\n\n\n<ol class=\"wp-block-list\">\n<li class=\"\"><strong>Co je AI Image Enhancer?<\/strong> AI Image Enhancer je n\u00e1stroj, kter\u00fd vyu\u017e\u00edv\u00e1 um\u011blou inteligenci ke zlep\u0161en\u00ed kvality a rozli\u0161en\u00ed obr\u00e1zk\u016f.<\/li>\n\n\n\n<li class=\"\"><strong>Jak um\u011bl\u00e1 inteligence zlep\u0161uje kvalitu obrazu?<\/strong> Algoritmy um\u011bl\u00e9 inteligence analyzuj\u00ed a vylep\u0161uj\u00ed detaily obrazu, opravuj\u00ed nedokonalosti a zvy\u0161uj\u00ed rozli\u0161en\u00ed.<\/li>\n\n\n\n<li class=\"\"><strong>Vyplat\u00ed se investovat do n\u00e1stroje pro vylep\u0161en\u00ed obrazu s um\u011blou inteligenc\u00ed?<\/strong> Ano, \u0161et\u0159\u00ed \u010das a poskytuje vysoce kvalitn\u00ed v\u00fdsledky, co\u017e z n\u011bj \u010din\u00ed cenn\u00fd n\u00e1stroj pro mnoho u\u017eivatel\u016f.<\/li>\n\n\n\n<li class=\"\"><strong>Zvl\u00e1dnou vylep\u0161ova\u010de obrazu s um\u011blou inteligenc\u00ed d\u00e1vkov\u00e9 zpracov\u00e1n\u00ed?<\/strong> N\u011bkter\u00e9 n\u00e1stroje, jako nap\u0159\u00edklad Deep Image, nab\u00edzej\u00ed mo\u017enost d\u00e1vkov\u00e9ho zpracov\u00e1n\u00ed.<\/li>\n\n\n\n<li class=\"\"><strong>Jsou k dispozici bezplatn\u00e9 n\u00e1stroje pro vylep\u0161en\u00ed obrazu AI?<\/strong> Ano, n\u00e1stroje jako Enhance.Pho.to nab\u00edzej\u00ed z\u00e1kladn\u00ed funkce vylep\u0161en\u00ed zdarma.<\/li>\n\n\n\n<li class=\"\"><strong>Jak\u00fd je nejlep\u0161\u00ed AI image enhancer pro profesion\u00e1ln\u00ed pou\u017eit\u00ed?<\/strong> AI Image Enhancer se doporu\u010duje pro sv\u00e9 pokro\u010dil\u00e9 funkce a vysoce kvalitn\u00ed v\u00fdsledky.<\/li>\n\n\n\n<li class=\"\"><strong>Lze pro obr\u00e1zky na soci\u00e1ln\u00edch s\u00edt\u00edch pou\u017e\u00edt vylep\u0161ova\u010de obrazu s um\u011blou inteligenc\u00ed?<\/strong> Ano, jsou ide\u00e1ln\u00ed pro vytv\u00e1\u0159en\u00ed vysoce kvalitn\u00edch obr\u00e1zk\u016f pro p\u0159\u00edsp\u011bvky na soci\u00e1ln\u00edch s\u00edt\u00edch.<\/li>\n\n\n\n<li class=\"\"><strong>Podporuj\u00ed vylep\u0161ova\u010de obrazu s um\u011blou inteligenc\u00ed upscaling?<\/strong> Ano, mnoho n\u00e1stroj\u016f pro vylep\u0161en\u00ed obr\u00e1zk\u016f s um\u011blou inteligenc\u00ed dok\u00e1\u017ee zv\u011bt\u0161it rozli\u0161en\u00ed obr\u00e1zk\u016f na vy\u0161\u0161\u00ed.<\/li>\n\n\n\n<li class=\"\"><strong>Je pou\u017eit\u00ed n\u00e1stroj\u016f pro vylep\u0161en\u00ed obrazu s um\u011blou inteligenc\u00ed snadn\u00e9?<\/strong> V\u011bt\u0161ina n\u00e1stroj\u016f pro vylep\u0161en\u00ed obrazu s um\u011blou inteligenc\u00ed je u\u017eivatelsky p\u0159\u00edv\u011btiv\u00e1 a navr\u017een\u00e1 tak, aby se snadno pou\u017e\u00edvala.<\/li>\n\n\n\n<li class=\"\"><strong>Pro jak\u00e1 odv\u011btv\u00ed jsou vylep\u0161ova\u010de obrazu s um\u011blou inteligenc\u00ed p\u0159\u00ednosem?<\/strong> Odv\u011btv\u00ed, jako je realitn\u00ed pr\u016fmysl, e-commerce, grafick\u00fd design a soci\u00e1ln\u00ed m\u00e9dia, mohou m\u00edt z pou\u017e\u00edv\u00e1n\u00ed n\u00e1stroj\u016f pro vylep\u0161en\u00ed obrazu s um\u011blou inteligenc\u00ed velk\u00fd prosp\u011bch.<\/li>\n<\/ol>","protected":false},"excerpt":{"rendered":"<p>How to use AI Image Enhancer *&nbsp;Depending on your internet speed, loading the model may take a few seconds.* There will be caching during continuous generation, and the new image will appear after about 3 seconds. Introduction of AI Image Enhancer Enhancing image quality is crucial for various industries, from real estate to social media &#8230; <a title=\"AI Image Enhancer\" class=\"read-more\" href=\"https:\/\/aiartfree.online\/cs\/ai-image-enhancer\/\" aria-label=\"Read more about AI Image Enhancer\">\u010c\u00edst d\u00e1l<\/a><\/p>","protected":false},"author":1,"featured_media":0,"parent":0,"menu_order":0,"comment_status":"open","ping_status":"closed","template":"","meta":{"nf_dc_page":"","footnotes":""},"class_list":["post-2880","page","type-page","status-publish"],"jetpack_sharing_enabled":true,"_links":{"self":[{"href":"https:\/\/aiartfree.online\/cs\/wp-json\/wp\/v2\/pages\/2880","targetHints":{"allow":["GET"]}}],"collection":[{"href":"https:\/\/aiartfree.online\/cs\/wp-json\/wp\/v2\/pages"}],"about":[{"href":"https:\/\/aiartfree.online\/cs\/wp-json\/wp\/v2\/types\/page"}],"author":[{"embeddable":true,"href":"https:\/\/aiartfree.online\/cs\/wp-json\/wp\/v2\/users\/1"}],"replies":[{"embeddable":true,"href":"https:\/\/aiartfree.online\/cs\/wp-json\/wp\/v2\/comments?post=2880"}],"version-history":[{"count":0,"href":"https:\/\/aiartfree.online\/cs\/wp-json\/wp\/v2\/pages\/2880\/revisions"}],"wp:attachment":[{"href":"https:\/\/aiartfree.online\/cs\/wp-json\/wp\/v2\/media?parent=2880"}],"curies":[{"name":"wp","href":"https:\/\/api.w.org\/{rel}","templated":true}]}}