{"id":2876,"date":"2024-07-17T14:02:17","date_gmt":"2024-07-17T14:02:17","guid":{"rendered":"https:\/\/aiartfree.online\/?page_id=2876"},"modified":"2025-03-07T08:07:03","modified_gmt":"2025-03-07T08:07:03","slug":"anime-ai-generator","status":"publish","type":"page","link":"https:\/\/aiartfree.online\/cs\/generator-anime-ai\/","title":{"rendered":"Anime AI Generator"},"content":{"rendered":"<h2 class=\"wp-block-heading has-text-align-center\">P\u0159ed vs. po<\/h2>\n\n\n\n<figure class=\"gb-block-image gb-block-image-1822da1f\"><img data-recalc-dims=\"1\" decoding=\"async\" loading=\"lazy\" width=\"300\" height=\"179\" class=\"gb-image gb-image-1822da1f\" src=\"https:\/\/i0.wp.com\/aiartfree.online\/wp-content\/uploads\/2024\/07\/WX20240719-123748%402x.jpg?resize=300%2C179&#038;ssl=1\" alt=\"anime-ai-generator\/\" title=\"WX20240719-123748@2x\" srcset=\"https:\/\/i0.wp.com\/aiartfree.online\/wp-content\/uploads\/2024\/07\/WX20240719-123748%402x.jpg?resize=300%2C179&amp;ssl=1 300w, https:\/\/i0.wp.com\/aiartfree.online\/wp-content\/uploads\/2024\/07\/WX20240719-123748%402x.jpg?resize=1024%2C613&amp;ssl=1 1024w, https:\/\/i0.wp.com\/aiartfree.online\/wp-content\/uploads\/2024\/07\/WX20240719-123748%402x.jpg?resize=768%2C459&amp;ssl=1 768w, https:\/\/i0.wp.com\/aiartfree.online\/wp-content\/uploads\/2024\/07\/WX20240719-123748%402x.jpg?resize=18%2C12&amp;ssl=1 18w, https:\/\/i0.wp.com\/aiartfree.online\/wp-content\/uploads\/2024\/07\/WX20240719-123748%402x.jpg?resize=600%2C359&amp;ssl=1 600w, https:\/\/i0.wp.com\/aiartfree.online\/wp-content\/uploads\/2024\/07\/WX20240719-123748%402x.jpg?w=1314&amp;ssl=1 1314w\" sizes=\"auto, (max-width: 300px) 100vw, 300px\" \/><\/figure>\n\n\n\n<h2 class=\"wp-block-heading\">Jak pou\u017e\u00edvat Anime AI Generator<\/h2>\n\n\n\n<ol class=\"wp-block-list\">\n<li class=\"\">Zadejte svou v\u00fdzvu nebo vyberte jeden z p\u0159\u00edklad\u016f v\u00fdzvy<\/li>\n\n\n\n<li class=\"\">Klikn\u011bte na tla\u010d\u00edtko \"Generovat\".<\/li>\n\n\n\n<li class=\"\">Po\u010dkat, to je ono!<\/li>\n<\/ol>\n\n\n\n<h3 class=\"wp-block-heading\">P\u0159\u00edklady v\u00fdzev<\/h3>\n\n\n\n<ul class=\"wp-block-list has-small-font-size\">\n<li class=\"\">kr\u00e1sn\u00e1 \u017eena, noc, s hv\u011bzdami, slo\u017eit\u00fd, elegantn\u00ed, velmi detailn\u00ed, digit\u00e1ln\u00ed malba, artstation, concept art, hladk\u00fd, ostr\u00fd, ilustrace, um\u011bn\u00ed ( ( ( artgerm ) ) ) a greg rutkowski! a ( ( alphonse mucha ) ), siln\u011b ovlivn\u011bn frankem frazettou a borisem vallejo, me\u010d a<\/li>\n\n\n\n<li class=\"\">kr\u00e1sn\u00e1 \u017eena, noc, sci - fi, fantasy, slo\u017eit\u00e9, elegantn\u00ed, takato yamamoto, modr\u00e9 \u0161aty, magick\u00e9, velmi detailn\u00ed, digit\u00e1ln\u00ed malba, artstation, concept art, smooth,b sharp focus, ilustrace, art by artgerm and greg rutkowski and alphonse mucha<\/li>\n\n\n\n<li class=\"\">kr\u00e1sn\u00e1 \u017eena, velk\u00e1 prsa na pl\u00e1\u017ei, relaxa\u010dn\u00ed, \u00e9terick\u00fd, zasn\u011bn\u00fd, podsv\u00edcen\u00ed, velmi detailn\u00ed, realistick\u00e9 osv\u011btlen\u00ed, ostr\u00e9 zaost\u0159en\u00ed, pravidlo t\u0159etin, artgerm, wlop, arney freytag, rossdraws, frank frazetta, andrei riabovitchev, hd, octane, 4 k,<\/li>\n\n\n\n<li class=\"\">kr\u00e1sn\u00e1 \u017eena\uff0cvelk\u00e1 prsa, domme mistress, steampunk, plach\u00fd \u00fasm\u011bv, 4k, ohromuj\u00edc\u00ed 3d render inspirovan\u00fd um\u011bn\u00edm Prenz Cushart a WLOP\uff0cMatn\u00e1 malba, mistrovsk\u00e9 d\u00edlo | Alphonse Mucha\uff0ctrendy na artstation a pixiv\uff0cMal\u00e9 detaily<\/li>\n\n\n\n<li class=\"\">kr\u00e1sn\u00e1 \u017eena, noc, s hv\u011bzdami, slo\u017eit\u00fd, elegantn\u00ed, velmi detailn\u00ed, digit\u00e1ln\u00ed malba, artstation, concept art, hladk\u00fd, ostr\u00fd, ilustrace, um\u011bn\u00ed ( ( ( artgerm ) ) ) a greg rutkowski! a ( ( alphonse mucha ) ), siln\u011b ovlivn\u011bn frankem frazettou a borisem vallejo, me\u010d.<\/li>\n<\/ul>\n\n\n\n<figure class=\"gb-block-image gb-block-image-032aac41\"><a href=\"https:\/\/fas.st\/t\/9U4PYbm7\" target=\"_blank\" rel=\"noopener noreferrer\"><img data-recalc-dims=\"1\" decoding=\"async\" loading=\"lazy\" width=\"1200\" height=\"365\" class=\"gb-image gb-image-032aac41\" src=\"https:\/\/i0.wp.com\/aiartfree.online\/wp-content\/uploads\/2025\/03\/WX20250307-115412%402x.webp?resize=1200%2C365&#038;ssl=1\" alt=\"\" title=\"WX20250307-115412@2x\" srcset=\"https:\/\/i0.wp.com\/aiartfree.online\/wp-content\/uploads\/2025\/03\/WX20250307-115412%402x.webp?w=1942&amp;ssl=1 1942w, https:\/\/i0.wp.com\/aiartfree.online\/wp-content\/uploads\/2025\/03\/WX20250307-115412%402x.webp?resize=300%2C91&amp;ssl=1 300w, https:\/\/i0.wp.com\/aiartfree.online\/wp-content\/uploads\/2025\/03\/WX20250307-115412%402x.webp?resize=1024%2C312&amp;ssl=1 1024w, https:\/\/i0.wp.com\/aiartfree.online\/wp-content\/uploads\/2025\/03\/WX20250307-115412%402x.webp?resize=768%2C234&amp;ssl=1 768w, https:\/\/i0.wp.com\/aiartfree.online\/wp-content\/uploads\/2025\/03\/WX20250307-115412%402x.webp?resize=1536%2C467&amp;ssl=1 1536w, https:\/\/i0.wp.com\/aiartfree.online\/wp-content\/uploads\/2025\/03\/WX20250307-115412%402x.webp?resize=18%2C5&amp;ssl=1 18w, https:\/\/i0.wp.com\/aiartfree.online\/wp-content\/uploads\/2025\/03\/WX20250307-115412%402x.webp?resize=600%2C183&amp;ssl=1 600w\" sizes=\"auto, (max-width: 1200px) 100vw, 1200px\" \/><\/a><\/figure>\n\n\n\n<p class=\"\"><em>* V z\u00e1vislosti na rychlosti va\u0161eho internetu m\u016f\u017ee na\u010d\u00edt\u00e1n\u00ed modelu trvat n\u011bkolik sekund.<br>* B\u011bhem nep\u0159etr\u017eit\u00e9ho generov\u00e1n\u00ed bude prob\u00edhat ukl\u00e1d\u00e1n\u00ed do mezipam\u011bti a nov\u00fd obr\u00e1zek se zobraz\u00ed p\u0159ibli\u017en\u011b po 3 sekund\u00e1ch.<\/em><\/p>\n\n\n\n<div class=\"iframe-wrapper\" style=\"position: relative; width: 100%; height: 1600px;\">\n  <div class=\"loading\" style=\"position: absolute; top: 50px; left: 50%; transform: translate(-50%, -50%); width: 40px; height: 40px; border: 3px solid #f0f0f0; border-top: 3px solid #db7093; border-radius: 50%; animation: spin 1s linear infinite;\"><\/div>\n  <iframe loading=\"lazy\" src=\"https:\/\/cagliostrolab-animagine-xl-3-1.hf.space\" frameborder=\"0\" width=\"100%\" height=\"100%\" style=\"position: absolute; top: 0; left: 0; opacity: 0; transition: opacity 0.3s;\" onload=\"this.style.opacity=1;this.previousElementSibling.style.display='none';\"><\/iframe>\n<\/div>\n\n<style>\n@keyframes spin {\n  0% { transform: translate(-50%, -50%) rotate(0deg); }\n  100% { transform: translate(-50%, -50%) rotate(360deg); }\n}\n<\/style>\n\n\n\n<div style=\"height:50px\" aria-hidden=\"true\" class=\"wp-block-spacer\"><\/div>\n\n\n\n<h2 class=\"wp-block-heading\">P\u0159edstaven\u00ed gener\u00e1toru Anime AI<\/h2>\n\n\n\n<p class=\"\">Gener\u00e1tory um\u011bl\u00e9 inteligence pro anime p\u0159in\u00e1\u0161ej\u00ed revoluci ve zp\u016fsobu vytv\u00e1\u0159en\u00ed um\u011bleck\u00fdch d\u011bl ve stylu anime pomoc\u00ed sofistikovan\u00fdch algoritm\u016f um\u011bl\u00e9 inteligence. Tyto n\u00e1stroje dok\u00e1\u017e\u00ed p\u0159em\u011bnit fotografie na anime obr\u00e1zky, generovat jedine\u010dn\u00e9 anime postavy a mnoho dal\u0161\u00edho. Tento \u010dl\u00e1nek se zab\u00fdv\u00e1 t\u00edm, co jsou Anime AI Gener\u00e1tory, jejich v\u00fdhodami a jak je efektivn\u011b pou\u017e\u00edvat.<\/p>\n\n\n\n<figure class=\"wp-block-image size-large is-resized\"><img data-recalc-dims=\"1\" decoding=\"async\" width=\"1024\" height=\"829\"   loading=\"lazy\" src=\"https:\/\/i0.wp.com\/aiartfree.online\/wp-content\/uploads\/2024\/07\/WX120240719-122659%402x-1-1-1.jpg?resize=1024%2C829&#038;ssl=1\" alt=\"Anime AI Generator\" class=\"wp-image-2952\" style=\"width:630px;height:auto\" srcset=\"https:\/\/i0.wp.com\/aiartfree.online\/wp-content\/uploads\/2024\/07\/WX120240719-122659%402x-1-1-1.jpg?resize=1024%2C829&amp;ssl=1 1024w, https:\/\/i0.wp.com\/aiartfree.online\/wp-content\/uploads\/2024\/07\/WX120240719-122659%402x-1-1-1.jpg?resize=300%2C243&amp;ssl=1 300w, https:\/\/i0.wp.com\/aiartfree.online\/wp-content\/uploads\/2024\/07\/WX120240719-122659%402x-1-1-1.jpg?resize=768%2C622&amp;ssl=1 768w, https:\/\/i0.wp.com\/aiartfree.online\/wp-content\/uploads\/2024\/07\/WX120240719-122659%402x-1-1-1.jpg?resize=1536%2C1244&amp;ssl=1 1536w, https:\/\/i0.wp.com\/aiartfree.online\/wp-content\/uploads\/2024\/07\/WX120240719-122659%402x-1-1-1.jpg?resize=2048%2C1659&amp;ssl=1 2048w, https:\/\/i0.wp.com\/aiartfree.online\/wp-content\/uploads\/2024\/07\/WX120240719-122659%402x-1-1-1.jpg?resize=15%2C12&amp;ssl=1 15w, https:\/\/i0.wp.com\/aiartfree.online\/wp-content\/uploads\/2024\/07\/WX120240719-122659%402x-1-1-1.jpg?resize=600%2C486&amp;ssl=1 600w\" sizes=\"auto, (max-width: 1024px) 100vw, 1024px\" \/><\/figure>\n\n\n\n<h3 class=\"wp-block-heading\">Obsah<\/h3>\n\n\n\n<ol class=\"wp-block-list\">\n<li class=\"\"><a href=\"#what-is-an-anime-ai-generator\">Co je to gener\u00e1tor um\u011bl\u00e9 inteligence anime?<\/a><\/li>\n\n\n\n<li class=\"\"><a href=\"#why-use-an-anime-ai-generator\">Pro\u010d pou\u017e\u00edvat gener\u00e1tor anime AI?<\/a><\/li>\n\n\n\n<li class=\"\"><a href=\"#benefits-of-using-an-anime-ai-generator\">V\u00fdhody pou\u017e\u00edv\u00e1n\u00ed gener\u00e1toru Anime AI<\/a><\/li>\n\n\n\n<li class=\"\"><a href=\"#when-to-use-an-anime-ai-generator\">Kdy pou\u017e\u00edt gener\u00e1tor um\u011bl\u00e9 inteligence Anime<\/a><\/li>\n\n\n\n<li class=\"\"><a href=\"#who-should-use-an-anime-ai-generator\">Kdo by m\u011bl pou\u017e\u00edvat gener\u00e1tor anime AI?<\/a><\/li>\n\n\n\n<li class=\"\"><a href=\"#anime-ai-generator-tools-and-information\">Anime AI Generator N\u00e1stroje a informace<\/a><\/li>\n\n\n\n<li class=\"\"><a href=\"#frequently-asked-questions\">\u010casto kladen\u00e9 ot\u00e1zky<\/a><\/li>\n\n\n\n<li class=\"\"><a href=\"#conclusion\">Z\u00e1v\u011br<\/a><\/li>\n<\/ol>\n\n\n\n<h3 class=\"wp-block-heading\">Co je to gener\u00e1tor um\u011bl\u00e9 inteligence anime?<\/h3>\n\n\n\n<p class=\"\">Anime AI Generator je n\u00e1stroj, kter\u00fd vyu\u017e\u00edv\u00e1 pokro\u010dil\u00e9 algoritmy um\u011bl\u00e9 inteligence k vytv\u00e1\u0159en\u00ed obr\u00e1zk\u016f ve stylu anime z r\u016fzn\u00fdch vstup\u016f, jako jsou fotografie nebo textov\u00e9 v\u00fdzvy. D\u00edky vyu\u017eit\u00ed technik strojov\u00e9ho u\u010den\u00ed mohou tyto gener\u00e1tory rychle a efektivn\u011b vytv\u00e1\u0159et vysoce kvalitn\u00ed stylizovan\u00e9 anime.<\/p>\n\n\n\n<h3 class=\"wp-block-heading\">Pro\u010d pou\u017e\u00edvat gener\u00e1tor anime AI?<\/h3>\n\n\n\n<p class=\"\">Gener\u00e1tory um\u011bl\u00e9 inteligence pro anime jsou nezbytn\u00e9 pro ka\u017ed\u00e9ho, kdo chce vytv\u00e1\u0159et um\u011bleck\u00e1 d\u00edla ve stylu anime, ani\u017e by pot\u0159eboval pokro\u010dil\u00e9 um\u011bleck\u00e9 dovednosti. Tyto n\u00e1stroje lze pou\u017e\u00edt pro osobn\u00ed projekty um\u011bl\u00e9 inteligence, generov\u00e1n\u00ed um\u011bl\u00e9 inteligence pro soci\u00e1ln\u00ed m\u00e9dia nebo dokonce pro profesion\u00e1ln\u00ed \u00fa\u010dely v oblasti hern\u00edho designu a animace.<\/p>\n\n\n\n<h3 class=\"wp-block-heading\">V\u00fdhody pou\u017e\u00edv\u00e1n\u00ed gener\u00e1toru Anime AI<\/h3>\n\n\n\n<ul class=\"wp-block-list\">\n<li class=\"\"><strong>\u00da\u010dinnost<\/strong>: Rychle generuje vysoce kvalitn\u00ed obr\u00e1zky anime.<\/li>\n\n\n\n<li class=\"\"><strong>Kreativita<\/strong>: Umo\u017e\u0148uje vytv\u00e1\u0159et jedine\u010dn\u00e9 a personalizovan\u00e9 anime.<\/li>\n\n\n\n<li class=\"\"><strong>P\u0159\u00edstupnost<\/strong>: Zp\u0159\u00edstup\u0148uje tvorbu anime i neum\u011blc\u016fm.<\/li>\n\n\n\n<li class=\"\"><strong>N\u00e1kladov\u011b efektivn\u00ed<\/strong>: Sni\u017euje pot\u0159ebu drah\u00e9ho um\u011bleck\u00e9ho softwaru nebo naj\u00edm\u00e1n\u00ed um\u011blc\u016f.<\/li>\n\n\n\n<li class=\"\"><strong>V\u0161estrannost<\/strong>: Lze je pou\u017e\u00edt k r\u016fzn\u00fdm \u00fa\u010del\u016fm, od osobn\u00edch projekt\u016f a\u017e po profesion\u00e1ln\u00ed pou\u017eit\u00ed.<\/li>\n<\/ul>\n\n\n\n<h3 class=\"wp-block-heading\">Kdy pou\u017e\u00edt gener\u00e1tor um\u011bl\u00e9 inteligence Anime<\/h3>\n\n\n\n<p class=\"\">Gener\u00e1tory um\u011bl\u00e9 inteligence Anime jsou ide\u00e1ln\u00ed pro n\u011bkolik sc\u00e9n\u00e1\u0159\u016f:<\/p>\n\n\n\n<ul class=\"wp-block-list\">\n<li class=\"\"><strong>Vytv\u00e1\u0159en\u00ed osobn\u00edho um\u011bn\u00ed<\/strong>: Pro z\u00e1bavu nebo jako kon\u00ed\u010dek.<\/li>\n\n\n\n<li class=\"\"><strong>Obsah soci\u00e1ln\u00edch m\u00e9di\u00ed<\/strong>: Vytv\u00e1\u0159en\u00ed jedine\u010dn\u00e9ho obsahu pro platformy soci\u00e1ln\u00edch m\u00e9di\u00ed.<\/li>\n\n\n\n<li class=\"\"><strong>Hern\u00ed design<\/strong>: Tvorba postav a sc\u00e9n pro videohry.<\/li>\n\n\n\n<li class=\"\"><strong>Anima\u010dn\u00ed projekty<\/strong>: V\u00fdroba prvk\u016f pro anima\u010dn\u00ed projekty.<\/li>\n\n\n\n<li class=\"\"><strong>Marketing<\/strong>: Vytv\u00e1\u0159en\u00ed propaga\u010dn\u00edch materi\u00e1l\u016f a poutav\u00fdch vizu\u00e1l\u016f.<\/li>\n<\/ul>\n\n\n\n<h3 class=\"wp-block-heading\">Kdo by ji m\u011bl pou\u017e\u00edvat?<\/h3>\n\n\n\n<p class=\"\">Vhodn\u00e9 pro:<\/p>\n\n\n\n<ul class=\"wp-block-list\">\n<li class=\"\"><strong>Um\u011blci<\/strong>: Cht\u011bj\u00ed roz\u0161\u00ed\u0159it sv\u016fj soubor n\u00e1stroj\u016f.<\/li>\n\n\n\n<li class=\"\"><strong>Neum\u011blci<\/strong>: Chce\u0161 vytv\u00e1\u0159et anime um\u011bn\u00ed bez rozs\u00e1hl\u00e9ho \u0161kolen\u00ed.<\/li>\n\n\n\n<li class=\"\"><strong>V\u00fdvoj\u00e1\u0159i her<\/strong>: Pot\u0159ebujete aktiva pro hry.<\/li>\n\n\n\n<li class=\"\"><strong>Tv\u016frci obsahu<\/strong>: Hledaj\u00ed poutav\u00e9 vizu\u00e1ly pro sv\u00e9 platformy.<\/li>\n\n\n\n<li class=\"\"><strong>Marketingov\u00ed odborn\u00edci<\/strong>: Vytv\u00e1\u0159en\u00ed atraktivn\u00edho propaga\u010dn\u00edho obsahu.<\/li>\n<\/ul>\n\n\n\n<h3 class=\"wp-block-heading\">Anime AI Generator N\u00e1stroje a informace<\/h3>\n\n\n\n<p class=\"\">N\u00ed\u017ee je uvedena tabulka shrnuj\u00edc\u00ed nejlep\u0161\u00ed n\u00e1stroje Anime AI Generator, jejich v\u00fdhody, nev\u00fdhody a dal\u0161\u00ed informace:<\/p>\n\n\n\n<figure class=\"wp-block-table\"><table class=\"has-fixed-layout\"><thead><tr><th>N\u00e1stroj \/ webov\u00e1 str\u00e1nka<\/th><th>Klady<\/th><th>Nev\u00fdhody<\/th><th>V\u00fdhody<\/th><th>V\u00fdzvy<\/th><th>Doporu\u010den\u00ed<\/th><\/tr><\/thead><tbody><tr><td><a href=\"https:\/\/aiartfree.online\/cs\/generator-anime-ai\/\" target=\"_blank\" rel=\"noreferrer noopener\">AIArtFree<\/a><\/td><td>Zdarma, snadn\u00e9 pou\u017eit\u00ed<\/td><td>Omezen\u00e9 funkce<\/td><td>Skv\u011bl\u00e9 pro za\u010d\u00e1te\u010dn\u00edky<\/td><td>Vy\u017eaduje internet<\/td><td>Nejlep\u0161\u00ed pro rychl\u00e9 projekty<\/td><\/tr><tr><td><a href=\"https:\/\/deepart.io\" rel=\"nofollow noopener\" target=\"_blank\">DeepArt<\/a><\/td><td>Vysoce kvalitn\u00ed v\u00fdstup<\/td><td>Vy\u017eaduje p\u0159edplatn\u00e9<\/td><td>Profesion\u00e1ln\u00ed v\u00fdsledky<\/td><td>Drah\u00e9<\/td><td>Nejlep\u0161\u00ed pro seri\u00f3zn\u00ed projekty<\/td><\/tr><tr><td><a href=\"https:\/\/artbreeder.com\" rel=\"nofollow noopener\" target=\"_blank\">Artbreeder<\/a><\/td><td>Spolupr\u00e1ce, v\u0161estrannost<\/td><td>K\u0159ivka u\u010den\u00ed<\/td><td>Kreativn\u00ed flexibilita<\/td><td>Komplexn\u00ed rozhran\u00ed<\/td><td>Nejlep\u0161\u00ed pro spole\u010dn\u00e9 um\u011bn\u00ed<\/td><\/tr><tr><td><a href=\"https:\/\/toonme.com\" rel=\"nofollow noopener\" target=\"_blank\">ToonMe<\/a><\/td><td>Jednoduch\u00e9, z\u00e1bavn\u00e9<\/td><td>Reklamy ve verzi zdarma<\/td><td>Skv\u011bl\u00e9 pro soci\u00e1ln\u00ed m\u00e9dia<\/td><td>Omezen\u00e9 styly<\/td><td>Nejlep\u0161\u00ed pro p\u0159\u00edle\u017eitostn\u00e9 pou\u017eit\u00ed<\/td><\/tr><tr><td><a href=\"https:\/\/nudeai.beauty\/en\/nude-anime\/\" data-type=\"link\" data-id=\"https:\/\/nudeai.beauty\/en\/nude-anime\/\" target=\"_blank\" rel=\"noreferrer noopener\">Anime Labs<\/a><\/td><td>P\u0159izp\u016fsobiteln\u00e9 postavy<\/td><td>Omezeno na anime d\u00edvky<\/td><td>Vysoce detailn\u00ed<\/td><td>Zam\u011b\u0159en\u00ed na specializovanou oblast<\/td><td>Nejlep\u0161\u00ed pro tvorbu postavy<\/td><\/tr><tr><td><a>PaintsChainer<\/a><\/td><td>Zdarma, v\u0161estrann\u00fd<\/td><td>Japonsk\u00e9 rozhran\u00ed<\/td><td>Automatick\u00e9 barven\u00ed<\/td><td>Jazykov\u00e1 bari\u00e9ra<\/td><td>Nejlep\u0161\u00ed pro automatick\u00e9 barven\u00ed<\/td><\/tr><tr><td><a href=\"https:\/\/crypko.ai\" rel=\"nofollow noopener\" target=\"_blank\">Crypko<\/a><\/td><td>Profesion\u00e1ln\u00ed tv\u00e1\u0159e anime<\/td><td>Vy\u017eaduje \u017eetony<\/td><td>Podrobn\u00e9 v\u00fdsledky<\/td><td>Syst\u00e9m \u017eeton\u016f<\/td><td>Nejlep\u0161\u00ed pro rysy obli\u010deje<\/td><\/tr><tr><td><a href=\"https:\/\/pixiv.net\" rel=\"nofollow noopener\" target=\"_blank\">Pixiv<\/a><\/td><td>Velk\u00e1 komunita<\/td><td>Vy\u017eaduje \u010dlenstv\u00ed<\/td><td>Rozs\u00e1hl\u00e9 zdroje<\/td><td>Ohromuj\u00edc\u00ed<\/td><td>Nejlep\u0161\u00ed pro komunitn\u00ed um\u011bn\u00ed<\/td><\/tr><tr><td><a href=\"https:\/\/www.thiswaifudoesnotexist.net\" rel=\"nofollow noopener\" target=\"_blank\">Tato waifu neexistuje<\/a><\/td><td>Unik\u00e1tn\u00ed waifus<\/td><td>Omezen\u00e9 p\u0159izp\u016fsoben\u00ed<\/td><td>Nekone\u010dn\u00e1 rozmanitost<\/td><td>Specifick\u00e9 zam\u011b\u0159en\u00ed<\/td><td>Nejlep\u0161\u00ed pro jedine\u010dn\u00e9 obli\u010deje<\/td><\/tr><tr><td><a href=\"https:\/\/gansketch.com\" rel=\"nofollow noopener\" target=\"_blank\">GanSketch<\/a><\/td><td>Generov\u00e1n\u00ed v re\u00e1ln\u00e9m \u010dase<\/td><td>Beta verze<\/td><td>Rychl\u00e9 v\u00fdsledky<\/td><td>V\u00fdvojov\u00e1 f\u00e1ze<\/td><td>Nejlep\u0161\u00ed pro experimentov\u00e1n\u00ed<\/td><\/tr><\/tbody><\/table><\/figure>\n\n\n\n<p class=\"\"><strong>Nejlep\u0161\u00ed n\u00e1stroj: <a href=\"https:\/\/aiartfree.online\/cs\/generator-anime-ai\/\">AIArtFree<\/a><\/strong><\/p>\n\n\n\n<h3 class=\"wp-block-heading\">\u010casto kladen\u00e9 ot\u00e1zky<\/h3>\n\n\n\n<p class=\"\"><strong>Ot\u00e1zka: Jak\u00fd je nejlep\u0161\u00ed gener\u00e1tor Anime AI pro za\u010d\u00e1te\u010dn\u00edky?<\/strong> Odpov\u011b\u010f: AIArtFree se doporu\u010duje za\u010d\u00e1te\u010dn\u00edk\u016fm d\u00edky snadn\u00e9mu pou\u017eit\u00ed a bezplatn\u00e9mu p\u0159\u00edstupu.<\/p>\n\n\n\n<p class=\"\"><strong>Ot\u00e1zka: Mohu gener\u00e1tor Anime AI pou\u017e\u00edvat pro komer\u010dn\u00ed \u00fa\u010dely?<\/strong> Odpov\u011b\u010f: Ano, mnoho gener\u00e1tor\u016f Anime AI lze pou\u017e\u00edt pro komer\u010dn\u00ed projekty, je v\u0161ak nutn\u00e9 zkontrolovat konkr\u00e9tn\u00ed podm\u00ednky slu\u017eby ka\u017ed\u00e9ho n\u00e1stroje.<\/p>\n\n\n\n<p class=\"\"><strong>Ot\u00e1zka: Jak funguj\u00ed gener\u00e1tory um\u011bl\u00e9 inteligence Anime?<\/strong> Odpov\u011b\u010f: Pou\u017e\u00edvaj\u00ed algoritmy strojov\u00e9ho u\u010den\u00ed vy\u0161kolen\u00e9 na velk\u00fdch souborech dat s anime um\u011bn\u00edm, kter\u00e9 generuj\u00ed nov\u00e9 obr\u00e1zky na z\u00e1klad\u011b u\u017eivatelsk\u00fdch vstup\u016f.<\/p>\n\n\n\n<p class=\"\"><strong>Ot\u00e1zka: Jsou gener\u00e1tory Anime AI zdarma?<\/strong> Odpov\u011b\u010f: N\u011bkter\u00e9 n\u00e1stroje jsou zdarma, nap\u0159\u00edklad AIArtFree, jin\u00e9 mohou vy\u017eadovat p\u0159edplatn\u00e9 nebo n\u00e1kup.<\/p>\n\n\n\n<p class=\"\"><strong>Ot\u00e1zka: Jak\u00e9 typy vstup\u016f mohu pou\u017e\u00edt s gener\u00e1torem Anime AI?<\/strong> Odpov\u011b\u010f: Mezi b\u011b\u017en\u00e9 vstupy pat\u0159\u00ed fotografie, n\u00e1\u010drtky a textov\u00e9 v\u00fdzvy.<\/p>\n\n\n\n<p class=\"\"><strong>Ot\u00e1zka: Mohu si vygenerovan\u00e9 obr\u00e1zky anime p\u0159izp\u016fsobit?<\/strong> Odpov\u011b\u010f: Ano, v\u011bt\u0161ina gener\u00e1tor\u016f nab\u00edz\u00ed mo\u017enosti p\u0159izp\u016fsoben\u00ed, kter\u00e9 umo\u017e\u0148uj\u00ed upravit styl a vlastnosti vygenerovan\u00e9 grafiky.<\/p>\n\n\n\n<p class=\"\"><strong>Ot\u00e1zka: Jak\u00fd je rozd\u00edl mezi gener\u00e1torem obr\u00e1zk\u016f AI a gener\u00e1torem Anime AI?<\/strong> Odpov\u011b\u010f: Gener\u00e1tor Anime AI je speci\u00e1ln\u011b navr\u017een pro vytv\u00e1\u0159en\u00ed obr\u00e1zk\u016f ve stylu anime, zat\u00edmco obecn\u00fd gener\u00e1tor obr\u00e1zk\u016f AI m\u016f\u017ee vytv\u00e1\u0159et r\u016fzn\u00e9 styly.<\/p>\n\n\n\n<p class=\"\"><strong>Ot\u00e1zka: Pot\u0159ebuji k pou\u017e\u00edv\u00e1n\u00ed gener\u00e1toru Anime AI n\u011bjak\u00e9 speci\u00e1ln\u00ed dovednosti?<\/strong> Odpov\u011b\u010f: Ne, tyto n\u00e1stroje jsou navr\u017eeny tak, aby byly u\u017eivatelsky p\u0159\u00edv\u011btiv\u00e9 a p\u0159\u00edstupn\u00e9 v\u0161em.<\/p>\n\n\n\n<p class=\"\"><strong>Ot\u00e1zka: Jak dlouho trv\u00e1 vygenerov\u00e1n\u00ed obr\u00e1zku anime?<\/strong> Odpov\u011b\u010f: Doba generov\u00e1n\u00ed se li\u0161\u00ed podle n\u00e1stroje, ale obecn\u011b se pohybuje od n\u011bkolika sekund do n\u011bkolika minut.<\/p>\n\n\n\n<p class=\"\"><strong>Ot\u00e1zka: Mohu pomoc\u00ed gener\u00e1toru anime AI generovat anime postavy pro svou hru?<\/strong> Odpov\u011b\u010f: Ano, tyto n\u00e1stroje jsou vynikaj\u00edc\u00ed pro tvorbu postav a dal\u0161\u00edch prost\u0159edk\u016f pro videohry.<\/p>\n\n\n\n<h3 class=\"wp-block-heading\">Z\u00e1v\u011br<\/h3>\n\n\n\n<p class=\"\">Gener\u00e1tory anime AI jsou v\u00fdkonn\u00e9 n\u00e1stroje pro snadn\u00e9 vytv\u00e1\u0159en\u00ed um\u011bleck\u00fdch d\u011bl ve stylu anime. A\u0165 u\u017e jste profesion\u00e1ln\u00ed um\u011blec, nebo amat\u00e9r, tyto gener\u00e1tory v\u00e1m pomohou uv\u00e9st va\u0161e tv\u016fr\u010d\u00ed vize v \u017eivot. Chcete-li z\u00edskat co nejlep\u0161\u00ed zku\u0161enosti, zkuste pou\u017e\u00edt <a href=\"https:\/\/aiartfree.online\/cs\/generator-anime-ai\/\">AIArtFree<\/a> prozkoumat sv\u011bt um\u011bl\u00e9 inteligence v anime.<\/p>","protected":false},"excerpt":{"rendered":"<p>Before vs After How to use Anime AI Generator Prompt Examples *&nbsp;Depending on your internet speed, loading the model may take a few seconds.* There will be caching during continuous generation, and the new image will appear after about 3 seconds. Introduction of Anime AI Generator Anime AI Generators are revolutionizing the way we create &#8230; <a title=\"Anime AI Generator\" class=\"read-more\" href=\"https:\/\/aiartfree.online\/cs\/generator-anime-ai\/\" aria-label=\"Read more about Anime AI Generator\">\u010c\u00edst d\u00e1l<\/a><\/p>","protected":false},"author":1,"featured_media":0,"parent":0,"menu_order":0,"comment_status":"open","ping_status":"closed","template":"","meta":{"nf_dc_page":"","footnotes":""},"class_list":["post-2876","page","type-page","status-publish"],"jetpack_sharing_enabled":true,"_links":{"self":[{"href":"https:\/\/aiartfree.online\/cs\/wp-json\/wp\/v2\/pages\/2876","targetHints":{"allow":["GET"]}}],"collection":[{"href":"https:\/\/aiartfree.online\/cs\/wp-json\/wp\/v2\/pages"}],"about":[{"href":"https:\/\/aiartfree.online\/cs\/wp-json\/wp\/v2\/types\/page"}],"author":[{"embeddable":true,"href":"https:\/\/aiartfree.online\/cs\/wp-json\/wp\/v2\/users\/1"}],"replies":[{"embeddable":true,"href":"https:\/\/aiartfree.online\/cs\/wp-json\/wp\/v2\/comments?post=2876"}],"version-history":[{"count":1,"href":"https:\/\/aiartfree.online\/cs\/wp-json\/wp\/v2\/pages\/2876\/revisions"}],"predecessor-version":[{"id":3595,"href":"https:\/\/aiartfree.online\/cs\/wp-json\/wp\/v2\/pages\/2876\/revisions\/3595"}],"wp:attachment":[{"href":"https:\/\/aiartfree.online\/cs\/wp-json\/wp\/v2\/media?parent=2876"}],"curies":[{"name":"wp","href":"https:\/\/api.w.org\/{rel}","templated":true}]}}