{"id":2853,"date":"2024-07-17T13:47:43","date_gmt":"2024-07-17T13:47:43","guid":{"rendered":"https:\/\/aiartfree.online\/?page_id=2853"},"modified":"2024-07-20T09:39:23","modified_gmt":"2024-07-20T09:39:23","slug":"free-pixar-ai-generator","status":"publish","type":"page","link":"https:\/\/aiartfree.online\/cs\/generator-pixar-ai-zdarma\/","title":{"rendered":"Bezplatn\u00fd gener\u00e1tor um\u011bl\u00e9 inteligence Pixar"},"content":{"rendered":"<h2 class=\"wp-block-heading\">Jak pou\u017e\u00edvat bezplatn\u00fd gener\u00e1tor um\u011bl\u00e9 inteligence Pixar<\/h2>\n\n\n\n<ol class=\"wp-block-list\">\n<li class=\"\">Zadejte sv\u00e9 v\u00fdzvy<\/li>\n\n\n\n<li class=\"\">Klikn\u011bte na tla\u010d\u00edtko \"Spustit\"<\/li>\n\n\n\n<li class=\"\">Po\u010dkat, to je ono!<\/li>\n<\/ol>\n\n\n\n<p class=\"\"><em>* V z\u00e1vislosti na rychlosti va\u0161eho internetu m\u016f\u017ee na\u010d\u00edt\u00e1n\u00ed modelu trvat n\u011bkolik sekund.<br>* B\u011bhem nep\u0159etr\u017eit\u00e9ho generov\u00e1n\u00ed bude prob\u00edhat ukl\u00e1d\u00e1n\u00ed do mezipam\u011bti a nov\u00fd obr\u00e1zek se zobraz\u00ed p\u0159ibli\u017en\u011b po 3 sekund\u00e1ch.<\/em><\/p>\n\n\n\n<h3 class=\"wp-block-heading\">P\u0159\u00edklad vstupu<\/h3>\n\n\n\n<ul class=\"wp-block-list\">\n<li class=\"\">Mlad\u00fd mu\u017e se sv\u011btle hn\u011bd\u00fdmi vlnit\u00fdmi vlasy a sv\u011btle hn\u011bd\u00fdma o\u010dima sed\u00ed v k\u0159esle a d\u00edv\u00e1 se p\u0159\u00edmo do kamery, pixarovsk\u00fd styl, disney pixar, kancel\u00e1\u0159sk\u00e9 pozad\u00ed, velmi detailn\u00ed, 1 mu\u017e<\/li>\n\n\n\n<li class=\"\">Kreslen\u00fd 3D slune\u010dn\u00fd jasn\u00fd obraz ve stylu Pixaru : superhrdina : pln\u00fd kost\u00fdm : filmov\u00fd -ar 68:128 -stylize 750 -v 5.2<\/li>\n\n\n\n<li class=\"\">3d obr\u00e1zek, roztomil\u00e1 d\u00edvka, ve stylu Pixar, -ar 1:2 ,-stylize 750.<\/li>\n<\/ul>\n\n\n\n<div style=\"text-align: center; border: 2px solid; border-image-source: linear-gradient(to right, #16b86c, #912899); border-image-slice: 1; box-shadow: 0 0 10px rgba(0, 0, 0, 0.1); border-radius: 15px;\">\n  <iframe loading=\"lazy\"\n    src=\"https:\/\/ucanbaklava-stablediffusionapi-disney-pixar-cartoon.hf.space\"\n    frameborder=\"0\"\n    width=\"800\"\n    height=\"500\"\n    style=\"display: inline-block; margin: 0 auto;\"\n  ><\/iframe>\n<\/div>\n\n\n\n<div style=\"height:50px\" aria-hidden=\"true\" class=\"wp-block-spacer\"><\/div>\n\n\n\n<h2 class=\"wp-block-heading\" id=\"introduction-of-free-online-pixar-ai-generator\"><strong>P\u0159edstaven\u00ed bezplatn\u00e9ho gener\u00e1toru um\u011bl\u00e9 inteligence Pixar<\/strong><\/h2>\n\n\n\n<figure class=\"wp-block-image size-full is-resized\"><img data-recalc-dims=\"1\" decoding=\"async\" width=\"938\" height=\"626\"   loading=\"lazy\" src=\"https:\/\/i0.wp.com\/aiartfree.online\/wp-content\/uploads\/2024\/07\/WX20240717-174206%402x.jpg?resize=938%2C626&#038;ssl=1\" alt=\"Bezplatn\u00fd online gener\u00e1tor um\u011bl\u00e9 inteligence Pixar\" class=\"wp-image-2852\" style=\"width:530px;height:auto\" srcset=\"https:\/\/i0.wp.com\/aiartfree.online\/wp-content\/uploads\/2024\/07\/WX20240717-174206%402x.jpg?w=938&amp;ssl=1 938w, https:\/\/i0.wp.com\/aiartfree.online\/wp-content\/uploads\/2024\/07\/WX20240717-174206%402x.jpg?resize=300%2C200&amp;ssl=1 300w, https:\/\/i0.wp.com\/aiartfree.online\/wp-content\/uploads\/2024\/07\/WX20240717-174206%402x.jpg?resize=768%2C513&amp;ssl=1 768w, https:\/\/i0.wp.com\/aiartfree.online\/wp-content\/uploads\/2024\/07\/WX20240717-174206%402x.jpg?resize=18%2C12&amp;ssl=1 18w, https:\/\/i0.wp.com\/aiartfree.online\/wp-content\/uploads\/2024\/07\/WX20240717-174206%402x.jpg?resize=600%2C400&amp;ssl=1 600w\" sizes=\"auto, (max-width: 938px) 100vw, 938px\" \/><\/figure>\n\n\n\n<h3 class=\"wp-block-heading\" id=\"what-is-a-free-online-pixar-ai-generator\"><a href=\"https:\/\/dromerosm-groq-llama3.hf.space\/#what-is-a-free-online-pixar-ai-generator\" target=\"_blank\" rel=\"noopener\"><\/a><strong>Co je bezplatn\u00fd gener\u00e1tor um\u011bl\u00e9 inteligence Pixar?<\/strong><\/h3>\n\n\n\n<p class=\"\">Bezplatn\u00fd online gener\u00e1tor um\u011bl\u00e9 inteligence Pixar je n\u00e1stroj, kter\u00fd u\u017eivatel\u016fm umo\u017e\u0148uje generovat um\u011bleck\u00e1 d\u00edla ve stylu Pixaru pomoc\u00ed um\u011bl\u00e9 inteligence (AI) bez jak\u00fdchkoli finan\u010dn\u00edch n\u00e1klad\u016f. Tato inovativn\u00ed technologie vyu\u017e\u00edv\u00e1 algoritmy strojov\u00e9ho u\u010den\u00ed k vytv\u00e1\u0159en\u00ed \u00fa\u017easn\u00fdch animac\u00ed a obr\u00e1zk\u016f p\u0159ipom\u00ednaj\u00edc\u00edch obl\u00edben\u00e9 filmy spole\u010dnosti Pixar.<\/p>\n\n\n\n<p class=\"\"><strong>Obsah<\/strong><\/p>\n\n\n\n<ol class=\"wp-block-list\">\n<li class=\"\"><a href=\"https:\/\/dromerosm-groq-llama3.hf.space\/#what-is-a-free-online-pixar-ai-generator\" target=\"_blank\" rel=\"noopener\">Co je bezplatn\u00fd online gener\u00e1tor um\u011bl\u00e9 inteligence Pixar?<\/a><\/li>\n\n\n\n<li class=\"\"><a href=\"https:\/\/dromerosm-groq-llama3.hf.space\/#why-use-a-free-online-pixar-ai-generator\" target=\"_blank\" rel=\"noopener\">Pro\u010d pou\u017e\u00edvat bezplatn\u00fd online gener\u00e1tor um\u011bl\u00e9 inteligence Pixar?<\/a><\/li>\n\n\n\n<li class=\"\"><a href=\"https:\/\/dromerosm-groq-llama3.hf.space\/#benefits-of-using-a-free-online-pixar-ai-generator\" target=\"_blank\" rel=\"noopener\">V\u00fdhody pou\u017eit\u00ed bezplatn\u00e9ho online gener\u00e1toru um\u011bl\u00e9 inteligence Pixar<\/a><\/li>\n\n\n\n<li class=\"\"><a href=\"https:\/\/dromerosm-groq-llama3.hf.space\/#when-to-use-a-free-online-pixar-ai-generator\" target=\"_blank\" rel=\"noopener\">Kdy pou\u017e\u00edt bezplatn\u00fd online gener\u00e1tor um\u011bl\u00e9 inteligence Pixar<\/a><\/li>\n\n\n\n<li class=\"\"><a href=\"https:\/\/dromerosm-groq-llama3.hf.space\/#who-can-benefit-from-a-free-online-pixar-ai-generator\" target=\"_blank\" rel=\"noopener\">Kdo m\u016f\u017ee vyu\u017e\u00edt bezplatn\u00fd online gener\u00e1tor um\u011bl\u00e9 inteligence Pixar?<\/a><\/li>\n\n\n\n<li class=\"\"><a href=\"https:\/\/dromerosm-groq-llama3.hf.space\/#related-information-and-tools\" target=\"_blank\" rel=\"noopener\">Souvisej\u00edc\u00ed informace a n\u00e1stroje<\/a><\/li>\n\n\n\n<li class=\"\"><a href=\"https:\/\/dromerosm-groq-llama3.hf.space\/#faqs\" target=\"_blank\" rel=\"noopener\">Nej\u010dast\u011bj\u0161\u00ed dotazy<\/a><\/li>\n<\/ol>\n\n\n\n<h3 class=\"wp-block-heading\" id=\"why-use-a-free-online-pixar-ai-generator\"><a href=\"https:\/\/dromerosm-groq-llama3.hf.space\/#why-use-a-free-online-pixar-ai-generator\" target=\"_blank\" rel=\"noopener\"><\/a><strong>Pro\u010d pou\u017e\u00edvat bezplatn\u00fd gener\u00e1tor um\u011bl\u00e9 inteligence Pixar?<\/strong><\/h3>\n\n\n\n<p class=\"\">Vzhledem k rostouc\u00ed popt\u00e1vce po vysoce kvalitn\u00edch vizu\u00e1lech v r\u016fzn\u00fdch odv\u011btv\u00edch m\u016f\u017ee bezplatn\u00fd online gener\u00e1tor um\u011bl\u00e9 inteligence Pixar zm\u011bnit pravidla hry. Tento n\u00e1stroj umo\u017e\u0148uje jednotlivc\u016fm vytv\u00e1\u0159et \u00fa\u017easn\u00e9 animace a obr\u00e1zky, ani\u017e by museli m\u00edt rozs\u00e1hl\u00e9 zku\u0161enosti s grafick\u00fdm designem. Nav\u00edc \u0161et\u0159\u00ed \u010das a zdroje, tak\u017ee je atraktivn\u00ed volbou pro zanepr\u00e1zdn\u011bn\u00e9 profesion\u00e1ly a podnikatele.<\/p>\n\n\n\n<h3 class=\"wp-block-heading\" id=\"benefits-of-using-a-free-online-pixar-ai-generator\"><a href=\"https:\/\/dromerosm-groq-llama3.hf.space\/#benefits-of-using-a-free-online-pixar-ai-generator\" target=\"_blank\" rel=\"noopener\"><\/a><strong>V\u00fdhody pou\u017eit\u00ed bezplatn\u00e9ho gener\u00e1toru um\u011bl\u00e9 inteligence Pixar<\/strong><\/h3>\n\n\n\n<p class=\"\">Mezi v\u00fdhody pou\u017eit\u00ed bezplatn\u00e9ho online gener\u00e1toru um\u011bl\u00e9 inteligence Pixar pat\u0159\u00ed:<\/p>\n\n\n\n<ul class=\"wp-block-list\">\n<li class=\"\"><strong>N\u00e1kladov\u011b efektivn\u00ed<\/strong>: Nen\u00ed t\u0159eba utr\u00e1cet pen\u00edze za drah\u00fd software pro grafick\u00fd design ani naj\u00edmat profesion\u00e1ln\u00edho design\u00e9ra.<\/li>\n\n\n\n<li class=\"\"><strong>\u00daspora \u010dasu<\/strong>: Rychle a s minim\u00e1ln\u00edm \u00fasil\u00edm vytv\u00e1\u0159ejte vysoce kvalitn\u00ed vizu\u00e1ly.<\/li>\n\n\n\n<li class=\"\"><strong>P\u0159\u00edstupnost<\/strong>: K pou\u017e\u00edv\u00e1n\u00ed n\u00e1stroje nejsou nutn\u00e9 \u017e\u00e1dn\u00e9 p\u0159edchoz\u00ed zku\u0161enosti s grafick\u00fdm designem.<\/li>\n\n\n\n<li class=\"\"><strong>Flexibilita<\/strong>: Lze je pou\u017e\u00edt k r\u016fzn\u00fdm \u00fa\u010del\u016fm, nap\u0159\u00edklad pro soci\u00e1ln\u00ed m\u00e9dia, reklamu a vzd\u011bl\u00e1v\u00e1n\u00ed.<\/li>\n<\/ul>\n\n\n\n<h3 class=\"wp-block-heading\" id=\"when-to-use-a-free-online-pixar-ai-generator\"><a href=\"https:\/\/dromerosm-groq-llama3.hf.space\/#when-to-use-a-free-online-pixar-ai-generator\" target=\"_blank\" rel=\"noopener\"><\/a><strong>Kdy pou\u017e\u00edt bezplatn\u00fd gener\u00e1tor um\u011bl\u00e9 inteligence Pixar<\/strong><\/h3>\n\n\n\n<p class=\"\">Bezplatn\u00fd online gener\u00e1tor um\u011bl\u00e9 inteligence Pixar lze pou\u017e\u00edt v r\u016fzn\u00fdch sc\u00e9n\u00e1\u0159\u00edch, v\u010detn\u011b:<\/p>\n\n\n\n<ul class=\"wp-block-list\">\n<li class=\"\"><strong>Marketing v soci\u00e1ln\u00edch m\u00e9di\u00edch<\/strong>: Vytv\u00e1\u0159ejte poutav\u00e9 vizu\u00e1ly pro kampan\u011b v soci\u00e1ln\u00edch m\u00e9di\u00edch.<\/li>\n\n\n\n<li class=\"\"><strong>Reklama<\/strong>: Vytv\u00e1\u0159ejte poutav\u00e9 reklamy pro online i offline propaga\u010dn\u00ed akce.<\/li>\n\n\n\n<li class=\"\"><strong>Vzd\u011bl\u00e1v\u00e1n\u00ed<\/strong>: Vyu\u017eijte tento n\u00e1stroj k vytv\u00e1\u0159en\u00ed vzd\u011bl\u00e1vac\u00edch materi\u00e1l\u016f, jako jsou videa a infografiky.<\/li>\n\n\n\n<li class=\"\"><strong>Tvorba obsahu<\/strong>: Vytv\u00e1\u0159ejte vizu\u00e1ly pro p\u0159\u00edsp\u011bvky na blogu, videa a dal\u0161\u00ed online obsah.<\/li>\n<\/ul>\n\n\n\n<h3 class=\"wp-block-heading\" id=\"who-can-benefit-from-a-free-online-pixar-ai-generator\"><a href=\"https:\/\/dromerosm-groq-llama3.hf.space\/#who-can-benefit-from-a-free-online-pixar-ai-generator\" target=\"_blank\" rel=\"noopener\"><\/a><strong>Kdo m\u016f\u017ee vyu\u017e\u00edt bezplatn\u00fd gener\u00e1tor um\u011bl\u00e9 inteligence Pixar?<\/strong><\/h3>\n\n\n\n<p class=\"\">Bezplatn\u00fd online gener\u00e1tor um\u011bl\u00e9 inteligence Pixar mohou vyu\u017e\u00edvat lid\u00e9 z r\u016fzn\u00fdch odv\u011btv\u00ed a profes\u00ed, v\u010detn\u011b:<\/p>\n\n\n\n<ul class=\"wp-block-list\">\n<li class=\"\"><strong>Market\u00e9\u0159i<\/strong>: Vytv\u00e1\u0159ejte poutav\u00e9 vizu\u00e1ly pro soci\u00e1ln\u00ed m\u00e9dia a reklamn\u00ed kampan\u011b.<\/li>\n\n\n\n<li class=\"\"><strong>Pedagogov\u00e9<\/strong>: Vyv\u00edjejte interaktivn\u00ed a poutav\u00e9 vzd\u011bl\u00e1vac\u00ed materi\u00e1ly.<\/li>\n\n\n\n<li class=\"\"><strong>Tv\u016frci obsahu<\/strong>: Vytv\u00e1\u0159ejte vysoce kvalitn\u00ed vizu\u00e1ly pro p\u0159\u00edsp\u011bvky na blogu, videa a dal\u0161\u00ed online obsah.<\/li>\n\n\n\n<li class=\"\"><strong>Podnikatel\u00e9<\/strong>: Pomoc\u00ed tohoto n\u00e1stroje m\u016f\u017eete vytv\u00e1\u0159et \u00fa\u017easn\u00e9 vizu\u00e1ly pro obchodn\u00ed propagaci a reklamu.<\/li>\n<\/ul>\n\n\n\n<h3 class=\"wp-block-heading\" id=\"related-information-and-tools\"><a href=\"https:\/\/dromerosm-groq-llama3.hf.space\/#related-information-and-tools\" target=\"_blank\" rel=\"noopener\"><\/a><strong>Souvisej\u00edc\u00ed informace a n\u00e1stroje<\/strong><\/h3>\n\n\n\n<p class=\"\">Zde je 10 webov\u00fdch str\u00e1nek, kter\u00e9 poskytuj\u00ed informace a n\u00e1stroje souvisej\u00edc\u00ed s Bezplatn\u00e9 online gener\u00e1tory Pixar AI:<\/p>\n\n\n\n<figure class=\"wp-block-table\"><table class=\"has-fixed-layout\"><thead><tr><th>Webov\u00e9 str\u00e1nky<\/th><th>Popis<\/th><\/tr><\/thead><tbody><tr><td><a href=\"https:\/\/aiartfree.online\/cs\/free-online-pixar-ai-generator\/\" target=\"_blank\" rel=\"noreferrer noopener\">aiartfree.online<\/a><\/td><td>Nab\u00edz\u00ed bezplatn\u00fd online gener\u00e1tor Pixar AI s r\u016fzn\u00fdmi \u0161ablonami a vzory.<\/td><\/tr><tr><td><a href=\"https:\/\/pix2pix.io\/\" target=\"_blank\" rel=\"noreferrer noopener nofollow\">pix2pix.io<\/a><\/td><td>Platforma, kter\u00e1 vyu\u017e\u00edv\u00e1 um\u011blou inteligenci ke generov\u00e1n\u00ed obr\u00e1zk\u016f z n\u00e1\u010drt\u016f.<\/td><\/tr><tr><td><a href=\"https:\/\/deepdreamgenerator.com\/\" target=\"_blank\" rel=\"noreferrer noopener nofollow\">deepdreamgenerator.com<\/a><\/td><td>Webov\u00fd n\u00e1stroj, kter\u00fd vyu\u017e\u00edv\u00e1 um\u011blou inteligenci k vytv\u00e1\u0159en\u00ed surrealistick\u00fdch obr\u00e1zk\u016f.<\/td><\/tr><tr><td><a href=\"https:\/\/www.artbreeder.com\/\" target=\"_blank\" rel=\"noreferrer noopener nofollow\">artbreeder.com<\/a><\/td><td>Platforma, kter\u00e1 u\u017eivatel\u016fm umo\u017e\u0148uje vytv\u00e1\u0159et a rozv\u00edjet origin\u00e1ln\u00ed um\u011bleck\u00e1 d\u00edla pomoc\u00ed um\u011bl\u00e9 inteligence.<\/td><\/tr><tr><td><a href=\"https:\/\/ganbreeder.app\/\" target=\"_blank\" rel=\"noreferrer noopener nofollow\">ganbreeder.app<\/a><\/td><td>Webov\u00fd n\u00e1stroj, kter\u00fd vyu\u017e\u00edv\u00e1 um\u011blou inteligenci k vytv\u00e1\u0159en\u00ed um\u011bleck\u00fdch d\u011bl.<\/td><\/tr><tr><td><a href=\"https:\/\/prism.app\/\" target=\"_blank\" rel=\"noreferrer noopener nofollow\">prism.app<\/a><\/td><td>Platforma, kter\u00e1 nab\u00edz\u00ed n\u00e1stroje pro navrhov\u00e1n\u00ed s um\u011blou inteligenc\u00ed, v\u010detn\u011b gener\u00e1toru ve stylu Pixaru.<\/td><\/tr><tr><td><a href=\"https:\/\/adicraft.org\/\" target=\"_blank\" rel=\"noreferrer noopener nofollow\">adicraft.org<\/a><\/td><td>Neziskov\u00e1 organizace, kter\u00e1 poskytuje n\u00e1stroje pro navrhov\u00e1n\u00ed s vyu\u017eit\u00edm um\u011bl\u00e9 inteligence, v\u010detn\u011b gener\u00e1toru ve stylu Pixaru.<\/td><\/tr><tr><td><a href=\"https:\/\/aiartist.io\/\" target=\"_blank\" rel=\"noreferrer noopener nofollow\">aiartist.io<\/a><\/td><td>Platforma, kter\u00e1 nab\u00edz\u00ed n\u00e1stroje pro navrhov\u00e1n\u00ed s um\u011blou inteligenc\u00ed, v\u010detn\u011b gener\u00e1toru ve stylu Pixaru.<\/td><\/tr><tr><td><a href=\"https:\/\/ai-generated-art.org\/\" target=\"_blank\" rel=\"noreferrer noopener nofollow\">_AI-generated-art.org<\/a><\/td><td>Webov\u00e9 str\u00e1nky poskytuj\u00edc\u00ed informace a zdroje o um\u011bn\u00ed vytv\u00e1\u0159en\u00e9m um\u011blou inteligenc\u00ed.<\/td><\/tr><tr><td><a href=\"https:\/\/generative-art.org\/\" target=\"_blank\" rel=\"noreferrer noopener nofollow\">generative-art.org<\/a><\/td><td>Webov\u00e9 str\u00e1nky poskytuj\u00edc\u00ed informace a zdroje o generativn\u00edm um\u011bn\u00ed.<\/td><\/tr><\/tbody><\/table><\/figure>\n\n\n\n<p class=\"\"><strong>V\u00fdhody, nev\u00fdhody, siln\u00e9 a slab\u00e9 str\u00e1nky a doporu\u010den\u00ed<\/strong><\/p>\n\n\n\n<ul class=\"wp-block-list\">\n<li class=\"\"><strong>V\u00fdhody<\/strong>: N\u00e1kladov\u011b efektivn\u00ed, \u010dasov\u011b nen\u00e1ro\u010dn\u00e9, dostupn\u00e9 a flexibiln\u00ed.<\/li>\n\n\n\n<li class=\"\"><strong>Nev\u00fdhody<\/strong>: Omezen\u00e9 mo\u017enosti p\u0159izp\u016fsoben\u00ed, z\u00e1vislost na algoritmech um\u011bl\u00e9 inteligence a potenci\u00e1ln\u00ed probl\u00e9my s kvalitou.<\/li>\n\n\n\n<li class=\"\"><strong>Siln\u00e9 str\u00e1nky<\/strong>: Dok\u00e1\u017ee vytv\u00e1\u0159et vysoce kvalitn\u00ed vizu\u00e1ly, ide\u00e1ln\u00ed pro zanepr\u00e1zdn\u011bn\u00e9 profesion\u00e1ly a podnikatele.<\/li>\n\n\n\n<li class=\"\"><strong>Slab\u00e9 str\u00e1nky<\/strong>: M\u016f\u017ee vy\u017eadovat ur\u010dit\u00e9 znalosti grafick\u00e9ho designu, omezen\u00e1 kontrola v\u00fdstupu.<\/li>\n\n\n\n<li class=\"\"><strong>Doporu\u010den\u00ed<\/strong>: Pou\u017eijte renomovanou online platformu, jako je aiartfree.online, pro vysoce kvalitn\u00ed vizu\u00e1ly ve stylu Pixaru.<\/li>\n<\/ul>\n\n\n\n<h3 class=\"wp-block-heading\" id=\"faqs\"><a href=\"https:\/\/dromerosm-groq-llama3.hf.space\/#faqs\" target=\"_blank\" rel=\"noopener\"><\/a><strong>Nej\u010dast\u011bj\u0161\u00ed dotazy<\/strong><\/h3>\n\n\n\n<ol class=\"wp-block-list\">\n<li class=\"\"><strong>Ot\u00e1zka: Je pou\u017eit\u00ed bezplatn\u00e9ho gener\u00e1toru um\u011bl\u00e9 inteligence Pixar snadn\u00e9?<\/strong>&nbsp;Odpov\u011b\u010f: Ano, v\u011bt\u0161ina online platforem nab\u00edz\u00ed u\u017eivatelsky p\u0159\u00edv\u011btiv\u00e1 rozhran\u00ed, kter\u00e1 vy\u017eaduj\u00ed minim\u00e1ln\u00ed zku\u0161enosti s grafick\u00fdm designem.<\/li>\n\n\n\n<li class=\"\"><strong>Ot\u00e1zka: Mohu si p\u0159izp\u016fsobit v\u00fdstup gener\u00e1toru AI Pixar zdarma?<\/strong>&nbsp;Odpov\u011b\u010f: Ano, v\u011bt\u0161ina platforem nab\u00edz\u00ed mo\u017enosti p\u0159izp\u016fsoben\u00ed, nap\u0159\u00edklad barevn\u00e1 sch\u00e9mata a \u0161ablony.<\/li>\n\n\n\n<li class=\"\"><strong>Ot\u00e1zka: Jsou bezplatn\u00e9 gener\u00e1tory um\u011bl\u00e9 inteligence Pixar ur\u010deny pouze pro profesion\u00e1ly?<\/strong>&nbsp;Odpov\u011b\u010f: Ne, tyto n\u00e1stroje m\u016f\u017ee pou\u017e\u00edvat kdokoli, v\u010detn\u011b jednotlivc\u016f, podnikatel\u016f a pedagog\u016f.<\/li>\n\n\n\n<li class=\"\"><strong>Ot\u00e1zka: Mohu pou\u017e\u00edt bezplatn\u00fd gener\u00e1tor um\u011bl\u00e9 inteligence Pixar pro komer\u010dn\u00ed \u00fa\u010dely?<\/strong>&nbsp;Odpov\u011b\u010f: Ano, v\u011bt\u0161ina platforem umo\u017e\u0148uje komer\u010dn\u00ed vyu\u017eit\u00ed, ale nezapome\u0148te si ov\u011b\u0159it podm\u00ednky.<\/li>\n\n\n\n<li class=\"\"><strong>Ot\u00e1zka: Jak dlouho trv\u00e1 vygenerov\u00e1n\u00ed obr\u00e1zku pomoc\u00ed bezplatn\u00e9ho gener\u00e1toru Pixar AI?<\/strong>&nbsp;Odpov\u011b\u010f: Doba zpracov\u00e1n\u00ed se li\u0161\u00ed v z\u00e1vislosti na platform\u011b a slo\u017eitosti n\u00e1vrhu.<\/li>\n\n\n\n<li class=\"\"><strong>Ot\u00e1zka: Mohu do bezplatn\u00e9ho gener\u00e1toru Pixar AI nahr\u00e1t vlastn\u00ed obr\u00e1zky?<\/strong>&nbsp;Odpov\u011b\u010f: Ano, n\u011bkter\u00e9 platformy umo\u017e\u0148uj\u00ed u\u017eivatel\u016fm nahr\u00e1vat vlastn\u00ed obr\u00e1zky k \u00faprav\u00e1m a vylep\u0161en\u00ed.<\/li>\n\n\n\n<li class=\"\"><strong>Ot\u00e1zka: Jsou bezplatn\u00e9 online gener\u00e1tory um\u011bl\u00e9 inteligence Pixar drah\u00e9?<\/strong>&nbsp;Odpov\u011b\u010f: Ne, v\u011bt\u0161ina platforem nab\u00edz\u00ed bezplatn\u00e9 nebo levn\u00e9 slu\u017eby, n\u011bkter\u00e9 nab\u00edzej\u00ed pr\u00e9miov\u00e9 funkce za poplatek.<\/li>\n\n\n\n<li class=\"\"><strong>Ot\u00e1zka: Mohu pou\u017e\u00edt bezplatn\u00fd online gener\u00e1tor um\u011bl\u00e9 inteligence Pixar pro vzd\u011bl\u00e1vac\u00ed \u00fa\u010dely?<\/strong>&nbsp;Odpov\u011b\u010f: Ano, mnoho platforem nab\u00edz\u00ed vzd\u011bl\u00e1vac\u00ed zdroje a n\u00e1stroje pro studenty a u\u010ditele.<\/li>\n\n\n\n<li class=\"\"><strong>Ot\u00e1zka: Jak funguje bezplatn\u00fd online gener\u00e1tor um\u011bl\u00e9 inteligence Pixar?<\/strong>&nbsp;Odpov\u011b\u010f: Tyto n\u00e1stroje pou\u017e\u00edvaj\u00ed algoritmy strojov\u00e9ho u\u010den\u00ed ke generov\u00e1n\u00ed obr\u00e1zk\u016f na z\u00e1klad\u011b u\u017eivatelsk\u00fdch vstup\u016f a \u0161ablon n\u00e1vrhu.<\/li>\n\n\n\n<li class=\"\"><strong>Ot\u00e1zka: Je bezplatn\u00fd online gener\u00e1tor um\u011bl\u00e9 inteligence Pixar vhodn\u00fd pro marketing na soci\u00e1ln\u00edch s\u00edt\u00edch?<\/strong>&nbsp;Odpov\u011b\u010f: Ano, tyto n\u00e1stroje lze pou\u017e\u00edt k vytv\u00e1\u0159en\u00ed poutav\u00fdch vizu\u00e1l\u016f pro kampan\u011b v soci\u00e1ln\u00edch m\u00e9di\u00edch.<\/li>\n<\/ol>","protected":false},"excerpt":{"rendered":"<p>How to use the Free Pixar AI Generator *&nbsp;Depending on your internet speed, loading the model may take a few seconds.* There will be caching during continuous generation, and the new image will appear after about 3 seconds. Example Input Introduction of Free Pixar AI Generator What is a Free Pixar AI Generator? A Free &#8230; <a title=\"Bezplatn\u00fd gener\u00e1tor um\u011bl\u00e9 inteligence Pixar\" class=\"read-more\" href=\"https:\/\/aiartfree.online\/cs\/generator-pixar-ai-zdarma\/\" aria-label=\"Read more about Free Pixar AI Generator\">\u010c\u00edst d\u00e1l<\/a><\/p>","protected":false},"author":1,"featured_media":0,"parent":0,"menu_order":0,"comment_status":"open","ping_status":"closed","template":"","meta":{"nf_dc_page":"","footnotes":""},"class_list":["post-2853","page","type-page","status-publish"],"jetpack_sharing_enabled":true,"_links":{"self":[{"href":"https:\/\/aiartfree.online\/cs\/wp-json\/wp\/v2\/pages\/2853","targetHints":{"allow":["GET"]}}],"collection":[{"href":"https:\/\/aiartfree.online\/cs\/wp-json\/wp\/v2\/pages"}],"about":[{"href":"https:\/\/aiartfree.online\/cs\/wp-json\/wp\/v2\/types\/page"}],"author":[{"embeddable":true,"href":"https:\/\/aiartfree.online\/cs\/wp-json\/wp\/v2\/users\/1"}],"replies":[{"embeddable":true,"href":"https:\/\/aiartfree.online\/cs\/wp-json\/wp\/v2\/comments?post=2853"}],"version-history":[{"count":0,"href":"https:\/\/aiartfree.online\/cs\/wp-json\/wp\/v2\/pages\/2853\/revisions"}],"wp:attachment":[{"href":"https:\/\/aiartfree.online\/cs\/wp-json\/wp\/v2\/media?parent=2853"}],"curies":[{"name":"wp","href":"https:\/\/api.w.org\/{rel}","templated":true}]}}