{"id":2807,"date":"2022-05-10T20:36:42","date_gmt":"2022-05-10T19:36:42","guid":{"rendered":"https:\/\/gp-inbound.wordifysites.com\/?page_id=82"},"modified":"2024-07-18T10:49:06","modified_gmt":"2024-07-18T10:49:06","slug":"contact-free-ai-art-generator","status":"publish","type":"page","link":"https:\/\/aiartfree.online\/cs\/kontakt-zdarma-ai-art-generator\/","title":{"rendered":"Kontaktujte n\u00e1s"},"content":{"rendered":"<figure class=\"gb-block-image gb-block-image-6abc9adb\"><img data-recalc-dims=\"1\" decoding=\"async\" loading=\"lazy\" width=\"1200\" height=\"675\" class=\"gb-image gb-image-6abc9adb\" src=\"https:\/\/i0.wp.com\/aiartfree.online\/wp-content\/uploads\/2023\/03\/map.jpg?resize=1200%2C675&#038;ssl=1\" alt=\"\" title=\"mapa\" srcset=\"https:\/\/i0.wp.com\/aiartfree.online\/wp-content\/uploads\/2023\/03\/map.jpg?w=1980&amp;ssl=1 1980w, https:\/\/i0.wp.com\/aiartfree.online\/wp-content\/uploads\/2023\/03\/map.jpg?resize=600%2C338&amp;ssl=1 600w, https:\/\/i0.wp.com\/aiartfree.online\/wp-content\/uploads\/2023\/03\/map.jpg?resize=300%2C169&amp;ssl=1 300w, https:\/\/i0.wp.com\/aiartfree.online\/wp-content\/uploads\/2023\/03\/map.jpg?resize=1024%2C576&amp;ssl=1 1024w, https:\/\/i0.wp.com\/aiartfree.online\/wp-content\/uploads\/2023\/03\/map.jpg?resize=768%2C432&amp;ssl=1 768w, https:\/\/i0.wp.com\/aiartfree.online\/wp-content\/uploads\/2023\/03\/map.jpg?resize=1536%2C864&amp;ssl=1 1536w, https:\/\/i0.wp.com\/aiartfree.online\/wp-content\/uploads\/2023\/03\/map.jpg?resize=18%2C10&amp;ssl=1 18w\" sizes=\"auto, (max-width: 1200px) 100vw, 1200px\" \/><\/figure>\n\n\n<section class=\"gb-container gb-container-efcc007f\">\n\n<h2 class=\"gb-headline gb-headline-887ae2d8 gb-headline-text\">Spojte se s n\u00e1mi<\/h2>\n\n\n\n<p class=\"gb-headline gb-headline-c307d429 gb-headline-text\">V\u00edtejte na str\u00e1nk\u00e1ch Free AI Art Generator, kde se hranice kreativity setk\u00e1vaj\u00ed se silou um\u011bl\u00e9 inteligence! \ud83e\udd16<br>S nad\u0161en\u00edm zp\u0159\u00edstup\u0148ujeme pokro\u010dil\u00e9 algoritmy a n\u00e1stroje um\u011bl\u00e9 inteligence v\u0161em a umo\u017e\u0148ujeme um\u011blc\u016fm a tv\u016frc\u016fm vytv\u00e1\u0159et \u00fa\u017easn\u00e9 obr\u00e1zky a um\u011bleck\u00e1 d\u00edla generovan\u00e1 um\u011blou inteligenc\u00ed zdarma. D\u00edky na\u0161\u00ed \u0161pi\u010dkov\u00e9 technologii m\u016f\u017eete prozkoumat sv\u011bt generativn\u00ed um\u011bl\u00e9 inteligence, stabiln\u00ed dif\u00faze a dal\u0161\u00edch technologi\u00ed a popustit uzdu sv\u00e9 fantazii jako nikdy p\u0159edt\u00edm.<\/p>\n\n\n<div class=\"gb-container gb-container-93e859dc\">\n<div class=\"gb-container gb-container-16e44cdc\">\n\n<h2 class=\"gb-headline gb-headline-387184d6 gb-headline-text\">Obra\u0165te se na n\u00e1s pro<\/h2>\n\n\n\n<ul class=\"wp-block-list\">\n<li class=\"\">Obecn\u00e9 dotazy nebo zp\u011btn\u00e1 vazba k na\u0161im um\u011bleck\u00fdm n\u00e1stroj\u016fm a gener\u00e1tor\u016fm poh\u00e1n\u011bn\u00fdm um\u011blou inteligenc\u00ed<\/li>\n\n\n\n<li class=\"\">Mo\u017enosti partnerstv\u00ed nebo spolupr\u00e1ce<\/li>\n\n\n\n<li class=\"\">Technick\u00e1 podpora nebo pomoc p\u0159i vytv\u00e1\u0159en\u00ed um\u011bleck\u00fdch d\u011bl generovan\u00fdch um\u011blou inteligenc\u00ed<\/li>\n\n\n\n<li class=\"\">N\u00e1vrhy nov\u00fdch funkc\u00ed nebo algoritm\u016f AI k integraci<\/li>\n\n\n\n<li class=\"\">Jak\u00e9koli dal\u0161\u00ed dotazy nebo p\u0159ipom\u00ednky<\/li>\n<\/ul>\n\n\n\n<p class=\"gb-headline gb-headline-5b255efd\"><span class=\"gb-icon\"><svg viewbox=\"0 0 368.666 368.666\" xmlns=\"http:\/\/www.w3.org\/2000\/svg\"><path d=\"M184.333 0C102.011 0 35.037 66.974 35.037 149.297c0 33.968 11.132 65.959 32.193 92.515C94.5 276.195 173.8 357.833 177.164 361.291l7.169 7.375 7.17-7.374c3.363-3.459 82.688-85.116 109.963-119.51 21.042-26.534 32.164-58.515 32.164-92.485C333.63 66.974 266.656 0 184.333 0zm101.464 229.355c-21.957 27.687-80.921 89.278-101.463 110.581-20.54-21.302-79.482-82.875-101.434-110.552-18.23-22.984-27.863-50.677-27.863-80.087C55.037 78.002 113.039 20 184.333 20S313.63 78.002 313.63 149.297c0 29.411-9.625 57.095-27.833 80.058z\"><\/path><path d=\"M184.333 59.265c-48.729 0-88.374 39.645-88.374 88.374s39.644 88.374 88.374 88.374 88.374-39.644 88.374-88.374c.001-48.73-39.644-88.374-88.374-88.374zm0 156.748c-37.701 0-68.374-30.672-68.374-68.374s30.672-68.374 68.374-68.374 68.374 30.672 68.374 68.374c.001 37.701-30.673 68.374-68.374 68.374z\"><\/path><path d=\"m180.672 154.314-25.112-19.98-12.453 15.652 40.69 32.371 43.333-53.934-15.593-12.526z\"><\/path><\/svg><\/span><span class=\"gb-headline-text\">12 Princes Street, Edinburgh, EH6 1AL, Velk\u00e1 Brit\u00e1nie<\/span><\/p>\n\n<\/div>\n\n<div class=\"gb-container gb-container-d4701180\">\n\n<h3 class=\"gb-headline gb-headline-8c73a68a gb-headline-text\">Napi\u0161te n\u00e1m mail<\/h3>\n\n\n\n<p class=\"gb-headline gb-headline-b1839c0f gb-headline-text\">Budeme r\u00e1di, kdy\u017e se n\u00e1m ozvete! A\u0165 u\u017e jste um\u011blec, kter\u00fd hled\u00e1 inspiraci, firma, kter\u00e1 hled\u00e1 inovativn\u00ed \u0159e\u0161en\u00ed, nebo v\u00e1s prost\u011b jen fascinuje propojen\u00ed um\u011bn\u00ed a technologie, jsme tu pro v\u00e1s, abychom v\u00e1m naslouchali a pomohli.<\/p>\n\n\n<div class=\"wpforms-container wpforms-container-full wpforms-block wpforms-block-f9bd5ff9-c080-4a61-b9d1-8c53773b3bdc wpforms-render-modern\" id=\"wpforms-2489\"><form id=\"wpforms-form-2489\" class=\"wpforms-validate wpforms-form\" data-formid=\"2489\" method=\"post\" enctype=\"multipart\/form-data\" action=\"\/cs\/wp-json\/wp\/v2\/pages\/2807\" data-token=\"5297f783885c807ff9921114f96bfa8a\" data-token-time=\"1776977575\" data-trp-original-action=\"\/cs\/wp-json\/wp\/v2\/pages\/2807\"><noscript class=\"wpforms-error-noscript\">Chcete-li vyplnit tento formul\u00e1\u0159, pros\u00edm povolte v prohl\u00ed\u017ee\u010di JavaScript.<\/noscript><div id=\"wpforms-error-noscript\" style=\"display: none;\">Chcete-li vyplnit tento formul\u00e1\u0159, pros\u00edm povolte v prohl\u00ed\u017ee\u010di JavaScript.<\/div><div class=\"wpforms-field-container\"><div id=\"wpforms-2489-field_0-container\" class=\"wpforms-field wpforms-field-name\" data-field-id=\"0\"><label class=\"wpforms-field-label\" for=\"wpforms-2489-field_0\">N\u00e1zev <span class=\"wpforms-required-label\" aria-hidden=\"true\">*<\/span><\/label><input type=\"text\" id=\"wpforms-2489-field_0\" class=\"wpforms-field-medium wpforms-field-required\" name=\"wpforms[fields][0]\" aria-errormessage=\"wpforms-2489-field_0-error\" required><\/div><div id=\"wpforms-2489-field_1-container\" class=\"wpforms-field wpforms-field-email\" data-field-id=\"1\"><label class=\"wpforms-field-label\" for=\"wpforms-2489-field_1\">E-mail <span class=\"wpforms-required-label\" aria-hidden=\"true\">*<\/span><\/label><input type=\"email\" id=\"wpforms-2489-field_1\" class=\"wpforms-field-medium wpforms-field-required\" name=\"wpforms[fields][1]\" spellcheck=\"false\" aria-errormessage=\"wpforms-2489-field_1-error\" required><\/div><div id=\"wpforms-2489-field_2-container\" class=\"wpforms-field wpforms-field-textarea\" data-field-id=\"2\"><label class=\"wpforms-field-label\" for=\"wpforms-2489-field_2\">Koment\u00e1\u0159 nebo zpr\u00e1va <span class=\"wpforms-required-label\" aria-hidden=\"true\">*<\/span><\/label><textarea id=\"wpforms-2489-field_2\" class=\"wpforms-field-medium wpforms-field-required\" name=\"wpforms[fields][2]\" aria-errormessage=\"wpforms-2489-field_2-error\" required><\/textarea><\/div><\/div><!-- .wpforms-field-container --><div class=\"wpforms-submit-container\" ><input type=\"hidden\" name=\"wpforms[id]\" value=\"2489\"><input type=\"hidden\" name=\"page_title\" value=\"\"><input type=\"hidden\" name=\"page_url\" value=\"https:\/\/aiartfree.online\/cs\/wp-json\/wp\/v2\/pages\/2807\"><input type=\"hidden\" name=\"url_referer\" value=\"\"><button type=\"submit\" name=\"wpforms[submit]\" id=\"wpforms-submit-2489\" class=\"wpforms-submit\" data-alt-text=\"Sending...\" data-submit-text=\"Submit\" aria-live=\"assertive\" value=\"wpforms-submit\">Odeslat<\/button><\/div><input type=\"hidden\" name=\"trp-form-language\" value=\"cs\"\/><\/form><\/div>  <!-- .wpforms-container -->\n<\/div>\n<\/div>\n\n\n<div style=\"height:40px\" aria-hidden=\"true\" class=\"wp-block-spacer\"><\/div>\n\n\n\n<h2 class=\"gb-headline gb-headline-f952b484 gb-headline-text\"><strong>Pro\u010d zvolit bezplatn\u00fd AI Art Generator?<\/strong><\/h2>\n\n\n\n<p class=\"has-text-align-center\">N\u00e1\u0161 z\u00e1vazek poskytovat bezplatn\u00e9 n\u00e1stroje a gener\u00e1tory um\u011bl\u00e9 inteligence v kombinaci s na\u0161\u00ed v\u00e1\u0161n\u00ed pro inovace a u\u017eivatelsk\u00fd komfort n\u00e1s odli\u0161uje. D\u00edky na\u0161im nejmodern\u011bj\u0161\u00edm algoritm\u016fm um\u011bl\u00e9 inteligence a intuitivn\u00edmu rozhran\u00ed m\u016f\u017eete snadno vytv\u00e1\u0159et \u00fa\u017easn\u00e1 um\u011bleck\u00e1 d\u00edla generovan\u00e1 um\u011blou inteligenc\u00ed, zkoumat pln\u00fd potenci\u00e1l textov\u00fdch n\u00e1pov\u011bd, zv\u011bt\u0161ov\u00e1n\u00ed obr\u00e1zk\u016f a dal\u0161\u00edch mo\u017enost\u00ed.<br><\/p>\n\n\n\n<div style=\"height:40px\" aria-hidden=\"true\" class=\"wp-block-spacer\"><\/div>\n\n\n\n<h2 class=\"gb-headline gb-headline-04a855f0 gb-headline-text\"><strong>Za\u010dn\u011bte tvo\u0159it s bezplatn\u00fdm gener\u00e1torem um\u011bl\u00e9 inteligence je\u0161t\u011b dnes!<\/strong><\/h2>\n\n\n\n<p class=\"has-text-align-center\">Nav\u0161tivte na\u0161i <a href=\"https:\/\/aiartfree.online\/cs\/\" target=\"_blank\" data-type=\"page\" data-id=\"2853\" rel=\"noreferrer noopener\">domovsk\u00e1 str\u00e1nka<\/a> prozkoumejte sv\u011bt bezplatn\u00e9ho generov\u00e1n\u00ed um\u011bl\u00e9 inteligence a objevte nekone\u010dn\u00e9 mo\u017enosti obr\u00e1zk\u016f generovan\u00fdch um\u011blou inteligenc\u00ed, \u017eiv\u00e9 barvy a um\u011bleck\u00e9 vyj\u00e1d\u0159en\u00ed!<\/p>\n\n\n\n<p class=\"has-text-align-center\">Nezapome\u0148te, \u017ee ve Free AI Art Generator se v\u011bnujeme posilov\u00e1n\u00ed kreativity a posouv\u00e1n\u00ed hranic mo\u017enost\u00ed um\u011bleck\u00fdch n\u00e1stroj\u016f s um\u011blou inteligenc\u00ed. Ozv\u011bte se a poj\u010fme spole\u010dn\u011b vytvo\u0159it n\u011bco \u00fa\u017easn\u00e9ho! \ud83c\udfa8<\/p>\n\n\n\n<p class=\"has-text-align-center\">Tento n\u00e1vrh obsahuje po\u017eadovan\u00e1 kl\u00ed\u010dov\u00e1 slova a z\u00e1rove\u0148 zachov\u00e1v\u00e1 p\u0159irozen\u00fd tok a t\u00f3n. Nebojte se jej upravit podle pot\u0159eby tak, aby odpov\u00eddal hlasu a stylu va\u0161\u00ed zna\u010dky. Hodn\u011b \u0161t\u011bst\u00ed s va\u0161imi webov\u00fdmi str\u00e1nkami! \ud83d\ude0a<\/p>\n\n<\/section>\n\n\n<p class=\"\"><\/p>","protected":false},"excerpt":{"rendered":"<p>Get in touch Welcome to Free AI Art Generator, where the boundaries of creativity meet the power of artificial intelligence! \ud83e\udd16We&#8217;re passionate about making advanced AI algorithms and tools accessible to everyone, empowering artists and creatives to generate stunning AI-generated images and artwork for free. With our cutting-edge technology, you can explore the world of &#8230; <a title=\"Kontaktujte n\u00e1s\" class=\"read-more\" href=\"https:\/\/aiartfree.online\/cs\/kontakt-zdarma-ai-art-generator\/\" aria-label=\"Read more about Contact Us\">\u010c\u00edst d\u00e1l<\/a><\/p>","protected":false},"author":1,"featured_media":0,"parent":0,"menu_order":0,"comment_status":"closed","ping_status":"closed","template":"","meta":{"nf_dc_page":"","footnotes":""},"class_list":["post-2807","page","type-page","status-publish"],"jetpack_sharing_enabled":true,"_links":{"self":[{"href":"https:\/\/aiartfree.online\/cs\/wp-json\/wp\/v2\/pages\/2807","targetHints":{"allow":["GET"]}}],"collection":[{"href":"https:\/\/aiartfree.online\/cs\/wp-json\/wp\/v2\/pages"}],"about":[{"href":"https:\/\/aiartfree.online\/cs\/wp-json\/wp\/v2\/types\/page"}],"author":[{"embeddable":true,"href":"https:\/\/aiartfree.online\/cs\/wp-json\/wp\/v2\/users\/1"}],"replies":[{"embeddable":true,"href":"https:\/\/aiartfree.online\/cs\/wp-json\/wp\/v2\/comments?post=2807"}],"version-history":[{"count":0,"href":"https:\/\/aiartfree.online\/cs\/wp-json\/wp\/v2\/pages\/2807\/revisions"}],"wp:attachment":[{"href":"https:\/\/aiartfree.online\/cs\/wp-json\/wp\/v2\/media?parent=2807"}],"curies":[{"name":"wp","href":"https:\/\/api.w.org\/{rel}","templated":true}]}}